{"id":73796,"date":"2025-06-06T01:05:37","date_gmt":"2025-06-06T00:05:37","guid":{"rendered":"https:\/\/truusk.store\/product\/soffbord-set-om-2-vaderbestandigt-balkongbord-av-stal-sidobord-i-geometrisk-design-utomhus-kaffebord-tradgardsbord-terrassbord-for-tradgard-terrass-balkong-svart\/"},"modified":"2026-03-12T08:41:13","modified_gmt":"2026-03-12T07:41:13","slug":"truusk-soffbord-set-om-2-vaderbestandigt-balkongbord-av-stal-sidobord-i-geometrisk-design-utomhus-kaffebord-tradgardsbord","status":"publish","type":"product","link":"https:\/\/truusk.store\/sv\/produkt\/truusk-soffbord-set-om-2-vaderbestandigt-balkongbord-av-stal-sidobord-i-geometrisk-design-utomhus-kaffebord-tradgardsbord\/","title":{"rendered":"TRUUSK Soffbord Set Om 2 &#8211; V\u00e4derbest\u00e4ndigt Balkongbord Av St\u00e5l &#8211; Sidobord I Geometrisk Design &#8211; Utomhus Kaffebord &#8211; Tr\u00e4dg\u00e5rdsbord"},"content":{"rendered":"<p>Forma om ditt vardagsrum med TRUUSK kaffebordssats. Detta set inneh\u00e5ller tv\u00e5 stilfulla, sammanl\u00e4nkade tr\u00e4dg\u00e5rdssidebord som kan anv\u00e4ndas tillsammans f\u00f6r en dynamisk look eller separat f\u00f6r flexibla anv\u00e4ndningsm\u00f6jligheter. Tack vare justerbara fotdynor garanterar utomhussoffborden en stabil uppst\u00e4llning \u00e4ven p\u00e5 oj\u00e4mna underlag, perfekt f\u00f6r alla rum.<\/p>\n<p>Beskrivning:<\/p>\n<ul>\n<li> Tv\u00e5 sammanl\u00e4nkade tr\u00e4dg\u00e5rdsbord m\u00f6jligg\u00f6r en flexibel arrangemang och platsbesparing<\/li>\n<li> Justerbara fotdynor p\u00e5 tr\u00e4dg\u00e5rdsbordet garanterar stabilitet p\u00e5 oj\u00e4mna ytor<\/li>\n<li> Solid st\u00e5lram p\u00e5 balkongbordet b\u00e4r enkelt upp till 30 kg<\/li>\n<li> Geometrisk design ger en touch av chic stil<\/li>\n<li> Montering kr\u00e4vs<\/li>\n<\/ul>\n<p> Tekniska data:<\/p>\n<ul>\n<li> F\u00e4rg: Svart<\/li>\n<li> Material: St\u00e5l<\/li>\n<li> Totala dimensioner: 65L x 45B x 45H cm (stort bord), 65L x 45B x 35H cm (litet bord)<\/li>\n<li> B\u00e4rkapacitet: 30 kg (varje bord)<\/li>\n<\/ul>\n<p>Leveransinneh\u00e5ll:<\/p>\n<ul>\n<li> 2 x soffbord<\/li>\n<li> 1 x bruksanvisning<\/li>\n<\/ul>\n","protected":false},"excerpt":{"rendered":"<p>Forma om ditt vardagsrum med TRUUSK kaffebordssats. Detta set inneh\u00e5ller tv\u00e5 stilfulla, sammanl\u00e4nkade tr\u00e4dg\u00e5rdssidebord som kan anv\u00e4ndas tillsammans f\u00f6r en&#8230;<\/p>\n","protected":false},"featured_media":73787,"template":"","meta":[],"product_brand":[],"product_cat":[871,957,910],"product_tag":[],"class_list":{"0":"post-73796","1":"product","2":"type-product","3":"status-publish","4":"has-post-thumbnail","6":"product_cat-hus-hem","7":"product_cat-sidobord","8":"product_cat-vardagsrum","10":"first","11":"instock","12":"sale","13":"taxable","14":"shipping-taxable","15":"purchasable","16":"product-type-simple"},"yoast_head":"<!-- This site is optimized with the Yoast SEO plugin v25.4 - https:\/\/yoast.com\/wordpress\/plugins\/seo\/ -->\n<title>TRUUSK Soffbord Set Om 2 - V\u00e4derbest\u00e4ndigt Balkongbord Av St\u00e5l - Sidobord I Geometrisk Design - Utomhus Kaffebord - Tr\u00e4dg\u00e5rdsbord - TRUUSK - Hem, Tr\u00e4dg\u00e5rd &amp; Fritid<\/title>\n<meta name=\"robots\" content=\"index, follow, max-snippet:-1, max-image-preview:large, max-video-preview:-1\" \/>\n<link rel=\"canonical\" href=\"https:\/\/truusk.store\/sv\/produkt\/truusk-soffbord-set-om-2-vaderbestandigt-balkongbord-av-stal-sidobord-i-geometrisk-design-utomhus-kaffebord-tradgardsbord\/\" \/>\n<meta property=\"og:locale\" content=\"sv_SE\" \/>\n<meta property=\"og:type\" content=\"article\" \/>\n<meta property=\"og:title\" content=\"TRUUSK Soffbord Set Om 2 - V\u00e4derbest\u00e4ndigt Balkongbord Av St\u00e5l - Sidobord I Geometrisk Design - Utomhus Kaffebord - Tr\u00e4dg\u00e5rdsbord - TRUUSK - Hem, Tr\u00e4dg\u00e5rd &amp; Fritid\" \/>\n<meta property=\"og:description\" content=\"Forma om ditt vardagsrum med TRUUSK kaffebordssats. Detta set inneh\u00e5ller tv\u00e5 stilfulla, sammanl\u00e4nkade tr\u00e4dg\u00e5rdssidebord som kan anv\u00e4ndas tillsammans f\u00f6r en...\" \/>\n<meta property=\"og:url\" content=\"https:\/\/truusk.store\/sv\/produkt\/truusk-soffbord-set-om-2-vaderbestandigt-balkongbord-av-stal-sidobord-i-geometrisk-design-utomhus-kaffebord-tradgardsbord\/\" \/>\n<meta property=\"og:site_name\" content=\"TRUUSK - Hem, Tr\u00e4dg\u00e5rd &amp; Fritid\" \/>\n<meta property=\"article:modified_time\" content=\"2026-03-12T07:41:13+00:00\" \/>\n<meta property=\"og:image\" content=\"https:\/\/i0.wp.com\/truusk.se\/wp-content\/uploads\/2025\/06\/soffbord-set-om-2-vaderbestandigt-balkongbord-av-stal-sidobord-i-geometrisk-design-utomhus-kaffebord-tradgardsbord-terrassbord-for-tradgard-terrass-balkong-svart-1.webp?fit=2000%2C2000&ssl=1\" \/>\n\t<meta property=\"og:image:width\" content=\"2000\" \/>\n\t<meta property=\"og:image:height\" content=\"2000\" \/>\n\t<meta property=\"og:image:type\" content=\"image\/webp\" \/>\n<meta name=\"twitter:card\" content=\"summary_large_image\" \/>\n<meta name=\"twitter:label1\" content=\"Ber\u00e4knad l\u00e4stid\" \/>\n\t<meta name=\"twitter:data1\" content=\"1 minut\" \/>\n<!-- \/ Yoast SEO plugin. -->","yoast_head_json":{"title":"TRUUSK Soffbord Set Om 2 - V\u00e4derbest\u00e4ndigt Balkongbord Av St\u00e5l - Sidobord I Geometrisk Design - Utomhus Kaffebord - Tr\u00e4dg\u00e5rdsbord - TRUUSK - Hem, Tr\u00e4dg\u00e5rd &amp; Fritid","robots":{"index":"index","follow":"follow","max-snippet":"max-snippet:-1","max-image-preview":"max-image-preview:large","max-video-preview":"max-video-preview:-1"},"canonical":"https:\/\/truusk.store\/sv\/produkt\/truusk-soffbord-set-om-2-vaderbestandigt-balkongbord-av-stal-sidobord-i-geometrisk-design-utomhus-kaffebord-tradgardsbord\/","og_locale":"sv_SE","og_type":"article","og_title":"TRUUSK Soffbord Set Om 2 - V\u00e4derbest\u00e4ndigt Balkongbord Av St\u00e5l - Sidobord I Geometrisk Design - Utomhus Kaffebord - Tr\u00e4dg\u00e5rdsbord - TRUUSK - Hem, Tr\u00e4dg\u00e5rd &amp; Fritid","og_description":"Forma om ditt vardagsrum med TRUUSK kaffebordssats. Detta set inneh\u00e5ller tv\u00e5 stilfulla, sammanl\u00e4nkade tr\u00e4dg\u00e5rdssidebord som kan anv\u00e4ndas tillsammans f\u00f6r en...","og_url":"https:\/\/truusk.store\/sv\/produkt\/truusk-soffbord-set-om-2-vaderbestandigt-balkongbord-av-stal-sidobord-i-geometrisk-design-utomhus-kaffebord-tradgardsbord\/","og_site_name":"TRUUSK - Hem, Tr\u00e4dg\u00e5rd &amp; Fritid","article_modified_time":"2026-03-12T07:41:13+00:00","og_image":[{"width":2000,"height":2000,"url":"https:\/\/i0.wp.com\/truusk.se\/wp-content\/uploads\/2025\/06\/soffbord-set-om-2-vaderbestandigt-balkongbord-av-stal-sidobord-i-geometrisk-design-utomhus-kaffebord-tradgardsbord-terrassbord-for-tradgard-terrass-balkong-svart-1.webp?fit=2000%2C2000&ssl=1","type":"image\/webp"}],"twitter_card":"summary_large_image","twitter_misc":{"Ber\u00e4knad l\u00e4stid":"1 minut"},"schema":{"@context":"https:\/\/schema.org","@graph":[{"@type":"WebPage","@id":"https:\/\/truusk.store\/sv\/produkt\/truusk-soffbord-set-om-2-vaderbestandigt-balkongbord-av-stal-sidobord-i-geometrisk-design-utomhus-kaffebord-tradgardsbord\/","url":"https:\/\/truusk.store\/sv\/produkt\/truusk-soffbord-set-om-2-vaderbestandigt-balkongbord-av-stal-sidobord-i-geometrisk-design-utomhus-kaffebord-tradgardsbord\/","name":"TRUUSK Soffbord Set Om 2 - V\u00e4derbest\u00e4ndigt Balkongbord Av St\u00e5l - Sidobord I Geometrisk Design - Utomhus Kaffebord - Tr\u00e4dg\u00e5rdsbord - TRUUSK - Hem, Tr\u00e4dg\u00e5rd &amp; Fritid","isPartOf":{"@id":"https:\/\/truusk.store\/sv\/#website"},"primaryImageOfPage":{"@id":"https:\/\/truusk.store\/sv\/produkt\/truusk-soffbord-set-om-2-vaderbestandigt-balkongbord-av-stal-sidobord-i-geometrisk-design-utomhus-kaffebord-tradgardsbord\/#primaryimage"},"image":{"@id":"https:\/\/truusk.store\/sv\/produkt\/truusk-soffbord-set-om-2-vaderbestandigt-balkongbord-av-stal-sidobord-i-geometrisk-design-utomhus-kaffebord-tradgardsbord\/#primaryimage"},"thumbnailUrl":"https:\/\/i0.wp.com\/truusk.store\/wp-content\/uploads\/2025\/06\/soffbord-set-om-2-vaderbestandigt-balkongbord-av-stal-sidobord-i-geometrisk-design-utomhus-kaffebord-tradgardsbord-terrassbord-for-tradgard-terrass-balkong-svart-1.webp?fit=2000%2C2000&ssl=1","datePublished":"2025-06-06T00:05:37+00:00","dateModified":"2026-03-12T07:41:13+00:00","breadcrumb":{"@id":"https:\/\/truusk.store\/sv\/produkt\/truusk-soffbord-set-om-2-vaderbestandigt-balkongbord-av-stal-sidobord-i-geometrisk-design-utomhus-kaffebord-tradgardsbord\/#breadcrumb"},"inLanguage":"sv-SE","potentialAction":[{"@type":"ReadAction","target":["https:\/\/truusk.store\/sv\/produkt\/truusk-soffbord-set-om-2-vaderbestandigt-balkongbord-av-stal-sidobord-i-geometrisk-design-utomhus-kaffebord-tradgardsbord\/"]}]},{"@type":"ImageObject","inLanguage":"sv-SE","@id":"https:\/\/truusk.store\/sv\/produkt\/truusk-soffbord-set-om-2-vaderbestandigt-balkongbord-av-stal-sidobord-i-geometrisk-design-utomhus-kaffebord-tradgardsbord\/#primaryimage","url":"https:\/\/i0.wp.com\/truusk.store\/wp-content\/uploads\/2025\/06\/soffbord-set-om-2-vaderbestandigt-balkongbord-av-stal-sidobord-i-geometrisk-design-utomhus-kaffebord-tradgardsbord-terrassbord-for-tradgard-terrass-balkong-svart-1.webp?fit=2000%2C2000&ssl=1","contentUrl":"https:\/\/i0.wp.com\/truusk.store\/wp-content\/uploads\/2025\/06\/soffbord-set-om-2-vaderbestandigt-balkongbord-av-stal-sidobord-i-geometrisk-design-utomhus-kaffebord-tradgardsbord-terrassbord-for-tradgard-terrass-balkong-svart-1.webp?fit=2000%2C2000&ssl=1","width":2000,"height":2000},{"@type":"BreadcrumbList","@id":"https:\/\/truusk.store\/sv\/produkt\/truusk-soffbord-set-om-2-vaderbestandigt-balkongbord-av-stal-sidobord-i-geometrisk-design-utomhus-kaffebord-tradgardsbord\/#breadcrumb","itemListElement":[{"@type":"ListItem","position":1,"name":"Home","item":"https:\/\/truusk.store\/sv\/"},{"@type":"ListItem","position":2,"name":"Shop","item":"https:\/\/truusk.store\/shop\/"},{"@type":"ListItem","position":3,"name":"TRUUSK Soffbord Set Om 2 &#8211; V\u00e4derbest\u00e4ndigt Balkongbord Av St\u00e5l &#8211; Sidobord I Geometrisk Design &#8211; Utomhus Kaffebord &#8211; Tr\u00e4dg\u00e5rdsbord"}]},{"@type":"WebSite","@id":"https:\/\/truusk.store\/sv\/#website","url":"https:\/\/truusk.store\/sv\/","name":"TRUUSK - Hem, Tr\u00e4dg\u00e5rd & Fritid","description":"","publisher":{"@id":"https:\/\/truusk.store\/sv\/#organization"},"potentialAction":[{"@type":"SearchAction","target":{"@type":"EntryPoint","urlTemplate":"https:\/\/truusk.store\/sv\/?s={search_term_string}"},"query-input":{"@type":"PropertyValueSpecification","valueRequired":true,"valueName":"search_term_string"}}],"inLanguage":"sv-SE"},{"@type":"Organization","@id":"https:\/\/truusk.store\/sv\/#organization","name":"TRUUSK - Hem, Tr\u00e4dg\u00e5rd & Fritid","url":"https:\/\/truusk.store\/sv\/","logo":{"@type":"ImageObject","inLanguage":"sv-SE","@id":"https:\/\/truusk.store\/sv\/#\/schema\/logo\/image\/","url":"https:\/\/i0.wp.com\/truusk.store\/wp-content\/uploads\/2026\/03\/cropped-TRUUSK.png?fit=2032%2C917&ssl=1","contentUrl":"https:\/\/i0.wp.com\/truusk.store\/wp-content\/uploads\/2026\/03\/cropped-TRUUSK.png?fit=2032%2C917&ssl=1","width":2032,"height":917,"caption":"TRUUSK - Hem, Tr\u00e4dg\u00e5rd & Fritid"},"image":{"@id":"https:\/\/truusk.store\/sv\/#\/schema\/logo\/image\/"}}]}},"jetpack_sharing_enabled":true,"_links":{"self":[{"href":"https:\/\/truusk.store\/sv\/wp-json\/wp\/v2\/product\/73796","targetHints":{"allow":["GET"]}}],"collection":[{"href":"https:\/\/truusk.store\/sv\/wp-json\/wp\/v2\/product"}],"about":[{"href":"https:\/\/truusk.store\/sv\/wp-json\/wp\/v2\/types\/product"}],"wp:featuredmedia":[{"embeddable":true,"href":"https:\/\/truusk.store\/sv\/wp-json\/wp\/v2\/media\/73787"}],"wp:attachment":[{"href":"https:\/\/truusk.store\/sv\/wp-json\/wp\/v2\/media?parent=73796"}],"wp:term":[{"taxonomy":"product_brand","embeddable":true,"href":"https:\/\/truusk.store\/sv\/wp-json\/wp\/v2\/product_brand?post=73796"},{"taxonomy":"product_cat","embeddable":true,"href":"https:\/\/truusk.store\/sv\/wp-json\/wp\/v2\/product_cat?post=73796"},{"taxonomy":"product_tag","embeddable":true,"href":"https:\/\/truusk.store\/sv\/wp-json\/wp\/v2\/product_tag?post=73796"}],"curies":[{"name":"wp","href":"https:\/\/api.w.org\/{rel}","templated":true}]}}