{"id":73819,"date":"2025-06-06T01:08:02","date_gmt":"2025-06-06T00:08:02","guid":{"rendered":"https:\/\/truusk.store\/product\/kaninbur-med-2-nivaer-och-sadeltak-helt-i-tra-vinterbestandig-tvavaningshus-med-frigangshagn-217x53x86-cm-utomhusbur-for-smadjur-som-kaniner-gul\/"},"modified":"2026-03-12T08:42:54","modified_gmt":"2026-03-12T07:42:54","slug":"truusk-kaninbur-med-2-nivaer-och-sadeltak-helt-i-tra-vinterbestandig-tvavaningshus-med-frigangshagn-217x53x86-cm","status":"publish","type":"product","link":"https:\/\/truusk.store\/sv\/produkt\/truusk-kaninbur-med-2-nivaer-och-sadeltak-helt-i-tra-vinterbestandig-tvavaningshus-med-frigangshagn-217x53x86-cm\/","title":{"rendered":"TRUUSK Kaninbur Med 2 Niv\u00e5er och Sadeltak &#8211; Helt i Tr\u00e4 &#8211; Vinterbest\u00e4ndig &#8211; Tv\u00e5v\u00e5ningshus med Frig\u00e5ngsh\u00e4gn &#8211; 217x53x86 cm &#8211;"},"content":{"rendered":"<p>Uppt\u00e4ck TRUUSK vinterfasta utomhuskaninbur, ett rymligt paradis f\u00f6r dina marsvin! Denna vinterfasta utomhuskaninbur inkluderar ett 0,3\u33a1 stort, mysigt huvudhus och en 0,92\u33a1 l\u00f6pbox, perfekt f\u00f6r 2-3 djur. Byggd av robust st\u00e5l och gran med ett asfalttak, skyddar det dina husdjur s\u00e4kert utomhus. De m\u00e5nga d\u00f6rrarna till utomhuskaninburen ger enkel tillg\u00e5ng och plastbrickan g\u00f6r reng\u00f6ringen till en barnlek.<\/p>\n<p>Beskrivning:<\/p>\n<ul>\n<li> Det stora bostadsutrymmet i utomhuskaninburen rymmer bekv\u00e4mt 2-3 sm\u00e5 djur<\/li>\n<li> Tillverkad av st\u00e5l och gran, garanterar h\u00e5llbarhet<\/li>\n<li> Asfalttaket p\u00e5 utomhuskaninburen erbjuder v\u00e4derbest\u00e4ndighet och h\u00e5llbarhet<\/li>\n<li> St\u00e5ll\u00f6pboxen f\u00f6rhindrar tuggning, \u00f6kar husdjurens s\u00e4kerhet<\/li>\n<li> Flera d\u00f6rrar ger bekv\u00e4m tillg\u00e5ng till husdjuren<\/li>\n<li> Plastbrickan i den vinterfasta kaninburen underl\u00e4ttar enkel och snabb reng\u00f6ring<\/li>\n<li> Montering kr\u00e4vs<\/li>\n<\/ul>\n<p> Tekniska data:<\/p>\n<ul>\n<li> F\u00e4rg: Gul+Svart<\/li>\n<li> Material: Gran, St\u00e5l<\/li>\n<li> Totala dimensioner: 217L x 53B x 86H cm<\/li>\n<li> Huvudhus: 71L x 43B x 51H cm, 0,3\u33a1<\/li>\n<li> L\u00f6pbox: 71L x 43B x 29H cm (under huvudhuset), 73L x 43B x 56,5H cm (sida), 0,92\u33a1<\/li>\n<li> Framd\u00f6rr: 32,5B x 26,5H cm<\/li>\n<li> Nedre d\u00f6rr: 32,5B x 25,5H cm<\/li>\n<li> Sidod\u00f6rr: 32,5B x 51,5H cm<\/li>\n<li> Genomg\u00e5ngsd\u00f6rr: 21B x 23H cm<\/li>\n<li> Ramp: 60L x 19,5B cm<\/li>\n<li> Bricka: 67,5L x 41,5B cm<\/li>\n<\/ul>\n<p>Leveransinneh\u00e5ll:<\/p>\n<ul>\n<li> 1 x Kaninbur<\/li>\n<li> 1 x Ramp<\/li>\n<li> 1 x Uttagbar bricka<\/li>\n<li> 1 x Handbok<\/li>\n<\/ul>\n","protected":false},"excerpt":{"rendered":"<p>Uppt\u00e4ck TRUUSK vinterfasta utomhuskaninbur, ett rymligt paradis f\u00f6r dina marsvin! Denna vinterfasta utomhuskaninbur inkluderar ett 0,3\u33a1 stort, mysigt huvudhus och&#8230;<\/p>\n","protected":false},"featured_media":73807,"template":"","meta":[],"product_brand":[],"product_cat":[947,598,597],"product_tag":[],"class_list":{"0":"post-73819","1":"product","2":"type-product","3":"status-publish","4":"has-post-thumbnail","6":"product_cat-djurtillbehor","7":"product_cat-sma-djurstallar","8":"product_cat-sma-djurtillbehor","10":"first","11":"instock","12":"sale","13":"taxable","14":"shipping-taxable","15":"purchasable","16":"product-type-simple"},"yoast_head":"<!-- This site is optimized with the Yoast SEO plugin v25.4 - https:\/\/yoast.com\/wordpress\/plugins\/seo\/ -->\n<title>TRUUSK Kaninbur Med 2 Niv\u00e5er och Sadeltak - Helt i Tr\u00e4 - Vinterbest\u00e4ndig - Tv\u00e5v\u00e5ningshus med Frig\u00e5ngsh\u00e4gn - 217x53x86 cm - TRUUSK - Hem, Tr\u00e4dg\u00e5rd &amp; Fritid<\/title>\n<meta name=\"robots\" content=\"index, follow, max-snippet:-1, max-image-preview:large, max-video-preview:-1\" \/>\n<link rel=\"canonical\" href=\"https:\/\/truusk.store\/sv\/produkt\/truusk-kaninbur-med-2-nivaer-och-sadeltak-helt-i-tra-vinterbestandig-tvavaningshus-med-frigangshagn-217x53x86-cm\/\" \/>\n<meta property=\"og:locale\" content=\"sv_SE\" \/>\n<meta property=\"og:type\" content=\"article\" \/>\n<meta property=\"og:title\" content=\"TRUUSK Kaninbur Med 2 Niv\u00e5er och Sadeltak - Helt i Tr\u00e4 - Vinterbest\u00e4ndig - Tv\u00e5v\u00e5ningshus med Frig\u00e5ngsh\u00e4gn - 217x53x86 cm - TRUUSK - Hem, Tr\u00e4dg\u00e5rd &amp; Fritid\" \/>\n<meta property=\"og:description\" content=\"Uppt\u00e4ck TRUUSK vinterfasta utomhuskaninbur, ett rymligt paradis f\u00f6r dina marsvin! Denna vinterfasta utomhuskaninbur inkluderar ett 0,3\u33a1 stort, mysigt huvudhus och...\" \/>\n<meta property=\"og:url\" content=\"https:\/\/truusk.store\/sv\/produkt\/truusk-kaninbur-med-2-nivaer-och-sadeltak-helt-i-tra-vinterbestandig-tvavaningshus-med-frigangshagn-217x53x86-cm\/\" \/>\n<meta property=\"og:site_name\" content=\"TRUUSK - Hem, Tr\u00e4dg\u00e5rd &amp; Fritid\" \/>\n<meta property=\"article:modified_time\" content=\"2026-03-12T07:42:54+00:00\" \/>\n<meta property=\"og:image\" content=\"https:\/\/i0.wp.com\/truusk.se\/wp-content\/uploads\/2025\/06\/kaninbur-med-2-nivaer-och-sadeltak-helt-i-tra-vinterbestandig-tvavaningshus-med-frigangshagn-217x53x86-cm-utomhusbur-for-smadjur-som-kaniner-gul-1.webp?fit=2000%2C2000&ssl=1\" \/>\n\t<meta property=\"og:image:width\" content=\"2000\" \/>\n\t<meta property=\"og:image:height\" content=\"2000\" \/>\n\t<meta property=\"og:image:type\" content=\"image\/webp\" \/>\n<meta name=\"twitter:card\" content=\"summary_large_image\" \/>\n<meta name=\"twitter:label1\" content=\"Ber\u00e4knad l\u00e4stid\" \/>\n\t<meta name=\"twitter:data1\" content=\"1 minut\" \/>\n<!-- \/ Yoast SEO plugin. -->","yoast_head_json":{"title":"TRUUSK Kaninbur Med 2 Niv\u00e5er och Sadeltak - Helt i Tr\u00e4 - Vinterbest\u00e4ndig - Tv\u00e5v\u00e5ningshus med Frig\u00e5ngsh\u00e4gn - 217x53x86 cm - TRUUSK - Hem, Tr\u00e4dg\u00e5rd &amp; Fritid","robots":{"index":"index","follow":"follow","max-snippet":"max-snippet:-1","max-image-preview":"max-image-preview:large","max-video-preview":"max-video-preview:-1"},"canonical":"https:\/\/truusk.store\/sv\/produkt\/truusk-kaninbur-med-2-nivaer-och-sadeltak-helt-i-tra-vinterbestandig-tvavaningshus-med-frigangshagn-217x53x86-cm\/","og_locale":"sv_SE","og_type":"article","og_title":"TRUUSK Kaninbur Med 2 Niv\u00e5er och Sadeltak - Helt i Tr\u00e4 - Vinterbest\u00e4ndig - Tv\u00e5v\u00e5ningshus med Frig\u00e5ngsh\u00e4gn - 217x53x86 cm - TRUUSK - Hem, Tr\u00e4dg\u00e5rd &amp; Fritid","og_description":"Uppt\u00e4ck TRUUSK vinterfasta utomhuskaninbur, ett rymligt paradis f\u00f6r dina marsvin! Denna vinterfasta utomhuskaninbur inkluderar ett 0,3\u33a1 stort, mysigt huvudhus och...","og_url":"https:\/\/truusk.store\/sv\/produkt\/truusk-kaninbur-med-2-nivaer-och-sadeltak-helt-i-tra-vinterbestandig-tvavaningshus-med-frigangshagn-217x53x86-cm\/","og_site_name":"TRUUSK - Hem, Tr\u00e4dg\u00e5rd &amp; Fritid","article_modified_time":"2026-03-12T07:42:54+00:00","og_image":[{"width":2000,"height":2000,"url":"https:\/\/i0.wp.com\/truusk.se\/wp-content\/uploads\/2025\/06\/kaninbur-med-2-nivaer-och-sadeltak-helt-i-tra-vinterbestandig-tvavaningshus-med-frigangshagn-217x53x86-cm-utomhusbur-for-smadjur-som-kaniner-gul-1.webp?fit=2000%2C2000&ssl=1","type":"image\/webp"}],"twitter_card":"summary_large_image","twitter_misc":{"Ber\u00e4knad l\u00e4stid":"1 minut"},"schema":{"@context":"https:\/\/schema.org","@graph":[{"@type":"WebPage","@id":"https:\/\/truusk.store\/sv\/produkt\/truusk-kaninbur-med-2-nivaer-och-sadeltak-helt-i-tra-vinterbestandig-tvavaningshus-med-frigangshagn-217x53x86-cm\/","url":"https:\/\/truusk.store\/sv\/produkt\/truusk-kaninbur-med-2-nivaer-och-sadeltak-helt-i-tra-vinterbestandig-tvavaningshus-med-frigangshagn-217x53x86-cm\/","name":"TRUUSK Kaninbur Med 2 Niv\u00e5er och Sadeltak - Helt i Tr\u00e4 - Vinterbest\u00e4ndig - Tv\u00e5v\u00e5ningshus med Frig\u00e5ngsh\u00e4gn - 217x53x86 cm - TRUUSK - Hem, Tr\u00e4dg\u00e5rd &amp; Fritid","isPartOf":{"@id":"https:\/\/truusk.store\/sv\/#website"},"primaryImageOfPage":{"@id":"https:\/\/truusk.store\/sv\/produkt\/truusk-kaninbur-med-2-nivaer-och-sadeltak-helt-i-tra-vinterbestandig-tvavaningshus-med-frigangshagn-217x53x86-cm\/#primaryimage"},"image":{"@id":"https:\/\/truusk.store\/sv\/produkt\/truusk-kaninbur-med-2-nivaer-och-sadeltak-helt-i-tra-vinterbestandig-tvavaningshus-med-frigangshagn-217x53x86-cm\/#primaryimage"},"thumbnailUrl":"https:\/\/i0.wp.com\/truusk.store\/wp-content\/uploads\/2025\/06\/kaninbur-med-2-nivaer-och-sadeltak-helt-i-tra-vinterbestandig-tvavaningshus-med-frigangshagn-217x53x86-cm-utomhusbur-for-smadjur-som-kaniner-gul-1.webp?fit=2000%2C2000&ssl=1","datePublished":"2025-06-06T00:08:02+00:00","dateModified":"2026-03-12T07:42:54+00:00","breadcrumb":{"@id":"https:\/\/truusk.store\/sv\/produkt\/truusk-kaninbur-med-2-nivaer-och-sadeltak-helt-i-tra-vinterbestandig-tvavaningshus-med-frigangshagn-217x53x86-cm\/#breadcrumb"},"inLanguage":"sv-SE","potentialAction":[{"@type":"ReadAction","target":["https:\/\/truusk.store\/sv\/produkt\/truusk-kaninbur-med-2-nivaer-och-sadeltak-helt-i-tra-vinterbestandig-tvavaningshus-med-frigangshagn-217x53x86-cm\/"]}]},{"@type":"ImageObject","inLanguage":"sv-SE","@id":"https:\/\/truusk.store\/sv\/produkt\/truusk-kaninbur-med-2-nivaer-och-sadeltak-helt-i-tra-vinterbestandig-tvavaningshus-med-frigangshagn-217x53x86-cm\/#primaryimage","url":"https:\/\/i0.wp.com\/truusk.store\/wp-content\/uploads\/2025\/06\/kaninbur-med-2-nivaer-och-sadeltak-helt-i-tra-vinterbestandig-tvavaningshus-med-frigangshagn-217x53x86-cm-utomhusbur-for-smadjur-som-kaniner-gul-1.webp?fit=2000%2C2000&ssl=1","contentUrl":"https:\/\/i0.wp.com\/truusk.store\/wp-content\/uploads\/2025\/06\/kaninbur-med-2-nivaer-och-sadeltak-helt-i-tra-vinterbestandig-tvavaningshus-med-frigangshagn-217x53x86-cm-utomhusbur-for-smadjur-som-kaniner-gul-1.webp?fit=2000%2C2000&ssl=1","width":2000,"height":2000},{"@type":"BreadcrumbList","@id":"https:\/\/truusk.store\/sv\/produkt\/truusk-kaninbur-med-2-nivaer-och-sadeltak-helt-i-tra-vinterbestandig-tvavaningshus-med-frigangshagn-217x53x86-cm\/#breadcrumb","itemListElement":[{"@type":"ListItem","position":1,"name":"Home","item":"https:\/\/truusk.store\/sv\/"},{"@type":"ListItem","position":2,"name":"Shop","item":"https:\/\/truusk.store\/shop\/"},{"@type":"ListItem","position":3,"name":"TRUUSK Kaninbur Med 2 Niv\u00e5er och Sadeltak &#8211; Helt i Tr\u00e4 &#8211; Vinterbest\u00e4ndig &#8211; Tv\u00e5v\u00e5ningshus med Frig\u00e5ngsh\u00e4gn &#8211; 217x53x86 cm &#8211;"}]},{"@type":"WebSite","@id":"https:\/\/truusk.store\/sv\/#website","url":"https:\/\/truusk.store\/sv\/","name":"TRUUSK - Hem, Tr\u00e4dg\u00e5rd & Fritid","description":"","publisher":{"@id":"https:\/\/truusk.store\/sv\/#organization"},"potentialAction":[{"@type":"SearchAction","target":{"@type":"EntryPoint","urlTemplate":"https:\/\/truusk.store\/sv\/?s={search_term_string}"},"query-input":{"@type":"PropertyValueSpecification","valueRequired":true,"valueName":"search_term_string"}}],"inLanguage":"sv-SE"},{"@type":"Organization","@id":"https:\/\/truusk.store\/sv\/#organization","name":"TRUUSK - Hem, Tr\u00e4dg\u00e5rd & Fritid","url":"https:\/\/truusk.store\/sv\/","logo":{"@type":"ImageObject","inLanguage":"sv-SE","@id":"https:\/\/truusk.store\/sv\/#\/schema\/logo\/image\/","url":"https:\/\/i0.wp.com\/truusk.store\/wp-content\/uploads\/2026\/03\/cropped-TRUUSK.png?fit=2032%2C917&ssl=1","contentUrl":"https:\/\/i0.wp.com\/truusk.store\/wp-content\/uploads\/2026\/03\/cropped-TRUUSK.png?fit=2032%2C917&ssl=1","width":2032,"height":917,"caption":"TRUUSK - Hem, Tr\u00e4dg\u00e5rd & Fritid"},"image":{"@id":"https:\/\/truusk.store\/sv\/#\/schema\/logo\/image\/"}}]}},"jetpack_sharing_enabled":true,"_links":{"self":[{"href":"https:\/\/truusk.store\/sv\/wp-json\/wp\/v2\/product\/73819","targetHints":{"allow":["GET"]}}],"collection":[{"href":"https:\/\/truusk.store\/sv\/wp-json\/wp\/v2\/product"}],"about":[{"href":"https:\/\/truusk.store\/sv\/wp-json\/wp\/v2\/types\/product"}],"wp:featuredmedia":[{"embeddable":true,"href":"https:\/\/truusk.store\/sv\/wp-json\/wp\/v2\/media\/73807"}],"wp:attachment":[{"href":"https:\/\/truusk.store\/sv\/wp-json\/wp\/v2\/media?parent=73819"}],"wp:term":[{"taxonomy":"product_brand","embeddable":true,"href":"https:\/\/truusk.store\/sv\/wp-json\/wp\/v2\/product_brand?post=73819"},{"taxonomy":"product_cat","embeddable":true,"href":"https:\/\/truusk.store\/sv\/wp-json\/wp\/v2\/product_cat?post=73819"},{"taxonomy":"product_tag","embeddable":true,"href":"https:\/\/truusk.store\/sv\/wp-json\/wp\/v2\/product_tag?post=73819"}],"curies":[{"name":"wp","href":"https:\/\/api.w.org\/{rel}","templated":true}]}}