{"id":73826,"date":"2025-06-06T01:08:38","date_gmt":"2025-06-06T00:08:38","guid":{"rendered":"https:\/\/truusk.store\/product\/sportnow-basketkorg-med-stallning-pa-hjul-146-236-cm-justerbar-hojd-basketstallning-med-71x45cm-bakvagg-barbar-korgsystem-for-ungdomar-vuxna-basketanlaggning-for-inomhus-utomhus\/"},"modified":"2026-03-12T08:41:00","modified_gmt":"2026-03-12T07:41:00","slug":"truusk-basketkorg-med-hjul-justerbar-hojd-146-236-cm-barbar-korgsystem-for-ungdomar-och-vuxna-inomhus-utomhus","status":"publish","type":"product","link":"https:\/\/truusk.store\/sv\/produkt\/truusk-basketkorg-med-hjul-justerbar-hojd-146-236-cm-barbar-korgsystem-for-ungdomar-och-vuxna-inomhus-utomhus\/","title":{"rendered":"TRUUSK Basketkorg med Hjul &#8211; Justerbar H\u00f6jd 146-236 cm &#8211; B\u00e4rbar Korgsystem &#8211; F\u00f6r Ungdomar och Vuxna &#8211; Inomhus\/Utomhus"},"content":{"rendered":"<p>Upplev den justerbara SPORTNOW basketkorgen med stativ, perfekt f\u00f6r flexibel spelgl\u00e4dje! Justera enkelt korgens h\u00f6jd p\u00e5 basketstativet fr\u00e5n 146 till 236 cm och s\u00e4kra den snabbt med s\u00e4kerhetsl\u00e5set. Basketstativets stabila bas kan fyllas med 30 kg vatten eller 35 kg sand och garanterar en fast st\u00e5ndpunkt. Tack vare de praktiska hjulen \u00e4r det l\u00e4tt att flytta och perfekt f\u00f6r stora och sm\u00e5 basketfans!<\/p>\n<p>Beskrivning:<\/p>\n<ul>\n<li> H\u00f6jden p\u00e5 basketstativet kan justeras fr\u00e5n 146-236 cm. Snabbl\u00e5sning f\u00f6r enkel justering<\/li>\n<li> Basen f\u00f6r basketkorgen rymmer 30 kg vatten eller 35 kg sand och inkluderar en bollh\u00e5llare<\/li>\n<li> Hjulen p\u00e5 basketkorgen garanterar enkel f\u00f6rflyttning<\/li>\n<li> Splitters\u00e4kert br\u00e4de och rundade, st\u00f6td\u00e4mpande kanter \u00f6kar s\u00e4kerheten<\/li>\n<li> Fyrkantiga r\u00f6r och en triangul\u00e4r struktur erbjuder \u00f6kad stabilitet<\/li>\n<\/ul>\n<p> Tekniska data:<\/p>\n<ul>\n<li> F\u00e4rg: Svart<\/li>\n<li> Material: St\u00e5l, plast<\/li>\n<li> Bakv\u00e4ggsstorlek: 71B x 45H cm<\/li>\n<li> Total h\u00f6jd: 180-270H cm<\/li>\n<li> Basstorlek: 74,5L x 55,5B x 11,7H cm<\/li>\n<li> Korgstorlek: \u00d839 cm<\/li>\n<li> Korgens h\u00f6jd: 146-236 cm<\/li>\n<\/ul>\n<p>Leveransinneh\u00e5ll:<\/p>\n<ul>\n<li> 1 x Basketkorg<\/li>\n<li> 1 x Bruksanvisning<\/li>\n<\/ul>\n","protected":false},"excerpt":{"rendered":"<p>Upplev den justerbara SPORTNOW basketkorgen med stativ, perfekt f\u00f6r flexibel spelgl\u00e4dje! Justera enkelt korgens h\u00f6jd p\u00e5 basketstativet fr\u00e5n 146 till&#8230;<\/p>\n","protected":false},"featured_media":73814,"template":"","meta":[],"product_brand":[],"product_cat":[880,939,953,616],"product_tag":[],"class_list":{"0":"post-73826","1":"product","2":"type-product","3":"status-publish","4":"has-post-thumbnail","6":"product_cat-baby-barn-2","7":"product_cat-barnsport","8":"product_cat-basketballstander","9":"product_cat-utomhusleksaker","11":"first","12":"instock","13":"sale","14":"taxable","15":"shipping-taxable","16":"purchasable","17":"product-type-simple"},"yoast_head":"<!-- This site is optimized with the Yoast SEO plugin v25.4 - https:\/\/yoast.com\/wordpress\/plugins\/seo\/ -->\n<title>TRUUSK Basketkorg med Hjul - Justerbar H\u00f6jd 146-236 cm - B\u00e4rbar Korgsystem - F\u00f6r Ungdomar och Vuxna - Inomhus\/Utomhus - TRUUSK - Hem, Tr\u00e4dg\u00e5rd &amp; Fritid<\/title>\n<meta name=\"robots\" content=\"index, follow, max-snippet:-1, max-image-preview:large, max-video-preview:-1\" \/>\n<link rel=\"canonical\" href=\"https:\/\/truusk.store\/sv\/produkt\/truusk-basketkorg-med-hjul-justerbar-hojd-146-236-cm-barbar-korgsystem-for-ungdomar-och-vuxna-inomhus-utomhus\/\" \/>\n<meta property=\"og:locale\" content=\"sv_SE\" \/>\n<meta property=\"og:type\" content=\"article\" \/>\n<meta property=\"og:title\" content=\"TRUUSK Basketkorg med Hjul - Justerbar H\u00f6jd 146-236 cm - B\u00e4rbar Korgsystem - F\u00f6r Ungdomar och Vuxna - Inomhus\/Utomhus - TRUUSK - Hem, Tr\u00e4dg\u00e5rd &amp; Fritid\" \/>\n<meta property=\"og:description\" content=\"Upplev den justerbara SPORTNOW basketkorgen med stativ, perfekt f\u00f6r flexibel spelgl\u00e4dje! Justera enkelt korgens h\u00f6jd p\u00e5 basketstativet fr\u00e5n 146 till...\" \/>\n<meta property=\"og:url\" content=\"https:\/\/truusk.store\/sv\/produkt\/truusk-basketkorg-med-hjul-justerbar-hojd-146-236-cm-barbar-korgsystem-for-ungdomar-och-vuxna-inomhus-utomhus\/\" \/>\n<meta property=\"og:site_name\" content=\"TRUUSK - Hem, Tr\u00e4dg\u00e5rd &amp; Fritid\" \/>\n<meta property=\"article:modified_time\" content=\"2026-03-12T07:41:00+00:00\" \/>\n<meta property=\"og:image\" content=\"https:\/\/i0.wp.com\/truusk.se\/wp-content\/uploads\/2025\/06\/sportnow-basketkorg-med-stallning-pa-hjul-146-236-cm-justerbar-hojd-basketstallning-med-71x45cm-bakvagg-barbar-korgsystem-for-ungdomar-vuxna-basketanlaggning-for-inomhus-utomhus-1.webp?fit=2000%2C2000&ssl=1\" \/>\n\t<meta property=\"og:image:width\" content=\"2000\" \/>\n\t<meta property=\"og:image:height\" content=\"2000\" \/>\n\t<meta property=\"og:image:type\" content=\"image\/webp\" \/>\n<meta name=\"twitter:card\" content=\"summary_large_image\" \/>\n<meta name=\"twitter:label1\" content=\"Ber\u00e4knad l\u00e4stid\" \/>\n\t<meta name=\"twitter:data1\" content=\"1 minut\" \/>\n<!-- \/ Yoast SEO plugin. -->","yoast_head_json":{"title":"TRUUSK Basketkorg med Hjul - Justerbar H\u00f6jd 146-236 cm - B\u00e4rbar Korgsystem - F\u00f6r Ungdomar och Vuxna - Inomhus\/Utomhus - TRUUSK - Hem, Tr\u00e4dg\u00e5rd &amp; Fritid","robots":{"index":"index","follow":"follow","max-snippet":"max-snippet:-1","max-image-preview":"max-image-preview:large","max-video-preview":"max-video-preview:-1"},"canonical":"https:\/\/truusk.store\/sv\/produkt\/truusk-basketkorg-med-hjul-justerbar-hojd-146-236-cm-barbar-korgsystem-for-ungdomar-och-vuxna-inomhus-utomhus\/","og_locale":"sv_SE","og_type":"article","og_title":"TRUUSK Basketkorg med Hjul - Justerbar H\u00f6jd 146-236 cm - B\u00e4rbar Korgsystem - F\u00f6r Ungdomar och Vuxna - Inomhus\/Utomhus - TRUUSK - Hem, Tr\u00e4dg\u00e5rd &amp; Fritid","og_description":"Upplev den justerbara SPORTNOW basketkorgen med stativ, perfekt f\u00f6r flexibel spelgl\u00e4dje! Justera enkelt korgens h\u00f6jd p\u00e5 basketstativet fr\u00e5n 146 till...","og_url":"https:\/\/truusk.store\/sv\/produkt\/truusk-basketkorg-med-hjul-justerbar-hojd-146-236-cm-barbar-korgsystem-for-ungdomar-och-vuxna-inomhus-utomhus\/","og_site_name":"TRUUSK - Hem, Tr\u00e4dg\u00e5rd &amp; Fritid","article_modified_time":"2026-03-12T07:41:00+00:00","og_image":[{"width":2000,"height":2000,"url":"https:\/\/i0.wp.com\/truusk.se\/wp-content\/uploads\/2025\/06\/sportnow-basketkorg-med-stallning-pa-hjul-146-236-cm-justerbar-hojd-basketstallning-med-71x45cm-bakvagg-barbar-korgsystem-for-ungdomar-vuxna-basketanlaggning-for-inomhus-utomhus-1.webp?fit=2000%2C2000&ssl=1","type":"image\/webp"}],"twitter_card":"summary_large_image","twitter_misc":{"Ber\u00e4knad l\u00e4stid":"1 minut"},"schema":{"@context":"https:\/\/schema.org","@graph":[{"@type":"WebPage","@id":"https:\/\/truusk.store\/sv\/produkt\/truusk-basketkorg-med-hjul-justerbar-hojd-146-236-cm-barbar-korgsystem-for-ungdomar-och-vuxna-inomhus-utomhus\/","url":"https:\/\/truusk.store\/sv\/produkt\/truusk-basketkorg-med-hjul-justerbar-hojd-146-236-cm-barbar-korgsystem-for-ungdomar-och-vuxna-inomhus-utomhus\/","name":"TRUUSK Basketkorg med Hjul - Justerbar H\u00f6jd 146-236 cm - B\u00e4rbar Korgsystem - F\u00f6r Ungdomar och Vuxna - Inomhus\/Utomhus - TRUUSK - Hem, Tr\u00e4dg\u00e5rd &amp; Fritid","isPartOf":{"@id":"https:\/\/truusk.store\/sv\/#website"},"primaryImageOfPage":{"@id":"https:\/\/truusk.store\/sv\/produkt\/truusk-basketkorg-med-hjul-justerbar-hojd-146-236-cm-barbar-korgsystem-for-ungdomar-och-vuxna-inomhus-utomhus\/#primaryimage"},"image":{"@id":"https:\/\/truusk.store\/sv\/produkt\/truusk-basketkorg-med-hjul-justerbar-hojd-146-236-cm-barbar-korgsystem-for-ungdomar-och-vuxna-inomhus-utomhus\/#primaryimage"},"thumbnailUrl":"https:\/\/i0.wp.com\/truusk.store\/wp-content\/uploads\/2025\/06\/sportnow-basketkorg-med-stallning-pa-hjul-146-236-cm-justerbar-hojd-basketstallning-med-71x45cm-bakvagg-barbar-korgsystem-for-ungdomar-vuxna-basketanlaggning-for-inomhus-utomhus-1.webp?fit=2000%2C2000&ssl=1","datePublished":"2025-06-06T00:08:38+00:00","dateModified":"2026-03-12T07:41:00+00:00","breadcrumb":{"@id":"https:\/\/truusk.store\/sv\/produkt\/truusk-basketkorg-med-hjul-justerbar-hojd-146-236-cm-barbar-korgsystem-for-ungdomar-och-vuxna-inomhus-utomhus\/#breadcrumb"},"inLanguage":"sv-SE","potentialAction":[{"@type":"ReadAction","target":["https:\/\/truusk.store\/sv\/produkt\/truusk-basketkorg-med-hjul-justerbar-hojd-146-236-cm-barbar-korgsystem-for-ungdomar-och-vuxna-inomhus-utomhus\/"]}]},{"@type":"ImageObject","inLanguage":"sv-SE","@id":"https:\/\/truusk.store\/sv\/produkt\/truusk-basketkorg-med-hjul-justerbar-hojd-146-236-cm-barbar-korgsystem-for-ungdomar-och-vuxna-inomhus-utomhus\/#primaryimage","url":"https:\/\/i0.wp.com\/truusk.store\/wp-content\/uploads\/2025\/06\/sportnow-basketkorg-med-stallning-pa-hjul-146-236-cm-justerbar-hojd-basketstallning-med-71x45cm-bakvagg-barbar-korgsystem-for-ungdomar-vuxna-basketanlaggning-for-inomhus-utomhus-1.webp?fit=2000%2C2000&ssl=1","contentUrl":"https:\/\/i0.wp.com\/truusk.store\/wp-content\/uploads\/2025\/06\/sportnow-basketkorg-med-stallning-pa-hjul-146-236-cm-justerbar-hojd-basketstallning-med-71x45cm-bakvagg-barbar-korgsystem-for-ungdomar-vuxna-basketanlaggning-for-inomhus-utomhus-1.webp?fit=2000%2C2000&ssl=1","width":2000,"height":2000},{"@type":"BreadcrumbList","@id":"https:\/\/truusk.store\/sv\/produkt\/truusk-basketkorg-med-hjul-justerbar-hojd-146-236-cm-barbar-korgsystem-for-ungdomar-och-vuxna-inomhus-utomhus\/#breadcrumb","itemListElement":[{"@type":"ListItem","position":1,"name":"Home","item":"https:\/\/truusk.store\/sv\/"},{"@type":"ListItem","position":2,"name":"Shop","item":"https:\/\/truusk.store\/shop\/"},{"@type":"ListItem","position":3,"name":"TRUUSK Basketkorg med Hjul &#8211; Justerbar H\u00f6jd 146-236 cm &#8211; B\u00e4rbar Korgsystem &#8211; F\u00f6r Ungdomar och Vuxna &#8211; Inomhus\/Utomhus"}]},{"@type":"WebSite","@id":"https:\/\/truusk.store\/sv\/#website","url":"https:\/\/truusk.store\/sv\/","name":"TRUUSK - Hem, Tr\u00e4dg\u00e5rd & Fritid","description":"","publisher":{"@id":"https:\/\/truusk.store\/sv\/#organization"},"potentialAction":[{"@type":"SearchAction","target":{"@type":"EntryPoint","urlTemplate":"https:\/\/truusk.store\/sv\/?s={search_term_string}"},"query-input":{"@type":"PropertyValueSpecification","valueRequired":true,"valueName":"search_term_string"}}],"inLanguage":"sv-SE"},{"@type":"Organization","@id":"https:\/\/truusk.store\/sv\/#organization","name":"TRUUSK - Hem, Tr\u00e4dg\u00e5rd & Fritid","url":"https:\/\/truusk.store\/sv\/","logo":{"@type":"ImageObject","inLanguage":"sv-SE","@id":"https:\/\/truusk.store\/sv\/#\/schema\/logo\/image\/","url":"https:\/\/i0.wp.com\/truusk.store\/wp-content\/uploads\/2026\/03\/cropped-TRUUSK.png?fit=2032%2C917&ssl=1","contentUrl":"https:\/\/i0.wp.com\/truusk.store\/wp-content\/uploads\/2026\/03\/cropped-TRUUSK.png?fit=2032%2C917&ssl=1","width":2032,"height":917,"caption":"TRUUSK - Hem, Tr\u00e4dg\u00e5rd & Fritid"},"image":{"@id":"https:\/\/truusk.store\/sv\/#\/schema\/logo\/image\/"}}]}},"jetpack_sharing_enabled":true,"_links":{"self":[{"href":"https:\/\/truusk.store\/sv\/wp-json\/wp\/v2\/product\/73826","targetHints":{"allow":["GET"]}}],"collection":[{"href":"https:\/\/truusk.store\/sv\/wp-json\/wp\/v2\/product"}],"about":[{"href":"https:\/\/truusk.store\/sv\/wp-json\/wp\/v2\/types\/product"}],"wp:featuredmedia":[{"embeddable":true,"href":"https:\/\/truusk.store\/sv\/wp-json\/wp\/v2\/media\/73814"}],"wp:attachment":[{"href":"https:\/\/truusk.store\/sv\/wp-json\/wp\/v2\/media?parent=73826"}],"wp:term":[{"taxonomy":"product_brand","embeddable":true,"href":"https:\/\/truusk.store\/sv\/wp-json\/wp\/v2\/product_brand?post=73826"},{"taxonomy":"product_cat","embeddable":true,"href":"https:\/\/truusk.store\/sv\/wp-json\/wp\/v2\/product_cat?post=73826"},{"taxonomy":"product_tag","embeddable":true,"href":"https:\/\/truusk.store\/sv\/wp-json\/wp\/v2\/product_tag?post=73826"}],"curies":[{"name":"wp","href":"https:\/\/api.w.org\/{rel}","templated":true}]}}