{"id":73836,"date":"2025-06-06T01:09:42","date_gmt":"2025-06-06T00:09:42","guid":{"rendered":"https:\/\/truusk.store\/product\/kladstallning-med-kladstang-skohylla-hylla-garderob-av-bambu-for-sovrum-utstallningar-tvattstuga-tvattstuga-naturligt-tra\/"},"modified":"2026-03-12T09:18:24","modified_gmt":"2026-03-12T08:18:24","slug":"truusk-kladstallning-av-bambu-kladstang-skohylla-hylla-for-sovrum-utstallningar-tvattstuga-naturligt-tra","status":"publish","type":"product","link":"https:\/\/truusk.store\/sv\/produkt\/truusk-kladstallning-av-bambu-kladstang-skohylla-hylla-for-sovrum-utstallningar-tvattstuga-naturligt-tra\/","title":{"rendered":"TRUUSK Kl\u00e4dst\u00e4llning av Bambu &#8211; Kl\u00e4dst\u00e5ng, Skohylla, Hylla &#8211; F\u00f6r Sovrum, Utst\u00e4llningar, Tv\u00e4ttstuga &#8211; Naturligt Tr\u00e4"},"content":{"rendered":"<p>Ett oumb\u00e4rligt sovrumsm\u00f6bel i klassisk design: bambukl\u00e4dst\u00e4llningen fr\u00e5n TRUUSK. Tillverkad av stabilt tr\u00e4, har jackst\u00e4llet en kl\u00e4dst\u00e5ng, fyra sidohyllor och ett \u00f6vre fack, vilket ger gott om plats f\u00f6r olika kl\u00e4desplagg, oavsett om de h\u00e4ngs upp eller viks. Den kompakta, kubiska formen p\u00e5 tr\u00e4kl\u00e4dst\u00e4llet \u00e4r idealisk f\u00f6r mindre utrymmen &#8211; perfekt f\u00f6r g\u00e4strum och mer.<\/p>\n<p>Beskrivning:<\/p>\n<ul>\n<li> Bambustrukturen p\u00e5 kl\u00e4dst\u00e4llet \u00e4r robust. Naturlig med en poleringsbel\u00e4ggning<\/li>\n<li> Anti-tip-remmar ing\u00e5r: s\u00e4ker f\u00f6r anv\u00e4ndning i familjehem<\/li>\n<li> Kl\u00e4dst\u00e4llet har en 56 cm l\u00e5ng kl\u00e4dst\u00e5ng, fyra sidohyllor och ett \u00f6versta hylla<\/li>\n<li> Den lilla nedre \u00f6ppningen p\u00e5 kl\u00e4dst\u00e4llet kan rymma skor<\/li>\n<li> Maximal belastning: 30 kg, montering kr\u00e4vs<\/li>\n<\/ul>\n<p> Tekniska data:<\/p>\n<ul>\n<li> F\u00e4rg: Naturtr\u00e4<\/li>\n<li> Material: Bambu<\/li>\n<li> Totala dimensioner: 90L x 30B x 145H cm<\/li>\n<li> Hyllstorlek: (fr\u00e5n topp till botten) 90L x 30B cm, 30L x 30B cm (varje v\u00e4nster sidohylla), 56L x 30B cm<\/li>\n<li> Storlek p\u00e5 kl\u00e4dst\u00e5ngen: \u00d82 x 56L cm<\/li>\n<li> Max belastning: 30 kg (totalt), 5 kg (per hylla, kl\u00e4dst\u00e5ng)<\/li>\n<\/ul>\n<p>Leverans inneh\u00e5ller:<\/p>\n<ul>\n<li> 1 x kl\u00e4dst\u00e5ng<\/li>\n<li> 1 x bruksanvisning<\/li>\n<\/ul>\n","protected":false},"excerpt":{"rendered":"<p>Ett oumb\u00e4rligt sovrumsm\u00f6bel i klassisk design: bambukl\u00e4dst\u00e4llningen fr\u00e5n TRUUSK. Tillverkad av stabilt tr\u00e4, har jackst\u00e4llet en kl\u00e4dst\u00e5ng, fyra sidohyllor och&#8230;<\/p>\n","protected":false},"featured_media":73827,"template":"","meta":[],"product_brand":[],"product_cat":[893,871,560],"product_tag":[],"class_list":{"0":"post-73836","1":"product","2":"type-product","3":"status-publish","4":"has-post-thumbnail","6":"product_cat-garderob-hall","7":"product_cat-hus-hem","8":"product_cat-kladhangare","10":"first","11":"instock","12":"sale","13":"taxable","14":"shipping-taxable","15":"purchasable","16":"product-type-simple"},"yoast_head":"<!-- This site is optimized with the Yoast SEO plugin v25.4 - https:\/\/yoast.com\/wordpress\/plugins\/seo\/ -->\n<title>TRUUSK Kl\u00e4dst\u00e4llning av Bambu - Kl\u00e4dst\u00e5ng, Skohylla, Hylla - F\u00f6r Sovrum, Utst\u00e4llningar, Tv\u00e4ttstuga - Naturligt Tr\u00e4 - TRUUSK - Hem, Tr\u00e4dg\u00e5rd &amp; Fritid<\/title>\n<meta name=\"robots\" content=\"index, follow, max-snippet:-1, max-image-preview:large, max-video-preview:-1\" \/>\n<link rel=\"canonical\" href=\"https:\/\/truusk.store\/sv\/produkt\/truusk-kladstallning-av-bambu-kladstang-skohylla-hylla-for-sovrum-utstallningar-tvattstuga-naturligt-tra\/\" \/>\n<meta property=\"og:locale\" content=\"sv_SE\" \/>\n<meta property=\"og:type\" content=\"article\" \/>\n<meta property=\"og:title\" content=\"TRUUSK Kl\u00e4dst\u00e4llning av Bambu - Kl\u00e4dst\u00e5ng, Skohylla, Hylla - F\u00f6r Sovrum, Utst\u00e4llningar, Tv\u00e4ttstuga - Naturligt Tr\u00e4 - TRUUSK - Hem, Tr\u00e4dg\u00e5rd &amp; Fritid\" \/>\n<meta property=\"og:description\" content=\"Ett oumb\u00e4rligt sovrumsm\u00f6bel i klassisk design: bambukl\u00e4dst\u00e4llningen fr\u00e5n TRUUSK. Tillverkad av stabilt tr\u00e4, har jackst\u00e4llet en kl\u00e4dst\u00e5ng, fyra sidohyllor och...\" \/>\n<meta property=\"og:url\" content=\"https:\/\/truusk.store\/sv\/produkt\/truusk-kladstallning-av-bambu-kladstang-skohylla-hylla-for-sovrum-utstallningar-tvattstuga-naturligt-tra\/\" \/>\n<meta property=\"og:site_name\" content=\"TRUUSK - Hem, Tr\u00e4dg\u00e5rd &amp; Fritid\" \/>\n<meta property=\"article:modified_time\" content=\"2026-03-12T08:18:24+00:00\" \/>\n<meta property=\"og:image\" content=\"https:\/\/i0.wp.com\/truusk.se\/wp-content\/uploads\/2025\/06\/kladstallning-med-kladstang-skohylla-hylla-garderob-av-bambu-for-sovrum-utstallningar-tvattstuga-tvattstuga-naturligt-tra-1.webp?fit=2000%2C2000&ssl=1\" \/>\n\t<meta property=\"og:image:width\" content=\"2000\" \/>\n\t<meta property=\"og:image:height\" content=\"2000\" \/>\n\t<meta property=\"og:image:type\" content=\"image\/webp\" \/>\n<meta name=\"twitter:card\" content=\"summary_large_image\" \/>\n<meta name=\"twitter:label1\" content=\"Ber\u00e4knad l\u00e4stid\" \/>\n\t<meta name=\"twitter:data1\" content=\"1 minut\" \/>\n<!-- \/ Yoast SEO plugin. -->","yoast_head_json":{"title":"TRUUSK Kl\u00e4dst\u00e4llning av Bambu - Kl\u00e4dst\u00e5ng, Skohylla, Hylla - F\u00f6r Sovrum, Utst\u00e4llningar, Tv\u00e4ttstuga - Naturligt Tr\u00e4 - TRUUSK - Hem, Tr\u00e4dg\u00e5rd &amp; Fritid","robots":{"index":"index","follow":"follow","max-snippet":"max-snippet:-1","max-image-preview":"max-image-preview:large","max-video-preview":"max-video-preview:-1"},"canonical":"https:\/\/truusk.store\/sv\/produkt\/truusk-kladstallning-av-bambu-kladstang-skohylla-hylla-for-sovrum-utstallningar-tvattstuga-naturligt-tra\/","og_locale":"sv_SE","og_type":"article","og_title":"TRUUSK Kl\u00e4dst\u00e4llning av Bambu - Kl\u00e4dst\u00e5ng, Skohylla, Hylla - F\u00f6r Sovrum, Utst\u00e4llningar, Tv\u00e4ttstuga - Naturligt Tr\u00e4 - TRUUSK - Hem, Tr\u00e4dg\u00e5rd &amp; Fritid","og_description":"Ett oumb\u00e4rligt sovrumsm\u00f6bel i klassisk design: bambukl\u00e4dst\u00e4llningen fr\u00e5n TRUUSK. Tillverkad av stabilt tr\u00e4, har jackst\u00e4llet en kl\u00e4dst\u00e5ng, fyra sidohyllor och...","og_url":"https:\/\/truusk.store\/sv\/produkt\/truusk-kladstallning-av-bambu-kladstang-skohylla-hylla-for-sovrum-utstallningar-tvattstuga-naturligt-tra\/","og_site_name":"TRUUSK - Hem, Tr\u00e4dg\u00e5rd &amp; Fritid","article_modified_time":"2026-03-12T08:18:24+00:00","og_image":[{"width":2000,"height":2000,"url":"https:\/\/i0.wp.com\/truusk.se\/wp-content\/uploads\/2025\/06\/kladstallning-med-kladstang-skohylla-hylla-garderob-av-bambu-for-sovrum-utstallningar-tvattstuga-tvattstuga-naturligt-tra-1.webp?fit=2000%2C2000&ssl=1","type":"image\/webp"}],"twitter_card":"summary_large_image","twitter_misc":{"Ber\u00e4knad l\u00e4stid":"1 minut"},"schema":{"@context":"https:\/\/schema.org","@graph":[{"@type":"WebPage","@id":"https:\/\/truusk.store\/sv\/produkt\/truusk-kladstallning-av-bambu-kladstang-skohylla-hylla-for-sovrum-utstallningar-tvattstuga-naturligt-tra\/","url":"https:\/\/truusk.store\/sv\/produkt\/truusk-kladstallning-av-bambu-kladstang-skohylla-hylla-for-sovrum-utstallningar-tvattstuga-naturligt-tra\/","name":"TRUUSK Kl\u00e4dst\u00e4llning av Bambu - Kl\u00e4dst\u00e5ng, Skohylla, Hylla - F\u00f6r Sovrum, Utst\u00e4llningar, Tv\u00e4ttstuga - Naturligt Tr\u00e4 - TRUUSK - Hem, Tr\u00e4dg\u00e5rd &amp; Fritid","isPartOf":{"@id":"https:\/\/truusk.store\/sv\/#website"},"primaryImageOfPage":{"@id":"https:\/\/truusk.store\/sv\/produkt\/truusk-kladstallning-av-bambu-kladstang-skohylla-hylla-for-sovrum-utstallningar-tvattstuga-naturligt-tra\/#primaryimage"},"image":{"@id":"https:\/\/truusk.store\/sv\/produkt\/truusk-kladstallning-av-bambu-kladstang-skohylla-hylla-for-sovrum-utstallningar-tvattstuga-naturligt-tra\/#primaryimage"},"thumbnailUrl":"https:\/\/i0.wp.com\/truusk.store\/wp-content\/uploads\/2025\/06\/kladstallning-med-kladstang-skohylla-hylla-garderob-av-bambu-for-sovrum-utstallningar-tvattstuga-tvattstuga-naturligt-tra-1.webp?fit=2000%2C2000&ssl=1","datePublished":"2025-06-06T00:09:42+00:00","dateModified":"2026-03-12T08:18:24+00:00","breadcrumb":{"@id":"https:\/\/truusk.store\/sv\/produkt\/truusk-kladstallning-av-bambu-kladstang-skohylla-hylla-for-sovrum-utstallningar-tvattstuga-naturligt-tra\/#breadcrumb"},"inLanguage":"sv-SE","potentialAction":[{"@type":"ReadAction","target":["https:\/\/truusk.store\/sv\/produkt\/truusk-kladstallning-av-bambu-kladstang-skohylla-hylla-for-sovrum-utstallningar-tvattstuga-naturligt-tra\/"]}]},{"@type":"ImageObject","inLanguage":"sv-SE","@id":"https:\/\/truusk.store\/sv\/produkt\/truusk-kladstallning-av-bambu-kladstang-skohylla-hylla-for-sovrum-utstallningar-tvattstuga-naturligt-tra\/#primaryimage","url":"https:\/\/i0.wp.com\/truusk.store\/wp-content\/uploads\/2025\/06\/kladstallning-med-kladstang-skohylla-hylla-garderob-av-bambu-for-sovrum-utstallningar-tvattstuga-tvattstuga-naturligt-tra-1.webp?fit=2000%2C2000&ssl=1","contentUrl":"https:\/\/i0.wp.com\/truusk.store\/wp-content\/uploads\/2025\/06\/kladstallning-med-kladstang-skohylla-hylla-garderob-av-bambu-for-sovrum-utstallningar-tvattstuga-tvattstuga-naturligt-tra-1.webp?fit=2000%2C2000&ssl=1","width":2000,"height":2000},{"@type":"BreadcrumbList","@id":"https:\/\/truusk.store\/sv\/produkt\/truusk-kladstallning-av-bambu-kladstang-skohylla-hylla-for-sovrum-utstallningar-tvattstuga-naturligt-tra\/#breadcrumb","itemListElement":[{"@type":"ListItem","position":1,"name":"Home","item":"https:\/\/truusk.store\/sv\/"},{"@type":"ListItem","position":2,"name":"Shop","item":"https:\/\/truusk.store\/shop\/"},{"@type":"ListItem","position":3,"name":"TRUUSK Kl\u00e4dst\u00e4llning av Bambu &#8211; Kl\u00e4dst\u00e5ng, Skohylla, Hylla &#8211; F\u00f6r Sovrum, Utst\u00e4llningar, Tv\u00e4ttstuga &#8211; Naturligt Tr\u00e4"}]},{"@type":"WebSite","@id":"https:\/\/truusk.store\/sv\/#website","url":"https:\/\/truusk.store\/sv\/","name":"TRUUSK - Hem, Tr\u00e4dg\u00e5rd & Fritid","description":"","publisher":{"@id":"https:\/\/truusk.store\/sv\/#organization"},"potentialAction":[{"@type":"SearchAction","target":{"@type":"EntryPoint","urlTemplate":"https:\/\/truusk.store\/sv\/?s={search_term_string}"},"query-input":{"@type":"PropertyValueSpecification","valueRequired":true,"valueName":"search_term_string"}}],"inLanguage":"sv-SE"},{"@type":"Organization","@id":"https:\/\/truusk.store\/sv\/#organization","name":"TRUUSK - Hem, Tr\u00e4dg\u00e5rd & Fritid","url":"https:\/\/truusk.store\/sv\/","logo":{"@type":"ImageObject","inLanguage":"sv-SE","@id":"https:\/\/truusk.store\/sv\/#\/schema\/logo\/image\/","url":"https:\/\/i0.wp.com\/truusk.store\/wp-content\/uploads\/2026\/03\/cropped-TRUUSK.png?fit=2032%2C917&ssl=1","contentUrl":"https:\/\/i0.wp.com\/truusk.store\/wp-content\/uploads\/2026\/03\/cropped-TRUUSK.png?fit=2032%2C917&ssl=1","width":2032,"height":917,"caption":"TRUUSK - Hem, Tr\u00e4dg\u00e5rd & Fritid"},"image":{"@id":"https:\/\/truusk.store\/sv\/#\/schema\/logo\/image\/"}}]}},"jetpack_sharing_enabled":true,"_links":{"self":[{"href":"https:\/\/truusk.store\/sv\/wp-json\/wp\/v2\/product\/73836","targetHints":{"allow":["GET"]}}],"collection":[{"href":"https:\/\/truusk.store\/sv\/wp-json\/wp\/v2\/product"}],"about":[{"href":"https:\/\/truusk.store\/sv\/wp-json\/wp\/v2\/types\/product"}],"wp:featuredmedia":[{"embeddable":true,"href":"https:\/\/truusk.store\/sv\/wp-json\/wp\/v2\/media\/73827"}],"wp:attachment":[{"href":"https:\/\/truusk.store\/sv\/wp-json\/wp\/v2\/media?parent=73836"}],"wp:term":[{"taxonomy":"product_brand","embeddable":true,"href":"https:\/\/truusk.store\/sv\/wp-json\/wp\/v2\/product_brand?post=73836"},{"taxonomy":"product_cat","embeddable":true,"href":"https:\/\/truusk.store\/sv\/wp-json\/wp\/v2\/product_cat?post=73836"},{"taxonomy":"product_tag","embeddable":true,"href":"https:\/\/truusk.store\/sv\/wp-json\/wp\/v2\/product_tag?post=73836"}],"curies":[{"name":"wp","href":"https:\/\/api.w.org\/{rel}","templated":true}]}}