{"id":73876,"date":"2025-06-06T01:13:49","date_gmt":"2025-06-06T00:13:49","guid":{"rendered":"https:\/\/truusk.store\/product\/solstaende-lampa-i-rotting-med-ljussensor-3-ljus-automatisk-solstrale-i-boho-stil-ip44-vattentat-solstrale-utomhuslampa-solljus-for-tradgard-balkong-utomhus-grasmatta-gard\/"},"modified":"2026-03-12T08:41:09","modified_gmt":"2026-03-12T07:41:09","slug":"truusk-solstaende-lampa-i-rotting-med-ljussensor-3-ljus-automatisk-solstrale-i-boho-stil-ip44-vattentat-utomhuslampa","status":"publish","type":"product","link":"https:\/\/truusk.store\/sv\/produkt\/truusk-solstaende-lampa-i-rotting-med-ljussensor-3-ljus-automatisk-solstrale-i-boho-stil-ip44-vattentat-utomhuslampa\/","title":{"rendered":"TRUUSK Solst\u00e5ende Lampa i Rotting med Ljussensor &#8211; 3 Ljus &#8211; Automatisk Solstr\u00e5le i Boho-stil &#8211; IP44 Vattent\u00e4t &#8211; Utomhuslampa &#8211;"},"content":{"rendered":"<p>Upplysa din tr\u00e4dg\u00e5rd med TRUUSK Solarlampa med tre ljus! Utrustad med filamentlampor som ger 15 lumen och en f\u00e4rgtemperatur p\u00e5 2500 K f\u00f6r en varm atmosf\u00e4r. Utomhuslampan sl\u00e5r automatiskt p\u00e5 kv\u00e4llen och st\u00e4nger av vid gryningen f\u00f6r att f\u00f6rsk\u00f6na dina kv\u00e4llar. Boho-solarlampan kombinerar handfl\u00e4tade sk\u00e4rmar av plastrotting med robusta st\u00e5lramar som st\u00e5r emot utomhuselement. Fem timmars laddning ger \u00e5tta timmars belysning.<\/p>\n<p>Beskrivning:<\/p>\n<ul>\n<li> Den treljusiga rottinglampan ger ljus utomhusbelysning<\/li>\n<li> Solpanelen laddas under solljus, fem timmars full laddning, \u00e5tta timmars ljus<\/li>\n<li> Sl\u00e5r automatiskt p\u00e5\/av vid skymning och gryning<\/li>\n<li> Filamentlampor ger en f\u00e4rgtemperatur p\u00e5 2500 K och ett ljus p\u00e5 15 lm<\/li>\n<li> Varje lampa med en krok f\u00f6r bekv\u00e4m upph\u00e4ngning<\/li>\n<li> Bred st\u00e5lfot med markspett f\u00f6r stabilitet<\/li>\n<li> IP44 vattenskyddsklass, l\u00e4mplig vid l\u00e4tt till medelh\u00e5rt regn och sn\u00f6<\/li>\n<li> Ingen montering kr\u00e4vs<\/li>\n<\/ul>\n<p> Tekniska data:<\/p>\n<ul>\n<li> F\u00e4rg: Svart+Gul<\/li>\n<li> Material: St\u00e5l, PE-rotting<\/li>\n<li> Totala dimensioner: 45L x 45B x 178H cm<\/li>\n<li> Undre dimension: 28B x 28T cm<\/li>\n<li> Sk\u00e4rmdimension: \u00d814 x 15H cm<\/li>\n<li> Storlek p\u00e5 solpanel: \u00d88 x 2,8T cm<\/li>\n<li> Ljusstyrka: 15 lm<\/li>\n<li> F\u00e4rgtemperatur: 2500 K<\/li>\n<li> Laddningstid: 5 timmar vid tillr\u00e4ckligt solljus<\/li>\n<li> Ljusvaraktighet: (fulladdad) 8 timmar<\/li>\n<li> Ljusstyrka: (enskild enhet) 0,06 W<\/li>\n<li> Batterityp: AA (Ni-Mh, 600mAh, 1,2 V)<\/li>\n<li> Vattent\u00e4thetsklassificering: IP44<\/li>\n<li> Certifieringar: CE<\/li>\n<\/ul>\n<p>Leveransinneh\u00e5ll:<\/p>\n<ul>\n<li> 1 x Rottinglampa<\/li>\n<li> 1 x Bruksanvisning<\/li>\n<li> 4 x Jordspett<\/li>\n<\/ul>\n","protected":false},"excerpt":{"rendered":"<p>Upplysa din tr\u00e4dg\u00e5rd med TRUUSK Solarlampa med tre ljus! Utrustad med filamentlampor som ger 15 lumen och en f\u00e4rgtemperatur p\u00e5&#8230;<\/p>\n","protected":false},"featured_media":73867,"template":"","meta":[],"product_brand":[],"product_cat":[858,465,464],"product_tag":[],"class_list":{"0":"post-73876","1":"product","2":"type-product","3":"status-publish","4":"has-post-thumbnail","6":"product_cat-tradgard-terrass","7":"product_cat-tradgardsbelysning","8":"product_cat-tradgardsdekoration","10":"first","11":"instock","12":"sale","13":"taxable","14":"shipping-taxable","15":"purchasable","16":"product-type-simple"},"yoast_head":"<!-- This site is optimized with the Yoast SEO plugin v25.4 - https:\/\/yoast.com\/wordpress\/plugins\/seo\/ -->\n<title>TRUUSK Solst\u00e5ende Lampa i Rotting med Ljussensor - 3 Ljus - Automatisk Solstr\u00e5le i Boho-stil - IP44 Vattent\u00e4t - Utomhuslampa - TRUUSK - Hem, Tr\u00e4dg\u00e5rd &amp; Fritid<\/title>\n<meta name=\"robots\" content=\"index, follow, max-snippet:-1, max-image-preview:large, max-video-preview:-1\" \/>\n<link rel=\"canonical\" href=\"https:\/\/truusk.store\/sv\/produkt\/truusk-solstaende-lampa-i-rotting-med-ljussensor-3-ljus-automatisk-solstrale-i-boho-stil-ip44-vattentat-utomhuslampa\/\" \/>\n<meta property=\"og:locale\" content=\"sv_SE\" \/>\n<meta property=\"og:type\" content=\"article\" \/>\n<meta property=\"og:title\" content=\"TRUUSK Solst\u00e5ende Lampa i Rotting med Ljussensor - 3 Ljus - Automatisk Solstr\u00e5le i Boho-stil - IP44 Vattent\u00e4t - Utomhuslampa - TRUUSK - Hem, Tr\u00e4dg\u00e5rd &amp; Fritid\" \/>\n<meta property=\"og:description\" content=\"Upplysa din tr\u00e4dg\u00e5rd med TRUUSK Solarlampa med tre ljus! Utrustad med filamentlampor som ger 15 lumen och en f\u00e4rgtemperatur p\u00e5...\" \/>\n<meta property=\"og:url\" content=\"https:\/\/truusk.store\/sv\/produkt\/truusk-solstaende-lampa-i-rotting-med-ljussensor-3-ljus-automatisk-solstrale-i-boho-stil-ip44-vattentat-utomhuslampa\/\" \/>\n<meta property=\"og:site_name\" content=\"TRUUSK - Hem, Tr\u00e4dg\u00e5rd &amp; Fritid\" \/>\n<meta property=\"article:modified_time\" content=\"2026-03-12T07:41:09+00:00\" \/>\n<meta property=\"og:image\" content=\"https:\/\/i0.wp.com\/truusk.se\/wp-content\/uploads\/2025\/06\/solstaende-lampa-i-rotting-med-ljussensor-3-ljus-automatisk-solstrale-i-boho-stil-ip44-vattentat-solstrale-utomhuslampa-solljus-for-tradgard-balkong-utomhus-grasmatta-gard-1.webp?fit=2000%2C2000&ssl=1\" \/>\n\t<meta property=\"og:image:width\" content=\"2000\" \/>\n\t<meta property=\"og:image:height\" content=\"2000\" \/>\n\t<meta property=\"og:image:type\" content=\"image\/webp\" \/>\n<meta name=\"twitter:card\" content=\"summary_large_image\" \/>\n<meta name=\"twitter:label1\" content=\"Ber\u00e4knad l\u00e4stid\" \/>\n\t<meta name=\"twitter:data1\" content=\"1 minut\" \/>\n<!-- \/ Yoast SEO plugin. -->","yoast_head_json":{"title":"TRUUSK Solst\u00e5ende Lampa i Rotting med Ljussensor - 3 Ljus - Automatisk Solstr\u00e5le i Boho-stil - IP44 Vattent\u00e4t - Utomhuslampa - TRUUSK - Hem, Tr\u00e4dg\u00e5rd &amp; Fritid","robots":{"index":"index","follow":"follow","max-snippet":"max-snippet:-1","max-image-preview":"max-image-preview:large","max-video-preview":"max-video-preview:-1"},"canonical":"https:\/\/truusk.store\/sv\/produkt\/truusk-solstaende-lampa-i-rotting-med-ljussensor-3-ljus-automatisk-solstrale-i-boho-stil-ip44-vattentat-utomhuslampa\/","og_locale":"sv_SE","og_type":"article","og_title":"TRUUSK Solst\u00e5ende Lampa i Rotting med Ljussensor - 3 Ljus - Automatisk Solstr\u00e5le i Boho-stil - IP44 Vattent\u00e4t - Utomhuslampa - TRUUSK - Hem, Tr\u00e4dg\u00e5rd &amp; Fritid","og_description":"Upplysa din tr\u00e4dg\u00e5rd med TRUUSK Solarlampa med tre ljus! Utrustad med filamentlampor som ger 15 lumen och en f\u00e4rgtemperatur p\u00e5...","og_url":"https:\/\/truusk.store\/sv\/produkt\/truusk-solstaende-lampa-i-rotting-med-ljussensor-3-ljus-automatisk-solstrale-i-boho-stil-ip44-vattentat-utomhuslampa\/","og_site_name":"TRUUSK - Hem, Tr\u00e4dg\u00e5rd &amp; Fritid","article_modified_time":"2026-03-12T07:41:09+00:00","og_image":[{"width":2000,"height":2000,"url":"https:\/\/i0.wp.com\/truusk.se\/wp-content\/uploads\/2025\/06\/solstaende-lampa-i-rotting-med-ljussensor-3-ljus-automatisk-solstrale-i-boho-stil-ip44-vattentat-solstrale-utomhuslampa-solljus-for-tradgard-balkong-utomhus-grasmatta-gard-1.webp?fit=2000%2C2000&ssl=1","type":"image\/webp"}],"twitter_card":"summary_large_image","twitter_misc":{"Ber\u00e4knad l\u00e4stid":"1 minut"},"schema":{"@context":"https:\/\/schema.org","@graph":[{"@type":"WebPage","@id":"https:\/\/truusk.store\/sv\/produkt\/truusk-solstaende-lampa-i-rotting-med-ljussensor-3-ljus-automatisk-solstrale-i-boho-stil-ip44-vattentat-utomhuslampa\/","url":"https:\/\/truusk.store\/sv\/produkt\/truusk-solstaende-lampa-i-rotting-med-ljussensor-3-ljus-automatisk-solstrale-i-boho-stil-ip44-vattentat-utomhuslampa\/","name":"TRUUSK Solst\u00e5ende Lampa i Rotting med Ljussensor - 3 Ljus - Automatisk Solstr\u00e5le i Boho-stil - IP44 Vattent\u00e4t - Utomhuslampa - TRUUSK - Hem, Tr\u00e4dg\u00e5rd &amp; Fritid","isPartOf":{"@id":"https:\/\/truusk.store\/sv\/#website"},"primaryImageOfPage":{"@id":"https:\/\/truusk.store\/sv\/produkt\/truusk-solstaende-lampa-i-rotting-med-ljussensor-3-ljus-automatisk-solstrale-i-boho-stil-ip44-vattentat-utomhuslampa\/#primaryimage"},"image":{"@id":"https:\/\/truusk.store\/sv\/produkt\/truusk-solstaende-lampa-i-rotting-med-ljussensor-3-ljus-automatisk-solstrale-i-boho-stil-ip44-vattentat-utomhuslampa\/#primaryimage"},"thumbnailUrl":"https:\/\/i0.wp.com\/truusk.store\/wp-content\/uploads\/2025\/06\/solstaende-lampa-i-rotting-med-ljussensor-3-ljus-automatisk-solstrale-i-boho-stil-ip44-vattentat-solstrale-utomhuslampa-solljus-for-tradgard-balkong-utomhus-grasmatta-gard-1.webp?fit=2000%2C2000&ssl=1","datePublished":"2025-06-06T00:13:49+00:00","dateModified":"2026-03-12T07:41:09+00:00","breadcrumb":{"@id":"https:\/\/truusk.store\/sv\/produkt\/truusk-solstaende-lampa-i-rotting-med-ljussensor-3-ljus-automatisk-solstrale-i-boho-stil-ip44-vattentat-utomhuslampa\/#breadcrumb"},"inLanguage":"sv-SE","potentialAction":[{"@type":"ReadAction","target":["https:\/\/truusk.store\/sv\/produkt\/truusk-solstaende-lampa-i-rotting-med-ljussensor-3-ljus-automatisk-solstrale-i-boho-stil-ip44-vattentat-utomhuslampa\/"]}]},{"@type":"ImageObject","inLanguage":"sv-SE","@id":"https:\/\/truusk.store\/sv\/produkt\/truusk-solstaende-lampa-i-rotting-med-ljussensor-3-ljus-automatisk-solstrale-i-boho-stil-ip44-vattentat-utomhuslampa\/#primaryimage","url":"https:\/\/i0.wp.com\/truusk.store\/wp-content\/uploads\/2025\/06\/solstaende-lampa-i-rotting-med-ljussensor-3-ljus-automatisk-solstrale-i-boho-stil-ip44-vattentat-solstrale-utomhuslampa-solljus-for-tradgard-balkong-utomhus-grasmatta-gard-1.webp?fit=2000%2C2000&ssl=1","contentUrl":"https:\/\/i0.wp.com\/truusk.store\/wp-content\/uploads\/2025\/06\/solstaende-lampa-i-rotting-med-ljussensor-3-ljus-automatisk-solstrale-i-boho-stil-ip44-vattentat-solstrale-utomhuslampa-solljus-for-tradgard-balkong-utomhus-grasmatta-gard-1.webp?fit=2000%2C2000&ssl=1","width":2000,"height":2000},{"@type":"BreadcrumbList","@id":"https:\/\/truusk.store\/sv\/produkt\/truusk-solstaende-lampa-i-rotting-med-ljussensor-3-ljus-automatisk-solstrale-i-boho-stil-ip44-vattentat-utomhuslampa\/#breadcrumb","itemListElement":[{"@type":"ListItem","position":1,"name":"Home","item":"https:\/\/truusk.store\/sv\/"},{"@type":"ListItem","position":2,"name":"Shop","item":"https:\/\/truusk.store\/shop\/"},{"@type":"ListItem","position":3,"name":"TRUUSK Solst\u00e5ende Lampa i Rotting med Ljussensor &#8211; 3 Ljus &#8211; Automatisk Solstr\u00e5le i Boho-stil &#8211; IP44 Vattent\u00e4t &#8211; Utomhuslampa &#8211;"}]},{"@type":"WebSite","@id":"https:\/\/truusk.store\/sv\/#website","url":"https:\/\/truusk.store\/sv\/","name":"TRUUSK - Hem, Tr\u00e4dg\u00e5rd & Fritid","description":"","publisher":{"@id":"https:\/\/truusk.store\/sv\/#organization"},"potentialAction":[{"@type":"SearchAction","target":{"@type":"EntryPoint","urlTemplate":"https:\/\/truusk.store\/sv\/?s={search_term_string}"},"query-input":{"@type":"PropertyValueSpecification","valueRequired":true,"valueName":"search_term_string"}}],"inLanguage":"sv-SE"},{"@type":"Organization","@id":"https:\/\/truusk.store\/sv\/#organization","name":"TRUUSK - Hem, Tr\u00e4dg\u00e5rd & Fritid","url":"https:\/\/truusk.store\/sv\/","logo":{"@type":"ImageObject","inLanguage":"sv-SE","@id":"https:\/\/truusk.store\/sv\/#\/schema\/logo\/image\/","url":"https:\/\/i0.wp.com\/truusk.store\/wp-content\/uploads\/2026\/03\/cropped-TRUUSK.png?fit=2032%2C917&ssl=1","contentUrl":"https:\/\/i0.wp.com\/truusk.store\/wp-content\/uploads\/2026\/03\/cropped-TRUUSK.png?fit=2032%2C917&ssl=1","width":2032,"height":917,"caption":"TRUUSK - Hem, Tr\u00e4dg\u00e5rd & Fritid"},"image":{"@id":"https:\/\/truusk.store\/sv\/#\/schema\/logo\/image\/"}}]}},"jetpack_sharing_enabled":true,"_links":{"self":[{"href":"https:\/\/truusk.store\/sv\/wp-json\/wp\/v2\/product\/73876","targetHints":{"allow":["GET"]}}],"collection":[{"href":"https:\/\/truusk.store\/sv\/wp-json\/wp\/v2\/product"}],"about":[{"href":"https:\/\/truusk.store\/sv\/wp-json\/wp\/v2\/types\/product"}],"wp:featuredmedia":[{"embeddable":true,"href":"https:\/\/truusk.store\/sv\/wp-json\/wp\/v2\/media\/73867"}],"wp:attachment":[{"href":"https:\/\/truusk.store\/sv\/wp-json\/wp\/v2\/media?parent=73876"}],"wp:term":[{"taxonomy":"product_brand","embeddable":true,"href":"https:\/\/truusk.store\/sv\/wp-json\/wp\/v2\/product_brand?post=73876"},{"taxonomy":"product_cat","embeddable":true,"href":"https:\/\/truusk.store\/sv\/wp-json\/wp\/v2\/product_cat?post=73876"},{"taxonomy":"product_tag","embeddable":true,"href":"https:\/\/truusk.store\/sv\/wp-json\/wp\/v2\/product_tag?post=73876"}],"curies":[{"name":"wp","href":"https:\/\/api.w.org\/{rel}","templated":true}]}}