{"id":73886,"date":"2025-06-06T01:14:45","date_gmt":"2025-06-06T00:14:45","guid":{"rendered":"https:\/\/truusk.store\/product\/solstaende-lampa-i-rattan-med-ljussensor-automatisk-solstralkastare-i-boho-stil-ip44-vattentat-solstralkastare-utomhuslampa-sollykta-for-tradgard-balkong-utomhus-grasmatta-gard\/"},"modified":"2026-03-12T08:41:10","modified_gmt":"2026-03-12T07:41:10","slug":"truusk-solstaende-lampa-i-rattan-boho-stil-automatisk-ljussensor-ip44-vattentat-utomhuslampa-for-tradgard-balkong","status":"publish","type":"product","link":"https:\/\/truusk.store\/sv\/produkt\/truusk-solstaende-lampa-i-rattan-boho-stil-automatisk-ljussensor-ip44-vattentat-utomhuslampa-for-tradgard-balkong\/","title":{"rendered":"TRUUSK Solst\u00e5ende Lampa i Rattan &#8211; Boho-stil &#8211; Automatisk Ljussensor &#8211; IP44 Vattent\u00e4t &#8211; Utomhuslampa f\u00f6r Tr\u00e4dg\u00e5rd &#8211; Balkong &#8211;"},"content":{"rendered":"<p>Upplysa dina kv\u00e4llar med TRUUSK Rattan Solarlampa. Den handv\u00e4vda rattansk\u00e4rmen lyser med ett mjukt 15-lm ljus och skapar en varm atmosf\u00e4r p\u00e5 dina tr\u00e4dg\u00e5rdsv\u00e4gar. Endast 5 timmars solljus laddar solpanelen f\u00f6r upp till 8 timmars magiskt ljus. Utomhuslampan sl\u00e5s automatiskt p\u00e5 vid skymning och st\u00e4ngs av vid gryning. En stabil st\u00e5lbas med jordspettar ger \u00e4ven fast st\u00e5nd i vinden. En f\u00f6rtrollande tillg\u00e5ng f\u00f6r alla utomhusomr\u00e5den!<\/p>\n<p> Beskrivning:<\/p>\n<ul>\n<li> Arc Rattan-solarlampan ger en varm gl\u00f6d f\u00f6r en st\u00e4mningsfull belysning av tr\u00e4dg\u00e5rdsv\u00e4gar<\/li>\n<li> Den handv\u00e4vda rattansk\u00e4rmen p\u00e5 utomhuslampan ger en rustik, charmig touch<\/li>\n<li> Solpanelen p\u00e5 utomhuslampan laddas under solljus, fem timmars full laddning = \u00e5tta timmars ljus<\/li>\n<li> Sl\u00e5s p\u00e5 och av automatiskt vid skymning och gryning<\/li>\n<li> En bred kvadratisk fot och markankare ger stabilitet<\/li>\n<li> Pulverlackerad ram och UV-resistent plast-rattan f\u00f6r h\u00e5llbarhet<\/li>\n<li> IP44 vattenskyddsklass, l\u00e4mplig vid l\u00e4tt till medelregn och sn\u00f6<\/li>\n<li> Montering kr\u00e4vs<\/li>\n<\/ul>\n<p> Tekniska data:<\/p>\n<ul>\n<li> F\u00e4rg: Svart+Gul<\/li>\n<li> Material: St\u00e5l, PE-Rattan<\/li>\n<li> Totala dimensioner: 44L x 32B x 178H cm<\/li>\n<li> Underdimension: 28B x 28T cm<\/li>\n<li> Storlek p\u00e5 solpanel: \u00d88 x 2,8T cm<\/li>\n<li> Ljusstyrka: 15 lm<\/li>\n<li> F\u00e4rgtemperatur: 2500 K<\/li>\n<li> Laddningstid: 5 timmar vid tillr\u00e4ckligt solljus<\/li>\n<li> Ljus tid: (fulladdad) 8 timmar<\/li>\n<li> Ljusstyrka: (per enhet) 0,06 W<\/li>\n<li> Batterityp: AA (Ni-Mh, 600mAh, 1,2 V)<\/li>\n<li> Vattent\u00e4thetsbetyg: IP44<\/li>\n<li> Certifieringar: CE<\/li>\n<\/ul>\n<p> Leveransinneh\u00e5ll:<\/p>\n<ul>\n<li> 1 x Rattanlampa<\/li>\n<li> 4 x Jordspett<\/li>\n<li> 1 x Bruksanvisning<\/li>\n<\/ul>\n","protected":false},"excerpt":{"rendered":"<p>Upplysa dina kv\u00e4llar med TRUUSK Rattan Solarlampa. Den handv\u00e4vda rattansk\u00e4rmen lyser med ett mjukt 15-lm ljus och skapar en varm&#8230;<\/p>\n","protected":false},"featured_media":73877,"template":"","meta":[],"product_brand":[],"product_cat":[858,465,464],"product_tag":[],"class_list":{"0":"post-73886","1":"product","2":"type-product","3":"status-publish","4":"has-post-thumbnail","6":"product_cat-tradgard-terrass","7":"product_cat-tradgardsbelysning","8":"product_cat-tradgardsdekoration","10":"first","11":"instock","12":"sale","13":"taxable","14":"shipping-taxable","15":"purchasable","16":"product-type-simple"},"yoast_head":"<!-- This site is optimized with the Yoast SEO plugin v25.4 - https:\/\/yoast.com\/wordpress\/plugins\/seo\/ -->\n<title>TRUUSK Solst\u00e5ende Lampa i Rattan - Boho-stil - Automatisk Ljussensor - IP44 Vattent\u00e4t - Utomhuslampa f\u00f6r Tr\u00e4dg\u00e5rd - Balkong - TRUUSK - Hem, Tr\u00e4dg\u00e5rd &amp; Fritid<\/title>\n<meta name=\"robots\" content=\"index, follow, max-snippet:-1, max-image-preview:large, max-video-preview:-1\" \/>\n<link rel=\"canonical\" href=\"https:\/\/truusk.store\/sv\/produkt\/truusk-solstaende-lampa-i-rattan-boho-stil-automatisk-ljussensor-ip44-vattentat-utomhuslampa-for-tradgard-balkong\/\" \/>\n<meta property=\"og:locale\" content=\"sv_SE\" \/>\n<meta property=\"og:type\" content=\"article\" \/>\n<meta property=\"og:title\" content=\"TRUUSK Solst\u00e5ende Lampa i Rattan - Boho-stil - Automatisk Ljussensor - IP44 Vattent\u00e4t - Utomhuslampa f\u00f6r Tr\u00e4dg\u00e5rd - Balkong - TRUUSK - Hem, Tr\u00e4dg\u00e5rd &amp; Fritid\" \/>\n<meta property=\"og:description\" content=\"Upplysa dina kv\u00e4llar med TRUUSK Rattan Solarlampa. Den handv\u00e4vda rattansk\u00e4rmen lyser med ett mjukt 15-lm ljus och skapar en varm...\" \/>\n<meta property=\"og:url\" content=\"https:\/\/truusk.store\/sv\/produkt\/truusk-solstaende-lampa-i-rattan-boho-stil-automatisk-ljussensor-ip44-vattentat-utomhuslampa-for-tradgard-balkong\/\" \/>\n<meta property=\"og:site_name\" content=\"TRUUSK - Hem, Tr\u00e4dg\u00e5rd &amp; Fritid\" \/>\n<meta property=\"article:modified_time\" content=\"2026-03-12T07:41:10+00:00\" \/>\n<meta property=\"og:image\" content=\"https:\/\/i0.wp.com\/truusk.se\/wp-content\/uploads\/2025\/06\/solstaende-lampa-i-rattan-med-ljussensor-automatisk-solstralkastare-i-boho-stil-ip44-vattentat-solstralkastare-utomhuslampa-sollykta-for-tradgard-balkong-utomhus-grasmatta-gard-1.webp?fit=2000%2C2000&ssl=1\" \/>\n\t<meta property=\"og:image:width\" content=\"2000\" \/>\n\t<meta property=\"og:image:height\" content=\"2000\" \/>\n\t<meta property=\"og:image:type\" content=\"image\/webp\" \/>\n<meta name=\"twitter:card\" content=\"summary_large_image\" \/>\n<meta name=\"twitter:label1\" content=\"Ber\u00e4knad l\u00e4stid\" \/>\n\t<meta name=\"twitter:data1\" content=\"1 minut\" \/>\n<!-- \/ Yoast SEO plugin. -->","yoast_head_json":{"title":"TRUUSK Solst\u00e5ende Lampa i Rattan - Boho-stil - Automatisk Ljussensor - IP44 Vattent\u00e4t - Utomhuslampa f\u00f6r Tr\u00e4dg\u00e5rd - Balkong - TRUUSK - Hem, Tr\u00e4dg\u00e5rd &amp; Fritid","robots":{"index":"index","follow":"follow","max-snippet":"max-snippet:-1","max-image-preview":"max-image-preview:large","max-video-preview":"max-video-preview:-1"},"canonical":"https:\/\/truusk.store\/sv\/produkt\/truusk-solstaende-lampa-i-rattan-boho-stil-automatisk-ljussensor-ip44-vattentat-utomhuslampa-for-tradgard-balkong\/","og_locale":"sv_SE","og_type":"article","og_title":"TRUUSK Solst\u00e5ende Lampa i Rattan - Boho-stil - Automatisk Ljussensor - IP44 Vattent\u00e4t - Utomhuslampa f\u00f6r Tr\u00e4dg\u00e5rd - Balkong - TRUUSK - Hem, Tr\u00e4dg\u00e5rd &amp; Fritid","og_description":"Upplysa dina kv\u00e4llar med TRUUSK Rattan Solarlampa. Den handv\u00e4vda rattansk\u00e4rmen lyser med ett mjukt 15-lm ljus och skapar en varm...","og_url":"https:\/\/truusk.store\/sv\/produkt\/truusk-solstaende-lampa-i-rattan-boho-stil-automatisk-ljussensor-ip44-vattentat-utomhuslampa-for-tradgard-balkong\/","og_site_name":"TRUUSK - Hem, Tr\u00e4dg\u00e5rd &amp; Fritid","article_modified_time":"2026-03-12T07:41:10+00:00","og_image":[{"width":2000,"height":2000,"url":"https:\/\/i0.wp.com\/truusk.se\/wp-content\/uploads\/2025\/06\/solstaende-lampa-i-rattan-med-ljussensor-automatisk-solstralkastare-i-boho-stil-ip44-vattentat-solstralkastare-utomhuslampa-sollykta-for-tradgard-balkong-utomhus-grasmatta-gard-1.webp?fit=2000%2C2000&ssl=1","type":"image\/webp"}],"twitter_card":"summary_large_image","twitter_misc":{"Ber\u00e4knad l\u00e4stid":"1 minut"},"schema":{"@context":"https:\/\/schema.org","@graph":[{"@type":"WebPage","@id":"https:\/\/truusk.store\/sv\/produkt\/truusk-solstaende-lampa-i-rattan-boho-stil-automatisk-ljussensor-ip44-vattentat-utomhuslampa-for-tradgard-balkong\/","url":"https:\/\/truusk.store\/sv\/produkt\/truusk-solstaende-lampa-i-rattan-boho-stil-automatisk-ljussensor-ip44-vattentat-utomhuslampa-for-tradgard-balkong\/","name":"TRUUSK Solst\u00e5ende Lampa i Rattan - Boho-stil - Automatisk Ljussensor - IP44 Vattent\u00e4t - Utomhuslampa f\u00f6r Tr\u00e4dg\u00e5rd - Balkong - TRUUSK - Hem, Tr\u00e4dg\u00e5rd &amp; Fritid","isPartOf":{"@id":"https:\/\/truusk.store\/sv\/#website"},"primaryImageOfPage":{"@id":"https:\/\/truusk.store\/sv\/produkt\/truusk-solstaende-lampa-i-rattan-boho-stil-automatisk-ljussensor-ip44-vattentat-utomhuslampa-for-tradgard-balkong\/#primaryimage"},"image":{"@id":"https:\/\/truusk.store\/sv\/produkt\/truusk-solstaende-lampa-i-rattan-boho-stil-automatisk-ljussensor-ip44-vattentat-utomhuslampa-for-tradgard-balkong\/#primaryimage"},"thumbnailUrl":"https:\/\/i0.wp.com\/truusk.store\/wp-content\/uploads\/2025\/06\/solstaende-lampa-i-rattan-med-ljussensor-automatisk-solstralkastare-i-boho-stil-ip44-vattentat-solstralkastare-utomhuslampa-sollykta-for-tradgard-balkong-utomhus-grasmatta-gard-1.webp?fit=2000%2C2000&ssl=1","datePublished":"2025-06-06T00:14:45+00:00","dateModified":"2026-03-12T07:41:10+00:00","breadcrumb":{"@id":"https:\/\/truusk.store\/sv\/produkt\/truusk-solstaende-lampa-i-rattan-boho-stil-automatisk-ljussensor-ip44-vattentat-utomhuslampa-for-tradgard-balkong\/#breadcrumb"},"inLanguage":"sv-SE","potentialAction":[{"@type":"ReadAction","target":["https:\/\/truusk.store\/sv\/produkt\/truusk-solstaende-lampa-i-rattan-boho-stil-automatisk-ljussensor-ip44-vattentat-utomhuslampa-for-tradgard-balkong\/"]}]},{"@type":"ImageObject","inLanguage":"sv-SE","@id":"https:\/\/truusk.store\/sv\/produkt\/truusk-solstaende-lampa-i-rattan-boho-stil-automatisk-ljussensor-ip44-vattentat-utomhuslampa-for-tradgard-balkong\/#primaryimage","url":"https:\/\/i0.wp.com\/truusk.store\/wp-content\/uploads\/2025\/06\/solstaende-lampa-i-rattan-med-ljussensor-automatisk-solstralkastare-i-boho-stil-ip44-vattentat-solstralkastare-utomhuslampa-sollykta-for-tradgard-balkong-utomhus-grasmatta-gard-1.webp?fit=2000%2C2000&ssl=1","contentUrl":"https:\/\/i0.wp.com\/truusk.store\/wp-content\/uploads\/2025\/06\/solstaende-lampa-i-rattan-med-ljussensor-automatisk-solstralkastare-i-boho-stil-ip44-vattentat-solstralkastare-utomhuslampa-sollykta-for-tradgard-balkong-utomhus-grasmatta-gard-1.webp?fit=2000%2C2000&ssl=1","width":2000,"height":2000},{"@type":"BreadcrumbList","@id":"https:\/\/truusk.store\/sv\/produkt\/truusk-solstaende-lampa-i-rattan-boho-stil-automatisk-ljussensor-ip44-vattentat-utomhuslampa-for-tradgard-balkong\/#breadcrumb","itemListElement":[{"@type":"ListItem","position":1,"name":"Home","item":"https:\/\/truusk.store\/sv\/"},{"@type":"ListItem","position":2,"name":"Shop","item":"https:\/\/truusk.store\/shop\/"},{"@type":"ListItem","position":3,"name":"TRUUSK Solst\u00e5ende Lampa i Rattan &#8211; Boho-stil &#8211; Automatisk Ljussensor &#8211; IP44 Vattent\u00e4t &#8211; Utomhuslampa f\u00f6r Tr\u00e4dg\u00e5rd &#8211; Balkong &#8211;"}]},{"@type":"WebSite","@id":"https:\/\/truusk.store\/sv\/#website","url":"https:\/\/truusk.store\/sv\/","name":"TRUUSK - Hem, Tr\u00e4dg\u00e5rd & Fritid","description":"","publisher":{"@id":"https:\/\/truusk.store\/sv\/#organization"},"potentialAction":[{"@type":"SearchAction","target":{"@type":"EntryPoint","urlTemplate":"https:\/\/truusk.store\/sv\/?s={search_term_string}"},"query-input":{"@type":"PropertyValueSpecification","valueRequired":true,"valueName":"search_term_string"}}],"inLanguage":"sv-SE"},{"@type":"Organization","@id":"https:\/\/truusk.store\/sv\/#organization","name":"TRUUSK - Hem, Tr\u00e4dg\u00e5rd & Fritid","url":"https:\/\/truusk.store\/sv\/","logo":{"@type":"ImageObject","inLanguage":"sv-SE","@id":"https:\/\/truusk.store\/sv\/#\/schema\/logo\/image\/","url":"https:\/\/i0.wp.com\/truusk.store\/wp-content\/uploads\/2026\/03\/cropped-TRUUSK.png?fit=2032%2C917&ssl=1","contentUrl":"https:\/\/i0.wp.com\/truusk.store\/wp-content\/uploads\/2026\/03\/cropped-TRUUSK.png?fit=2032%2C917&ssl=1","width":2032,"height":917,"caption":"TRUUSK - Hem, Tr\u00e4dg\u00e5rd & Fritid"},"image":{"@id":"https:\/\/truusk.store\/sv\/#\/schema\/logo\/image\/"}}]}},"jetpack_sharing_enabled":true,"_links":{"self":[{"href":"https:\/\/truusk.store\/sv\/wp-json\/wp\/v2\/product\/73886","targetHints":{"allow":["GET"]}}],"collection":[{"href":"https:\/\/truusk.store\/sv\/wp-json\/wp\/v2\/product"}],"about":[{"href":"https:\/\/truusk.store\/sv\/wp-json\/wp\/v2\/types\/product"}],"wp:featuredmedia":[{"embeddable":true,"href":"https:\/\/truusk.store\/sv\/wp-json\/wp\/v2\/media\/73877"}],"wp:attachment":[{"href":"https:\/\/truusk.store\/sv\/wp-json\/wp\/v2\/media?parent=73886"}],"wp:term":[{"taxonomy":"product_brand","embeddable":true,"href":"https:\/\/truusk.store\/sv\/wp-json\/wp\/v2\/product_brand?post=73886"},{"taxonomy":"product_cat","embeddable":true,"href":"https:\/\/truusk.store\/sv\/wp-json\/wp\/v2\/product_cat?post=73886"},{"taxonomy":"product_tag","embeddable":true,"href":"https:\/\/truusk.store\/sv\/wp-json\/wp\/v2\/product_tag?post=73886"}],"curies":[{"name":"wp","href":"https:\/\/api.w.org\/{rel}","templated":true}]}}