{"id":73956,"date":"2025-06-06T01:21:41","date_gmt":"2025-06-06T00:21:41","guid":{"rendered":"https:\/\/truusk.store\/product\/dryckeskasshylla-for-3-dryckeskassar-trahylla-med-3-nivaer-fristaende-dryckeskasshallare-belastning-150kg-kassastall-for-ol-vatten-56-x-32-x-112-cm-naturligt-tra\/"},"modified":"2026-03-12T08:42:24","modified_gmt":"2026-03-12T07:42:24","slug":"truusk-dryckeskasshallare-for-3-dryckeskassar-fristaende-trahylla-med-3-nivaer-belastning-150kg-stall-for-ol-och-vatten","status":"publish","type":"product","link":"https:\/\/truusk.store\/sv\/produkt\/truusk-dryckeskasshallare-for-3-dryckeskassar-fristaende-trahylla-med-3-nivaer-belastning-150kg-stall-for-ol-och-vatten\/","title":{"rendered":"TRUUSK Dryckeskassh\u00e5llare f\u00f6r 3 dryckeskassar &#8211; Frist\u00e5ende tr\u00e4hylla med 3 niv\u00e5er &#8211; Belastning 150kg &#8211; St\u00e4ll f\u00f6r \u00f6l och vatten &#8211;"},"content":{"rendered":"<p>Optimera dina tr\u00e4dg\u00e5rdsfester med TRUUSK Outdoor-dryckesl\u00e5dhyllan. Den kompakta 3-niv\u00e5 l\u00e5dst\u00e4llet organiserar dina dryckesbeh\u00e5llare effektivt och ger din milj\u00f6 en klassisk k\u00e4nsla. Tillverkad av lackerat grantr\u00e4 och rostfritt st\u00e5l, s\u00e4krar denna dryckesl\u00e5dhylla stabilt \u00f6l-, vin- eller vattenl\u00e5dor. Idealisk f\u00f6r inomhus och utomhus, det \u00e4r ett oumb\u00e4rligt tillbeh\u00f6r f\u00f6r varje fest, varje BBQ eller varje hembar.<\/p>\n<p>Beskrivning:<\/p>\n<ul>\n<li> Tre-stegs dryckesl\u00e5dhylla maximerar lagringsutrymmet f\u00f6r dryckesl\u00e5dor som vatten, \u00f6l, vin etc.<\/li>\n<li> En optimal vinkel f\u00f6r enkel p\u00e5fyllning och avl\u00e4gsnande av flaskor<\/li>\n<li> Lackerat grantr\u00e4 av dryckesl\u00e5dhyllan ger en naturlig utstr\u00e5lning<\/li>\n<li> Rostfria st\u00e5lr\u00f6r av l\u00e5dst\u00e4llet erbjuder robust st\u00f6d<\/li>\n<li> M\u00e5ngsidig anv\u00e4ndning inomhus och utomhus<\/li>\n<li> Maximal belastning 120 kg, montering kr\u00e4vs<\/li>\n<\/ul>\n<p> Tekniska data:<\/p>\n<ul>\n<li> F\u00e4rg: Naturtr\u00e4<\/li>\n<li> Material: Grantr\u00e4, st\u00e5l<\/li>\n<li> Totala dimensioner: 56B x 32T x 112H cm<\/li>\n<li> M\u00e5tt f\u00f6r varje niv\u00e5: 51B x 31T x 38H cm<\/li>\n<li> Golv h\u00f6jd: (till golvet) 11,5 cm (fram), 19,5 cm (bak)<\/li>\n<li> Belastningskapacitet: 120 kg (totalt), 40 kg (per niv\u00e5)<\/li>\n<\/ul>\n<p>Leveransinneh\u00e5ll:<\/p>\n<ul>\n<li> 1 x Utomhus vinhylla<\/li>\n<li> 1 x Bruksanvisning<\/li>\n<\/ul>\n","protected":false},"excerpt":{"rendered":"<p>Optimera dina tr\u00e4dg\u00e5rdsfester med TRUUSK Outdoor-dryckesl\u00e5dhyllan. Den kompakta 3-niv\u00e5 l\u00e5dst\u00e4llet organiserar dina dryckesbeh\u00e5llare effektivt och ger din milj\u00f6 en klassisk&#8230;<\/p>\n","protected":false},"featured_media":73947,"template":"","meta":[],"product_brand":[],"product_cat":[871,889,954],"product_tag":[],"class_list":{"0":"post-73956","1":"product","2":"type-product","3":"status-publish","4":"has-post-thumbnail","6":"product_cat-hus-hem","7":"product_cat-kok-matsal","8":"product_cat-vinhyllor","10":"first","11":"instock","12":"sale","13":"taxable","14":"shipping-taxable","15":"purchasable","16":"product-type-simple"},"yoast_head":"<!-- This site is optimized with the Yoast SEO plugin v25.4 - https:\/\/yoast.com\/wordpress\/plugins\/seo\/ -->\n<title>TRUUSK Dryckeskassh\u00e5llare f\u00f6r 3 dryckeskassar - Frist\u00e5ende tr\u00e4hylla med 3 niv\u00e5er - Belastning 150kg - St\u00e4ll f\u00f6r \u00f6l och vatten - TRUUSK - Hem, Tr\u00e4dg\u00e5rd &amp; Fritid<\/title>\n<meta name=\"robots\" content=\"index, follow, max-snippet:-1, max-image-preview:large, max-video-preview:-1\" \/>\n<link rel=\"canonical\" href=\"https:\/\/truusk.store\/sv\/produkt\/truusk-dryckeskasshallare-for-3-dryckeskassar-fristaende-trahylla-med-3-nivaer-belastning-150kg-stall-for-ol-och-vatten\/\" \/>\n<meta property=\"og:locale\" content=\"sv_SE\" \/>\n<meta property=\"og:type\" content=\"article\" \/>\n<meta property=\"og:title\" content=\"TRUUSK Dryckeskassh\u00e5llare f\u00f6r 3 dryckeskassar - Frist\u00e5ende tr\u00e4hylla med 3 niv\u00e5er - Belastning 150kg - St\u00e4ll f\u00f6r \u00f6l och vatten - TRUUSK - Hem, Tr\u00e4dg\u00e5rd &amp; Fritid\" \/>\n<meta property=\"og:description\" content=\"Optimera dina tr\u00e4dg\u00e5rdsfester med TRUUSK Outdoor-dryckesl\u00e5dhyllan. Den kompakta 3-niv\u00e5 l\u00e5dst\u00e4llet organiserar dina dryckesbeh\u00e5llare effektivt och ger din milj\u00f6 en klassisk...\" \/>\n<meta property=\"og:url\" content=\"https:\/\/truusk.store\/sv\/produkt\/truusk-dryckeskasshallare-for-3-dryckeskassar-fristaende-trahylla-med-3-nivaer-belastning-150kg-stall-for-ol-och-vatten\/\" \/>\n<meta property=\"og:site_name\" content=\"TRUUSK - Hem, Tr\u00e4dg\u00e5rd &amp; Fritid\" \/>\n<meta property=\"article:modified_time\" content=\"2026-03-12T07:42:24+00:00\" \/>\n<meta property=\"og:image\" content=\"https:\/\/i0.wp.com\/truusk.se\/wp-content\/uploads\/2025\/06\/dryckeskasshylla-for-3-dryckeskassar-trahylla-med-3-nivaer-fristaende-dryckeskasshallare-belastning-150kg-kassastall-for-ol-vatten-56-x-32-x-112-cm-naturligt-tra-1.webp?fit=2000%2C2000&ssl=1\" \/>\n\t<meta property=\"og:image:width\" content=\"2000\" \/>\n\t<meta property=\"og:image:height\" content=\"2000\" \/>\n\t<meta property=\"og:image:type\" content=\"image\/webp\" \/>\n<meta name=\"twitter:card\" content=\"summary_large_image\" \/>\n<meta name=\"twitter:label1\" content=\"Ber\u00e4knad l\u00e4stid\" \/>\n\t<meta name=\"twitter:data1\" content=\"1 minut\" \/>\n<!-- \/ Yoast SEO plugin. -->","yoast_head_json":{"title":"TRUUSK Dryckeskassh\u00e5llare f\u00f6r 3 dryckeskassar - Frist\u00e5ende tr\u00e4hylla med 3 niv\u00e5er - Belastning 150kg - St\u00e4ll f\u00f6r \u00f6l och vatten - TRUUSK - Hem, Tr\u00e4dg\u00e5rd &amp; Fritid","robots":{"index":"index","follow":"follow","max-snippet":"max-snippet:-1","max-image-preview":"max-image-preview:large","max-video-preview":"max-video-preview:-1"},"canonical":"https:\/\/truusk.store\/sv\/produkt\/truusk-dryckeskasshallare-for-3-dryckeskassar-fristaende-trahylla-med-3-nivaer-belastning-150kg-stall-for-ol-och-vatten\/","og_locale":"sv_SE","og_type":"article","og_title":"TRUUSK Dryckeskassh\u00e5llare f\u00f6r 3 dryckeskassar - Frist\u00e5ende tr\u00e4hylla med 3 niv\u00e5er - Belastning 150kg - St\u00e4ll f\u00f6r \u00f6l och vatten - TRUUSK - Hem, Tr\u00e4dg\u00e5rd &amp; Fritid","og_description":"Optimera dina tr\u00e4dg\u00e5rdsfester med TRUUSK Outdoor-dryckesl\u00e5dhyllan. Den kompakta 3-niv\u00e5 l\u00e5dst\u00e4llet organiserar dina dryckesbeh\u00e5llare effektivt och ger din milj\u00f6 en klassisk...","og_url":"https:\/\/truusk.store\/sv\/produkt\/truusk-dryckeskasshallare-for-3-dryckeskassar-fristaende-trahylla-med-3-nivaer-belastning-150kg-stall-for-ol-och-vatten\/","og_site_name":"TRUUSK - Hem, Tr\u00e4dg\u00e5rd &amp; Fritid","article_modified_time":"2026-03-12T07:42:24+00:00","og_image":[{"width":2000,"height":2000,"url":"https:\/\/i0.wp.com\/truusk.se\/wp-content\/uploads\/2025\/06\/dryckeskasshylla-for-3-dryckeskassar-trahylla-med-3-nivaer-fristaende-dryckeskasshallare-belastning-150kg-kassastall-for-ol-vatten-56-x-32-x-112-cm-naturligt-tra-1.webp?fit=2000%2C2000&ssl=1","type":"image\/webp"}],"twitter_card":"summary_large_image","twitter_misc":{"Ber\u00e4knad l\u00e4stid":"1 minut"},"schema":{"@context":"https:\/\/schema.org","@graph":[{"@type":"WebPage","@id":"https:\/\/truusk.store\/sv\/produkt\/truusk-dryckeskasshallare-for-3-dryckeskassar-fristaende-trahylla-med-3-nivaer-belastning-150kg-stall-for-ol-och-vatten\/","url":"https:\/\/truusk.store\/sv\/produkt\/truusk-dryckeskasshallare-for-3-dryckeskassar-fristaende-trahylla-med-3-nivaer-belastning-150kg-stall-for-ol-och-vatten\/","name":"TRUUSK Dryckeskassh\u00e5llare f\u00f6r 3 dryckeskassar - Frist\u00e5ende tr\u00e4hylla med 3 niv\u00e5er - Belastning 150kg - St\u00e4ll f\u00f6r \u00f6l och vatten - TRUUSK - Hem, Tr\u00e4dg\u00e5rd &amp; Fritid","isPartOf":{"@id":"https:\/\/truusk.store\/sv\/#website"},"primaryImageOfPage":{"@id":"https:\/\/truusk.store\/sv\/produkt\/truusk-dryckeskasshallare-for-3-dryckeskassar-fristaende-trahylla-med-3-nivaer-belastning-150kg-stall-for-ol-och-vatten\/#primaryimage"},"image":{"@id":"https:\/\/truusk.store\/sv\/produkt\/truusk-dryckeskasshallare-for-3-dryckeskassar-fristaende-trahylla-med-3-nivaer-belastning-150kg-stall-for-ol-och-vatten\/#primaryimage"},"thumbnailUrl":"https:\/\/i0.wp.com\/truusk.store\/wp-content\/uploads\/2025\/06\/dryckeskasshylla-for-3-dryckeskassar-trahylla-med-3-nivaer-fristaende-dryckeskasshallare-belastning-150kg-kassastall-for-ol-vatten-56-x-32-x-112-cm-naturligt-tra-1.webp?fit=2000%2C2000&ssl=1","datePublished":"2025-06-06T00:21:41+00:00","dateModified":"2026-03-12T07:42:24+00:00","breadcrumb":{"@id":"https:\/\/truusk.store\/sv\/produkt\/truusk-dryckeskasshallare-for-3-dryckeskassar-fristaende-trahylla-med-3-nivaer-belastning-150kg-stall-for-ol-och-vatten\/#breadcrumb"},"inLanguage":"sv-SE","potentialAction":[{"@type":"ReadAction","target":["https:\/\/truusk.store\/sv\/produkt\/truusk-dryckeskasshallare-for-3-dryckeskassar-fristaende-trahylla-med-3-nivaer-belastning-150kg-stall-for-ol-och-vatten\/"]}]},{"@type":"ImageObject","inLanguage":"sv-SE","@id":"https:\/\/truusk.store\/sv\/produkt\/truusk-dryckeskasshallare-for-3-dryckeskassar-fristaende-trahylla-med-3-nivaer-belastning-150kg-stall-for-ol-och-vatten\/#primaryimage","url":"https:\/\/i0.wp.com\/truusk.store\/wp-content\/uploads\/2025\/06\/dryckeskasshylla-for-3-dryckeskassar-trahylla-med-3-nivaer-fristaende-dryckeskasshallare-belastning-150kg-kassastall-for-ol-vatten-56-x-32-x-112-cm-naturligt-tra-1.webp?fit=2000%2C2000&ssl=1","contentUrl":"https:\/\/i0.wp.com\/truusk.store\/wp-content\/uploads\/2025\/06\/dryckeskasshylla-for-3-dryckeskassar-trahylla-med-3-nivaer-fristaende-dryckeskasshallare-belastning-150kg-kassastall-for-ol-vatten-56-x-32-x-112-cm-naturligt-tra-1.webp?fit=2000%2C2000&ssl=1","width":2000,"height":2000},{"@type":"BreadcrumbList","@id":"https:\/\/truusk.store\/sv\/produkt\/truusk-dryckeskasshallare-for-3-dryckeskassar-fristaende-trahylla-med-3-nivaer-belastning-150kg-stall-for-ol-och-vatten\/#breadcrumb","itemListElement":[{"@type":"ListItem","position":1,"name":"Home","item":"https:\/\/truusk.store\/sv\/"},{"@type":"ListItem","position":2,"name":"Shop","item":"https:\/\/truusk.store\/shop\/"},{"@type":"ListItem","position":3,"name":"TRUUSK Dryckeskassh\u00e5llare f\u00f6r 3 dryckeskassar &#8211; Frist\u00e5ende tr\u00e4hylla med 3 niv\u00e5er &#8211; Belastning 150kg &#8211; St\u00e4ll f\u00f6r \u00f6l och vatten &#8211;"}]},{"@type":"WebSite","@id":"https:\/\/truusk.store\/sv\/#website","url":"https:\/\/truusk.store\/sv\/","name":"TRUUSK - Hem, Tr\u00e4dg\u00e5rd & Fritid","description":"","publisher":{"@id":"https:\/\/truusk.store\/sv\/#organization"},"potentialAction":[{"@type":"SearchAction","target":{"@type":"EntryPoint","urlTemplate":"https:\/\/truusk.store\/sv\/?s={search_term_string}"},"query-input":{"@type":"PropertyValueSpecification","valueRequired":true,"valueName":"search_term_string"}}],"inLanguage":"sv-SE"},{"@type":"Organization","@id":"https:\/\/truusk.store\/sv\/#organization","name":"TRUUSK - Hem, Tr\u00e4dg\u00e5rd & Fritid","url":"https:\/\/truusk.store\/sv\/","logo":{"@type":"ImageObject","inLanguage":"sv-SE","@id":"https:\/\/truusk.store\/sv\/#\/schema\/logo\/image\/","url":"https:\/\/i0.wp.com\/truusk.store\/wp-content\/uploads\/2026\/03\/cropped-TRUUSK.png?fit=2032%2C917&ssl=1","contentUrl":"https:\/\/i0.wp.com\/truusk.store\/wp-content\/uploads\/2026\/03\/cropped-TRUUSK.png?fit=2032%2C917&ssl=1","width":2032,"height":917,"caption":"TRUUSK - Hem, Tr\u00e4dg\u00e5rd & Fritid"},"image":{"@id":"https:\/\/truusk.store\/sv\/#\/schema\/logo\/image\/"}}]}},"jetpack_sharing_enabled":true,"_links":{"self":[{"href":"https:\/\/truusk.store\/sv\/wp-json\/wp\/v2\/product\/73956","targetHints":{"allow":["GET"]}}],"collection":[{"href":"https:\/\/truusk.store\/sv\/wp-json\/wp\/v2\/product"}],"about":[{"href":"https:\/\/truusk.store\/sv\/wp-json\/wp\/v2\/types\/product"}],"wp:featuredmedia":[{"embeddable":true,"href":"https:\/\/truusk.store\/sv\/wp-json\/wp\/v2\/media\/73947"}],"wp:attachment":[{"href":"https:\/\/truusk.store\/sv\/wp-json\/wp\/v2\/media?parent=73956"}],"wp:term":[{"taxonomy":"product_brand","embeddable":true,"href":"https:\/\/truusk.store\/sv\/wp-json\/wp\/v2\/product_brand?post=73956"},{"taxonomy":"product_cat","embeddable":true,"href":"https:\/\/truusk.store\/sv\/wp-json\/wp\/v2\/product_cat?post=73956"},{"taxonomy":"product_tag","embeddable":true,"href":"https:\/\/truusk.store\/sv\/wp-json\/wp\/v2\/product_tag?post=73956"}],"curies":[{"name":"wp","href":"https:\/\/api.w.org\/{rel}","templated":true}]}}