{"id":73986,"date":"2025-06-06T01:24:34","date_gmt":"2025-06-06T00:24:34","guid":{"rendered":"https:\/\/truusk.store\/product\/gunga-3-gungleksaker-med-2-gungor-och-ansikte-mot-ansikte-matt-28l-x-14b-x-178h-m-epoximetall-korrosionsskydd-pe-gron-bla\/"},"modified":"2026-03-12T08:58:12","modified_gmt":"2026-03-12T07:58:12","slug":"truusk-gunga-med-3-gungleksaker-2-gungor-ansikte-mot-ansikte-28l-x-14b-x-178h-m-epoximetall-korrosionsskydd-pe","status":"publish","type":"product","link":"https:\/\/truusk.store\/sv\/produkt\/truusk-gunga-med-3-gungleksaker-2-gungor-ansikte-mot-ansikte-28l-x-14b-x-178h-m-epoximetall-korrosionsskydd-pe\/","title":{"rendered":"TRUUSK Gunga Med 3 Gungleksaker &#8211; 2 Gungor &#8211; Ansikte Mot Ansikte &#8211; 2,8L x 1,4B x 1,78H m &#8211; Epoximetall &#8211; Korrosionsskydd &#8211; PE &#8211;"},"content":{"rendered":"<p>Saknar dina barn lekplatskul? TRUUSK barnswing m\u00f6jligg\u00f6r mer utomhustid och fr\u00e4mjar spelutvecklingen av motoriska f\u00e4rdigheter. Med justerbara rep anpassar du gungstolarna individuellt f\u00f6r att garantera optimal komfort och gl\u00e4dje. Denna utomhusbarnswing inkluderar tv\u00e5 s\u00e4ten och en glidmekanism och rymmer tre barn som kan ha kul tillsammans.<\/p>\n<p>Beskrivning:<\/p>\n<ul>\n<li> 2 barns gungstolar och 1 glidset f\u00f6r fyra barn att leka tillsammans<\/li>\n<li> Fr\u00e4mjar barnens balans och koordination<\/li>\n<li> Justerbar l\u00e4ngd anpassar sig till ditt barns storlek under hela dess liv<\/li>\n<li> Metallramen f\u00f6r barnswing med A-ramdesign, utformad f\u00f6r balans<\/li>\n<li> Rekommenderas f\u00f6r barn \u00f6ver 3 \u00e5r<\/li>\n<li> Montering kr\u00e4vs<\/li>\n<\/ul>\n<p>Tekniska data:<\/p>\n<ul>\n<li> F\u00e4rg: Gr\u00f6n+Bl\u00e5<\/li>\n<li> Material: Metall, Plast<\/li>\n<li> Totala dimensioner: 280L x 140B x 178H cm<\/li>\n<li> Gungstol: 35L x 17,3B cm<\/li>\n<li> Glider: 101L x 20B cm<\/li>\n<li> B\u00e4rkapacitet: 90 kg (gungbr\u00e4da), 45 kg (per gungstol), 180 kg (totalt)<\/li>\n<li> Rekommenderad \u00e5lder: 3+ \u00e5r<\/li>\n<\/ul>\n<p>Leveransinneh\u00e5ll:<\/p>\n<ul>\n<li> 2 x gungstolar<\/li>\n<li> 1 x gungbr\u00e4da<\/li>\n<li> 4 x markankare<\/li>\n<li> 1 x handbok<\/li>\n<\/ul>\n","protected":false},"excerpt":{"rendered":"<p>Saknar dina barn lekplatskul? TRUUSK barnswing m\u00f6jligg\u00f6r mer utomhustid och fr\u00e4mjar spelutvecklingen av motoriska f\u00e4rdigheter. Med justerbara rep anpassar du&#8230;<\/p>\n","protected":false},"featured_media":73975,"template":"","meta":[],"product_brand":[],"product_cat":[880,619,616],"product_tag":[],"class_list":{"0":"post-73986","1":"product","2":"type-product","3":"status-publish","4":"has-post-thumbnail","6":"product_cat-baby-barn-2","7":"product_cat-barngungor","8":"product_cat-utomhusleksaker","10":"first","11":"instock","12":"sale","13":"taxable","14":"shipping-taxable","15":"purchasable","16":"product-type-simple"},"yoast_head":"<!-- This site is optimized with the Yoast SEO plugin v25.4 - https:\/\/yoast.com\/wordpress\/plugins\/seo\/ -->\n<title>TRUUSK Gunga Med 3 Gungleksaker - 2 Gungor - Ansikte Mot Ansikte - 2,8L x 1,4B x 1,78H m - Epoximetall - Korrosionsskydd - PE - TRUUSK - Hem, Tr\u00e4dg\u00e5rd &amp; Fritid<\/title>\n<meta name=\"robots\" content=\"index, follow, max-snippet:-1, max-image-preview:large, max-video-preview:-1\" \/>\n<link rel=\"canonical\" href=\"https:\/\/truusk.store\/sv\/produkt\/truusk-gunga-med-3-gungleksaker-2-gungor-ansikte-mot-ansikte-28l-x-14b-x-178h-m-epoximetall-korrosionsskydd-pe\/\" \/>\n<meta property=\"og:locale\" content=\"sv_SE\" \/>\n<meta property=\"og:type\" content=\"article\" \/>\n<meta property=\"og:title\" content=\"TRUUSK Gunga Med 3 Gungleksaker - 2 Gungor - Ansikte Mot Ansikte - 2,8L x 1,4B x 1,78H m - Epoximetall - Korrosionsskydd - PE - TRUUSK - Hem, Tr\u00e4dg\u00e5rd &amp; Fritid\" \/>\n<meta property=\"og:description\" content=\"Saknar dina barn lekplatskul? TRUUSK barnswing m\u00f6jligg\u00f6r mer utomhustid och fr\u00e4mjar spelutvecklingen av motoriska f\u00e4rdigheter. Med justerbara rep anpassar du...\" \/>\n<meta property=\"og:url\" content=\"https:\/\/truusk.store\/sv\/produkt\/truusk-gunga-med-3-gungleksaker-2-gungor-ansikte-mot-ansikte-28l-x-14b-x-178h-m-epoximetall-korrosionsskydd-pe\/\" \/>\n<meta property=\"og:site_name\" content=\"TRUUSK - Hem, Tr\u00e4dg\u00e5rd &amp; Fritid\" \/>\n<meta property=\"article:modified_time\" content=\"2026-03-12T07:58:12+00:00\" \/>\n<meta property=\"og:image\" content=\"https:\/\/i0.wp.com\/truusk.se\/wp-content\/uploads\/2025\/06\/gunga-3-gungleksaker-med-2-gungor-och-ansikte-mot-ansikte-matt-28l-x-14b-x-178h-m-epoximetall-korrosionsskydd-pe-gron-bla-1.webp?fit=2000%2C2000&ssl=1\" \/>\n\t<meta property=\"og:image:width\" content=\"2000\" \/>\n\t<meta property=\"og:image:height\" content=\"2000\" \/>\n\t<meta property=\"og:image:type\" content=\"image\/webp\" \/>\n<meta name=\"twitter:card\" content=\"summary_large_image\" \/>\n<meta name=\"twitter:label1\" content=\"Ber\u00e4knad l\u00e4stid\" \/>\n\t<meta name=\"twitter:data1\" content=\"1 minut\" \/>\n<!-- \/ Yoast SEO plugin. -->","yoast_head_json":{"title":"TRUUSK Gunga Med 3 Gungleksaker - 2 Gungor - Ansikte Mot Ansikte - 2,8L x 1,4B x 1,78H m - Epoximetall - Korrosionsskydd - PE - TRUUSK - Hem, Tr\u00e4dg\u00e5rd &amp; Fritid","robots":{"index":"index","follow":"follow","max-snippet":"max-snippet:-1","max-image-preview":"max-image-preview:large","max-video-preview":"max-video-preview:-1"},"canonical":"https:\/\/truusk.store\/sv\/produkt\/truusk-gunga-med-3-gungleksaker-2-gungor-ansikte-mot-ansikte-28l-x-14b-x-178h-m-epoximetall-korrosionsskydd-pe\/","og_locale":"sv_SE","og_type":"article","og_title":"TRUUSK Gunga Med 3 Gungleksaker - 2 Gungor - Ansikte Mot Ansikte - 2,8L x 1,4B x 1,78H m - Epoximetall - Korrosionsskydd - PE - TRUUSK - Hem, Tr\u00e4dg\u00e5rd &amp; Fritid","og_description":"Saknar dina barn lekplatskul? TRUUSK barnswing m\u00f6jligg\u00f6r mer utomhustid och fr\u00e4mjar spelutvecklingen av motoriska f\u00e4rdigheter. Med justerbara rep anpassar du...","og_url":"https:\/\/truusk.store\/sv\/produkt\/truusk-gunga-med-3-gungleksaker-2-gungor-ansikte-mot-ansikte-28l-x-14b-x-178h-m-epoximetall-korrosionsskydd-pe\/","og_site_name":"TRUUSK - Hem, Tr\u00e4dg\u00e5rd &amp; Fritid","article_modified_time":"2026-03-12T07:58:12+00:00","og_image":[{"width":2000,"height":2000,"url":"https:\/\/i0.wp.com\/truusk.se\/wp-content\/uploads\/2025\/06\/gunga-3-gungleksaker-med-2-gungor-och-ansikte-mot-ansikte-matt-28l-x-14b-x-178h-m-epoximetall-korrosionsskydd-pe-gron-bla-1.webp?fit=2000%2C2000&ssl=1","type":"image\/webp"}],"twitter_card":"summary_large_image","twitter_misc":{"Ber\u00e4knad l\u00e4stid":"1 minut"},"schema":{"@context":"https:\/\/schema.org","@graph":[{"@type":"WebPage","@id":"https:\/\/truusk.store\/sv\/produkt\/truusk-gunga-med-3-gungleksaker-2-gungor-ansikte-mot-ansikte-28l-x-14b-x-178h-m-epoximetall-korrosionsskydd-pe\/","url":"https:\/\/truusk.store\/sv\/produkt\/truusk-gunga-med-3-gungleksaker-2-gungor-ansikte-mot-ansikte-28l-x-14b-x-178h-m-epoximetall-korrosionsskydd-pe\/","name":"TRUUSK Gunga Med 3 Gungleksaker - 2 Gungor - Ansikte Mot Ansikte - 2,8L x 1,4B x 1,78H m - Epoximetall - Korrosionsskydd - PE - TRUUSK - Hem, Tr\u00e4dg\u00e5rd &amp; Fritid","isPartOf":{"@id":"https:\/\/truusk.store\/sv\/#website"},"primaryImageOfPage":{"@id":"https:\/\/truusk.store\/sv\/produkt\/truusk-gunga-med-3-gungleksaker-2-gungor-ansikte-mot-ansikte-28l-x-14b-x-178h-m-epoximetall-korrosionsskydd-pe\/#primaryimage"},"image":{"@id":"https:\/\/truusk.store\/sv\/produkt\/truusk-gunga-med-3-gungleksaker-2-gungor-ansikte-mot-ansikte-28l-x-14b-x-178h-m-epoximetall-korrosionsskydd-pe\/#primaryimage"},"thumbnailUrl":"https:\/\/i0.wp.com\/truusk.store\/wp-content\/uploads\/2025\/06\/gunga-3-gungleksaker-med-2-gungor-och-ansikte-mot-ansikte-matt-28l-x-14b-x-178h-m-epoximetall-korrosionsskydd-pe-gron-bla-1.webp?fit=2000%2C2000&ssl=1","datePublished":"2025-06-06T00:24:34+00:00","dateModified":"2026-03-12T07:58:12+00:00","breadcrumb":{"@id":"https:\/\/truusk.store\/sv\/produkt\/truusk-gunga-med-3-gungleksaker-2-gungor-ansikte-mot-ansikte-28l-x-14b-x-178h-m-epoximetall-korrosionsskydd-pe\/#breadcrumb"},"inLanguage":"sv-SE","potentialAction":[{"@type":"ReadAction","target":["https:\/\/truusk.store\/sv\/produkt\/truusk-gunga-med-3-gungleksaker-2-gungor-ansikte-mot-ansikte-28l-x-14b-x-178h-m-epoximetall-korrosionsskydd-pe\/"]}]},{"@type":"ImageObject","inLanguage":"sv-SE","@id":"https:\/\/truusk.store\/sv\/produkt\/truusk-gunga-med-3-gungleksaker-2-gungor-ansikte-mot-ansikte-28l-x-14b-x-178h-m-epoximetall-korrosionsskydd-pe\/#primaryimage","url":"https:\/\/i0.wp.com\/truusk.store\/wp-content\/uploads\/2025\/06\/gunga-3-gungleksaker-med-2-gungor-och-ansikte-mot-ansikte-matt-28l-x-14b-x-178h-m-epoximetall-korrosionsskydd-pe-gron-bla-1.webp?fit=2000%2C2000&ssl=1","contentUrl":"https:\/\/i0.wp.com\/truusk.store\/wp-content\/uploads\/2025\/06\/gunga-3-gungleksaker-med-2-gungor-och-ansikte-mot-ansikte-matt-28l-x-14b-x-178h-m-epoximetall-korrosionsskydd-pe-gron-bla-1.webp?fit=2000%2C2000&ssl=1","width":2000,"height":2000},{"@type":"BreadcrumbList","@id":"https:\/\/truusk.store\/sv\/produkt\/truusk-gunga-med-3-gungleksaker-2-gungor-ansikte-mot-ansikte-28l-x-14b-x-178h-m-epoximetall-korrosionsskydd-pe\/#breadcrumb","itemListElement":[{"@type":"ListItem","position":1,"name":"Home","item":"https:\/\/truusk.store\/sv\/"},{"@type":"ListItem","position":2,"name":"Shop","item":"https:\/\/truusk.store\/shop\/"},{"@type":"ListItem","position":3,"name":"TRUUSK Gunga Med 3 Gungleksaker &#8211; 2 Gungor &#8211; Ansikte Mot Ansikte &#8211; 2,8L x 1,4B x 1,78H m &#8211; Epoximetall &#8211; Korrosionsskydd &#8211; PE &#8211;"}]},{"@type":"WebSite","@id":"https:\/\/truusk.store\/sv\/#website","url":"https:\/\/truusk.store\/sv\/","name":"TRUUSK - Hem, Tr\u00e4dg\u00e5rd & Fritid","description":"","publisher":{"@id":"https:\/\/truusk.store\/sv\/#organization"},"potentialAction":[{"@type":"SearchAction","target":{"@type":"EntryPoint","urlTemplate":"https:\/\/truusk.store\/sv\/?s={search_term_string}"},"query-input":{"@type":"PropertyValueSpecification","valueRequired":true,"valueName":"search_term_string"}}],"inLanguage":"sv-SE"},{"@type":"Organization","@id":"https:\/\/truusk.store\/sv\/#organization","name":"TRUUSK - Hem, Tr\u00e4dg\u00e5rd & Fritid","url":"https:\/\/truusk.store\/sv\/","logo":{"@type":"ImageObject","inLanguage":"sv-SE","@id":"https:\/\/truusk.store\/sv\/#\/schema\/logo\/image\/","url":"https:\/\/i0.wp.com\/truusk.store\/wp-content\/uploads\/2026\/03\/cropped-TRUUSK.png?fit=2032%2C917&ssl=1","contentUrl":"https:\/\/i0.wp.com\/truusk.store\/wp-content\/uploads\/2026\/03\/cropped-TRUUSK.png?fit=2032%2C917&ssl=1","width":2032,"height":917,"caption":"TRUUSK - Hem, Tr\u00e4dg\u00e5rd & Fritid"},"image":{"@id":"https:\/\/truusk.store\/sv\/#\/schema\/logo\/image\/"}}]}},"jetpack_sharing_enabled":true,"_links":{"self":[{"href":"https:\/\/truusk.store\/sv\/wp-json\/wp\/v2\/product\/73986","targetHints":{"allow":["GET"]}}],"collection":[{"href":"https:\/\/truusk.store\/sv\/wp-json\/wp\/v2\/product"}],"about":[{"href":"https:\/\/truusk.store\/sv\/wp-json\/wp\/v2\/types\/product"}],"wp:featuredmedia":[{"embeddable":true,"href":"https:\/\/truusk.store\/sv\/wp-json\/wp\/v2\/media\/73975"}],"wp:attachment":[{"href":"https:\/\/truusk.store\/sv\/wp-json\/wp\/v2\/media?parent=73986"}],"wp:term":[{"taxonomy":"product_brand","embeddable":true,"href":"https:\/\/truusk.store\/sv\/wp-json\/wp\/v2\/product_brand?post=73986"},{"taxonomy":"product_cat","embeddable":true,"href":"https:\/\/truusk.store\/sv\/wp-json\/wp\/v2\/product_cat?post=73986"},{"taxonomy":"product_tag","embeddable":true,"href":"https:\/\/truusk.store\/sv\/wp-json\/wp\/v2\/product_tag?post=73986"}],"curies":[{"name":"wp","href":"https:\/\/api.w.org\/{rel}","templated":true}]}}