{"id":74003,"date":"2025-06-06T01:26:14","date_gmt":"2025-06-06T00:26:14","guid":{"rendered":"https:\/\/truusk.store\/product\/utomhus-justerbar-barbar-basketkorg-hojdjusterbar-korg-212-250-cm-staende-fot-med-hjul-metallstolpe-svart-vit\/"},"modified":"2026-03-12T09:04:17","modified_gmt":"2026-03-12T08:04:17","slug":"truusk-justerbar-barbar-basketkorg-hojdjusterbar-212-250-cm-staende-fot-med-hjul-metallstolpe-svart-vit","status":"publish","type":"product","link":"https:\/\/truusk.store\/sv\/produkt\/truusk-justerbar-barbar-basketkorg-hojdjusterbar-212-250-cm-staende-fot-med-hjul-metallstolpe-svart-vit\/","title":{"rendered":"TRUUSK Justerbar B\u00e4rbar Basketkorg &#8211; H\u00f6jdjusterbar 212-250 Cm &#8211; St\u00e5ende Fot Med Hjul &#8211; Metallstolpe &#8211; Svart Vit"},"content":{"rendered":"<p>TRUUSK basketkorgen \u00e4r perfekt f\u00f6r spel- och tr\u00e4ningsentusiastiska ungdomar och vuxna. Med fem justerbara h\u00f6jder kan korgen optimalt anpassas till spelarnas storlekar. Dunkningar \u00e4r inget problem, eftersom basen p\u00e5 basketst\u00e4llningen kan fyllas med vatten f\u00f6r stabilisering. Tack vare de inbyggda hjulen \u00e4r det ocks\u00e5 enkelt att flytta konstruktionen!<\/p>\n<p>Beskrivning:<\/p>\n<ul>\n<li> L\u00e4mplig f\u00f6r anv\u00e4ndning utomhus och inomhus<\/li>\n<li> Tillverkad med metallram, PE-panel och -bas<\/li>\n<li> Basketkorgen kan justeras till 5 olika h\u00f6jder, fr\u00e5n 175 cm till 215 cm, f\u00f6r att anpassa sig till varje spelare<\/li>\n<li> Basen p\u00e5 basketst\u00e4llningen kan fyllas med 33 kg vatten f\u00f6r \u00f6kad stabilitet<\/li>\n<li> V\u00e4derbest\u00e4ndig, h\u00e5llbar struktur<\/li>\n<li> Montering kr\u00e4vs<\/li>\n<\/ul>\n<p> Tekniska data:<\/p>\n<ul>\n<li> F\u00e4rg: Svart+Vit<\/li>\n<li> Material: Metall, PE<\/li>\n<li> Totala dimensioner: 75,5L x 71B x 212-250H cm<\/li>\n<li> PE-bas: 55,5B x 75,5T x 13H cm<\/li>\n<li> Korg h\u00f6jd: 175-215 cm<\/li>\n<li> Panelh\u00f6jd: 169-209 cm<\/li>\n<li> Panel dimensioner: 71L x 2B x 45H cm<\/li>\n<li> H\u00f6jd steg: 9,5 cm<\/li>\n<\/ul>\n<p>Leveransinneh\u00e5ll:<\/p>\n<ul>\n<li> 1 x Basketkorg<\/li>\n<li> 1 x Handbok<\/li>\n<\/ul>\n","protected":false},"excerpt":{"rendered":"<p>TRUUSK basketkorgen \u00e4r perfekt f\u00f6r spel- och tr\u00e4ningsentusiastiska ungdomar och vuxna. Med fem justerbara h\u00f6jder kan korgen optimalt anpassas till&#8230;<\/p>\n","protected":false},"featured_media":73996,"template":"","meta":[],"product_brand":[],"product_cat":[880,939,953,616],"product_tag":[],"class_list":{"0":"post-74003","1":"product","2":"type-product","3":"status-publish","4":"has-post-thumbnail","6":"product_cat-baby-barn-2","7":"product_cat-barnsport","8":"product_cat-basketballstander","9":"product_cat-utomhusleksaker","11":"first","12":"instock","13":"sale","14":"taxable","15":"shipping-taxable","16":"purchasable","17":"product-type-simple"},"yoast_head":"<!-- This site is optimized with the Yoast SEO plugin v25.4 - https:\/\/yoast.com\/wordpress\/plugins\/seo\/ -->\n<title>TRUUSK Justerbar B\u00e4rbar Basketkorg - H\u00f6jdjusterbar 212-250 Cm - St\u00e5ende Fot Med Hjul - Metallstolpe - Svart Vit - TRUUSK - Hem, Tr\u00e4dg\u00e5rd &amp; Fritid<\/title>\n<meta name=\"robots\" content=\"index, follow, max-snippet:-1, max-image-preview:large, max-video-preview:-1\" \/>\n<link rel=\"canonical\" href=\"https:\/\/truusk.store\/sv\/produkt\/truusk-justerbar-barbar-basketkorg-hojdjusterbar-212-250-cm-staende-fot-med-hjul-metallstolpe-svart-vit\/\" \/>\n<meta property=\"og:locale\" content=\"sv_SE\" \/>\n<meta property=\"og:type\" content=\"article\" \/>\n<meta property=\"og:title\" content=\"TRUUSK Justerbar B\u00e4rbar Basketkorg - H\u00f6jdjusterbar 212-250 Cm - St\u00e5ende Fot Med Hjul - Metallstolpe - Svart Vit - TRUUSK - Hem, Tr\u00e4dg\u00e5rd &amp; Fritid\" \/>\n<meta property=\"og:description\" content=\"TRUUSK basketkorgen \u00e4r perfekt f\u00f6r spel- och tr\u00e4ningsentusiastiska ungdomar och vuxna. Med fem justerbara h\u00f6jder kan korgen optimalt anpassas till...\" \/>\n<meta property=\"og:url\" content=\"https:\/\/truusk.store\/sv\/produkt\/truusk-justerbar-barbar-basketkorg-hojdjusterbar-212-250-cm-staende-fot-med-hjul-metallstolpe-svart-vit\/\" \/>\n<meta property=\"og:site_name\" content=\"TRUUSK - Hem, Tr\u00e4dg\u00e5rd &amp; Fritid\" \/>\n<meta property=\"article:modified_time\" content=\"2026-03-12T08:04:17+00:00\" \/>\n<meta property=\"og:image\" content=\"https:\/\/i0.wp.com\/truusk.se\/wp-content\/uploads\/2025\/06\/utomhus-justerbar-barbar-basketkorg-hojdjusterbar-korg-212-250-cm-staende-fot-med-hjul-metallstolpe-svart-vit-1.webp?fit=2000%2C2000&ssl=1\" \/>\n\t<meta property=\"og:image:width\" content=\"2000\" \/>\n\t<meta property=\"og:image:height\" content=\"2000\" \/>\n\t<meta property=\"og:image:type\" content=\"image\/webp\" \/>\n<meta name=\"twitter:card\" content=\"summary_large_image\" \/>\n<meta name=\"twitter:label1\" content=\"Ber\u00e4knad l\u00e4stid\" \/>\n\t<meta name=\"twitter:data1\" content=\"1 minut\" \/>\n<!-- \/ Yoast SEO plugin. -->","yoast_head_json":{"title":"TRUUSK Justerbar B\u00e4rbar Basketkorg - H\u00f6jdjusterbar 212-250 Cm - St\u00e5ende Fot Med Hjul - Metallstolpe - Svart Vit - TRUUSK - Hem, Tr\u00e4dg\u00e5rd &amp; Fritid","robots":{"index":"index","follow":"follow","max-snippet":"max-snippet:-1","max-image-preview":"max-image-preview:large","max-video-preview":"max-video-preview:-1"},"canonical":"https:\/\/truusk.store\/sv\/produkt\/truusk-justerbar-barbar-basketkorg-hojdjusterbar-212-250-cm-staende-fot-med-hjul-metallstolpe-svart-vit\/","og_locale":"sv_SE","og_type":"article","og_title":"TRUUSK Justerbar B\u00e4rbar Basketkorg - H\u00f6jdjusterbar 212-250 Cm - St\u00e5ende Fot Med Hjul - Metallstolpe - Svart Vit - TRUUSK - Hem, Tr\u00e4dg\u00e5rd &amp; Fritid","og_description":"TRUUSK basketkorgen \u00e4r perfekt f\u00f6r spel- och tr\u00e4ningsentusiastiska ungdomar och vuxna. Med fem justerbara h\u00f6jder kan korgen optimalt anpassas till...","og_url":"https:\/\/truusk.store\/sv\/produkt\/truusk-justerbar-barbar-basketkorg-hojdjusterbar-212-250-cm-staende-fot-med-hjul-metallstolpe-svart-vit\/","og_site_name":"TRUUSK - Hem, Tr\u00e4dg\u00e5rd &amp; Fritid","article_modified_time":"2026-03-12T08:04:17+00:00","og_image":[{"width":2000,"height":2000,"url":"https:\/\/i0.wp.com\/truusk.se\/wp-content\/uploads\/2025\/06\/utomhus-justerbar-barbar-basketkorg-hojdjusterbar-korg-212-250-cm-staende-fot-med-hjul-metallstolpe-svart-vit-1.webp?fit=2000%2C2000&ssl=1","type":"image\/webp"}],"twitter_card":"summary_large_image","twitter_misc":{"Ber\u00e4knad l\u00e4stid":"1 minut"},"schema":{"@context":"https:\/\/schema.org","@graph":[{"@type":"WebPage","@id":"https:\/\/truusk.store\/sv\/produkt\/truusk-justerbar-barbar-basketkorg-hojdjusterbar-212-250-cm-staende-fot-med-hjul-metallstolpe-svart-vit\/","url":"https:\/\/truusk.store\/sv\/produkt\/truusk-justerbar-barbar-basketkorg-hojdjusterbar-212-250-cm-staende-fot-med-hjul-metallstolpe-svart-vit\/","name":"TRUUSK Justerbar B\u00e4rbar Basketkorg - H\u00f6jdjusterbar 212-250 Cm - St\u00e5ende Fot Med Hjul - Metallstolpe - Svart Vit - TRUUSK - Hem, Tr\u00e4dg\u00e5rd &amp; Fritid","isPartOf":{"@id":"https:\/\/truusk.store\/sv\/#website"},"primaryImageOfPage":{"@id":"https:\/\/truusk.store\/sv\/produkt\/truusk-justerbar-barbar-basketkorg-hojdjusterbar-212-250-cm-staende-fot-med-hjul-metallstolpe-svart-vit\/#primaryimage"},"image":{"@id":"https:\/\/truusk.store\/sv\/produkt\/truusk-justerbar-barbar-basketkorg-hojdjusterbar-212-250-cm-staende-fot-med-hjul-metallstolpe-svart-vit\/#primaryimage"},"thumbnailUrl":"https:\/\/i0.wp.com\/truusk.store\/wp-content\/uploads\/2025\/06\/utomhus-justerbar-barbar-basketkorg-hojdjusterbar-korg-212-250-cm-staende-fot-med-hjul-metallstolpe-svart-vit-1.webp?fit=2000%2C2000&ssl=1","datePublished":"2025-06-06T00:26:14+00:00","dateModified":"2026-03-12T08:04:17+00:00","breadcrumb":{"@id":"https:\/\/truusk.store\/sv\/produkt\/truusk-justerbar-barbar-basketkorg-hojdjusterbar-212-250-cm-staende-fot-med-hjul-metallstolpe-svart-vit\/#breadcrumb"},"inLanguage":"sv-SE","potentialAction":[{"@type":"ReadAction","target":["https:\/\/truusk.store\/sv\/produkt\/truusk-justerbar-barbar-basketkorg-hojdjusterbar-212-250-cm-staende-fot-med-hjul-metallstolpe-svart-vit\/"]}]},{"@type":"ImageObject","inLanguage":"sv-SE","@id":"https:\/\/truusk.store\/sv\/produkt\/truusk-justerbar-barbar-basketkorg-hojdjusterbar-212-250-cm-staende-fot-med-hjul-metallstolpe-svart-vit\/#primaryimage","url":"https:\/\/i0.wp.com\/truusk.store\/wp-content\/uploads\/2025\/06\/utomhus-justerbar-barbar-basketkorg-hojdjusterbar-korg-212-250-cm-staende-fot-med-hjul-metallstolpe-svart-vit-1.webp?fit=2000%2C2000&ssl=1","contentUrl":"https:\/\/i0.wp.com\/truusk.store\/wp-content\/uploads\/2025\/06\/utomhus-justerbar-barbar-basketkorg-hojdjusterbar-korg-212-250-cm-staende-fot-med-hjul-metallstolpe-svart-vit-1.webp?fit=2000%2C2000&ssl=1","width":2000,"height":2000},{"@type":"BreadcrumbList","@id":"https:\/\/truusk.store\/sv\/produkt\/truusk-justerbar-barbar-basketkorg-hojdjusterbar-212-250-cm-staende-fot-med-hjul-metallstolpe-svart-vit\/#breadcrumb","itemListElement":[{"@type":"ListItem","position":1,"name":"Home","item":"https:\/\/truusk.store\/sv\/"},{"@type":"ListItem","position":2,"name":"Shop","item":"https:\/\/truusk.store\/shop\/"},{"@type":"ListItem","position":3,"name":"TRUUSK Justerbar B\u00e4rbar Basketkorg &#8211; H\u00f6jdjusterbar 212-250 Cm &#8211; St\u00e5ende Fot Med Hjul &#8211; Metallstolpe &#8211; Svart Vit"}]},{"@type":"WebSite","@id":"https:\/\/truusk.store\/sv\/#website","url":"https:\/\/truusk.store\/sv\/","name":"TRUUSK - Hem, Tr\u00e4dg\u00e5rd & Fritid","description":"","publisher":{"@id":"https:\/\/truusk.store\/sv\/#organization"},"potentialAction":[{"@type":"SearchAction","target":{"@type":"EntryPoint","urlTemplate":"https:\/\/truusk.store\/sv\/?s={search_term_string}"},"query-input":{"@type":"PropertyValueSpecification","valueRequired":true,"valueName":"search_term_string"}}],"inLanguage":"sv-SE"},{"@type":"Organization","@id":"https:\/\/truusk.store\/sv\/#organization","name":"TRUUSK - Hem, Tr\u00e4dg\u00e5rd & Fritid","url":"https:\/\/truusk.store\/sv\/","logo":{"@type":"ImageObject","inLanguage":"sv-SE","@id":"https:\/\/truusk.store\/sv\/#\/schema\/logo\/image\/","url":"https:\/\/i0.wp.com\/truusk.store\/wp-content\/uploads\/2026\/03\/cropped-TRUUSK.png?fit=2032%2C917&ssl=1","contentUrl":"https:\/\/i0.wp.com\/truusk.store\/wp-content\/uploads\/2026\/03\/cropped-TRUUSK.png?fit=2032%2C917&ssl=1","width":2032,"height":917,"caption":"TRUUSK - Hem, Tr\u00e4dg\u00e5rd & Fritid"},"image":{"@id":"https:\/\/truusk.store\/sv\/#\/schema\/logo\/image\/"}}]}},"jetpack_sharing_enabled":true,"_links":{"self":[{"href":"https:\/\/truusk.store\/sv\/wp-json\/wp\/v2\/product\/74003","targetHints":{"allow":["GET"]}}],"collection":[{"href":"https:\/\/truusk.store\/sv\/wp-json\/wp\/v2\/product"}],"about":[{"href":"https:\/\/truusk.store\/sv\/wp-json\/wp\/v2\/types\/product"}],"wp:featuredmedia":[{"embeddable":true,"href":"https:\/\/truusk.store\/sv\/wp-json\/wp\/v2\/media\/73996"}],"wp:attachment":[{"href":"https:\/\/truusk.store\/sv\/wp-json\/wp\/v2\/media?parent=74003"}],"wp:term":[{"taxonomy":"product_brand","embeddable":true,"href":"https:\/\/truusk.store\/sv\/wp-json\/wp\/v2\/product_brand?post=74003"},{"taxonomy":"product_cat","embeddable":true,"href":"https:\/\/truusk.store\/sv\/wp-json\/wp\/v2\/product_cat?post=74003"},{"taxonomy":"product_tag","embeddable":true,"href":"https:\/\/truusk.store\/sv\/wp-json\/wp\/v2\/product_tag?post=74003"}],"curies":[{"name":"wp","href":"https:\/\/api.w.org\/{rel}","templated":true}]}}