{"id":7402,"date":"2024-02-13T08:50:56","date_gmt":"2024-02-13T07:50:56","guid":{"rendered":"https:\/\/truusk.store\/product\/fotbollsmal-pop-up-mal-barbart-fotbollsnat-set-med-2-minimal-mobil-med-barvaska-hopfallbar-bla-123-x-80-x-80-cm\/"},"modified":"2026-03-12T08:55:32","modified_gmt":"2026-03-12T07:55:32","slug":"truusk-pop-up-fotbollsmal-set-hopfallbar-och-barbar-bla-2-minimal-mobil-med-barvaska-123-x-80-x-80-cm","status":"publish","type":"product","link":"https:\/\/truusk.store\/sv\/produkt\/truusk-pop-up-fotbollsmal-set-hopfallbar-och-barbar-bla-2-minimal-mobil-med-barvaska-123-x-80-x-80-cm\/","title":{"rendered":"TRUUSK Pop Up Fotbollsm\u00e5l Set &#8211; Hopf\u00e4llbar och B\u00e4rbar &#8211; Bl\u00e5 &#8211; 2 Minim\u00e5l &#8211; Mobil Med B\u00e4rv\u00e4ska &#8211; 123 x 80 x 80 cm"},"content":{"rendered":"<p>V\u00e5rt 2 i 1 POP-UP fotbollsn\u00e4t \u00e4r det optimala alternativet, perfekt f\u00f6r alla typer av grupper eftersom det \u00e4r en fantastisk aktivitet f\u00f6r interaktion mellan f\u00f6r\u00e4ldrar och barn, v\u00e4nner eller kollegor p\u00e5 en utomhusfest. Tack vare sin kompakta och l\u00e4tta b\u00e4rbara design \u00e4r den idealisk f\u00f6r alla typer av grupper. Njut av en fantastisk tid med dina v\u00e4nner och familj n\u00e4r du spelar.<\/p>\n<h3>Beskrivning:<\/h3>\n<ul>\n<li>2-i-1-design f\u00f6r roligare n\u00e4r du spelar boll<\/li>\n<li>Popup-design snabbt och enkelt att spela<\/li>\n<li>L\u00e4tt f\u00f6rem\u00e5l och b\u00e4rv\u00e4ska ing\u00e5r f\u00f6r enkel transport<\/li>\n<li>Perfekt f\u00f6r barn och vuxna som tycker om att spela fotboll<\/li>\n<li>H\u00f6gkvalitativt material f\u00f6r l\u00e5ngvarig anv\u00e4ndning<\/li>\n<li>L\u00e4tt att montera \u00e4ven f\u00f6r barn<\/li>\n<li>En b\u00e4rv\u00e4ska ing\u00e5r<\/li>\n<\/ul>\n<h3>Teknisk data:<\/h3>\n<ul>\n<li>F\u00e4rg bl\u00e5<\/li>\n<li>Material: glasfiberr\u00f6r, Oxfordduk, plast<\/li>\n<li>Totalstorlek: 123L x 80W x 80D cm<\/li>\n<li>Vikbar storlek: 39 cm<\/li>\n<\/ul>\n<h3>Leveransens omfattning:<\/h3>\n<ul>\n<li>2 x fotbollsn\u00e4t<\/li>\n<li>1 x B\u00e4rv\u00e4ska<\/li>\n<\/ul>\n","protected":false},"excerpt":{"rendered":"<p>V\u00e5rt 2 i 1 POP-UP fotbollsn\u00e4t \u00e4r det optimala alternativet, perfekt f\u00f6r alla typer av grupper eftersom det \u00e4r en&#8230;<\/p>\n","protected":false},"featured_media":7403,"template":"","meta":[],"product_brand":[],"product_cat":[609,617,729,616],"product_tag":[],"class_list":{"0":"post-7402","1":"product","2":"type-product","3":"status-publish","4":"has-post-thumbnail","6":"product_cat-baby-barn","7":"product_cat-barnidrott","8":"product_cat-fotbollsmal","9":"product_cat-utomhusleksaker","11":"first","12":"instock","13":"sale","14":"taxable","15":"shipping-taxable","16":"purchasable","17":"product-type-simple"},"yoast_head":"<!-- This site is optimized with the Yoast SEO plugin v25.4 - https:\/\/yoast.com\/wordpress\/plugins\/seo\/ -->\n<title>TRUUSK Pop Up Fotbollsm\u00e5l Set - Hopf\u00e4llbar och B\u00e4rbar - Bl\u00e5 - 2 Minim\u00e5l - Mobil Med B\u00e4rv\u00e4ska - 123 x 80 x 80 cm - TRUUSK - Hem, Tr\u00e4dg\u00e5rd &amp; Fritid<\/title>\n<meta name=\"robots\" content=\"index, follow, max-snippet:-1, max-image-preview:large, max-video-preview:-1\" \/>\n<link rel=\"canonical\" href=\"https:\/\/truusk.store\/sv\/produkt\/truusk-pop-up-fotbollsmal-set-hopfallbar-och-barbar-bla-2-minimal-mobil-med-barvaska-123-x-80-x-80-cm\/\" \/>\n<meta property=\"og:locale\" content=\"sv_SE\" \/>\n<meta property=\"og:type\" content=\"article\" \/>\n<meta property=\"og:title\" content=\"TRUUSK Pop Up Fotbollsm\u00e5l Set - Hopf\u00e4llbar och B\u00e4rbar - Bl\u00e5 - 2 Minim\u00e5l - Mobil Med B\u00e4rv\u00e4ska - 123 x 80 x 80 cm - TRUUSK - Hem, Tr\u00e4dg\u00e5rd &amp; Fritid\" \/>\n<meta property=\"og:description\" content=\"V\u00e5rt 2 i 1 POP-UP fotbollsn\u00e4t \u00e4r det optimala alternativet, perfekt f\u00f6r alla typer av grupper eftersom det \u00e4r en...\" \/>\n<meta property=\"og:url\" content=\"https:\/\/truusk.store\/sv\/produkt\/truusk-pop-up-fotbollsmal-set-hopfallbar-och-barbar-bla-2-minimal-mobil-med-barvaska-123-x-80-x-80-cm\/\" \/>\n<meta property=\"og:site_name\" content=\"TRUUSK - Hem, Tr\u00e4dg\u00e5rd &amp; Fritid\" \/>\n<meta property=\"article:modified_time\" content=\"2026-03-12T07:55:32+00:00\" \/>\n<meta property=\"og:image\" content=\"https:\/\/i0.wp.com\/truusk.se\/wp-content\/uploads\/2024\/02\/fotbollsmal-pop-up-mal-barbart-fotbollsnat-set-med-2-minimal-mobil-med-barvaska-hopfallbar-bla-123-x-80-x-80-cm.webp?fit=800%2C800&ssl=1\" \/>\n\t<meta property=\"og:image:width\" content=\"800\" \/>\n\t<meta property=\"og:image:height\" content=\"800\" \/>\n\t<meta property=\"og:image:type\" content=\"image\/webp\" \/>\n<meta name=\"twitter:card\" content=\"summary_large_image\" \/>\n<meta name=\"twitter:label1\" content=\"Ber\u00e4knad l\u00e4stid\" \/>\n\t<meta name=\"twitter:data1\" content=\"1 minut\" \/>\n<!-- \/ Yoast SEO plugin. -->","yoast_head_json":{"title":"TRUUSK Pop Up Fotbollsm\u00e5l Set - Hopf\u00e4llbar och B\u00e4rbar - Bl\u00e5 - 2 Minim\u00e5l - Mobil Med B\u00e4rv\u00e4ska - 123 x 80 x 80 cm - TRUUSK - Hem, Tr\u00e4dg\u00e5rd &amp; Fritid","robots":{"index":"index","follow":"follow","max-snippet":"max-snippet:-1","max-image-preview":"max-image-preview:large","max-video-preview":"max-video-preview:-1"},"canonical":"https:\/\/truusk.store\/sv\/produkt\/truusk-pop-up-fotbollsmal-set-hopfallbar-och-barbar-bla-2-minimal-mobil-med-barvaska-123-x-80-x-80-cm\/","og_locale":"sv_SE","og_type":"article","og_title":"TRUUSK Pop Up Fotbollsm\u00e5l Set - Hopf\u00e4llbar och B\u00e4rbar - Bl\u00e5 - 2 Minim\u00e5l - Mobil Med B\u00e4rv\u00e4ska - 123 x 80 x 80 cm - TRUUSK - Hem, Tr\u00e4dg\u00e5rd &amp; Fritid","og_description":"V\u00e5rt 2 i 1 POP-UP fotbollsn\u00e4t \u00e4r det optimala alternativet, perfekt f\u00f6r alla typer av grupper eftersom det \u00e4r en...","og_url":"https:\/\/truusk.store\/sv\/produkt\/truusk-pop-up-fotbollsmal-set-hopfallbar-och-barbar-bla-2-minimal-mobil-med-barvaska-123-x-80-x-80-cm\/","og_site_name":"TRUUSK - Hem, Tr\u00e4dg\u00e5rd &amp; Fritid","article_modified_time":"2026-03-12T07:55:32+00:00","og_image":[{"width":800,"height":800,"url":"https:\/\/i0.wp.com\/truusk.se\/wp-content\/uploads\/2024\/02\/fotbollsmal-pop-up-mal-barbart-fotbollsnat-set-med-2-minimal-mobil-med-barvaska-hopfallbar-bla-123-x-80-x-80-cm.webp?fit=800%2C800&ssl=1","type":"image\/webp"}],"twitter_card":"summary_large_image","twitter_misc":{"Ber\u00e4knad l\u00e4stid":"1 minut"},"schema":{"@context":"https:\/\/schema.org","@graph":[{"@type":"WebPage","@id":"https:\/\/truusk.store\/sv\/produkt\/truusk-pop-up-fotbollsmal-set-hopfallbar-och-barbar-bla-2-minimal-mobil-med-barvaska-123-x-80-x-80-cm\/","url":"https:\/\/truusk.store\/sv\/produkt\/truusk-pop-up-fotbollsmal-set-hopfallbar-och-barbar-bla-2-minimal-mobil-med-barvaska-123-x-80-x-80-cm\/","name":"TRUUSK Pop Up Fotbollsm\u00e5l Set - Hopf\u00e4llbar och B\u00e4rbar - Bl\u00e5 - 2 Minim\u00e5l - Mobil Med B\u00e4rv\u00e4ska - 123 x 80 x 80 cm - TRUUSK - Hem, Tr\u00e4dg\u00e5rd &amp; Fritid","isPartOf":{"@id":"https:\/\/truusk.store\/sv\/#website"},"primaryImageOfPage":{"@id":"https:\/\/truusk.store\/sv\/produkt\/truusk-pop-up-fotbollsmal-set-hopfallbar-och-barbar-bla-2-minimal-mobil-med-barvaska-123-x-80-x-80-cm\/#primaryimage"},"image":{"@id":"https:\/\/truusk.store\/sv\/produkt\/truusk-pop-up-fotbollsmal-set-hopfallbar-och-barbar-bla-2-minimal-mobil-med-barvaska-123-x-80-x-80-cm\/#primaryimage"},"thumbnailUrl":"https:\/\/i0.wp.com\/truusk.store\/wp-content\/uploads\/2024\/02\/fotbollsmal-pop-up-mal-barbart-fotbollsnat-set-med-2-minimal-mobil-med-barvaska-hopfallbar-bla-123-x-80-x-80-cm.webp?fit=800%2C800&ssl=1","datePublished":"2024-02-13T07:50:56+00:00","dateModified":"2026-03-12T07:55:32+00:00","breadcrumb":{"@id":"https:\/\/truusk.store\/sv\/produkt\/truusk-pop-up-fotbollsmal-set-hopfallbar-och-barbar-bla-2-minimal-mobil-med-barvaska-123-x-80-x-80-cm\/#breadcrumb"},"inLanguage":"sv-SE","potentialAction":[{"@type":"ReadAction","target":["https:\/\/truusk.store\/sv\/produkt\/truusk-pop-up-fotbollsmal-set-hopfallbar-och-barbar-bla-2-minimal-mobil-med-barvaska-123-x-80-x-80-cm\/"]}]},{"@type":"ImageObject","inLanguage":"sv-SE","@id":"https:\/\/truusk.store\/sv\/produkt\/truusk-pop-up-fotbollsmal-set-hopfallbar-och-barbar-bla-2-minimal-mobil-med-barvaska-123-x-80-x-80-cm\/#primaryimage","url":"https:\/\/i0.wp.com\/truusk.store\/wp-content\/uploads\/2024\/02\/fotbollsmal-pop-up-mal-barbart-fotbollsnat-set-med-2-minimal-mobil-med-barvaska-hopfallbar-bla-123-x-80-x-80-cm.webp?fit=800%2C800&ssl=1","contentUrl":"https:\/\/i0.wp.com\/truusk.store\/wp-content\/uploads\/2024\/02\/fotbollsmal-pop-up-mal-barbart-fotbollsnat-set-med-2-minimal-mobil-med-barvaska-hopfallbar-bla-123-x-80-x-80-cm.webp?fit=800%2C800&ssl=1","width":800,"height":800,"caption":"Fotbollsm\u00e5l, Pop Up-m\u00e5l, B\u00e4rbart Fotbollsn\u00e4t, Set Med 2 Minim\u00e5l, Mobil Med B\u00e4rv\u00e4ska, Hopf\u00e4llbar, Bl\u00e5, 123 X 80 X 80 Cm 1"},{"@type":"BreadcrumbList","@id":"https:\/\/truusk.store\/sv\/produkt\/truusk-pop-up-fotbollsmal-set-hopfallbar-och-barbar-bla-2-minimal-mobil-med-barvaska-123-x-80-x-80-cm\/#breadcrumb","itemListElement":[{"@type":"ListItem","position":1,"name":"Home","item":"https:\/\/truusk.store\/sv\/"},{"@type":"ListItem","position":2,"name":"Shop","item":"https:\/\/truusk.store\/shop\/"},{"@type":"ListItem","position":3,"name":"TRUUSK Pop Up Fotbollsm\u00e5l Set &#8211; Hopf\u00e4llbar och B\u00e4rbar &#8211; Bl\u00e5 &#8211; 2 Minim\u00e5l &#8211; Mobil Med B\u00e4rv\u00e4ska &#8211; 123 x 80 x 80 cm"}]},{"@type":"WebSite","@id":"https:\/\/truusk.store\/sv\/#website","url":"https:\/\/truusk.store\/sv\/","name":"TRUUSK - Hem, Tr\u00e4dg\u00e5rd & Fritid","description":"","publisher":{"@id":"https:\/\/truusk.store\/sv\/#organization"},"potentialAction":[{"@type":"SearchAction","target":{"@type":"EntryPoint","urlTemplate":"https:\/\/truusk.store\/sv\/?s={search_term_string}"},"query-input":{"@type":"PropertyValueSpecification","valueRequired":true,"valueName":"search_term_string"}}],"inLanguage":"sv-SE"},{"@type":"Organization","@id":"https:\/\/truusk.store\/sv\/#organization","name":"TRUUSK - Hem, Tr\u00e4dg\u00e5rd & Fritid","url":"https:\/\/truusk.store\/sv\/","logo":{"@type":"ImageObject","inLanguage":"sv-SE","@id":"https:\/\/truusk.store\/sv\/#\/schema\/logo\/image\/","url":"https:\/\/i0.wp.com\/truusk.store\/wp-content\/uploads\/2026\/03\/cropped-TRUUSK.png?fit=2032%2C917&ssl=1","contentUrl":"https:\/\/i0.wp.com\/truusk.store\/wp-content\/uploads\/2026\/03\/cropped-TRUUSK.png?fit=2032%2C917&ssl=1","width":2032,"height":917,"caption":"TRUUSK - Hem, Tr\u00e4dg\u00e5rd & Fritid"},"image":{"@id":"https:\/\/truusk.store\/sv\/#\/schema\/logo\/image\/"}}]}},"jetpack_sharing_enabled":true,"_links":{"self":[{"href":"https:\/\/truusk.store\/sv\/wp-json\/wp\/v2\/product\/7402","targetHints":{"allow":["GET"]}}],"collection":[{"href":"https:\/\/truusk.store\/sv\/wp-json\/wp\/v2\/product"}],"about":[{"href":"https:\/\/truusk.store\/sv\/wp-json\/wp\/v2\/types\/product"}],"wp:featuredmedia":[{"embeddable":true,"href":"https:\/\/truusk.store\/sv\/wp-json\/wp\/v2\/media\/7403"}],"wp:attachment":[{"href":"https:\/\/truusk.store\/sv\/wp-json\/wp\/v2\/media?parent=7402"}],"wp:term":[{"taxonomy":"product_brand","embeddable":true,"href":"https:\/\/truusk.store\/sv\/wp-json\/wp\/v2\/product_brand?post=7402"},{"taxonomy":"product_cat","embeddable":true,"href":"https:\/\/truusk.store\/sv\/wp-json\/wp\/v2\/product_cat?post=7402"},{"taxonomy":"product_tag","embeddable":true,"href":"https:\/\/truusk.store\/sv\/wp-json\/wp\/v2\/product_tag?post=7402"}],"curies":[{"name":"wp","href":"https:\/\/api.w.org\/{rel}","templated":true}]}}