{"id":74023,"date":"2025-06-06T01:27:46","date_gmt":"2025-06-06T00:27:46","guid":{"rendered":"https:\/\/truusk.store\/product\/sportnow-4-delat-set-med-vertikal-vaggfaste-for-cyklar-hopfallbart-med-30-kg-barkapacitet-vaggfaste-for-4-cyklar-cykelstall-for-racercyklar-mtb-e-bike-cykelupphangning-for-garage-hus-svart\/"},"modified":"2026-03-12T08:42:12","modified_gmt":"2026-03-12T07:42:12","slug":"truusk-4-delat-set-med-vertikal-vaggfaste-for-cyklar-hopfallbart-30-kg-barkapacitet-for-4-cyklar-racercyklar-mtb-e-bike","status":"publish","type":"product","link":"https:\/\/truusk.store\/sv\/produkt\/truusk-4-delat-set-med-vertikal-vaggfaste-for-cyklar-hopfallbart-30-kg-barkapacitet-for-4-cyklar-racercyklar-mtb-e-bike\/","title":{"rendered":"TRUUSK 4-delat Set Med Vertikal V\u00e4ggf\u00e4ste F\u00f6r Cyklar &#8211; Hopf\u00e4llbart &#8211; 30 Kg B\u00e4rkapacitet &#8211; F\u00f6r 4 Cyklar &#8211; Racercyklar, MTB, E-Bike"},"content":{"rendered":"<p>F\u00f6rvandla din garage med SPORTNOW garagecykelst\u00e4ll. Detta v\u00e4ggmonterade cykelst\u00e4llset med fyra v\u00e4ggmonterade krokar erbjuder en elegant, utrymmesbesparande l\u00f6sning. Tillverkad av robust, rostfritt metall, kan varje cykelh\u00e5llare b\u00e4ra upp till 30 kg. De kan l\u00e4tt f\u00e4llas ihop, vilket g\u00f6r dem till en oumb\u00e4rlig del av varje cykelfans garage.<\/p>\n<p>Beskrivning:<\/p>\n<ul>\n<li> Set med 4 v\u00e4ggmonterade cykelh\u00e5llare ger en organiserad, utrymmesbesparande cykelf\u00f6rvaring<\/li>\n<li> Stark, rostresistent metall i cykelst\u00e4llet b\u00e4r s\u00e4kert upp till 30 kg<\/li>\n<li> Inneh\u00e5ller s\u00e4kra f\u00e4stningsh\u00e5l och n\u00f6dv\u00e4ndigt installationsmaterial<\/li>\n<li> L\u00e4tt att f\u00e4lla ihop f\u00f6r kompakt och problemfri f\u00f6rvaring<\/li>\n<li> Designad f\u00f6r l\u00e5ngvarig h\u00e5llbarhet och s\u00e4kerhet<\/li>\n<li> L\u00e4mplig denna cykelh\u00e5llare f\u00f6r garage, skjul eller utomhus<\/li>\n<li> F\u00f6rb\u00e4ttrar ordningen p\u00e5 ytan och skapar fritt golvutrymme<\/li>\n<li> Installationsprocessen \u00e4r enkel och snabb<\/li>\n<\/ul>\n<p> Tekniska data:<\/p>\n<ul>\n<li> F\u00e4rg: Svart<\/li>\n<li> Material: Metall<\/li>\n<li> Totala dimensioner: 25,5L x 10,5B x 4H cm<\/li>\n<li> B\u00e4rkapacitet: 30 kg (per stativ)<\/li>\n<\/ul>\n<p>Leveransinneh\u00e5ll:<\/p>\n<ul>\n<li> 4 x V\u00e4ggmonterad cykelh\u00e5llare<\/li>\n<li> 4 x Krok<\/li>\n<li> 16 x Sj\u00e4lvsk\u00e4rande skruv<\/li>\n<li> 16 x Plugg<\/li>\n<li> 1 x Bruksanvisning<\/li>\n<\/ul>\n","protected":false},"excerpt":{"rendered":"<p>F\u00f6rvandla din garage med SPORTNOW garagecykelst\u00e4ll. Detta v\u00e4ggmonterade cykelst\u00e4llset med fyra v\u00e4ggmonterade krokar erbjuder en elegant, utrymmesbesparande l\u00f6sning. Tillverkad av&#8230;<\/p>\n","protected":false},"featured_media":74005,"template":"","meta":[],"product_brand":[],"product_cat":[652,655,647],"product_tag":[],"class_list":{"0":"post-74023","1":"product","2":"type-product","3":"status-publish","4":"has-post-thumbnail","6":"product_cat-cykel","7":"product_cat-cykelstall","8":"product_cat-sport-fritid","10":"first","11":"instock","12":"sale","13":"taxable","14":"shipping-taxable","15":"purchasable","16":"product-type-simple"},"yoast_head":"<!-- This site is optimized with the Yoast SEO plugin v25.4 - https:\/\/yoast.com\/wordpress\/plugins\/seo\/ -->\n<title>TRUUSK 4-delat Set Med Vertikal V\u00e4ggf\u00e4ste F\u00f6r Cyklar - Hopf\u00e4llbart - 30 Kg B\u00e4rkapacitet - F\u00f6r 4 Cyklar - Racercyklar, MTB, E-Bike - TRUUSK - Hem, Tr\u00e4dg\u00e5rd &amp; Fritid<\/title>\n<meta name=\"robots\" content=\"index, follow, max-snippet:-1, max-image-preview:large, max-video-preview:-1\" \/>\n<link rel=\"canonical\" href=\"https:\/\/truusk.store\/sv\/produkt\/truusk-4-delat-set-med-vertikal-vaggfaste-for-cyklar-hopfallbart-30-kg-barkapacitet-for-4-cyklar-racercyklar-mtb-e-bike\/\" \/>\n<meta property=\"og:locale\" content=\"sv_SE\" \/>\n<meta property=\"og:type\" content=\"article\" \/>\n<meta property=\"og:title\" content=\"TRUUSK 4-delat Set Med Vertikal V\u00e4ggf\u00e4ste F\u00f6r Cyklar - Hopf\u00e4llbart - 30 Kg B\u00e4rkapacitet - F\u00f6r 4 Cyklar - Racercyklar, MTB, E-Bike - TRUUSK - Hem, Tr\u00e4dg\u00e5rd &amp; Fritid\" \/>\n<meta property=\"og:description\" content=\"F\u00f6rvandla din garage med SPORTNOW garagecykelst\u00e4ll. Detta v\u00e4ggmonterade cykelst\u00e4llset med fyra v\u00e4ggmonterade krokar erbjuder en elegant, utrymmesbesparande l\u00f6sning. Tillverkad av...\" \/>\n<meta property=\"og:url\" content=\"https:\/\/truusk.store\/sv\/produkt\/truusk-4-delat-set-med-vertikal-vaggfaste-for-cyklar-hopfallbart-30-kg-barkapacitet-for-4-cyklar-racercyklar-mtb-e-bike\/\" \/>\n<meta property=\"og:site_name\" content=\"TRUUSK - Hem, Tr\u00e4dg\u00e5rd &amp; Fritid\" \/>\n<meta property=\"article:modified_time\" content=\"2026-03-12T07:42:12+00:00\" \/>\n<meta property=\"og:image\" content=\"https:\/\/i0.wp.com\/truusk.se\/wp-content\/uploads\/2025\/06\/sportnow-4-delat-set-med-vertikal-vaggfaste-for-cyklar-hopfallbart-med-30-kg-barkapacitet-vaggfaste-for-4-cyklar-cykelstall-for-racercyklar-mtb-e-bike-cykelupphangning-for-garage-hus-svart-1.webp?fit=2000%2C2000&ssl=1\" \/>\n\t<meta property=\"og:image:width\" content=\"2000\" \/>\n\t<meta property=\"og:image:height\" content=\"2000\" \/>\n\t<meta property=\"og:image:type\" content=\"image\/webp\" \/>\n<meta name=\"twitter:card\" content=\"summary_large_image\" \/>\n<meta name=\"twitter:label1\" content=\"Ber\u00e4knad l\u00e4stid\" \/>\n\t<meta name=\"twitter:data1\" content=\"1 minut\" \/>\n<!-- \/ Yoast SEO plugin. -->","yoast_head_json":{"title":"TRUUSK 4-delat Set Med Vertikal V\u00e4ggf\u00e4ste F\u00f6r Cyklar - Hopf\u00e4llbart - 30 Kg B\u00e4rkapacitet - F\u00f6r 4 Cyklar - Racercyklar, MTB, E-Bike - TRUUSK - Hem, Tr\u00e4dg\u00e5rd &amp; Fritid","robots":{"index":"index","follow":"follow","max-snippet":"max-snippet:-1","max-image-preview":"max-image-preview:large","max-video-preview":"max-video-preview:-1"},"canonical":"https:\/\/truusk.store\/sv\/produkt\/truusk-4-delat-set-med-vertikal-vaggfaste-for-cyklar-hopfallbart-30-kg-barkapacitet-for-4-cyklar-racercyklar-mtb-e-bike\/","og_locale":"sv_SE","og_type":"article","og_title":"TRUUSK 4-delat Set Med Vertikal V\u00e4ggf\u00e4ste F\u00f6r Cyklar - Hopf\u00e4llbart - 30 Kg B\u00e4rkapacitet - F\u00f6r 4 Cyklar - Racercyklar, MTB, E-Bike - TRUUSK - Hem, Tr\u00e4dg\u00e5rd &amp; Fritid","og_description":"F\u00f6rvandla din garage med SPORTNOW garagecykelst\u00e4ll. Detta v\u00e4ggmonterade cykelst\u00e4llset med fyra v\u00e4ggmonterade krokar erbjuder en elegant, utrymmesbesparande l\u00f6sning. Tillverkad av...","og_url":"https:\/\/truusk.store\/sv\/produkt\/truusk-4-delat-set-med-vertikal-vaggfaste-for-cyklar-hopfallbart-30-kg-barkapacitet-for-4-cyklar-racercyklar-mtb-e-bike\/","og_site_name":"TRUUSK - Hem, Tr\u00e4dg\u00e5rd &amp; Fritid","article_modified_time":"2026-03-12T07:42:12+00:00","og_image":[{"width":2000,"height":2000,"url":"https:\/\/i0.wp.com\/truusk.se\/wp-content\/uploads\/2025\/06\/sportnow-4-delat-set-med-vertikal-vaggfaste-for-cyklar-hopfallbart-med-30-kg-barkapacitet-vaggfaste-for-4-cyklar-cykelstall-for-racercyklar-mtb-e-bike-cykelupphangning-for-garage-hus-svart-1.webp?fit=2000%2C2000&ssl=1","type":"image\/webp"}],"twitter_card":"summary_large_image","twitter_misc":{"Ber\u00e4knad l\u00e4stid":"1 minut"},"schema":{"@context":"https:\/\/schema.org","@graph":[{"@type":"WebPage","@id":"https:\/\/truusk.store\/sv\/produkt\/truusk-4-delat-set-med-vertikal-vaggfaste-for-cyklar-hopfallbart-30-kg-barkapacitet-for-4-cyklar-racercyklar-mtb-e-bike\/","url":"https:\/\/truusk.store\/sv\/produkt\/truusk-4-delat-set-med-vertikal-vaggfaste-for-cyklar-hopfallbart-30-kg-barkapacitet-for-4-cyklar-racercyklar-mtb-e-bike\/","name":"TRUUSK 4-delat Set Med Vertikal V\u00e4ggf\u00e4ste F\u00f6r Cyklar - Hopf\u00e4llbart - 30 Kg B\u00e4rkapacitet - F\u00f6r 4 Cyklar - Racercyklar, MTB, E-Bike - TRUUSK - Hem, Tr\u00e4dg\u00e5rd &amp; Fritid","isPartOf":{"@id":"https:\/\/truusk.store\/sv\/#website"},"primaryImageOfPage":{"@id":"https:\/\/truusk.store\/sv\/produkt\/truusk-4-delat-set-med-vertikal-vaggfaste-for-cyklar-hopfallbart-30-kg-barkapacitet-for-4-cyklar-racercyklar-mtb-e-bike\/#primaryimage"},"image":{"@id":"https:\/\/truusk.store\/sv\/produkt\/truusk-4-delat-set-med-vertikal-vaggfaste-for-cyklar-hopfallbart-30-kg-barkapacitet-for-4-cyklar-racercyklar-mtb-e-bike\/#primaryimage"},"thumbnailUrl":"https:\/\/i0.wp.com\/truusk.store\/wp-content\/uploads\/2025\/06\/sportnow-4-delat-set-med-vertikal-vaggfaste-for-cyklar-hopfallbart-med-30-kg-barkapacitet-vaggfaste-for-4-cyklar-cykelstall-for-racercyklar-mtb-e-bike-cykelupphangning-for-garage-hus-svart-1.webp?fit=2000%2C2000&ssl=1","datePublished":"2025-06-06T00:27:46+00:00","dateModified":"2026-03-12T07:42:12+00:00","breadcrumb":{"@id":"https:\/\/truusk.store\/sv\/produkt\/truusk-4-delat-set-med-vertikal-vaggfaste-for-cyklar-hopfallbart-30-kg-barkapacitet-for-4-cyklar-racercyklar-mtb-e-bike\/#breadcrumb"},"inLanguage":"sv-SE","potentialAction":[{"@type":"ReadAction","target":["https:\/\/truusk.store\/sv\/produkt\/truusk-4-delat-set-med-vertikal-vaggfaste-for-cyklar-hopfallbart-30-kg-barkapacitet-for-4-cyklar-racercyklar-mtb-e-bike\/"]}]},{"@type":"ImageObject","inLanguage":"sv-SE","@id":"https:\/\/truusk.store\/sv\/produkt\/truusk-4-delat-set-med-vertikal-vaggfaste-for-cyklar-hopfallbart-30-kg-barkapacitet-for-4-cyklar-racercyklar-mtb-e-bike\/#primaryimage","url":"https:\/\/i0.wp.com\/truusk.store\/wp-content\/uploads\/2025\/06\/sportnow-4-delat-set-med-vertikal-vaggfaste-for-cyklar-hopfallbart-med-30-kg-barkapacitet-vaggfaste-for-4-cyklar-cykelstall-for-racercyklar-mtb-e-bike-cykelupphangning-for-garage-hus-svart-1.webp?fit=2000%2C2000&ssl=1","contentUrl":"https:\/\/i0.wp.com\/truusk.store\/wp-content\/uploads\/2025\/06\/sportnow-4-delat-set-med-vertikal-vaggfaste-for-cyklar-hopfallbart-med-30-kg-barkapacitet-vaggfaste-for-4-cyklar-cykelstall-for-racercyklar-mtb-e-bike-cykelupphangning-for-garage-hus-svart-1.webp?fit=2000%2C2000&ssl=1","width":2000,"height":2000},{"@type":"BreadcrumbList","@id":"https:\/\/truusk.store\/sv\/produkt\/truusk-4-delat-set-med-vertikal-vaggfaste-for-cyklar-hopfallbart-30-kg-barkapacitet-for-4-cyklar-racercyklar-mtb-e-bike\/#breadcrumb","itemListElement":[{"@type":"ListItem","position":1,"name":"Home","item":"https:\/\/truusk.store\/sv\/"},{"@type":"ListItem","position":2,"name":"Shop","item":"https:\/\/truusk.store\/shop\/"},{"@type":"ListItem","position":3,"name":"TRUUSK 4-delat Set Med Vertikal V\u00e4ggf\u00e4ste F\u00f6r Cyklar &#8211; Hopf\u00e4llbart &#8211; 30 Kg B\u00e4rkapacitet &#8211; F\u00f6r 4 Cyklar &#8211; Racercyklar, MTB, E-Bike"}]},{"@type":"WebSite","@id":"https:\/\/truusk.store\/sv\/#website","url":"https:\/\/truusk.store\/sv\/","name":"TRUUSK - Hem, Tr\u00e4dg\u00e5rd & Fritid","description":"","publisher":{"@id":"https:\/\/truusk.store\/sv\/#organization"},"potentialAction":[{"@type":"SearchAction","target":{"@type":"EntryPoint","urlTemplate":"https:\/\/truusk.store\/sv\/?s={search_term_string}"},"query-input":{"@type":"PropertyValueSpecification","valueRequired":true,"valueName":"search_term_string"}}],"inLanguage":"sv-SE"},{"@type":"Organization","@id":"https:\/\/truusk.store\/sv\/#organization","name":"TRUUSK - Hem, Tr\u00e4dg\u00e5rd & Fritid","url":"https:\/\/truusk.store\/sv\/","logo":{"@type":"ImageObject","inLanguage":"sv-SE","@id":"https:\/\/truusk.store\/sv\/#\/schema\/logo\/image\/","url":"https:\/\/i0.wp.com\/truusk.store\/wp-content\/uploads\/2026\/03\/cropped-TRUUSK.png?fit=2032%2C917&ssl=1","contentUrl":"https:\/\/i0.wp.com\/truusk.store\/wp-content\/uploads\/2026\/03\/cropped-TRUUSK.png?fit=2032%2C917&ssl=1","width":2032,"height":917,"caption":"TRUUSK - Hem, Tr\u00e4dg\u00e5rd & Fritid"},"image":{"@id":"https:\/\/truusk.store\/sv\/#\/schema\/logo\/image\/"}}]}},"jetpack_sharing_enabled":true,"_links":{"self":[{"href":"https:\/\/truusk.store\/sv\/wp-json\/wp\/v2\/product\/74023","targetHints":{"allow":["GET"]}}],"collection":[{"href":"https:\/\/truusk.store\/sv\/wp-json\/wp\/v2\/product"}],"about":[{"href":"https:\/\/truusk.store\/sv\/wp-json\/wp\/v2\/types\/product"}],"wp:featuredmedia":[{"embeddable":true,"href":"https:\/\/truusk.store\/sv\/wp-json\/wp\/v2\/media\/74005"}],"wp:attachment":[{"href":"https:\/\/truusk.store\/sv\/wp-json\/wp\/v2\/media?parent=74023"}],"wp:term":[{"taxonomy":"product_brand","embeddable":true,"href":"https:\/\/truusk.store\/sv\/wp-json\/wp\/v2\/product_brand?post=74023"},{"taxonomy":"product_cat","embeddable":true,"href":"https:\/\/truusk.store\/sv\/wp-json\/wp\/v2\/product_cat?post=74023"},{"taxonomy":"product_tag","embeddable":true,"href":"https:\/\/truusk.store\/sv\/wp-json\/wp\/v2\/product_tag?post=74023"}],"curies":[{"name":"wp","href":"https:\/\/api.w.org\/{rel}","templated":true}]}}