{"id":74063,"date":"2025-06-06T01:31:42","date_gmt":"2025-06-06T00:31:42","guid":{"rendered":"https:\/\/truusk.store\/product\/garderob-med-flera-anvandningsomraden-2-dorrar-med-kladstang-och-2-lador-garderob-for-sovrum-79-x-43-x-180-cm-vit\/"},"modified":"2026-03-12T08:43:13","modified_gmt":"2026-03-12T07:43:13","slug":"truusk-garderob-med-flera-anvandningsomraden-2-dorrar-kladstang-2-lador-sovrumsgarderob-79x43x180-cm-vit","status":"publish","type":"product","link":"https:\/\/truusk.store\/sv\/produkt\/truusk-garderob-med-flera-anvandningsomraden-2-dorrar-kladstang-2-lador-sovrumsgarderob-79x43x180-cm-vit\/","title":{"rendered":"TRUUSK Garderob Med Flera Anv\u00e4ndningsomr\u00e5den &#8211; 2 D\u00f6rrar &#8211; Kl\u00e4dst\u00e5ng &#8211; 2 L\u00e5dor &#8211; Sovrumsgarderob 79x43x180 cm &#8211; Vit"},"content":{"rendered":"<p>F\u00f6rvandla ditt sovrum med den djupa garderoben fr\u00e5n TRUUSK, som kombinerar stil och funktionalitet. Garderoben erbjuder gott om plats f\u00f6r byxor och kjolar samt tv\u00e5 rymliga l\u00e5dor f\u00f6r mindre f\u00f6rem\u00e5l. Medf\u00f6ljande anti-tip-set s\u00e4kerst\u00e4ller s\u00e4kerheten. Den eleganta, moderna designen och den l\u00e4ttsk\u00f6tta ytan g\u00f6r sovrums garderoben till en praktisk och stilfull blickf\u00e5ngare i varje rum.<\/p>\n<p>Beskrivning:<\/p>\n<ul>\n<li> Det djupa inredningsdesignen erbjuder plats f\u00f6r en stor m\u00e4ngd kl\u00e4der<\/li>\n<li> Rymlig h\u00e4ngande omr\u00e5de med kontinuerlig kl\u00e4dst\u00e5ng f\u00f6r ordentlig upph\u00e4ngning av kl\u00e4der<\/li>\n<li> Tv\u00e5 rymliga l\u00e5dor i flerfunktionssk\u00e5pet \u00e4r utm\u00e4rkta f\u00f6r f\u00f6rvaring av mindre f\u00f6rem\u00e5l<\/li>\n<li> St\u00e4ngd f\u00f6rvaring h\u00e5ller kl\u00e4derna dammfria och organiserade<\/li>\n<li> Ytan p\u00e5 hallsk\u00e5pet erbjuder extra utrymme<\/li>\n<li> Anti-tip-set \u00f6kar s\u00e4kerheten och stabiliteten<\/li>\n<li> H\u00f6gkvalitativ sp\u00e5nskiva b\u00e4r upp till 65 kg<\/li>\n<li> Melaminytan \u00e4r rept\u00e5lig och l\u00e4tt att reng\u00f6ra<\/li>\n<li> Montering kr\u00e4vs<\/li>\n<\/ul>\n<p> Tekniska data:<\/p>\n<ul>\n<li> F\u00e4rg: Vit<\/li>\n<li> Material: Sp\u00e5nskiva<\/li>\n<li> Totala dimensioner: 79B x 43T x 180H cm<\/li>\n<li> Garderob inre dimension: 76,5B x 40,2T x 135,8H cm<\/li>\n<li> Kl\u00e4dh\u00e4ngande utrymme storlek: 76,5B x 40,2T x 126H cm<\/li>\n<li> Kl\u00e4dst\u00e5ngens l\u00e4ngd: 76 cm<\/li>\n<li> Inre l\u00e5ddimension: 72B x 28,7T x 9,3H cm<\/li>\n<li> B\u00e4rkapacitet: 65 kg (totalt), 20 kg (\u00f6vre\/hylla), 10 kg (l\u00e5da), 5 kg (kl\u00e4dst\u00e5ng)<\/li>\n<\/ul>\n<p>Leveransinneh\u00e5ll:<\/p>\n<ul>\n<li> 1 x Garderob<\/li>\n<li> 1 x Bruksanvisning<\/li>\n<\/ul>\n","protected":false},"excerpt":{"rendered":"<p>F\u00f6rvandla ditt sovrum med den djupa garderoben fr\u00e5n TRUUSK, som kombinerar stil och funktionalitet. Garderoben erbjuder gott om plats f\u00f6r&#8230;<\/p>\n","protected":false},"featured_media":74054,"template":"","meta":[],"product_brand":[],"product_cat":[558,871,897],"product_tag":[],"class_list":{"0":"post-74063","1":"product","2":"type-product","3":"status-publish","4":"has-post-thumbnail","6":"product_cat-garderober","7":"product_cat-hus-hem","8":"product_cat-sovrum","10":"first","11":"instock","12":"sale","13":"taxable","14":"shipping-taxable","15":"purchasable","16":"product-type-simple"},"yoast_head":"<!-- This site is optimized with the Yoast SEO plugin v25.4 - https:\/\/yoast.com\/wordpress\/plugins\/seo\/ -->\n<title>TRUUSK Garderob Med Flera Anv\u00e4ndningsomr\u00e5den - 2 D\u00f6rrar - Kl\u00e4dst\u00e5ng - 2 L\u00e5dor - Sovrumsgarderob 79x43x180 cm - Vit - TRUUSK - Hem, Tr\u00e4dg\u00e5rd &amp; Fritid<\/title>\n<meta name=\"robots\" content=\"index, follow, max-snippet:-1, max-image-preview:large, max-video-preview:-1\" \/>\n<link rel=\"canonical\" href=\"https:\/\/truusk.store\/sv\/produkt\/truusk-garderob-med-flera-anvandningsomraden-2-dorrar-kladstang-2-lador-sovrumsgarderob-79x43x180-cm-vit\/\" \/>\n<meta property=\"og:locale\" content=\"sv_SE\" \/>\n<meta property=\"og:type\" content=\"article\" \/>\n<meta property=\"og:title\" content=\"TRUUSK Garderob Med Flera Anv\u00e4ndningsomr\u00e5den - 2 D\u00f6rrar - Kl\u00e4dst\u00e5ng - 2 L\u00e5dor - Sovrumsgarderob 79x43x180 cm - Vit - TRUUSK - Hem, Tr\u00e4dg\u00e5rd &amp; Fritid\" \/>\n<meta property=\"og:description\" content=\"F\u00f6rvandla ditt sovrum med den djupa garderoben fr\u00e5n TRUUSK, som kombinerar stil och funktionalitet. Garderoben erbjuder gott om plats f\u00f6r...\" \/>\n<meta property=\"og:url\" content=\"https:\/\/truusk.store\/sv\/produkt\/truusk-garderob-med-flera-anvandningsomraden-2-dorrar-kladstang-2-lador-sovrumsgarderob-79x43x180-cm-vit\/\" \/>\n<meta property=\"og:site_name\" content=\"TRUUSK - Hem, Tr\u00e4dg\u00e5rd &amp; Fritid\" \/>\n<meta property=\"article:modified_time\" content=\"2026-03-12T07:43:13+00:00\" \/>\n<meta property=\"og:image\" content=\"https:\/\/i0.wp.com\/truusk.se\/wp-content\/uploads\/2025\/06\/garderob-med-flera-anvandningsomraden-2-dorrar-med-kladstang-och-2-lador-garderob-for-sovrum-79-x-43-x-180-cm-vit-1.webp?fit=2000%2C2000&ssl=1\" \/>\n\t<meta property=\"og:image:width\" content=\"2000\" \/>\n\t<meta property=\"og:image:height\" content=\"2000\" \/>\n\t<meta property=\"og:image:type\" content=\"image\/webp\" \/>\n<meta name=\"twitter:card\" content=\"summary_large_image\" \/>\n<meta name=\"twitter:label1\" content=\"Ber\u00e4knad l\u00e4stid\" \/>\n\t<meta name=\"twitter:data1\" content=\"1 minut\" \/>\n<!-- \/ Yoast SEO plugin. -->","yoast_head_json":{"title":"TRUUSK Garderob Med Flera Anv\u00e4ndningsomr\u00e5den - 2 D\u00f6rrar - Kl\u00e4dst\u00e5ng - 2 L\u00e5dor - Sovrumsgarderob 79x43x180 cm - Vit - TRUUSK - Hem, Tr\u00e4dg\u00e5rd &amp; Fritid","robots":{"index":"index","follow":"follow","max-snippet":"max-snippet:-1","max-image-preview":"max-image-preview:large","max-video-preview":"max-video-preview:-1"},"canonical":"https:\/\/truusk.store\/sv\/produkt\/truusk-garderob-med-flera-anvandningsomraden-2-dorrar-kladstang-2-lador-sovrumsgarderob-79x43x180-cm-vit\/","og_locale":"sv_SE","og_type":"article","og_title":"TRUUSK Garderob Med Flera Anv\u00e4ndningsomr\u00e5den - 2 D\u00f6rrar - Kl\u00e4dst\u00e5ng - 2 L\u00e5dor - Sovrumsgarderob 79x43x180 cm - Vit - TRUUSK - Hem, Tr\u00e4dg\u00e5rd &amp; Fritid","og_description":"F\u00f6rvandla ditt sovrum med den djupa garderoben fr\u00e5n TRUUSK, som kombinerar stil och funktionalitet. Garderoben erbjuder gott om plats f\u00f6r...","og_url":"https:\/\/truusk.store\/sv\/produkt\/truusk-garderob-med-flera-anvandningsomraden-2-dorrar-kladstang-2-lador-sovrumsgarderob-79x43x180-cm-vit\/","og_site_name":"TRUUSK - Hem, Tr\u00e4dg\u00e5rd &amp; Fritid","article_modified_time":"2026-03-12T07:43:13+00:00","og_image":[{"width":2000,"height":2000,"url":"https:\/\/i0.wp.com\/truusk.se\/wp-content\/uploads\/2025\/06\/garderob-med-flera-anvandningsomraden-2-dorrar-med-kladstang-och-2-lador-garderob-for-sovrum-79-x-43-x-180-cm-vit-1.webp?fit=2000%2C2000&ssl=1","type":"image\/webp"}],"twitter_card":"summary_large_image","twitter_misc":{"Ber\u00e4knad l\u00e4stid":"1 minut"},"schema":{"@context":"https:\/\/schema.org","@graph":[{"@type":"WebPage","@id":"https:\/\/truusk.store\/sv\/produkt\/truusk-garderob-med-flera-anvandningsomraden-2-dorrar-kladstang-2-lador-sovrumsgarderob-79x43x180-cm-vit\/","url":"https:\/\/truusk.store\/sv\/produkt\/truusk-garderob-med-flera-anvandningsomraden-2-dorrar-kladstang-2-lador-sovrumsgarderob-79x43x180-cm-vit\/","name":"TRUUSK Garderob Med Flera Anv\u00e4ndningsomr\u00e5den - 2 D\u00f6rrar - Kl\u00e4dst\u00e5ng - 2 L\u00e5dor - Sovrumsgarderob 79x43x180 cm - Vit - TRUUSK - Hem, Tr\u00e4dg\u00e5rd &amp; Fritid","isPartOf":{"@id":"https:\/\/truusk.store\/sv\/#website"},"primaryImageOfPage":{"@id":"https:\/\/truusk.store\/sv\/produkt\/truusk-garderob-med-flera-anvandningsomraden-2-dorrar-kladstang-2-lador-sovrumsgarderob-79x43x180-cm-vit\/#primaryimage"},"image":{"@id":"https:\/\/truusk.store\/sv\/produkt\/truusk-garderob-med-flera-anvandningsomraden-2-dorrar-kladstang-2-lador-sovrumsgarderob-79x43x180-cm-vit\/#primaryimage"},"thumbnailUrl":"https:\/\/i0.wp.com\/truusk.store\/wp-content\/uploads\/2025\/06\/garderob-med-flera-anvandningsomraden-2-dorrar-med-kladstang-och-2-lador-garderob-for-sovrum-79-x-43-x-180-cm-vit-1.webp?fit=2000%2C2000&ssl=1","datePublished":"2025-06-06T00:31:42+00:00","dateModified":"2026-03-12T07:43:13+00:00","breadcrumb":{"@id":"https:\/\/truusk.store\/sv\/produkt\/truusk-garderob-med-flera-anvandningsomraden-2-dorrar-kladstang-2-lador-sovrumsgarderob-79x43x180-cm-vit\/#breadcrumb"},"inLanguage":"sv-SE","potentialAction":[{"@type":"ReadAction","target":["https:\/\/truusk.store\/sv\/produkt\/truusk-garderob-med-flera-anvandningsomraden-2-dorrar-kladstang-2-lador-sovrumsgarderob-79x43x180-cm-vit\/"]}]},{"@type":"ImageObject","inLanguage":"sv-SE","@id":"https:\/\/truusk.store\/sv\/produkt\/truusk-garderob-med-flera-anvandningsomraden-2-dorrar-kladstang-2-lador-sovrumsgarderob-79x43x180-cm-vit\/#primaryimage","url":"https:\/\/i0.wp.com\/truusk.store\/wp-content\/uploads\/2025\/06\/garderob-med-flera-anvandningsomraden-2-dorrar-med-kladstang-och-2-lador-garderob-for-sovrum-79-x-43-x-180-cm-vit-1.webp?fit=2000%2C2000&ssl=1","contentUrl":"https:\/\/i0.wp.com\/truusk.store\/wp-content\/uploads\/2025\/06\/garderob-med-flera-anvandningsomraden-2-dorrar-med-kladstang-och-2-lador-garderob-for-sovrum-79-x-43-x-180-cm-vit-1.webp?fit=2000%2C2000&ssl=1","width":2000,"height":2000},{"@type":"BreadcrumbList","@id":"https:\/\/truusk.store\/sv\/produkt\/truusk-garderob-med-flera-anvandningsomraden-2-dorrar-kladstang-2-lador-sovrumsgarderob-79x43x180-cm-vit\/#breadcrumb","itemListElement":[{"@type":"ListItem","position":1,"name":"Home","item":"https:\/\/truusk.store\/sv\/"},{"@type":"ListItem","position":2,"name":"Shop","item":"https:\/\/truusk.store\/shop\/"},{"@type":"ListItem","position":3,"name":"TRUUSK Garderob Med Flera Anv\u00e4ndningsomr\u00e5den &#8211; 2 D\u00f6rrar &#8211; Kl\u00e4dst\u00e5ng &#8211; 2 L\u00e5dor &#8211; Sovrumsgarderob 79x43x180 cm &#8211; Vit"}]},{"@type":"WebSite","@id":"https:\/\/truusk.store\/sv\/#website","url":"https:\/\/truusk.store\/sv\/","name":"TRUUSK - Hem, Tr\u00e4dg\u00e5rd & Fritid","description":"","publisher":{"@id":"https:\/\/truusk.store\/sv\/#organization"},"potentialAction":[{"@type":"SearchAction","target":{"@type":"EntryPoint","urlTemplate":"https:\/\/truusk.store\/sv\/?s={search_term_string}"},"query-input":{"@type":"PropertyValueSpecification","valueRequired":true,"valueName":"search_term_string"}}],"inLanguage":"sv-SE"},{"@type":"Organization","@id":"https:\/\/truusk.store\/sv\/#organization","name":"TRUUSK - Hem, Tr\u00e4dg\u00e5rd & Fritid","url":"https:\/\/truusk.store\/sv\/","logo":{"@type":"ImageObject","inLanguage":"sv-SE","@id":"https:\/\/truusk.store\/sv\/#\/schema\/logo\/image\/","url":"https:\/\/i0.wp.com\/truusk.store\/wp-content\/uploads\/2026\/03\/cropped-TRUUSK.png?fit=2032%2C917&ssl=1","contentUrl":"https:\/\/i0.wp.com\/truusk.store\/wp-content\/uploads\/2026\/03\/cropped-TRUUSK.png?fit=2032%2C917&ssl=1","width":2032,"height":917,"caption":"TRUUSK - Hem, Tr\u00e4dg\u00e5rd & Fritid"},"image":{"@id":"https:\/\/truusk.store\/sv\/#\/schema\/logo\/image\/"}}]}},"jetpack_sharing_enabled":true,"_links":{"self":[{"href":"https:\/\/truusk.store\/sv\/wp-json\/wp\/v2\/product\/74063","targetHints":{"allow":["GET"]}}],"collection":[{"href":"https:\/\/truusk.store\/sv\/wp-json\/wp\/v2\/product"}],"about":[{"href":"https:\/\/truusk.store\/sv\/wp-json\/wp\/v2\/types\/product"}],"wp:featuredmedia":[{"embeddable":true,"href":"https:\/\/truusk.store\/sv\/wp-json\/wp\/v2\/media\/74054"}],"wp:attachment":[{"href":"https:\/\/truusk.store\/sv\/wp-json\/wp\/v2\/media?parent=74063"}],"wp:term":[{"taxonomy":"product_brand","embeddable":true,"href":"https:\/\/truusk.store\/sv\/wp-json\/wp\/v2\/product_brand?post=74063"},{"taxonomy":"product_cat","embeddable":true,"href":"https:\/\/truusk.store\/sv\/wp-json\/wp\/v2\/product_cat?post=74063"},{"taxonomy":"product_tag","embeddable":true,"href":"https:\/\/truusk.store\/sv\/wp-json\/wp\/v2\/product_tag?post=74063"}],"curies":[{"name":"wp","href":"https:\/\/api.w.org\/{rel}","templated":true}]}}