{"id":74113,"date":"2025-06-06T01:36:41","date_gmt":"2025-06-06T00:36:41","guid":{"rendered":"https:\/\/truusk.store\/product\/aiyaplay-barnrutschkana-3-i-1-smabarnsrutschkana-med-basketkorg-rutschkana-med-basket-for-barn-1-till-3-ar-inomhus-gra-106-x-515-x-52-cm\/"},"modified":"2026-03-12T08:40:55","modified_gmt":"2026-03-12T07:40:55","slug":"truusk-barnrutschkana-3-i-1-med-basketkorg-for-barn-1-3-ar-inomhus-gra-106-x-515-x-52-cm","status":"publish","type":"product","link":"https:\/\/truusk.store\/sv\/produkt\/truusk-barnrutschkana-3-i-1-med-basketkorg-for-barn-1-3-ar-inomhus-gra-106-x-515-x-52-cm\/","title":{"rendered":"TRUUSK Barnrutschkana 3-i-1 &#8211; Med Basketkorg &#8211; F\u00f6r Barn 1-3 \u00e5r &#8211; Inomhus &#8211; Gr\u00e5 106 x 51,5 x 52 cm"},"content":{"rendered":"<p>F\u00f6rvandla ditt hem till ett lekfullt paradis med AIYAPLAY barnrutschkana! Denna f\u00f6rtjusande sm\u00e5barnsrutschkana i giraffform erbjuder en rutschkana, en basketkorg och en boll. Med halkfria steg och stabila handtag garanterar den s\u00e4kert och roligt spel. Dess s\u00f6ta design och livfulla f\u00e4rger ger en v\u00e4nlig atmosf\u00e4r till ditt barns lekh\u00f6rna. Idealisk f\u00f6r inomhusbruk, l\u00e4mplig f\u00f6r 1- till 3-\u00e5riga sm\u00e5barn upp till 30 kg.<\/p>\n<p>Beskrivning:<\/p>\n<ul>\n<li> Tre-stegs stege och rutschkana med f\u00f6rtjusande giraffdesign<\/li>\n<li> Basketkorg och boll fr\u00e4mjar aktivt spel<\/li>\n<li> Halkfria tramp och sidohandtag garanterar s\u00e4ker kl\u00e4ttring<\/li>\n<li> HDPE-material och triangul\u00e4r struktur b\u00e4r upp till 30 kg<\/li>\n<li> Designad f\u00f6r barn i \u00e5ldern 1-3 \u00e5r<\/li>\n<li> Enkel montering och l\u00e4tt att reng\u00f6ra f\u00f6r bekv\u00e4m hantering.<\/li>\n<\/ul>\n<p> Tekniska specifikationer:<\/p>\n<ul>\n<li> F\u00e4rg: Gr\u00e5+Vit<\/li>\n<li> Material: HDPE, Plast<\/li>\n<li> Totala dimensioner: 106L x 51,5B x 52H cm<\/li>\n<li> Rutschkana: 96L x 32B cm<\/li>\n<li> Plattform uppe: (vid rutschkana)29B x 16T cm<\/li>\n<li> Steg: 29B x 9,8T cm<\/li>\n<li> Stegavst\u00e5nd: 11,5H cm<\/li>\n<li> Basketkorg: \u00d811,5 cm (Inre), \u00d815 cm (Yttre)<\/li>\n<li> Maximal belastning: 30 kg<\/li>\n<li> Godk\u00e4nd \u00e5lder: 1+ \u00e5r<\/li>\n<li> Rekommenderad \u00e5lder: 1-3 \u00e5r<\/li>\n<\/ul>\n<p>Leveransinneh\u00e5ll:<\/p>\n<ul>\n<li> 1 x Barnrutschkana<\/li>\n<li> 1 x Basketboll<\/li>\n<li> 1 x Luftpump<\/li>\n<li> 1 x Bruksanvisning<\/li>\n<\/ul>\n","protected":false},"excerpt":{"rendered":"<p>F\u00f6rvandla ditt hem till ett lekfullt paradis med AIYAPLAY barnrutschkana! Denna f\u00f6rtjusande sm\u00e5barnsrutschkana i giraffform erbjuder en rutschkana, en basketkorg&#8230;<\/p>\n","protected":false},"featured_media":74104,"template":"","meta":[],"product_brand":[],"product_cat":[880,622,616],"product_tag":[],"class_list":{"0":"post-74113","1":"product","2":"type-product","3":"status-publish","4":"has-post-thumbnail","6":"product_cat-baby-barn-2","7":"product_cat-barnrutschbanor","8":"product_cat-utomhusleksaker","10":"first","11":"instock","12":"sale","13":"taxable","14":"shipping-taxable","15":"purchasable","16":"product-type-simple"},"yoast_head":"<!-- This site is optimized with the Yoast SEO plugin v25.4 - https:\/\/yoast.com\/wordpress\/plugins\/seo\/ -->\n<title>TRUUSK Barnrutschkana 3-i-1 - Med Basketkorg - F\u00f6r Barn 1-3 \u00e5r - Inomhus - Gr\u00e5 106 x 51,5 x 52 cm - TRUUSK - Hem, Tr\u00e4dg\u00e5rd &amp; Fritid<\/title>\n<meta name=\"robots\" content=\"index, follow, max-snippet:-1, max-image-preview:large, max-video-preview:-1\" \/>\n<link rel=\"canonical\" href=\"https:\/\/truusk.store\/sv\/produkt\/truusk-barnrutschkana-3-i-1-med-basketkorg-for-barn-1-3-ar-inomhus-gra-106-x-515-x-52-cm\/\" \/>\n<meta property=\"og:locale\" content=\"sv_SE\" \/>\n<meta property=\"og:type\" content=\"article\" \/>\n<meta property=\"og:title\" content=\"TRUUSK Barnrutschkana 3-i-1 - Med Basketkorg - F\u00f6r Barn 1-3 \u00e5r - Inomhus - Gr\u00e5 106 x 51,5 x 52 cm - TRUUSK - Hem, Tr\u00e4dg\u00e5rd &amp; Fritid\" \/>\n<meta property=\"og:description\" content=\"F\u00f6rvandla ditt hem till ett lekfullt paradis med AIYAPLAY barnrutschkana! Denna f\u00f6rtjusande sm\u00e5barnsrutschkana i giraffform erbjuder en rutschkana, en basketkorg...\" \/>\n<meta property=\"og:url\" content=\"https:\/\/truusk.store\/sv\/produkt\/truusk-barnrutschkana-3-i-1-med-basketkorg-for-barn-1-3-ar-inomhus-gra-106-x-515-x-52-cm\/\" \/>\n<meta property=\"og:site_name\" content=\"TRUUSK - Hem, Tr\u00e4dg\u00e5rd &amp; Fritid\" \/>\n<meta property=\"article:modified_time\" content=\"2026-03-12T07:40:55+00:00\" \/>\n<meta property=\"og:image\" content=\"https:\/\/i0.wp.com\/truusk.se\/wp-content\/uploads\/2025\/06\/aiyaplay-barnrutschkana-3-i-1-smabarnsrutschkana-med-basketkorg-rutschkana-med-basket-for-barn-1-till-3-ar-inomhus-gra-106-x-515-x-52-cm-1.webp?fit=2000%2C2000&ssl=1\" \/>\n\t<meta property=\"og:image:width\" content=\"2000\" \/>\n\t<meta property=\"og:image:height\" content=\"2000\" \/>\n\t<meta property=\"og:image:type\" content=\"image\/webp\" \/>\n<meta name=\"twitter:card\" content=\"summary_large_image\" \/>\n<meta name=\"twitter:label1\" content=\"Ber\u00e4knad l\u00e4stid\" \/>\n\t<meta name=\"twitter:data1\" content=\"1 minut\" \/>\n<!-- \/ Yoast SEO plugin. -->","yoast_head_json":{"title":"TRUUSK Barnrutschkana 3-i-1 - Med Basketkorg - F\u00f6r Barn 1-3 \u00e5r - Inomhus - Gr\u00e5 106 x 51,5 x 52 cm - TRUUSK - Hem, Tr\u00e4dg\u00e5rd &amp; Fritid","robots":{"index":"index","follow":"follow","max-snippet":"max-snippet:-1","max-image-preview":"max-image-preview:large","max-video-preview":"max-video-preview:-1"},"canonical":"https:\/\/truusk.store\/sv\/produkt\/truusk-barnrutschkana-3-i-1-med-basketkorg-for-barn-1-3-ar-inomhus-gra-106-x-515-x-52-cm\/","og_locale":"sv_SE","og_type":"article","og_title":"TRUUSK Barnrutschkana 3-i-1 - Med Basketkorg - F\u00f6r Barn 1-3 \u00e5r - Inomhus - Gr\u00e5 106 x 51,5 x 52 cm - TRUUSK - Hem, Tr\u00e4dg\u00e5rd &amp; Fritid","og_description":"F\u00f6rvandla ditt hem till ett lekfullt paradis med AIYAPLAY barnrutschkana! Denna f\u00f6rtjusande sm\u00e5barnsrutschkana i giraffform erbjuder en rutschkana, en basketkorg...","og_url":"https:\/\/truusk.store\/sv\/produkt\/truusk-barnrutschkana-3-i-1-med-basketkorg-for-barn-1-3-ar-inomhus-gra-106-x-515-x-52-cm\/","og_site_name":"TRUUSK - Hem, Tr\u00e4dg\u00e5rd &amp; Fritid","article_modified_time":"2026-03-12T07:40:55+00:00","og_image":[{"width":2000,"height":2000,"url":"https:\/\/i0.wp.com\/truusk.se\/wp-content\/uploads\/2025\/06\/aiyaplay-barnrutschkana-3-i-1-smabarnsrutschkana-med-basketkorg-rutschkana-med-basket-for-barn-1-till-3-ar-inomhus-gra-106-x-515-x-52-cm-1.webp?fit=2000%2C2000&ssl=1","type":"image\/webp"}],"twitter_card":"summary_large_image","twitter_misc":{"Ber\u00e4knad l\u00e4stid":"1 minut"},"schema":{"@context":"https:\/\/schema.org","@graph":[{"@type":"WebPage","@id":"https:\/\/truusk.store\/sv\/produkt\/truusk-barnrutschkana-3-i-1-med-basketkorg-for-barn-1-3-ar-inomhus-gra-106-x-515-x-52-cm\/","url":"https:\/\/truusk.store\/sv\/produkt\/truusk-barnrutschkana-3-i-1-med-basketkorg-for-barn-1-3-ar-inomhus-gra-106-x-515-x-52-cm\/","name":"TRUUSK Barnrutschkana 3-i-1 - Med Basketkorg - F\u00f6r Barn 1-3 \u00e5r - Inomhus - Gr\u00e5 106 x 51,5 x 52 cm - TRUUSK - Hem, Tr\u00e4dg\u00e5rd &amp; Fritid","isPartOf":{"@id":"https:\/\/truusk.store\/sv\/#website"},"primaryImageOfPage":{"@id":"https:\/\/truusk.store\/sv\/produkt\/truusk-barnrutschkana-3-i-1-med-basketkorg-for-barn-1-3-ar-inomhus-gra-106-x-515-x-52-cm\/#primaryimage"},"image":{"@id":"https:\/\/truusk.store\/sv\/produkt\/truusk-barnrutschkana-3-i-1-med-basketkorg-for-barn-1-3-ar-inomhus-gra-106-x-515-x-52-cm\/#primaryimage"},"thumbnailUrl":"https:\/\/i0.wp.com\/truusk.store\/wp-content\/uploads\/2025\/06\/aiyaplay-barnrutschkana-3-i-1-smabarnsrutschkana-med-basketkorg-rutschkana-med-basket-for-barn-1-till-3-ar-inomhus-gra-106-x-515-x-52-cm-1.webp?fit=2000%2C2000&ssl=1","datePublished":"2025-06-06T00:36:41+00:00","dateModified":"2026-03-12T07:40:55+00:00","breadcrumb":{"@id":"https:\/\/truusk.store\/sv\/produkt\/truusk-barnrutschkana-3-i-1-med-basketkorg-for-barn-1-3-ar-inomhus-gra-106-x-515-x-52-cm\/#breadcrumb"},"inLanguage":"sv-SE","potentialAction":[{"@type":"ReadAction","target":["https:\/\/truusk.store\/sv\/produkt\/truusk-barnrutschkana-3-i-1-med-basketkorg-for-barn-1-3-ar-inomhus-gra-106-x-515-x-52-cm\/"]}]},{"@type":"ImageObject","inLanguage":"sv-SE","@id":"https:\/\/truusk.store\/sv\/produkt\/truusk-barnrutschkana-3-i-1-med-basketkorg-for-barn-1-3-ar-inomhus-gra-106-x-515-x-52-cm\/#primaryimage","url":"https:\/\/i0.wp.com\/truusk.store\/wp-content\/uploads\/2025\/06\/aiyaplay-barnrutschkana-3-i-1-smabarnsrutschkana-med-basketkorg-rutschkana-med-basket-for-barn-1-till-3-ar-inomhus-gra-106-x-515-x-52-cm-1.webp?fit=2000%2C2000&ssl=1","contentUrl":"https:\/\/i0.wp.com\/truusk.store\/wp-content\/uploads\/2025\/06\/aiyaplay-barnrutschkana-3-i-1-smabarnsrutschkana-med-basketkorg-rutschkana-med-basket-for-barn-1-till-3-ar-inomhus-gra-106-x-515-x-52-cm-1.webp?fit=2000%2C2000&ssl=1","width":2000,"height":2000},{"@type":"BreadcrumbList","@id":"https:\/\/truusk.store\/sv\/produkt\/truusk-barnrutschkana-3-i-1-med-basketkorg-for-barn-1-3-ar-inomhus-gra-106-x-515-x-52-cm\/#breadcrumb","itemListElement":[{"@type":"ListItem","position":1,"name":"Home","item":"https:\/\/truusk.store\/sv\/"},{"@type":"ListItem","position":2,"name":"Shop","item":"https:\/\/truusk.store\/shop\/"},{"@type":"ListItem","position":3,"name":"TRUUSK Barnrutschkana 3-i-1 &#8211; Med Basketkorg &#8211; F\u00f6r Barn 1-3 \u00e5r &#8211; Inomhus &#8211; Gr\u00e5 106 x 51,5 x 52 cm"}]},{"@type":"WebSite","@id":"https:\/\/truusk.store\/sv\/#website","url":"https:\/\/truusk.store\/sv\/","name":"TRUUSK - Hem, Tr\u00e4dg\u00e5rd & Fritid","description":"","publisher":{"@id":"https:\/\/truusk.store\/sv\/#organization"},"potentialAction":[{"@type":"SearchAction","target":{"@type":"EntryPoint","urlTemplate":"https:\/\/truusk.store\/sv\/?s={search_term_string}"},"query-input":{"@type":"PropertyValueSpecification","valueRequired":true,"valueName":"search_term_string"}}],"inLanguage":"sv-SE"},{"@type":"Organization","@id":"https:\/\/truusk.store\/sv\/#organization","name":"TRUUSK - Hem, Tr\u00e4dg\u00e5rd & Fritid","url":"https:\/\/truusk.store\/sv\/","logo":{"@type":"ImageObject","inLanguage":"sv-SE","@id":"https:\/\/truusk.store\/sv\/#\/schema\/logo\/image\/","url":"https:\/\/i0.wp.com\/truusk.store\/wp-content\/uploads\/2026\/03\/cropped-TRUUSK.png?fit=2032%2C917&ssl=1","contentUrl":"https:\/\/i0.wp.com\/truusk.store\/wp-content\/uploads\/2026\/03\/cropped-TRUUSK.png?fit=2032%2C917&ssl=1","width":2032,"height":917,"caption":"TRUUSK - Hem, Tr\u00e4dg\u00e5rd & Fritid"},"image":{"@id":"https:\/\/truusk.store\/sv\/#\/schema\/logo\/image\/"}}]}},"jetpack_sharing_enabled":true,"_links":{"self":[{"href":"https:\/\/truusk.store\/sv\/wp-json\/wp\/v2\/product\/74113","targetHints":{"allow":["GET"]}}],"collection":[{"href":"https:\/\/truusk.store\/sv\/wp-json\/wp\/v2\/product"}],"about":[{"href":"https:\/\/truusk.store\/sv\/wp-json\/wp\/v2\/types\/product"}],"wp:featuredmedia":[{"embeddable":true,"href":"https:\/\/truusk.store\/sv\/wp-json\/wp\/v2\/media\/74104"}],"wp:attachment":[{"href":"https:\/\/truusk.store\/sv\/wp-json\/wp\/v2\/media?parent=74113"}],"wp:term":[{"taxonomy":"product_brand","embeddable":true,"href":"https:\/\/truusk.store\/sv\/wp-json\/wp\/v2\/product_brand?post=74113"},{"taxonomy":"product_cat","embeddable":true,"href":"https:\/\/truusk.store\/sv\/wp-json\/wp\/v2\/product_cat?post=74113"},{"taxonomy":"product_tag","embeddable":true,"href":"https:\/\/truusk.store\/sv\/wp-json\/wp\/v2\/product_tag?post=74113"}],"curies":[{"name":"wp","href":"https:\/\/api.w.org\/{rel}","templated":true}]}}