{"id":74123,"date":"2025-06-06T01:37:44","date_gmt":"2025-06-06T00:37:44","guid":{"rendered":"https:\/\/truusk.store\/product\/klammarkis-med-handvev-sol-ljus-ledarmmarkis-markis-sol-skydd-uv-50-balkongmarkis-inkl-vaggfaste-solmarkis-300-cm-bred-for-terrass-balkong-veranda-gra\/"},"modified":"2026-03-12T08:42:38","modified_gmt":"2026-03-12T07:42:38","slug":"truusk-balkongmarkis-med-handvev-uv-50-skydd-led-ljus-300-cm-bred-gra","status":"publish","type":"product","link":"https:\/\/truusk.store\/sv\/produkt\/truusk-balkongmarkis-med-handvev-uv-50-skydd-led-ljus-300-cm-bred-gra\/","title":{"rendered":"TRUUSK Balkongmarkis med Handvev &#8211; UV 50+ Skydd &#8211; LED-ljus &#8211; 300 cm Bred &#8211; Gr\u00e5"},"content":{"rendered":"<p>G\u00f6r om din tr\u00e4dg\u00e5rd till ett kv\u00e4llsparadis med den utdragbara TRUUSK frist\u00e5ende markisen. Utrustad med solcellsdrivna LED-lampor och ett 280gsm garnf\u00e4rgat tyg med UPF50+ skydd, erbjuder denna balkongmarkis b\u00e5de stil och funktionalitet. Justera vinkeln p\u00e5 markisen mellan 45-90\u00b0 f\u00f6r att njuta av perfekt skugga medan du kopplar av under ditt nya tr\u00e4dg\u00e5rdsmarkistak.<\/p>\n<p>Beskrivning:<\/p>\n<ul>\n<li> Solcellsdrivna LED-lampor p\u00e5 markisen skapar en mysig atmosf\u00e4r under stj\u00e4rnorna<\/li>\n<li> 280gsm garnf\u00e4rgat tyg p\u00e5 markisen garanterar UPF50+ skydd och f\u00f6rb\u00e4ttrar f\u00e4rgbest\u00e4ndigheten<\/li>\n<li> Pulverlackerad, rostfri aluminiumram p\u00e5 ledarmarkisen ger extra stabilitet<\/li>\n<li> L\u00e4tt att justera mellan 45-90\u00b0 f\u00f6r att passa personliga komfortpreferenser<\/li>\n<li> Delvis f\u00f6rmonterad f\u00f6r att underl\u00e4tta monteringen<\/li>\n<\/ul>\n<p> Tekniska data:<\/p>\n<ul>\n<li> F\u00e4rg: Gr\u00e5<\/li>\n<li> Material: Aluminium, metall, 280g\/m\u00b2 garnf\u00e4rgat tyg<\/li>\n<li> Totala dimensioner: 295L x 250B cm<\/li>\n<li> Vevhandtag: 150L cm<\/li>\n<li> Solcellsladdningstid: 8 timmar<\/li>\n<li> Urladdningstid: 6-8 timmar<\/li>\n<li> Vindstyrkeklassificering: 3-4<\/li>\n<li> Sn\u00f6lastkapacitet: 20 kg<\/li>\n<li> Rekommenderad installationsh\u00f6jd: 2-4 m<\/li>\n<li> Reserverat utrymme: 30 cm (f\u00f6r installation)<\/li>\n<li> Certifiering: CE<\/li>\n<\/ul>\n<p>Leveransinneh\u00e5ll:<\/p>\n<ul>\n<li> 1 x Markis med ljus<\/li>\n<li> V\u00e4ggf\u00e4sten<\/li>\n<li> Expansionspluggar<\/li>\n<li> 1 x Handvev<\/li>\n<li> 1 x Bruksanvisning<\/li>\n<\/ul>\n","protected":false},"excerpt":{"rendered":"<p>G\u00f6r om din tr\u00e4dg\u00e5rd till ett kv\u00e4llsparadis med den utdragbara TRUUSK frist\u00e5ende markisen. Utrustad med solcellsdrivna LED-lampor och ett 280gsm&#8230;<\/p>\n","protected":false},"featured_media":74114,"template":"","meta":[],"product_brand":[],"product_cat":[473,862,858],"product_tag":[],"class_list":{"0":"post-74123","1":"product","2":"type-product","3":"status-publish","4":"has-post-thumbnail","6":"product_cat-markiser","7":"product_cat-sol-insynsskydd","8":"product_cat-tradgard-terrass","10":"first","11":"instock","12":"sale","13":"taxable","14":"shipping-taxable","15":"purchasable","16":"product-type-simple"},"yoast_head":"<!-- This site is optimized with the Yoast SEO plugin v25.4 - https:\/\/yoast.com\/wordpress\/plugins\/seo\/ -->\n<title>TRUUSK Balkongmarkis med Handvev - UV 50+ Skydd - LED-ljus - 300 cm Bred - Gr\u00e5 - TRUUSK - Hem, Tr\u00e4dg\u00e5rd &amp; Fritid<\/title>\n<meta name=\"robots\" content=\"index, follow, max-snippet:-1, max-image-preview:large, max-video-preview:-1\" \/>\n<link rel=\"canonical\" href=\"https:\/\/truusk.store\/sv\/produkt\/truusk-balkongmarkis-med-handvev-uv-50-skydd-led-ljus-300-cm-bred-gra\/\" \/>\n<meta property=\"og:locale\" content=\"sv_SE\" \/>\n<meta property=\"og:type\" content=\"article\" \/>\n<meta property=\"og:title\" content=\"TRUUSK Balkongmarkis med Handvev - UV 50+ Skydd - LED-ljus - 300 cm Bred - Gr\u00e5 - TRUUSK - Hem, Tr\u00e4dg\u00e5rd &amp; Fritid\" \/>\n<meta property=\"og:description\" content=\"G\u00f6r om din tr\u00e4dg\u00e5rd till ett kv\u00e4llsparadis med den utdragbara TRUUSK frist\u00e5ende markisen. Utrustad med solcellsdrivna LED-lampor och ett 280gsm...\" \/>\n<meta property=\"og:url\" content=\"https:\/\/truusk.store\/sv\/produkt\/truusk-balkongmarkis-med-handvev-uv-50-skydd-led-ljus-300-cm-bred-gra\/\" \/>\n<meta property=\"og:site_name\" content=\"TRUUSK - Hem, Tr\u00e4dg\u00e5rd &amp; Fritid\" \/>\n<meta property=\"article:modified_time\" content=\"2026-03-12T07:42:38+00:00\" \/>\n<meta property=\"og:image\" content=\"https:\/\/i0.wp.com\/truusk.se\/wp-content\/uploads\/2025\/06\/klammarkis-med-handvev-sol-ljus-ledarmmarkis-markis-sol-skydd-uv-50-balkongmarkis-inkl-vaggfaste-solmarkis-300-cm-bred-for-terrass-balkong-veranda-gra-1.webp?fit=2000%2C2000&ssl=1\" \/>\n\t<meta property=\"og:image:width\" content=\"2000\" \/>\n\t<meta property=\"og:image:height\" content=\"2000\" \/>\n\t<meta property=\"og:image:type\" content=\"image\/webp\" \/>\n<meta name=\"twitter:card\" content=\"summary_large_image\" \/>\n<meta name=\"twitter:label1\" content=\"Ber\u00e4knad l\u00e4stid\" \/>\n\t<meta name=\"twitter:data1\" content=\"1 minut\" \/>\n<!-- \/ Yoast SEO plugin. -->","yoast_head_json":{"title":"TRUUSK Balkongmarkis med Handvev - UV 50+ Skydd - LED-ljus - 300 cm Bred - Gr\u00e5 - TRUUSK - Hem, Tr\u00e4dg\u00e5rd &amp; Fritid","robots":{"index":"index","follow":"follow","max-snippet":"max-snippet:-1","max-image-preview":"max-image-preview:large","max-video-preview":"max-video-preview:-1"},"canonical":"https:\/\/truusk.store\/sv\/produkt\/truusk-balkongmarkis-med-handvev-uv-50-skydd-led-ljus-300-cm-bred-gra\/","og_locale":"sv_SE","og_type":"article","og_title":"TRUUSK Balkongmarkis med Handvev - UV 50+ Skydd - LED-ljus - 300 cm Bred - Gr\u00e5 - TRUUSK - Hem, Tr\u00e4dg\u00e5rd &amp; Fritid","og_description":"G\u00f6r om din tr\u00e4dg\u00e5rd till ett kv\u00e4llsparadis med den utdragbara TRUUSK frist\u00e5ende markisen. Utrustad med solcellsdrivna LED-lampor och ett 280gsm...","og_url":"https:\/\/truusk.store\/sv\/produkt\/truusk-balkongmarkis-med-handvev-uv-50-skydd-led-ljus-300-cm-bred-gra\/","og_site_name":"TRUUSK - Hem, Tr\u00e4dg\u00e5rd &amp; Fritid","article_modified_time":"2026-03-12T07:42:38+00:00","og_image":[{"width":2000,"height":2000,"url":"https:\/\/i0.wp.com\/truusk.se\/wp-content\/uploads\/2025\/06\/klammarkis-med-handvev-sol-ljus-ledarmmarkis-markis-sol-skydd-uv-50-balkongmarkis-inkl-vaggfaste-solmarkis-300-cm-bred-for-terrass-balkong-veranda-gra-1.webp?fit=2000%2C2000&ssl=1","type":"image\/webp"}],"twitter_card":"summary_large_image","twitter_misc":{"Ber\u00e4knad l\u00e4stid":"1 minut"},"schema":{"@context":"https:\/\/schema.org","@graph":[{"@type":"WebPage","@id":"https:\/\/truusk.store\/sv\/produkt\/truusk-balkongmarkis-med-handvev-uv-50-skydd-led-ljus-300-cm-bred-gra\/","url":"https:\/\/truusk.store\/sv\/produkt\/truusk-balkongmarkis-med-handvev-uv-50-skydd-led-ljus-300-cm-bred-gra\/","name":"TRUUSK Balkongmarkis med Handvev - UV 50+ Skydd - LED-ljus - 300 cm Bred - Gr\u00e5 - TRUUSK - Hem, Tr\u00e4dg\u00e5rd &amp; Fritid","isPartOf":{"@id":"https:\/\/truusk.store\/sv\/#website"},"primaryImageOfPage":{"@id":"https:\/\/truusk.store\/sv\/produkt\/truusk-balkongmarkis-med-handvev-uv-50-skydd-led-ljus-300-cm-bred-gra\/#primaryimage"},"image":{"@id":"https:\/\/truusk.store\/sv\/produkt\/truusk-balkongmarkis-med-handvev-uv-50-skydd-led-ljus-300-cm-bred-gra\/#primaryimage"},"thumbnailUrl":"https:\/\/i0.wp.com\/truusk.store\/wp-content\/uploads\/2025\/06\/klammarkis-med-handvev-sol-ljus-ledarmmarkis-markis-sol-skydd-uv-50-balkongmarkis-inkl-vaggfaste-solmarkis-300-cm-bred-for-terrass-balkong-veranda-gra-1.webp?fit=2000%2C2000&ssl=1","datePublished":"2025-06-06T00:37:44+00:00","dateModified":"2026-03-12T07:42:38+00:00","breadcrumb":{"@id":"https:\/\/truusk.store\/sv\/produkt\/truusk-balkongmarkis-med-handvev-uv-50-skydd-led-ljus-300-cm-bred-gra\/#breadcrumb"},"inLanguage":"sv-SE","potentialAction":[{"@type":"ReadAction","target":["https:\/\/truusk.store\/sv\/produkt\/truusk-balkongmarkis-med-handvev-uv-50-skydd-led-ljus-300-cm-bred-gra\/"]}]},{"@type":"ImageObject","inLanguage":"sv-SE","@id":"https:\/\/truusk.store\/sv\/produkt\/truusk-balkongmarkis-med-handvev-uv-50-skydd-led-ljus-300-cm-bred-gra\/#primaryimage","url":"https:\/\/i0.wp.com\/truusk.store\/wp-content\/uploads\/2025\/06\/klammarkis-med-handvev-sol-ljus-ledarmmarkis-markis-sol-skydd-uv-50-balkongmarkis-inkl-vaggfaste-solmarkis-300-cm-bred-for-terrass-balkong-veranda-gra-1.webp?fit=2000%2C2000&ssl=1","contentUrl":"https:\/\/i0.wp.com\/truusk.store\/wp-content\/uploads\/2025\/06\/klammarkis-med-handvev-sol-ljus-ledarmmarkis-markis-sol-skydd-uv-50-balkongmarkis-inkl-vaggfaste-solmarkis-300-cm-bred-for-terrass-balkong-veranda-gra-1.webp?fit=2000%2C2000&ssl=1","width":2000,"height":2000},{"@type":"BreadcrumbList","@id":"https:\/\/truusk.store\/sv\/produkt\/truusk-balkongmarkis-med-handvev-uv-50-skydd-led-ljus-300-cm-bred-gra\/#breadcrumb","itemListElement":[{"@type":"ListItem","position":1,"name":"Home","item":"https:\/\/truusk.store\/sv\/"},{"@type":"ListItem","position":2,"name":"Shop","item":"https:\/\/truusk.store\/shop\/"},{"@type":"ListItem","position":3,"name":"TRUUSK Balkongmarkis med Handvev &#8211; UV 50+ Skydd &#8211; LED-ljus &#8211; 300 cm Bred &#8211; Gr\u00e5"}]},{"@type":"WebSite","@id":"https:\/\/truusk.store\/sv\/#website","url":"https:\/\/truusk.store\/sv\/","name":"TRUUSK - Hem, Tr\u00e4dg\u00e5rd & Fritid","description":"","publisher":{"@id":"https:\/\/truusk.store\/sv\/#organization"},"potentialAction":[{"@type":"SearchAction","target":{"@type":"EntryPoint","urlTemplate":"https:\/\/truusk.store\/sv\/?s={search_term_string}"},"query-input":{"@type":"PropertyValueSpecification","valueRequired":true,"valueName":"search_term_string"}}],"inLanguage":"sv-SE"},{"@type":"Organization","@id":"https:\/\/truusk.store\/sv\/#organization","name":"TRUUSK - Hem, Tr\u00e4dg\u00e5rd & Fritid","url":"https:\/\/truusk.store\/sv\/","logo":{"@type":"ImageObject","inLanguage":"sv-SE","@id":"https:\/\/truusk.store\/sv\/#\/schema\/logo\/image\/","url":"https:\/\/i0.wp.com\/truusk.store\/wp-content\/uploads\/2026\/03\/cropped-TRUUSK.png?fit=2032%2C917&ssl=1","contentUrl":"https:\/\/i0.wp.com\/truusk.store\/wp-content\/uploads\/2026\/03\/cropped-TRUUSK.png?fit=2032%2C917&ssl=1","width":2032,"height":917,"caption":"TRUUSK - Hem, Tr\u00e4dg\u00e5rd & Fritid"},"image":{"@id":"https:\/\/truusk.store\/sv\/#\/schema\/logo\/image\/"}}]}},"jetpack_sharing_enabled":true,"_links":{"self":[{"href":"https:\/\/truusk.store\/sv\/wp-json\/wp\/v2\/product\/74123","targetHints":{"allow":["GET"]}}],"collection":[{"href":"https:\/\/truusk.store\/sv\/wp-json\/wp\/v2\/product"}],"about":[{"href":"https:\/\/truusk.store\/sv\/wp-json\/wp\/v2\/types\/product"}],"wp:featuredmedia":[{"embeddable":true,"href":"https:\/\/truusk.store\/sv\/wp-json\/wp\/v2\/media\/74114"}],"wp:attachment":[{"href":"https:\/\/truusk.store\/sv\/wp-json\/wp\/v2\/media?parent=74123"}],"wp:term":[{"taxonomy":"product_brand","embeddable":true,"href":"https:\/\/truusk.store\/sv\/wp-json\/wp\/v2\/product_brand?post=74123"},{"taxonomy":"product_cat","embeddable":true,"href":"https:\/\/truusk.store\/sv\/wp-json\/wp\/v2\/product_cat?post=74123"},{"taxonomy":"product_tag","embeddable":true,"href":"https:\/\/truusk.store\/sv\/wp-json\/wp\/v2\/product_tag?post=74123"}],"curies":[{"name":"wp","href":"https:\/\/api.w.org\/{rel}","templated":true}]}}