{"id":74133,"date":"2025-06-06T01:38:35","date_gmt":"2025-06-06T00:38:35","guid":{"rendered":"https:\/\/truusk.store\/product\/gokart-pedalbil-med-handbroms-justerbart-sate-fram-och-backvaxel-trampfordon-barnfordon-kettcar-for-barn-3-8-ar-rosa\/"},"modified":"2026-03-12T09:31:12","modified_gmt":"2026-03-12T08:31:12","slug":"truusk-gokart-pedalbil-for-barn-3-8-ar-handbroms-justerbart-sate-fram-och-backvaxel-rosa","status":"publish","type":"product","link":"https:\/\/truusk.store\/sv\/produkt\/truusk-gokart-pedalbil-for-barn-3-8-ar-handbroms-justerbart-sate-fram-och-backvaxel-rosa\/","title":{"rendered":"TRUUSK Gokart Pedalbil f\u00f6r Barn 3-8 \u00e5r &#8211; Handbroms &#8211; Justerbart S\u00e4te &#8211; Fram- och Backv\u00e4xel &#8211; Rosa"},"content":{"rendered":"<p>Sl\u00e4pp loss ditt barns \u00e4ventyrslust med v\u00e5r sp\u00e4nnande TRUUSK Go-Kart! Den erbjuder ultimat k\u00f6rgl\u00e4dje och man\u00f6vrerbarhet, har en handbroms samt fram- och backv\u00e4xlar. Vi p\u00e5minner om pedalstyrkan, fr\u00e4mjar fysisk aktivitet och t\u00e4nda sp\u00e4nnande utomhus\u00e4ventyr. G\u00f6r dig redo f\u00f6r o\u00e4ndlig kul och sp\u00e4nning med v\u00e5r barn Gokart! Sp\u00e4nn fast s\u00e4kerhetsb\u00e4ltet och \u00e4ventyret kan b\u00f6rja!<\/p>\n<p>Beskrivning:<\/p>\n<ul>\n<li> Handbroms, fram- och backv\u00e4xlar p\u00e5 pedalbilen f\u00f6r ultimat kontroll och man\u00f6vrerbarhet<\/li>\n<li> 4-faldigt justerbart s\u00e4te med ett omr\u00e5de p\u00e5 14 cm f\u00f6r en bekv\u00e4m passform medan ditt barn v\u00e4xer<\/li>\n<li> Framhjulens sv\u00e4ngaxel och EVA-hjul p\u00e5 pedalbilen klarar olika typer av underlag, inklusive betong, tegel, grus och asfaltv\u00e4gar<\/li>\n<li> Drivs av pedalstyrka, fr\u00e4mjar fysisk aktivitet och utvecklar motoriska f\u00e4rdigheter<\/li>\n<li> Monteringen kr\u00e4vs<\/li>\n<\/ul>\n<p> Tekniska data:<\/p>\n<ul>\n<li> F\u00e4rg: Rosa<\/li>\n<li> Material: Plast, metall, EVA<\/li>\n<li> Totala dimensioner: 100L x 58B x 58,5H cm<\/li>\n<li> Sitsdimensioner: 32B x 16T x 30,5H cm<\/li>\n<li> Ryggst\u00f6dets dimensioner: 32B x 30H cm<\/li>\n<li> Gummihjul: \u00d825cm<\/li>\n<li> Viktkapacitet: 30 kg<\/li>\n<li> L\u00e4mplig \u00e5lder \/ Rekommenderad \u00e5lder: 3-8 \u00e5r<\/li>\n<li> OBS: \u00d6vervaka alltid dina barn n\u00e4r de k\u00f6r<\/li>\n<\/ul>\n<p>Leveransinneh\u00e5ll:<\/p>\n<ul>\n<li> 1 x Gokart<\/li>\n<li> 1 x Handbok<\/li>\n<\/ul>\n","protected":false},"excerpt":{"rendered":"<p>Sl\u00e4pp loss ditt barns \u00e4ventyrslust med v\u00e5r sp\u00e4nnande TRUUSK Go-Kart! Den erbjuder ultimat k\u00f6rgl\u00e4dje och man\u00f6vrerbarhet, har en handbroms samt&#8230;<\/p>\n","protected":false},"featured_media":74124,"template":"","meta":[],"product_brand":[],"product_cat":[880,610,950],"product_tag":[],"class_list":{"0":"post-74133","1":"product","2":"type-product","3":"status-publish","4":"has-post-thumbnail","6":"product_cat-baby-barn-2","7":"product_cat-barnfordon","8":"product_cat-go-karts-pedaldrivna-fordon","10":"first","11":"instock","12":"sale","13":"taxable","14":"shipping-taxable","15":"purchasable","16":"product-type-simple"},"yoast_head":"<!-- This site is optimized with the Yoast SEO plugin v25.4 - https:\/\/yoast.com\/wordpress\/plugins\/seo\/ -->\n<title>TRUUSK Gokart Pedalbil f\u00f6r Barn 3-8 \u00e5r - Handbroms - Justerbart S\u00e4te - Fram- och Backv\u00e4xel - Rosa - TRUUSK - Hem, Tr\u00e4dg\u00e5rd &amp; Fritid<\/title>\n<meta name=\"robots\" content=\"index, follow, max-snippet:-1, max-image-preview:large, max-video-preview:-1\" \/>\n<link rel=\"canonical\" href=\"https:\/\/truusk.store\/sv\/produkt\/truusk-gokart-pedalbil-for-barn-3-8-ar-handbroms-justerbart-sate-fram-och-backvaxel-rosa\/\" \/>\n<meta property=\"og:locale\" content=\"sv_SE\" \/>\n<meta property=\"og:type\" content=\"article\" \/>\n<meta property=\"og:title\" content=\"TRUUSK Gokart Pedalbil f\u00f6r Barn 3-8 \u00e5r - Handbroms - Justerbart S\u00e4te - Fram- och Backv\u00e4xel - Rosa - TRUUSK - Hem, Tr\u00e4dg\u00e5rd &amp; Fritid\" \/>\n<meta property=\"og:description\" content=\"Sl\u00e4pp loss ditt barns \u00e4ventyrslust med v\u00e5r sp\u00e4nnande TRUUSK Go-Kart! Den erbjuder ultimat k\u00f6rgl\u00e4dje och man\u00f6vrerbarhet, har en handbroms samt...\" \/>\n<meta property=\"og:url\" content=\"https:\/\/truusk.store\/sv\/produkt\/truusk-gokart-pedalbil-for-barn-3-8-ar-handbroms-justerbart-sate-fram-och-backvaxel-rosa\/\" \/>\n<meta property=\"og:site_name\" content=\"TRUUSK - Hem, Tr\u00e4dg\u00e5rd &amp; Fritid\" \/>\n<meta property=\"article:modified_time\" content=\"2026-03-12T08:31:12+00:00\" \/>\n<meta property=\"og:image\" content=\"https:\/\/i0.wp.com\/truusk.se\/wp-content\/uploads\/2025\/06\/gokart-pedalbil-med-handbroms-justerbart-sate-fram-och-backvaxel-trampfordon-barnfordon-kettcar-for-barn-3-8-ar-rosa-1.webp?fit=2000%2C2000&ssl=1\" \/>\n\t<meta property=\"og:image:width\" content=\"2000\" \/>\n\t<meta property=\"og:image:height\" content=\"2000\" \/>\n\t<meta property=\"og:image:type\" content=\"image\/webp\" \/>\n<meta name=\"twitter:card\" content=\"summary_large_image\" \/>\n<meta name=\"twitter:label1\" content=\"Ber\u00e4knad l\u00e4stid\" \/>\n\t<meta name=\"twitter:data1\" content=\"1 minut\" \/>\n<!-- \/ Yoast SEO plugin. -->","yoast_head_json":{"title":"TRUUSK Gokart Pedalbil f\u00f6r Barn 3-8 \u00e5r - Handbroms - Justerbart S\u00e4te - Fram- och Backv\u00e4xel - Rosa - TRUUSK - Hem, Tr\u00e4dg\u00e5rd &amp; Fritid","robots":{"index":"index","follow":"follow","max-snippet":"max-snippet:-1","max-image-preview":"max-image-preview:large","max-video-preview":"max-video-preview:-1"},"canonical":"https:\/\/truusk.store\/sv\/produkt\/truusk-gokart-pedalbil-for-barn-3-8-ar-handbroms-justerbart-sate-fram-och-backvaxel-rosa\/","og_locale":"sv_SE","og_type":"article","og_title":"TRUUSK Gokart Pedalbil f\u00f6r Barn 3-8 \u00e5r - Handbroms - Justerbart S\u00e4te - Fram- och Backv\u00e4xel - Rosa - TRUUSK - Hem, Tr\u00e4dg\u00e5rd &amp; Fritid","og_description":"Sl\u00e4pp loss ditt barns \u00e4ventyrslust med v\u00e5r sp\u00e4nnande TRUUSK Go-Kart! Den erbjuder ultimat k\u00f6rgl\u00e4dje och man\u00f6vrerbarhet, har en handbroms samt...","og_url":"https:\/\/truusk.store\/sv\/produkt\/truusk-gokart-pedalbil-for-barn-3-8-ar-handbroms-justerbart-sate-fram-och-backvaxel-rosa\/","og_site_name":"TRUUSK - Hem, Tr\u00e4dg\u00e5rd &amp; Fritid","article_modified_time":"2026-03-12T08:31:12+00:00","og_image":[{"width":2000,"height":2000,"url":"https:\/\/i0.wp.com\/truusk.se\/wp-content\/uploads\/2025\/06\/gokart-pedalbil-med-handbroms-justerbart-sate-fram-och-backvaxel-trampfordon-barnfordon-kettcar-for-barn-3-8-ar-rosa-1.webp?fit=2000%2C2000&ssl=1","type":"image\/webp"}],"twitter_card":"summary_large_image","twitter_misc":{"Ber\u00e4knad l\u00e4stid":"1 minut"},"schema":{"@context":"https:\/\/schema.org","@graph":[{"@type":"WebPage","@id":"https:\/\/truusk.store\/sv\/produkt\/truusk-gokart-pedalbil-for-barn-3-8-ar-handbroms-justerbart-sate-fram-och-backvaxel-rosa\/","url":"https:\/\/truusk.store\/sv\/produkt\/truusk-gokart-pedalbil-for-barn-3-8-ar-handbroms-justerbart-sate-fram-och-backvaxel-rosa\/","name":"TRUUSK Gokart Pedalbil f\u00f6r Barn 3-8 \u00e5r - Handbroms - Justerbart S\u00e4te - Fram- och Backv\u00e4xel - Rosa - TRUUSK - Hem, Tr\u00e4dg\u00e5rd &amp; Fritid","isPartOf":{"@id":"https:\/\/truusk.store\/sv\/#website"},"primaryImageOfPage":{"@id":"https:\/\/truusk.store\/sv\/produkt\/truusk-gokart-pedalbil-for-barn-3-8-ar-handbroms-justerbart-sate-fram-och-backvaxel-rosa\/#primaryimage"},"image":{"@id":"https:\/\/truusk.store\/sv\/produkt\/truusk-gokart-pedalbil-for-barn-3-8-ar-handbroms-justerbart-sate-fram-och-backvaxel-rosa\/#primaryimage"},"thumbnailUrl":"https:\/\/i0.wp.com\/truusk.store\/wp-content\/uploads\/2025\/06\/gokart-pedalbil-med-handbroms-justerbart-sate-fram-och-backvaxel-trampfordon-barnfordon-kettcar-for-barn-3-8-ar-rosa-1.webp?fit=2000%2C2000&ssl=1","datePublished":"2025-06-06T00:38:35+00:00","dateModified":"2026-03-12T08:31:12+00:00","breadcrumb":{"@id":"https:\/\/truusk.store\/sv\/produkt\/truusk-gokart-pedalbil-for-barn-3-8-ar-handbroms-justerbart-sate-fram-och-backvaxel-rosa\/#breadcrumb"},"inLanguage":"sv-SE","potentialAction":[{"@type":"ReadAction","target":["https:\/\/truusk.store\/sv\/produkt\/truusk-gokart-pedalbil-for-barn-3-8-ar-handbroms-justerbart-sate-fram-och-backvaxel-rosa\/"]}]},{"@type":"ImageObject","inLanguage":"sv-SE","@id":"https:\/\/truusk.store\/sv\/produkt\/truusk-gokart-pedalbil-for-barn-3-8-ar-handbroms-justerbart-sate-fram-och-backvaxel-rosa\/#primaryimage","url":"https:\/\/i0.wp.com\/truusk.store\/wp-content\/uploads\/2025\/06\/gokart-pedalbil-med-handbroms-justerbart-sate-fram-och-backvaxel-trampfordon-barnfordon-kettcar-for-barn-3-8-ar-rosa-1.webp?fit=2000%2C2000&ssl=1","contentUrl":"https:\/\/i0.wp.com\/truusk.store\/wp-content\/uploads\/2025\/06\/gokart-pedalbil-med-handbroms-justerbart-sate-fram-och-backvaxel-trampfordon-barnfordon-kettcar-for-barn-3-8-ar-rosa-1.webp?fit=2000%2C2000&ssl=1","width":2000,"height":2000},{"@type":"BreadcrumbList","@id":"https:\/\/truusk.store\/sv\/produkt\/truusk-gokart-pedalbil-for-barn-3-8-ar-handbroms-justerbart-sate-fram-och-backvaxel-rosa\/#breadcrumb","itemListElement":[{"@type":"ListItem","position":1,"name":"Home","item":"https:\/\/truusk.store\/sv\/"},{"@type":"ListItem","position":2,"name":"Shop","item":"https:\/\/truusk.store\/shop\/"},{"@type":"ListItem","position":3,"name":"TRUUSK Gokart Pedalbil f\u00f6r Barn 3-8 \u00e5r &#8211; Handbroms &#8211; Justerbart S\u00e4te &#8211; Fram- och Backv\u00e4xel &#8211; Rosa"}]},{"@type":"WebSite","@id":"https:\/\/truusk.store\/sv\/#website","url":"https:\/\/truusk.store\/sv\/","name":"TRUUSK - Hem, Tr\u00e4dg\u00e5rd & Fritid","description":"","publisher":{"@id":"https:\/\/truusk.store\/sv\/#organization"},"potentialAction":[{"@type":"SearchAction","target":{"@type":"EntryPoint","urlTemplate":"https:\/\/truusk.store\/sv\/?s={search_term_string}"},"query-input":{"@type":"PropertyValueSpecification","valueRequired":true,"valueName":"search_term_string"}}],"inLanguage":"sv-SE"},{"@type":"Organization","@id":"https:\/\/truusk.store\/sv\/#organization","name":"TRUUSK - Hem, Tr\u00e4dg\u00e5rd & Fritid","url":"https:\/\/truusk.store\/sv\/","logo":{"@type":"ImageObject","inLanguage":"sv-SE","@id":"https:\/\/truusk.store\/sv\/#\/schema\/logo\/image\/","url":"https:\/\/i0.wp.com\/truusk.store\/wp-content\/uploads\/2026\/03\/cropped-TRUUSK.png?fit=2032%2C917&ssl=1","contentUrl":"https:\/\/i0.wp.com\/truusk.store\/wp-content\/uploads\/2026\/03\/cropped-TRUUSK.png?fit=2032%2C917&ssl=1","width":2032,"height":917,"caption":"TRUUSK - Hem, Tr\u00e4dg\u00e5rd & Fritid"},"image":{"@id":"https:\/\/truusk.store\/sv\/#\/schema\/logo\/image\/"}}]}},"jetpack_sharing_enabled":true,"_links":{"self":[{"href":"https:\/\/truusk.store\/sv\/wp-json\/wp\/v2\/product\/74133","targetHints":{"allow":["GET"]}}],"collection":[{"href":"https:\/\/truusk.store\/sv\/wp-json\/wp\/v2\/product"}],"about":[{"href":"https:\/\/truusk.store\/sv\/wp-json\/wp\/v2\/types\/product"}],"wp:featuredmedia":[{"embeddable":true,"href":"https:\/\/truusk.store\/sv\/wp-json\/wp\/v2\/media\/74124"}],"wp:attachment":[{"href":"https:\/\/truusk.store\/sv\/wp-json\/wp\/v2\/media?parent=74133"}],"wp:term":[{"taxonomy":"product_brand","embeddable":true,"href":"https:\/\/truusk.store\/sv\/wp-json\/wp\/v2\/product_brand?post=74133"},{"taxonomy":"product_cat","embeddable":true,"href":"https:\/\/truusk.store\/sv\/wp-json\/wp\/v2\/product_cat?post=74133"},{"taxonomy":"product_tag","embeddable":true,"href":"https:\/\/truusk.store\/sv\/wp-json\/wp\/v2\/product_tag?post=74133"}],"curies":[{"name":"wp","href":"https:\/\/api.w.org\/{rel}","templated":true}]}}