{"id":74143,"date":"2025-06-06T01:39:39","date_gmt":"2025-06-06T00:39:39","guid":{"rendered":"https:\/\/truusk.store\/product\/bar-table-med-barstolar-set-3-delat-barbord-set-med-koksbord-forvaringsutrymme-2-pallar-fotstod-i-modern-stil-utrymmesbesparande-matgrupp-for-matsal-kok-stal-ek\/"},"modified":"2026-03-12T08:43:22","modified_gmt":"2026-03-12T07:43:22","slug":"truusk-bar-set-med-bord-och-stolar-3-delat-set-med-forvaring-2-pallar-och-fotstod-modern-design-platsbesparande-matgrupp","status":"publish","type":"product","link":"https:\/\/truusk.store\/sv\/produkt\/truusk-bar-set-med-bord-och-stolar-3-delat-set-med-forvaring-2-pallar-och-fotstod-modern-design-platsbesparande-matgrupp\/","title":{"rendered":"TRUUSK Bar Set med Bord och Stolar &#8211; 3-delat Set med F\u00f6rvaring &#8211; 2 Pallar och Fotst\u00f6d &#8211; Modern Design &#8211; Platsbesparande Matgrupp"},"content":{"rendered":"<p>Detta bardisk med barstolar i bardiskh\u00f6jd levereras med tv\u00e5 stolar och erbjuder gott om plats f\u00f6r mat eller dryck. Detta bardiskset har en \u00f6ppen hylla med tre justerbara niv\u00e5er, s\u00e5 att allt viktigt \u00e4r direkt till hands. Perfekt f\u00f6r mindre utrymmen, stolarna kan placeras under bardisken f\u00f6r att skapa ordning och utrymme.<\/p>\n<p>Beskrivning:<\/p>\n<ul>\n<li> Det tredelade bardisksetet inkluderar en bardisk och tv\u00e5 matchande stolar<\/li>\n<li> Inbyggda fotst\u00f6d f\u00f6r en bekv\u00e4m sittupplevelse<\/li>\n<li> Tre \u00f6ppna fack med en justerbar hylla f\u00f6r flexibel f\u00f6rvaringsanv\u00e4ndning<\/li>\n<li> Tillverkad av h\u00f6gkvalitativa sp\u00e5nskivor och pulverlackerat metall f\u00f6r robusthet<\/li>\n<li> Justerbara fotdynor p\u00e5 bardisksetet stabiliserar p\u00e5 oj\u00e4mna golv<\/li>\n<li> Tv\u00e5 stolar fr\u00e5n bardisksetet passar under bordet f\u00f6r att spara utrymme n\u00e4r de inte anv\u00e4nds<\/li>\n<li> Industriell stil passar s\u00f6ml\u00f6st in i ditt k\u00f6k, din matsal eller ditt vardagsrum<\/li>\n<li> Montering kr\u00e4vs<\/li>\n<\/ul>\n<p> Tekniska data:<\/p>\n<ul>\n<li> F\u00e4rg: Ek+Svart<\/li>\n<li> Material: Sp\u00e5nskiva, St\u00e5l<\/li>\n<li> Bordets dimensioner: 91L x 49B x 91H cm<\/li>\n<li> Stolarnas dimensioner: \u00d830 x 61H cm<\/li>\n<li> \u00d6ppen hyllstorlek: 46B x 18T x 18,5\/20,5\/34,5H cm<\/li>\n<li> L\u00e4mplig minsta yta: 1L x 1,5B m<\/li>\n<li> Belastningskapacitet: 120 kg (stol), 80 kg (bord), 50 kg (bordsskiva), 10 kg (hylla)<\/li>\n<\/ul>\n<p>Leveransinneh\u00e5ll:<\/p>\n<ul>\n<li> 1 x Bardisk<\/li>\n<li> 2 x Barstolar<\/li>\n<li> 1 x Handbok<\/li>\n<\/ul>\n","protected":false},"excerpt":{"rendered":"<p>Detta bardisk med barstolar i bardiskh\u00f6jd levereras med tv\u00e5 stolar och erbjuder gott om plats f\u00f6r mat eller dryck. Detta&#8230;<\/p>\n","protected":false},"featured_media":74134,"template":"","meta":[],"product_brand":[],"product_cat":[900,871,889],"product_tag":[],"class_list":{"0":"post-74143","1":"product","2":"type-product","3":"status-publish","4":"has-post-thumbnail","6":"product_cat-barstol-set","7":"product_cat-hus-hem","8":"product_cat-kok-matsal","10":"first","11":"instock","12":"sale","13":"taxable","14":"shipping-taxable","15":"purchasable","16":"product-type-simple"},"yoast_head":"<!-- This site is optimized with the Yoast SEO plugin v25.4 - https:\/\/yoast.com\/wordpress\/plugins\/seo\/ -->\n<title>TRUUSK Bar Set med Bord och Stolar - 3-delat Set med F\u00f6rvaring - 2 Pallar och Fotst\u00f6d - Modern Design - Platsbesparande Matgrupp - TRUUSK - Hem, Tr\u00e4dg\u00e5rd &amp; Fritid<\/title>\n<meta name=\"robots\" content=\"index, follow, max-snippet:-1, max-image-preview:large, max-video-preview:-1\" \/>\n<link rel=\"canonical\" href=\"https:\/\/truusk.store\/sv\/produkt\/truusk-bar-set-med-bord-och-stolar-3-delat-set-med-forvaring-2-pallar-och-fotstod-modern-design-platsbesparande-matgrupp\/\" \/>\n<meta property=\"og:locale\" content=\"sv_SE\" \/>\n<meta property=\"og:type\" content=\"article\" \/>\n<meta property=\"og:title\" content=\"TRUUSK Bar Set med Bord och Stolar - 3-delat Set med F\u00f6rvaring - 2 Pallar och Fotst\u00f6d - Modern Design - Platsbesparande Matgrupp - TRUUSK - Hem, Tr\u00e4dg\u00e5rd &amp; Fritid\" \/>\n<meta property=\"og:description\" content=\"Detta bardisk med barstolar i bardiskh\u00f6jd levereras med tv\u00e5 stolar och erbjuder gott om plats f\u00f6r mat eller dryck. Detta...\" \/>\n<meta property=\"og:url\" content=\"https:\/\/truusk.store\/sv\/produkt\/truusk-bar-set-med-bord-och-stolar-3-delat-set-med-forvaring-2-pallar-och-fotstod-modern-design-platsbesparande-matgrupp\/\" \/>\n<meta property=\"og:site_name\" content=\"TRUUSK - Hem, Tr\u00e4dg\u00e5rd &amp; Fritid\" \/>\n<meta property=\"article:modified_time\" content=\"2026-03-12T07:43:22+00:00\" \/>\n<meta property=\"og:image\" content=\"https:\/\/i0.wp.com\/truusk.se\/wp-content\/uploads\/2025\/06\/bar-table-med-barstolar-set-3-delat-barbord-set-med-koksbord-forvaringsutrymme-2-pallar-fotstod-i-modern-stil-utrymmesbesparande-matgrupp-for-matsal-kok-stal-ek-1.webp?fit=2000%2C2000&ssl=1\" \/>\n\t<meta property=\"og:image:width\" content=\"2000\" \/>\n\t<meta property=\"og:image:height\" content=\"2000\" \/>\n\t<meta property=\"og:image:type\" content=\"image\/webp\" \/>\n<meta name=\"twitter:card\" content=\"summary_large_image\" \/>\n<meta name=\"twitter:label1\" content=\"Ber\u00e4knad l\u00e4stid\" \/>\n\t<meta name=\"twitter:data1\" content=\"1 minut\" \/>\n<!-- \/ Yoast SEO plugin. -->","yoast_head_json":{"title":"TRUUSK Bar Set med Bord och Stolar - 3-delat Set med F\u00f6rvaring - 2 Pallar och Fotst\u00f6d - Modern Design - Platsbesparande Matgrupp - TRUUSK - Hem, Tr\u00e4dg\u00e5rd &amp; Fritid","robots":{"index":"index","follow":"follow","max-snippet":"max-snippet:-1","max-image-preview":"max-image-preview:large","max-video-preview":"max-video-preview:-1"},"canonical":"https:\/\/truusk.store\/sv\/produkt\/truusk-bar-set-med-bord-och-stolar-3-delat-set-med-forvaring-2-pallar-och-fotstod-modern-design-platsbesparande-matgrupp\/","og_locale":"sv_SE","og_type":"article","og_title":"TRUUSK Bar Set med Bord och Stolar - 3-delat Set med F\u00f6rvaring - 2 Pallar och Fotst\u00f6d - Modern Design - Platsbesparande Matgrupp - TRUUSK - Hem, Tr\u00e4dg\u00e5rd &amp; Fritid","og_description":"Detta bardisk med barstolar i bardiskh\u00f6jd levereras med tv\u00e5 stolar och erbjuder gott om plats f\u00f6r mat eller dryck. Detta...","og_url":"https:\/\/truusk.store\/sv\/produkt\/truusk-bar-set-med-bord-och-stolar-3-delat-set-med-forvaring-2-pallar-och-fotstod-modern-design-platsbesparande-matgrupp\/","og_site_name":"TRUUSK - Hem, Tr\u00e4dg\u00e5rd &amp; Fritid","article_modified_time":"2026-03-12T07:43:22+00:00","og_image":[{"width":2000,"height":2000,"url":"https:\/\/i0.wp.com\/truusk.se\/wp-content\/uploads\/2025\/06\/bar-table-med-barstolar-set-3-delat-barbord-set-med-koksbord-forvaringsutrymme-2-pallar-fotstod-i-modern-stil-utrymmesbesparande-matgrupp-for-matsal-kok-stal-ek-1.webp?fit=2000%2C2000&ssl=1","type":"image\/webp"}],"twitter_card":"summary_large_image","twitter_misc":{"Ber\u00e4knad l\u00e4stid":"1 minut"},"schema":{"@context":"https:\/\/schema.org","@graph":[{"@type":"WebPage","@id":"https:\/\/truusk.store\/sv\/produkt\/truusk-bar-set-med-bord-och-stolar-3-delat-set-med-forvaring-2-pallar-och-fotstod-modern-design-platsbesparande-matgrupp\/","url":"https:\/\/truusk.store\/sv\/produkt\/truusk-bar-set-med-bord-och-stolar-3-delat-set-med-forvaring-2-pallar-och-fotstod-modern-design-platsbesparande-matgrupp\/","name":"TRUUSK Bar Set med Bord och Stolar - 3-delat Set med F\u00f6rvaring - 2 Pallar och Fotst\u00f6d - Modern Design - Platsbesparande Matgrupp - TRUUSK - Hem, Tr\u00e4dg\u00e5rd &amp; Fritid","isPartOf":{"@id":"https:\/\/truusk.store\/sv\/#website"},"primaryImageOfPage":{"@id":"https:\/\/truusk.store\/sv\/produkt\/truusk-bar-set-med-bord-och-stolar-3-delat-set-med-forvaring-2-pallar-och-fotstod-modern-design-platsbesparande-matgrupp\/#primaryimage"},"image":{"@id":"https:\/\/truusk.store\/sv\/produkt\/truusk-bar-set-med-bord-och-stolar-3-delat-set-med-forvaring-2-pallar-och-fotstod-modern-design-platsbesparande-matgrupp\/#primaryimage"},"thumbnailUrl":"https:\/\/i0.wp.com\/truusk.store\/wp-content\/uploads\/2025\/06\/bar-table-med-barstolar-set-3-delat-barbord-set-med-koksbord-forvaringsutrymme-2-pallar-fotstod-i-modern-stil-utrymmesbesparande-matgrupp-for-matsal-kok-stal-ek-1.webp?fit=2000%2C2000&ssl=1","datePublished":"2025-06-06T00:39:39+00:00","dateModified":"2026-03-12T07:43:22+00:00","breadcrumb":{"@id":"https:\/\/truusk.store\/sv\/produkt\/truusk-bar-set-med-bord-och-stolar-3-delat-set-med-forvaring-2-pallar-och-fotstod-modern-design-platsbesparande-matgrupp\/#breadcrumb"},"inLanguage":"sv-SE","potentialAction":[{"@type":"ReadAction","target":["https:\/\/truusk.store\/sv\/produkt\/truusk-bar-set-med-bord-och-stolar-3-delat-set-med-forvaring-2-pallar-och-fotstod-modern-design-platsbesparande-matgrupp\/"]}]},{"@type":"ImageObject","inLanguage":"sv-SE","@id":"https:\/\/truusk.store\/sv\/produkt\/truusk-bar-set-med-bord-och-stolar-3-delat-set-med-forvaring-2-pallar-och-fotstod-modern-design-platsbesparande-matgrupp\/#primaryimage","url":"https:\/\/i0.wp.com\/truusk.store\/wp-content\/uploads\/2025\/06\/bar-table-med-barstolar-set-3-delat-barbord-set-med-koksbord-forvaringsutrymme-2-pallar-fotstod-i-modern-stil-utrymmesbesparande-matgrupp-for-matsal-kok-stal-ek-1.webp?fit=2000%2C2000&ssl=1","contentUrl":"https:\/\/i0.wp.com\/truusk.store\/wp-content\/uploads\/2025\/06\/bar-table-med-barstolar-set-3-delat-barbord-set-med-koksbord-forvaringsutrymme-2-pallar-fotstod-i-modern-stil-utrymmesbesparande-matgrupp-for-matsal-kok-stal-ek-1.webp?fit=2000%2C2000&ssl=1","width":2000,"height":2000},{"@type":"BreadcrumbList","@id":"https:\/\/truusk.store\/sv\/produkt\/truusk-bar-set-med-bord-och-stolar-3-delat-set-med-forvaring-2-pallar-och-fotstod-modern-design-platsbesparande-matgrupp\/#breadcrumb","itemListElement":[{"@type":"ListItem","position":1,"name":"Home","item":"https:\/\/truusk.store\/sv\/"},{"@type":"ListItem","position":2,"name":"Shop","item":"https:\/\/truusk.store\/shop\/"},{"@type":"ListItem","position":3,"name":"TRUUSK Bar Set med Bord och Stolar &#8211; 3-delat Set med F\u00f6rvaring &#8211; 2 Pallar och Fotst\u00f6d &#8211; Modern Design &#8211; Platsbesparande Matgrupp"}]},{"@type":"WebSite","@id":"https:\/\/truusk.store\/sv\/#website","url":"https:\/\/truusk.store\/sv\/","name":"TRUUSK - Hem, Tr\u00e4dg\u00e5rd & Fritid","description":"","publisher":{"@id":"https:\/\/truusk.store\/sv\/#organization"},"potentialAction":[{"@type":"SearchAction","target":{"@type":"EntryPoint","urlTemplate":"https:\/\/truusk.store\/sv\/?s={search_term_string}"},"query-input":{"@type":"PropertyValueSpecification","valueRequired":true,"valueName":"search_term_string"}}],"inLanguage":"sv-SE"},{"@type":"Organization","@id":"https:\/\/truusk.store\/sv\/#organization","name":"TRUUSK - Hem, Tr\u00e4dg\u00e5rd & Fritid","url":"https:\/\/truusk.store\/sv\/","logo":{"@type":"ImageObject","inLanguage":"sv-SE","@id":"https:\/\/truusk.store\/sv\/#\/schema\/logo\/image\/","url":"https:\/\/i0.wp.com\/truusk.store\/wp-content\/uploads\/2026\/03\/cropped-TRUUSK.png?fit=2032%2C917&ssl=1","contentUrl":"https:\/\/i0.wp.com\/truusk.store\/wp-content\/uploads\/2026\/03\/cropped-TRUUSK.png?fit=2032%2C917&ssl=1","width":2032,"height":917,"caption":"TRUUSK - Hem, Tr\u00e4dg\u00e5rd & Fritid"},"image":{"@id":"https:\/\/truusk.store\/sv\/#\/schema\/logo\/image\/"}}]}},"jetpack_sharing_enabled":true,"_links":{"self":[{"href":"https:\/\/truusk.store\/sv\/wp-json\/wp\/v2\/product\/74143","targetHints":{"allow":["GET"]}}],"collection":[{"href":"https:\/\/truusk.store\/sv\/wp-json\/wp\/v2\/product"}],"about":[{"href":"https:\/\/truusk.store\/sv\/wp-json\/wp\/v2\/types\/product"}],"wp:featuredmedia":[{"embeddable":true,"href":"https:\/\/truusk.store\/sv\/wp-json\/wp\/v2\/media\/74134"}],"wp:attachment":[{"href":"https:\/\/truusk.store\/sv\/wp-json\/wp\/v2\/media?parent=74143"}],"wp:term":[{"taxonomy":"product_brand","embeddable":true,"href":"https:\/\/truusk.store\/sv\/wp-json\/wp\/v2\/product_brand?post=74143"},{"taxonomy":"product_cat","embeddable":true,"href":"https:\/\/truusk.store\/sv\/wp-json\/wp\/v2\/product_cat?post=74143"},{"taxonomy":"product_tag","embeddable":true,"href":"https:\/\/truusk.store\/sv\/wp-json\/wp\/v2\/product_tag?post=74143"}],"curies":[{"name":"wp","href":"https:\/\/api.w.org\/{rel}","templated":true}]}}