{"id":74183,"date":"2025-06-06T01:43:41","date_gmt":"2025-06-06T00:43:41","guid":{"rendered":"https:\/\/truusk.store\/product\/papasan-stol-i-rotting-360-roterbar-korgstol-med-sittdyna-diameter-120-cm-rund-utomhus-rottingstol-roterande-stol-lounge-stol-liggstol-for-vardagsrum-tradgard-balkong-ljusgra\/"},"modified":"2026-03-12T08:40:19","modified_gmt":"2026-03-12T07:40:19","slug":"truusk-rotting-papasan-stol-360-roterbar-sittdyna-120-cm-utomhus-rundstol-lounge-stol-liggstol-ljusgra","status":"publish","type":"product","link":"https:\/\/truusk.store\/sv\/produkt\/truusk-rotting-papasan-stol-360-roterbar-sittdyna-120-cm-utomhus-rundstol-lounge-stol-liggstol-ljusgra\/","title":{"rendered":"TRUUSK Rotting Papasan-stol 360\u00b0 Roterbar &#8211; Sittdyna 120 cm &#8211; Utomhus Rundstol &#8211; Lounge Stol &#8211; Liggstol &#8211; Ljusgr\u00e5"},"content":{"rendered":"<p>Upplev charmen med TRUUSK sv\u00e4ngbara rottingstol, en perfekt blandning av stil och komfort. Med den mjukt roterande basen har du en 360\u00b0 panoramavy \u00f6ver din tr\u00e4dg\u00e5rd, medan du sjunker ner i den ergonomiskt formade, mjukt stoppade ryggst\u00f6det. Rottingstolen, tillverkad av v\u00e4derbest\u00e4ndig PE-rotting och en stabil, pulverlackerad st\u00e5lram, h\u00e5ller upp till 120 kg. Denna anpassningsbara design av Papasan-stolen passar perfekt i tr\u00e4dg\u00e5rden, verandan, vardagsrummet eller sovrummet.<\/p>\n<p>Beskrivning:<\/p>\n<ul>\n<li> 360-graders rotation av Papasan-stolen f\u00f6r obegr\u00e4nsade tr\u00e4dg\u00e5rdsutsikter<\/li>\n<li> Kuddar \u00e4r fl\u00e4ck- och UV-resistenta, vilket \u00f6kar livsl\u00e4ngden<\/li>\n<li> Inneh\u00e5ller tjocka, stoppade kuddar f\u00f6r \u00f6verl\u00e4gsen komfort<\/li>\n<li> Ergonomiskt utformad ryggst\u00f6d av Papasan-stolen st\u00f6der avslappnat sittande<\/li>\n<li> V\u00e4derbest\u00e4ndig rotting och st\u00e5lram f\u00f6r h\u00e5llbarhet<\/li>\n<li> Justerbara fotdynor av Papasan-stolen stabiliserar och balanserar<\/li>\n<li> L\u00e4mplig f\u00f6r anv\u00e4ndning i olika milj\u00f6er, inomhus och utomhus<\/li>\n<li> B\u00e4r upp till 120 kg, montering kr\u00e4vs<\/li>\n<\/ul>\n<p> Tekniska data:<\/p>\n<ul>\n<li> F\u00e4rg: Ljusgr\u00e5<\/li>\n<li> Material: St\u00e5l, PE-rotting, polyester, skum<\/li>\n<li> Totala dimensioner: 90L x 78B x 76H cm<\/li>\n<li> Sitsstorlek: \u00d890B x 35H cm<\/li>\n<li> Kuddm\u00e5tt: \u00d8100B x 10T cm<\/li>\n<li> Belastningskapacitet: 120 kg<\/li>\n<\/ul>\n<p>Ing\u00e5r i leveransen:<\/p>\n<ul>\n<li> 1 x Sv\u00e4ngbar rottingstol<\/li>\n<li> 1 x Handbok<\/li>\n<\/ul>\n","protected":false},"excerpt":{"rendered":"<p>Upplev charmen med TRUUSK sv\u00e4ngbara rottingstol, en perfekt blandning av stil och komfort. Med den mjukt roterande basen har du&#8230;<\/p>\n","protected":false},"featured_media":74174,"template":"","meta":[],"product_brand":[],"product_cat":[858,450,452],"product_tag":[],"class_list":{"0":"post-74183","1":"product","2":"type-product","3":"status-publish","4":"has-post-thumbnail","6":"product_cat-tradgard-terrass","7":"product_cat-tradgardsmobler","8":"product_cat-tradgardsstolar","10":"first","11":"instock","12":"sale","13":"taxable","14":"shipping-taxable","15":"purchasable","16":"product-type-simple"},"yoast_head":"<!-- This site is optimized with the Yoast SEO plugin v25.4 - https:\/\/yoast.com\/wordpress\/plugins\/seo\/ -->\n<title>TRUUSK Rotting Papasan-stol 360\u00b0 Roterbar - Sittdyna 120 cm - Utomhus Rundstol - Lounge Stol - Liggstol - Ljusgr\u00e5 - TRUUSK - Hem, Tr\u00e4dg\u00e5rd &amp; Fritid<\/title>\n<meta name=\"robots\" content=\"index, follow, max-snippet:-1, max-image-preview:large, max-video-preview:-1\" \/>\n<link rel=\"canonical\" href=\"https:\/\/truusk.store\/sv\/produkt\/truusk-rotting-papasan-stol-360-roterbar-sittdyna-120-cm-utomhus-rundstol-lounge-stol-liggstol-ljusgra\/\" \/>\n<meta property=\"og:locale\" content=\"sv_SE\" \/>\n<meta property=\"og:type\" content=\"article\" \/>\n<meta property=\"og:title\" content=\"TRUUSK Rotting Papasan-stol 360\u00b0 Roterbar - Sittdyna 120 cm - Utomhus Rundstol - Lounge Stol - Liggstol - Ljusgr\u00e5 - TRUUSK - Hem, Tr\u00e4dg\u00e5rd &amp; Fritid\" \/>\n<meta property=\"og:description\" content=\"Upplev charmen med TRUUSK sv\u00e4ngbara rottingstol, en perfekt blandning av stil och komfort. Med den mjukt roterande basen har du...\" \/>\n<meta property=\"og:url\" content=\"https:\/\/truusk.store\/sv\/produkt\/truusk-rotting-papasan-stol-360-roterbar-sittdyna-120-cm-utomhus-rundstol-lounge-stol-liggstol-ljusgra\/\" \/>\n<meta property=\"og:site_name\" content=\"TRUUSK - Hem, Tr\u00e4dg\u00e5rd &amp; Fritid\" \/>\n<meta property=\"article:modified_time\" content=\"2026-03-12T07:40:19+00:00\" \/>\n<meta property=\"og:image\" content=\"https:\/\/i0.wp.com\/truusk.se\/wp-content\/uploads\/2025\/06\/papasan-stol-i-rotting-360-roterbar-korgstol-med-sittdyna-diameter-120-cm-rund-utomhus-rottingstol-roterande-stol-lounge-stol-liggstol-for-vardagsrum-tradgard-balkong-ljusgra-1.webp?fit=2000%2C2000&ssl=1\" \/>\n\t<meta property=\"og:image:width\" content=\"2000\" \/>\n\t<meta property=\"og:image:height\" content=\"2000\" \/>\n\t<meta property=\"og:image:type\" content=\"image\/webp\" \/>\n<meta name=\"twitter:card\" content=\"summary_large_image\" \/>\n<meta name=\"twitter:label1\" content=\"Ber\u00e4knad l\u00e4stid\" \/>\n\t<meta name=\"twitter:data1\" content=\"1 minut\" \/>\n<!-- \/ Yoast SEO plugin. -->","yoast_head_json":{"title":"TRUUSK Rotting Papasan-stol 360\u00b0 Roterbar - Sittdyna 120 cm - Utomhus Rundstol - Lounge Stol - Liggstol - Ljusgr\u00e5 - TRUUSK - Hem, Tr\u00e4dg\u00e5rd &amp; Fritid","robots":{"index":"index","follow":"follow","max-snippet":"max-snippet:-1","max-image-preview":"max-image-preview:large","max-video-preview":"max-video-preview:-1"},"canonical":"https:\/\/truusk.store\/sv\/produkt\/truusk-rotting-papasan-stol-360-roterbar-sittdyna-120-cm-utomhus-rundstol-lounge-stol-liggstol-ljusgra\/","og_locale":"sv_SE","og_type":"article","og_title":"TRUUSK Rotting Papasan-stol 360\u00b0 Roterbar - Sittdyna 120 cm - Utomhus Rundstol - Lounge Stol - Liggstol - Ljusgr\u00e5 - TRUUSK - Hem, Tr\u00e4dg\u00e5rd &amp; Fritid","og_description":"Upplev charmen med TRUUSK sv\u00e4ngbara rottingstol, en perfekt blandning av stil och komfort. Med den mjukt roterande basen har du...","og_url":"https:\/\/truusk.store\/sv\/produkt\/truusk-rotting-papasan-stol-360-roterbar-sittdyna-120-cm-utomhus-rundstol-lounge-stol-liggstol-ljusgra\/","og_site_name":"TRUUSK - Hem, Tr\u00e4dg\u00e5rd &amp; Fritid","article_modified_time":"2026-03-12T07:40:19+00:00","og_image":[{"width":2000,"height":2000,"url":"https:\/\/i0.wp.com\/truusk.se\/wp-content\/uploads\/2025\/06\/papasan-stol-i-rotting-360-roterbar-korgstol-med-sittdyna-diameter-120-cm-rund-utomhus-rottingstol-roterande-stol-lounge-stol-liggstol-for-vardagsrum-tradgard-balkong-ljusgra-1.webp?fit=2000%2C2000&ssl=1","type":"image\/webp"}],"twitter_card":"summary_large_image","twitter_misc":{"Ber\u00e4knad l\u00e4stid":"1 minut"},"schema":{"@context":"https:\/\/schema.org","@graph":[{"@type":"WebPage","@id":"https:\/\/truusk.store\/sv\/produkt\/truusk-rotting-papasan-stol-360-roterbar-sittdyna-120-cm-utomhus-rundstol-lounge-stol-liggstol-ljusgra\/","url":"https:\/\/truusk.store\/sv\/produkt\/truusk-rotting-papasan-stol-360-roterbar-sittdyna-120-cm-utomhus-rundstol-lounge-stol-liggstol-ljusgra\/","name":"TRUUSK Rotting Papasan-stol 360\u00b0 Roterbar - Sittdyna 120 cm - Utomhus Rundstol - Lounge Stol - Liggstol - Ljusgr\u00e5 - TRUUSK - Hem, Tr\u00e4dg\u00e5rd &amp; Fritid","isPartOf":{"@id":"https:\/\/truusk.store\/sv\/#website"},"primaryImageOfPage":{"@id":"https:\/\/truusk.store\/sv\/produkt\/truusk-rotting-papasan-stol-360-roterbar-sittdyna-120-cm-utomhus-rundstol-lounge-stol-liggstol-ljusgra\/#primaryimage"},"image":{"@id":"https:\/\/truusk.store\/sv\/produkt\/truusk-rotting-papasan-stol-360-roterbar-sittdyna-120-cm-utomhus-rundstol-lounge-stol-liggstol-ljusgra\/#primaryimage"},"thumbnailUrl":"https:\/\/i0.wp.com\/truusk.store\/wp-content\/uploads\/2025\/06\/papasan-stol-i-rotting-360-roterbar-korgstol-med-sittdyna-diameter-120-cm-rund-utomhus-rottingstol-roterande-stol-lounge-stol-liggstol-for-vardagsrum-tradgard-balkong-ljusgra-1.webp?fit=2000%2C2000&ssl=1","datePublished":"2025-06-06T00:43:41+00:00","dateModified":"2026-03-12T07:40:19+00:00","breadcrumb":{"@id":"https:\/\/truusk.store\/sv\/produkt\/truusk-rotting-papasan-stol-360-roterbar-sittdyna-120-cm-utomhus-rundstol-lounge-stol-liggstol-ljusgra\/#breadcrumb"},"inLanguage":"sv-SE","potentialAction":[{"@type":"ReadAction","target":["https:\/\/truusk.store\/sv\/produkt\/truusk-rotting-papasan-stol-360-roterbar-sittdyna-120-cm-utomhus-rundstol-lounge-stol-liggstol-ljusgra\/"]}]},{"@type":"ImageObject","inLanguage":"sv-SE","@id":"https:\/\/truusk.store\/sv\/produkt\/truusk-rotting-papasan-stol-360-roterbar-sittdyna-120-cm-utomhus-rundstol-lounge-stol-liggstol-ljusgra\/#primaryimage","url":"https:\/\/i0.wp.com\/truusk.store\/wp-content\/uploads\/2025\/06\/papasan-stol-i-rotting-360-roterbar-korgstol-med-sittdyna-diameter-120-cm-rund-utomhus-rottingstol-roterande-stol-lounge-stol-liggstol-for-vardagsrum-tradgard-balkong-ljusgra-1.webp?fit=2000%2C2000&ssl=1","contentUrl":"https:\/\/i0.wp.com\/truusk.store\/wp-content\/uploads\/2025\/06\/papasan-stol-i-rotting-360-roterbar-korgstol-med-sittdyna-diameter-120-cm-rund-utomhus-rottingstol-roterande-stol-lounge-stol-liggstol-for-vardagsrum-tradgard-balkong-ljusgra-1.webp?fit=2000%2C2000&ssl=1","width":2000,"height":2000},{"@type":"BreadcrumbList","@id":"https:\/\/truusk.store\/sv\/produkt\/truusk-rotting-papasan-stol-360-roterbar-sittdyna-120-cm-utomhus-rundstol-lounge-stol-liggstol-ljusgra\/#breadcrumb","itemListElement":[{"@type":"ListItem","position":1,"name":"Home","item":"https:\/\/truusk.store\/sv\/"},{"@type":"ListItem","position":2,"name":"Shop","item":"https:\/\/truusk.store\/shop\/"},{"@type":"ListItem","position":3,"name":"TRUUSK Rotting Papasan-stol 360\u00b0 Roterbar &#8211; Sittdyna 120 cm &#8211; Utomhus Rundstol &#8211; Lounge Stol &#8211; Liggstol &#8211; Ljusgr\u00e5"}]},{"@type":"WebSite","@id":"https:\/\/truusk.store\/sv\/#website","url":"https:\/\/truusk.store\/sv\/","name":"TRUUSK - Hem, Tr\u00e4dg\u00e5rd & Fritid","description":"","publisher":{"@id":"https:\/\/truusk.store\/sv\/#organization"},"potentialAction":[{"@type":"SearchAction","target":{"@type":"EntryPoint","urlTemplate":"https:\/\/truusk.store\/sv\/?s={search_term_string}"},"query-input":{"@type":"PropertyValueSpecification","valueRequired":true,"valueName":"search_term_string"}}],"inLanguage":"sv-SE"},{"@type":"Organization","@id":"https:\/\/truusk.store\/sv\/#organization","name":"TRUUSK - Hem, Tr\u00e4dg\u00e5rd & Fritid","url":"https:\/\/truusk.store\/sv\/","logo":{"@type":"ImageObject","inLanguage":"sv-SE","@id":"https:\/\/truusk.store\/sv\/#\/schema\/logo\/image\/","url":"https:\/\/i0.wp.com\/truusk.store\/wp-content\/uploads\/2026\/03\/cropped-TRUUSK.png?fit=2032%2C917&ssl=1","contentUrl":"https:\/\/i0.wp.com\/truusk.store\/wp-content\/uploads\/2026\/03\/cropped-TRUUSK.png?fit=2032%2C917&ssl=1","width":2032,"height":917,"caption":"TRUUSK - Hem, Tr\u00e4dg\u00e5rd & Fritid"},"image":{"@id":"https:\/\/truusk.store\/sv\/#\/schema\/logo\/image\/"}}]}},"jetpack_sharing_enabled":true,"_links":{"self":[{"href":"https:\/\/truusk.store\/sv\/wp-json\/wp\/v2\/product\/74183","targetHints":{"allow":["GET"]}}],"collection":[{"href":"https:\/\/truusk.store\/sv\/wp-json\/wp\/v2\/product"}],"about":[{"href":"https:\/\/truusk.store\/sv\/wp-json\/wp\/v2\/types\/product"}],"wp:featuredmedia":[{"embeddable":true,"href":"https:\/\/truusk.store\/sv\/wp-json\/wp\/v2\/media\/74174"}],"wp:attachment":[{"href":"https:\/\/truusk.store\/sv\/wp-json\/wp\/v2\/media?parent=74183"}],"wp:term":[{"taxonomy":"product_brand","embeddable":true,"href":"https:\/\/truusk.store\/sv\/wp-json\/wp\/v2\/product_brand?post=74183"},{"taxonomy":"product_cat","embeddable":true,"href":"https:\/\/truusk.store\/sv\/wp-json\/wp\/v2\/product_cat?post=74183"},{"taxonomy":"product_tag","embeddable":true,"href":"https:\/\/truusk.store\/sv\/wp-json\/wp\/v2\/product_tag?post=74183"}],"curies":[{"name":"wp","href":"https:\/\/api.w.org\/{rel}","templated":true}]}}