{"id":7424,"date":"2024-02-13T08:51:27","date_gmt":"2024-02-13T07:51:27","guid":{"rendered":"https:\/\/truusk.store\/product\/trasparrgrind-fristaende-skyddsgrind-for-hundar-dorrskydd-justerbar-hundgrind-trappgrind-med-dorrar-fallbar-spisgrind-for-ugn-morkbrun-155-x-15-x-76-cm\/"},"modified":"2026-03-12T08:55:32","modified_gmt":"2026-03-12T07:55:32","slug":"truusk-trasparrgrind-fristaende-skyddsgrind-for-hundar-justerbar-hundgrind-morkbrun-155-x-15-x-76-cm","status":"publish","type":"product","link":"https:\/\/truusk.store\/sv\/produkt\/truusk-trasparrgrind-fristaende-skyddsgrind-for-hundar-justerbar-hundgrind-morkbrun-155-x-15-x-76-cm\/","title":{"rendered":"TRUUSK Tr\u00e4sp\u00e4rrgrind &#8211; Frist\u00e5ende Skyddsgrind f\u00f6r Hundar &#8211; Justerbar Hundgrind &#8211; M\u00f6rkbrun &#8211; 155 x 1,5 x 76 cm"},"content":{"rendered":"<p>Om du beh\u00f6ver h\u00e5lla din d\u00f6rrport i ett omr\u00e5de hemma, v\u00e4lj denna frist\u00e5ende d\u00f6rrport. St\u00e4ngerna p\u00e5 panelerna h\u00e5ller din hund innesluten utan att f\u00e5 dem att k\u00e4nna sig st\u00e4ngda, och den f\u00e4lls l\u00e4tt ihop f\u00f6r platt f\u00f6rvaring. F\u00f6r s\u00e4kerhets skull \u00e4r den utrustad med sp\u00e4rr p\u00e5 mittd\u00f6rren. Observera att denna grind endast \u00e4r l\u00e4mplig f\u00f6r sm\u00e5 till medelstora hundar.<\/p>\n<h3>Beskrivning:<\/h3>\n<ul>\n<li>En tredelad konstruktion som g\u00f6r att du kan flytta porten till ett l\u00e4ge som passar det avsedda omr\u00e5det<\/li>\n<li>Frist\u00e5ende design som inte beh\u00f6ver f\u00e4stas p\u00e5 v\u00e4ggar eller bockar<\/li>\n<li>Medium grind f\u00f6r enkel in- och urstigning, med en sp\u00e4rr p\u00e5 toppen f\u00f6r s\u00e4kerhet<\/li>\n<li>Ramen \u00e4r gjord av MDF f\u00f6r en solid och h\u00e5llbar struktur<\/li>\n<li>Stavar p\u00e5 alla paneler garanterar s\u00e4kerheten utan att din hund k\u00e4nner sig begr\u00e4nsad<\/li>\n<li>Kan vikas till en kompakt storlek f\u00f6r f\u00f6rvaring<\/li>\n<\/ul>\n<h3>Teknisk data:<\/h3>\n<ul>\n<li>F\u00e4rg: M\u00f6rkbrun<\/li>\n<li>Material: MDF<\/li>\n<li>\u00d6vergripande m\u00e5tt: 155L x 1,5D x 76H cm<\/li>\n<li>D\u00f6rrm\u00e5tt: 40,5W x 67H cm<\/li>\n<li>Storlek i ett stycke: 51L x 4,5D x 76H cm<\/li>\n<li>Artikelnummer: D06-047<\/li>\n<\/ul>\n<h3>Leveransens omfattning:<\/h3>\n<ul>\n<li>1 x Pet Gate;<\/li>\n<\/ul>\n","protected":false},"excerpt":{"rendered":"<p>Om du beh\u00f6ver h\u00e5lla din d\u00f6rrport i ett omr\u00e5de hemma, v\u00e4lj denna frist\u00e5ende d\u00f6rrport. St\u00e4ngerna p\u00e5 panelerna h\u00e5ller din hund&#8230;<\/p>\n","protected":false},"featured_media":7425,"template":"","meta":[],"product_brand":[],"product_cat":[577,574,573],"product_tag":[],"class_list":{"0":"post-7424","1":"product","2":"type-product","3":"status-publish","4":"has-post-thumbnail","6":"product_cat-hundgrindar-avdelare","7":"product_cat-hundtillbehor","8":"product_cat-husdjursmaterial","10":"first","11":"instock","12":"sale","13":"taxable","14":"shipping-taxable","15":"purchasable","16":"product-type-simple"},"yoast_head":"<!-- This site is optimized with the Yoast SEO plugin v25.4 - https:\/\/yoast.com\/wordpress\/plugins\/seo\/ -->\n<title>TRUUSK Tr\u00e4sp\u00e4rrgrind - Frist\u00e5ende Skyddsgrind f\u00f6r Hundar - Justerbar Hundgrind - M\u00f6rkbrun - 155 x 1,5 x 76 cm - TRUUSK - Hem, Tr\u00e4dg\u00e5rd &amp; Fritid<\/title>\n<meta name=\"robots\" content=\"index, follow, max-snippet:-1, max-image-preview:large, max-video-preview:-1\" \/>\n<link rel=\"canonical\" href=\"https:\/\/truusk.store\/sv\/produkt\/truusk-trasparrgrind-fristaende-skyddsgrind-for-hundar-justerbar-hundgrind-morkbrun-155-x-15-x-76-cm\/\" \/>\n<meta property=\"og:locale\" content=\"sv_SE\" \/>\n<meta property=\"og:type\" content=\"article\" \/>\n<meta property=\"og:title\" content=\"TRUUSK Tr\u00e4sp\u00e4rrgrind - Frist\u00e5ende Skyddsgrind f\u00f6r Hundar - Justerbar Hundgrind - M\u00f6rkbrun - 155 x 1,5 x 76 cm - TRUUSK - Hem, Tr\u00e4dg\u00e5rd &amp; Fritid\" \/>\n<meta property=\"og:description\" content=\"Om du beh\u00f6ver h\u00e5lla din d\u00f6rrport i ett omr\u00e5de hemma, v\u00e4lj denna frist\u00e5ende d\u00f6rrport. St\u00e4ngerna p\u00e5 panelerna h\u00e5ller din hund...\" \/>\n<meta property=\"og:url\" content=\"https:\/\/truusk.store\/sv\/produkt\/truusk-trasparrgrind-fristaende-skyddsgrind-for-hundar-justerbar-hundgrind-morkbrun-155-x-15-x-76-cm\/\" \/>\n<meta property=\"og:site_name\" content=\"TRUUSK - Hem, Tr\u00e4dg\u00e5rd &amp; Fritid\" \/>\n<meta property=\"article:modified_time\" content=\"2026-03-12T07:55:32+00:00\" \/>\n<meta property=\"og:image\" content=\"https:\/\/i0.wp.com\/truusk.se\/wp-content\/uploads\/2024\/02\/trasparrgrind-fristaende-skyddsgrind-for-hundar-dorrskydd-justerbar-hundgrind-trappgrind-med-dorrar-fallbar-spisgrind-for-ugn-morkbrun-155-x-15-x-76-cm.webp?fit=800%2C800&ssl=1\" \/>\n\t<meta property=\"og:image:width\" content=\"800\" \/>\n\t<meta property=\"og:image:height\" content=\"800\" \/>\n\t<meta property=\"og:image:type\" content=\"image\/webp\" \/>\n<meta name=\"twitter:card\" content=\"summary_large_image\" \/>\n<meta name=\"twitter:label1\" content=\"Ber\u00e4knad l\u00e4stid\" \/>\n\t<meta name=\"twitter:data1\" content=\"1 minut\" \/>\n<!-- \/ Yoast SEO plugin. -->","yoast_head_json":{"title":"TRUUSK Tr\u00e4sp\u00e4rrgrind - Frist\u00e5ende Skyddsgrind f\u00f6r Hundar - Justerbar Hundgrind - M\u00f6rkbrun - 155 x 1,5 x 76 cm - TRUUSK - Hem, Tr\u00e4dg\u00e5rd &amp; Fritid","robots":{"index":"index","follow":"follow","max-snippet":"max-snippet:-1","max-image-preview":"max-image-preview:large","max-video-preview":"max-video-preview:-1"},"canonical":"https:\/\/truusk.store\/sv\/produkt\/truusk-trasparrgrind-fristaende-skyddsgrind-for-hundar-justerbar-hundgrind-morkbrun-155-x-15-x-76-cm\/","og_locale":"sv_SE","og_type":"article","og_title":"TRUUSK Tr\u00e4sp\u00e4rrgrind - Frist\u00e5ende Skyddsgrind f\u00f6r Hundar - Justerbar Hundgrind - M\u00f6rkbrun - 155 x 1,5 x 76 cm - TRUUSK - Hem, Tr\u00e4dg\u00e5rd &amp; Fritid","og_description":"Om du beh\u00f6ver h\u00e5lla din d\u00f6rrport i ett omr\u00e5de hemma, v\u00e4lj denna frist\u00e5ende d\u00f6rrport. St\u00e4ngerna p\u00e5 panelerna h\u00e5ller din hund...","og_url":"https:\/\/truusk.store\/sv\/produkt\/truusk-trasparrgrind-fristaende-skyddsgrind-for-hundar-justerbar-hundgrind-morkbrun-155-x-15-x-76-cm\/","og_site_name":"TRUUSK - Hem, Tr\u00e4dg\u00e5rd &amp; Fritid","article_modified_time":"2026-03-12T07:55:32+00:00","og_image":[{"width":800,"height":800,"url":"https:\/\/i0.wp.com\/truusk.se\/wp-content\/uploads\/2024\/02\/trasparrgrind-fristaende-skyddsgrind-for-hundar-dorrskydd-justerbar-hundgrind-trappgrind-med-dorrar-fallbar-spisgrind-for-ugn-morkbrun-155-x-15-x-76-cm.webp?fit=800%2C800&ssl=1","type":"image\/webp"}],"twitter_card":"summary_large_image","twitter_misc":{"Ber\u00e4knad l\u00e4stid":"1 minut"},"schema":{"@context":"https:\/\/schema.org","@graph":[{"@type":"WebPage","@id":"https:\/\/truusk.store\/sv\/produkt\/truusk-trasparrgrind-fristaende-skyddsgrind-for-hundar-justerbar-hundgrind-morkbrun-155-x-15-x-76-cm\/","url":"https:\/\/truusk.store\/sv\/produkt\/truusk-trasparrgrind-fristaende-skyddsgrind-for-hundar-justerbar-hundgrind-morkbrun-155-x-15-x-76-cm\/","name":"TRUUSK Tr\u00e4sp\u00e4rrgrind - Frist\u00e5ende Skyddsgrind f\u00f6r Hundar - Justerbar Hundgrind - M\u00f6rkbrun - 155 x 1,5 x 76 cm - TRUUSK - Hem, Tr\u00e4dg\u00e5rd &amp; Fritid","isPartOf":{"@id":"https:\/\/truusk.store\/sv\/#website"},"primaryImageOfPage":{"@id":"https:\/\/truusk.store\/sv\/produkt\/truusk-trasparrgrind-fristaende-skyddsgrind-for-hundar-justerbar-hundgrind-morkbrun-155-x-15-x-76-cm\/#primaryimage"},"image":{"@id":"https:\/\/truusk.store\/sv\/produkt\/truusk-trasparrgrind-fristaende-skyddsgrind-for-hundar-justerbar-hundgrind-morkbrun-155-x-15-x-76-cm\/#primaryimage"},"thumbnailUrl":"https:\/\/i0.wp.com\/truusk.store\/wp-content\/uploads\/2024\/02\/trasparrgrind-fristaende-skyddsgrind-for-hundar-dorrskydd-justerbar-hundgrind-trappgrind-med-dorrar-fallbar-spisgrind-for-ugn-morkbrun-155-x-15-x-76-cm.webp?fit=800%2C800&ssl=1","datePublished":"2024-02-13T07:51:27+00:00","dateModified":"2026-03-12T07:55:32+00:00","breadcrumb":{"@id":"https:\/\/truusk.store\/sv\/produkt\/truusk-trasparrgrind-fristaende-skyddsgrind-for-hundar-justerbar-hundgrind-morkbrun-155-x-15-x-76-cm\/#breadcrumb"},"inLanguage":"sv-SE","potentialAction":[{"@type":"ReadAction","target":["https:\/\/truusk.store\/sv\/produkt\/truusk-trasparrgrind-fristaende-skyddsgrind-for-hundar-justerbar-hundgrind-morkbrun-155-x-15-x-76-cm\/"]}]},{"@type":"ImageObject","inLanguage":"sv-SE","@id":"https:\/\/truusk.store\/sv\/produkt\/truusk-trasparrgrind-fristaende-skyddsgrind-for-hundar-justerbar-hundgrind-morkbrun-155-x-15-x-76-cm\/#primaryimage","url":"https:\/\/i0.wp.com\/truusk.store\/wp-content\/uploads\/2024\/02\/trasparrgrind-fristaende-skyddsgrind-for-hundar-dorrskydd-justerbar-hundgrind-trappgrind-med-dorrar-fallbar-spisgrind-for-ugn-morkbrun-155-x-15-x-76-cm.webp?fit=800%2C800&ssl=1","contentUrl":"https:\/\/i0.wp.com\/truusk.store\/wp-content\/uploads\/2024\/02\/trasparrgrind-fristaende-skyddsgrind-for-hundar-dorrskydd-justerbar-hundgrind-trappgrind-med-dorrar-fallbar-spisgrind-for-ugn-morkbrun-155-x-15-x-76-cm.webp?fit=800%2C800&ssl=1","width":800,"height":800,"caption":"Tr\u00e4sp\u00e4rrgrind, Frist\u00e5ende Skyddsgrind F\u00f6r Hundar, D\u00f6rrskydd, Justerbar Hundgrind, Trappgrind Med D\u00f6rrar, F\u00e4llbar Spisgrind F\u00f6r Ugn, M\u00f6rkbrun, 155 X 1,5 X 76 Cm 1"},{"@type":"BreadcrumbList","@id":"https:\/\/truusk.store\/sv\/produkt\/truusk-trasparrgrind-fristaende-skyddsgrind-for-hundar-justerbar-hundgrind-morkbrun-155-x-15-x-76-cm\/#breadcrumb","itemListElement":[{"@type":"ListItem","position":1,"name":"Home","item":"https:\/\/truusk.store\/sv\/"},{"@type":"ListItem","position":2,"name":"Shop","item":"https:\/\/truusk.store\/shop\/"},{"@type":"ListItem","position":3,"name":"TRUUSK Tr\u00e4sp\u00e4rrgrind &#8211; Frist\u00e5ende Skyddsgrind f\u00f6r Hundar &#8211; Justerbar Hundgrind &#8211; M\u00f6rkbrun &#8211; 155 x 1,5 x 76 cm"}]},{"@type":"WebSite","@id":"https:\/\/truusk.store\/sv\/#website","url":"https:\/\/truusk.store\/sv\/","name":"TRUUSK - Hem, Tr\u00e4dg\u00e5rd & Fritid","description":"","publisher":{"@id":"https:\/\/truusk.store\/sv\/#organization"},"potentialAction":[{"@type":"SearchAction","target":{"@type":"EntryPoint","urlTemplate":"https:\/\/truusk.store\/sv\/?s={search_term_string}"},"query-input":{"@type":"PropertyValueSpecification","valueRequired":true,"valueName":"search_term_string"}}],"inLanguage":"sv-SE"},{"@type":"Organization","@id":"https:\/\/truusk.store\/sv\/#organization","name":"TRUUSK - Hem, Tr\u00e4dg\u00e5rd & Fritid","url":"https:\/\/truusk.store\/sv\/","logo":{"@type":"ImageObject","inLanguage":"sv-SE","@id":"https:\/\/truusk.store\/sv\/#\/schema\/logo\/image\/","url":"https:\/\/i0.wp.com\/truusk.store\/wp-content\/uploads\/2026\/03\/cropped-TRUUSK.png?fit=2032%2C917&ssl=1","contentUrl":"https:\/\/i0.wp.com\/truusk.store\/wp-content\/uploads\/2026\/03\/cropped-TRUUSK.png?fit=2032%2C917&ssl=1","width":2032,"height":917,"caption":"TRUUSK - Hem, Tr\u00e4dg\u00e5rd & Fritid"},"image":{"@id":"https:\/\/truusk.store\/sv\/#\/schema\/logo\/image\/"}}]}},"jetpack_sharing_enabled":true,"_links":{"self":[{"href":"https:\/\/truusk.store\/sv\/wp-json\/wp\/v2\/product\/7424","targetHints":{"allow":["GET"]}}],"collection":[{"href":"https:\/\/truusk.store\/sv\/wp-json\/wp\/v2\/product"}],"about":[{"href":"https:\/\/truusk.store\/sv\/wp-json\/wp\/v2\/types\/product"}],"wp:featuredmedia":[{"embeddable":true,"href":"https:\/\/truusk.store\/sv\/wp-json\/wp\/v2\/media\/7425"}],"wp:attachment":[{"href":"https:\/\/truusk.store\/sv\/wp-json\/wp\/v2\/media?parent=7424"}],"wp:term":[{"taxonomy":"product_brand","embeddable":true,"href":"https:\/\/truusk.store\/sv\/wp-json\/wp\/v2\/product_brand?post=7424"},{"taxonomy":"product_cat","embeddable":true,"href":"https:\/\/truusk.store\/sv\/wp-json\/wp\/v2\/product_cat?post=7424"},{"taxonomy":"product_tag","embeddable":true,"href":"https:\/\/truusk.store\/sv\/wp-json\/wp\/v2\/product_tag?post=7424"}],"curies":[{"name":"wp","href":"https:\/\/api.w.org\/{rel}","templated":true}]}}