{"id":74333,"date":"2025-06-06T01:58:33","date_gmt":"2025-06-06T00:58:33","guid":{"rendered":"https:\/\/truusk.store\/product\/skobank-med-6-lador-sittbank-garderobsbank-med-linneutseende-skokista-for-6-par-skor-for-hall-korridor-morkgra-765-x-38-x-38-cm\/"},"modified":"2026-03-12T08:40:40","modified_gmt":"2026-03-12T07:40:40","slug":"truusk-skobank-med-6-lador-sittbank-garderobsbank-med-linneutseende-for-hall-och-korridor-morkgra-765-x-38-x-38-cm","status":"publish","type":"product","link":"https:\/\/truusk.store\/sv\/produkt\/truusk-skobank-med-6-lador-sittbank-garderobsbank-med-linneutseende-for-hall-och-korridor-morkgra-765-x-38-x-38-cm\/","title":{"rendered":"TRUUSK Skob\u00e4nk Med 6 L\u00e5dor &#8211; Sittb\u00e4nk &#8211; Garderobsb\u00e4nk Med Linneutseende &#8211; F\u00f6r Hall och Korridor &#8211; M\u00f6rkgr\u00e5 &#8211; 76,5 x 38 x 38 cm"},"content":{"rendered":"<p>Denna praktiska TRUUSK b\u00e4nk med skof\u00f6rvaring h\u00e5ller alla dina skor snyggt samlade. Tillverkad av stark MDF, erbjuder den sex l\u00e5dor, varje f\u00f6r ett par skor. Den vadderade ytan p\u00e5 hallb\u00e4nken ger komfort n\u00e4r du tar p\u00e5 och av skorna. Ett minimalistiskt m\u00e5ste f\u00f6r hemmet och kontoret.<\/p>\n<p>Beskrivning:<\/p>\n<ul>\n<li> Sex l\u00e5dor i b\u00e4nken rymmer varje ett par skor och maximerar s\u00e5 organisationen<\/li>\n<li> Vadderad yta p\u00e5 skob\u00e4nken m\u00f6jligg\u00f6r bekv\u00e4mt sittande vid skobyte<\/li>\n<li> MDF-ramen ger en stark, st\u00f6djande k\u00e4rna<\/li>\n<li> Linneutseende stoppning \u00e4r skonsam mot huden<\/li>\n<li> Montering kr\u00e4vs<\/li>\n<\/ul>\n<p> Tekniska data:<\/p>\n<ul>\n<li> F\u00e4rg: M\u00f6rkgr\u00e5<\/li>\n<li> Material: Polyester, skum, MDF<\/li>\n<li> Totala dimensioner: 76,5B x 38T x 38H cm<\/li>\n<li> Inre m\u00e5tt p\u00e5 l\u00e5dan: 22B x 33T x 14,5H cm<\/li>\n<li> St\u00f6rsta skostorlek: EU-storlek 44<\/li>\n<li> B\u00e4rkapacitet: 120 kg (totalt), 3 kg (hylla)<\/li>\n<\/ul>\n<p>Leveransinneh\u00e5ll:<\/p>\n<ul>\n<li> 1 x Skob\u00e4nk<\/li>\n<li> 1 x Kudde<\/li>\n<li> 6 x Tygl\u00e5da<\/li>\n<li> 1 x Bruksanvisning<\/li>\n<\/ul>\n","protected":false},"excerpt":{"rendered":"<p>Denna praktiska TRUUSK b\u00e4nk med skof\u00f6rvaring h\u00e5ller alla dina skor snyggt samlade. Tillverkad av stark MDF, erbjuder den sex l\u00e5dor,&#8230;<\/p>\n","protected":false},"featured_media":74324,"template":"","meta":[],"product_brand":[],"product_cat":[893,871,539],"product_tag":[],"class_list":{"0":"post-74333","1":"product","2":"type-product","3":"status-publish","4":"has-post-thumbnail","6":"product_cat-garderob-hall","7":"product_cat-hus-hem","8":"product_cat-skobankar","10":"first","11":"instock","12":"sale","13":"taxable","14":"shipping-taxable","15":"purchasable","16":"product-type-simple"},"yoast_head":"<!-- This site is optimized with the Yoast SEO plugin v25.4 - https:\/\/yoast.com\/wordpress\/plugins\/seo\/ -->\n<title>TRUUSK Skob\u00e4nk Med 6 L\u00e5dor - Sittb\u00e4nk - Garderobsb\u00e4nk Med Linneutseende - F\u00f6r Hall och Korridor - M\u00f6rkgr\u00e5 - 76,5 x 38 x 38 cm - TRUUSK - Hem, Tr\u00e4dg\u00e5rd &amp; Fritid<\/title>\n<meta name=\"robots\" content=\"index, follow, max-snippet:-1, max-image-preview:large, max-video-preview:-1\" \/>\n<link rel=\"canonical\" href=\"https:\/\/truusk.store\/sv\/produkt\/truusk-skobank-med-6-lador-sittbank-garderobsbank-med-linneutseende-for-hall-och-korridor-morkgra-765-x-38-x-38-cm\/\" \/>\n<meta property=\"og:locale\" content=\"sv_SE\" \/>\n<meta property=\"og:type\" content=\"article\" \/>\n<meta property=\"og:title\" content=\"TRUUSK Skob\u00e4nk Med 6 L\u00e5dor - Sittb\u00e4nk - Garderobsb\u00e4nk Med Linneutseende - F\u00f6r Hall och Korridor - M\u00f6rkgr\u00e5 - 76,5 x 38 x 38 cm - TRUUSK - Hem, Tr\u00e4dg\u00e5rd &amp; Fritid\" \/>\n<meta property=\"og:description\" content=\"Denna praktiska TRUUSK b\u00e4nk med skof\u00f6rvaring h\u00e5ller alla dina skor snyggt samlade. Tillverkad av stark MDF, erbjuder den sex l\u00e5dor,...\" \/>\n<meta property=\"og:url\" content=\"https:\/\/truusk.store\/sv\/produkt\/truusk-skobank-med-6-lador-sittbank-garderobsbank-med-linneutseende-for-hall-och-korridor-morkgra-765-x-38-x-38-cm\/\" \/>\n<meta property=\"og:site_name\" content=\"TRUUSK - Hem, Tr\u00e4dg\u00e5rd &amp; Fritid\" \/>\n<meta property=\"article:modified_time\" content=\"2026-03-12T07:40:40+00:00\" \/>\n<meta property=\"og:image\" content=\"https:\/\/i0.wp.com\/truusk.se\/wp-content\/uploads\/2025\/06\/skobank-med-6-lador-sittbank-garderobsbank-med-linneutseende-skokista-for-6-par-skor-for-hall-korridor-morkgra-765-x-38-x-38-cm-1.webp?fit=2000%2C2000&ssl=1\" \/>\n\t<meta property=\"og:image:width\" content=\"2000\" \/>\n\t<meta property=\"og:image:height\" content=\"2000\" \/>\n\t<meta property=\"og:image:type\" content=\"image\/webp\" \/>\n<meta name=\"twitter:card\" content=\"summary_large_image\" \/>\n<meta name=\"twitter:label1\" content=\"Ber\u00e4knad l\u00e4stid\" \/>\n\t<meta name=\"twitter:data1\" content=\"1 minut\" \/>\n<!-- \/ Yoast SEO plugin. -->","yoast_head_json":{"title":"TRUUSK Skob\u00e4nk Med 6 L\u00e5dor - Sittb\u00e4nk - Garderobsb\u00e4nk Med Linneutseende - F\u00f6r Hall och Korridor - M\u00f6rkgr\u00e5 - 76,5 x 38 x 38 cm - TRUUSK - Hem, Tr\u00e4dg\u00e5rd &amp; Fritid","robots":{"index":"index","follow":"follow","max-snippet":"max-snippet:-1","max-image-preview":"max-image-preview:large","max-video-preview":"max-video-preview:-1"},"canonical":"https:\/\/truusk.store\/sv\/produkt\/truusk-skobank-med-6-lador-sittbank-garderobsbank-med-linneutseende-for-hall-och-korridor-morkgra-765-x-38-x-38-cm\/","og_locale":"sv_SE","og_type":"article","og_title":"TRUUSK Skob\u00e4nk Med 6 L\u00e5dor - Sittb\u00e4nk - Garderobsb\u00e4nk Med Linneutseende - F\u00f6r Hall och Korridor - M\u00f6rkgr\u00e5 - 76,5 x 38 x 38 cm - TRUUSK - Hem, Tr\u00e4dg\u00e5rd &amp; Fritid","og_description":"Denna praktiska TRUUSK b\u00e4nk med skof\u00f6rvaring h\u00e5ller alla dina skor snyggt samlade. Tillverkad av stark MDF, erbjuder den sex l\u00e5dor,...","og_url":"https:\/\/truusk.store\/sv\/produkt\/truusk-skobank-med-6-lador-sittbank-garderobsbank-med-linneutseende-for-hall-och-korridor-morkgra-765-x-38-x-38-cm\/","og_site_name":"TRUUSK - Hem, Tr\u00e4dg\u00e5rd &amp; Fritid","article_modified_time":"2026-03-12T07:40:40+00:00","og_image":[{"width":2000,"height":2000,"url":"https:\/\/i0.wp.com\/truusk.se\/wp-content\/uploads\/2025\/06\/skobank-med-6-lador-sittbank-garderobsbank-med-linneutseende-skokista-for-6-par-skor-for-hall-korridor-morkgra-765-x-38-x-38-cm-1.webp?fit=2000%2C2000&ssl=1","type":"image\/webp"}],"twitter_card":"summary_large_image","twitter_misc":{"Ber\u00e4knad l\u00e4stid":"1 minut"},"schema":{"@context":"https:\/\/schema.org","@graph":[{"@type":"WebPage","@id":"https:\/\/truusk.store\/sv\/produkt\/truusk-skobank-med-6-lador-sittbank-garderobsbank-med-linneutseende-for-hall-och-korridor-morkgra-765-x-38-x-38-cm\/","url":"https:\/\/truusk.store\/sv\/produkt\/truusk-skobank-med-6-lador-sittbank-garderobsbank-med-linneutseende-for-hall-och-korridor-morkgra-765-x-38-x-38-cm\/","name":"TRUUSK Skob\u00e4nk Med 6 L\u00e5dor - Sittb\u00e4nk - Garderobsb\u00e4nk Med Linneutseende - F\u00f6r Hall och Korridor - M\u00f6rkgr\u00e5 - 76,5 x 38 x 38 cm - TRUUSK - Hem, Tr\u00e4dg\u00e5rd &amp; Fritid","isPartOf":{"@id":"https:\/\/truusk.store\/sv\/#website"},"primaryImageOfPage":{"@id":"https:\/\/truusk.store\/sv\/produkt\/truusk-skobank-med-6-lador-sittbank-garderobsbank-med-linneutseende-for-hall-och-korridor-morkgra-765-x-38-x-38-cm\/#primaryimage"},"image":{"@id":"https:\/\/truusk.store\/sv\/produkt\/truusk-skobank-med-6-lador-sittbank-garderobsbank-med-linneutseende-for-hall-och-korridor-morkgra-765-x-38-x-38-cm\/#primaryimage"},"thumbnailUrl":"https:\/\/i0.wp.com\/truusk.store\/wp-content\/uploads\/2025\/06\/skobank-med-6-lador-sittbank-garderobsbank-med-linneutseende-skokista-for-6-par-skor-for-hall-korridor-morkgra-765-x-38-x-38-cm-1.webp?fit=2000%2C2000&ssl=1","datePublished":"2025-06-06T00:58:33+00:00","dateModified":"2026-03-12T07:40:40+00:00","breadcrumb":{"@id":"https:\/\/truusk.store\/sv\/produkt\/truusk-skobank-med-6-lador-sittbank-garderobsbank-med-linneutseende-for-hall-och-korridor-morkgra-765-x-38-x-38-cm\/#breadcrumb"},"inLanguage":"sv-SE","potentialAction":[{"@type":"ReadAction","target":["https:\/\/truusk.store\/sv\/produkt\/truusk-skobank-med-6-lador-sittbank-garderobsbank-med-linneutseende-for-hall-och-korridor-morkgra-765-x-38-x-38-cm\/"]}]},{"@type":"ImageObject","inLanguage":"sv-SE","@id":"https:\/\/truusk.store\/sv\/produkt\/truusk-skobank-med-6-lador-sittbank-garderobsbank-med-linneutseende-for-hall-och-korridor-morkgra-765-x-38-x-38-cm\/#primaryimage","url":"https:\/\/i0.wp.com\/truusk.store\/wp-content\/uploads\/2025\/06\/skobank-med-6-lador-sittbank-garderobsbank-med-linneutseende-skokista-for-6-par-skor-for-hall-korridor-morkgra-765-x-38-x-38-cm-1.webp?fit=2000%2C2000&ssl=1","contentUrl":"https:\/\/i0.wp.com\/truusk.store\/wp-content\/uploads\/2025\/06\/skobank-med-6-lador-sittbank-garderobsbank-med-linneutseende-skokista-for-6-par-skor-for-hall-korridor-morkgra-765-x-38-x-38-cm-1.webp?fit=2000%2C2000&ssl=1","width":2000,"height":2000},{"@type":"BreadcrumbList","@id":"https:\/\/truusk.store\/sv\/produkt\/truusk-skobank-med-6-lador-sittbank-garderobsbank-med-linneutseende-for-hall-och-korridor-morkgra-765-x-38-x-38-cm\/#breadcrumb","itemListElement":[{"@type":"ListItem","position":1,"name":"Home","item":"https:\/\/truusk.store\/sv\/"},{"@type":"ListItem","position":2,"name":"Shop","item":"https:\/\/truusk.store\/shop\/"},{"@type":"ListItem","position":3,"name":"TRUUSK Skob\u00e4nk Med 6 L\u00e5dor &#8211; Sittb\u00e4nk &#8211; Garderobsb\u00e4nk Med Linneutseende &#8211; F\u00f6r Hall och Korridor &#8211; M\u00f6rkgr\u00e5 &#8211; 76,5 x 38 x 38 cm"}]},{"@type":"WebSite","@id":"https:\/\/truusk.store\/sv\/#website","url":"https:\/\/truusk.store\/sv\/","name":"TRUUSK - Hem, Tr\u00e4dg\u00e5rd & Fritid","description":"","publisher":{"@id":"https:\/\/truusk.store\/sv\/#organization"},"potentialAction":[{"@type":"SearchAction","target":{"@type":"EntryPoint","urlTemplate":"https:\/\/truusk.store\/sv\/?s={search_term_string}"},"query-input":{"@type":"PropertyValueSpecification","valueRequired":true,"valueName":"search_term_string"}}],"inLanguage":"sv-SE"},{"@type":"Organization","@id":"https:\/\/truusk.store\/sv\/#organization","name":"TRUUSK - Hem, Tr\u00e4dg\u00e5rd & Fritid","url":"https:\/\/truusk.store\/sv\/","logo":{"@type":"ImageObject","inLanguage":"sv-SE","@id":"https:\/\/truusk.store\/sv\/#\/schema\/logo\/image\/","url":"https:\/\/i0.wp.com\/truusk.store\/wp-content\/uploads\/2026\/03\/cropped-TRUUSK.png?fit=2032%2C917&ssl=1","contentUrl":"https:\/\/i0.wp.com\/truusk.store\/wp-content\/uploads\/2026\/03\/cropped-TRUUSK.png?fit=2032%2C917&ssl=1","width":2032,"height":917,"caption":"TRUUSK - Hem, Tr\u00e4dg\u00e5rd & Fritid"},"image":{"@id":"https:\/\/truusk.store\/sv\/#\/schema\/logo\/image\/"}}]}},"jetpack_sharing_enabled":true,"_links":{"self":[{"href":"https:\/\/truusk.store\/sv\/wp-json\/wp\/v2\/product\/74333","targetHints":{"allow":["GET"]}}],"collection":[{"href":"https:\/\/truusk.store\/sv\/wp-json\/wp\/v2\/product"}],"about":[{"href":"https:\/\/truusk.store\/sv\/wp-json\/wp\/v2\/types\/product"}],"wp:featuredmedia":[{"embeddable":true,"href":"https:\/\/truusk.store\/sv\/wp-json\/wp\/v2\/media\/74324"}],"wp:attachment":[{"href":"https:\/\/truusk.store\/sv\/wp-json\/wp\/v2\/media?parent=74333"}],"wp:term":[{"taxonomy":"product_brand","embeddable":true,"href":"https:\/\/truusk.store\/sv\/wp-json\/wp\/v2\/product_brand?post=74333"},{"taxonomy":"product_cat","embeddable":true,"href":"https:\/\/truusk.store\/sv\/wp-json\/wp\/v2\/product_cat?post=74333"},{"taxonomy":"product_tag","embeddable":true,"href":"https:\/\/truusk.store\/sv\/wp-json\/wp\/v2\/product_tag?post=74333"}],"curies":[{"name":"wp","href":"https:\/\/api.w.org\/{rel}","templated":true}]}}