{"id":74343,"date":"2025-06-06T01:59:28","date_gmt":"2025-06-06T00:59:28","guid":{"rendered":"https:\/\/truusk.store\/product\/brevlada-vaggmonterad-med-las-lock-postlada-i-galvaniserat-stal-for-utomhus-37-x-105-x-37-cm-morkgra\/"},"modified":"2026-03-12T09:19:24","modified_gmt":"2026-03-12T08:19:24","slug":"truusk-vaggmonterad-brevlada-med-las-galvaniserat-stal-for-utomhus-37-x-105-x-37-cm-morkgra","status":"publish","type":"product","link":"https:\/\/truusk.store\/sv\/produkt\/truusk-vaggmonterad-brevlada-med-las-galvaniserat-stal-for-utomhus-37-x-105-x-37-cm-morkgra\/","title":{"rendered":"TRUUSK V\u00e4ggmonterad Brevl\u00e5da med L\u00e5s &#8211; Galvaniserat St\u00e5l &#8211; F\u00f6r Utomhus &#8211; 37 x 10,5 x 37 cm &#8211; M\u00f6rkgr\u00e5"},"content":{"rendered":"<p>Den h\u00e4r eleganta TRUUSK brevl\u00e5dan i robust galvaniserat st\u00e5l \u00e4r den idealiska f\u00f6rvaringsplatsen f\u00f6r din post. Dess klassiska design passar till alla hem. Den erbjuder tillr\u00e4ckligt med utrymme f\u00f6r att s\u00e4kra all din post och l\u00e4gga in brev utan anstr\u00e4ngning. Det inbyggda l\u00e5set med nyckel ger dig exklusiv tillg\u00e5ng.<\/p>\n<p>Beskrivning:<\/p>\n<ul>\n<li> Elegant och klassisk design<\/li>\n<li> Tillverkad av rostbest\u00e4ndigt galvaniserat st\u00e5l<\/li>\n<li> Stort inre utrymme f\u00f6r post<\/li>\n<li> Dolt l\u00e5s f\u00f6r att f\u00f6rhindra rost med tv\u00e5 medf\u00f6ljande nycklar<\/li>\n<li> Inklusive tidningsh\u00e5llare<\/li>\n<li> Lock med 2 ljudd\u00e4mpande mattor<\/li>\n<li> 2 dr\u00e4neringsh\u00e5l i botten<\/li>\n<li> Montering kr\u00e4vs<\/li>\n<\/ul>\n<p> Tekniska data:<\/p>\n<ul>\n<li> F\u00e4rg: M\u00f6rkgr\u00e5<\/li>\n<li> Material: Galvaniserat st\u00e5l<\/li>\n<li> Totala dimensioner: 37L x 10,5B x 37H cm<\/li>\n<li> Inre dimensioner: 36,3L x 8,9B x 26H cm<\/li>\n<li> D\u00f6rrdimensioner: 37L x 2B x 35H cm<\/li>\n<li> Dimensioner f\u00f6r slitsen: 33,8L x 3B cm<\/li>\n<\/ul>\n<p>Leveransinneh\u00e5ll:<\/p>\n<ul>\n<li> 1 x Brevl\u00e5da<\/li>\n<li> 4 x Lager<\/li>\n<li> 4 x Skruvar<\/li>\n<li> 4 x F\u00f6rl\u00e4ngningsskruvar<\/li>\n<li> 2 x Nycklar<\/li>\n<li> 1 x Handbok<\/li>\n<\/ul>\n","protected":false},"excerpt":{"rendered":"<p>Den h\u00e4r eleganta TRUUSK brevl\u00e5dan i robust galvaniserat st\u00e5l \u00e4r den idealiska f\u00f6rvaringsplatsen f\u00f6r din post. Dess klassiska design passar&#8230;<\/p>\n","protected":false},"featured_media":74334,"template":"","meta":[],"product_brand":[],"product_cat":[674,867,672],"product_tag":[],"class_list":{"0":"post-74343","1":"product","2":"type-product","3":"status-publish","4":"has-post-thumbnail","6":"product_cat-brevlador","7":"product_cat-byggmarknad","8":"product_cat-runt-huset","10":"first","11":"instock","12":"sale","13":"taxable","14":"shipping-taxable","15":"purchasable","16":"product-type-simple"},"yoast_head":"<!-- This site is optimized with the Yoast SEO plugin v25.4 - https:\/\/yoast.com\/wordpress\/plugins\/seo\/ -->\n<title>TRUUSK V\u00e4ggmonterad Brevl\u00e5da med L\u00e5s - Galvaniserat St\u00e5l - F\u00f6r Utomhus - 37 x 10,5 x 37 cm - M\u00f6rkgr\u00e5 - TRUUSK - Hem, Tr\u00e4dg\u00e5rd &amp; Fritid<\/title>\n<meta name=\"robots\" content=\"index, follow, max-snippet:-1, max-image-preview:large, max-video-preview:-1\" \/>\n<link rel=\"canonical\" href=\"https:\/\/truusk.store\/sv\/produkt\/truusk-vaggmonterad-brevlada-med-las-galvaniserat-stal-for-utomhus-37-x-105-x-37-cm-morkgra\/\" \/>\n<meta property=\"og:locale\" content=\"sv_SE\" \/>\n<meta property=\"og:type\" content=\"article\" \/>\n<meta property=\"og:title\" content=\"TRUUSK V\u00e4ggmonterad Brevl\u00e5da med L\u00e5s - Galvaniserat St\u00e5l - F\u00f6r Utomhus - 37 x 10,5 x 37 cm - M\u00f6rkgr\u00e5 - TRUUSK - Hem, Tr\u00e4dg\u00e5rd &amp; Fritid\" \/>\n<meta property=\"og:description\" content=\"Den h\u00e4r eleganta TRUUSK brevl\u00e5dan i robust galvaniserat st\u00e5l \u00e4r den idealiska f\u00f6rvaringsplatsen f\u00f6r din post. Dess klassiska design passar...\" \/>\n<meta property=\"og:url\" content=\"https:\/\/truusk.store\/sv\/produkt\/truusk-vaggmonterad-brevlada-med-las-galvaniserat-stal-for-utomhus-37-x-105-x-37-cm-morkgra\/\" \/>\n<meta property=\"og:site_name\" content=\"TRUUSK - Hem, Tr\u00e4dg\u00e5rd &amp; Fritid\" \/>\n<meta property=\"article:modified_time\" content=\"2026-03-12T08:19:24+00:00\" \/>\n<meta property=\"og:image\" content=\"https:\/\/i0.wp.com\/truusk.se\/wp-content\/uploads\/2025\/06\/brevlada-vaggmonterad-med-las-lock-postlada-i-galvaniserat-stal-for-utomhus-37-x-105-x-37-cm-morkgra-1.webp?fit=2000%2C2000&ssl=1\" \/>\n\t<meta property=\"og:image:width\" content=\"2000\" \/>\n\t<meta property=\"og:image:height\" content=\"2000\" \/>\n\t<meta property=\"og:image:type\" content=\"image\/webp\" \/>\n<meta name=\"twitter:card\" content=\"summary_large_image\" \/>\n<meta name=\"twitter:label1\" content=\"Ber\u00e4knad l\u00e4stid\" \/>\n\t<meta name=\"twitter:data1\" content=\"1 minut\" \/>\n<!-- \/ Yoast SEO plugin. -->","yoast_head_json":{"title":"TRUUSK V\u00e4ggmonterad Brevl\u00e5da med L\u00e5s - Galvaniserat St\u00e5l - F\u00f6r Utomhus - 37 x 10,5 x 37 cm - M\u00f6rkgr\u00e5 - TRUUSK - Hem, Tr\u00e4dg\u00e5rd &amp; Fritid","robots":{"index":"index","follow":"follow","max-snippet":"max-snippet:-1","max-image-preview":"max-image-preview:large","max-video-preview":"max-video-preview:-1"},"canonical":"https:\/\/truusk.store\/sv\/produkt\/truusk-vaggmonterad-brevlada-med-las-galvaniserat-stal-for-utomhus-37-x-105-x-37-cm-morkgra\/","og_locale":"sv_SE","og_type":"article","og_title":"TRUUSK V\u00e4ggmonterad Brevl\u00e5da med L\u00e5s - Galvaniserat St\u00e5l - F\u00f6r Utomhus - 37 x 10,5 x 37 cm - M\u00f6rkgr\u00e5 - TRUUSK - Hem, Tr\u00e4dg\u00e5rd &amp; Fritid","og_description":"Den h\u00e4r eleganta TRUUSK brevl\u00e5dan i robust galvaniserat st\u00e5l \u00e4r den idealiska f\u00f6rvaringsplatsen f\u00f6r din post. Dess klassiska design passar...","og_url":"https:\/\/truusk.store\/sv\/produkt\/truusk-vaggmonterad-brevlada-med-las-galvaniserat-stal-for-utomhus-37-x-105-x-37-cm-morkgra\/","og_site_name":"TRUUSK - Hem, Tr\u00e4dg\u00e5rd &amp; Fritid","article_modified_time":"2026-03-12T08:19:24+00:00","og_image":[{"width":2000,"height":2000,"url":"https:\/\/i0.wp.com\/truusk.se\/wp-content\/uploads\/2025\/06\/brevlada-vaggmonterad-med-las-lock-postlada-i-galvaniserat-stal-for-utomhus-37-x-105-x-37-cm-morkgra-1.webp?fit=2000%2C2000&ssl=1","type":"image\/webp"}],"twitter_card":"summary_large_image","twitter_misc":{"Ber\u00e4knad l\u00e4stid":"1 minut"},"schema":{"@context":"https:\/\/schema.org","@graph":[{"@type":"WebPage","@id":"https:\/\/truusk.store\/sv\/produkt\/truusk-vaggmonterad-brevlada-med-las-galvaniserat-stal-for-utomhus-37-x-105-x-37-cm-morkgra\/","url":"https:\/\/truusk.store\/sv\/produkt\/truusk-vaggmonterad-brevlada-med-las-galvaniserat-stal-for-utomhus-37-x-105-x-37-cm-morkgra\/","name":"TRUUSK V\u00e4ggmonterad Brevl\u00e5da med L\u00e5s - Galvaniserat St\u00e5l - F\u00f6r Utomhus - 37 x 10,5 x 37 cm - M\u00f6rkgr\u00e5 - TRUUSK - Hem, Tr\u00e4dg\u00e5rd &amp; Fritid","isPartOf":{"@id":"https:\/\/truusk.store\/sv\/#website"},"primaryImageOfPage":{"@id":"https:\/\/truusk.store\/sv\/produkt\/truusk-vaggmonterad-brevlada-med-las-galvaniserat-stal-for-utomhus-37-x-105-x-37-cm-morkgra\/#primaryimage"},"image":{"@id":"https:\/\/truusk.store\/sv\/produkt\/truusk-vaggmonterad-brevlada-med-las-galvaniserat-stal-for-utomhus-37-x-105-x-37-cm-morkgra\/#primaryimage"},"thumbnailUrl":"https:\/\/i0.wp.com\/truusk.store\/wp-content\/uploads\/2025\/06\/brevlada-vaggmonterad-med-las-lock-postlada-i-galvaniserat-stal-for-utomhus-37-x-105-x-37-cm-morkgra-1.webp?fit=2000%2C2000&ssl=1","datePublished":"2025-06-06T00:59:28+00:00","dateModified":"2026-03-12T08:19:24+00:00","breadcrumb":{"@id":"https:\/\/truusk.store\/sv\/produkt\/truusk-vaggmonterad-brevlada-med-las-galvaniserat-stal-for-utomhus-37-x-105-x-37-cm-morkgra\/#breadcrumb"},"inLanguage":"sv-SE","potentialAction":[{"@type":"ReadAction","target":["https:\/\/truusk.store\/sv\/produkt\/truusk-vaggmonterad-brevlada-med-las-galvaniserat-stal-for-utomhus-37-x-105-x-37-cm-morkgra\/"]}]},{"@type":"ImageObject","inLanguage":"sv-SE","@id":"https:\/\/truusk.store\/sv\/produkt\/truusk-vaggmonterad-brevlada-med-las-galvaniserat-stal-for-utomhus-37-x-105-x-37-cm-morkgra\/#primaryimage","url":"https:\/\/i0.wp.com\/truusk.store\/wp-content\/uploads\/2025\/06\/brevlada-vaggmonterad-med-las-lock-postlada-i-galvaniserat-stal-for-utomhus-37-x-105-x-37-cm-morkgra-1.webp?fit=2000%2C2000&ssl=1","contentUrl":"https:\/\/i0.wp.com\/truusk.store\/wp-content\/uploads\/2025\/06\/brevlada-vaggmonterad-med-las-lock-postlada-i-galvaniserat-stal-for-utomhus-37-x-105-x-37-cm-morkgra-1.webp?fit=2000%2C2000&ssl=1","width":2000,"height":2000},{"@type":"BreadcrumbList","@id":"https:\/\/truusk.store\/sv\/produkt\/truusk-vaggmonterad-brevlada-med-las-galvaniserat-stal-for-utomhus-37-x-105-x-37-cm-morkgra\/#breadcrumb","itemListElement":[{"@type":"ListItem","position":1,"name":"Home","item":"https:\/\/truusk.store\/sv\/"},{"@type":"ListItem","position":2,"name":"Shop","item":"https:\/\/truusk.store\/shop\/"},{"@type":"ListItem","position":3,"name":"TRUUSK V\u00e4ggmonterad Brevl\u00e5da med L\u00e5s &#8211; Galvaniserat St\u00e5l &#8211; F\u00f6r Utomhus &#8211; 37 x 10,5 x 37 cm &#8211; M\u00f6rkgr\u00e5"}]},{"@type":"WebSite","@id":"https:\/\/truusk.store\/sv\/#website","url":"https:\/\/truusk.store\/sv\/","name":"TRUUSK - Hem, Tr\u00e4dg\u00e5rd & Fritid","description":"","publisher":{"@id":"https:\/\/truusk.store\/sv\/#organization"},"potentialAction":[{"@type":"SearchAction","target":{"@type":"EntryPoint","urlTemplate":"https:\/\/truusk.store\/sv\/?s={search_term_string}"},"query-input":{"@type":"PropertyValueSpecification","valueRequired":true,"valueName":"search_term_string"}}],"inLanguage":"sv-SE"},{"@type":"Organization","@id":"https:\/\/truusk.store\/sv\/#organization","name":"TRUUSK - Hem, Tr\u00e4dg\u00e5rd & Fritid","url":"https:\/\/truusk.store\/sv\/","logo":{"@type":"ImageObject","inLanguage":"sv-SE","@id":"https:\/\/truusk.store\/sv\/#\/schema\/logo\/image\/","url":"https:\/\/i0.wp.com\/truusk.store\/wp-content\/uploads\/2026\/03\/cropped-TRUUSK.png?fit=2032%2C917&ssl=1","contentUrl":"https:\/\/i0.wp.com\/truusk.store\/wp-content\/uploads\/2026\/03\/cropped-TRUUSK.png?fit=2032%2C917&ssl=1","width":2032,"height":917,"caption":"TRUUSK - Hem, Tr\u00e4dg\u00e5rd & Fritid"},"image":{"@id":"https:\/\/truusk.store\/sv\/#\/schema\/logo\/image\/"}}]}},"jetpack_sharing_enabled":true,"_links":{"self":[{"href":"https:\/\/truusk.store\/sv\/wp-json\/wp\/v2\/product\/74343","targetHints":{"allow":["GET"]}}],"collection":[{"href":"https:\/\/truusk.store\/sv\/wp-json\/wp\/v2\/product"}],"about":[{"href":"https:\/\/truusk.store\/sv\/wp-json\/wp\/v2\/types\/product"}],"wp:featuredmedia":[{"embeddable":true,"href":"https:\/\/truusk.store\/sv\/wp-json\/wp\/v2\/media\/74334"}],"wp:attachment":[{"href":"https:\/\/truusk.store\/sv\/wp-json\/wp\/v2\/media?parent=74343"}],"wp:term":[{"taxonomy":"product_brand","embeddable":true,"href":"https:\/\/truusk.store\/sv\/wp-json\/wp\/v2\/product_brand?post=74343"},{"taxonomy":"product_cat","embeddable":true,"href":"https:\/\/truusk.store\/sv\/wp-json\/wp\/v2\/product_cat?post=74343"},{"taxonomy":"product_tag","embeddable":true,"href":"https:\/\/truusk.store\/sv\/wp-json\/wp\/v2\/product_tag?post=74343"}],"curies":[{"name":"wp","href":"https:\/\/api.w.org\/{rel}","templated":true}]}}