{"id":74353,"date":"2025-06-06T02:00:24","date_gmt":"2025-06-06T01:00:24","guid":{"rendered":"https:\/\/truusk.store\/product\/pianobank-hojdjusterbar-pianopall-med-forvaringsutrymme-pianobank-upp-till-220-kg-belastning-konstlader-svart-105-x-37-x-48-58-cm\/"},"modified":"2026-03-12T08:44:22","modified_gmt":"2026-03-12T07:44:22","slug":"truusk-justerbar-pianobank-med-forvaringsutrymme-upp-till-220-kg-belastning-konstlader-svart-105-x-37-x-48-58-cm","status":"publish","type":"product","link":"https:\/\/truusk.store\/sv\/produkt\/truusk-justerbar-pianobank-med-forvaringsutrymme-upp-till-220-kg-belastning-konstlader-svart-105-x-37-x-48-58-cm\/","title":{"rendered":"TRUUSK Justerbar Pianob\u00e4nk med F\u00f6rvaringsutrymme &#8211; Upp till 220 KG Belastning &#8211; Konstl\u00e4der &#8211; Svart &#8211; 105 x 37 x 48-58 cm"},"content":{"rendered":"<p>Steigern Sie Ihre Musik\u00fcbungen mit der TRUUSK Klavierbank! Erleben Sie h\u00f6chsten Komfort durch das wasserfeste Kunstleder und die doppelt getufteten Sitze, die aufklappbar sind und reichlich Stauraum bieten. Stellen Sie die H\u00f6he von 48 cm auf 58 cm ein, um den idealen Sitz zu finden \u2013 ein Muss f\u00fcr jeden Musiker. Mit der TRUUSK Klavierbank erreichen Sie eine neue Stufe des Klavierspiels.<\/p>\n<p>Beschreibung:<\/p>\n<ul>\n<li> Der Bezug aus Kunstleder bietet hervorragenden Komfort, ist wasserabweisend und leicht zu reinigen<\/li>\n<li> Unabh\u00e4ngige Sitze mit einem Design aus getufteten Kn\u00f6pfen f\u00fcr ein elegantes Aussehen<\/li>\n<li> Viel versteckter Stauraum f\u00fcr Ihre Notenbl\u00e4tter<\/li>\n<li> Dank zweier unabh\u00e4ngig voneinander durch einfaches Drehen von Kn\u00f6pfen verstellbarer Sitze kann jeder die bevorzugte Sitzh\u00f6he genie\u00dfen<\/li>\n<li> Robuste Beine aus Gummiholz tragen bis zu 220 kg<\/li>\n<li> M\u00fchelose Montage erm\u00f6glicht schnelles Aufstellen mit einfachen Installationswerkzeugen<\/li>\n<\/ul>\n<p> Technische Daten:<\/p>\n<ul>\n<li> Farbe: Schwarz<\/li>\n<li> Material: Gummiholz, Kunstleder<\/li>\n<li> Gesamtabmessungen: 105B x 37T x 48-58H cm<\/li>\n<li> Sitzabmessungen: 105B x 37T x 48-58H cm<\/li>\n<li> Stauraumgr\u00f6\u00dfe: 44B x 32T x 3H cm<\/li>\n<li> Beinh\u00f6he: 35 cm<\/li>\n<li> Belastbarkeit: 220 kg<\/li>\n<\/ul>\n<p>Lieferumfang:<\/p>\n<ul>\n<li> 1 x Klavierbank<\/li>\n<li> 1 x Bedienungsanleitung<\/li>\n<\/ul>\n","protected":false},"excerpt":{"rendered":"<p>Steigern Sie Ihre Musik\u00fcbungen mit der TRUUSK Klavierbank! Erleben Sie h\u00f6chsten Komfort durch das wasserfeste Kunstleder und die doppelt getufteten&#8230;<\/p>\n","protected":false},"featured_media":74344,"template":"","meta":[],"product_brand":[],"product_cat":[871,944,910],"product_tag":[],"class_list":{"0":"post-74353","1":"product","2":"type-product","3":"status-publish","4":"has-post-thumbnail","6":"product_cat-hus-hem","7":"product_cat-pallar-fotpallar","8":"product_cat-vardagsrum","10":"first","11":"instock","12":"sale","13":"taxable","14":"shipping-taxable","15":"purchasable","16":"product-type-simple"},"yoast_head":"<!-- This site is optimized with the Yoast SEO plugin v25.4 - https:\/\/yoast.com\/wordpress\/plugins\/seo\/ -->\n<title>TRUUSK Justerbar Pianob\u00e4nk med F\u00f6rvaringsutrymme - Upp till 220 KG Belastning - Konstl\u00e4der - Svart - 105 x 37 x 48-58 cm - TRUUSK - Hem, Tr\u00e4dg\u00e5rd &amp; Fritid<\/title>\n<meta name=\"robots\" content=\"index, follow, max-snippet:-1, max-image-preview:large, max-video-preview:-1\" \/>\n<link rel=\"canonical\" href=\"https:\/\/truusk.store\/sv\/produkt\/truusk-justerbar-pianobank-med-forvaringsutrymme-upp-till-220-kg-belastning-konstlader-svart-105-x-37-x-48-58-cm\/\" \/>\n<meta property=\"og:locale\" content=\"sv_SE\" \/>\n<meta property=\"og:type\" content=\"article\" \/>\n<meta property=\"og:title\" content=\"TRUUSK Justerbar Pianob\u00e4nk med F\u00f6rvaringsutrymme - Upp till 220 KG Belastning - Konstl\u00e4der - Svart - 105 x 37 x 48-58 cm - TRUUSK - Hem, Tr\u00e4dg\u00e5rd &amp; Fritid\" \/>\n<meta property=\"og:description\" content=\"Steigern Sie Ihre Musik\u00fcbungen mit der TRUUSK Klavierbank! Erleben Sie h\u00f6chsten Komfort durch das wasserfeste Kunstleder und die doppelt getufteten...\" \/>\n<meta property=\"og:url\" content=\"https:\/\/truusk.store\/sv\/produkt\/truusk-justerbar-pianobank-med-forvaringsutrymme-upp-till-220-kg-belastning-konstlader-svart-105-x-37-x-48-58-cm\/\" \/>\n<meta property=\"og:site_name\" content=\"TRUUSK - Hem, Tr\u00e4dg\u00e5rd &amp; Fritid\" \/>\n<meta property=\"article:modified_time\" content=\"2026-03-12T07:44:22+00:00\" \/>\n<meta property=\"og:image\" content=\"https:\/\/i0.wp.com\/truusk.se\/wp-content\/uploads\/2025\/06\/pianobank-hojdjusterbar-pianopall-med-forvaringsutrymme-pianobank-upp-till-220-kg-belastning-konstlader-svart-105-x-37-x-48-58-cm-1.webp?fit=2000%2C2000&ssl=1\" \/>\n\t<meta property=\"og:image:width\" content=\"2000\" \/>\n\t<meta property=\"og:image:height\" content=\"2000\" \/>\n\t<meta property=\"og:image:type\" content=\"image\/webp\" \/>\n<meta name=\"twitter:card\" content=\"summary_large_image\" \/>\n<meta name=\"twitter:label1\" content=\"Ber\u00e4knad l\u00e4stid\" \/>\n\t<meta name=\"twitter:data1\" content=\"1 minut\" \/>\n<!-- \/ Yoast SEO plugin. -->","yoast_head_json":{"title":"TRUUSK Justerbar Pianob\u00e4nk med F\u00f6rvaringsutrymme - Upp till 220 KG Belastning - Konstl\u00e4der - Svart - 105 x 37 x 48-58 cm - TRUUSK - Hem, Tr\u00e4dg\u00e5rd &amp; Fritid","robots":{"index":"index","follow":"follow","max-snippet":"max-snippet:-1","max-image-preview":"max-image-preview:large","max-video-preview":"max-video-preview:-1"},"canonical":"https:\/\/truusk.store\/sv\/produkt\/truusk-justerbar-pianobank-med-forvaringsutrymme-upp-till-220-kg-belastning-konstlader-svart-105-x-37-x-48-58-cm\/","og_locale":"sv_SE","og_type":"article","og_title":"TRUUSK Justerbar Pianob\u00e4nk med F\u00f6rvaringsutrymme - Upp till 220 KG Belastning - Konstl\u00e4der - Svart - 105 x 37 x 48-58 cm - TRUUSK - Hem, Tr\u00e4dg\u00e5rd &amp; Fritid","og_description":"Steigern Sie Ihre Musik\u00fcbungen mit der TRUUSK Klavierbank! Erleben Sie h\u00f6chsten Komfort durch das wasserfeste Kunstleder und die doppelt getufteten...","og_url":"https:\/\/truusk.store\/sv\/produkt\/truusk-justerbar-pianobank-med-forvaringsutrymme-upp-till-220-kg-belastning-konstlader-svart-105-x-37-x-48-58-cm\/","og_site_name":"TRUUSK - Hem, Tr\u00e4dg\u00e5rd &amp; Fritid","article_modified_time":"2026-03-12T07:44:22+00:00","og_image":[{"width":2000,"height":2000,"url":"https:\/\/i0.wp.com\/truusk.se\/wp-content\/uploads\/2025\/06\/pianobank-hojdjusterbar-pianopall-med-forvaringsutrymme-pianobank-upp-till-220-kg-belastning-konstlader-svart-105-x-37-x-48-58-cm-1.webp?fit=2000%2C2000&ssl=1","type":"image\/webp"}],"twitter_card":"summary_large_image","twitter_misc":{"Ber\u00e4knad l\u00e4stid":"1 minut"},"schema":{"@context":"https:\/\/schema.org","@graph":[{"@type":"WebPage","@id":"https:\/\/truusk.store\/sv\/produkt\/truusk-justerbar-pianobank-med-forvaringsutrymme-upp-till-220-kg-belastning-konstlader-svart-105-x-37-x-48-58-cm\/","url":"https:\/\/truusk.store\/sv\/produkt\/truusk-justerbar-pianobank-med-forvaringsutrymme-upp-till-220-kg-belastning-konstlader-svart-105-x-37-x-48-58-cm\/","name":"TRUUSK Justerbar Pianob\u00e4nk med F\u00f6rvaringsutrymme - Upp till 220 KG Belastning - Konstl\u00e4der - Svart - 105 x 37 x 48-58 cm - TRUUSK - Hem, Tr\u00e4dg\u00e5rd &amp; Fritid","isPartOf":{"@id":"https:\/\/truusk.store\/sv\/#website"},"primaryImageOfPage":{"@id":"https:\/\/truusk.store\/sv\/produkt\/truusk-justerbar-pianobank-med-forvaringsutrymme-upp-till-220-kg-belastning-konstlader-svart-105-x-37-x-48-58-cm\/#primaryimage"},"image":{"@id":"https:\/\/truusk.store\/sv\/produkt\/truusk-justerbar-pianobank-med-forvaringsutrymme-upp-till-220-kg-belastning-konstlader-svart-105-x-37-x-48-58-cm\/#primaryimage"},"thumbnailUrl":"https:\/\/i0.wp.com\/truusk.store\/wp-content\/uploads\/2025\/06\/pianobank-hojdjusterbar-pianopall-med-forvaringsutrymme-pianobank-upp-till-220-kg-belastning-konstlader-svart-105-x-37-x-48-58-cm-1.webp?fit=2000%2C2000&ssl=1","datePublished":"2025-06-06T01:00:24+00:00","dateModified":"2026-03-12T07:44:22+00:00","breadcrumb":{"@id":"https:\/\/truusk.store\/sv\/produkt\/truusk-justerbar-pianobank-med-forvaringsutrymme-upp-till-220-kg-belastning-konstlader-svart-105-x-37-x-48-58-cm\/#breadcrumb"},"inLanguage":"sv-SE","potentialAction":[{"@type":"ReadAction","target":["https:\/\/truusk.store\/sv\/produkt\/truusk-justerbar-pianobank-med-forvaringsutrymme-upp-till-220-kg-belastning-konstlader-svart-105-x-37-x-48-58-cm\/"]}]},{"@type":"ImageObject","inLanguage":"sv-SE","@id":"https:\/\/truusk.store\/sv\/produkt\/truusk-justerbar-pianobank-med-forvaringsutrymme-upp-till-220-kg-belastning-konstlader-svart-105-x-37-x-48-58-cm\/#primaryimage","url":"https:\/\/i0.wp.com\/truusk.store\/wp-content\/uploads\/2025\/06\/pianobank-hojdjusterbar-pianopall-med-forvaringsutrymme-pianobank-upp-till-220-kg-belastning-konstlader-svart-105-x-37-x-48-58-cm-1.webp?fit=2000%2C2000&ssl=1","contentUrl":"https:\/\/i0.wp.com\/truusk.store\/wp-content\/uploads\/2025\/06\/pianobank-hojdjusterbar-pianopall-med-forvaringsutrymme-pianobank-upp-till-220-kg-belastning-konstlader-svart-105-x-37-x-48-58-cm-1.webp?fit=2000%2C2000&ssl=1","width":2000,"height":2000},{"@type":"BreadcrumbList","@id":"https:\/\/truusk.store\/sv\/produkt\/truusk-justerbar-pianobank-med-forvaringsutrymme-upp-till-220-kg-belastning-konstlader-svart-105-x-37-x-48-58-cm\/#breadcrumb","itemListElement":[{"@type":"ListItem","position":1,"name":"Home","item":"https:\/\/truusk.store\/sv\/"},{"@type":"ListItem","position":2,"name":"Shop","item":"https:\/\/truusk.store\/shop\/"},{"@type":"ListItem","position":3,"name":"TRUUSK Justerbar Pianob\u00e4nk med F\u00f6rvaringsutrymme &#8211; Upp till 220 KG Belastning &#8211; Konstl\u00e4der &#8211; Svart &#8211; 105 x 37 x 48-58 cm"}]},{"@type":"WebSite","@id":"https:\/\/truusk.store\/sv\/#website","url":"https:\/\/truusk.store\/sv\/","name":"TRUUSK - Hem, Tr\u00e4dg\u00e5rd & Fritid","description":"","publisher":{"@id":"https:\/\/truusk.store\/sv\/#organization"},"potentialAction":[{"@type":"SearchAction","target":{"@type":"EntryPoint","urlTemplate":"https:\/\/truusk.store\/sv\/?s={search_term_string}"},"query-input":{"@type":"PropertyValueSpecification","valueRequired":true,"valueName":"search_term_string"}}],"inLanguage":"sv-SE"},{"@type":"Organization","@id":"https:\/\/truusk.store\/sv\/#organization","name":"TRUUSK - Hem, Tr\u00e4dg\u00e5rd & Fritid","url":"https:\/\/truusk.store\/sv\/","logo":{"@type":"ImageObject","inLanguage":"sv-SE","@id":"https:\/\/truusk.store\/sv\/#\/schema\/logo\/image\/","url":"https:\/\/i0.wp.com\/truusk.store\/wp-content\/uploads\/2026\/03\/cropped-TRUUSK.png?fit=2032%2C917&ssl=1","contentUrl":"https:\/\/i0.wp.com\/truusk.store\/wp-content\/uploads\/2026\/03\/cropped-TRUUSK.png?fit=2032%2C917&ssl=1","width":2032,"height":917,"caption":"TRUUSK - Hem, Tr\u00e4dg\u00e5rd & Fritid"},"image":{"@id":"https:\/\/truusk.store\/sv\/#\/schema\/logo\/image\/"}}]}},"jetpack_sharing_enabled":true,"_links":{"self":[{"href":"https:\/\/truusk.store\/sv\/wp-json\/wp\/v2\/product\/74353","targetHints":{"allow":["GET"]}}],"collection":[{"href":"https:\/\/truusk.store\/sv\/wp-json\/wp\/v2\/product"}],"about":[{"href":"https:\/\/truusk.store\/sv\/wp-json\/wp\/v2\/types\/product"}],"wp:featuredmedia":[{"embeddable":true,"href":"https:\/\/truusk.store\/sv\/wp-json\/wp\/v2\/media\/74344"}],"wp:attachment":[{"href":"https:\/\/truusk.store\/sv\/wp-json\/wp\/v2\/media?parent=74353"}],"wp:term":[{"taxonomy":"product_brand","embeddable":true,"href":"https:\/\/truusk.store\/sv\/wp-json\/wp\/v2\/product_brand?post=74353"},{"taxonomy":"product_cat","embeddable":true,"href":"https:\/\/truusk.store\/sv\/wp-json\/wp\/v2\/product_cat?post=74353"},{"taxonomy":"product_tag","embeddable":true,"href":"https:\/\/truusk.store\/sv\/wp-json\/wp\/v2\/product_tag?post=74353"}],"curies":[{"name":"wp","href":"https:\/\/api.w.org\/{rel}","templated":true}]}}