{"id":74424,"date":"2025-06-06T02:07:45","date_gmt":"2025-06-06T01:07:45","guid":{"rendered":"https:\/\/truusk.store\/product\/dubbelsolskydd-med-vev-451-x-264-cm-uv-skydd-50-solskydd-vindtalig-tradgardsskarm-balkongskarm-aluminium-marknadsskarm-solskydd-for-balkong-terrass-tradgard-kramvit\/"},"modified":"2026-03-12T08:42:49","modified_gmt":"2026-03-12T07:42:49","slug":"truusk-dubbelsolskydd-med-vev-451-x-264-cm-uv-skydd-50-vindtalig-aluminium-marknadsskarm-solskydd-for-balkong-terrass","status":"publish","type":"product","link":"https:\/\/truusk.store\/sv\/produkt\/truusk-dubbelsolskydd-med-vev-451-x-264-cm-uv-skydd-50-vindtalig-aluminium-marknadsskarm-solskydd-for-balkong-terrass\/","title":{"rendered":"TRUUSK Dubbelsolskydd Med Vev 451 x 264 cm &#8211; UV-skydd 50+ &#8211; Vindt\u00e5lig &#8211; Aluminium &#8211; Marknadssk\u00e4rm &#8211; Solskydd F\u00f6r Balkong Terrass"},"content":{"rendered":"<p>Njut av rikligt med skugga med den Dubbelsidiga Dubbelsolskyddet fr\u00e5n TRUUSK. Med en sp\u00e4nnvidd p\u00e5 451 x 264 cm och UPF50+ skydd, erbjuder dubbel-paraplyet en sval, bekv\u00e4m tillflyktsort p\u00e5 varma dagar. Det enkla vevlyftsystemet g\u00f6r det enkelt att \u00f6ppna och st\u00e4nga. Det vattenavvisande, UV-resistenta polyestertyget p\u00e5 dubbel-paraplyet beh\u00e5ller f\u00e4rgintensiteten och g\u00f6r varje utomhusevenemang till en speciell och skyddad upplevelse.<\/p>\n<p>Beskrivning:<\/p>\n<ul>\n<li> Detta dubbelsidiga dubbel-solskydd erbjuder mycket skugga, l\u00e4mplig f\u00f6r en terrassupps\u00e4ttning f\u00f6r 4-6 personer och f\u00f6r olika utomhusevenemang<\/li>\n<li> UPF50+ PA-belagd polyesterduk p\u00e5 dubbel-paraplyet \u00e4r UV-resistent och beh\u00e5ller sin f\u00e4rg<\/li>\n<li> Rostfri, pulverlackerad aluminiumstolpe och 12 metallribbor garanterar h\u00e5llbarhet<\/li>\n<li> Aluminiumvev f\u00f6r smidig paraplydrift<\/li>\n<li> \u00d6vre ventilations\u00f6ppningar p\u00e5 dubbel-solskyddet f\u00f6rb\u00e4ttrar luftcirkulationen och minskar vindbelastningen<\/li>\n<li> S\u00e4kra paraplytaket med det l\u00e5nga bandet f\u00f6r enkel, kompakt f\u00f6rvaring<\/li>\n<li> Montering kr\u00e4vs<\/li>\n<\/ul>\n<p> Tekniska data:<\/p>\n<ul>\n<li> F\u00e4rg: Kr\u00e4mvit+M\u00f6rkgr\u00e5<\/li>\n<li> Material: Aluminium, Metall, Polyester<\/li>\n<li> Totala dimensioner: 451L x 264B x 264H cm<\/li>\n<li> St\u00e5ngdiameter: 48 mm<\/li>\n<li> Kr\u00e4vd basvikt: 40 kg (ing\u00e5r ej)<\/li>\n<li> OBS: 1, Anv\u00e4nd inte paraplyet vid extremt v\u00e4der (stark vind, kraftigt regn, sn\u00f6)<\/li>\n<li>2, L\u00e4mplig f\u00f6r TRUUSK-bas: 84D-250V00BK<\/li>\n<\/ul>\n<p>Leveransinneh\u00e5ll:<\/p>\n<ul>\n<li> 1 x dubbelsidig regnparaply<\/li>\n<li> 1 x handbok<\/li>\n<\/ul>\n","protected":false},"excerpt":{"rendered":"<p>Njut av rikligt med skugga med den Dubbelsidiga Dubbelsolskyddet fr\u00e5n TRUUSK. Med en sp\u00e4nnvidd p\u00e5 451 x 264 cm och&#8230;<\/p>\n","protected":false},"featured_media":74414,"template":"","meta":[],"product_brand":[],"product_cat":[472,862,858],"product_tag":[],"class_list":{"0":"post-74424","1":"product","2":"type-product","3":"status-publish","4":"has-post-thumbnail","6":"product_cat-parasoller","7":"product_cat-sol-insynsskydd","8":"product_cat-tradgard-terrass","10":"first","11":"instock","12":"sale","13":"taxable","14":"shipping-taxable","15":"purchasable","16":"product-type-simple"},"yoast_head":"<!-- This site is optimized with the Yoast SEO plugin v25.4 - https:\/\/yoast.com\/wordpress\/plugins\/seo\/ -->\n<title>TRUUSK Dubbelsolskydd Med Vev 451 x 264 cm - UV-skydd 50+ - Vindt\u00e5lig - Aluminium - Marknadssk\u00e4rm - Solskydd F\u00f6r Balkong Terrass - TRUUSK - Hem, Tr\u00e4dg\u00e5rd &amp; Fritid<\/title>\n<meta name=\"robots\" content=\"index, follow, max-snippet:-1, max-image-preview:large, max-video-preview:-1\" \/>\n<link rel=\"canonical\" href=\"https:\/\/truusk.store\/sv\/produkt\/truusk-dubbelsolskydd-med-vev-451-x-264-cm-uv-skydd-50-vindtalig-aluminium-marknadsskarm-solskydd-for-balkong-terrass\/\" \/>\n<meta property=\"og:locale\" content=\"sv_SE\" \/>\n<meta property=\"og:type\" content=\"article\" \/>\n<meta property=\"og:title\" content=\"TRUUSK Dubbelsolskydd Med Vev 451 x 264 cm - UV-skydd 50+ - Vindt\u00e5lig - Aluminium - Marknadssk\u00e4rm - Solskydd F\u00f6r Balkong Terrass - TRUUSK - Hem, Tr\u00e4dg\u00e5rd &amp; Fritid\" \/>\n<meta property=\"og:description\" content=\"Njut av rikligt med skugga med den Dubbelsidiga Dubbelsolskyddet fr\u00e5n TRUUSK. Med en sp\u00e4nnvidd p\u00e5 451 x 264 cm och...\" \/>\n<meta property=\"og:url\" content=\"https:\/\/truusk.store\/sv\/produkt\/truusk-dubbelsolskydd-med-vev-451-x-264-cm-uv-skydd-50-vindtalig-aluminium-marknadsskarm-solskydd-for-balkong-terrass\/\" \/>\n<meta property=\"og:site_name\" content=\"TRUUSK - Hem, Tr\u00e4dg\u00e5rd &amp; Fritid\" \/>\n<meta property=\"article:modified_time\" content=\"2026-03-12T07:42:49+00:00\" \/>\n<meta property=\"og:image\" content=\"https:\/\/i0.wp.com\/truusk.se\/wp-content\/uploads\/2025\/06\/dubbelsolskydd-med-vev-451-x-264-cm-uv-skydd-50-solskydd-vindtalig-tradgardsskarm-balkongskarm-aluminium-marknadsskarm-solskydd-for-balkong-terrass-tradgard-kramvit-1.webp?fit=2000%2C2000&ssl=1\" \/>\n\t<meta property=\"og:image:width\" content=\"2000\" \/>\n\t<meta property=\"og:image:height\" content=\"2000\" \/>\n\t<meta property=\"og:image:type\" content=\"image\/webp\" \/>\n<meta name=\"twitter:card\" content=\"summary_large_image\" \/>\n<meta name=\"twitter:label1\" content=\"Ber\u00e4knad l\u00e4stid\" \/>\n\t<meta name=\"twitter:data1\" content=\"1 minut\" \/>\n<!-- \/ Yoast SEO plugin. -->","yoast_head_json":{"title":"TRUUSK Dubbelsolskydd Med Vev 451 x 264 cm - UV-skydd 50+ - Vindt\u00e5lig - Aluminium - Marknadssk\u00e4rm - Solskydd F\u00f6r Balkong Terrass - TRUUSK - Hem, Tr\u00e4dg\u00e5rd &amp; Fritid","robots":{"index":"index","follow":"follow","max-snippet":"max-snippet:-1","max-image-preview":"max-image-preview:large","max-video-preview":"max-video-preview:-1"},"canonical":"https:\/\/truusk.store\/sv\/produkt\/truusk-dubbelsolskydd-med-vev-451-x-264-cm-uv-skydd-50-vindtalig-aluminium-marknadsskarm-solskydd-for-balkong-terrass\/","og_locale":"sv_SE","og_type":"article","og_title":"TRUUSK Dubbelsolskydd Med Vev 451 x 264 cm - UV-skydd 50+ - Vindt\u00e5lig - Aluminium - Marknadssk\u00e4rm - Solskydd F\u00f6r Balkong Terrass - TRUUSK - Hem, Tr\u00e4dg\u00e5rd &amp; Fritid","og_description":"Njut av rikligt med skugga med den Dubbelsidiga Dubbelsolskyddet fr\u00e5n TRUUSK. Med en sp\u00e4nnvidd p\u00e5 451 x 264 cm och...","og_url":"https:\/\/truusk.store\/sv\/produkt\/truusk-dubbelsolskydd-med-vev-451-x-264-cm-uv-skydd-50-vindtalig-aluminium-marknadsskarm-solskydd-for-balkong-terrass\/","og_site_name":"TRUUSK - Hem, Tr\u00e4dg\u00e5rd &amp; Fritid","article_modified_time":"2026-03-12T07:42:49+00:00","og_image":[{"width":2000,"height":2000,"url":"https:\/\/i0.wp.com\/truusk.se\/wp-content\/uploads\/2025\/06\/dubbelsolskydd-med-vev-451-x-264-cm-uv-skydd-50-solskydd-vindtalig-tradgardsskarm-balkongskarm-aluminium-marknadsskarm-solskydd-for-balkong-terrass-tradgard-kramvit-1.webp?fit=2000%2C2000&ssl=1","type":"image\/webp"}],"twitter_card":"summary_large_image","twitter_misc":{"Ber\u00e4knad l\u00e4stid":"1 minut"},"schema":{"@context":"https:\/\/schema.org","@graph":[{"@type":"WebPage","@id":"https:\/\/truusk.store\/sv\/produkt\/truusk-dubbelsolskydd-med-vev-451-x-264-cm-uv-skydd-50-vindtalig-aluminium-marknadsskarm-solskydd-for-balkong-terrass\/","url":"https:\/\/truusk.store\/sv\/produkt\/truusk-dubbelsolskydd-med-vev-451-x-264-cm-uv-skydd-50-vindtalig-aluminium-marknadsskarm-solskydd-for-balkong-terrass\/","name":"TRUUSK Dubbelsolskydd Med Vev 451 x 264 cm - UV-skydd 50+ - Vindt\u00e5lig - Aluminium - Marknadssk\u00e4rm - Solskydd F\u00f6r Balkong Terrass - TRUUSK - Hem, Tr\u00e4dg\u00e5rd &amp; Fritid","isPartOf":{"@id":"https:\/\/truusk.store\/sv\/#website"},"primaryImageOfPage":{"@id":"https:\/\/truusk.store\/sv\/produkt\/truusk-dubbelsolskydd-med-vev-451-x-264-cm-uv-skydd-50-vindtalig-aluminium-marknadsskarm-solskydd-for-balkong-terrass\/#primaryimage"},"image":{"@id":"https:\/\/truusk.store\/sv\/produkt\/truusk-dubbelsolskydd-med-vev-451-x-264-cm-uv-skydd-50-vindtalig-aluminium-marknadsskarm-solskydd-for-balkong-terrass\/#primaryimage"},"thumbnailUrl":"https:\/\/i0.wp.com\/truusk.store\/wp-content\/uploads\/2025\/06\/dubbelsolskydd-med-vev-451-x-264-cm-uv-skydd-50-solskydd-vindtalig-tradgardsskarm-balkongskarm-aluminium-marknadsskarm-solskydd-for-balkong-terrass-tradgard-kramvit-1.webp?fit=2000%2C2000&ssl=1","datePublished":"2025-06-06T01:07:45+00:00","dateModified":"2026-03-12T07:42:49+00:00","breadcrumb":{"@id":"https:\/\/truusk.store\/sv\/produkt\/truusk-dubbelsolskydd-med-vev-451-x-264-cm-uv-skydd-50-vindtalig-aluminium-marknadsskarm-solskydd-for-balkong-terrass\/#breadcrumb"},"inLanguage":"sv-SE","potentialAction":[{"@type":"ReadAction","target":["https:\/\/truusk.store\/sv\/produkt\/truusk-dubbelsolskydd-med-vev-451-x-264-cm-uv-skydd-50-vindtalig-aluminium-marknadsskarm-solskydd-for-balkong-terrass\/"]}]},{"@type":"ImageObject","inLanguage":"sv-SE","@id":"https:\/\/truusk.store\/sv\/produkt\/truusk-dubbelsolskydd-med-vev-451-x-264-cm-uv-skydd-50-vindtalig-aluminium-marknadsskarm-solskydd-for-balkong-terrass\/#primaryimage","url":"https:\/\/i0.wp.com\/truusk.store\/wp-content\/uploads\/2025\/06\/dubbelsolskydd-med-vev-451-x-264-cm-uv-skydd-50-solskydd-vindtalig-tradgardsskarm-balkongskarm-aluminium-marknadsskarm-solskydd-for-balkong-terrass-tradgard-kramvit-1.webp?fit=2000%2C2000&ssl=1","contentUrl":"https:\/\/i0.wp.com\/truusk.store\/wp-content\/uploads\/2025\/06\/dubbelsolskydd-med-vev-451-x-264-cm-uv-skydd-50-solskydd-vindtalig-tradgardsskarm-balkongskarm-aluminium-marknadsskarm-solskydd-for-balkong-terrass-tradgard-kramvit-1.webp?fit=2000%2C2000&ssl=1","width":2000,"height":2000},{"@type":"BreadcrumbList","@id":"https:\/\/truusk.store\/sv\/produkt\/truusk-dubbelsolskydd-med-vev-451-x-264-cm-uv-skydd-50-vindtalig-aluminium-marknadsskarm-solskydd-for-balkong-terrass\/#breadcrumb","itemListElement":[{"@type":"ListItem","position":1,"name":"Home","item":"https:\/\/truusk.store\/sv\/"},{"@type":"ListItem","position":2,"name":"Shop","item":"https:\/\/truusk.store\/shop\/"},{"@type":"ListItem","position":3,"name":"TRUUSK Dubbelsolskydd Med Vev 451 x 264 cm &#8211; UV-skydd 50+ &#8211; Vindt\u00e5lig &#8211; Aluminium &#8211; Marknadssk\u00e4rm &#8211; Solskydd F\u00f6r Balkong Terrass"}]},{"@type":"WebSite","@id":"https:\/\/truusk.store\/sv\/#website","url":"https:\/\/truusk.store\/sv\/","name":"TRUUSK - Hem, Tr\u00e4dg\u00e5rd & Fritid","description":"","publisher":{"@id":"https:\/\/truusk.store\/sv\/#organization"},"potentialAction":[{"@type":"SearchAction","target":{"@type":"EntryPoint","urlTemplate":"https:\/\/truusk.store\/sv\/?s={search_term_string}"},"query-input":{"@type":"PropertyValueSpecification","valueRequired":true,"valueName":"search_term_string"}}],"inLanguage":"sv-SE"},{"@type":"Organization","@id":"https:\/\/truusk.store\/sv\/#organization","name":"TRUUSK - Hem, Tr\u00e4dg\u00e5rd & Fritid","url":"https:\/\/truusk.store\/sv\/","logo":{"@type":"ImageObject","inLanguage":"sv-SE","@id":"https:\/\/truusk.store\/sv\/#\/schema\/logo\/image\/","url":"https:\/\/i0.wp.com\/truusk.store\/wp-content\/uploads\/2026\/03\/cropped-TRUUSK.png?fit=2032%2C917&ssl=1","contentUrl":"https:\/\/i0.wp.com\/truusk.store\/wp-content\/uploads\/2026\/03\/cropped-TRUUSK.png?fit=2032%2C917&ssl=1","width":2032,"height":917,"caption":"TRUUSK - Hem, Tr\u00e4dg\u00e5rd & Fritid"},"image":{"@id":"https:\/\/truusk.store\/sv\/#\/schema\/logo\/image\/"}}]}},"jetpack_sharing_enabled":true,"_links":{"self":[{"href":"https:\/\/truusk.store\/sv\/wp-json\/wp\/v2\/product\/74424","targetHints":{"allow":["GET"]}}],"collection":[{"href":"https:\/\/truusk.store\/sv\/wp-json\/wp\/v2\/product"}],"about":[{"href":"https:\/\/truusk.store\/sv\/wp-json\/wp\/v2\/types\/product"}],"wp:featuredmedia":[{"embeddable":true,"href":"https:\/\/truusk.store\/sv\/wp-json\/wp\/v2\/media\/74414"}],"wp:attachment":[{"href":"https:\/\/truusk.store\/sv\/wp-json\/wp\/v2\/media?parent=74424"}],"wp:term":[{"taxonomy":"product_brand","embeddable":true,"href":"https:\/\/truusk.store\/sv\/wp-json\/wp\/v2\/product_brand?post=74424"},{"taxonomy":"product_cat","embeddable":true,"href":"https:\/\/truusk.store\/sv\/wp-json\/wp\/v2\/product_cat?post=74424"},{"taxonomy":"product_tag","embeddable":true,"href":"https:\/\/truusk.store\/sv\/wp-json\/wp\/v2\/product_tag?post=74424"}],"curies":[{"name":"wp","href":"https:\/\/api.w.org\/{rel}","templated":true}]}}