{"id":74443,"date":"2025-06-06T02:09:33","date_gmt":"2025-06-06T01:09:33","guid":{"rendered":"https:\/\/truusk.store\/product\/byra-sideboard-med-5-lador-skap-av-tramaterial-forvaringsskap-i-modern-stil-ladskap-byraskap-for-vardagsrum-sovrum-hall-47-x-29-x-95-cm-vit\/"},"modified":"2026-03-12T08:43:12","modified_gmt":"2026-03-12T07:43:12","slug":"truusk-sideboard-med-5-lador-tramaterial-modern-stil-forvaringsskap-for-vardagsrum-sovrum-hall-47-x-29-x-95-cm-vit","status":"publish","type":"product","link":"https:\/\/truusk.store\/sv\/produkt\/truusk-sideboard-med-5-lador-tramaterial-modern-stil-forvaringsskap-for-vardagsrum-sovrum-hall-47-x-29-x-95-cm-vit\/","title":{"rendered":"TRUUSK Sideboard med 5 l\u00e5dor &#8211; Tr\u00e4material &#8211; Modern stil &#8211; F\u00f6rvaringssk\u00e5p f\u00f6r vardagsrum &#8211; Sovrum &#8211; Hall &#8211; 47 x 29 x 95 cm &#8211; Vit"},"content":{"rendered":"<p>Skapa ordning med stil med TRUUSK byr\u00e5 med 5 l\u00e5dor. Den eleganta byr\u00e5n erbjuder fem stora fack f\u00f6r allt fr\u00e5n leggings till dagliga n\u00f6dv\u00e4ndigheter. Perfekt f\u00f6rvaringssk\u00e5p f\u00f6r alla rum, dess robusta konstruktion garanterar stabilitet och den eleganta, vita designen med svarta handtag ger ditt rum modern elegans.<\/p>\n<p>Beskrivning:<\/p>\n<ul>\n<li> Fem l\u00e5dor minskar r\u00f6ran och organiserar hush\u00e5llsartiklar<\/li>\n<li> Sk\u00e5pets bordsskiva erbjuder plats f\u00f6r personliga dekorationer eller dagliga n\u00f6dv\u00e4ndigheter<\/li>\n<li> L\u00e4mplig f\u00f6r sovrum, korridorer och andra vardagsrum<\/li>\n<li> Sk\u00e5pets sp\u00e5nskivekonstruktion garanterar stabilitet<\/li>\n<li> Byr\u00e5ns tipp-skyddsrem garanterar s\u00e4kerhet och skydd<\/li>\n<li> Den helt vita ytan ger ett modernt, rent utseende<\/li>\n<li> Melaminytan \u00e4r repfast och l\u00e4tt att reng\u00f6ra<\/li>\n<li> Montering kr\u00e4vs<\/li>\n<\/ul>\n<p> Tekniska data:<\/p>\n<ul>\n<li> F\u00e4rg: Vit<\/li>\n<li> Material: Sp\u00e5nskiva<\/li>\n<li> Totala dimensioner: 47L x 29B x 95H cm<\/li>\n<li> Inre storlek p\u00e5 l\u00e5dan: 39,8B x 23,7T x 8,5H cm<\/li>\n<li> B\u00e4rkapacitet: 25 kg (totalt), 10 kg (\u00f6verst), 3 kg (l\u00e5da)<\/li>\n<\/ul>\n<p>Leveransinneh\u00e5ll:<\/p>\n<ul>\n<li> 1 x Byr\u00e5<\/li>\n<li> 1 x Bruksanvisning<\/li>\n<\/ul>\n","protected":false},"excerpt":{"rendered":"<p>Skapa ordning med stil med TRUUSK byr\u00e5 med 5 l\u00e5dor. Den eleganta byr\u00e5n erbjuder fem stora fack f\u00f6r allt fr\u00e5n&#8230;<\/p>\n","protected":false},"featured_media":74434,"template":"","meta":[],"product_brand":[],"product_cat":[956,871,910],"product_tag":[],"class_list":{"0":"post-74443","1":"product","2":"type-product","3":"status-publish","4":"has-post-thumbnail","6":"product_cat-byraer-sideboards","7":"product_cat-hus-hem","8":"product_cat-vardagsrum","10":"first","11":"instock","12":"sale","13":"taxable","14":"shipping-taxable","15":"purchasable","16":"product-type-simple"},"yoast_head":"<!-- This site is optimized with the Yoast SEO plugin v25.4 - https:\/\/yoast.com\/wordpress\/plugins\/seo\/ -->\n<title>TRUUSK Sideboard med 5 l\u00e5dor - Tr\u00e4material - Modern stil - F\u00f6rvaringssk\u00e5p f\u00f6r vardagsrum - Sovrum - Hall - 47 x 29 x 95 cm - Vit - TRUUSK - Hem, Tr\u00e4dg\u00e5rd &amp; Fritid<\/title>\n<meta name=\"robots\" content=\"index, follow, max-snippet:-1, max-image-preview:large, max-video-preview:-1\" \/>\n<link rel=\"canonical\" href=\"https:\/\/truusk.store\/sv\/produkt\/truusk-sideboard-med-5-lador-tramaterial-modern-stil-forvaringsskap-for-vardagsrum-sovrum-hall-47-x-29-x-95-cm-vit\/\" \/>\n<meta property=\"og:locale\" content=\"sv_SE\" \/>\n<meta property=\"og:type\" content=\"article\" \/>\n<meta property=\"og:title\" content=\"TRUUSK Sideboard med 5 l\u00e5dor - Tr\u00e4material - Modern stil - F\u00f6rvaringssk\u00e5p f\u00f6r vardagsrum - Sovrum - Hall - 47 x 29 x 95 cm - Vit - TRUUSK - Hem, Tr\u00e4dg\u00e5rd &amp; Fritid\" \/>\n<meta property=\"og:description\" content=\"Skapa ordning med stil med TRUUSK byr\u00e5 med 5 l\u00e5dor. Den eleganta byr\u00e5n erbjuder fem stora fack f\u00f6r allt fr\u00e5n...\" \/>\n<meta property=\"og:url\" content=\"https:\/\/truusk.store\/sv\/produkt\/truusk-sideboard-med-5-lador-tramaterial-modern-stil-forvaringsskap-for-vardagsrum-sovrum-hall-47-x-29-x-95-cm-vit\/\" \/>\n<meta property=\"og:site_name\" content=\"TRUUSK - Hem, Tr\u00e4dg\u00e5rd &amp; Fritid\" \/>\n<meta property=\"article:modified_time\" content=\"2026-03-12T07:43:12+00:00\" \/>\n<meta property=\"og:image\" content=\"https:\/\/i0.wp.com\/truusk.se\/wp-content\/uploads\/2025\/06\/byra-sideboard-med-5-lador-skap-av-tramaterial-forvaringsskap-i-modern-stil-ladskap-byraskap-for-vardagsrum-sovrum-hall-47-x-29-x-95-cm-vit-1.webp?fit=2000%2C2000&ssl=1\" \/>\n\t<meta property=\"og:image:width\" content=\"2000\" \/>\n\t<meta property=\"og:image:height\" content=\"2000\" \/>\n\t<meta property=\"og:image:type\" content=\"image\/webp\" \/>\n<meta name=\"twitter:card\" content=\"summary_large_image\" \/>\n<meta name=\"twitter:label1\" content=\"Ber\u00e4knad l\u00e4stid\" \/>\n\t<meta name=\"twitter:data1\" content=\"1 minut\" \/>\n<!-- \/ Yoast SEO plugin. -->","yoast_head_json":{"title":"TRUUSK Sideboard med 5 l\u00e5dor - Tr\u00e4material - Modern stil - F\u00f6rvaringssk\u00e5p f\u00f6r vardagsrum - Sovrum - Hall - 47 x 29 x 95 cm - Vit - TRUUSK - Hem, Tr\u00e4dg\u00e5rd &amp; Fritid","robots":{"index":"index","follow":"follow","max-snippet":"max-snippet:-1","max-image-preview":"max-image-preview:large","max-video-preview":"max-video-preview:-1"},"canonical":"https:\/\/truusk.store\/sv\/produkt\/truusk-sideboard-med-5-lador-tramaterial-modern-stil-forvaringsskap-for-vardagsrum-sovrum-hall-47-x-29-x-95-cm-vit\/","og_locale":"sv_SE","og_type":"article","og_title":"TRUUSK Sideboard med 5 l\u00e5dor - Tr\u00e4material - Modern stil - F\u00f6rvaringssk\u00e5p f\u00f6r vardagsrum - Sovrum - Hall - 47 x 29 x 95 cm - Vit - TRUUSK - Hem, Tr\u00e4dg\u00e5rd &amp; Fritid","og_description":"Skapa ordning med stil med TRUUSK byr\u00e5 med 5 l\u00e5dor. Den eleganta byr\u00e5n erbjuder fem stora fack f\u00f6r allt fr\u00e5n...","og_url":"https:\/\/truusk.store\/sv\/produkt\/truusk-sideboard-med-5-lador-tramaterial-modern-stil-forvaringsskap-for-vardagsrum-sovrum-hall-47-x-29-x-95-cm-vit\/","og_site_name":"TRUUSK - Hem, Tr\u00e4dg\u00e5rd &amp; Fritid","article_modified_time":"2026-03-12T07:43:12+00:00","og_image":[{"width":2000,"height":2000,"url":"https:\/\/i0.wp.com\/truusk.se\/wp-content\/uploads\/2025\/06\/byra-sideboard-med-5-lador-skap-av-tramaterial-forvaringsskap-i-modern-stil-ladskap-byraskap-for-vardagsrum-sovrum-hall-47-x-29-x-95-cm-vit-1.webp?fit=2000%2C2000&ssl=1","type":"image\/webp"}],"twitter_card":"summary_large_image","twitter_misc":{"Ber\u00e4knad l\u00e4stid":"1 minut"},"schema":{"@context":"https:\/\/schema.org","@graph":[{"@type":"WebPage","@id":"https:\/\/truusk.store\/sv\/produkt\/truusk-sideboard-med-5-lador-tramaterial-modern-stil-forvaringsskap-for-vardagsrum-sovrum-hall-47-x-29-x-95-cm-vit\/","url":"https:\/\/truusk.store\/sv\/produkt\/truusk-sideboard-med-5-lador-tramaterial-modern-stil-forvaringsskap-for-vardagsrum-sovrum-hall-47-x-29-x-95-cm-vit\/","name":"TRUUSK Sideboard med 5 l\u00e5dor - Tr\u00e4material - Modern stil - F\u00f6rvaringssk\u00e5p f\u00f6r vardagsrum - Sovrum - Hall - 47 x 29 x 95 cm - Vit - TRUUSK - Hem, Tr\u00e4dg\u00e5rd &amp; Fritid","isPartOf":{"@id":"https:\/\/truusk.store\/sv\/#website"},"primaryImageOfPage":{"@id":"https:\/\/truusk.store\/sv\/produkt\/truusk-sideboard-med-5-lador-tramaterial-modern-stil-forvaringsskap-for-vardagsrum-sovrum-hall-47-x-29-x-95-cm-vit\/#primaryimage"},"image":{"@id":"https:\/\/truusk.store\/sv\/produkt\/truusk-sideboard-med-5-lador-tramaterial-modern-stil-forvaringsskap-for-vardagsrum-sovrum-hall-47-x-29-x-95-cm-vit\/#primaryimage"},"thumbnailUrl":"https:\/\/i0.wp.com\/truusk.store\/wp-content\/uploads\/2025\/06\/byra-sideboard-med-5-lador-skap-av-tramaterial-forvaringsskap-i-modern-stil-ladskap-byraskap-for-vardagsrum-sovrum-hall-47-x-29-x-95-cm-vit-1.webp?fit=2000%2C2000&ssl=1","datePublished":"2025-06-06T01:09:33+00:00","dateModified":"2026-03-12T07:43:12+00:00","breadcrumb":{"@id":"https:\/\/truusk.store\/sv\/produkt\/truusk-sideboard-med-5-lador-tramaterial-modern-stil-forvaringsskap-for-vardagsrum-sovrum-hall-47-x-29-x-95-cm-vit\/#breadcrumb"},"inLanguage":"sv-SE","potentialAction":[{"@type":"ReadAction","target":["https:\/\/truusk.store\/sv\/produkt\/truusk-sideboard-med-5-lador-tramaterial-modern-stil-forvaringsskap-for-vardagsrum-sovrum-hall-47-x-29-x-95-cm-vit\/"]}]},{"@type":"ImageObject","inLanguage":"sv-SE","@id":"https:\/\/truusk.store\/sv\/produkt\/truusk-sideboard-med-5-lador-tramaterial-modern-stil-forvaringsskap-for-vardagsrum-sovrum-hall-47-x-29-x-95-cm-vit\/#primaryimage","url":"https:\/\/i0.wp.com\/truusk.store\/wp-content\/uploads\/2025\/06\/byra-sideboard-med-5-lador-skap-av-tramaterial-forvaringsskap-i-modern-stil-ladskap-byraskap-for-vardagsrum-sovrum-hall-47-x-29-x-95-cm-vit-1.webp?fit=2000%2C2000&ssl=1","contentUrl":"https:\/\/i0.wp.com\/truusk.store\/wp-content\/uploads\/2025\/06\/byra-sideboard-med-5-lador-skap-av-tramaterial-forvaringsskap-i-modern-stil-ladskap-byraskap-for-vardagsrum-sovrum-hall-47-x-29-x-95-cm-vit-1.webp?fit=2000%2C2000&ssl=1","width":2000,"height":2000},{"@type":"BreadcrumbList","@id":"https:\/\/truusk.store\/sv\/produkt\/truusk-sideboard-med-5-lador-tramaterial-modern-stil-forvaringsskap-for-vardagsrum-sovrum-hall-47-x-29-x-95-cm-vit\/#breadcrumb","itemListElement":[{"@type":"ListItem","position":1,"name":"Home","item":"https:\/\/truusk.store\/sv\/"},{"@type":"ListItem","position":2,"name":"Shop","item":"https:\/\/truusk.store\/shop\/"},{"@type":"ListItem","position":3,"name":"TRUUSK Sideboard med 5 l\u00e5dor &#8211; Tr\u00e4material &#8211; Modern stil &#8211; F\u00f6rvaringssk\u00e5p f\u00f6r vardagsrum &#8211; Sovrum &#8211; Hall &#8211; 47 x 29 x 95 cm &#8211; Vit"}]},{"@type":"WebSite","@id":"https:\/\/truusk.store\/sv\/#website","url":"https:\/\/truusk.store\/sv\/","name":"TRUUSK - Hem, Tr\u00e4dg\u00e5rd & Fritid","description":"","publisher":{"@id":"https:\/\/truusk.store\/sv\/#organization"},"potentialAction":[{"@type":"SearchAction","target":{"@type":"EntryPoint","urlTemplate":"https:\/\/truusk.store\/sv\/?s={search_term_string}"},"query-input":{"@type":"PropertyValueSpecification","valueRequired":true,"valueName":"search_term_string"}}],"inLanguage":"sv-SE"},{"@type":"Organization","@id":"https:\/\/truusk.store\/sv\/#organization","name":"TRUUSK - Hem, Tr\u00e4dg\u00e5rd & Fritid","url":"https:\/\/truusk.store\/sv\/","logo":{"@type":"ImageObject","inLanguage":"sv-SE","@id":"https:\/\/truusk.store\/sv\/#\/schema\/logo\/image\/","url":"https:\/\/i0.wp.com\/truusk.store\/wp-content\/uploads\/2026\/03\/cropped-TRUUSK.png?fit=2032%2C917&ssl=1","contentUrl":"https:\/\/i0.wp.com\/truusk.store\/wp-content\/uploads\/2026\/03\/cropped-TRUUSK.png?fit=2032%2C917&ssl=1","width":2032,"height":917,"caption":"TRUUSK - Hem, Tr\u00e4dg\u00e5rd & Fritid"},"image":{"@id":"https:\/\/truusk.store\/sv\/#\/schema\/logo\/image\/"}}]}},"jetpack_sharing_enabled":true,"_links":{"self":[{"href":"https:\/\/truusk.store\/sv\/wp-json\/wp\/v2\/product\/74443","targetHints":{"allow":["GET"]}}],"collection":[{"href":"https:\/\/truusk.store\/sv\/wp-json\/wp\/v2\/product"}],"about":[{"href":"https:\/\/truusk.store\/sv\/wp-json\/wp\/v2\/types\/product"}],"wp:featuredmedia":[{"embeddable":true,"href":"https:\/\/truusk.store\/sv\/wp-json\/wp\/v2\/media\/74434"}],"wp:attachment":[{"href":"https:\/\/truusk.store\/sv\/wp-json\/wp\/v2\/media?parent=74443"}],"wp:term":[{"taxonomy":"product_brand","embeddable":true,"href":"https:\/\/truusk.store\/sv\/wp-json\/wp\/v2\/product_brand?post=74443"},{"taxonomy":"product_cat","embeddable":true,"href":"https:\/\/truusk.store\/sv\/wp-json\/wp\/v2\/product_cat?post=74443"},{"taxonomy":"product_tag","embeddable":true,"href":"https:\/\/truusk.store\/sv\/wp-json\/wp\/v2\/product_tag?post=74443"}],"curies":[{"name":"wp","href":"https:\/\/api.w.org\/{rel}","templated":true}]}}