{"id":74463,"date":"2025-06-06T02:11:37","date_gmt":"2025-06-06T01:11:37","guid":{"rendered":"https:\/\/truusk.store\/product\/utomhusbord-forlangbart-aluminium-80-160x80-cm-vaderbestandigt-balkongbord-halkfritt-buffebord-campingbord-for-6-personer-terrassbord-utomhus-matbord-for-tradgard-terrass-balkong-naturtra\/"},"modified":"2026-03-12T08:43:18","modified_gmt":"2026-03-12T07:43:18","slug":"truusk-utomhusbord-forlangbart-aluminium-vaderbestandigt-halkfritt-buffebord-campingbord-for-6-personer-naturtra","status":"publish","type":"product","link":"https:\/\/truusk.store\/sv\/produkt\/truusk-utomhusbord-forlangbart-aluminium-vaderbestandigt-halkfritt-buffebord-campingbord-for-6-personer-naturtra\/","title":{"rendered":"TRUUSK Utomhusbord F\u00f6rl\u00e4ngbart Aluminium &#8211; V\u00e4derbest\u00e4ndigt &#8211; Halkfritt &#8211; Buff\u00e9bord &#8211; Campingbord &#8211; F\u00f6r 6 Personer &#8211; Naturtr\u00e4"},"content":{"rendered":"<p>Upplev n\u00f6jet med utomhusm\u00e5ltider med det utdragbara TRUUSK v\u00e4derbest\u00e4ndiga tr\u00e4dg\u00e5rdsbordet. Perfekt f\u00f6r 4-6 personer, idealiskt f\u00f6r sm\u00e5 sammankomster. Tillverkat av l\u00e4tt, rostfritt aluminium med pulverlackering. Den eleganta, l\u00e4ttsk\u00f6tta bordsskivan i tr\u00e4look berikar alla utomhusomr\u00e5den. Detta m\u00e5ngsidiga lilla tr\u00e4dg\u00e5rdsbord g\u00f6r varje utomhusm\u00e5ltid speciell.<\/p>\n<p>Beskrivning:<\/p>\n<ul>\n<li> Utdragbart tr\u00e4dg\u00e5rdsbord rymmer 4-6 personer och erbjuder flexibla sittm\u00f6jligheter<\/li>\n<li> Tillverkat av aluminium, pulverlackerat f\u00f6r l\u00e4ttvikt och rostbest\u00e4ndighet<\/li>\n<li> Tr\u00e4dg\u00e5rdsbordets bordsskiva kan enkelt reng\u00f6ras med en fuktig trasa<\/li>\n<li> Bordsskiva med tr\u00e4\u00e5dring l\u00e4gger till stil och kompletterar inredningen<\/li>\n<li> Monteringen kr\u00e4vs<\/li>\n<\/ul>\n<p> Tekniska data:<\/p>\n<ul>\n<li> F\u00e4rg: Naturtr\u00e4+M\u00f6rkgr\u00e5<\/li>\n<li> Material: Aluminium<\/li>\n<li> Totala dimensioner: 80\/160L x 80B x 75H cm<\/li>\n<li> Maximal belastning: 50 kg<\/li>\n<\/ul>\n<p>Leveransinneh\u00e5ll:<\/p>\n<ul>\n<li> 1 x Tr\u00e4dg\u00e5rdsbord<\/li>\n<li> 1 x Bruksanvisning<\/li>\n<\/ul>\n","protected":false},"excerpt":{"rendered":"<p>Upplev n\u00f6jet med utomhusm\u00e5ltider med det utdragbara TRUUSK v\u00e4derbest\u00e4ndiga tr\u00e4dg\u00e5rdsbordet. Perfekt f\u00f6r 4-6 personer, idealiskt f\u00f6r sm\u00e5 sammankomster. Tillverkat av&#8230;<\/p>\n","protected":false},"featured_media":74454,"template":"","meta":[],"product_brand":[],"product_cat":[858,457,450],"product_tag":[],"class_list":{"0":"post-74463","1":"product","2":"type-product","3":"status-publish","4":"has-post-thumbnail","6":"product_cat-tradgard-terrass","7":"product_cat-tradgardsbord","8":"product_cat-tradgardsmobler","10":"first","11":"instock","12":"sale","13":"taxable","14":"shipping-taxable","15":"purchasable","16":"product-type-simple"},"yoast_head":"<!-- This site is optimized with the Yoast SEO plugin v25.4 - https:\/\/yoast.com\/wordpress\/plugins\/seo\/ -->\n<title>TRUUSK Utomhusbord F\u00f6rl\u00e4ngbart Aluminium - V\u00e4derbest\u00e4ndigt - Halkfritt - Buff\u00e9bord - Campingbord - F\u00f6r 6 Personer - Naturtr\u00e4 - TRUUSK - Hem, Tr\u00e4dg\u00e5rd &amp; Fritid<\/title>\n<meta name=\"robots\" content=\"index, follow, max-snippet:-1, max-image-preview:large, max-video-preview:-1\" \/>\n<link rel=\"canonical\" href=\"https:\/\/truusk.store\/sv\/produkt\/truusk-utomhusbord-forlangbart-aluminium-vaderbestandigt-halkfritt-buffebord-campingbord-for-6-personer-naturtra\/\" \/>\n<meta property=\"og:locale\" content=\"sv_SE\" \/>\n<meta property=\"og:type\" content=\"article\" \/>\n<meta property=\"og:title\" content=\"TRUUSK Utomhusbord F\u00f6rl\u00e4ngbart Aluminium - V\u00e4derbest\u00e4ndigt - Halkfritt - Buff\u00e9bord - Campingbord - F\u00f6r 6 Personer - Naturtr\u00e4 - TRUUSK - Hem, Tr\u00e4dg\u00e5rd &amp; Fritid\" \/>\n<meta property=\"og:description\" content=\"Upplev n\u00f6jet med utomhusm\u00e5ltider med det utdragbara TRUUSK v\u00e4derbest\u00e4ndiga tr\u00e4dg\u00e5rdsbordet. Perfekt f\u00f6r 4-6 personer, idealiskt f\u00f6r sm\u00e5 sammankomster. Tillverkat av...\" \/>\n<meta property=\"og:url\" content=\"https:\/\/truusk.store\/sv\/produkt\/truusk-utomhusbord-forlangbart-aluminium-vaderbestandigt-halkfritt-buffebord-campingbord-for-6-personer-naturtra\/\" \/>\n<meta property=\"og:site_name\" content=\"TRUUSK - Hem, Tr\u00e4dg\u00e5rd &amp; Fritid\" \/>\n<meta property=\"article:modified_time\" content=\"2026-03-12T07:43:18+00:00\" \/>\n<meta property=\"og:image\" content=\"https:\/\/i0.wp.com\/truusk.se\/wp-content\/uploads\/2025\/06\/utomhusbord-forlangbart-aluminium-80-160x80-cm-vaderbestandigt-balkongbord-halkfritt-buffebord-campingbord-for-6-personer-terrassbord-utomhus-matbord-for-tradgard-terrass-balkong-naturtra-1.webp?fit=2000%2C2000&ssl=1\" \/>\n\t<meta property=\"og:image:width\" content=\"2000\" \/>\n\t<meta property=\"og:image:height\" content=\"2000\" \/>\n\t<meta property=\"og:image:type\" content=\"image\/webp\" \/>\n<meta name=\"twitter:card\" content=\"summary_large_image\" \/>\n<meta name=\"twitter:label1\" content=\"Ber\u00e4knad l\u00e4stid\" \/>\n\t<meta name=\"twitter:data1\" content=\"1 minut\" \/>\n<!-- \/ Yoast SEO plugin. -->","yoast_head_json":{"title":"TRUUSK Utomhusbord F\u00f6rl\u00e4ngbart Aluminium - V\u00e4derbest\u00e4ndigt - Halkfritt - Buff\u00e9bord - Campingbord - F\u00f6r 6 Personer - Naturtr\u00e4 - TRUUSK - Hem, Tr\u00e4dg\u00e5rd &amp; Fritid","robots":{"index":"index","follow":"follow","max-snippet":"max-snippet:-1","max-image-preview":"max-image-preview:large","max-video-preview":"max-video-preview:-1"},"canonical":"https:\/\/truusk.store\/sv\/produkt\/truusk-utomhusbord-forlangbart-aluminium-vaderbestandigt-halkfritt-buffebord-campingbord-for-6-personer-naturtra\/","og_locale":"sv_SE","og_type":"article","og_title":"TRUUSK Utomhusbord F\u00f6rl\u00e4ngbart Aluminium - V\u00e4derbest\u00e4ndigt - Halkfritt - Buff\u00e9bord - Campingbord - F\u00f6r 6 Personer - Naturtr\u00e4 - TRUUSK - Hem, Tr\u00e4dg\u00e5rd &amp; Fritid","og_description":"Upplev n\u00f6jet med utomhusm\u00e5ltider med det utdragbara TRUUSK v\u00e4derbest\u00e4ndiga tr\u00e4dg\u00e5rdsbordet. Perfekt f\u00f6r 4-6 personer, idealiskt f\u00f6r sm\u00e5 sammankomster. Tillverkat av...","og_url":"https:\/\/truusk.store\/sv\/produkt\/truusk-utomhusbord-forlangbart-aluminium-vaderbestandigt-halkfritt-buffebord-campingbord-for-6-personer-naturtra\/","og_site_name":"TRUUSK - Hem, Tr\u00e4dg\u00e5rd &amp; Fritid","article_modified_time":"2026-03-12T07:43:18+00:00","og_image":[{"width":2000,"height":2000,"url":"https:\/\/i0.wp.com\/truusk.se\/wp-content\/uploads\/2025\/06\/utomhusbord-forlangbart-aluminium-80-160x80-cm-vaderbestandigt-balkongbord-halkfritt-buffebord-campingbord-for-6-personer-terrassbord-utomhus-matbord-for-tradgard-terrass-balkong-naturtra-1.webp?fit=2000%2C2000&ssl=1","type":"image\/webp"}],"twitter_card":"summary_large_image","twitter_misc":{"Ber\u00e4knad l\u00e4stid":"1 minut"},"schema":{"@context":"https:\/\/schema.org","@graph":[{"@type":"WebPage","@id":"https:\/\/truusk.store\/sv\/produkt\/truusk-utomhusbord-forlangbart-aluminium-vaderbestandigt-halkfritt-buffebord-campingbord-for-6-personer-naturtra\/","url":"https:\/\/truusk.store\/sv\/produkt\/truusk-utomhusbord-forlangbart-aluminium-vaderbestandigt-halkfritt-buffebord-campingbord-for-6-personer-naturtra\/","name":"TRUUSK Utomhusbord F\u00f6rl\u00e4ngbart Aluminium - V\u00e4derbest\u00e4ndigt - Halkfritt - Buff\u00e9bord - Campingbord - F\u00f6r 6 Personer - Naturtr\u00e4 - TRUUSK - Hem, Tr\u00e4dg\u00e5rd &amp; Fritid","isPartOf":{"@id":"https:\/\/truusk.store\/sv\/#website"},"primaryImageOfPage":{"@id":"https:\/\/truusk.store\/sv\/produkt\/truusk-utomhusbord-forlangbart-aluminium-vaderbestandigt-halkfritt-buffebord-campingbord-for-6-personer-naturtra\/#primaryimage"},"image":{"@id":"https:\/\/truusk.store\/sv\/produkt\/truusk-utomhusbord-forlangbart-aluminium-vaderbestandigt-halkfritt-buffebord-campingbord-for-6-personer-naturtra\/#primaryimage"},"thumbnailUrl":"https:\/\/i0.wp.com\/truusk.store\/wp-content\/uploads\/2025\/06\/utomhusbord-forlangbart-aluminium-80-160x80-cm-vaderbestandigt-balkongbord-halkfritt-buffebord-campingbord-for-6-personer-terrassbord-utomhus-matbord-for-tradgard-terrass-balkong-naturtra-1.webp?fit=2000%2C2000&ssl=1","datePublished":"2025-06-06T01:11:37+00:00","dateModified":"2026-03-12T07:43:18+00:00","breadcrumb":{"@id":"https:\/\/truusk.store\/sv\/produkt\/truusk-utomhusbord-forlangbart-aluminium-vaderbestandigt-halkfritt-buffebord-campingbord-for-6-personer-naturtra\/#breadcrumb"},"inLanguage":"sv-SE","potentialAction":[{"@type":"ReadAction","target":["https:\/\/truusk.store\/sv\/produkt\/truusk-utomhusbord-forlangbart-aluminium-vaderbestandigt-halkfritt-buffebord-campingbord-for-6-personer-naturtra\/"]}]},{"@type":"ImageObject","inLanguage":"sv-SE","@id":"https:\/\/truusk.store\/sv\/produkt\/truusk-utomhusbord-forlangbart-aluminium-vaderbestandigt-halkfritt-buffebord-campingbord-for-6-personer-naturtra\/#primaryimage","url":"https:\/\/i0.wp.com\/truusk.store\/wp-content\/uploads\/2025\/06\/utomhusbord-forlangbart-aluminium-80-160x80-cm-vaderbestandigt-balkongbord-halkfritt-buffebord-campingbord-for-6-personer-terrassbord-utomhus-matbord-for-tradgard-terrass-balkong-naturtra-1.webp?fit=2000%2C2000&ssl=1","contentUrl":"https:\/\/i0.wp.com\/truusk.store\/wp-content\/uploads\/2025\/06\/utomhusbord-forlangbart-aluminium-80-160x80-cm-vaderbestandigt-balkongbord-halkfritt-buffebord-campingbord-for-6-personer-terrassbord-utomhus-matbord-for-tradgard-terrass-balkong-naturtra-1.webp?fit=2000%2C2000&ssl=1","width":2000,"height":2000},{"@type":"BreadcrumbList","@id":"https:\/\/truusk.store\/sv\/produkt\/truusk-utomhusbord-forlangbart-aluminium-vaderbestandigt-halkfritt-buffebord-campingbord-for-6-personer-naturtra\/#breadcrumb","itemListElement":[{"@type":"ListItem","position":1,"name":"Home","item":"https:\/\/truusk.store\/sv\/"},{"@type":"ListItem","position":2,"name":"Shop","item":"https:\/\/truusk.store\/shop\/"},{"@type":"ListItem","position":3,"name":"TRUUSK Utomhusbord F\u00f6rl\u00e4ngbart Aluminium &#8211; V\u00e4derbest\u00e4ndigt &#8211; Halkfritt &#8211; Buff\u00e9bord &#8211; Campingbord &#8211; F\u00f6r 6 Personer &#8211; Naturtr\u00e4"}]},{"@type":"WebSite","@id":"https:\/\/truusk.store\/sv\/#website","url":"https:\/\/truusk.store\/sv\/","name":"TRUUSK - Hem, Tr\u00e4dg\u00e5rd & Fritid","description":"","publisher":{"@id":"https:\/\/truusk.store\/sv\/#organization"},"potentialAction":[{"@type":"SearchAction","target":{"@type":"EntryPoint","urlTemplate":"https:\/\/truusk.store\/sv\/?s={search_term_string}"},"query-input":{"@type":"PropertyValueSpecification","valueRequired":true,"valueName":"search_term_string"}}],"inLanguage":"sv-SE"},{"@type":"Organization","@id":"https:\/\/truusk.store\/sv\/#organization","name":"TRUUSK - Hem, Tr\u00e4dg\u00e5rd & Fritid","url":"https:\/\/truusk.store\/sv\/","logo":{"@type":"ImageObject","inLanguage":"sv-SE","@id":"https:\/\/truusk.store\/sv\/#\/schema\/logo\/image\/","url":"https:\/\/i0.wp.com\/truusk.store\/wp-content\/uploads\/2026\/03\/cropped-TRUUSK.png?fit=2032%2C917&ssl=1","contentUrl":"https:\/\/i0.wp.com\/truusk.store\/wp-content\/uploads\/2026\/03\/cropped-TRUUSK.png?fit=2032%2C917&ssl=1","width":2032,"height":917,"caption":"TRUUSK - Hem, Tr\u00e4dg\u00e5rd & Fritid"},"image":{"@id":"https:\/\/truusk.store\/sv\/#\/schema\/logo\/image\/"}}]}},"jetpack_sharing_enabled":true,"_links":{"self":[{"href":"https:\/\/truusk.store\/sv\/wp-json\/wp\/v2\/product\/74463","targetHints":{"allow":["GET"]}}],"collection":[{"href":"https:\/\/truusk.store\/sv\/wp-json\/wp\/v2\/product"}],"about":[{"href":"https:\/\/truusk.store\/sv\/wp-json\/wp\/v2\/types\/product"}],"wp:featuredmedia":[{"embeddable":true,"href":"https:\/\/truusk.store\/sv\/wp-json\/wp\/v2\/media\/74454"}],"wp:attachment":[{"href":"https:\/\/truusk.store\/sv\/wp-json\/wp\/v2\/media?parent=74463"}],"wp:term":[{"taxonomy":"product_brand","embeddable":true,"href":"https:\/\/truusk.store\/sv\/wp-json\/wp\/v2\/product_brand?post=74463"},{"taxonomy":"product_cat","embeddable":true,"href":"https:\/\/truusk.store\/sv\/wp-json\/wp\/v2\/product_cat?post=74463"},{"taxonomy":"product_tag","embeddable":true,"href":"https:\/\/truusk.store\/sv\/wp-json\/wp\/v2\/product_tag?post=74463"}],"curies":[{"name":"wp","href":"https:\/\/api.w.org\/{rel}","templated":true}]}}