{"id":74483,"date":"2025-06-06T02:13:41","date_gmt":"2025-06-06T01:13:41","guid":{"rendered":"https:\/\/truusk.store\/product\/baddsoffa-med-sovfunktion-130-x-78-cm-soffa-med-landkudde-sammet-look-justerbar-ryggstod-for-vardagsrum-sovrum-beige\/"},"modified":"2026-03-12T09:46:40","modified_gmt":"2026-03-12T08:46:40","slug":"truusk-baddsoffa-med-sovfunktion-130-x-78-cm-soffa-med-landkudde-justerbart-ryggstod-sammet-look-beige","status":"publish","type":"product","link":"https:\/\/truusk.store\/sv\/produkt\/truusk-baddsoffa-med-sovfunktion-130-x-78-cm-soffa-med-landkudde-justerbart-ryggstod-sammet-look-beige\/","title":{"rendered":"TRUUSK B\u00e4ddsoffa med Sovfunktion 130 x 78 cm &#8211; Soffa med L\u00e4ndkudde &#8211; Justerbart Ryggst\u00f6d &#8211; Sammet Look &#8211; Beige"},"content":{"rendered":"<p>Uppt\u00e4ck TRUUSK 2-sits soffa med sovfunktion. Denna eleganta m\u00f6bel kombinerar stil och funktionalitet p\u00e5 ett imponerande s\u00e4tt. Njut av avkopplande timmar, ta en tupplur eller titta p\u00e5 en film medan du lutar dig tillbaka bekv\u00e4mt. Med sin kompakta design \u00e4r denna b\u00e4ddsoffa idealisk f\u00f6r sm\u00e5 utrymmen och kan vid behov omvandlas till en praktisk g\u00e4sts\u00e4ng d\u00e4r dina g\u00e4ster kan g\u00f6ra sig bekv\u00e4ma.<\/p>\n<p>Beskrivning:<\/p>\n<ul>\n<li> Sex ryggvinklar (100\u00b0\/ 115\u00b0\/125\u00b0\/ 140\u00b0\/ 160\u00b0\/ 180\u00b0) g\u00f6r det m\u00f6jligt att omvandla soffan till en avkopplande soffa, en liggstol eller en tempor\u00e4r s\u00e4ng<\/li>\n<li> Tack vare klick-klack-designen kan soffan snabbt och enkelt omvandlas till en s\u00e4ng<\/li>\n<li> Tv\u00e5 extra kuddar, allround stoppning, fast rygg p\u00e5 b\u00e4ddsoffan med sovfunktion f\u00f6r bra st\u00f6d<\/li>\n<li> En tjock stoppning med elastiska band inuti kudden ger otrolig komfort<\/li>\n<li> Sammetstoffet p\u00e5 2-sits soffan \u00e4r mjukt, elegant och tilltalande<\/li>\n<li> Kuddar p\u00e5 soffan med avtagbara och tv\u00e4ttbara \u00f6verdrag<\/li>\n<li> Massiv st\u00e5lram, gummibentr\u00e4ben och anti-glidfotdynor p\u00e5 b\u00e4ddsoffan ger stabilitet<\/li>\n<li> Montering kr\u00e4vs<\/li>\n<\/ul>\n<p> Tekniska data:<\/p>\n<ul>\n<li> F\u00e4rg: Beige<\/li>\n<li> Material: Sammet imitation (100% polyester), skum, st\u00e5l, gummitr\u00e4<\/li>\n<li> M\u00e5tt soffa: 130B x 78B x 79H cm<\/li>\n<li> M\u00e5tt s\u00e4ng: 130B x 190T x 25H cm<\/li>\n<li> Sitsstorlek: 130B x 62T cm<\/li>\n<li> Tjocklek p\u00e5 sitsen: 11 cm<\/li>\n<li> Storlek ryggst\u00f6d: 130B x 41H cm<\/li>\n<li> Kuddstorlek: 58B x 34T cm<\/li>\n<li> B\u00e4rkapacitet: 250 kg<\/li>\n<\/ul>\n<p>Leveransinneh\u00e5ll:<\/p>\n<ul>\n<li> 1 x B\u00e4ddsoffa<\/li>\n<li> 2 x Kuddar<\/li>\n<li> 1 x Instruktioner<\/li>\n<\/ul>\n","protected":false},"excerpt":{"rendered":"<p>Uppt\u00e4ck TRUUSK 2-sits soffa med sovfunktion. Denna eleganta m\u00f6bel kombinerar stil och funktionalitet p\u00e5 ett imponerande s\u00e4tt. Njut av avkopplande&#8230;<\/p>\n","protected":false},"featured_media":74474,"template":"","meta":[],"product_brand":[],"product_cat":[871,943,937,910],"product_tag":[],"class_list":{"0":"post-74483","1":"product","2":"type-product","3":"status-publish","4":"has-post-thumbnail","6":"product_cat-hus-hem","7":"product_cat-schlafsofas","8":"product_cat-soffor","9":"product_cat-vardagsrum","11":"first","12":"instock","13":"sale","14":"taxable","15":"shipping-taxable","16":"purchasable","17":"product-type-simple"},"yoast_head":"<!-- This site is optimized with the Yoast SEO plugin v25.4 - https:\/\/yoast.com\/wordpress\/plugins\/seo\/ -->\n<title>TRUUSK B\u00e4ddsoffa med Sovfunktion 130 x 78 cm - Soffa med L\u00e4ndkudde - Justerbart Ryggst\u00f6d - Sammet Look - Beige - TRUUSK - Hem, Tr\u00e4dg\u00e5rd &amp; Fritid<\/title>\n<meta name=\"robots\" content=\"index, follow, max-snippet:-1, max-image-preview:large, max-video-preview:-1\" \/>\n<link rel=\"canonical\" href=\"https:\/\/truusk.store\/sv\/produkt\/truusk-baddsoffa-med-sovfunktion-130-x-78-cm-soffa-med-landkudde-justerbart-ryggstod-sammet-look-beige\/\" \/>\n<meta property=\"og:locale\" content=\"sv_SE\" \/>\n<meta property=\"og:type\" content=\"article\" \/>\n<meta property=\"og:title\" content=\"TRUUSK B\u00e4ddsoffa med Sovfunktion 130 x 78 cm - Soffa med L\u00e4ndkudde - Justerbart Ryggst\u00f6d - Sammet Look - Beige - TRUUSK - Hem, Tr\u00e4dg\u00e5rd &amp; Fritid\" \/>\n<meta property=\"og:description\" content=\"Uppt\u00e4ck TRUUSK 2-sits soffa med sovfunktion. Denna eleganta m\u00f6bel kombinerar stil och funktionalitet p\u00e5 ett imponerande s\u00e4tt. Njut av avkopplande...\" \/>\n<meta property=\"og:url\" content=\"https:\/\/truusk.store\/sv\/produkt\/truusk-baddsoffa-med-sovfunktion-130-x-78-cm-soffa-med-landkudde-justerbart-ryggstod-sammet-look-beige\/\" \/>\n<meta property=\"og:site_name\" content=\"TRUUSK - Hem, Tr\u00e4dg\u00e5rd &amp; Fritid\" \/>\n<meta property=\"article:modified_time\" content=\"2026-03-12T08:46:40+00:00\" \/>\n<meta property=\"og:image\" content=\"https:\/\/i0.wp.com\/truusk.se\/wp-content\/uploads\/2025\/06\/baddsoffa-med-sovfunktion-130-x-78-cm-soffa-med-landkudde-sammet-look-justerbar-ryggstod-for-vardagsrum-sovrum-beige-1.webp?fit=2000%2C2000&ssl=1\" \/>\n\t<meta property=\"og:image:width\" content=\"2000\" \/>\n\t<meta property=\"og:image:height\" content=\"2000\" \/>\n\t<meta property=\"og:image:type\" content=\"image\/webp\" \/>\n<meta name=\"twitter:card\" content=\"summary_large_image\" \/>\n<meta name=\"twitter:label1\" content=\"Ber\u00e4knad l\u00e4stid\" \/>\n\t<meta name=\"twitter:data1\" content=\"1 minut\" \/>\n<!-- \/ Yoast SEO plugin. -->","yoast_head_json":{"title":"TRUUSK B\u00e4ddsoffa med Sovfunktion 130 x 78 cm - Soffa med L\u00e4ndkudde - Justerbart Ryggst\u00f6d - Sammet Look - Beige - TRUUSK - Hem, Tr\u00e4dg\u00e5rd &amp; Fritid","robots":{"index":"index","follow":"follow","max-snippet":"max-snippet:-1","max-image-preview":"max-image-preview:large","max-video-preview":"max-video-preview:-1"},"canonical":"https:\/\/truusk.store\/sv\/produkt\/truusk-baddsoffa-med-sovfunktion-130-x-78-cm-soffa-med-landkudde-justerbart-ryggstod-sammet-look-beige\/","og_locale":"sv_SE","og_type":"article","og_title":"TRUUSK B\u00e4ddsoffa med Sovfunktion 130 x 78 cm - Soffa med L\u00e4ndkudde - Justerbart Ryggst\u00f6d - Sammet Look - Beige - TRUUSK - Hem, Tr\u00e4dg\u00e5rd &amp; Fritid","og_description":"Uppt\u00e4ck TRUUSK 2-sits soffa med sovfunktion. Denna eleganta m\u00f6bel kombinerar stil och funktionalitet p\u00e5 ett imponerande s\u00e4tt. Njut av avkopplande...","og_url":"https:\/\/truusk.store\/sv\/produkt\/truusk-baddsoffa-med-sovfunktion-130-x-78-cm-soffa-med-landkudde-justerbart-ryggstod-sammet-look-beige\/","og_site_name":"TRUUSK - Hem, Tr\u00e4dg\u00e5rd &amp; Fritid","article_modified_time":"2026-03-12T08:46:40+00:00","og_image":[{"width":2000,"height":2000,"url":"https:\/\/i0.wp.com\/truusk.se\/wp-content\/uploads\/2025\/06\/baddsoffa-med-sovfunktion-130-x-78-cm-soffa-med-landkudde-sammet-look-justerbar-ryggstod-for-vardagsrum-sovrum-beige-1.webp?fit=2000%2C2000&ssl=1","type":"image\/webp"}],"twitter_card":"summary_large_image","twitter_misc":{"Ber\u00e4knad l\u00e4stid":"1 minut"},"schema":{"@context":"https:\/\/schema.org","@graph":[{"@type":"WebPage","@id":"https:\/\/truusk.store\/sv\/produkt\/truusk-baddsoffa-med-sovfunktion-130-x-78-cm-soffa-med-landkudde-justerbart-ryggstod-sammet-look-beige\/","url":"https:\/\/truusk.store\/sv\/produkt\/truusk-baddsoffa-med-sovfunktion-130-x-78-cm-soffa-med-landkudde-justerbart-ryggstod-sammet-look-beige\/","name":"TRUUSK B\u00e4ddsoffa med Sovfunktion 130 x 78 cm - Soffa med L\u00e4ndkudde - Justerbart Ryggst\u00f6d - Sammet Look - Beige - TRUUSK - Hem, Tr\u00e4dg\u00e5rd &amp; Fritid","isPartOf":{"@id":"https:\/\/truusk.store\/sv\/#website"},"primaryImageOfPage":{"@id":"https:\/\/truusk.store\/sv\/produkt\/truusk-baddsoffa-med-sovfunktion-130-x-78-cm-soffa-med-landkudde-justerbart-ryggstod-sammet-look-beige\/#primaryimage"},"image":{"@id":"https:\/\/truusk.store\/sv\/produkt\/truusk-baddsoffa-med-sovfunktion-130-x-78-cm-soffa-med-landkudde-justerbart-ryggstod-sammet-look-beige\/#primaryimage"},"thumbnailUrl":"https:\/\/i0.wp.com\/truusk.store\/wp-content\/uploads\/2025\/06\/baddsoffa-med-sovfunktion-130-x-78-cm-soffa-med-landkudde-sammet-look-justerbar-ryggstod-for-vardagsrum-sovrum-beige-1.webp?fit=2000%2C2000&ssl=1","datePublished":"2025-06-06T01:13:41+00:00","dateModified":"2026-03-12T08:46:40+00:00","breadcrumb":{"@id":"https:\/\/truusk.store\/sv\/produkt\/truusk-baddsoffa-med-sovfunktion-130-x-78-cm-soffa-med-landkudde-justerbart-ryggstod-sammet-look-beige\/#breadcrumb"},"inLanguage":"sv-SE","potentialAction":[{"@type":"ReadAction","target":["https:\/\/truusk.store\/sv\/produkt\/truusk-baddsoffa-med-sovfunktion-130-x-78-cm-soffa-med-landkudde-justerbart-ryggstod-sammet-look-beige\/"]}]},{"@type":"ImageObject","inLanguage":"sv-SE","@id":"https:\/\/truusk.store\/sv\/produkt\/truusk-baddsoffa-med-sovfunktion-130-x-78-cm-soffa-med-landkudde-justerbart-ryggstod-sammet-look-beige\/#primaryimage","url":"https:\/\/i0.wp.com\/truusk.store\/wp-content\/uploads\/2025\/06\/baddsoffa-med-sovfunktion-130-x-78-cm-soffa-med-landkudde-sammet-look-justerbar-ryggstod-for-vardagsrum-sovrum-beige-1.webp?fit=2000%2C2000&ssl=1","contentUrl":"https:\/\/i0.wp.com\/truusk.store\/wp-content\/uploads\/2025\/06\/baddsoffa-med-sovfunktion-130-x-78-cm-soffa-med-landkudde-sammet-look-justerbar-ryggstod-for-vardagsrum-sovrum-beige-1.webp?fit=2000%2C2000&ssl=1","width":2000,"height":2000},{"@type":"BreadcrumbList","@id":"https:\/\/truusk.store\/sv\/produkt\/truusk-baddsoffa-med-sovfunktion-130-x-78-cm-soffa-med-landkudde-justerbart-ryggstod-sammet-look-beige\/#breadcrumb","itemListElement":[{"@type":"ListItem","position":1,"name":"Home","item":"https:\/\/truusk.store\/sv\/"},{"@type":"ListItem","position":2,"name":"Shop","item":"https:\/\/truusk.store\/shop\/"},{"@type":"ListItem","position":3,"name":"TRUUSK B\u00e4ddsoffa med Sovfunktion 130 x 78 cm &#8211; Soffa med L\u00e4ndkudde &#8211; Justerbart Ryggst\u00f6d &#8211; Sammet Look &#8211; Beige"}]},{"@type":"WebSite","@id":"https:\/\/truusk.store\/sv\/#website","url":"https:\/\/truusk.store\/sv\/","name":"TRUUSK - Hem, Tr\u00e4dg\u00e5rd & Fritid","description":"","publisher":{"@id":"https:\/\/truusk.store\/sv\/#organization"},"potentialAction":[{"@type":"SearchAction","target":{"@type":"EntryPoint","urlTemplate":"https:\/\/truusk.store\/sv\/?s={search_term_string}"},"query-input":{"@type":"PropertyValueSpecification","valueRequired":true,"valueName":"search_term_string"}}],"inLanguage":"sv-SE"},{"@type":"Organization","@id":"https:\/\/truusk.store\/sv\/#organization","name":"TRUUSK - Hem, Tr\u00e4dg\u00e5rd & Fritid","url":"https:\/\/truusk.store\/sv\/","logo":{"@type":"ImageObject","inLanguage":"sv-SE","@id":"https:\/\/truusk.store\/sv\/#\/schema\/logo\/image\/","url":"https:\/\/i0.wp.com\/truusk.store\/wp-content\/uploads\/2026\/03\/cropped-TRUUSK.png?fit=2032%2C917&ssl=1","contentUrl":"https:\/\/i0.wp.com\/truusk.store\/wp-content\/uploads\/2026\/03\/cropped-TRUUSK.png?fit=2032%2C917&ssl=1","width":2032,"height":917,"caption":"TRUUSK - Hem, Tr\u00e4dg\u00e5rd & Fritid"},"image":{"@id":"https:\/\/truusk.store\/sv\/#\/schema\/logo\/image\/"}}]}},"jetpack_sharing_enabled":true,"_links":{"self":[{"href":"https:\/\/truusk.store\/sv\/wp-json\/wp\/v2\/product\/74483","targetHints":{"allow":["GET"]}}],"collection":[{"href":"https:\/\/truusk.store\/sv\/wp-json\/wp\/v2\/product"}],"about":[{"href":"https:\/\/truusk.store\/sv\/wp-json\/wp\/v2\/types\/product"}],"wp:featuredmedia":[{"embeddable":true,"href":"https:\/\/truusk.store\/sv\/wp-json\/wp\/v2\/media\/74474"}],"wp:attachment":[{"href":"https:\/\/truusk.store\/sv\/wp-json\/wp\/v2\/media?parent=74483"}],"wp:term":[{"taxonomy":"product_brand","embeddable":true,"href":"https:\/\/truusk.store\/sv\/wp-json\/wp\/v2\/product_brand?post=74483"},{"taxonomy":"product_cat","embeddable":true,"href":"https:\/\/truusk.store\/sv\/wp-json\/wp\/v2\/product_cat?post=74483"},{"taxonomy":"product_tag","embeddable":true,"href":"https:\/\/truusk.store\/sv\/wp-json\/wp\/v2\/product_tag?post=74483"}],"curies":[{"name":"wp","href":"https:\/\/api.w.org\/{rel}","templated":true}]}}