{"id":74503,"date":"2025-06-06T02:15:38","date_gmt":"2025-06-06T01:15:38","guid":{"rendered":"https:\/\/truusk.store\/product\/diskstall-2-niva-diskstall-med-krokar-tallrikshylla-tillbehor-65-cm-diskstall-for-koksskap-stal-svart\/"},"modified":"2026-03-12T09:15:23","modified_gmt":"2026-03-12T08:15:23","slug":"truusk-diskstall-2-niva-med-krokar-tallrikshylla-tillbehor-65-cm-for-koksskap-stal-svart","status":"publish","type":"product","link":"https:\/\/truusk.store\/sv\/produkt\/truusk-diskstall-2-niva-med-krokar-tallrikshylla-tillbehor-65-cm-for-koksskap-stal-svart\/","title":{"rendered":"TRUUSK Diskst\u00e4ll 2-niv\u00e5 &#8211; Med Krokar &#8211; Tallrikshylla &#8211; Tillbeh\u00f6r &#8211; 65 Cm &#8211; F\u00f6r K\u00f6kssk\u00e5p &#8211; St\u00e5l &#8211; Svart"},"content":{"rendered":"<p>Effektiv avrinning gjord enkel med den modul\u00e4ra TRUUSK diskkorgen. Inneh\u00e5ller sk\u00e5l- och tallrikshylla, bestick- och diskmedelsh\u00e5llare, kniv- och muggsh\u00e5llare, fem krokar samt en sk\u00e4rbr\u00e4deh\u00e5llare. Flytta delarna efter behov. Den robusta, pulverlackerade st\u00e5lkonstruktionen har halkfria f\u00f6tter f\u00f6r optimalt grepp.<\/p>\n<p>Beskrivning:<\/p>\n<ul>\n<li> Stor kapacitet p\u00e5 diskst\u00e4llet r\u00e4cker f\u00f6r fyra personer<\/li>\n<li> Modul\u00e4r design, med en sk\u00e5lst\u00e4llning, en tallriksst\u00e4llning, tv\u00e5 bestickh\u00e5llare, en diskmedelsh\u00e5llare, en knivh\u00e5llare, en muggsh\u00e5llare, fem krokar och en sk\u00e4rbr\u00e4deh\u00e5llare. Diskst\u00e4llet h\u00e5ller objekten organiserade enligt dina \u00f6nskem\u00e5l<\/li>\n<li> Pulverlackerad st\u00e5lstruktur \u00e4r tillf\u00f6rlitlig och h\u00e5ller alla delar p\u00e5 plats<\/li>\n<li> Halkfria f\u00f6tter f\u00f6r fast grepp<\/li>\n<li> Maximal belastning 26 kg, montering kr\u00e4vs<\/li>\n<\/ul>\n<p> Tekniska data:<\/p>\n<ul>\n<li> F\u00e4rg: Svart<\/li>\n<li> Material: St\u00e5l<\/li>\n<li> Totala dimensioner: 65L x 31,5B x 52,5H cm<\/li>\n<li> B\u00e4rkapacitet: 26 kg (totalt), 5 kg (korg), 2 kg (bestickh\u00e5llare), 3 kg (knivh\u00e5llare), 5 kg (sk\u00e4rbr\u00e4deh\u00e5llare), 0,2 kg (krokar)<\/li>\n<\/ul>\n<p>Leveransinneh\u00e5ll:<\/p>\n<ul>\n<li> 1 x Disktorkst\u00e4ll<\/li>\n<li> 1 x Sk\u00e5lst\u00e4ll<\/li>\n<li> 1 x Tallriksst\u00e4ll<\/li>\n<li> 2 x Bestickh\u00e5llare<\/li>\n<li> 1 x Diskmedelsh\u00e5llare<\/li>\n<li> 1 x Knivh\u00e5llare<\/li>\n<li> 1 x Muggsh\u00e5llare<\/li>\n<li> 5 x Krokar<\/li>\n<li> 1 x Sk\u00e4rbr\u00e4deh\u00e5llare<\/li>\n<li> 1 x Handbok<\/li>\n<\/ul>\n","protected":false},"excerpt":{"rendered":"<p>Effektiv avrinning gjord enkel med den modul\u00e4ra TRUUSK diskkorgen. Inneh\u00e5ller sk\u00e5l- och tallrikshylla, bestick- och diskmedelsh\u00e5llare, kniv- och muggsh\u00e5llare, fem&#8230;<\/p>\n","protected":false},"featured_media":74494,"template":"","meta":[],"product_brand":[],"product_cat":[871,498],"product_tag":[],"class_list":{"0":"post-74503","1":"product","2":"type-product","3":"status-publish","4":"has-post-thumbnail","6":"product_cat-hus-hem","7":"product_cat-hushallsapparater","9":"first","10":"instock","11":"sale","12":"taxable","13":"shipping-taxable","14":"purchasable","15":"product-type-simple"},"yoast_head":"<!-- This site is optimized with the Yoast SEO plugin v25.4 - https:\/\/yoast.com\/wordpress\/plugins\/seo\/ -->\n<title>TRUUSK Diskst\u00e4ll 2-niv\u00e5 - Med Krokar - Tallrikshylla - Tillbeh\u00f6r - 65 Cm - F\u00f6r K\u00f6kssk\u00e5p - St\u00e5l - Svart - TRUUSK - Hem, Tr\u00e4dg\u00e5rd &amp; Fritid<\/title>\n<meta name=\"robots\" content=\"index, follow, max-snippet:-1, max-image-preview:large, max-video-preview:-1\" \/>\n<link rel=\"canonical\" href=\"https:\/\/truusk.store\/sv\/produkt\/truusk-diskstall-2-niva-med-krokar-tallrikshylla-tillbehor-65-cm-for-koksskap-stal-svart\/\" \/>\n<meta property=\"og:locale\" content=\"sv_SE\" \/>\n<meta property=\"og:type\" content=\"article\" \/>\n<meta property=\"og:title\" content=\"TRUUSK Diskst\u00e4ll 2-niv\u00e5 - Med Krokar - Tallrikshylla - Tillbeh\u00f6r - 65 Cm - F\u00f6r K\u00f6kssk\u00e5p - St\u00e5l - Svart - TRUUSK - Hem, Tr\u00e4dg\u00e5rd &amp; Fritid\" \/>\n<meta property=\"og:description\" content=\"Effektiv avrinning gjord enkel med den modul\u00e4ra TRUUSK diskkorgen. Inneh\u00e5ller sk\u00e5l- och tallrikshylla, bestick- och diskmedelsh\u00e5llare, kniv- och muggsh\u00e5llare, fem...\" \/>\n<meta property=\"og:url\" content=\"https:\/\/truusk.store\/sv\/produkt\/truusk-diskstall-2-niva-med-krokar-tallrikshylla-tillbehor-65-cm-for-koksskap-stal-svart\/\" \/>\n<meta property=\"og:site_name\" content=\"TRUUSK - Hem, Tr\u00e4dg\u00e5rd &amp; Fritid\" \/>\n<meta property=\"article:modified_time\" content=\"2026-03-12T08:15:23+00:00\" \/>\n<meta property=\"og:image\" content=\"https:\/\/i0.wp.com\/truusk.se\/wp-content\/uploads\/2025\/06\/diskstall-2-niva-diskstall-med-krokar-tallrikshylla-tillbehor-65-cm-diskstall-for-koksskap-stal-svart-1.webp?fit=2000%2C2000&ssl=1\" \/>\n\t<meta property=\"og:image:width\" content=\"2000\" \/>\n\t<meta property=\"og:image:height\" content=\"2000\" \/>\n\t<meta property=\"og:image:type\" content=\"image\/webp\" \/>\n<meta name=\"twitter:card\" content=\"summary_large_image\" \/>\n<meta name=\"twitter:label1\" content=\"Ber\u00e4knad l\u00e4stid\" \/>\n\t<meta name=\"twitter:data1\" content=\"1 minut\" \/>\n<!-- \/ Yoast SEO plugin. -->","yoast_head_json":{"title":"TRUUSK Diskst\u00e4ll 2-niv\u00e5 - Med Krokar - Tallrikshylla - Tillbeh\u00f6r - 65 Cm - F\u00f6r K\u00f6kssk\u00e5p - St\u00e5l - Svart - TRUUSK - Hem, Tr\u00e4dg\u00e5rd &amp; Fritid","robots":{"index":"index","follow":"follow","max-snippet":"max-snippet:-1","max-image-preview":"max-image-preview:large","max-video-preview":"max-video-preview:-1"},"canonical":"https:\/\/truusk.store\/sv\/produkt\/truusk-diskstall-2-niva-med-krokar-tallrikshylla-tillbehor-65-cm-for-koksskap-stal-svart\/","og_locale":"sv_SE","og_type":"article","og_title":"TRUUSK Diskst\u00e4ll 2-niv\u00e5 - Med Krokar - Tallrikshylla - Tillbeh\u00f6r - 65 Cm - F\u00f6r K\u00f6kssk\u00e5p - St\u00e5l - Svart - TRUUSK - Hem, Tr\u00e4dg\u00e5rd &amp; Fritid","og_description":"Effektiv avrinning gjord enkel med den modul\u00e4ra TRUUSK diskkorgen. Inneh\u00e5ller sk\u00e5l- och tallrikshylla, bestick- och diskmedelsh\u00e5llare, kniv- och muggsh\u00e5llare, fem...","og_url":"https:\/\/truusk.store\/sv\/produkt\/truusk-diskstall-2-niva-med-krokar-tallrikshylla-tillbehor-65-cm-for-koksskap-stal-svart\/","og_site_name":"TRUUSK - Hem, Tr\u00e4dg\u00e5rd &amp; Fritid","article_modified_time":"2026-03-12T08:15:23+00:00","og_image":[{"width":2000,"height":2000,"url":"https:\/\/i0.wp.com\/truusk.se\/wp-content\/uploads\/2025\/06\/diskstall-2-niva-diskstall-med-krokar-tallrikshylla-tillbehor-65-cm-diskstall-for-koksskap-stal-svart-1.webp?fit=2000%2C2000&ssl=1","type":"image\/webp"}],"twitter_card":"summary_large_image","twitter_misc":{"Ber\u00e4knad l\u00e4stid":"1 minut"},"schema":{"@context":"https:\/\/schema.org","@graph":[{"@type":"WebPage","@id":"https:\/\/truusk.store\/sv\/produkt\/truusk-diskstall-2-niva-med-krokar-tallrikshylla-tillbehor-65-cm-for-koksskap-stal-svart\/","url":"https:\/\/truusk.store\/sv\/produkt\/truusk-diskstall-2-niva-med-krokar-tallrikshylla-tillbehor-65-cm-for-koksskap-stal-svart\/","name":"TRUUSK Diskst\u00e4ll 2-niv\u00e5 - Med Krokar - Tallrikshylla - Tillbeh\u00f6r - 65 Cm - F\u00f6r K\u00f6kssk\u00e5p - St\u00e5l - Svart - TRUUSK - Hem, Tr\u00e4dg\u00e5rd &amp; Fritid","isPartOf":{"@id":"https:\/\/truusk.store\/sv\/#website"},"primaryImageOfPage":{"@id":"https:\/\/truusk.store\/sv\/produkt\/truusk-diskstall-2-niva-med-krokar-tallrikshylla-tillbehor-65-cm-for-koksskap-stal-svart\/#primaryimage"},"image":{"@id":"https:\/\/truusk.store\/sv\/produkt\/truusk-diskstall-2-niva-med-krokar-tallrikshylla-tillbehor-65-cm-for-koksskap-stal-svart\/#primaryimage"},"thumbnailUrl":"https:\/\/i0.wp.com\/truusk.store\/wp-content\/uploads\/2025\/06\/diskstall-2-niva-diskstall-med-krokar-tallrikshylla-tillbehor-65-cm-diskstall-for-koksskap-stal-svart-1.webp?fit=2000%2C2000&ssl=1","datePublished":"2025-06-06T01:15:38+00:00","dateModified":"2026-03-12T08:15:23+00:00","breadcrumb":{"@id":"https:\/\/truusk.store\/sv\/produkt\/truusk-diskstall-2-niva-med-krokar-tallrikshylla-tillbehor-65-cm-for-koksskap-stal-svart\/#breadcrumb"},"inLanguage":"sv-SE","potentialAction":[{"@type":"ReadAction","target":["https:\/\/truusk.store\/sv\/produkt\/truusk-diskstall-2-niva-med-krokar-tallrikshylla-tillbehor-65-cm-for-koksskap-stal-svart\/"]}]},{"@type":"ImageObject","inLanguage":"sv-SE","@id":"https:\/\/truusk.store\/sv\/produkt\/truusk-diskstall-2-niva-med-krokar-tallrikshylla-tillbehor-65-cm-for-koksskap-stal-svart\/#primaryimage","url":"https:\/\/i0.wp.com\/truusk.store\/wp-content\/uploads\/2025\/06\/diskstall-2-niva-diskstall-med-krokar-tallrikshylla-tillbehor-65-cm-diskstall-for-koksskap-stal-svart-1.webp?fit=2000%2C2000&ssl=1","contentUrl":"https:\/\/i0.wp.com\/truusk.store\/wp-content\/uploads\/2025\/06\/diskstall-2-niva-diskstall-med-krokar-tallrikshylla-tillbehor-65-cm-diskstall-for-koksskap-stal-svart-1.webp?fit=2000%2C2000&ssl=1","width":2000,"height":2000},{"@type":"BreadcrumbList","@id":"https:\/\/truusk.store\/sv\/produkt\/truusk-diskstall-2-niva-med-krokar-tallrikshylla-tillbehor-65-cm-for-koksskap-stal-svart\/#breadcrumb","itemListElement":[{"@type":"ListItem","position":1,"name":"Home","item":"https:\/\/truusk.store\/sv\/"},{"@type":"ListItem","position":2,"name":"Shop","item":"https:\/\/truusk.store\/shop\/"},{"@type":"ListItem","position":3,"name":"TRUUSK Diskst\u00e4ll 2-niv\u00e5 &#8211; Med Krokar &#8211; Tallrikshylla &#8211; Tillbeh\u00f6r &#8211; 65 Cm &#8211; F\u00f6r K\u00f6kssk\u00e5p &#8211; St\u00e5l &#8211; Svart"}]},{"@type":"WebSite","@id":"https:\/\/truusk.store\/sv\/#website","url":"https:\/\/truusk.store\/sv\/","name":"TRUUSK - Hem, Tr\u00e4dg\u00e5rd & Fritid","description":"","publisher":{"@id":"https:\/\/truusk.store\/sv\/#organization"},"potentialAction":[{"@type":"SearchAction","target":{"@type":"EntryPoint","urlTemplate":"https:\/\/truusk.store\/sv\/?s={search_term_string}"},"query-input":{"@type":"PropertyValueSpecification","valueRequired":true,"valueName":"search_term_string"}}],"inLanguage":"sv-SE"},{"@type":"Organization","@id":"https:\/\/truusk.store\/sv\/#organization","name":"TRUUSK - Hem, Tr\u00e4dg\u00e5rd & Fritid","url":"https:\/\/truusk.store\/sv\/","logo":{"@type":"ImageObject","inLanguage":"sv-SE","@id":"https:\/\/truusk.store\/sv\/#\/schema\/logo\/image\/","url":"https:\/\/i0.wp.com\/truusk.store\/wp-content\/uploads\/2026\/03\/cropped-TRUUSK.png?fit=2032%2C917&ssl=1","contentUrl":"https:\/\/i0.wp.com\/truusk.store\/wp-content\/uploads\/2026\/03\/cropped-TRUUSK.png?fit=2032%2C917&ssl=1","width":2032,"height":917,"caption":"TRUUSK - Hem, Tr\u00e4dg\u00e5rd & Fritid"},"image":{"@id":"https:\/\/truusk.store\/sv\/#\/schema\/logo\/image\/"}}]}},"jetpack_sharing_enabled":true,"_links":{"self":[{"href":"https:\/\/truusk.store\/sv\/wp-json\/wp\/v2\/product\/74503","targetHints":{"allow":["GET"]}}],"collection":[{"href":"https:\/\/truusk.store\/sv\/wp-json\/wp\/v2\/product"}],"about":[{"href":"https:\/\/truusk.store\/sv\/wp-json\/wp\/v2\/types\/product"}],"wp:featuredmedia":[{"embeddable":true,"href":"https:\/\/truusk.store\/sv\/wp-json\/wp\/v2\/media\/74494"}],"wp:attachment":[{"href":"https:\/\/truusk.store\/sv\/wp-json\/wp\/v2\/media?parent=74503"}],"wp:term":[{"taxonomy":"product_brand","embeddable":true,"href":"https:\/\/truusk.store\/sv\/wp-json\/wp\/v2\/product_brand?post=74503"},{"taxonomy":"product_cat","embeddable":true,"href":"https:\/\/truusk.store\/sv\/wp-json\/wp\/v2\/product_cat?post=74503"},{"taxonomy":"product_tag","embeddable":true,"href":"https:\/\/truusk.store\/sv\/wp-json\/wp\/v2\/product_tag?post=74503"}],"curies":[{"name":"wp","href":"https:\/\/api.w.org\/{rel}","templated":true}]}}