{"id":74533,"date":"2025-06-06T02:18:39","date_gmt":"2025-06-06T01:18:39","guid":{"rendered":"https:\/\/truusk.store\/product\/rattan-relaxstol-med-fotpall-uv-resistent-tradgardsstol-med-kuddar-band-utomhus-rattanstol-tradgardsstol-for-tradgard-balkong-terrass-naturtra\/"},"modified":"2026-03-12T08:40:53","modified_gmt":"2026-03-12T07:40:53","slug":"truusk-rattan-relaxstol-med-fotpall-uv-resistent-tradgardsstol-med-kuddar-band-utomhus-rattanstol-naturtra","status":"publish","type":"product","link":"https:\/\/truusk.store\/sv\/produkt\/truusk-rattan-relaxstol-med-fotpall-uv-resistent-tradgardsstol-med-kuddar-band-utomhus-rattanstol-naturtra\/","title":{"rendered":"TRUUSK Rattan Relaxstol med Fotpall &#8211; UV-resistent &#8211; Tr\u00e4dg\u00e5rdsstol med Kuddar &#8211; Band &#8211; Utomhus Rattanstol &#8211; Naturtr\u00e4"},"content":{"rendered":"<p>Denna eleganta rottingf\u00e5t\u00f6lj med fotpall fr\u00e5n TRUUSK f\u00f6rvandlar din utomhusmilj\u00f6 till en mysig f\u00f6rl\u00e4ngning av ditt hem. Loungestolens robusta, pulverlackerade st\u00e5lram \u00e4r omsluten av v\u00e4derbest\u00e4ndig plastrotting. Den breda tr\u00e4dg\u00e5rdsstolen med mjuk kudde lovar h\u00f6g komfort. Den b\u00f6jda st\u00e5lpallen med plastf\u00f6tter garanterar stabilitet. Idealisk f\u00f6r att skapa en inbjudande atmosf\u00e4r i din tr\u00e4dg\u00e5rd.<\/p>\n<p>Beskrivning:<\/p>\n<ul>\n<li> Stol utan armst\u00f6d och rottingfl\u00e4tad fotpall f\u00f6r avkoppling utomhus<\/li>\n<li> Extra bred sits och lutande h\u00f6g ryggst\u00f6d p\u00e5 tr\u00e4dg\u00e5rdsm\u00f6belsetet f\u00f6r \u00f6kad komfort<\/li>\n<li> En stor mjuk kudde p\u00e5 stolen, med f\u00e4stband f\u00f6r att h\u00e5lla den p\u00e5 plats<\/li>\n<li> V\u00e4derbest\u00e4ndig rund PE-rotting p\u00e5 utomhusloungen garanterar h\u00e5llbarhet och ett stilfullt utseende<\/li>\n<li> Pulverlackerad st\u00e5lram p\u00e5 balkongloungen ger en stark k\u00e4rna och fast grepp<\/li>\n<li> Fotpallbas och stol med plast\u00f6verdrag f\u00f6r stabilitet och golvskydd<\/li>\n<li> Monteringen kr\u00e4vs<\/li>\n<\/ul>\n<p> Tekniska specifikationer:<\/p>\n<ul>\n<li> F\u00e4rg: Kr\u00e4mvit+Naturtr\u00e4+Svart<\/li>\n<li> Material: St\u00e5l, PE-rotting, Polyester<\/li>\n<li> Stolens dimensioner: 65L x 93B x 80H cm<\/li>\n<li> Fotpallens dimensioner: 52B x 34T x 30H cm<\/li>\n<li> Sitsens dimensioner: 65B x 48T cm<\/li>\n<li> Sitth\u00f6jd: 37 cm<\/li>\n<li> Ryggens dimensioner: 65L x 55B cm<\/li>\n<li> Kuddens dimensioner: 112L x 65B x 4T cm<\/li>\n<li> B\u00e4rkapacitet: 120 kg<\/li>\n<\/ul>\n<p>Leveransinneh\u00e5ll:<\/p>\n<ul>\n<li> 1 x Stol<\/li>\n<li> 1 x Fotpall<\/li>\n<li> 1 x Kudde<\/li>\n<li> 1 x Manual<\/li>\n<\/ul>\n","protected":false},"excerpt":{"rendered":"<p>Denna eleganta rottingf\u00e5t\u00f6lj med fotpall fr\u00e5n TRUUSK f\u00f6rvandlar din utomhusmilj\u00f6 till en mysig f\u00f6rl\u00e4ngning av ditt hem. Loungestolens robusta, pulverlackerade&#8230;<\/p>\n","protected":false},"featured_media":74524,"template":"","meta":[],"product_brand":[],"product_cat":[858,450,452],"product_tag":[],"class_list":{"0":"post-74533","1":"product","2":"type-product","3":"status-publish","4":"has-post-thumbnail","6":"product_cat-tradgard-terrass","7":"product_cat-tradgardsmobler","8":"product_cat-tradgardsstolar","10":"first","11":"instock","12":"sale","13":"taxable","14":"shipping-taxable","15":"purchasable","16":"product-type-simple"},"yoast_head":"<!-- This site is optimized with the Yoast SEO plugin v25.4 - https:\/\/yoast.com\/wordpress\/plugins\/seo\/ -->\n<title>TRUUSK Rattan Relaxstol med Fotpall - UV-resistent - Tr\u00e4dg\u00e5rdsstol med Kuddar - Band - Utomhus Rattanstol - Naturtr\u00e4 - TRUUSK - Hem, Tr\u00e4dg\u00e5rd &amp; Fritid<\/title>\n<meta name=\"robots\" content=\"index, follow, max-snippet:-1, max-image-preview:large, max-video-preview:-1\" \/>\n<link rel=\"canonical\" href=\"https:\/\/truusk.store\/sv\/produkt\/truusk-rattan-relaxstol-med-fotpall-uv-resistent-tradgardsstol-med-kuddar-band-utomhus-rattanstol-naturtra\/\" \/>\n<meta property=\"og:locale\" content=\"sv_SE\" \/>\n<meta property=\"og:type\" content=\"article\" \/>\n<meta property=\"og:title\" content=\"TRUUSK Rattan Relaxstol med Fotpall - UV-resistent - Tr\u00e4dg\u00e5rdsstol med Kuddar - Band - Utomhus Rattanstol - Naturtr\u00e4 - TRUUSK - Hem, Tr\u00e4dg\u00e5rd &amp; Fritid\" \/>\n<meta property=\"og:description\" content=\"Denna eleganta rottingf\u00e5t\u00f6lj med fotpall fr\u00e5n TRUUSK f\u00f6rvandlar din utomhusmilj\u00f6 till en mysig f\u00f6rl\u00e4ngning av ditt hem. Loungestolens robusta, pulverlackerade...\" \/>\n<meta property=\"og:url\" content=\"https:\/\/truusk.store\/sv\/produkt\/truusk-rattan-relaxstol-med-fotpall-uv-resistent-tradgardsstol-med-kuddar-band-utomhus-rattanstol-naturtra\/\" \/>\n<meta property=\"og:site_name\" content=\"TRUUSK - Hem, Tr\u00e4dg\u00e5rd &amp; Fritid\" \/>\n<meta property=\"article:modified_time\" content=\"2026-03-12T07:40:53+00:00\" \/>\n<meta property=\"og:image\" content=\"https:\/\/i0.wp.com\/truusk.se\/wp-content\/uploads\/2025\/06\/rattan-relaxstol-med-fotpall-uv-resistent-tradgardsstol-med-kuddar-band-utomhus-rattanstol-tradgardsstol-for-tradgard-balkong-terrass-naturtra-1.webp?fit=2000%2C2000&ssl=1\" \/>\n\t<meta property=\"og:image:width\" content=\"2000\" \/>\n\t<meta property=\"og:image:height\" content=\"2000\" \/>\n\t<meta property=\"og:image:type\" content=\"image\/webp\" \/>\n<meta name=\"twitter:card\" content=\"summary_large_image\" \/>\n<meta name=\"twitter:label1\" content=\"Ber\u00e4knad l\u00e4stid\" \/>\n\t<meta name=\"twitter:data1\" content=\"1 minut\" \/>\n<!-- \/ Yoast SEO plugin. -->","yoast_head_json":{"title":"TRUUSK Rattan Relaxstol med Fotpall - UV-resistent - Tr\u00e4dg\u00e5rdsstol med Kuddar - Band - Utomhus Rattanstol - Naturtr\u00e4 - TRUUSK - Hem, Tr\u00e4dg\u00e5rd &amp; Fritid","robots":{"index":"index","follow":"follow","max-snippet":"max-snippet:-1","max-image-preview":"max-image-preview:large","max-video-preview":"max-video-preview:-1"},"canonical":"https:\/\/truusk.store\/sv\/produkt\/truusk-rattan-relaxstol-med-fotpall-uv-resistent-tradgardsstol-med-kuddar-band-utomhus-rattanstol-naturtra\/","og_locale":"sv_SE","og_type":"article","og_title":"TRUUSK Rattan Relaxstol med Fotpall - UV-resistent - Tr\u00e4dg\u00e5rdsstol med Kuddar - Band - Utomhus Rattanstol - Naturtr\u00e4 - TRUUSK - Hem, Tr\u00e4dg\u00e5rd &amp; Fritid","og_description":"Denna eleganta rottingf\u00e5t\u00f6lj med fotpall fr\u00e5n TRUUSK f\u00f6rvandlar din utomhusmilj\u00f6 till en mysig f\u00f6rl\u00e4ngning av ditt hem. Loungestolens robusta, pulverlackerade...","og_url":"https:\/\/truusk.store\/sv\/produkt\/truusk-rattan-relaxstol-med-fotpall-uv-resistent-tradgardsstol-med-kuddar-band-utomhus-rattanstol-naturtra\/","og_site_name":"TRUUSK - Hem, Tr\u00e4dg\u00e5rd &amp; Fritid","article_modified_time":"2026-03-12T07:40:53+00:00","og_image":[{"width":2000,"height":2000,"url":"https:\/\/i0.wp.com\/truusk.se\/wp-content\/uploads\/2025\/06\/rattan-relaxstol-med-fotpall-uv-resistent-tradgardsstol-med-kuddar-band-utomhus-rattanstol-tradgardsstol-for-tradgard-balkong-terrass-naturtra-1.webp?fit=2000%2C2000&ssl=1","type":"image\/webp"}],"twitter_card":"summary_large_image","twitter_misc":{"Ber\u00e4knad l\u00e4stid":"1 minut"},"schema":{"@context":"https:\/\/schema.org","@graph":[{"@type":"WebPage","@id":"https:\/\/truusk.store\/sv\/produkt\/truusk-rattan-relaxstol-med-fotpall-uv-resistent-tradgardsstol-med-kuddar-band-utomhus-rattanstol-naturtra\/","url":"https:\/\/truusk.store\/sv\/produkt\/truusk-rattan-relaxstol-med-fotpall-uv-resistent-tradgardsstol-med-kuddar-band-utomhus-rattanstol-naturtra\/","name":"TRUUSK Rattan Relaxstol med Fotpall - UV-resistent - Tr\u00e4dg\u00e5rdsstol med Kuddar - Band - Utomhus Rattanstol - Naturtr\u00e4 - TRUUSK - Hem, Tr\u00e4dg\u00e5rd &amp; Fritid","isPartOf":{"@id":"https:\/\/truusk.store\/sv\/#website"},"primaryImageOfPage":{"@id":"https:\/\/truusk.store\/sv\/produkt\/truusk-rattan-relaxstol-med-fotpall-uv-resistent-tradgardsstol-med-kuddar-band-utomhus-rattanstol-naturtra\/#primaryimage"},"image":{"@id":"https:\/\/truusk.store\/sv\/produkt\/truusk-rattan-relaxstol-med-fotpall-uv-resistent-tradgardsstol-med-kuddar-band-utomhus-rattanstol-naturtra\/#primaryimage"},"thumbnailUrl":"https:\/\/i0.wp.com\/truusk.store\/wp-content\/uploads\/2025\/06\/rattan-relaxstol-med-fotpall-uv-resistent-tradgardsstol-med-kuddar-band-utomhus-rattanstol-tradgardsstol-for-tradgard-balkong-terrass-naturtra-1.webp?fit=2000%2C2000&ssl=1","datePublished":"2025-06-06T01:18:39+00:00","dateModified":"2026-03-12T07:40:53+00:00","breadcrumb":{"@id":"https:\/\/truusk.store\/sv\/produkt\/truusk-rattan-relaxstol-med-fotpall-uv-resistent-tradgardsstol-med-kuddar-band-utomhus-rattanstol-naturtra\/#breadcrumb"},"inLanguage":"sv-SE","potentialAction":[{"@type":"ReadAction","target":["https:\/\/truusk.store\/sv\/produkt\/truusk-rattan-relaxstol-med-fotpall-uv-resistent-tradgardsstol-med-kuddar-band-utomhus-rattanstol-naturtra\/"]}]},{"@type":"ImageObject","inLanguage":"sv-SE","@id":"https:\/\/truusk.store\/sv\/produkt\/truusk-rattan-relaxstol-med-fotpall-uv-resistent-tradgardsstol-med-kuddar-band-utomhus-rattanstol-naturtra\/#primaryimage","url":"https:\/\/i0.wp.com\/truusk.store\/wp-content\/uploads\/2025\/06\/rattan-relaxstol-med-fotpall-uv-resistent-tradgardsstol-med-kuddar-band-utomhus-rattanstol-tradgardsstol-for-tradgard-balkong-terrass-naturtra-1.webp?fit=2000%2C2000&ssl=1","contentUrl":"https:\/\/i0.wp.com\/truusk.store\/wp-content\/uploads\/2025\/06\/rattan-relaxstol-med-fotpall-uv-resistent-tradgardsstol-med-kuddar-band-utomhus-rattanstol-tradgardsstol-for-tradgard-balkong-terrass-naturtra-1.webp?fit=2000%2C2000&ssl=1","width":2000,"height":2000},{"@type":"BreadcrumbList","@id":"https:\/\/truusk.store\/sv\/produkt\/truusk-rattan-relaxstol-med-fotpall-uv-resistent-tradgardsstol-med-kuddar-band-utomhus-rattanstol-naturtra\/#breadcrumb","itemListElement":[{"@type":"ListItem","position":1,"name":"Home","item":"https:\/\/truusk.store\/sv\/"},{"@type":"ListItem","position":2,"name":"Shop","item":"https:\/\/truusk.store\/shop\/"},{"@type":"ListItem","position":3,"name":"TRUUSK Rattan Relaxstol med Fotpall &#8211; UV-resistent &#8211; Tr\u00e4dg\u00e5rdsstol med Kuddar &#8211; Band &#8211; Utomhus Rattanstol &#8211; Naturtr\u00e4"}]},{"@type":"WebSite","@id":"https:\/\/truusk.store\/sv\/#website","url":"https:\/\/truusk.store\/sv\/","name":"TRUUSK - Hem, Tr\u00e4dg\u00e5rd & Fritid","description":"","publisher":{"@id":"https:\/\/truusk.store\/sv\/#organization"},"potentialAction":[{"@type":"SearchAction","target":{"@type":"EntryPoint","urlTemplate":"https:\/\/truusk.store\/sv\/?s={search_term_string}"},"query-input":{"@type":"PropertyValueSpecification","valueRequired":true,"valueName":"search_term_string"}}],"inLanguage":"sv-SE"},{"@type":"Organization","@id":"https:\/\/truusk.store\/sv\/#organization","name":"TRUUSK - Hem, Tr\u00e4dg\u00e5rd & Fritid","url":"https:\/\/truusk.store\/sv\/","logo":{"@type":"ImageObject","inLanguage":"sv-SE","@id":"https:\/\/truusk.store\/sv\/#\/schema\/logo\/image\/","url":"https:\/\/i0.wp.com\/truusk.store\/wp-content\/uploads\/2026\/03\/cropped-TRUUSK.png?fit=2032%2C917&ssl=1","contentUrl":"https:\/\/i0.wp.com\/truusk.store\/wp-content\/uploads\/2026\/03\/cropped-TRUUSK.png?fit=2032%2C917&ssl=1","width":2032,"height":917,"caption":"TRUUSK - Hem, Tr\u00e4dg\u00e5rd & Fritid"},"image":{"@id":"https:\/\/truusk.store\/sv\/#\/schema\/logo\/image\/"}}]}},"jetpack_sharing_enabled":true,"_links":{"self":[{"href":"https:\/\/truusk.store\/sv\/wp-json\/wp\/v2\/product\/74533","targetHints":{"allow":["GET"]}}],"collection":[{"href":"https:\/\/truusk.store\/sv\/wp-json\/wp\/v2\/product"}],"about":[{"href":"https:\/\/truusk.store\/sv\/wp-json\/wp\/v2\/types\/product"}],"wp:featuredmedia":[{"embeddable":true,"href":"https:\/\/truusk.store\/sv\/wp-json\/wp\/v2\/media\/74524"}],"wp:attachment":[{"href":"https:\/\/truusk.store\/sv\/wp-json\/wp\/v2\/media?parent=74533"}],"wp:term":[{"taxonomy":"product_brand","embeddable":true,"href":"https:\/\/truusk.store\/sv\/wp-json\/wp\/v2\/product_brand?post=74533"},{"taxonomy":"product_cat","embeddable":true,"href":"https:\/\/truusk.store\/sv\/wp-json\/wp\/v2\/product_cat?post=74533"},{"taxonomy":"product_tag","embeddable":true,"href":"https:\/\/truusk.store\/sv\/wp-json\/wp\/v2\/product_tag?post=74533"}],"curies":[{"name":"wp","href":"https:\/\/api.w.org\/{rel}","templated":true}]}}