{"id":74563,"date":"2025-06-06T02:21:40","date_gmt":"2025-06-06T01:21:40","guid":{"rendered":"https:\/\/truusk.store\/product\/parasoll-o300-cm-parasoll-med-handvev-monster-attkantig-balkongparasoll-strandparasoll-vindtalig-stabil-marknadsparasoll-vevparasoll-solskydd-for-strand-balkong-terrass-tradgard-gul\/"},"modified":"2026-03-12T08:41:15","modified_gmt":"2026-03-12T07:41:15","slug":"truusk-parasoll-o300-cm-handvev-monster-attkantig-vindtalig-stabil-marknadsparasoll-solskydd-for-strand-balkong","status":"publish","type":"product","link":"https:\/\/truusk.store\/sv\/produkt\/truusk-parasoll-o300-cm-handvev-monster-attkantig-vindtalig-stabil-marknadsparasoll-solskydd-for-strand-balkong\/","title":{"rendered":"TRUUSK Parasoll \u00d8300 cm &#8211; Handvev &#8211; M\u00f6nster &#8211; \u00c5ttkantig &#8211; Vindt\u00e5lig &#8211; Stabil &#8211; Marknadsparasoll &#8211; Solskydd f\u00f6r Strand, Balkong,"},"content":{"rendered":"<p> Ljusa upp din tr\u00e4dg\u00e5rd med den stiliga TRUUSK parasollen. Denna parasoll erbjuder st\u00e4nkskyddat 180 gsm polyester med eleganta interna m\u00f6nster. Den pulverlackerade aluminiumstolpen och \u00e5tta stabila metallribbor garanterar stabilitet. Det ventilerade baldakinet skyddar p\u00e5 bl\u00e5siga dagar. Den enkla lutningsfunktionen och den l\u00e4tta handveven p\u00e5 tr\u00e4dg\u00e5rdsparasollen m\u00f6jligg\u00f6r bekv\u00e4m skugga. Perfekt f\u00f6r avkopplande utomhussittning! <\/p>\n<p> Beskrivning: <\/p>\n<ul>\n<li> M\u00f6nstrad insida \u00f6kar den estetiska dragningskraften f\u00f6r stilfull skugga <\/li>\n<li> Tillverkad av 180 g\/m\u00b2 polyestertyg och st\u00e5lram <\/li>\n<li> Pulverlackerad aluminiumstolpe och \u00e5tta ribbor garanterar robust stabilitet <\/li>\n<li> Ventilerat baldakindesign som hj\u00e4lper till att h\u00e5lla det stabilt mot vinden <\/li>\n<li> Lutbart baldakin kan justeras f\u00f6r riktat solskydd <\/li>\n<li> Handvevsmekanism m\u00f6jligg\u00f6r enkel drift <\/li>\n<li> Tv\u00e5delad stolpe underl\u00e4ttar praktisk f\u00f6rvaring och transport <\/li>\n<li> Montering kr\u00e4vs <\/li>\n<\/ul>\n<p> Tekniska data: <\/p>\n<ul>\n<li> F\u00e4rg: Gul <\/li>\n<li> Material: Aluminium, Metall, Polyester <\/li>\n<li> Totala dimensioner: \u00d8294 x 247H cm <\/li>\n<li> L\u00e4gre h\u00f6jd p\u00e5 parasollen: 205 cm <\/li>\n<li> Parasollst\u00e5ngdiameter: 38 mm <\/li>\n<li> Obs: Anv\u00e4nd inte parasollen vid extremt v\u00e4der (stark vind, kraftigt regn, sn\u00f6). <\/li>\n<\/ul>\n<p> Leveransinneh\u00e5ll: <\/p>\n<ul>\n<li> 1 x Parasoll <\/li>\n<li> 1 x Bruksanvisning <\/li>\n<\/ul>\n","protected":false},"excerpt":{"rendered":"<p>Ljusa upp din tr\u00e4dg\u00e5rd med den stiliga TRUUSK parasollen. Denna parasoll erbjuder st\u00e4nkskyddat 180 gsm polyester med eleganta interna m\u00f6nster&#8230;.<\/p>\n","protected":false},"featured_media":74554,"template":"","meta":[],"product_brand":[],"product_cat":[472,862,858],"product_tag":[],"class_list":{"0":"post-74563","1":"product","2":"type-product","3":"status-publish","4":"has-post-thumbnail","6":"product_cat-parasoller","7":"product_cat-sol-insynsskydd","8":"product_cat-tradgard-terrass","10":"first","11":"instock","12":"sale","13":"taxable","14":"shipping-taxable","15":"purchasable","16":"product-type-simple"},"yoast_head":"<!-- This site is optimized with the Yoast SEO plugin v25.4 - https:\/\/yoast.com\/wordpress\/plugins\/seo\/ -->\n<title>TRUUSK Parasoll \u00d8300 cm - Handvev - M\u00f6nster - \u00c5ttkantig - Vindt\u00e5lig - Stabil - Marknadsparasoll - Solskydd f\u00f6r Strand, Balkong, - TRUUSK - Hem, Tr\u00e4dg\u00e5rd &amp; Fritid<\/title>\n<meta name=\"robots\" content=\"index, follow, max-snippet:-1, max-image-preview:large, max-video-preview:-1\" \/>\n<link rel=\"canonical\" href=\"https:\/\/truusk.store\/sv\/produkt\/truusk-parasoll-o300-cm-handvev-monster-attkantig-vindtalig-stabil-marknadsparasoll-solskydd-for-strand-balkong\/\" \/>\n<meta property=\"og:locale\" content=\"sv_SE\" \/>\n<meta property=\"og:type\" content=\"article\" \/>\n<meta property=\"og:title\" content=\"TRUUSK Parasoll \u00d8300 cm - Handvev - M\u00f6nster - \u00c5ttkantig - Vindt\u00e5lig - Stabil - Marknadsparasoll - Solskydd f\u00f6r Strand, Balkong, - TRUUSK - Hem, Tr\u00e4dg\u00e5rd &amp; Fritid\" \/>\n<meta property=\"og:description\" content=\"Ljusa upp din tr\u00e4dg\u00e5rd med den stiliga TRUUSK parasollen. Denna parasoll erbjuder st\u00e4nkskyddat 180 gsm polyester med eleganta interna m\u00f6nster....\" \/>\n<meta property=\"og:url\" content=\"https:\/\/truusk.store\/sv\/produkt\/truusk-parasoll-o300-cm-handvev-monster-attkantig-vindtalig-stabil-marknadsparasoll-solskydd-for-strand-balkong\/\" \/>\n<meta property=\"og:site_name\" content=\"TRUUSK - Hem, Tr\u00e4dg\u00e5rd &amp; Fritid\" \/>\n<meta property=\"article:modified_time\" content=\"2026-03-12T07:41:15+00:00\" \/>\n<meta property=\"og:image\" content=\"https:\/\/i0.wp.com\/truusk.se\/wp-content\/uploads\/2025\/06\/parasoll-o300-cm-parasoll-med-handvev-monster-attkantig-balkongparasoll-strandparasoll-vindtalig-stabil-marknadsparasoll-vevparasoll-solskydd-for-strand-balkong-terrass-tradgard-gul-1.webp?fit=2000%2C2000&ssl=1\" \/>\n\t<meta property=\"og:image:width\" content=\"2000\" \/>\n\t<meta property=\"og:image:height\" content=\"2000\" \/>\n\t<meta property=\"og:image:type\" content=\"image\/webp\" \/>\n<meta name=\"twitter:card\" content=\"summary_large_image\" \/>\n<meta name=\"twitter:label1\" content=\"Ber\u00e4knad l\u00e4stid\" \/>\n\t<meta name=\"twitter:data1\" content=\"1 minut\" \/>\n<!-- \/ Yoast SEO plugin. -->","yoast_head_json":{"title":"TRUUSK Parasoll \u00d8300 cm - Handvev - M\u00f6nster - \u00c5ttkantig - Vindt\u00e5lig - Stabil - Marknadsparasoll - Solskydd f\u00f6r Strand, Balkong, - TRUUSK - Hem, Tr\u00e4dg\u00e5rd &amp; Fritid","robots":{"index":"index","follow":"follow","max-snippet":"max-snippet:-1","max-image-preview":"max-image-preview:large","max-video-preview":"max-video-preview:-1"},"canonical":"https:\/\/truusk.store\/sv\/produkt\/truusk-parasoll-o300-cm-handvev-monster-attkantig-vindtalig-stabil-marknadsparasoll-solskydd-for-strand-balkong\/","og_locale":"sv_SE","og_type":"article","og_title":"TRUUSK Parasoll \u00d8300 cm - Handvev - M\u00f6nster - \u00c5ttkantig - Vindt\u00e5lig - Stabil - Marknadsparasoll - Solskydd f\u00f6r Strand, Balkong, - TRUUSK - Hem, Tr\u00e4dg\u00e5rd &amp; Fritid","og_description":"Ljusa upp din tr\u00e4dg\u00e5rd med den stiliga TRUUSK parasollen. Denna parasoll erbjuder st\u00e4nkskyddat 180 gsm polyester med eleganta interna m\u00f6nster....","og_url":"https:\/\/truusk.store\/sv\/produkt\/truusk-parasoll-o300-cm-handvev-monster-attkantig-vindtalig-stabil-marknadsparasoll-solskydd-for-strand-balkong\/","og_site_name":"TRUUSK - Hem, Tr\u00e4dg\u00e5rd &amp; Fritid","article_modified_time":"2026-03-12T07:41:15+00:00","og_image":[{"width":2000,"height":2000,"url":"https:\/\/i0.wp.com\/truusk.se\/wp-content\/uploads\/2025\/06\/parasoll-o300-cm-parasoll-med-handvev-monster-attkantig-balkongparasoll-strandparasoll-vindtalig-stabil-marknadsparasoll-vevparasoll-solskydd-for-strand-balkong-terrass-tradgard-gul-1.webp?fit=2000%2C2000&ssl=1","type":"image\/webp"}],"twitter_card":"summary_large_image","twitter_misc":{"Ber\u00e4knad l\u00e4stid":"1 minut"},"schema":{"@context":"https:\/\/schema.org","@graph":[{"@type":"WebPage","@id":"https:\/\/truusk.store\/sv\/produkt\/truusk-parasoll-o300-cm-handvev-monster-attkantig-vindtalig-stabil-marknadsparasoll-solskydd-for-strand-balkong\/","url":"https:\/\/truusk.store\/sv\/produkt\/truusk-parasoll-o300-cm-handvev-monster-attkantig-vindtalig-stabil-marknadsparasoll-solskydd-for-strand-balkong\/","name":"TRUUSK Parasoll \u00d8300 cm - Handvev - M\u00f6nster - \u00c5ttkantig - Vindt\u00e5lig - Stabil - Marknadsparasoll - Solskydd f\u00f6r Strand, Balkong, - TRUUSK - Hem, Tr\u00e4dg\u00e5rd &amp; Fritid","isPartOf":{"@id":"https:\/\/truusk.store\/sv\/#website"},"primaryImageOfPage":{"@id":"https:\/\/truusk.store\/sv\/produkt\/truusk-parasoll-o300-cm-handvev-monster-attkantig-vindtalig-stabil-marknadsparasoll-solskydd-for-strand-balkong\/#primaryimage"},"image":{"@id":"https:\/\/truusk.store\/sv\/produkt\/truusk-parasoll-o300-cm-handvev-monster-attkantig-vindtalig-stabil-marknadsparasoll-solskydd-for-strand-balkong\/#primaryimage"},"thumbnailUrl":"https:\/\/i0.wp.com\/truusk.store\/wp-content\/uploads\/2025\/06\/parasoll-o300-cm-parasoll-med-handvev-monster-attkantig-balkongparasoll-strandparasoll-vindtalig-stabil-marknadsparasoll-vevparasoll-solskydd-for-strand-balkong-terrass-tradgard-gul-1.webp?fit=2000%2C2000&ssl=1","datePublished":"2025-06-06T01:21:40+00:00","dateModified":"2026-03-12T07:41:15+00:00","breadcrumb":{"@id":"https:\/\/truusk.store\/sv\/produkt\/truusk-parasoll-o300-cm-handvev-monster-attkantig-vindtalig-stabil-marknadsparasoll-solskydd-for-strand-balkong\/#breadcrumb"},"inLanguage":"sv-SE","potentialAction":[{"@type":"ReadAction","target":["https:\/\/truusk.store\/sv\/produkt\/truusk-parasoll-o300-cm-handvev-monster-attkantig-vindtalig-stabil-marknadsparasoll-solskydd-for-strand-balkong\/"]}]},{"@type":"ImageObject","inLanguage":"sv-SE","@id":"https:\/\/truusk.store\/sv\/produkt\/truusk-parasoll-o300-cm-handvev-monster-attkantig-vindtalig-stabil-marknadsparasoll-solskydd-for-strand-balkong\/#primaryimage","url":"https:\/\/i0.wp.com\/truusk.store\/wp-content\/uploads\/2025\/06\/parasoll-o300-cm-parasoll-med-handvev-monster-attkantig-balkongparasoll-strandparasoll-vindtalig-stabil-marknadsparasoll-vevparasoll-solskydd-for-strand-balkong-terrass-tradgard-gul-1.webp?fit=2000%2C2000&ssl=1","contentUrl":"https:\/\/i0.wp.com\/truusk.store\/wp-content\/uploads\/2025\/06\/parasoll-o300-cm-parasoll-med-handvev-monster-attkantig-balkongparasoll-strandparasoll-vindtalig-stabil-marknadsparasoll-vevparasoll-solskydd-for-strand-balkong-terrass-tradgard-gul-1.webp?fit=2000%2C2000&ssl=1","width":2000,"height":2000},{"@type":"BreadcrumbList","@id":"https:\/\/truusk.store\/sv\/produkt\/truusk-parasoll-o300-cm-handvev-monster-attkantig-vindtalig-stabil-marknadsparasoll-solskydd-for-strand-balkong\/#breadcrumb","itemListElement":[{"@type":"ListItem","position":1,"name":"Home","item":"https:\/\/truusk.store\/sv\/"},{"@type":"ListItem","position":2,"name":"Shop","item":"https:\/\/truusk.store\/shop\/"},{"@type":"ListItem","position":3,"name":"TRUUSK Parasoll \u00d8300 cm &#8211; Handvev &#8211; M\u00f6nster &#8211; \u00c5ttkantig &#8211; Vindt\u00e5lig &#8211; Stabil &#8211; Marknadsparasoll &#8211; Solskydd f\u00f6r Strand, Balkong,"}]},{"@type":"WebSite","@id":"https:\/\/truusk.store\/sv\/#website","url":"https:\/\/truusk.store\/sv\/","name":"TRUUSK - Hem, Tr\u00e4dg\u00e5rd & Fritid","description":"","publisher":{"@id":"https:\/\/truusk.store\/sv\/#organization"},"potentialAction":[{"@type":"SearchAction","target":{"@type":"EntryPoint","urlTemplate":"https:\/\/truusk.store\/sv\/?s={search_term_string}"},"query-input":{"@type":"PropertyValueSpecification","valueRequired":true,"valueName":"search_term_string"}}],"inLanguage":"sv-SE"},{"@type":"Organization","@id":"https:\/\/truusk.store\/sv\/#organization","name":"TRUUSK - Hem, Tr\u00e4dg\u00e5rd & Fritid","url":"https:\/\/truusk.store\/sv\/","logo":{"@type":"ImageObject","inLanguage":"sv-SE","@id":"https:\/\/truusk.store\/sv\/#\/schema\/logo\/image\/","url":"https:\/\/i0.wp.com\/truusk.store\/wp-content\/uploads\/2026\/03\/cropped-TRUUSK.png?fit=2032%2C917&ssl=1","contentUrl":"https:\/\/i0.wp.com\/truusk.store\/wp-content\/uploads\/2026\/03\/cropped-TRUUSK.png?fit=2032%2C917&ssl=1","width":2032,"height":917,"caption":"TRUUSK - Hem, Tr\u00e4dg\u00e5rd & Fritid"},"image":{"@id":"https:\/\/truusk.store\/sv\/#\/schema\/logo\/image\/"}}]}},"jetpack_sharing_enabled":true,"_links":{"self":[{"href":"https:\/\/truusk.store\/sv\/wp-json\/wp\/v2\/product\/74563","targetHints":{"allow":["GET"]}}],"collection":[{"href":"https:\/\/truusk.store\/sv\/wp-json\/wp\/v2\/product"}],"about":[{"href":"https:\/\/truusk.store\/sv\/wp-json\/wp\/v2\/types\/product"}],"wp:featuredmedia":[{"embeddable":true,"href":"https:\/\/truusk.store\/sv\/wp-json\/wp\/v2\/media\/74554"}],"wp:attachment":[{"href":"https:\/\/truusk.store\/sv\/wp-json\/wp\/v2\/media?parent=74563"}],"wp:term":[{"taxonomy":"product_brand","embeddable":true,"href":"https:\/\/truusk.store\/sv\/wp-json\/wp\/v2\/product_brand?post=74563"},{"taxonomy":"product_cat","embeddable":true,"href":"https:\/\/truusk.store\/sv\/wp-json\/wp\/v2\/product_cat?post=74563"},{"taxonomy":"product_tag","embeddable":true,"href":"https:\/\/truusk.store\/sv\/wp-json\/wp\/v2\/product_tag?post=74563"}],"curies":[{"name":"wp","href":"https:\/\/api.w.org\/{rel}","templated":true}]}}