{"id":7457,"date":"2024-02-13T08:52:17","date_gmt":"2024-02-13T07:52:17","guid":{"rendered":"https:\/\/truusk.store\/product\/skrivbordsorganisator-forvaringslada-bro-box-organisation-2-lador-natur-l33-x-b205-x-h155-cm\/"},"modified":"2026-03-12T08:55:34","modified_gmt":"2026-03-12T07:55:34","slug":"truusk-skrivbordsorganisator-forvaringslada-med-2-lador-natur-l33-x-b205-x-h155-cm","status":"publish","type":"product","link":"https:\/\/truusk.store\/sv\/produkt\/truusk-skrivbordsorganisator-forvaringslada-med-2-lador-natur-l33-x-b205-x-h155-cm\/","title":{"rendered":"TRUUSK Skrivbordsorganisator &#8211; F\u00f6rvaringsl\u00e5da med 2 l\u00e5dor &#8211; Natur &#8211; L33 x B20,5 x H15,5 cm"},"content":{"rendered":"<p>\u00c4ntligen st\u00e4dat! H\u00e5ll ditt skrivbord snyggt med denna praktiska arrang\u00f6r. Tack vare 2 stora l\u00e5dor och 7 fack hittar allt kontorsmaterial sin plats h\u00e4r och kan snabbt hittas igen n\u00e4r det beh\u00f6vs. Bambu \u00e4r en robust naturprodukt och tack vare det h\u00f6gkvalitativa utf\u00f6rande \u00e4r organisat\u00f6ren s\u00e4rskilt h\u00e5llbar. Den naturliga bambuf\u00e4rgen ger en hemtrevlig och modern design. Organizern \u00e4r idealisk som present till kaos\u00e4lskare eller f\u00f6r att h\u00e5lla ordning p\u00e5 ditt eget skrivbord.<\/p>\n<h3>Beskrivning:<\/h3>\n<ul>\n<li>Mysig och modern design<\/li>\n<li>Hj\u00e4lper bara till att h\u00e5lla ordning och reda<\/li>\n<li>2 stora l\u00e5dor och 7 fack ger gott om f\u00f6rvaringsutrymme<\/li>\n<li>Tillverkad av naturlig bambu<\/li>\n<\/ul>\n<h3>Teknisk data:<\/h3>\n<ul>\n<li>F\u00e4rg: Natural Bamboo Color<\/li>\n<li>Material: Bambu<\/li>\n<li>\u00d6vergripande m\u00e5tt: L33 x B20,5 x H15,5 cm<\/li>\n<li>M\u00e5tt l\u00e5da: L10 x B19 x H4 cm<\/li>\n<li>Vikt: 2,1 kg<\/li>\n<li>Lastkapacitet: 3 kg<\/li>\n<\/ul>\n<h3>Leveransens omfattning:<\/h3>\n<ul>\n<li>1 x Skrivbordsorganisator;<\/li>\n<\/ul>\n","protected":false},"excerpt":{"rendered":"<p>\u00c4ntligen st\u00e4dat! H\u00e5ll ditt skrivbord snyggt med denna praktiska arrang\u00f6r. Tack vare 2 stora l\u00e5dor och 7 fack hittar allt&#8230;<\/p>\n","protected":false},"featured_media":7458,"template":"","meta":[],"product_brand":[],"product_cat":[485,497],"product_tag":[],"class_list":{"0":"post-7457","1":"product","2":"type-product","3":"status-publish","4":"has-post-thumbnail","6":"product_cat-hus-bo","7":"product_cat-kontorsmaterial","9":"first","10":"instock","11":"sale","12":"taxable","13":"shipping-taxable","14":"purchasable","15":"product-type-simple"},"yoast_head":"<!-- This site is optimized with the Yoast SEO plugin v25.4 - https:\/\/yoast.com\/wordpress\/plugins\/seo\/ -->\n<title>TRUUSK Skrivbordsorganisator - F\u00f6rvaringsl\u00e5da med 2 l\u00e5dor - Natur - L33 x B20,5 x H15,5 cm - TRUUSK - Hem, Tr\u00e4dg\u00e5rd &amp; Fritid<\/title>\n<meta name=\"robots\" content=\"index, follow, max-snippet:-1, max-image-preview:large, max-video-preview:-1\" \/>\n<link rel=\"canonical\" href=\"https:\/\/truusk.store\/sv\/produkt\/truusk-skrivbordsorganisator-forvaringslada-med-2-lador-natur-l33-x-b205-x-h155-cm\/\" \/>\n<meta property=\"og:locale\" content=\"sv_SE\" \/>\n<meta property=\"og:type\" content=\"article\" \/>\n<meta property=\"og:title\" content=\"TRUUSK Skrivbordsorganisator - F\u00f6rvaringsl\u00e5da med 2 l\u00e5dor - Natur - L33 x B20,5 x H15,5 cm - TRUUSK - Hem, Tr\u00e4dg\u00e5rd &amp; Fritid\" \/>\n<meta property=\"og:description\" content=\"\u00c4ntligen st\u00e4dat! H\u00e5ll ditt skrivbord snyggt med denna praktiska arrang\u00f6r. Tack vare 2 stora l\u00e5dor och 7 fack hittar allt...\" \/>\n<meta property=\"og:url\" content=\"https:\/\/truusk.store\/sv\/produkt\/truusk-skrivbordsorganisator-forvaringslada-med-2-lador-natur-l33-x-b205-x-h155-cm\/\" \/>\n<meta property=\"og:site_name\" content=\"TRUUSK - Hem, Tr\u00e4dg\u00e5rd &amp; Fritid\" \/>\n<meta property=\"article:modified_time\" content=\"2026-03-12T07:55:34+00:00\" \/>\n<meta property=\"og:image\" content=\"https:\/\/i0.wp.com\/truusk.se\/wp-content\/uploads\/2024\/02\/skrivbordsorganisator-forvaringslada-bro-box-organisation-2-lador-natur-l33-x-b205-x-h155-cm.webp?fit=800%2C800&ssl=1\" \/>\n\t<meta property=\"og:image:width\" content=\"800\" \/>\n\t<meta property=\"og:image:height\" content=\"800\" \/>\n\t<meta property=\"og:image:type\" content=\"image\/webp\" \/>\n<meta name=\"twitter:card\" content=\"summary_large_image\" \/>\n<meta name=\"twitter:label1\" content=\"Ber\u00e4knad l\u00e4stid\" \/>\n\t<meta name=\"twitter:data1\" content=\"1 minut\" \/>\n<!-- \/ Yoast SEO plugin. -->","yoast_head_json":{"title":"TRUUSK Skrivbordsorganisator - F\u00f6rvaringsl\u00e5da med 2 l\u00e5dor - Natur - L33 x B20,5 x H15,5 cm - TRUUSK - Hem, Tr\u00e4dg\u00e5rd &amp; Fritid","robots":{"index":"index","follow":"follow","max-snippet":"max-snippet:-1","max-image-preview":"max-image-preview:large","max-video-preview":"max-video-preview:-1"},"canonical":"https:\/\/truusk.store\/sv\/produkt\/truusk-skrivbordsorganisator-forvaringslada-med-2-lador-natur-l33-x-b205-x-h155-cm\/","og_locale":"sv_SE","og_type":"article","og_title":"TRUUSK Skrivbordsorganisator - F\u00f6rvaringsl\u00e5da med 2 l\u00e5dor - Natur - L33 x B20,5 x H15,5 cm - TRUUSK - Hem, Tr\u00e4dg\u00e5rd &amp; Fritid","og_description":"\u00c4ntligen st\u00e4dat! H\u00e5ll ditt skrivbord snyggt med denna praktiska arrang\u00f6r. Tack vare 2 stora l\u00e5dor och 7 fack hittar allt...","og_url":"https:\/\/truusk.store\/sv\/produkt\/truusk-skrivbordsorganisator-forvaringslada-med-2-lador-natur-l33-x-b205-x-h155-cm\/","og_site_name":"TRUUSK - Hem, Tr\u00e4dg\u00e5rd &amp; Fritid","article_modified_time":"2026-03-12T07:55:34+00:00","og_image":[{"width":800,"height":800,"url":"https:\/\/i0.wp.com\/truusk.se\/wp-content\/uploads\/2024\/02\/skrivbordsorganisator-forvaringslada-bro-box-organisation-2-lador-natur-l33-x-b205-x-h155-cm.webp?fit=800%2C800&ssl=1","type":"image\/webp"}],"twitter_card":"summary_large_image","twitter_misc":{"Ber\u00e4knad l\u00e4stid":"1 minut"},"schema":{"@context":"https:\/\/schema.org","@graph":[{"@type":"WebPage","@id":"https:\/\/truusk.store\/sv\/produkt\/truusk-skrivbordsorganisator-forvaringslada-med-2-lador-natur-l33-x-b205-x-h155-cm\/","url":"https:\/\/truusk.store\/sv\/produkt\/truusk-skrivbordsorganisator-forvaringslada-med-2-lador-natur-l33-x-b205-x-h155-cm\/","name":"TRUUSK Skrivbordsorganisator - F\u00f6rvaringsl\u00e5da med 2 l\u00e5dor - Natur - L33 x B20,5 x H15,5 cm - TRUUSK - Hem, Tr\u00e4dg\u00e5rd &amp; Fritid","isPartOf":{"@id":"https:\/\/truusk.store\/sv\/#website"},"primaryImageOfPage":{"@id":"https:\/\/truusk.store\/sv\/produkt\/truusk-skrivbordsorganisator-forvaringslada-med-2-lador-natur-l33-x-b205-x-h155-cm\/#primaryimage"},"image":{"@id":"https:\/\/truusk.store\/sv\/produkt\/truusk-skrivbordsorganisator-forvaringslada-med-2-lador-natur-l33-x-b205-x-h155-cm\/#primaryimage"},"thumbnailUrl":"https:\/\/i0.wp.com\/truusk.store\/wp-content\/uploads\/2024\/02\/skrivbordsorganisator-forvaringslada-bro-box-organisation-2-lador-natur-l33-x-b205-x-h155-cm.webp?fit=800%2C800&ssl=1","datePublished":"2024-02-13T07:52:17+00:00","dateModified":"2026-03-12T07:55:34+00:00","breadcrumb":{"@id":"https:\/\/truusk.store\/sv\/produkt\/truusk-skrivbordsorganisator-forvaringslada-med-2-lador-natur-l33-x-b205-x-h155-cm\/#breadcrumb"},"inLanguage":"sv-SE","potentialAction":[{"@type":"ReadAction","target":["https:\/\/truusk.store\/sv\/produkt\/truusk-skrivbordsorganisator-forvaringslada-med-2-lador-natur-l33-x-b205-x-h155-cm\/"]}]},{"@type":"ImageObject","inLanguage":"sv-SE","@id":"https:\/\/truusk.store\/sv\/produkt\/truusk-skrivbordsorganisator-forvaringslada-med-2-lador-natur-l33-x-b205-x-h155-cm\/#primaryimage","url":"https:\/\/i0.wp.com\/truusk.store\/wp-content\/uploads\/2024\/02\/skrivbordsorganisator-forvaringslada-bro-box-organisation-2-lador-natur-l33-x-b205-x-h155-cm.webp?fit=800%2C800&ssl=1","contentUrl":"https:\/\/i0.wp.com\/truusk.store\/wp-content\/uploads\/2024\/02\/skrivbordsorganisator-forvaringslada-bro-box-organisation-2-lador-natur-l33-x-b205-x-h155-cm.webp?fit=800%2C800&ssl=1","width":800,"height":800,"caption":"Skrivbordsorganisator F\u00f6rvaringsl\u00e5da Bro Box Organisation 2 L\u00e5dor Natur L33 X B20,5 X H15,5 Cm 1"},{"@type":"BreadcrumbList","@id":"https:\/\/truusk.store\/sv\/produkt\/truusk-skrivbordsorganisator-forvaringslada-med-2-lador-natur-l33-x-b205-x-h155-cm\/#breadcrumb","itemListElement":[{"@type":"ListItem","position":1,"name":"Home","item":"https:\/\/truusk.store\/sv\/"},{"@type":"ListItem","position":2,"name":"Shop","item":"https:\/\/truusk.store\/shop\/"},{"@type":"ListItem","position":3,"name":"TRUUSK Skrivbordsorganisator &#8211; F\u00f6rvaringsl\u00e5da med 2 l\u00e5dor &#8211; Natur &#8211; L33 x B20,5 x H15,5 cm"}]},{"@type":"WebSite","@id":"https:\/\/truusk.store\/sv\/#website","url":"https:\/\/truusk.store\/sv\/","name":"TRUUSK - Hem, Tr\u00e4dg\u00e5rd & Fritid","description":"","publisher":{"@id":"https:\/\/truusk.store\/sv\/#organization"},"potentialAction":[{"@type":"SearchAction","target":{"@type":"EntryPoint","urlTemplate":"https:\/\/truusk.store\/sv\/?s={search_term_string}"},"query-input":{"@type":"PropertyValueSpecification","valueRequired":true,"valueName":"search_term_string"}}],"inLanguage":"sv-SE"},{"@type":"Organization","@id":"https:\/\/truusk.store\/sv\/#organization","name":"TRUUSK - Hem, Tr\u00e4dg\u00e5rd & Fritid","url":"https:\/\/truusk.store\/sv\/","logo":{"@type":"ImageObject","inLanguage":"sv-SE","@id":"https:\/\/truusk.store\/sv\/#\/schema\/logo\/image\/","url":"https:\/\/i0.wp.com\/truusk.store\/wp-content\/uploads\/2026\/03\/cropped-TRUUSK.png?fit=2032%2C917&ssl=1","contentUrl":"https:\/\/i0.wp.com\/truusk.store\/wp-content\/uploads\/2026\/03\/cropped-TRUUSK.png?fit=2032%2C917&ssl=1","width":2032,"height":917,"caption":"TRUUSK - Hem, Tr\u00e4dg\u00e5rd & Fritid"},"image":{"@id":"https:\/\/truusk.store\/sv\/#\/schema\/logo\/image\/"}}]}},"jetpack_sharing_enabled":true,"_links":{"self":[{"href":"https:\/\/truusk.store\/sv\/wp-json\/wp\/v2\/product\/7457","targetHints":{"allow":["GET"]}}],"collection":[{"href":"https:\/\/truusk.store\/sv\/wp-json\/wp\/v2\/product"}],"about":[{"href":"https:\/\/truusk.store\/sv\/wp-json\/wp\/v2\/types\/product"}],"wp:featuredmedia":[{"embeddable":true,"href":"https:\/\/truusk.store\/sv\/wp-json\/wp\/v2\/media\/7458"}],"wp:attachment":[{"href":"https:\/\/truusk.store\/sv\/wp-json\/wp\/v2\/media?parent=7457"}],"wp:term":[{"taxonomy":"product_brand","embeddable":true,"href":"https:\/\/truusk.store\/sv\/wp-json\/wp\/v2\/product_brand?post=7457"},{"taxonomy":"product_cat","embeddable":true,"href":"https:\/\/truusk.store\/sv\/wp-json\/wp\/v2\/product_cat?post=7457"},{"taxonomy":"product_tag","embeddable":true,"href":"https:\/\/truusk.store\/sv\/wp-json\/wp\/v2\/product_tag?post=7457"}],"curies":[{"name":"wp","href":"https:\/\/api.w.org\/{rel}","templated":true}]}}