{"id":74613,"date":"2025-06-06T02:26:41","date_gmt":"2025-06-06T01:26:41","guid":{"rendered":"https:\/\/truusk.store\/product\/tradgardsbord-i-tra-175x80-cm-vaderbestandigt-balkongbord-med-parasollhal-buffebord-campingbord-for-6-personer-terrassbord-utomhus-matbord-for-tradgard-terrass-balkong-brun\/"},"modified":"2026-03-12T08:43:19","modified_gmt":"2026-03-12T07:43:19","slug":"truusk-tradgardsbord-i-tra-175x80-cm-vaderbestandigt-med-parasollhal-buffebord-for-6-personer-utomhus-matbord-for-tradgard","status":"publish","type":"product","link":"https:\/\/truusk.store\/sv\/produkt\/truusk-tradgardsbord-i-tra-175x80-cm-vaderbestandigt-med-parasollhal-buffebord-for-6-personer-utomhus-matbord-for-tradgard\/","title":{"rendered":"TRUUSK Tr\u00e4dg\u00e5rdsbord i tr\u00e4 175&#215;80 cm &#8211; V\u00e4derbest\u00e4ndigt med parasollh\u00e5l &#8211; Buff\u00e9bord f\u00f6r 6 personer &#8211; Utomhus matbord f\u00f6r tr\u00e4dg\u00e5rd,"},"content":{"rendered":"<p>Tr\u00e4ffa vid TRUUSK tr\u00e4dg\u00e5rdsbord med parasollh\u00e5l, perfekt f\u00f6r 6 personer. Med en bordsskiva av gran och en stabil st\u00e5lram, erbjuder det v\u00e4derbest\u00e4ndiga tr\u00e4dg\u00e5rdsbordet l\u00e5ngvarig utomhusskoj. Justerbara fotdynor och ett 5 cm parasollh\u00e5l i terrassbordet \u00f6kar flexibiliteten och komforten vid varje m\u00e5ltid under solen.<\/p>\n<p>Beskrivning:<\/p>\n<ul>\n<li> Terrassbordet rymmer upp till sex personer vid familje- och v\u00e4ntr\u00e4ffar<\/li>\n<li> Bordsskivan av gran \u00e4r m\u00e5lad med utomhusf\u00e4rg f\u00f6r h\u00e5llbarhet<\/li>\n<li> St\u00e5lram med pulverlack \u00e4r rostbest\u00e4ndig<\/li>\n<li> Det solida benstrukturen p\u00e5 tr\u00e4dg\u00e5rdsbordet har justerbara fotdynor f\u00f6r stabilitet<\/li>\n<li> Inneh\u00e5ller ett 5 cm stort parasollh\u00e5l, kompatibelt med de flesta solparasoller<\/li>\n<li> Ribbkonstruktionen p\u00e5 det lilla tr\u00e4dg\u00e5rdsbordet f\u00f6rhindrar vattenansamlingar och underl\u00e4ttar underh\u00e5llet<\/li>\n<li> Tr\u00e4stilen l\u00e4gger till naturlig sk\u00f6nhet i inomhus- och utomhusomr\u00e5den<\/li>\n<li> Montering kr\u00e4vs<\/li>\n<\/ul>\n<p> Tekniska data:<\/p>\n<ul>\n<li> F\u00e4rg: Brun+Svart<\/li>\n<li> Material: St\u00e5l, Gran<\/li>\n<li> Totala dimensioner: 175L x 80B x 75H cm<\/li>\n<li> Parasollh\u00e5l: 5 cm<\/li>\n<li> Maximal belastning: 50 kg<\/li>\n<\/ul>\n<p>Leveransinneh\u00e5ll:<\/p>\n<ul>\n<li> 1 x Bord<\/li>\n<li> 1 x Handbok<\/li>\n<\/ul>\n","protected":false},"excerpt":{"rendered":"<p>Tr\u00e4ffa vid TRUUSK tr\u00e4dg\u00e5rdsbord med parasollh\u00e5l, perfekt f\u00f6r 6 personer. Med en bordsskiva av gran och en stabil st\u00e5lram, erbjuder&#8230;<\/p>\n","protected":false},"featured_media":74604,"template":"","meta":[],"product_brand":[],"product_cat":[858,457,450],"product_tag":[],"class_list":{"0":"post-74613","1":"product","2":"type-product","3":"status-publish","4":"has-post-thumbnail","6":"product_cat-tradgard-terrass","7":"product_cat-tradgardsbord","8":"product_cat-tradgardsmobler","10":"first","11":"instock","12":"sale","13":"taxable","14":"shipping-taxable","15":"purchasable","16":"product-type-simple"},"yoast_head":"<!-- This site is optimized with the Yoast SEO plugin v25.4 - https:\/\/yoast.com\/wordpress\/plugins\/seo\/ -->\n<title>TRUUSK Tr\u00e4dg\u00e5rdsbord i tr\u00e4 175x80 cm - V\u00e4derbest\u00e4ndigt med parasollh\u00e5l - Buff\u00e9bord f\u00f6r 6 personer - Utomhus matbord f\u00f6r tr\u00e4dg\u00e5rd, - TRUUSK - Hem, Tr\u00e4dg\u00e5rd &amp; Fritid<\/title>\n<meta name=\"robots\" content=\"index, follow, max-snippet:-1, max-image-preview:large, max-video-preview:-1\" \/>\n<link rel=\"canonical\" href=\"https:\/\/truusk.store\/sv\/produkt\/truusk-tradgardsbord-i-tra-175x80-cm-vaderbestandigt-med-parasollhal-buffebord-for-6-personer-utomhus-matbord-for-tradgard\/\" \/>\n<meta property=\"og:locale\" content=\"sv_SE\" \/>\n<meta property=\"og:type\" content=\"article\" \/>\n<meta property=\"og:title\" content=\"TRUUSK Tr\u00e4dg\u00e5rdsbord i tr\u00e4 175x80 cm - V\u00e4derbest\u00e4ndigt med parasollh\u00e5l - Buff\u00e9bord f\u00f6r 6 personer - Utomhus matbord f\u00f6r tr\u00e4dg\u00e5rd, - TRUUSK - Hem, Tr\u00e4dg\u00e5rd &amp; Fritid\" \/>\n<meta property=\"og:description\" content=\"Tr\u00e4ffa vid TRUUSK tr\u00e4dg\u00e5rdsbord med parasollh\u00e5l, perfekt f\u00f6r 6 personer. Med en bordsskiva av gran och en stabil st\u00e5lram, erbjuder...\" \/>\n<meta property=\"og:url\" content=\"https:\/\/truusk.store\/sv\/produkt\/truusk-tradgardsbord-i-tra-175x80-cm-vaderbestandigt-med-parasollhal-buffebord-for-6-personer-utomhus-matbord-for-tradgard\/\" \/>\n<meta property=\"og:site_name\" content=\"TRUUSK - Hem, Tr\u00e4dg\u00e5rd &amp; Fritid\" \/>\n<meta property=\"article:modified_time\" content=\"2026-03-12T07:43:19+00:00\" \/>\n<meta property=\"og:image\" content=\"https:\/\/i0.wp.com\/truusk.se\/wp-content\/uploads\/2025\/06\/tradgardsbord-i-tra-175x80-cm-vaderbestandigt-balkongbord-med-parasollhal-buffebord-campingbord-for-6-personer-terrassbord-utomhus-matbord-for-tradgard-terrass-balkong-brun-1.webp?fit=2000%2C2000&ssl=1\" \/>\n\t<meta property=\"og:image:width\" content=\"2000\" \/>\n\t<meta property=\"og:image:height\" content=\"2000\" \/>\n\t<meta property=\"og:image:type\" content=\"image\/webp\" \/>\n<meta name=\"twitter:card\" content=\"summary_large_image\" \/>\n<meta name=\"twitter:label1\" content=\"Ber\u00e4knad l\u00e4stid\" \/>\n\t<meta name=\"twitter:data1\" content=\"1 minut\" \/>\n<!-- \/ Yoast SEO plugin. -->","yoast_head_json":{"title":"TRUUSK Tr\u00e4dg\u00e5rdsbord i tr\u00e4 175x80 cm - V\u00e4derbest\u00e4ndigt med parasollh\u00e5l - Buff\u00e9bord f\u00f6r 6 personer - Utomhus matbord f\u00f6r tr\u00e4dg\u00e5rd, - TRUUSK - Hem, Tr\u00e4dg\u00e5rd &amp; Fritid","robots":{"index":"index","follow":"follow","max-snippet":"max-snippet:-1","max-image-preview":"max-image-preview:large","max-video-preview":"max-video-preview:-1"},"canonical":"https:\/\/truusk.store\/sv\/produkt\/truusk-tradgardsbord-i-tra-175x80-cm-vaderbestandigt-med-parasollhal-buffebord-for-6-personer-utomhus-matbord-for-tradgard\/","og_locale":"sv_SE","og_type":"article","og_title":"TRUUSK Tr\u00e4dg\u00e5rdsbord i tr\u00e4 175x80 cm - V\u00e4derbest\u00e4ndigt med parasollh\u00e5l - Buff\u00e9bord f\u00f6r 6 personer - Utomhus matbord f\u00f6r tr\u00e4dg\u00e5rd, - TRUUSK - Hem, Tr\u00e4dg\u00e5rd &amp; Fritid","og_description":"Tr\u00e4ffa vid TRUUSK tr\u00e4dg\u00e5rdsbord med parasollh\u00e5l, perfekt f\u00f6r 6 personer. Med en bordsskiva av gran och en stabil st\u00e5lram, erbjuder...","og_url":"https:\/\/truusk.store\/sv\/produkt\/truusk-tradgardsbord-i-tra-175x80-cm-vaderbestandigt-med-parasollhal-buffebord-for-6-personer-utomhus-matbord-for-tradgard\/","og_site_name":"TRUUSK - Hem, Tr\u00e4dg\u00e5rd &amp; Fritid","article_modified_time":"2026-03-12T07:43:19+00:00","og_image":[{"width":2000,"height":2000,"url":"https:\/\/i0.wp.com\/truusk.se\/wp-content\/uploads\/2025\/06\/tradgardsbord-i-tra-175x80-cm-vaderbestandigt-balkongbord-med-parasollhal-buffebord-campingbord-for-6-personer-terrassbord-utomhus-matbord-for-tradgard-terrass-balkong-brun-1.webp?fit=2000%2C2000&ssl=1","type":"image\/webp"}],"twitter_card":"summary_large_image","twitter_misc":{"Ber\u00e4knad l\u00e4stid":"1 minut"},"schema":{"@context":"https:\/\/schema.org","@graph":[{"@type":"WebPage","@id":"https:\/\/truusk.store\/sv\/produkt\/truusk-tradgardsbord-i-tra-175x80-cm-vaderbestandigt-med-parasollhal-buffebord-for-6-personer-utomhus-matbord-for-tradgard\/","url":"https:\/\/truusk.store\/sv\/produkt\/truusk-tradgardsbord-i-tra-175x80-cm-vaderbestandigt-med-parasollhal-buffebord-for-6-personer-utomhus-matbord-for-tradgard\/","name":"TRUUSK Tr\u00e4dg\u00e5rdsbord i tr\u00e4 175x80 cm - V\u00e4derbest\u00e4ndigt med parasollh\u00e5l - Buff\u00e9bord f\u00f6r 6 personer - Utomhus matbord f\u00f6r tr\u00e4dg\u00e5rd, - TRUUSK - Hem, Tr\u00e4dg\u00e5rd &amp; Fritid","isPartOf":{"@id":"https:\/\/truusk.store\/sv\/#website"},"primaryImageOfPage":{"@id":"https:\/\/truusk.store\/sv\/produkt\/truusk-tradgardsbord-i-tra-175x80-cm-vaderbestandigt-med-parasollhal-buffebord-for-6-personer-utomhus-matbord-for-tradgard\/#primaryimage"},"image":{"@id":"https:\/\/truusk.store\/sv\/produkt\/truusk-tradgardsbord-i-tra-175x80-cm-vaderbestandigt-med-parasollhal-buffebord-for-6-personer-utomhus-matbord-for-tradgard\/#primaryimage"},"thumbnailUrl":"https:\/\/i0.wp.com\/truusk.store\/wp-content\/uploads\/2025\/06\/tradgardsbord-i-tra-175x80-cm-vaderbestandigt-balkongbord-med-parasollhal-buffebord-campingbord-for-6-personer-terrassbord-utomhus-matbord-for-tradgard-terrass-balkong-brun-1.webp?fit=2000%2C2000&ssl=1","datePublished":"2025-06-06T01:26:41+00:00","dateModified":"2026-03-12T07:43:19+00:00","breadcrumb":{"@id":"https:\/\/truusk.store\/sv\/produkt\/truusk-tradgardsbord-i-tra-175x80-cm-vaderbestandigt-med-parasollhal-buffebord-for-6-personer-utomhus-matbord-for-tradgard\/#breadcrumb"},"inLanguage":"sv-SE","potentialAction":[{"@type":"ReadAction","target":["https:\/\/truusk.store\/sv\/produkt\/truusk-tradgardsbord-i-tra-175x80-cm-vaderbestandigt-med-parasollhal-buffebord-for-6-personer-utomhus-matbord-for-tradgard\/"]}]},{"@type":"ImageObject","inLanguage":"sv-SE","@id":"https:\/\/truusk.store\/sv\/produkt\/truusk-tradgardsbord-i-tra-175x80-cm-vaderbestandigt-med-parasollhal-buffebord-for-6-personer-utomhus-matbord-for-tradgard\/#primaryimage","url":"https:\/\/i0.wp.com\/truusk.store\/wp-content\/uploads\/2025\/06\/tradgardsbord-i-tra-175x80-cm-vaderbestandigt-balkongbord-med-parasollhal-buffebord-campingbord-for-6-personer-terrassbord-utomhus-matbord-for-tradgard-terrass-balkong-brun-1.webp?fit=2000%2C2000&ssl=1","contentUrl":"https:\/\/i0.wp.com\/truusk.store\/wp-content\/uploads\/2025\/06\/tradgardsbord-i-tra-175x80-cm-vaderbestandigt-balkongbord-med-parasollhal-buffebord-campingbord-for-6-personer-terrassbord-utomhus-matbord-for-tradgard-terrass-balkong-brun-1.webp?fit=2000%2C2000&ssl=1","width":2000,"height":2000},{"@type":"BreadcrumbList","@id":"https:\/\/truusk.store\/sv\/produkt\/truusk-tradgardsbord-i-tra-175x80-cm-vaderbestandigt-med-parasollhal-buffebord-for-6-personer-utomhus-matbord-for-tradgard\/#breadcrumb","itemListElement":[{"@type":"ListItem","position":1,"name":"Home","item":"https:\/\/truusk.store\/sv\/"},{"@type":"ListItem","position":2,"name":"Shop","item":"https:\/\/truusk.store\/shop\/"},{"@type":"ListItem","position":3,"name":"TRUUSK Tr\u00e4dg\u00e5rdsbord i tr\u00e4 175&#215;80 cm &#8211; V\u00e4derbest\u00e4ndigt med parasollh\u00e5l &#8211; Buff\u00e9bord f\u00f6r 6 personer &#8211; Utomhus matbord f\u00f6r tr\u00e4dg\u00e5rd,"}]},{"@type":"WebSite","@id":"https:\/\/truusk.store\/sv\/#website","url":"https:\/\/truusk.store\/sv\/","name":"TRUUSK - Hem, Tr\u00e4dg\u00e5rd & Fritid","description":"","publisher":{"@id":"https:\/\/truusk.store\/sv\/#organization"},"potentialAction":[{"@type":"SearchAction","target":{"@type":"EntryPoint","urlTemplate":"https:\/\/truusk.store\/sv\/?s={search_term_string}"},"query-input":{"@type":"PropertyValueSpecification","valueRequired":true,"valueName":"search_term_string"}}],"inLanguage":"sv-SE"},{"@type":"Organization","@id":"https:\/\/truusk.store\/sv\/#organization","name":"TRUUSK - Hem, Tr\u00e4dg\u00e5rd & Fritid","url":"https:\/\/truusk.store\/sv\/","logo":{"@type":"ImageObject","inLanguage":"sv-SE","@id":"https:\/\/truusk.store\/sv\/#\/schema\/logo\/image\/","url":"https:\/\/i0.wp.com\/truusk.store\/wp-content\/uploads\/2026\/03\/cropped-TRUUSK.png?fit=2032%2C917&ssl=1","contentUrl":"https:\/\/i0.wp.com\/truusk.store\/wp-content\/uploads\/2026\/03\/cropped-TRUUSK.png?fit=2032%2C917&ssl=1","width":2032,"height":917,"caption":"TRUUSK - Hem, Tr\u00e4dg\u00e5rd & Fritid"},"image":{"@id":"https:\/\/truusk.store\/sv\/#\/schema\/logo\/image\/"}}]}},"jetpack_sharing_enabled":true,"_links":{"self":[{"href":"https:\/\/truusk.store\/sv\/wp-json\/wp\/v2\/product\/74613","targetHints":{"allow":["GET"]}}],"collection":[{"href":"https:\/\/truusk.store\/sv\/wp-json\/wp\/v2\/product"}],"about":[{"href":"https:\/\/truusk.store\/sv\/wp-json\/wp\/v2\/types\/product"}],"wp:featuredmedia":[{"embeddable":true,"href":"https:\/\/truusk.store\/sv\/wp-json\/wp\/v2\/media\/74604"}],"wp:attachment":[{"href":"https:\/\/truusk.store\/sv\/wp-json\/wp\/v2\/media?parent=74613"}],"wp:term":[{"taxonomy":"product_brand","embeddable":true,"href":"https:\/\/truusk.store\/sv\/wp-json\/wp\/v2\/product_brand?post=74613"},{"taxonomy":"product_cat","embeddable":true,"href":"https:\/\/truusk.store\/sv\/wp-json\/wp\/v2\/product_cat?post=74613"},{"taxonomy":"product_tag","embeddable":true,"href":"https:\/\/truusk.store\/sv\/wp-json\/wp\/v2\/product_tag?post=74613"}],"curies":[{"name":"wp","href":"https:\/\/api.w.org\/{rel}","templated":true}]}}