{"id":74633,"date":"2025-06-06T02:28:42","date_gmt":"2025-06-06T01:28:42","guid":{"rendered":"https:\/\/truusk.store\/product\/sittkudde-120-x-47-x-95-cm-vattenavvisande-stolsdyna-med-band-huvudstod-upf50-utomhus-inomhus-sittunderlagg-sittkudde-for-hopfallbar-stol-matstol-gron\/"},"modified":"2026-03-12T08:40:59","modified_gmt":"2026-03-12T07:40:59","slug":"truusk-sittkudde-120-x-47-x-95-cm-vattenavvisande-stolsdyna-band-huvudstod-upf50-for-utomhus-inomhus-gron","status":"publish","type":"product","link":"https:\/\/truusk.store\/sv\/produkt\/truusk-sittkudde-120-x-47-x-95-cm-vattenavvisande-stolsdyna-band-huvudstod-upf50-for-utomhus-inomhus-gron\/","title":{"rendered":"TRUUSK Sittkudde 120 x 47 x 9,5 cm &#8211; Vattenavvisande Stolsdyna &#8211; Band &amp; Huvudst\u00f6d &#8211; UPF50+ &#8211; F\u00f6r Utomhus &amp; Inomhus &#8211; Gr\u00f6n"},"content":{"rendered":"<p>Upplev sann komfort med TRUUSK&#8217;s sittkudde. Se fram emot en 25D h\u00f6gdensitetsskumstol med huvudst\u00f6d och tv\u00e4ttbart dragkedjefodral. Sittkudden, utrustad med UPF50+ tyg, \u00e4r st\u00e4nks\u00e4ker och garanterar l\u00e5ngvarig vila utomhus. Fyra remmar p\u00e5 sittkudden ser till att den sitter fast och erbjuder avkoppling.<\/p>\n<p>Beskrivning:<\/p>\n<ul>\n<li> PFAS-fri C0-behandlad kudd\u00f6verdrag<\/li>\n<li> Huvuddelen av sittkudden ger extra st\u00f6d f\u00f6r \u00f6kad komfort<\/li>\n<li> Dragkedjefodralet p\u00e5 sittkudden m\u00f6jligg\u00f6r enkel borttagning f\u00f6r reng\u00f6ring<\/li>\n<li> L\u00e5ngvarig komfort med 25D h\u00f6gdensitetsskum<\/li>\n<li> UPF50+ bel\u00e4ggning skyddar mot skadliga UV-str\u00e5lar<\/li>\n<li> Vattenavvisande f\u00f6r att skydda mot spill och regn<\/li>\n<li> Fyra remmar h\u00e5ller sittkudden s\u00e4kert och f\u00f6rhindrar att den glider.<\/li>\n<\/ul>\n<p> Tekniska data:<\/p>\n<ul>\n<li> F\u00e4rg: Gr\u00f6n<\/li>\n<li> Material: Garnf\u00e4rgat tyg, skum<\/li>\n<li> Totala dimensioner: 120L x 47B x 9,5T cm<\/li>\n<li> Sittkuddens dimensioner: 47B x 48T x 9,5T cm<\/li>\n<li> Ryggkuddens dimensioner: 47B x 72H x 9,5T cm<\/li>\n<li> Huvudst\u00f6dets dimensioner: 47B x 20T x 5T cm<\/li>\n<li> L\u00e4mplig sittstorlek: 48B x 448T cm<\/li>\n<li> Ryggst\u00f6dets h\u00f6jd: 72 cm (till\u00e5tet fel 2 cm)<\/li>\n<li> Obs: Var noga med att m\u00e4ta storleken p\u00e5 dina m\u00f6bler innan du k\u00f6per f\u00f6r att s\u00e4kerst\u00e4lla att v\u00e5rt kuddset passar bra<\/li>\n<\/ul>\n<p>Leveransinneh\u00e5ll:<\/p>\n<ul>\n<li> 1 x sittkudde f\u00f6r utomhusbruk;<\/li>\n<\/ul>\n","protected":false},"excerpt":{"rendered":"<p>Upplev sann komfort med TRUUSK&#8217;s sittkudde. Se fram emot en 25D h\u00f6gdensitetsskumstol med huvudst\u00f6d och tv\u00e4ttbart dragkedjefodral. Sittkudden, utrustad med&#8230;<\/p>\n","protected":false},"featured_media":74624,"template":"","meta":[],"product_brand":[],"product_cat":[858,450,1021],"product_tag":[],"class_list":{"0":"post-74633","1":"product","2":"type-product","3":"status-publish","4":"has-post-thumbnail","6":"product_cat-tradgard-terrass","7":"product_cat-tradgardsmobler","8":"product_cat-tradgardssitskuddar","10":"first","11":"instock","12":"sale","13":"taxable","14":"shipping-taxable","15":"purchasable","16":"product-type-simple"},"yoast_head":"<!-- This site is optimized with the Yoast SEO plugin v25.4 - https:\/\/yoast.com\/wordpress\/plugins\/seo\/ -->\n<title>TRUUSK Sittkudde 120 x 47 x 9,5 cm - Vattenavvisande Stolsdyna - Band &amp; Huvudst\u00f6d - UPF50+ - F\u00f6r Utomhus &amp; Inomhus - Gr\u00f6n - TRUUSK - Hem, Tr\u00e4dg\u00e5rd &amp; Fritid<\/title>\n<meta name=\"robots\" content=\"index, follow, max-snippet:-1, max-image-preview:large, max-video-preview:-1\" \/>\n<link rel=\"canonical\" href=\"https:\/\/truusk.store\/sv\/produkt\/truusk-sittkudde-120-x-47-x-95-cm-vattenavvisande-stolsdyna-band-huvudstod-upf50-for-utomhus-inomhus-gron\/\" \/>\n<meta property=\"og:locale\" content=\"sv_SE\" \/>\n<meta property=\"og:type\" content=\"article\" \/>\n<meta property=\"og:title\" content=\"TRUUSK Sittkudde 120 x 47 x 9,5 cm - Vattenavvisande Stolsdyna - Band &amp; Huvudst\u00f6d - UPF50+ - F\u00f6r Utomhus &amp; Inomhus - Gr\u00f6n - TRUUSK - Hem, Tr\u00e4dg\u00e5rd &amp; Fritid\" \/>\n<meta property=\"og:description\" content=\"Upplev sann komfort med TRUUSK&#8217;s sittkudde. Se fram emot en 25D h\u00f6gdensitetsskumstol med huvudst\u00f6d och tv\u00e4ttbart dragkedjefodral. Sittkudden, utrustad med...\" \/>\n<meta property=\"og:url\" content=\"https:\/\/truusk.store\/sv\/produkt\/truusk-sittkudde-120-x-47-x-95-cm-vattenavvisande-stolsdyna-band-huvudstod-upf50-for-utomhus-inomhus-gron\/\" \/>\n<meta property=\"og:site_name\" content=\"TRUUSK - Hem, Tr\u00e4dg\u00e5rd &amp; Fritid\" \/>\n<meta property=\"article:modified_time\" content=\"2026-03-12T07:40:59+00:00\" \/>\n<meta property=\"og:image\" content=\"https:\/\/i0.wp.com\/truusk.se\/wp-content\/uploads\/2025\/06\/sittkudde-120-x-47-x-95-cm-vattenavvisande-stolsdyna-med-band-huvudstod-upf50-utomhus-inomhus-sittunderlagg-sittkudde-for-hopfallbar-stol-matstol-gron-1.webp?fit=2000%2C2000&ssl=1\" \/>\n\t<meta property=\"og:image:width\" content=\"2000\" \/>\n\t<meta property=\"og:image:height\" content=\"2000\" \/>\n\t<meta property=\"og:image:type\" content=\"image\/webp\" \/>\n<meta name=\"twitter:card\" content=\"summary_large_image\" \/>\n<meta name=\"twitter:label1\" content=\"Ber\u00e4knad l\u00e4stid\" \/>\n\t<meta name=\"twitter:data1\" content=\"1 minut\" \/>\n<!-- \/ Yoast SEO plugin. -->","yoast_head_json":{"title":"TRUUSK Sittkudde 120 x 47 x 9,5 cm - Vattenavvisande Stolsdyna - Band &amp; Huvudst\u00f6d - UPF50+ - F\u00f6r Utomhus &amp; Inomhus - Gr\u00f6n - TRUUSK - Hem, Tr\u00e4dg\u00e5rd &amp; Fritid","robots":{"index":"index","follow":"follow","max-snippet":"max-snippet:-1","max-image-preview":"max-image-preview:large","max-video-preview":"max-video-preview:-1"},"canonical":"https:\/\/truusk.store\/sv\/produkt\/truusk-sittkudde-120-x-47-x-95-cm-vattenavvisande-stolsdyna-band-huvudstod-upf50-for-utomhus-inomhus-gron\/","og_locale":"sv_SE","og_type":"article","og_title":"TRUUSK Sittkudde 120 x 47 x 9,5 cm - Vattenavvisande Stolsdyna - Band &amp; Huvudst\u00f6d - UPF50+ - F\u00f6r Utomhus &amp; Inomhus - Gr\u00f6n - TRUUSK - Hem, Tr\u00e4dg\u00e5rd &amp; Fritid","og_description":"Upplev sann komfort med TRUUSK&#8217;s sittkudde. Se fram emot en 25D h\u00f6gdensitetsskumstol med huvudst\u00f6d och tv\u00e4ttbart dragkedjefodral. Sittkudden, utrustad med...","og_url":"https:\/\/truusk.store\/sv\/produkt\/truusk-sittkudde-120-x-47-x-95-cm-vattenavvisande-stolsdyna-band-huvudstod-upf50-for-utomhus-inomhus-gron\/","og_site_name":"TRUUSK - Hem, Tr\u00e4dg\u00e5rd &amp; Fritid","article_modified_time":"2026-03-12T07:40:59+00:00","og_image":[{"width":2000,"height":2000,"url":"https:\/\/i0.wp.com\/truusk.se\/wp-content\/uploads\/2025\/06\/sittkudde-120-x-47-x-95-cm-vattenavvisande-stolsdyna-med-band-huvudstod-upf50-utomhus-inomhus-sittunderlagg-sittkudde-for-hopfallbar-stol-matstol-gron-1.webp?fit=2000%2C2000&ssl=1","type":"image\/webp"}],"twitter_card":"summary_large_image","twitter_misc":{"Ber\u00e4knad l\u00e4stid":"1 minut"},"schema":{"@context":"https:\/\/schema.org","@graph":[{"@type":"WebPage","@id":"https:\/\/truusk.store\/sv\/produkt\/truusk-sittkudde-120-x-47-x-95-cm-vattenavvisande-stolsdyna-band-huvudstod-upf50-for-utomhus-inomhus-gron\/","url":"https:\/\/truusk.store\/sv\/produkt\/truusk-sittkudde-120-x-47-x-95-cm-vattenavvisande-stolsdyna-band-huvudstod-upf50-for-utomhus-inomhus-gron\/","name":"TRUUSK Sittkudde 120 x 47 x 9,5 cm - Vattenavvisande Stolsdyna - Band &amp; Huvudst\u00f6d - UPF50+ - F\u00f6r Utomhus &amp; Inomhus - Gr\u00f6n - TRUUSK - Hem, Tr\u00e4dg\u00e5rd &amp; Fritid","isPartOf":{"@id":"https:\/\/truusk.store\/sv\/#website"},"primaryImageOfPage":{"@id":"https:\/\/truusk.store\/sv\/produkt\/truusk-sittkudde-120-x-47-x-95-cm-vattenavvisande-stolsdyna-band-huvudstod-upf50-for-utomhus-inomhus-gron\/#primaryimage"},"image":{"@id":"https:\/\/truusk.store\/sv\/produkt\/truusk-sittkudde-120-x-47-x-95-cm-vattenavvisande-stolsdyna-band-huvudstod-upf50-for-utomhus-inomhus-gron\/#primaryimage"},"thumbnailUrl":"https:\/\/i0.wp.com\/truusk.store\/wp-content\/uploads\/2025\/06\/sittkudde-120-x-47-x-95-cm-vattenavvisande-stolsdyna-med-band-huvudstod-upf50-utomhus-inomhus-sittunderlagg-sittkudde-for-hopfallbar-stol-matstol-gron-1.webp?fit=2000%2C2000&ssl=1","datePublished":"2025-06-06T01:28:42+00:00","dateModified":"2026-03-12T07:40:59+00:00","breadcrumb":{"@id":"https:\/\/truusk.store\/sv\/produkt\/truusk-sittkudde-120-x-47-x-95-cm-vattenavvisande-stolsdyna-band-huvudstod-upf50-for-utomhus-inomhus-gron\/#breadcrumb"},"inLanguage":"sv-SE","potentialAction":[{"@type":"ReadAction","target":["https:\/\/truusk.store\/sv\/produkt\/truusk-sittkudde-120-x-47-x-95-cm-vattenavvisande-stolsdyna-band-huvudstod-upf50-for-utomhus-inomhus-gron\/"]}]},{"@type":"ImageObject","inLanguage":"sv-SE","@id":"https:\/\/truusk.store\/sv\/produkt\/truusk-sittkudde-120-x-47-x-95-cm-vattenavvisande-stolsdyna-band-huvudstod-upf50-for-utomhus-inomhus-gron\/#primaryimage","url":"https:\/\/i0.wp.com\/truusk.store\/wp-content\/uploads\/2025\/06\/sittkudde-120-x-47-x-95-cm-vattenavvisande-stolsdyna-med-band-huvudstod-upf50-utomhus-inomhus-sittunderlagg-sittkudde-for-hopfallbar-stol-matstol-gron-1.webp?fit=2000%2C2000&ssl=1","contentUrl":"https:\/\/i0.wp.com\/truusk.store\/wp-content\/uploads\/2025\/06\/sittkudde-120-x-47-x-95-cm-vattenavvisande-stolsdyna-med-band-huvudstod-upf50-utomhus-inomhus-sittunderlagg-sittkudde-for-hopfallbar-stol-matstol-gron-1.webp?fit=2000%2C2000&ssl=1","width":2000,"height":2000},{"@type":"BreadcrumbList","@id":"https:\/\/truusk.store\/sv\/produkt\/truusk-sittkudde-120-x-47-x-95-cm-vattenavvisande-stolsdyna-band-huvudstod-upf50-for-utomhus-inomhus-gron\/#breadcrumb","itemListElement":[{"@type":"ListItem","position":1,"name":"Home","item":"https:\/\/truusk.store\/sv\/"},{"@type":"ListItem","position":2,"name":"Shop","item":"https:\/\/truusk.store\/shop\/"},{"@type":"ListItem","position":3,"name":"TRUUSK Sittkudde 120 x 47 x 9,5 cm &#8211; Vattenavvisande Stolsdyna &#8211; Band &amp; Huvudst\u00f6d &#8211; UPF50+ &#8211; F\u00f6r Utomhus &amp; Inomhus &#8211; Gr\u00f6n"}]},{"@type":"WebSite","@id":"https:\/\/truusk.store\/sv\/#website","url":"https:\/\/truusk.store\/sv\/","name":"TRUUSK - Hem, Tr\u00e4dg\u00e5rd & Fritid","description":"","publisher":{"@id":"https:\/\/truusk.store\/sv\/#organization"},"potentialAction":[{"@type":"SearchAction","target":{"@type":"EntryPoint","urlTemplate":"https:\/\/truusk.store\/sv\/?s={search_term_string}"},"query-input":{"@type":"PropertyValueSpecification","valueRequired":true,"valueName":"search_term_string"}}],"inLanguage":"sv-SE"},{"@type":"Organization","@id":"https:\/\/truusk.store\/sv\/#organization","name":"TRUUSK - Hem, Tr\u00e4dg\u00e5rd & Fritid","url":"https:\/\/truusk.store\/sv\/","logo":{"@type":"ImageObject","inLanguage":"sv-SE","@id":"https:\/\/truusk.store\/sv\/#\/schema\/logo\/image\/","url":"https:\/\/i0.wp.com\/truusk.store\/wp-content\/uploads\/2026\/03\/cropped-TRUUSK.png?fit=2032%2C917&ssl=1","contentUrl":"https:\/\/i0.wp.com\/truusk.store\/wp-content\/uploads\/2026\/03\/cropped-TRUUSK.png?fit=2032%2C917&ssl=1","width":2032,"height":917,"caption":"TRUUSK - Hem, Tr\u00e4dg\u00e5rd & Fritid"},"image":{"@id":"https:\/\/truusk.store\/sv\/#\/schema\/logo\/image\/"}}]}},"jetpack_sharing_enabled":true,"_links":{"self":[{"href":"https:\/\/truusk.store\/sv\/wp-json\/wp\/v2\/product\/74633","targetHints":{"allow":["GET"]}}],"collection":[{"href":"https:\/\/truusk.store\/sv\/wp-json\/wp\/v2\/product"}],"about":[{"href":"https:\/\/truusk.store\/sv\/wp-json\/wp\/v2\/types\/product"}],"wp:featuredmedia":[{"embeddable":true,"href":"https:\/\/truusk.store\/sv\/wp-json\/wp\/v2\/media\/74624"}],"wp:attachment":[{"href":"https:\/\/truusk.store\/sv\/wp-json\/wp\/v2\/media?parent=74633"}],"wp:term":[{"taxonomy":"product_brand","embeddable":true,"href":"https:\/\/truusk.store\/sv\/wp-json\/wp\/v2\/product_brand?post=74633"},{"taxonomy":"product_cat","embeddable":true,"href":"https:\/\/truusk.store\/sv\/wp-json\/wp\/v2\/product_cat?post=74633"},{"taxonomy":"product_tag","embeddable":true,"href":"https:\/\/truusk.store\/sv\/wp-json\/wp\/v2\/product_tag?post=74633"}],"curies":[{"name":"wp","href":"https:\/\/api.w.org\/{rel}","templated":true}]}}