{"id":74713,"date":"2025-06-06T02:36:38","date_gmt":"2025-06-06T01:36:38","guid":{"rendered":"https:\/\/truusk.store\/product\/grillpaviljong-250-x-160-x-250-cm-vattentat-tradgardspaviljong-med-dubbelskiktstak-sidohyllor-tradgardsbagar-med-uv-skydd-bbq-paviljong-tradgardstalt-grilltalt-for-tradgardsfest-bbq-svart\/"},"modified":"2026-03-12T08:40:31","modified_gmt":"2026-03-12T07:40:31","slug":"truusk-grillpaviljong-250-x-160-x-250-cm-vattentat-tradgardspaviljong-dubbelskiktstak-sidohyllor-tradgardsbagar","status":"publish","type":"product","link":"https:\/\/truusk.store\/sv\/produkt\/truusk-grillpaviljong-250-x-160-x-250-cm-vattentat-tradgardspaviljong-dubbelskiktstak-sidohyllor-tradgardsbagar\/","title":{"rendered":"TRUUSK Grillpaviljong 250 x 160 x 250 cm &#8211; Vattent\u00e4t Tr\u00e4dg\u00e5rdspaviljong &#8211; Dubbelskiktstak &#8211; Sidohyllor &#8211; Tr\u00e4dg\u00e5rdsb\u00e5gar &#8211;"},"content":{"rendered":"<p>Upplev grillning p\u00e5 nytt med TRUUSK grillpaviljong! Med ett metalltak f\u00f6r optimalt vattenskydd och UV-skydd samt ett dubbelt ventilationslager mot r\u00f6k. Inkluderar anv\u00e4ndbara hyllor och muggst\u00e4ll, perfekt f\u00f6r utomhusbruk. L\u00e4mplig f\u00f6r grillar upp till 120 cm breda. Denna robusta grillpaviljong st\u00e5r emot \u00e4ven stark vind!<\/p>\n<p>Beskrivning:<\/p>\n<ul>\n<li> Metalltaket p\u00e5 pergolan garanterar vattent\u00e4thet och UV-skydd<\/li>\n<li> Det dubbla takdesignen p\u00e5 pergolan m\u00f6jligg\u00f6r l\u00e4tt genomstr\u00f6mning av vind och r\u00f6k<\/li>\n<li> Inneh\u00e5ller tv\u00e5 hyllor och fyra muggst\u00e4ll f\u00f6r olika f\u00f6rvaringsbehov<\/li>\n<li> Pulverlackerad metallram p\u00e5 grillpaviljongen \u00e4r v\u00e4derbest\u00e4ndig<\/li>\n<li> Markankare och skruvar ger \u00f6kad stabilitet<\/li>\n<li> Gener\u00f6s storlek rymmer grillar upp till en l\u00e4ngd av 120 cm<\/li>\n<\/ul>\n<p> Tekniska data:<\/p>\n<ul>\n<li> F\u00e4rg: Svart<\/li>\n<li> Material: Metall<\/li>\n<li> Totala dimensioner: 250L x 160B x 250H cm<\/li>\n<li> Pelaravst\u00e5nd: 210L x 148B cm<\/li>\n<li> Takfotsh\u00f6jd: 193 cm<\/li>\n<li> Hyllstorlek: 148L x 22B cm<\/li>\n<li> Hyllh\u00f6jd fr\u00e5n marken: 100H cm<\/li>\n<li> Hyllans belastningskapacitet: 30 kg<\/li>\n<li> Vindklass: 7 (50-61 km\/h)<\/li>\n<li> Sn\u00f6belastning: 100 kg<\/li>\n<\/ul>\n<p>Leveransinneh\u00e5ll:<\/p>\n<ul>\n<li> 1 x Grillpaviljong<\/li>\n<li> 8 x Expansionspluggar<\/li>\n<li> 8 x Jordspett<\/li>\n<li> 1 x Bruksanvisning<\/li>\n<\/ul>\n","protected":false},"excerpt":{"rendered":"<p>Upplev grillning p\u00e5 nytt med TRUUSK grillpaviljong! Med ett metalltak f\u00f6r optimalt vattenskydd och UV-skydd samt ett dubbelt ventilationslager mot&#8230;<\/p>\n","protected":false},"featured_media":74704,"template":"","meta":[],"product_brand":[],"product_cat":[480,858,476],"product_tag":[],"class_list":{"0":"post-74713","1":"product","2":"type-product","3":"status-publish","4":"has-post-thumbnail","6":"product_cat-grillpaviljonger","7":"product_cat-tradgard-terrass","8":"product_cat-tradgardspaviljonger","10":"first","11":"instock","12":"sale","13":"taxable","14":"shipping-taxable","15":"purchasable","16":"product-type-simple"},"yoast_head":"<!-- This site is optimized with the Yoast SEO plugin v25.4 - https:\/\/yoast.com\/wordpress\/plugins\/seo\/ -->\n<title>TRUUSK Grillpaviljong 250 x 160 x 250 cm - Vattent\u00e4t Tr\u00e4dg\u00e5rdspaviljong - Dubbelskiktstak - Sidohyllor - Tr\u00e4dg\u00e5rdsb\u00e5gar - TRUUSK - Hem, Tr\u00e4dg\u00e5rd &amp; Fritid<\/title>\n<meta name=\"robots\" content=\"index, follow, max-snippet:-1, max-image-preview:large, max-video-preview:-1\" \/>\n<link rel=\"canonical\" href=\"https:\/\/truusk.store\/sv\/produkt\/truusk-grillpaviljong-250-x-160-x-250-cm-vattentat-tradgardspaviljong-dubbelskiktstak-sidohyllor-tradgardsbagar\/\" \/>\n<meta property=\"og:locale\" content=\"sv_SE\" \/>\n<meta property=\"og:type\" content=\"article\" \/>\n<meta property=\"og:title\" content=\"TRUUSK Grillpaviljong 250 x 160 x 250 cm - Vattent\u00e4t Tr\u00e4dg\u00e5rdspaviljong - Dubbelskiktstak - Sidohyllor - Tr\u00e4dg\u00e5rdsb\u00e5gar - TRUUSK - Hem, Tr\u00e4dg\u00e5rd &amp; Fritid\" \/>\n<meta property=\"og:description\" content=\"Upplev grillning p\u00e5 nytt med TRUUSK grillpaviljong! Med ett metalltak f\u00f6r optimalt vattenskydd och UV-skydd samt ett dubbelt ventilationslager mot...\" \/>\n<meta property=\"og:url\" content=\"https:\/\/truusk.store\/sv\/produkt\/truusk-grillpaviljong-250-x-160-x-250-cm-vattentat-tradgardspaviljong-dubbelskiktstak-sidohyllor-tradgardsbagar\/\" \/>\n<meta property=\"og:site_name\" content=\"TRUUSK - Hem, Tr\u00e4dg\u00e5rd &amp; Fritid\" \/>\n<meta property=\"article:modified_time\" content=\"2026-03-12T07:40:31+00:00\" \/>\n<meta property=\"og:image\" content=\"https:\/\/i0.wp.com\/truusk.se\/wp-content\/uploads\/2025\/06\/grillpaviljong-250-x-160-x-250-cm-vattentat-tradgardspaviljong-med-dubbelskiktstak-sidohyllor-tradgardsbagar-med-uv-skydd-bbq-paviljong-tradgardstalt-grilltalt-for-tradgardsfest-bbq-svart-1.webp?fit=2000%2C2000&ssl=1\" \/>\n\t<meta property=\"og:image:width\" content=\"2000\" \/>\n\t<meta property=\"og:image:height\" content=\"2000\" \/>\n\t<meta property=\"og:image:type\" content=\"image\/webp\" \/>\n<meta name=\"twitter:card\" content=\"summary_large_image\" \/>\n<meta name=\"twitter:label1\" content=\"Ber\u00e4knad l\u00e4stid\" \/>\n\t<meta name=\"twitter:data1\" content=\"1 minut\" \/>\n<!-- \/ Yoast SEO plugin. -->","yoast_head_json":{"title":"TRUUSK Grillpaviljong 250 x 160 x 250 cm - Vattent\u00e4t Tr\u00e4dg\u00e5rdspaviljong - Dubbelskiktstak - Sidohyllor - Tr\u00e4dg\u00e5rdsb\u00e5gar - TRUUSK - Hem, Tr\u00e4dg\u00e5rd &amp; Fritid","robots":{"index":"index","follow":"follow","max-snippet":"max-snippet:-1","max-image-preview":"max-image-preview:large","max-video-preview":"max-video-preview:-1"},"canonical":"https:\/\/truusk.store\/sv\/produkt\/truusk-grillpaviljong-250-x-160-x-250-cm-vattentat-tradgardspaviljong-dubbelskiktstak-sidohyllor-tradgardsbagar\/","og_locale":"sv_SE","og_type":"article","og_title":"TRUUSK Grillpaviljong 250 x 160 x 250 cm - Vattent\u00e4t Tr\u00e4dg\u00e5rdspaviljong - Dubbelskiktstak - Sidohyllor - Tr\u00e4dg\u00e5rdsb\u00e5gar - TRUUSK - Hem, Tr\u00e4dg\u00e5rd &amp; Fritid","og_description":"Upplev grillning p\u00e5 nytt med TRUUSK grillpaviljong! Med ett metalltak f\u00f6r optimalt vattenskydd och UV-skydd samt ett dubbelt ventilationslager mot...","og_url":"https:\/\/truusk.store\/sv\/produkt\/truusk-grillpaviljong-250-x-160-x-250-cm-vattentat-tradgardspaviljong-dubbelskiktstak-sidohyllor-tradgardsbagar\/","og_site_name":"TRUUSK - Hem, Tr\u00e4dg\u00e5rd &amp; Fritid","article_modified_time":"2026-03-12T07:40:31+00:00","og_image":[{"width":2000,"height":2000,"url":"https:\/\/i0.wp.com\/truusk.se\/wp-content\/uploads\/2025\/06\/grillpaviljong-250-x-160-x-250-cm-vattentat-tradgardspaviljong-med-dubbelskiktstak-sidohyllor-tradgardsbagar-med-uv-skydd-bbq-paviljong-tradgardstalt-grilltalt-for-tradgardsfest-bbq-svart-1.webp?fit=2000%2C2000&ssl=1","type":"image\/webp"}],"twitter_card":"summary_large_image","twitter_misc":{"Ber\u00e4knad l\u00e4stid":"1 minut"},"schema":{"@context":"https:\/\/schema.org","@graph":[{"@type":"WebPage","@id":"https:\/\/truusk.store\/sv\/produkt\/truusk-grillpaviljong-250-x-160-x-250-cm-vattentat-tradgardspaviljong-dubbelskiktstak-sidohyllor-tradgardsbagar\/","url":"https:\/\/truusk.store\/sv\/produkt\/truusk-grillpaviljong-250-x-160-x-250-cm-vattentat-tradgardspaviljong-dubbelskiktstak-sidohyllor-tradgardsbagar\/","name":"TRUUSK Grillpaviljong 250 x 160 x 250 cm - Vattent\u00e4t Tr\u00e4dg\u00e5rdspaviljong - Dubbelskiktstak - Sidohyllor - Tr\u00e4dg\u00e5rdsb\u00e5gar - TRUUSK - Hem, Tr\u00e4dg\u00e5rd &amp; Fritid","isPartOf":{"@id":"https:\/\/truusk.store\/sv\/#website"},"primaryImageOfPage":{"@id":"https:\/\/truusk.store\/sv\/produkt\/truusk-grillpaviljong-250-x-160-x-250-cm-vattentat-tradgardspaviljong-dubbelskiktstak-sidohyllor-tradgardsbagar\/#primaryimage"},"image":{"@id":"https:\/\/truusk.store\/sv\/produkt\/truusk-grillpaviljong-250-x-160-x-250-cm-vattentat-tradgardspaviljong-dubbelskiktstak-sidohyllor-tradgardsbagar\/#primaryimage"},"thumbnailUrl":"https:\/\/i0.wp.com\/truusk.store\/wp-content\/uploads\/2025\/06\/grillpaviljong-250-x-160-x-250-cm-vattentat-tradgardspaviljong-med-dubbelskiktstak-sidohyllor-tradgardsbagar-med-uv-skydd-bbq-paviljong-tradgardstalt-grilltalt-for-tradgardsfest-bbq-svart-1.webp?fit=2000%2C2000&ssl=1","datePublished":"2025-06-06T01:36:38+00:00","dateModified":"2026-03-12T07:40:31+00:00","breadcrumb":{"@id":"https:\/\/truusk.store\/sv\/produkt\/truusk-grillpaviljong-250-x-160-x-250-cm-vattentat-tradgardspaviljong-dubbelskiktstak-sidohyllor-tradgardsbagar\/#breadcrumb"},"inLanguage":"sv-SE","potentialAction":[{"@type":"ReadAction","target":["https:\/\/truusk.store\/sv\/produkt\/truusk-grillpaviljong-250-x-160-x-250-cm-vattentat-tradgardspaviljong-dubbelskiktstak-sidohyllor-tradgardsbagar\/"]}]},{"@type":"ImageObject","inLanguage":"sv-SE","@id":"https:\/\/truusk.store\/sv\/produkt\/truusk-grillpaviljong-250-x-160-x-250-cm-vattentat-tradgardspaviljong-dubbelskiktstak-sidohyllor-tradgardsbagar\/#primaryimage","url":"https:\/\/i0.wp.com\/truusk.store\/wp-content\/uploads\/2025\/06\/grillpaviljong-250-x-160-x-250-cm-vattentat-tradgardspaviljong-med-dubbelskiktstak-sidohyllor-tradgardsbagar-med-uv-skydd-bbq-paviljong-tradgardstalt-grilltalt-for-tradgardsfest-bbq-svart-1.webp?fit=2000%2C2000&ssl=1","contentUrl":"https:\/\/i0.wp.com\/truusk.store\/wp-content\/uploads\/2025\/06\/grillpaviljong-250-x-160-x-250-cm-vattentat-tradgardspaviljong-med-dubbelskiktstak-sidohyllor-tradgardsbagar-med-uv-skydd-bbq-paviljong-tradgardstalt-grilltalt-for-tradgardsfest-bbq-svart-1.webp?fit=2000%2C2000&ssl=1","width":2000,"height":2000},{"@type":"BreadcrumbList","@id":"https:\/\/truusk.store\/sv\/produkt\/truusk-grillpaviljong-250-x-160-x-250-cm-vattentat-tradgardspaviljong-dubbelskiktstak-sidohyllor-tradgardsbagar\/#breadcrumb","itemListElement":[{"@type":"ListItem","position":1,"name":"Home","item":"https:\/\/truusk.store\/sv\/"},{"@type":"ListItem","position":2,"name":"Shop","item":"https:\/\/truusk.store\/shop\/"},{"@type":"ListItem","position":3,"name":"TRUUSK Grillpaviljong 250 x 160 x 250 cm &#8211; Vattent\u00e4t Tr\u00e4dg\u00e5rdspaviljong &#8211; Dubbelskiktstak &#8211; Sidohyllor &#8211; Tr\u00e4dg\u00e5rdsb\u00e5gar &#8211;"}]},{"@type":"WebSite","@id":"https:\/\/truusk.store\/sv\/#website","url":"https:\/\/truusk.store\/sv\/","name":"TRUUSK - Hem, Tr\u00e4dg\u00e5rd & Fritid","description":"","publisher":{"@id":"https:\/\/truusk.store\/sv\/#organization"},"potentialAction":[{"@type":"SearchAction","target":{"@type":"EntryPoint","urlTemplate":"https:\/\/truusk.store\/sv\/?s={search_term_string}"},"query-input":{"@type":"PropertyValueSpecification","valueRequired":true,"valueName":"search_term_string"}}],"inLanguage":"sv-SE"},{"@type":"Organization","@id":"https:\/\/truusk.store\/sv\/#organization","name":"TRUUSK - Hem, Tr\u00e4dg\u00e5rd & Fritid","url":"https:\/\/truusk.store\/sv\/","logo":{"@type":"ImageObject","inLanguage":"sv-SE","@id":"https:\/\/truusk.store\/sv\/#\/schema\/logo\/image\/","url":"https:\/\/i0.wp.com\/truusk.store\/wp-content\/uploads\/2026\/03\/cropped-TRUUSK.png?fit=2032%2C917&ssl=1","contentUrl":"https:\/\/i0.wp.com\/truusk.store\/wp-content\/uploads\/2026\/03\/cropped-TRUUSK.png?fit=2032%2C917&ssl=1","width":2032,"height":917,"caption":"TRUUSK - Hem, Tr\u00e4dg\u00e5rd & Fritid"},"image":{"@id":"https:\/\/truusk.store\/sv\/#\/schema\/logo\/image\/"}}]}},"jetpack_sharing_enabled":true,"_links":{"self":[{"href":"https:\/\/truusk.store\/sv\/wp-json\/wp\/v2\/product\/74713","targetHints":{"allow":["GET"]}}],"collection":[{"href":"https:\/\/truusk.store\/sv\/wp-json\/wp\/v2\/product"}],"about":[{"href":"https:\/\/truusk.store\/sv\/wp-json\/wp\/v2\/types\/product"}],"wp:featuredmedia":[{"embeddable":true,"href":"https:\/\/truusk.store\/sv\/wp-json\/wp\/v2\/media\/74704"}],"wp:attachment":[{"href":"https:\/\/truusk.store\/sv\/wp-json\/wp\/v2\/media?parent=74713"}],"wp:term":[{"taxonomy":"product_brand","embeddable":true,"href":"https:\/\/truusk.store\/sv\/wp-json\/wp\/v2\/product_brand?post=74713"},{"taxonomy":"product_cat","embeddable":true,"href":"https:\/\/truusk.store\/sv\/wp-json\/wp\/v2\/product_cat?post=74713"},{"taxonomy":"product_tag","embeddable":true,"href":"https:\/\/truusk.store\/sv\/wp-json\/wp\/v2\/product_tag?post=74713"}],"curies":[{"name":"wp","href":"https:\/\/api.w.org\/{rel}","templated":true}]}}