{"id":74723,"date":"2025-06-06T02:37:46","date_gmt":"2025-06-06T01:37:46","guid":{"rendered":"https:\/\/truusk.store\/product\/utomhus-pizzaugn-vedeldad-pizzaugn-i-rostfritt-stal-bakugn-med-1cm-tjock-pizzasten-fallbara-ben-pizzaspad-lock-barbar-vedugn-pizzaugnar-for-camping-tradgard-fest\/"},"modified":"2026-03-12T08:43:09","modified_gmt":"2026-03-12T07:43:09","slug":"truusk-vedeldad-utomhus-pizzaugn-rostfritt-stal-1cm-tjock-pizzasten-fallbara-ben-pizzaspad-barbar-for-camping-och","status":"publish","type":"product","link":"https:\/\/truusk.store\/sv\/produkt\/truusk-vedeldad-utomhus-pizzaugn-rostfritt-stal-1cm-tjock-pizzasten-fallbara-ben-pizzaspad-barbar-for-camping-och\/","title":{"rendered":"TRUUSK Vedeldad Utomhus Pizzaugn &#8211; Rostfritt St\u00e5l &#8211; 1cm Tjock Pizzasten &#8211; F\u00e4llbara Ben &#8211; Pizzaspad &#8211; B\u00e4rbar &#8211; F\u00f6r Camping och"},"content":{"rendered":"<p>Upplev \u00e4kta vedugnspizzasmak hemma med v\u00e5r tr\u00e4dg\u00e5rdspizzaugn. Perfekt f\u00f6r sociala familjefester eller mysiga kv\u00e4llar, skapar den krispigt r\u00f6kiga pizzor med underbart karamelliserad skorpa. Med sin kompakta konstruktion och tr\u00e4handtag \u00e4r utomhusvedugnen l\u00e4tt att transportera, idealisk f\u00f6r tr\u00e4dg\u00e5rden, parkbes\u00f6k. Letar du efter en speciell present? Vedpizzaugnen \u00e4r perfekt f\u00f6r finsmakare, inflyttningsg\u00e5vor eller f\u00f6r br\u00f6llopspar!<\/p>\n<p>Beskrivning:<\/p>\n<ul>\n<li> En pizzasten i vedpizzaugnen lagrar v\u00e4rme och m\u00f6jligg\u00f6r en j\u00e4mn underskorpa<\/li>\n<li> Med en pizzaspade fr\u00e5n tr\u00e4dg\u00e5rdspizzaugnen kan du stilfullt ta din pizza fr\u00e5n elden<\/li>\n<li> S\u00e4kra, v\u00e4rmebest\u00e4ndiga tr\u00e4handtag<\/li>\n<li> En l\u00e4tt att reng\u00f6ra askl\u00e5da<\/li>\n<li> En l\u00e5ng skorsten p\u00e5 vedpizzaugnen leder r\u00f6ken upp\u00e5t och bort fr\u00e5n sittgruppen<\/li>\n<li> F\u00e4llbara ben och kompakt storlek<\/li>\n<li> Montering kr\u00e4vs<\/li>\n<\/ul>\n<p> Tekniska data:<\/p>\n<ul>\n<li> F\u00e4rg: Silver<\/li>\n<li> Material: Rostfritt st\u00e5l<\/li>\n<li> Br\u00e4nsle: Tr\u00e4pellets<\/li>\n<li> Totala dimensioner: 79L x 36B x 75H cm<\/li>\n<li> Dimensioner f\u00f6r pizzastenen: 30,5L x 30,5B x 1H cm<\/li>\n<li> Dimensioner f\u00f6r skorstenen: 8,8 diam. x 49 H<\/li>\n<li> Belastningskapacitet: 10 kg<\/li>\n<\/ul>\n<p>Leverans inneh\u00e5ller:<\/p>\n<ul>\n<li> 1 x Pizzaugn<\/li>\n<li> 1 x Pizzasten<\/li>\n<li> 1 x Pizzaspade<\/li>\n<li> 1 x Bruksanvisning<\/li>\n<\/ul>\n","protected":false},"excerpt":{"rendered":"<p>Upplev \u00e4kta vedugnspizzasmak hemma med v\u00e5r tr\u00e4dg\u00e5rdspizzaugn. Perfekt f\u00f6r sociala familjefester eller mysiga kv\u00e4llar, skapar den krispigt r\u00f6kiga pizzor med&#8230;<\/p>\n","protected":false},"featured_media":74714,"template":"","meta":[],"product_brand":[],"product_cat":[440,439,858],"product_tag":[],"class_list":{"0":"post-74723","1":"product","2":"type-product","3":"status-publish","4":"has-post-thumbnail","6":"product_cat-grillar","7":"product_cat-grillning-uppvarmning","8":"product_cat-tradgard-terrass","10":"first","11":"instock","12":"sale","13":"taxable","14":"shipping-taxable","15":"purchasable","16":"product-type-simple"},"yoast_head":"<!-- This site is optimized with the Yoast SEO plugin v25.4 - https:\/\/yoast.com\/wordpress\/plugins\/seo\/ -->\n<title>TRUUSK Vedeldad Utomhus Pizzaugn - Rostfritt St\u00e5l - 1cm Tjock Pizzasten - F\u00e4llbara Ben - Pizzaspad - B\u00e4rbar - F\u00f6r Camping och - TRUUSK - Hem, Tr\u00e4dg\u00e5rd &amp; Fritid<\/title>\n<meta name=\"robots\" content=\"index, follow, max-snippet:-1, max-image-preview:large, max-video-preview:-1\" \/>\n<link rel=\"canonical\" href=\"https:\/\/truusk.store\/sv\/produkt\/truusk-vedeldad-utomhus-pizzaugn-rostfritt-stal-1cm-tjock-pizzasten-fallbara-ben-pizzaspad-barbar-for-camping-och\/\" \/>\n<meta property=\"og:locale\" content=\"sv_SE\" \/>\n<meta property=\"og:type\" content=\"article\" \/>\n<meta property=\"og:title\" content=\"TRUUSK Vedeldad Utomhus Pizzaugn - Rostfritt St\u00e5l - 1cm Tjock Pizzasten - F\u00e4llbara Ben - Pizzaspad - B\u00e4rbar - F\u00f6r Camping och - TRUUSK - Hem, Tr\u00e4dg\u00e5rd &amp; Fritid\" \/>\n<meta property=\"og:description\" content=\"Upplev \u00e4kta vedugnspizzasmak hemma med v\u00e5r tr\u00e4dg\u00e5rdspizzaugn. Perfekt f\u00f6r sociala familjefester eller mysiga kv\u00e4llar, skapar den krispigt r\u00f6kiga pizzor med...\" \/>\n<meta property=\"og:url\" content=\"https:\/\/truusk.store\/sv\/produkt\/truusk-vedeldad-utomhus-pizzaugn-rostfritt-stal-1cm-tjock-pizzasten-fallbara-ben-pizzaspad-barbar-for-camping-och\/\" \/>\n<meta property=\"og:site_name\" content=\"TRUUSK - Hem, Tr\u00e4dg\u00e5rd &amp; Fritid\" \/>\n<meta property=\"article:modified_time\" content=\"2026-03-12T07:43:09+00:00\" \/>\n<meta property=\"og:image\" content=\"https:\/\/i0.wp.com\/truusk.se\/wp-content\/uploads\/2025\/06\/utomhus-pizzaugn-vedeldad-pizzaugn-i-rostfritt-stal-bakugn-med-1cm-tjock-pizzasten-fallbara-ben-pizzaspad-lock-barbar-vedugn-pizzaugnar-for-camping-tradgard-fest-1.webp?fit=2000%2C2000&ssl=1\" \/>\n\t<meta property=\"og:image:width\" content=\"2000\" \/>\n\t<meta property=\"og:image:height\" content=\"2000\" \/>\n\t<meta property=\"og:image:type\" content=\"image\/webp\" \/>\n<meta name=\"twitter:card\" content=\"summary_large_image\" \/>\n<meta name=\"twitter:label1\" content=\"Ber\u00e4knad l\u00e4stid\" \/>\n\t<meta name=\"twitter:data1\" content=\"1 minut\" \/>\n<!-- \/ Yoast SEO plugin. -->","yoast_head_json":{"title":"TRUUSK Vedeldad Utomhus Pizzaugn - Rostfritt St\u00e5l - 1cm Tjock Pizzasten - F\u00e4llbara Ben - Pizzaspad - B\u00e4rbar - F\u00f6r Camping och - TRUUSK - Hem, Tr\u00e4dg\u00e5rd &amp; Fritid","robots":{"index":"index","follow":"follow","max-snippet":"max-snippet:-1","max-image-preview":"max-image-preview:large","max-video-preview":"max-video-preview:-1"},"canonical":"https:\/\/truusk.store\/sv\/produkt\/truusk-vedeldad-utomhus-pizzaugn-rostfritt-stal-1cm-tjock-pizzasten-fallbara-ben-pizzaspad-barbar-for-camping-och\/","og_locale":"sv_SE","og_type":"article","og_title":"TRUUSK Vedeldad Utomhus Pizzaugn - Rostfritt St\u00e5l - 1cm Tjock Pizzasten - F\u00e4llbara Ben - Pizzaspad - B\u00e4rbar - F\u00f6r Camping och - TRUUSK - Hem, Tr\u00e4dg\u00e5rd &amp; Fritid","og_description":"Upplev \u00e4kta vedugnspizzasmak hemma med v\u00e5r tr\u00e4dg\u00e5rdspizzaugn. Perfekt f\u00f6r sociala familjefester eller mysiga kv\u00e4llar, skapar den krispigt r\u00f6kiga pizzor med...","og_url":"https:\/\/truusk.store\/sv\/produkt\/truusk-vedeldad-utomhus-pizzaugn-rostfritt-stal-1cm-tjock-pizzasten-fallbara-ben-pizzaspad-barbar-for-camping-och\/","og_site_name":"TRUUSK - Hem, Tr\u00e4dg\u00e5rd &amp; Fritid","article_modified_time":"2026-03-12T07:43:09+00:00","og_image":[{"width":2000,"height":2000,"url":"https:\/\/i0.wp.com\/truusk.se\/wp-content\/uploads\/2025\/06\/utomhus-pizzaugn-vedeldad-pizzaugn-i-rostfritt-stal-bakugn-med-1cm-tjock-pizzasten-fallbara-ben-pizzaspad-lock-barbar-vedugn-pizzaugnar-for-camping-tradgard-fest-1.webp?fit=2000%2C2000&ssl=1","type":"image\/webp"}],"twitter_card":"summary_large_image","twitter_misc":{"Ber\u00e4knad l\u00e4stid":"1 minut"},"schema":{"@context":"https:\/\/schema.org","@graph":[{"@type":"WebPage","@id":"https:\/\/truusk.store\/sv\/produkt\/truusk-vedeldad-utomhus-pizzaugn-rostfritt-stal-1cm-tjock-pizzasten-fallbara-ben-pizzaspad-barbar-for-camping-och\/","url":"https:\/\/truusk.store\/sv\/produkt\/truusk-vedeldad-utomhus-pizzaugn-rostfritt-stal-1cm-tjock-pizzasten-fallbara-ben-pizzaspad-barbar-for-camping-och\/","name":"TRUUSK Vedeldad Utomhus Pizzaugn - Rostfritt St\u00e5l - 1cm Tjock Pizzasten - F\u00e4llbara Ben - Pizzaspad - B\u00e4rbar - F\u00f6r Camping och - TRUUSK - Hem, Tr\u00e4dg\u00e5rd &amp; Fritid","isPartOf":{"@id":"https:\/\/truusk.store\/sv\/#website"},"primaryImageOfPage":{"@id":"https:\/\/truusk.store\/sv\/produkt\/truusk-vedeldad-utomhus-pizzaugn-rostfritt-stal-1cm-tjock-pizzasten-fallbara-ben-pizzaspad-barbar-for-camping-och\/#primaryimage"},"image":{"@id":"https:\/\/truusk.store\/sv\/produkt\/truusk-vedeldad-utomhus-pizzaugn-rostfritt-stal-1cm-tjock-pizzasten-fallbara-ben-pizzaspad-barbar-for-camping-och\/#primaryimage"},"thumbnailUrl":"https:\/\/i0.wp.com\/truusk.store\/wp-content\/uploads\/2025\/06\/utomhus-pizzaugn-vedeldad-pizzaugn-i-rostfritt-stal-bakugn-med-1cm-tjock-pizzasten-fallbara-ben-pizzaspad-lock-barbar-vedugn-pizzaugnar-for-camping-tradgard-fest-1.webp?fit=2000%2C2000&ssl=1","datePublished":"2025-06-06T01:37:46+00:00","dateModified":"2026-03-12T07:43:09+00:00","breadcrumb":{"@id":"https:\/\/truusk.store\/sv\/produkt\/truusk-vedeldad-utomhus-pizzaugn-rostfritt-stal-1cm-tjock-pizzasten-fallbara-ben-pizzaspad-barbar-for-camping-och\/#breadcrumb"},"inLanguage":"sv-SE","potentialAction":[{"@type":"ReadAction","target":["https:\/\/truusk.store\/sv\/produkt\/truusk-vedeldad-utomhus-pizzaugn-rostfritt-stal-1cm-tjock-pizzasten-fallbara-ben-pizzaspad-barbar-for-camping-och\/"]}]},{"@type":"ImageObject","inLanguage":"sv-SE","@id":"https:\/\/truusk.store\/sv\/produkt\/truusk-vedeldad-utomhus-pizzaugn-rostfritt-stal-1cm-tjock-pizzasten-fallbara-ben-pizzaspad-barbar-for-camping-och\/#primaryimage","url":"https:\/\/i0.wp.com\/truusk.store\/wp-content\/uploads\/2025\/06\/utomhus-pizzaugn-vedeldad-pizzaugn-i-rostfritt-stal-bakugn-med-1cm-tjock-pizzasten-fallbara-ben-pizzaspad-lock-barbar-vedugn-pizzaugnar-for-camping-tradgard-fest-1.webp?fit=2000%2C2000&ssl=1","contentUrl":"https:\/\/i0.wp.com\/truusk.store\/wp-content\/uploads\/2025\/06\/utomhus-pizzaugn-vedeldad-pizzaugn-i-rostfritt-stal-bakugn-med-1cm-tjock-pizzasten-fallbara-ben-pizzaspad-lock-barbar-vedugn-pizzaugnar-for-camping-tradgard-fest-1.webp?fit=2000%2C2000&ssl=1","width":2000,"height":2000},{"@type":"BreadcrumbList","@id":"https:\/\/truusk.store\/sv\/produkt\/truusk-vedeldad-utomhus-pizzaugn-rostfritt-stal-1cm-tjock-pizzasten-fallbara-ben-pizzaspad-barbar-for-camping-och\/#breadcrumb","itemListElement":[{"@type":"ListItem","position":1,"name":"Home","item":"https:\/\/truusk.store\/sv\/"},{"@type":"ListItem","position":2,"name":"Shop","item":"https:\/\/truusk.store\/shop\/"},{"@type":"ListItem","position":3,"name":"TRUUSK Vedeldad Utomhus Pizzaugn &#8211; Rostfritt St\u00e5l &#8211; 1cm Tjock Pizzasten &#8211; F\u00e4llbara Ben &#8211; Pizzaspad &#8211; B\u00e4rbar &#8211; F\u00f6r Camping och"}]},{"@type":"WebSite","@id":"https:\/\/truusk.store\/sv\/#website","url":"https:\/\/truusk.store\/sv\/","name":"TRUUSK - Hem, Tr\u00e4dg\u00e5rd & Fritid","description":"","publisher":{"@id":"https:\/\/truusk.store\/sv\/#organization"},"potentialAction":[{"@type":"SearchAction","target":{"@type":"EntryPoint","urlTemplate":"https:\/\/truusk.store\/sv\/?s={search_term_string}"},"query-input":{"@type":"PropertyValueSpecification","valueRequired":true,"valueName":"search_term_string"}}],"inLanguage":"sv-SE"},{"@type":"Organization","@id":"https:\/\/truusk.store\/sv\/#organization","name":"TRUUSK - Hem, Tr\u00e4dg\u00e5rd & Fritid","url":"https:\/\/truusk.store\/sv\/","logo":{"@type":"ImageObject","inLanguage":"sv-SE","@id":"https:\/\/truusk.store\/sv\/#\/schema\/logo\/image\/","url":"https:\/\/i0.wp.com\/truusk.store\/wp-content\/uploads\/2026\/03\/cropped-TRUUSK.png?fit=2032%2C917&ssl=1","contentUrl":"https:\/\/i0.wp.com\/truusk.store\/wp-content\/uploads\/2026\/03\/cropped-TRUUSK.png?fit=2032%2C917&ssl=1","width":2032,"height":917,"caption":"TRUUSK - Hem, Tr\u00e4dg\u00e5rd & Fritid"},"image":{"@id":"https:\/\/truusk.store\/sv\/#\/schema\/logo\/image\/"}}]}},"jetpack_sharing_enabled":true,"_links":{"self":[{"href":"https:\/\/truusk.store\/sv\/wp-json\/wp\/v2\/product\/74723","targetHints":{"allow":["GET"]}}],"collection":[{"href":"https:\/\/truusk.store\/sv\/wp-json\/wp\/v2\/product"}],"about":[{"href":"https:\/\/truusk.store\/sv\/wp-json\/wp\/v2\/types\/product"}],"wp:featuredmedia":[{"embeddable":true,"href":"https:\/\/truusk.store\/sv\/wp-json\/wp\/v2\/media\/74714"}],"wp:attachment":[{"href":"https:\/\/truusk.store\/sv\/wp-json\/wp\/v2\/media?parent=74723"}],"wp:term":[{"taxonomy":"product_brand","embeddable":true,"href":"https:\/\/truusk.store\/sv\/wp-json\/wp\/v2\/product_brand?post=74723"},{"taxonomy":"product_cat","embeddable":true,"href":"https:\/\/truusk.store\/sv\/wp-json\/wp\/v2\/product_cat?post=74723"},{"taxonomy":"product_tag","embeddable":true,"href":"https:\/\/truusk.store\/sv\/wp-json\/wp\/v2\/product_tag?post=74723"}],"curies":[{"name":"wp","href":"https:\/\/api.w.org\/{rel}","templated":true}]}}