{"id":74754,"date":"2025-06-06T02:40:48","date_gmt":"2025-06-06T01:40:48","guid":{"rendered":"https:\/\/truusk.store\/product\/bistro-set-3-delat-av-stal-vaderbestandigt-tradgardsmobelset-med-bistrobord-ergonomiska-musselformade-tradgardsstolar-utomhus-balkongmobelset-sittgrupp-balkongset-tradgardsset-gron\/"},"modified":"2026-03-12T08:43:19","modified_gmt":"2026-03-12T07:43:19","slug":"truusk-3-delat-bistro-set-av-stal-vaderbestandigt-tradgardsmobelset-ergonomiska-musselformade-stolar-utomhus","status":"publish","type":"product","link":"https:\/\/truusk.store\/sv\/produkt\/truusk-3-delat-bistro-set-av-stal-vaderbestandigt-tradgardsmobelset-ergonomiska-musselformade-stolar-utomhus\/","title":{"rendered":"TRUUSK 3-delat Bistro-set Av St\u00e5l &#8211; V\u00e4derbest\u00e4ndigt Tr\u00e4dg\u00e5rdsm\u00f6belset &#8211; Ergonomiska Musselformade Stolar &#8211; Utomhus"},"content":{"rendered":"<p>Upplev magin med TRUUSK Outdoor Bistro-set. Detta balkongm\u00f6belset med tv\u00e5 skalformade, genombrutna stolar och ett stabilt bord m\u00f6jligg\u00f6r luftig och bekv\u00e4m sittning, perfekt f\u00f6r varje tr\u00e4dg\u00e5rd eller balkong. Vattent\u00e4tt, rostfritt st\u00e5l s\u00e4kerst\u00e4ller en l\u00e5ng livsl\u00e4ngd, och det ergonomiska designen av bistro-setet inbjuder till avkoppling. Idealiskt f\u00f6r att njuta av morgonkaffet eller koppla av efter en anstr\u00e4ngande dag!<\/p>\n<p>Beskrivning:<\/p>\n<ul>\n<li> Det tredelade bistro-setet inneh\u00e5ller tv\u00e5 stolar och ett bord<\/li>\n<li> Skalformade stolar i balkongm\u00f6beln garanterar andningsf\u00f6rm\u00e5ga och komfort<\/li>\n<li> Starka st\u00e5lramar \u00e4r vatten- och rostbest\u00e4ndiga<\/li>\n<li> Triangul\u00e4r struktur och korsst\u00e4nger i balkongm\u00f6beln \u00f6kar stabiliteten<\/li>\n<li> Ergonomisk design med lutande sittplatser f\u00f6r avkoppling<\/li>\n<li> L\u00e4tt att reng\u00f6ra st\u00e5lbordsskiva f\u00f6r enkel sk\u00f6tsel<\/li>\n<li> Halkfria kuddar skyddar golvet och minskar buller<\/li>\n<li> Montering kr\u00e4vs<\/li>\n<\/ul>\n<p> Tekniska data:<\/p>\n<ul>\n<li> F\u00e4rg: Gr\u00f6n<\/li>\n<li> Material: PE-rotting, st\u00e5l<\/li>\n<li> Stolm\u00e5tt: 74L x 68B x 78H cm<\/li>\n<li> Bordstorlek: \u00d850 x 45H cm<\/li>\n<li> Sitsstorlek: 50B x 48T x 36H cm<\/li>\n<li> Ryggstorlek: 56B x 46H cm<\/li>\n<li> B\u00e4rkapacitet: 120 kg (stol), 30 kg (bord)<\/li>\n<\/ul>\n<p>Leveransinneh\u00e5ll:<\/p>\n<ul>\n<li> 1 x Bord<\/li>\n<li> 2 x Stol<\/li>\n<li> 1 x Bruksanvisning<\/li>\n<\/ul>\n","protected":false},"excerpt":{"rendered":"<p>Upplev magin med TRUUSK Outdoor Bistro-set. Detta balkongm\u00f6belset med tv\u00e5 skalformade, genombrutna stolar och ett stabilt bord m\u00f6jligg\u00f6r luftig och&#8230;<\/p>\n","protected":false},"featured_media":74744,"template":"","meta":[],"product_brand":[],"product_cat":[858,450,456],"product_tag":[],"class_list":{"0":"post-74754","1":"product","2":"type-product","3":"status-publish","4":"has-post-thumbnail","6":"product_cat-tradgard-terrass","7":"product_cat-tradgardsmobler","8":"product_cat-tradgardsmobler-set","10":"first","11":"instock","12":"sale","13":"taxable","14":"shipping-taxable","15":"purchasable","16":"product-type-simple"},"yoast_head":"<!-- This site is optimized with the Yoast SEO plugin v25.4 - https:\/\/yoast.com\/wordpress\/plugins\/seo\/ -->\n<title>TRUUSK 3-delat Bistro-set Av St\u00e5l - V\u00e4derbest\u00e4ndigt Tr\u00e4dg\u00e5rdsm\u00f6belset - Ergonomiska Musselformade Stolar - Utomhus - TRUUSK - Hem, Tr\u00e4dg\u00e5rd &amp; Fritid<\/title>\n<meta name=\"robots\" content=\"index, follow, max-snippet:-1, max-image-preview:large, max-video-preview:-1\" \/>\n<link rel=\"canonical\" href=\"https:\/\/truusk.store\/sv\/produkt\/truusk-3-delat-bistro-set-av-stal-vaderbestandigt-tradgardsmobelset-ergonomiska-musselformade-stolar-utomhus\/\" \/>\n<meta property=\"og:locale\" content=\"sv_SE\" \/>\n<meta property=\"og:type\" content=\"article\" \/>\n<meta property=\"og:title\" content=\"TRUUSK 3-delat Bistro-set Av St\u00e5l - V\u00e4derbest\u00e4ndigt Tr\u00e4dg\u00e5rdsm\u00f6belset - Ergonomiska Musselformade Stolar - Utomhus - TRUUSK - Hem, Tr\u00e4dg\u00e5rd &amp; Fritid\" \/>\n<meta property=\"og:description\" content=\"Upplev magin med TRUUSK Outdoor Bistro-set. Detta balkongm\u00f6belset med tv\u00e5 skalformade, genombrutna stolar och ett stabilt bord m\u00f6jligg\u00f6r luftig och...\" \/>\n<meta property=\"og:url\" content=\"https:\/\/truusk.store\/sv\/produkt\/truusk-3-delat-bistro-set-av-stal-vaderbestandigt-tradgardsmobelset-ergonomiska-musselformade-stolar-utomhus\/\" \/>\n<meta property=\"og:site_name\" content=\"TRUUSK - Hem, Tr\u00e4dg\u00e5rd &amp; Fritid\" \/>\n<meta property=\"article:modified_time\" content=\"2026-03-12T07:43:19+00:00\" \/>\n<meta property=\"og:image\" content=\"https:\/\/i0.wp.com\/truusk.se\/wp-content\/uploads\/2025\/06\/bistro-set-3-delat-av-stal-vaderbestandigt-tradgardsmobelset-med-bistrobord-ergonomiska-musselformade-tradgardsstolar-utomhus-balkongmobelset-sittgrupp-balkongset-tradgardsset-gron-1.webp?fit=2000%2C2000&ssl=1\" \/>\n\t<meta property=\"og:image:width\" content=\"2000\" \/>\n\t<meta property=\"og:image:height\" content=\"2000\" \/>\n\t<meta property=\"og:image:type\" content=\"image\/webp\" \/>\n<meta name=\"twitter:card\" content=\"summary_large_image\" \/>\n<meta name=\"twitter:label1\" content=\"Ber\u00e4knad l\u00e4stid\" \/>\n\t<meta name=\"twitter:data1\" content=\"1 minut\" \/>\n<!-- \/ Yoast SEO plugin. -->","yoast_head_json":{"title":"TRUUSK 3-delat Bistro-set Av St\u00e5l - V\u00e4derbest\u00e4ndigt Tr\u00e4dg\u00e5rdsm\u00f6belset - Ergonomiska Musselformade Stolar - Utomhus - TRUUSK - Hem, Tr\u00e4dg\u00e5rd &amp; Fritid","robots":{"index":"index","follow":"follow","max-snippet":"max-snippet:-1","max-image-preview":"max-image-preview:large","max-video-preview":"max-video-preview:-1"},"canonical":"https:\/\/truusk.store\/sv\/produkt\/truusk-3-delat-bistro-set-av-stal-vaderbestandigt-tradgardsmobelset-ergonomiska-musselformade-stolar-utomhus\/","og_locale":"sv_SE","og_type":"article","og_title":"TRUUSK 3-delat Bistro-set Av St\u00e5l - V\u00e4derbest\u00e4ndigt Tr\u00e4dg\u00e5rdsm\u00f6belset - Ergonomiska Musselformade Stolar - Utomhus - TRUUSK - Hem, Tr\u00e4dg\u00e5rd &amp; Fritid","og_description":"Upplev magin med TRUUSK Outdoor Bistro-set. Detta balkongm\u00f6belset med tv\u00e5 skalformade, genombrutna stolar och ett stabilt bord m\u00f6jligg\u00f6r luftig och...","og_url":"https:\/\/truusk.store\/sv\/produkt\/truusk-3-delat-bistro-set-av-stal-vaderbestandigt-tradgardsmobelset-ergonomiska-musselformade-stolar-utomhus\/","og_site_name":"TRUUSK - Hem, Tr\u00e4dg\u00e5rd &amp; Fritid","article_modified_time":"2026-03-12T07:43:19+00:00","og_image":[{"width":2000,"height":2000,"url":"https:\/\/i0.wp.com\/truusk.se\/wp-content\/uploads\/2025\/06\/bistro-set-3-delat-av-stal-vaderbestandigt-tradgardsmobelset-med-bistrobord-ergonomiska-musselformade-tradgardsstolar-utomhus-balkongmobelset-sittgrupp-balkongset-tradgardsset-gron-1.webp?fit=2000%2C2000&ssl=1","type":"image\/webp"}],"twitter_card":"summary_large_image","twitter_misc":{"Ber\u00e4knad l\u00e4stid":"1 minut"},"schema":{"@context":"https:\/\/schema.org","@graph":[{"@type":"WebPage","@id":"https:\/\/truusk.store\/sv\/produkt\/truusk-3-delat-bistro-set-av-stal-vaderbestandigt-tradgardsmobelset-ergonomiska-musselformade-stolar-utomhus\/","url":"https:\/\/truusk.store\/sv\/produkt\/truusk-3-delat-bistro-set-av-stal-vaderbestandigt-tradgardsmobelset-ergonomiska-musselformade-stolar-utomhus\/","name":"TRUUSK 3-delat Bistro-set Av St\u00e5l - V\u00e4derbest\u00e4ndigt Tr\u00e4dg\u00e5rdsm\u00f6belset - Ergonomiska Musselformade Stolar - Utomhus - TRUUSK - Hem, Tr\u00e4dg\u00e5rd &amp; Fritid","isPartOf":{"@id":"https:\/\/truusk.store\/sv\/#website"},"primaryImageOfPage":{"@id":"https:\/\/truusk.store\/sv\/produkt\/truusk-3-delat-bistro-set-av-stal-vaderbestandigt-tradgardsmobelset-ergonomiska-musselformade-stolar-utomhus\/#primaryimage"},"image":{"@id":"https:\/\/truusk.store\/sv\/produkt\/truusk-3-delat-bistro-set-av-stal-vaderbestandigt-tradgardsmobelset-ergonomiska-musselformade-stolar-utomhus\/#primaryimage"},"thumbnailUrl":"https:\/\/i0.wp.com\/truusk.store\/wp-content\/uploads\/2025\/06\/bistro-set-3-delat-av-stal-vaderbestandigt-tradgardsmobelset-med-bistrobord-ergonomiska-musselformade-tradgardsstolar-utomhus-balkongmobelset-sittgrupp-balkongset-tradgardsset-gron-1.webp?fit=2000%2C2000&ssl=1","datePublished":"2025-06-06T01:40:48+00:00","dateModified":"2026-03-12T07:43:19+00:00","breadcrumb":{"@id":"https:\/\/truusk.store\/sv\/produkt\/truusk-3-delat-bistro-set-av-stal-vaderbestandigt-tradgardsmobelset-ergonomiska-musselformade-stolar-utomhus\/#breadcrumb"},"inLanguage":"sv-SE","potentialAction":[{"@type":"ReadAction","target":["https:\/\/truusk.store\/sv\/produkt\/truusk-3-delat-bistro-set-av-stal-vaderbestandigt-tradgardsmobelset-ergonomiska-musselformade-stolar-utomhus\/"]}]},{"@type":"ImageObject","inLanguage":"sv-SE","@id":"https:\/\/truusk.store\/sv\/produkt\/truusk-3-delat-bistro-set-av-stal-vaderbestandigt-tradgardsmobelset-ergonomiska-musselformade-stolar-utomhus\/#primaryimage","url":"https:\/\/i0.wp.com\/truusk.store\/wp-content\/uploads\/2025\/06\/bistro-set-3-delat-av-stal-vaderbestandigt-tradgardsmobelset-med-bistrobord-ergonomiska-musselformade-tradgardsstolar-utomhus-balkongmobelset-sittgrupp-balkongset-tradgardsset-gron-1.webp?fit=2000%2C2000&ssl=1","contentUrl":"https:\/\/i0.wp.com\/truusk.store\/wp-content\/uploads\/2025\/06\/bistro-set-3-delat-av-stal-vaderbestandigt-tradgardsmobelset-med-bistrobord-ergonomiska-musselformade-tradgardsstolar-utomhus-balkongmobelset-sittgrupp-balkongset-tradgardsset-gron-1.webp?fit=2000%2C2000&ssl=1","width":2000,"height":2000},{"@type":"BreadcrumbList","@id":"https:\/\/truusk.store\/sv\/produkt\/truusk-3-delat-bistro-set-av-stal-vaderbestandigt-tradgardsmobelset-ergonomiska-musselformade-stolar-utomhus\/#breadcrumb","itemListElement":[{"@type":"ListItem","position":1,"name":"Home","item":"https:\/\/truusk.store\/sv\/"},{"@type":"ListItem","position":2,"name":"Shop","item":"https:\/\/truusk.store\/shop\/"},{"@type":"ListItem","position":3,"name":"TRUUSK 3-delat Bistro-set Av St\u00e5l &#8211; V\u00e4derbest\u00e4ndigt Tr\u00e4dg\u00e5rdsm\u00f6belset &#8211; Ergonomiska Musselformade Stolar &#8211; Utomhus"}]},{"@type":"WebSite","@id":"https:\/\/truusk.store\/sv\/#website","url":"https:\/\/truusk.store\/sv\/","name":"TRUUSK - Hem, Tr\u00e4dg\u00e5rd & Fritid","description":"","publisher":{"@id":"https:\/\/truusk.store\/sv\/#organization"},"potentialAction":[{"@type":"SearchAction","target":{"@type":"EntryPoint","urlTemplate":"https:\/\/truusk.store\/sv\/?s={search_term_string}"},"query-input":{"@type":"PropertyValueSpecification","valueRequired":true,"valueName":"search_term_string"}}],"inLanguage":"sv-SE"},{"@type":"Organization","@id":"https:\/\/truusk.store\/sv\/#organization","name":"TRUUSK - Hem, Tr\u00e4dg\u00e5rd & Fritid","url":"https:\/\/truusk.store\/sv\/","logo":{"@type":"ImageObject","inLanguage":"sv-SE","@id":"https:\/\/truusk.store\/sv\/#\/schema\/logo\/image\/","url":"https:\/\/i0.wp.com\/truusk.store\/wp-content\/uploads\/2026\/03\/cropped-TRUUSK.png?fit=2032%2C917&ssl=1","contentUrl":"https:\/\/i0.wp.com\/truusk.store\/wp-content\/uploads\/2026\/03\/cropped-TRUUSK.png?fit=2032%2C917&ssl=1","width":2032,"height":917,"caption":"TRUUSK - Hem, Tr\u00e4dg\u00e5rd & Fritid"},"image":{"@id":"https:\/\/truusk.store\/sv\/#\/schema\/logo\/image\/"}}]}},"jetpack_sharing_enabled":true,"_links":{"self":[{"href":"https:\/\/truusk.store\/sv\/wp-json\/wp\/v2\/product\/74754","targetHints":{"allow":["GET"]}}],"collection":[{"href":"https:\/\/truusk.store\/sv\/wp-json\/wp\/v2\/product"}],"about":[{"href":"https:\/\/truusk.store\/sv\/wp-json\/wp\/v2\/types\/product"}],"wp:featuredmedia":[{"embeddable":true,"href":"https:\/\/truusk.store\/sv\/wp-json\/wp\/v2\/media\/74744"}],"wp:attachment":[{"href":"https:\/\/truusk.store\/sv\/wp-json\/wp\/v2\/media?parent=74754"}],"wp:term":[{"taxonomy":"product_brand","embeddable":true,"href":"https:\/\/truusk.store\/sv\/wp-json\/wp\/v2\/product_brand?post=74754"},{"taxonomy":"product_cat","embeddable":true,"href":"https:\/\/truusk.store\/sv\/wp-json\/wp\/v2\/product_cat?post=74754"},{"taxonomy":"product_tag","embeddable":true,"href":"https:\/\/truusk.store\/sv\/wp-json\/wp\/v2\/product_tag?post=74754"}],"curies":[{"name":"wp","href":"https:\/\/api.w.org\/{rel}","templated":true}]}}