{"id":74783,"date":"2025-06-06T02:43:48","date_gmt":"2025-06-06T01:43:48","guid":{"rendered":"https:\/\/truusk.store\/product\/flakt-med-vattenkylning-staende-flakt-med-spraydimma-fjarrkontroll-timerfunktion-oscillerande-3-nivaer-3-l-vattentank-90-w-vattenflakt-med-hjul-125-cm\/"},"modified":"2026-03-12T08:42:54","modified_gmt":"2026-03-12T07:42:54","slug":"truusk-vattenflakt-med-spraydimma-fjarrkontroll-timerfunktion-oscillerande-3-nivaer-3-l-vattentank-90-w-med-hjul","status":"publish","type":"product","link":"https:\/\/truusk.store\/sv\/produkt\/truusk-vattenflakt-med-spraydimma-fjarrkontroll-timerfunktion-oscillerande-3-nivaer-3-l-vattentank-90-w-med-hjul\/","title":{"rendered":"TRUUSK Vattenfl\u00e4kt med Spraydimma &#8211; Fj\u00e4rrkontroll &#8211; Timerfunktion &#8211; Oscillerande &#8211; 3 Niv\u00e5er &#8211; 3 L Vattentank &#8211; 90 W &#8211; Med Hjul &#8211;"},"content":{"rendered":"<p>Njut av en uppfriskande bris med TRUUSK fl\u00e4kten med spraydimma tack vare avancerad ultraljudsatomiseringsteknik som snabbt kyler och fuktar luften. V\u00e4lj mellan tre hastigheter, l\u00e4gen (Normal, Natur och S\u00f6mn) och sprayniv\u00e5er f\u00f6r att st\u00e4lla in din ideala atmosf\u00e4r. Den breda rotationsvinkeln och den justerbara lutningen p\u00e5 fl\u00e4kten med vatten garanterar optimal komfort.<\/p>\n<p>Beskrivning:<\/p>\n<ul>\n<li> Ultraljudsatomiseringstekniken kyler effektivt och snabbt och ger fukt till huden. Fl\u00e4kten och dimman kan anv\u00e4ndas separat<\/li>\n<li> Tre hastigheter, sprayniv\u00e5er och l\u00e4gen (Normal, Natur och S\u00f6mn) erbjuder m\u00e5ngsidig komfort<\/li>\n<li> 75\u00b0 rotation och 15\u00b0 lutning f\u00f6r riktad luftfl\u00f6de<\/li>\n<li> Timer fr\u00e5n 0,5 till 7,5 timmar inst\u00e4llbar f\u00f6r bekv\u00e4mlighet<\/li>\n<li> 3 liters vattentank p\u00e5 golvfl\u00e4kten med vattenkylning varar upp till 13 timmar. Varning ges vid l\u00e5g vattenniv\u00e5<\/li>\n<li> LED-display, touchpanel och fj\u00e4rrkontroll p\u00e5 fl\u00e4kten med vattenkylning f\u00f6r enkel styrning och \u00f6vervakning<\/li>\n<li> Hjul garanterar enkel r\u00f6rlighet i huset<\/li>\n<\/ul>\n<p> Tekniska data:<\/p>\n<ul>\n<li> F\u00e4rg: Vit+Svart<\/li>\n<li> Material: Metall, Plast<\/li>\n<li> Totala dimensioner: 50L x 40B x 125H cm<\/li>\n<li> Basstorlek: \u00d839 cm<\/li>\n<li> Kabell\u00e4ngd: 1,6 m<\/li>\n<li> Max. dimma: 220\u00b120 mL\/h<\/li>\n<li> Max. vind: 59 m\u00b3\/min<\/li>\n<li> Vattentankkapacitet: 3 liter<\/li>\n<li> Max. kontinuerlig spraytid: 13 timmar<\/li>\n<li> Ljudniv\u00e5: 45 dB<\/li>\n<li> Ing\u00e5ng: 220-240V, 50Hz<\/li>\n<li> Effekt: 90W<\/li>\n<\/ul>\n<p>Leveransinneh\u00e5ll:<\/p>\n<ul>\n<li> 1 x Golvfl\u00e4kt med spraydimma-funktion<\/li>\n<li> 1 x Fj\u00e4rrkontroll<\/li>\n<li> 1 x Bruksanvisning<\/li>\n<\/ul>\n","protected":false},"excerpt":{"rendered":"<p>Njut av en uppfriskande bris med TRUUSK fl\u00e4kten med spraydimma tack vare avancerad ultraljudsatomiseringsteknik som snabbt kyler och fuktar luften&#8230;.<\/p>\n","protected":false},"featured_media":74774,"template":"","meta":[],"product_brand":[],"product_cat":[867,906,905],"product_tag":[],"class_list":{"0":"post-74783","1":"product","2":"type-product","3":"status-publish","4":"has-post-thumbnail","6":"product_cat-byggmarknad","7":"product_cat-flaktar-luftkonditionering","8":"product_cat-klimatkontroll-flaktar","10":"first","11":"instock","12":"sale","13":"taxable","14":"shipping-taxable","15":"purchasable","16":"product-type-simple"},"yoast_head":"<!-- This site is optimized with the Yoast SEO plugin v25.4 - https:\/\/yoast.com\/wordpress\/plugins\/seo\/ -->\n<title>TRUUSK Vattenfl\u00e4kt med Spraydimma - Fj\u00e4rrkontroll - Timerfunktion - Oscillerande - 3 Niv\u00e5er - 3 L Vattentank - 90 W - Med Hjul - TRUUSK - Hem, Tr\u00e4dg\u00e5rd &amp; Fritid<\/title>\n<meta name=\"robots\" content=\"index, follow, max-snippet:-1, max-image-preview:large, max-video-preview:-1\" \/>\n<link rel=\"canonical\" href=\"https:\/\/truusk.store\/sv\/produkt\/truusk-vattenflakt-med-spraydimma-fjarrkontroll-timerfunktion-oscillerande-3-nivaer-3-l-vattentank-90-w-med-hjul\/\" \/>\n<meta property=\"og:locale\" content=\"sv_SE\" \/>\n<meta property=\"og:type\" content=\"article\" \/>\n<meta property=\"og:title\" content=\"TRUUSK Vattenfl\u00e4kt med Spraydimma - Fj\u00e4rrkontroll - Timerfunktion - Oscillerande - 3 Niv\u00e5er - 3 L Vattentank - 90 W - Med Hjul - TRUUSK - Hem, Tr\u00e4dg\u00e5rd &amp; Fritid\" \/>\n<meta property=\"og:description\" content=\"Njut av en uppfriskande bris med TRUUSK fl\u00e4kten med spraydimma tack vare avancerad ultraljudsatomiseringsteknik som snabbt kyler och fuktar luften....\" \/>\n<meta property=\"og:url\" content=\"https:\/\/truusk.store\/sv\/produkt\/truusk-vattenflakt-med-spraydimma-fjarrkontroll-timerfunktion-oscillerande-3-nivaer-3-l-vattentank-90-w-med-hjul\/\" \/>\n<meta property=\"og:site_name\" content=\"TRUUSK - Hem, Tr\u00e4dg\u00e5rd &amp; Fritid\" \/>\n<meta property=\"article:modified_time\" content=\"2026-03-12T07:42:54+00:00\" \/>\n<meta property=\"og:image\" content=\"https:\/\/i0.wp.com\/truusk.se\/wp-content\/uploads\/2025\/06\/flakt-med-vattenkylning-staende-flakt-med-spraydimma-fjarrkontroll-timerfunktion-oscillerande-3-nivaer-3-l-vattentank-90-w-vattenflakt-med-hjul-125-cm-1.webp?fit=2000%2C2000&ssl=1\" \/>\n\t<meta property=\"og:image:width\" content=\"2000\" \/>\n\t<meta property=\"og:image:height\" content=\"2000\" \/>\n\t<meta property=\"og:image:type\" content=\"image\/webp\" \/>\n<meta name=\"twitter:card\" content=\"summary_large_image\" \/>\n<meta name=\"twitter:label1\" content=\"Ber\u00e4knad l\u00e4stid\" \/>\n\t<meta name=\"twitter:data1\" content=\"1 minut\" \/>\n<!-- \/ Yoast SEO plugin. -->","yoast_head_json":{"title":"TRUUSK Vattenfl\u00e4kt med Spraydimma - Fj\u00e4rrkontroll - Timerfunktion - Oscillerande - 3 Niv\u00e5er - 3 L Vattentank - 90 W - Med Hjul - TRUUSK - Hem, Tr\u00e4dg\u00e5rd &amp; Fritid","robots":{"index":"index","follow":"follow","max-snippet":"max-snippet:-1","max-image-preview":"max-image-preview:large","max-video-preview":"max-video-preview:-1"},"canonical":"https:\/\/truusk.store\/sv\/produkt\/truusk-vattenflakt-med-spraydimma-fjarrkontroll-timerfunktion-oscillerande-3-nivaer-3-l-vattentank-90-w-med-hjul\/","og_locale":"sv_SE","og_type":"article","og_title":"TRUUSK Vattenfl\u00e4kt med Spraydimma - Fj\u00e4rrkontroll - Timerfunktion - Oscillerande - 3 Niv\u00e5er - 3 L Vattentank - 90 W - Med Hjul - TRUUSK - Hem, Tr\u00e4dg\u00e5rd &amp; Fritid","og_description":"Njut av en uppfriskande bris med TRUUSK fl\u00e4kten med spraydimma tack vare avancerad ultraljudsatomiseringsteknik som snabbt kyler och fuktar luften....","og_url":"https:\/\/truusk.store\/sv\/produkt\/truusk-vattenflakt-med-spraydimma-fjarrkontroll-timerfunktion-oscillerande-3-nivaer-3-l-vattentank-90-w-med-hjul\/","og_site_name":"TRUUSK - Hem, Tr\u00e4dg\u00e5rd &amp; Fritid","article_modified_time":"2026-03-12T07:42:54+00:00","og_image":[{"width":2000,"height":2000,"url":"https:\/\/i0.wp.com\/truusk.se\/wp-content\/uploads\/2025\/06\/flakt-med-vattenkylning-staende-flakt-med-spraydimma-fjarrkontroll-timerfunktion-oscillerande-3-nivaer-3-l-vattentank-90-w-vattenflakt-med-hjul-125-cm-1.webp?fit=2000%2C2000&ssl=1","type":"image\/webp"}],"twitter_card":"summary_large_image","twitter_misc":{"Ber\u00e4knad l\u00e4stid":"1 minut"},"schema":{"@context":"https:\/\/schema.org","@graph":[{"@type":"WebPage","@id":"https:\/\/truusk.store\/sv\/produkt\/truusk-vattenflakt-med-spraydimma-fjarrkontroll-timerfunktion-oscillerande-3-nivaer-3-l-vattentank-90-w-med-hjul\/","url":"https:\/\/truusk.store\/sv\/produkt\/truusk-vattenflakt-med-spraydimma-fjarrkontroll-timerfunktion-oscillerande-3-nivaer-3-l-vattentank-90-w-med-hjul\/","name":"TRUUSK Vattenfl\u00e4kt med Spraydimma - Fj\u00e4rrkontroll - Timerfunktion - Oscillerande - 3 Niv\u00e5er - 3 L Vattentank - 90 W - Med Hjul - TRUUSK - Hem, Tr\u00e4dg\u00e5rd &amp; Fritid","isPartOf":{"@id":"https:\/\/truusk.store\/sv\/#website"},"primaryImageOfPage":{"@id":"https:\/\/truusk.store\/sv\/produkt\/truusk-vattenflakt-med-spraydimma-fjarrkontroll-timerfunktion-oscillerande-3-nivaer-3-l-vattentank-90-w-med-hjul\/#primaryimage"},"image":{"@id":"https:\/\/truusk.store\/sv\/produkt\/truusk-vattenflakt-med-spraydimma-fjarrkontroll-timerfunktion-oscillerande-3-nivaer-3-l-vattentank-90-w-med-hjul\/#primaryimage"},"thumbnailUrl":"https:\/\/i0.wp.com\/truusk.store\/wp-content\/uploads\/2025\/06\/flakt-med-vattenkylning-staende-flakt-med-spraydimma-fjarrkontroll-timerfunktion-oscillerande-3-nivaer-3-l-vattentank-90-w-vattenflakt-med-hjul-125-cm-1.webp?fit=2000%2C2000&ssl=1","datePublished":"2025-06-06T01:43:48+00:00","dateModified":"2026-03-12T07:42:54+00:00","breadcrumb":{"@id":"https:\/\/truusk.store\/sv\/produkt\/truusk-vattenflakt-med-spraydimma-fjarrkontroll-timerfunktion-oscillerande-3-nivaer-3-l-vattentank-90-w-med-hjul\/#breadcrumb"},"inLanguage":"sv-SE","potentialAction":[{"@type":"ReadAction","target":["https:\/\/truusk.store\/sv\/produkt\/truusk-vattenflakt-med-spraydimma-fjarrkontroll-timerfunktion-oscillerande-3-nivaer-3-l-vattentank-90-w-med-hjul\/"]}]},{"@type":"ImageObject","inLanguage":"sv-SE","@id":"https:\/\/truusk.store\/sv\/produkt\/truusk-vattenflakt-med-spraydimma-fjarrkontroll-timerfunktion-oscillerande-3-nivaer-3-l-vattentank-90-w-med-hjul\/#primaryimage","url":"https:\/\/i0.wp.com\/truusk.store\/wp-content\/uploads\/2025\/06\/flakt-med-vattenkylning-staende-flakt-med-spraydimma-fjarrkontroll-timerfunktion-oscillerande-3-nivaer-3-l-vattentank-90-w-vattenflakt-med-hjul-125-cm-1.webp?fit=2000%2C2000&ssl=1","contentUrl":"https:\/\/i0.wp.com\/truusk.store\/wp-content\/uploads\/2025\/06\/flakt-med-vattenkylning-staende-flakt-med-spraydimma-fjarrkontroll-timerfunktion-oscillerande-3-nivaer-3-l-vattentank-90-w-vattenflakt-med-hjul-125-cm-1.webp?fit=2000%2C2000&ssl=1","width":2000,"height":2000},{"@type":"BreadcrumbList","@id":"https:\/\/truusk.store\/sv\/produkt\/truusk-vattenflakt-med-spraydimma-fjarrkontroll-timerfunktion-oscillerande-3-nivaer-3-l-vattentank-90-w-med-hjul\/#breadcrumb","itemListElement":[{"@type":"ListItem","position":1,"name":"Home","item":"https:\/\/truusk.store\/sv\/"},{"@type":"ListItem","position":2,"name":"Shop","item":"https:\/\/truusk.store\/shop\/"},{"@type":"ListItem","position":3,"name":"TRUUSK Vattenfl\u00e4kt med Spraydimma &#8211; Fj\u00e4rrkontroll &#8211; Timerfunktion &#8211; Oscillerande &#8211; 3 Niv\u00e5er &#8211; 3 L Vattentank &#8211; 90 W &#8211; Med Hjul &#8211;"}]},{"@type":"WebSite","@id":"https:\/\/truusk.store\/sv\/#website","url":"https:\/\/truusk.store\/sv\/","name":"TRUUSK - Hem, Tr\u00e4dg\u00e5rd & Fritid","description":"","publisher":{"@id":"https:\/\/truusk.store\/sv\/#organization"},"potentialAction":[{"@type":"SearchAction","target":{"@type":"EntryPoint","urlTemplate":"https:\/\/truusk.store\/sv\/?s={search_term_string}"},"query-input":{"@type":"PropertyValueSpecification","valueRequired":true,"valueName":"search_term_string"}}],"inLanguage":"sv-SE"},{"@type":"Organization","@id":"https:\/\/truusk.store\/sv\/#organization","name":"TRUUSK - Hem, Tr\u00e4dg\u00e5rd & Fritid","url":"https:\/\/truusk.store\/sv\/","logo":{"@type":"ImageObject","inLanguage":"sv-SE","@id":"https:\/\/truusk.store\/sv\/#\/schema\/logo\/image\/","url":"https:\/\/i0.wp.com\/truusk.store\/wp-content\/uploads\/2026\/03\/cropped-TRUUSK.png?fit=2032%2C917&ssl=1","contentUrl":"https:\/\/i0.wp.com\/truusk.store\/wp-content\/uploads\/2026\/03\/cropped-TRUUSK.png?fit=2032%2C917&ssl=1","width":2032,"height":917,"caption":"TRUUSK - Hem, Tr\u00e4dg\u00e5rd & Fritid"},"image":{"@id":"https:\/\/truusk.store\/sv\/#\/schema\/logo\/image\/"}}]}},"jetpack_sharing_enabled":true,"_links":{"self":[{"href":"https:\/\/truusk.store\/sv\/wp-json\/wp\/v2\/product\/74783","targetHints":{"allow":["GET"]}}],"collection":[{"href":"https:\/\/truusk.store\/sv\/wp-json\/wp\/v2\/product"}],"about":[{"href":"https:\/\/truusk.store\/sv\/wp-json\/wp\/v2\/types\/product"}],"wp:featuredmedia":[{"embeddable":true,"href":"https:\/\/truusk.store\/sv\/wp-json\/wp\/v2\/media\/74774"}],"wp:attachment":[{"href":"https:\/\/truusk.store\/sv\/wp-json\/wp\/v2\/media?parent=74783"}],"wp:term":[{"taxonomy":"product_brand","embeddable":true,"href":"https:\/\/truusk.store\/sv\/wp-json\/wp\/v2\/product_brand?post=74783"},{"taxonomy":"product_cat","embeddable":true,"href":"https:\/\/truusk.store\/sv\/wp-json\/wp\/v2\/product_cat?post=74783"},{"taxonomy":"product_tag","embeddable":true,"href":"https:\/\/truusk.store\/sv\/wp-json\/wp\/v2\/product_tag?post=74783"}],"curies":[{"name":"wp","href":"https:\/\/api.w.org\/{rel}","templated":true}]}}