{"id":74863,"date":"2025-06-06T02:51:44","date_gmt":"2025-06-06T01:51:44","guid":{"rendered":"https:\/\/truusk.store\/product\/bankdyna-105-x-46-x-125-cm-bankkudde-med-band-utomhus-sittkudde-vattenavvisande-stolskudde-upf50-sittunderlagg-sitsdyna-bankdyna-for-tradgardsmobler-sittbank-gra\/"},"modified":"2026-03-12T08:40:57","modified_gmt":"2026-03-12T07:40:57","slug":"truusk-bankdyna-105-x-46-x-125-cm-vattenavvisande-upf50-gra-for-tradgardsmobler","status":"publish","type":"product","link":"https:\/\/truusk.store\/sv\/produkt\/truusk-bankdyna-105-x-46-x-125-cm-vattenavvisande-upf50-gra-for-tradgardsmobler\/","title":{"rendered":"TRUUSK B\u00e4nkdyna 105 x 46 x 12,5 cm &#8211; Vattenavvisande &#8211; UPF50+ &#8211; Gr\u00e5 &#8211; F\u00f6r Tr\u00e4dg\u00e5rdsm\u00f6bler"},"content":{"rendered":"<p>Upplev komforten med TRUUSK sittkudde, idealisk f\u00f6r varje tr\u00e4dg\u00e5rdsoas. Med en 12,5 cm tjock, mjuk fyllning och en h\u00f6gkvalitativ 200g\/m\u00b2 tyg med UPF50+ skydd \u00e4r b\u00e4nkkudden vatten- och st\u00e4nkskyddad. Denna b\u00e4nkkudde, passande f\u00f6r de flesta tr\u00e4dg\u00e5rdsstolar, erbjuder mysig avkoppling i solskenet.<\/p>\n<p>Beskrivning:<\/p>\n<ul>\n<li> PFAS-fri C0-behandlad kudd\u00f6verdrag<\/li>\n<li> En tjocklek p\u00e5 12,5 cm ger stort st\u00f6d och stoppning<\/li>\n<li> UPF50+ bel\u00e4ggning p\u00e5 sittkudden skyddar mot UV-str\u00e5lar<\/li>\n<li> Vattenavvisande tyg p\u00e5 sittkudden skyddar mot st\u00e4nk och l\u00e4tt regn<\/li>\n<li> Tv\u00e5 band f\u00e4ster sittkudden p\u00e5 stolen och f\u00f6rhindrar att den glider<\/li>\n<li> Gener\u00f6st dimensionerad, passar f\u00f6r de flesta utomhusfritidsstolar<\/li>\n<\/ul>\n<p> Tekniska data:<\/p>\n<ul>\n<li> F\u00e4rg: Gr\u00e5<\/li>\n<li> Material: Polyester, skum<\/li>\n<li> Totala dimensioner: 105L x 46B x 12,5T cm<\/li>\n<li> Obs: Var v\u00e4nlig m\u00e4t din sittstorlek noggrant innan k\u00f6p<\/li>\n<\/ul>\n<p>Leveransinneh\u00e5ll:<\/p>\n<ul>\n<li> 1 x sittkudde f\u00f6r en b\u00e4nk;<\/li>\n<\/ul>\n","protected":false},"excerpt":{"rendered":"<p>Upplev komforten med TRUUSK sittkudde, idealisk f\u00f6r varje tr\u00e4dg\u00e5rdsoas. Med en 12,5 cm tjock, mjuk fyllning och en h\u00f6gkvalitativ 200g\/m\u00b2&#8230;<\/p>\n","protected":false},"featured_media":74854,"template":"","meta":[],"product_brand":[],"product_cat":[858,450,1021],"product_tag":[],"class_list":{"0":"post-74863","1":"product","2":"type-product","3":"status-publish","4":"has-post-thumbnail","6":"product_cat-tradgard-terrass","7":"product_cat-tradgardsmobler","8":"product_cat-tradgardssitskuddar","10":"first","11":"instock","12":"sale","13":"taxable","14":"shipping-taxable","15":"purchasable","16":"product-type-simple"},"yoast_head":"<!-- This site is optimized with the Yoast SEO plugin v25.4 - https:\/\/yoast.com\/wordpress\/plugins\/seo\/ -->\n<title>TRUUSK B\u00e4nkdyna 105 x 46 x 12,5 cm - Vattenavvisande - UPF50+ - Gr\u00e5 - F\u00f6r Tr\u00e4dg\u00e5rdsm\u00f6bler - TRUUSK - Hem, Tr\u00e4dg\u00e5rd &amp; Fritid<\/title>\n<meta name=\"robots\" content=\"index, follow, max-snippet:-1, max-image-preview:large, max-video-preview:-1\" \/>\n<link rel=\"canonical\" href=\"https:\/\/truusk.store\/sv\/produkt\/truusk-bankdyna-105-x-46-x-125-cm-vattenavvisande-upf50-gra-for-tradgardsmobler\/\" \/>\n<meta property=\"og:locale\" content=\"sv_SE\" \/>\n<meta property=\"og:type\" content=\"article\" \/>\n<meta property=\"og:title\" content=\"TRUUSK B\u00e4nkdyna 105 x 46 x 12,5 cm - Vattenavvisande - UPF50+ - Gr\u00e5 - F\u00f6r Tr\u00e4dg\u00e5rdsm\u00f6bler - TRUUSK - Hem, Tr\u00e4dg\u00e5rd &amp; Fritid\" \/>\n<meta property=\"og:description\" content=\"Upplev komforten med TRUUSK sittkudde, idealisk f\u00f6r varje tr\u00e4dg\u00e5rdsoas. Med en 12,5 cm tjock, mjuk fyllning och en h\u00f6gkvalitativ 200g\/m\u00b2...\" \/>\n<meta property=\"og:url\" content=\"https:\/\/truusk.store\/sv\/produkt\/truusk-bankdyna-105-x-46-x-125-cm-vattenavvisande-upf50-gra-for-tradgardsmobler\/\" \/>\n<meta property=\"og:site_name\" content=\"TRUUSK - Hem, Tr\u00e4dg\u00e5rd &amp; Fritid\" \/>\n<meta property=\"article:modified_time\" content=\"2026-03-12T07:40:57+00:00\" \/>\n<meta property=\"og:image\" content=\"https:\/\/i0.wp.com\/truusk.se\/wp-content\/uploads\/2025\/06\/bankdyna-105-x-46-x-125-cm-bankkudde-med-band-utomhus-sittkudde-vattenavvisande-stolskudde-upf50-sittunderlagg-sitsdyna-bankdyna-for-tradgardsmobler-sittbank-gra-1.webp?fit=2000%2C2000&ssl=1\" \/>\n\t<meta property=\"og:image:width\" content=\"2000\" \/>\n\t<meta property=\"og:image:height\" content=\"2000\" \/>\n\t<meta property=\"og:image:type\" content=\"image\/webp\" \/>\n<meta name=\"twitter:card\" content=\"summary_large_image\" \/>\n<meta name=\"twitter:label1\" content=\"Ber\u00e4knad l\u00e4stid\" \/>\n\t<meta name=\"twitter:data1\" content=\"1 minut\" \/>\n<!-- \/ Yoast SEO plugin. -->","yoast_head_json":{"title":"TRUUSK B\u00e4nkdyna 105 x 46 x 12,5 cm - Vattenavvisande - UPF50+ - Gr\u00e5 - F\u00f6r Tr\u00e4dg\u00e5rdsm\u00f6bler - TRUUSK - Hem, Tr\u00e4dg\u00e5rd &amp; Fritid","robots":{"index":"index","follow":"follow","max-snippet":"max-snippet:-1","max-image-preview":"max-image-preview:large","max-video-preview":"max-video-preview:-1"},"canonical":"https:\/\/truusk.store\/sv\/produkt\/truusk-bankdyna-105-x-46-x-125-cm-vattenavvisande-upf50-gra-for-tradgardsmobler\/","og_locale":"sv_SE","og_type":"article","og_title":"TRUUSK B\u00e4nkdyna 105 x 46 x 12,5 cm - Vattenavvisande - UPF50+ - Gr\u00e5 - F\u00f6r Tr\u00e4dg\u00e5rdsm\u00f6bler - TRUUSK - Hem, Tr\u00e4dg\u00e5rd &amp; Fritid","og_description":"Upplev komforten med TRUUSK sittkudde, idealisk f\u00f6r varje tr\u00e4dg\u00e5rdsoas. Med en 12,5 cm tjock, mjuk fyllning och en h\u00f6gkvalitativ 200g\/m\u00b2...","og_url":"https:\/\/truusk.store\/sv\/produkt\/truusk-bankdyna-105-x-46-x-125-cm-vattenavvisande-upf50-gra-for-tradgardsmobler\/","og_site_name":"TRUUSK - Hem, Tr\u00e4dg\u00e5rd &amp; Fritid","article_modified_time":"2026-03-12T07:40:57+00:00","og_image":[{"width":2000,"height":2000,"url":"https:\/\/i0.wp.com\/truusk.se\/wp-content\/uploads\/2025\/06\/bankdyna-105-x-46-x-125-cm-bankkudde-med-band-utomhus-sittkudde-vattenavvisande-stolskudde-upf50-sittunderlagg-sitsdyna-bankdyna-for-tradgardsmobler-sittbank-gra-1.webp?fit=2000%2C2000&ssl=1","type":"image\/webp"}],"twitter_card":"summary_large_image","twitter_misc":{"Ber\u00e4knad l\u00e4stid":"1 minut"},"schema":{"@context":"https:\/\/schema.org","@graph":[{"@type":"WebPage","@id":"https:\/\/truusk.store\/sv\/produkt\/truusk-bankdyna-105-x-46-x-125-cm-vattenavvisande-upf50-gra-for-tradgardsmobler\/","url":"https:\/\/truusk.store\/sv\/produkt\/truusk-bankdyna-105-x-46-x-125-cm-vattenavvisande-upf50-gra-for-tradgardsmobler\/","name":"TRUUSK B\u00e4nkdyna 105 x 46 x 12,5 cm - Vattenavvisande - UPF50+ - Gr\u00e5 - F\u00f6r Tr\u00e4dg\u00e5rdsm\u00f6bler - TRUUSK - Hem, Tr\u00e4dg\u00e5rd &amp; Fritid","isPartOf":{"@id":"https:\/\/truusk.store\/sv\/#website"},"primaryImageOfPage":{"@id":"https:\/\/truusk.store\/sv\/produkt\/truusk-bankdyna-105-x-46-x-125-cm-vattenavvisande-upf50-gra-for-tradgardsmobler\/#primaryimage"},"image":{"@id":"https:\/\/truusk.store\/sv\/produkt\/truusk-bankdyna-105-x-46-x-125-cm-vattenavvisande-upf50-gra-for-tradgardsmobler\/#primaryimage"},"thumbnailUrl":"https:\/\/i0.wp.com\/truusk.store\/wp-content\/uploads\/2025\/06\/bankdyna-105-x-46-x-125-cm-bankkudde-med-band-utomhus-sittkudde-vattenavvisande-stolskudde-upf50-sittunderlagg-sitsdyna-bankdyna-for-tradgardsmobler-sittbank-gra-1.webp?fit=2000%2C2000&ssl=1","datePublished":"2025-06-06T01:51:44+00:00","dateModified":"2026-03-12T07:40:57+00:00","breadcrumb":{"@id":"https:\/\/truusk.store\/sv\/produkt\/truusk-bankdyna-105-x-46-x-125-cm-vattenavvisande-upf50-gra-for-tradgardsmobler\/#breadcrumb"},"inLanguage":"sv-SE","potentialAction":[{"@type":"ReadAction","target":["https:\/\/truusk.store\/sv\/produkt\/truusk-bankdyna-105-x-46-x-125-cm-vattenavvisande-upf50-gra-for-tradgardsmobler\/"]}]},{"@type":"ImageObject","inLanguage":"sv-SE","@id":"https:\/\/truusk.store\/sv\/produkt\/truusk-bankdyna-105-x-46-x-125-cm-vattenavvisande-upf50-gra-for-tradgardsmobler\/#primaryimage","url":"https:\/\/i0.wp.com\/truusk.store\/wp-content\/uploads\/2025\/06\/bankdyna-105-x-46-x-125-cm-bankkudde-med-band-utomhus-sittkudde-vattenavvisande-stolskudde-upf50-sittunderlagg-sitsdyna-bankdyna-for-tradgardsmobler-sittbank-gra-1.webp?fit=2000%2C2000&ssl=1","contentUrl":"https:\/\/i0.wp.com\/truusk.store\/wp-content\/uploads\/2025\/06\/bankdyna-105-x-46-x-125-cm-bankkudde-med-band-utomhus-sittkudde-vattenavvisande-stolskudde-upf50-sittunderlagg-sitsdyna-bankdyna-for-tradgardsmobler-sittbank-gra-1.webp?fit=2000%2C2000&ssl=1","width":2000,"height":2000},{"@type":"BreadcrumbList","@id":"https:\/\/truusk.store\/sv\/produkt\/truusk-bankdyna-105-x-46-x-125-cm-vattenavvisande-upf50-gra-for-tradgardsmobler\/#breadcrumb","itemListElement":[{"@type":"ListItem","position":1,"name":"Home","item":"https:\/\/truusk.store\/sv\/"},{"@type":"ListItem","position":2,"name":"Shop","item":"https:\/\/truusk.store\/shop\/"},{"@type":"ListItem","position":3,"name":"TRUUSK B\u00e4nkdyna 105 x 46 x 12,5 cm &#8211; Vattenavvisande &#8211; UPF50+ &#8211; Gr\u00e5 &#8211; F\u00f6r Tr\u00e4dg\u00e5rdsm\u00f6bler"}]},{"@type":"WebSite","@id":"https:\/\/truusk.store\/sv\/#website","url":"https:\/\/truusk.store\/sv\/","name":"TRUUSK - Hem, Tr\u00e4dg\u00e5rd & Fritid","description":"","publisher":{"@id":"https:\/\/truusk.store\/sv\/#organization"},"potentialAction":[{"@type":"SearchAction","target":{"@type":"EntryPoint","urlTemplate":"https:\/\/truusk.store\/sv\/?s={search_term_string}"},"query-input":{"@type":"PropertyValueSpecification","valueRequired":true,"valueName":"search_term_string"}}],"inLanguage":"sv-SE"},{"@type":"Organization","@id":"https:\/\/truusk.store\/sv\/#organization","name":"TRUUSK - Hem, Tr\u00e4dg\u00e5rd & Fritid","url":"https:\/\/truusk.store\/sv\/","logo":{"@type":"ImageObject","inLanguage":"sv-SE","@id":"https:\/\/truusk.store\/sv\/#\/schema\/logo\/image\/","url":"https:\/\/i0.wp.com\/truusk.store\/wp-content\/uploads\/2026\/03\/cropped-TRUUSK.png?fit=2032%2C917&ssl=1","contentUrl":"https:\/\/i0.wp.com\/truusk.store\/wp-content\/uploads\/2026\/03\/cropped-TRUUSK.png?fit=2032%2C917&ssl=1","width":2032,"height":917,"caption":"TRUUSK - Hem, Tr\u00e4dg\u00e5rd & Fritid"},"image":{"@id":"https:\/\/truusk.store\/sv\/#\/schema\/logo\/image\/"}}]}},"jetpack_sharing_enabled":true,"_links":{"self":[{"href":"https:\/\/truusk.store\/sv\/wp-json\/wp\/v2\/product\/74863","targetHints":{"allow":["GET"]}}],"collection":[{"href":"https:\/\/truusk.store\/sv\/wp-json\/wp\/v2\/product"}],"about":[{"href":"https:\/\/truusk.store\/sv\/wp-json\/wp\/v2\/types\/product"}],"wp:featuredmedia":[{"embeddable":true,"href":"https:\/\/truusk.store\/sv\/wp-json\/wp\/v2\/media\/74854"}],"wp:attachment":[{"href":"https:\/\/truusk.store\/sv\/wp-json\/wp\/v2\/media?parent=74863"}],"wp:term":[{"taxonomy":"product_brand","embeddable":true,"href":"https:\/\/truusk.store\/sv\/wp-json\/wp\/v2\/product_brand?post=74863"},{"taxonomy":"product_cat","embeddable":true,"href":"https:\/\/truusk.store\/sv\/wp-json\/wp\/v2\/product_cat?post=74863"},{"taxonomy":"product_tag","embeddable":true,"href":"https:\/\/truusk.store\/sv\/wp-json\/wp\/v2\/product_tag?post=74863"}],"curies":[{"name":"wp","href":"https:\/\/api.w.org\/{rel}","templated":true}]}}