{"id":74903,"date":"2025-06-06T02:55:39","date_gmt":"2025-06-06T01:55:39","guid":{"rendered":"https:\/\/truusk.store\/product\/rullande-pall-hojdjusterbar-med-ryggstod-vridpall-59-75-cm-arbetspall-360-roterande-pall-kontorspall-for-kontor-salong-massage-spa-svart\/"},"modified":"2026-03-12T08:44:06","modified_gmt":"2026-03-12T07:44:06","slug":"truusk-roterande-kontorspall-hojdjusterbar-med-ryggstod-360-vridbar-for-kontor-salong-massage-spa-svart","status":"publish","type":"product","link":"https:\/\/truusk.store\/sv\/produkt\/truusk-roterande-kontorspall-hojdjusterbar-med-ryggstod-360-vridbar-for-kontor-salong-massage-spa-svart\/","title":{"rendered":"TRUUSK Roterande Kontorspall &#8211; H\u00f6jdjusterbar med Ryggst\u00f6d &#8211; 360\u00b0 Vridbar &#8211; F\u00f6r Kontor, Salong, Massage, Spa &#8211; Svart"},"content":{"rendered":"<p>Uppt\u00e4ck bekv\u00e4mt sittande med TRUUSK rullpall, din nya favorit f\u00f6r salonger! Sv\u00e4ngpallen \u00e4r fylld med mjukt skum och kl\u00e4dd med l\u00e4tt att underh\u00e5lla konstl\u00e4der, vilket garanterar f\u00f6rstklassig komfort. H\u00f6jden p\u00e5 arbetspallen kan justeras fr\u00e5n 59 cm till 75 cm f\u00f6r att passa perfekt till ditt arbetsomr\u00e5de, vare sig det \u00e4r i en tatueringsstudio eller hemmakontor. R\u00f6r dig l\u00e4tt p\u00e5 fem universella hjul som m\u00f6jligg\u00f6r en 360-graders rotation. Perfekt f\u00f6r fris\u00f6rsalonger, barer och mer.<\/p>\n<p>Beskrivning:<\/p>\n<ul>\n<li> Den tjocka skumfyllningen i arbetspallen ger \u00f6kad komfort \u00e4ven vid l\u00e5nga sittperioder<\/li>\n<li> Konstl\u00e4derbel\u00e4ggningen p\u00e5 arbetspallen \u00e4r vattenavvisande och l\u00e4tt att underh\u00e5lla<\/li>\n<li> Inklusive rygg- och fotst\u00f6d f\u00f6r extra st\u00f6d och komfort<\/li>\n<li> Justerbar sitth\u00f6jd p\u00e5 rullpallen fr\u00e5n 59 cm till 75 cm<\/li>\n<li> Utrustad med fem universella hjul f\u00f6r smidig r\u00f6rlighet<\/li>\n<li> Modern design som smidigt passar in i fris\u00f6rsalonger, barer och kontor<\/li>\n<li> Enkel montering kr\u00e4vs<\/li>\n<\/ul>\n<p> Tekniska data:<\/p>\n<ul>\n<li> F\u00e4rg: Svart<\/li>\n<li> Material: Konstl\u00e4der, skum, flerskiktsplatta, metall<\/li>\n<li> Totala dimensioner: 43L x 43B x 59-75H cm<\/li>\n<li> Sittm\u00e5tt: 37B x 33T x 49-65H cm<\/li>\n<li> Sitt tjocklek: 5 cm<\/li>\n<li> Ryggm\u00e5tt: 35B x 10H cm<\/li>\n<li> B\u00e4rkapacitet: 120 kg<\/li>\n<\/ul>\n<p>Leveransinneh\u00e5ll:<\/p>\n<ul>\n<li> 1 x rullpall<\/li>\n<li> 1 x handbok<\/li>\n<\/ul>\n","protected":false},"excerpt":{"rendered":"<p>Uppt\u00e4ck bekv\u00e4mt sittande med TRUUSK rullpall, din nya favorit f\u00f6r salonger! Sv\u00e4ngpallen \u00e4r fylld med mjukt skum och kl\u00e4dd med&#8230;<\/p>\n","protected":false},"featured_media":74894,"template":"","meta":[],"product_brand":[],"product_cat":[872,871,961],"product_tag":[],"class_list":{"0":"post-74903","1":"product","2":"type-product","3":"status-publish","4":"has-post-thumbnail","6":"product_cat-hemmakontor-arbetsplats","7":"product_cat-hus-hem","8":"product_cat-rullpallar","10":"first","11":"instock","12":"sale","13":"taxable","14":"shipping-taxable","15":"purchasable","16":"product-type-simple"},"yoast_head":"<!-- This site is optimized with the Yoast SEO plugin v25.4 - https:\/\/yoast.com\/wordpress\/plugins\/seo\/ -->\n<title>TRUUSK Roterande Kontorspall - H\u00f6jdjusterbar med Ryggst\u00f6d - 360\u00b0 Vridbar - F\u00f6r Kontor, Salong, Massage, Spa - Svart - TRUUSK - Hem, Tr\u00e4dg\u00e5rd &amp; Fritid<\/title>\n<meta name=\"robots\" content=\"index, follow, max-snippet:-1, max-image-preview:large, max-video-preview:-1\" \/>\n<link rel=\"canonical\" href=\"https:\/\/truusk.store\/sv\/produkt\/truusk-roterande-kontorspall-hojdjusterbar-med-ryggstod-360-vridbar-for-kontor-salong-massage-spa-svart\/\" \/>\n<meta property=\"og:locale\" content=\"sv_SE\" \/>\n<meta property=\"og:type\" content=\"article\" \/>\n<meta property=\"og:title\" content=\"TRUUSK Roterande Kontorspall - H\u00f6jdjusterbar med Ryggst\u00f6d - 360\u00b0 Vridbar - F\u00f6r Kontor, Salong, Massage, Spa - Svart - TRUUSK - Hem, Tr\u00e4dg\u00e5rd &amp; Fritid\" \/>\n<meta property=\"og:description\" content=\"Uppt\u00e4ck bekv\u00e4mt sittande med TRUUSK rullpall, din nya favorit f\u00f6r salonger! Sv\u00e4ngpallen \u00e4r fylld med mjukt skum och kl\u00e4dd med...\" \/>\n<meta property=\"og:url\" content=\"https:\/\/truusk.store\/sv\/produkt\/truusk-roterande-kontorspall-hojdjusterbar-med-ryggstod-360-vridbar-for-kontor-salong-massage-spa-svart\/\" \/>\n<meta property=\"og:site_name\" content=\"TRUUSK - Hem, Tr\u00e4dg\u00e5rd &amp; Fritid\" \/>\n<meta property=\"article:modified_time\" content=\"2026-03-12T07:44:06+00:00\" \/>\n<meta property=\"og:image\" content=\"https:\/\/i0.wp.com\/truusk.se\/wp-content\/uploads\/2025\/06\/rullande-pall-hojdjusterbar-med-ryggstod-vridpall-59-75-cm-arbetspall-360-roterande-pall-kontorspall-for-kontor-salong-massage-spa-svart-1.webp?fit=2000%2C2000&ssl=1\" \/>\n\t<meta property=\"og:image:width\" content=\"2000\" \/>\n\t<meta property=\"og:image:height\" content=\"2000\" \/>\n\t<meta property=\"og:image:type\" content=\"image\/webp\" \/>\n<meta name=\"twitter:card\" content=\"summary_large_image\" \/>\n<meta name=\"twitter:label1\" content=\"Ber\u00e4knad l\u00e4stid\" \/>\n\t<meta name=\"twitter:data1\" content=\"1 minut\" \/>\n<!-- \/ Yoast SEO plugin. -->","yoast_head_json":{"title":"TRUUSK Roterande Kontorspall - H\u00f6jdjusterbar med Ryggst\u00f6d - 360\u00b0 Vridbar - F\u00f6r Kontor, Salong, Massage, Spa - Svart - TRUUSK - Hem, Tr\u00e4dg\u00e5rd &amp; Fritid","robots":{"index":"index","follow":"follow","max-snippet":"max-snippet:-1","max-image-preview":"max-image-preview:large","max-video-preview":"max-video-preview:-1"},"canonical":"https:\/\/truusk.store\/sv\/produkt\/truusk-roterande-kontorspall-hojdjusterbar-med-ryggstod-360-vridbar-for-kontor-salong-massage-spa-svart\/","og_locale":"sv_SE","og_type":"article","og_title":"TRUUSK Roterande Kontorspall - H\u00f6jdjusterbar med Ryggst\u00f6d - 360\u00b0 Vridbar - F\u00f6r Kontor, Salong, Massage, Spa - Svart - TRUUSK - Hem, Tr\u00e4dg\u00e5rd &amp; Fritid","og_description":"Uppt\u00e4ck bekv\u00e4mt sittande med TRUUSK rullpall, din nya favorit f\u00f6r salonger! Sv\u00e4ngpallen \u00e4r fylld med mjukt skum och kl\u00e4dd med...","og_url":"https:\/\/truusk.store\/sv\/produkt\/truusk-roterande-kontorspall-hojdjusterbar-med-ryggstod-360-vridbar-for-kontor-salong-massage-spa-svart\/","og_site_name":"TRUUSK - Hem, Tr\u00e4dg\u00e5rd &amp; Fritid","article_modified_time":"2026-03-12T07:44:06+00:00","og_image":[{"width":2000,"height":2000,"url":"https:\/\/i0.wp.com\/truusk.se\/wp-content\/uploads\/2025\/06\/rullande-pall-hojdjusterbar-med-ryggstod-vridpall-59-75-cm-arbetspall-360-roterande-pall-kontorspall-for-kontor-salong-massage-spa-svart-1.webp?fit=2000%2C2000&ssl=1","type":"image\/webp"}],"twitter_card":"summary_large_image","twitter_misc":{"Ber\u00e4knad l\u00e4stid":"1 minut"},"schema":{"@context":"https:\/\/schema.org","@graph":[{"@type":"WebPage","@id":"https:\/\/truusk.store\/sv\/produkt\/truusk-roterande-kontorspall-hojdjusterbar-med-ryggstod-360-vridbar-for-kontor-salong-massage-spa-svart\/","url":"https:\/\/truusk.store\/sv\/produkt\/truusk-roterande-kontorspall-hojdjusterbar-med-ryggstod-360-vridbar-for-kontor-salong-massage-spa-svart\/","name":"TRUUSK Roterande Kontorspall - H\u00f6jdjusterbar med Ryggst\u00f6d - 360\u00b0 Vridbar - F\u00f6r Kontor, Salong, Massage, Spa - Svart - TRUUSK - Hem, Tr\u00e4dg\u00e5rd &amp; Fritid","isPartOf":{"@id":"https:\/\/truusk.store\/sv\/#website"},"primaryImageOfPage":{"@id":"https:\/\/truusk.store\/sv\/produkt\/truusk-roterande-kontorspall-hojdjusterbar-med-ryggstod-360-vridbar-for-kontor-salong-massage-spa-svart\/#primaryimage"},"image":{"@id":"https:\/\/truusk.store\/sv\/produkt\/truusk-roterande-kontorspall-hojdjusterbar-med-ryggstod-360-vridbar-for-kontor-salong-massage-spa-svart\/#primaryimage"},"thumbnailUrl":"https:\/\/i0.wp.com\/truusk.store\/wp-content\/uploads\/2025\/06\/rullande-pall-hojdjusterbar-med-ryggstod-vridpall-59-75-cm-arbetspall-360-roterande-pall-kontorspall-for-kontor-salong-massage-spa-svart-1.webp?fit=2000%2C2000&ssl=1","datePublished":"2025-06-06T01:55:39+00:00","dateModified":"2026-03-12T07:44:06+00:00","breadcrumb":{"@id":"https:\/\/truusk.store\/sv\/produkt\/truusk-roterande-kontorspall-hojdjusterbar-med-ryggstod-360-vridbar-for-kontor-salong-massage-spa-svart\/#breadcrumb"},"inLanguage":"sv-SE","potentialAction":[{"@type":"ReadAction","target":["https:\/\/truusk.store\/sv\/produkt\/truusk-roterande-kontorspall-hojdjusterbar-med-ryggstod-360-vridbar-for-kontor-salong-massage-spa-svart\/"]}]},{"@type":"ImageObject","inLanguage":"sv-SE","@id":"https:\/\/truusk.store\/sv\/produkt\/truusk-roterande-kontorspall-hojdjusterbar-med-ryggstod-360-vridbar-for-kontor-salong-massage-spa-svart\/#primaryimage","url":"https:\/\/i0.wp.com\/truusk.store\/wp-content\/uploads\/2025\/06\/rullande-pall-hojdjusterbar-med-ryggstod-vridpall-59-75-cm-arbetspall-360-roterande-pall-kontorspall-for-kontor-salong-massage-spa-svart-1.webp?fit=2000%2C2000&ssl=1","contentUrl":"https:\/\/i0.wp.com\/truusk.store\/wp-content\/uploads\/2025\/06\/rullande-pall-hojdjusterbar-med-ryggstod-vridpall-59-75-cm-arbetspall-360-roterande-pall-kontorspall-for-kontor-salong-massage-spa-svart-1.webp?fit=2000%2C2000&ssl=1","width":2000,"height":2000},{"@type":"BreadcrumbList","@id":"https:\/\/truusk.store\/sv\/produkt\/truusk-roterande-kontorspall-hojdjusterbar-med-ryggstod-360-vridbar-for-kontor-salong-massage-spa-svart\/#breadcrumb","itemListElement":[{"@type":"ListItem","position":1,"name":"Home","item":"https:\/\/truusk.store\/sv\/"},{"@type":"ListItem","position":2,"name":"Shop","item":"https:\/\/truusk.store\/shop\/"},{"@type":"ListItem","position":3,"name":"TRUUSK Roterande Kontorspall &#8211; H\u00f6jdjusterbar med Ryggst\u00f6d &#8211; 360\u00b0 Vridbar &#8211; F\u00f6r Kontor, Salong, Massage, Spa &#8211; Svart"}]},{"@type":"WebSite","@id":"https:\/\/truusk.store\/sv\/#website","url":"https:\/\/truusk.store\/sv\/","name":"TRUUSK - Hem, Tr\u00e4dg\u00e5rd & Fritid","description":"","publisher":{"@id":"https:\/\/truusk.store\/sv\/#organization"},"potentialAction":[{"@type":"SearchAction","target":{"@type":"EntryPoint","urlTemplate":"https:\/\/truusk.store\/sv\/?s={search_term_string}"},"query-input":{"@type":"PropertyValueSpecification","valueRequired":true,"valueName":"search_term_string"}}],"inLanguage":"sv-SE"},{"@type":"Organization","@id":"https:\/\/truusk.store\/sv\/#organization","name":"TRUUSK - Hem, Tr\u00e4dg\u00e5rd & Fritid","url":"https:\/\/truusk.store\/sv\/","logo":{"@type":"ImageObject","inLanguage":"sv-SE","@id":"https:\/\/truusk.store\/sv\/#\/schema\/logo\/image\/","url":"https:\/\/i0.wp.com\/truusk.store\/wp-content\/uploads\/2026\/03\/cropped-TRUUSK.png?fit=2032%2C917&ssl=1","contentUrl":"https:\/\/i0.wp.com\/truusk.store\/wp-content\/uploads\/2026\/03\/cropped-TRUUSK.png?fit=2032%2C917&ssl=1","width":2032,"height":917,"caption":"TRUUSK - Hem, Tr\u00e4dg\u00e5rd & Fritid"},"image":{"@id":"https:\/\/truusk.store\/sv\/#\/schema\/logo\/image\/"}}]}},"jetpack_sharing_enabled":true,"_links":{"self":[{"href":"https:\/\/truusk.store\/sv\/wp-json\/wp\/v2\/product\/74903","targetHints":{"allow":["GET"]}}],"collection":[{"href":"https:\/\/truusk.store\/sv\/wp-json\/wp\/v2\/product"}],"about":[{"href":"https:\/\/truusk.store\/sv\/wp-json\/wp\/v2\/types\/product"}],"wp:featuredmedia":[{"embeddable":true,"href":"https:\/\/truusk.store\/sv\/wp-json\/wp\/v2\/media\/74894"}],"wp:attachment":[{"href":"https:\/\/truusk.store\/sv\/wp-json\/wp\/v2\/media?parent=74903"}],"wp:term":[{"taxonomy":"product_brand","embeddable":true,"href":"https:\/\/truusk.store\/sv\/wp-json\/wp\/v2\/product_brand?post=74903"},{"taxonomy":"product_cat","embeddable":true,"href":"https:\/\/truusk.store\/sv\/wp-json\/wp\/v2\/product_cat?post=74903"},{"taxonomy":"product_tag","embeddable":true,"href":"https:\/\/truusk.store\/sv\/wp-json\/wp\/v2\/product_tag?post=74903"}],"curies":[{"name":"wp","href":"https:\/\/api.w.org\/{rel}","templated":true}]}}