{"id":74923,"date":"2025-06-06T02:57:38","date_gmt":"2025-06-06T01:57:38","guid":{"rendered":"https:\/\/truusk.store\/product\/hollywood-svang-med-justerbart-solskydd-2-sits-tradgardssvang-vaderbestandig-svangbank-belastbar-upp-till-240kg-tradgardsstol-for-tradgard-terrass-142-x-112-x-162cm-svart\/"},"modified":"2026-03-12T08:41:19","modified_gmt":"2026-03-12T07:41:19","slug":"truusk-hollywood-svang-med-justerbart-solskydd-2-sits-tradgardssvang-vaderbestandig-svangbank-belastbar-upp-till-240kg-for","status":"publish","type":"product","link":"https:\/\/truusk.store\/sv\/produkt\/truusk-hollywood-svang-med-justerbart-solskydd-2-sits-tradgardssvang-vaderbestandig-svangbank-belastbar-upp-till-240kg-for\/","title":{"rendered":"TRUUSK Hollywood-sv\u00e4ng Med Justerbart Solskydd &#8211; 2-sits Tr\u00e4dg\u00e5rdssv\u00e4ng &#8211; V\u00e4derbest\u00e4ndig Sv\u00e4ngb\u00e4nk Belastbar Upp Till 240kg &#8211; F\u00f6r"},"content":{"rendered":"<p>Upplev magin med TRUUSK 2-sits Hollywood-sv\u00e4ng. Tr\u00e4dg\u00e5rdssvingen f\u00f6r vuxna rymmer bekv\u00e4mt tv\u00e5 och \u00e4r perfekt f\u00f6r avkopplande konversationer eller lugna stunder ensam. Den 90-graders justerbara solskyddet p\u00e5 sv\u00e4ngen garanterar komfort n\u00e4r som helst. Det robusta, pulverlackerade ramen och det st\u00e4nks\u00e4kra polyestret garanterar l\u00e5ngvarig gl\u00e4dje i din tr\u00e4dg\u00e5rdsoas.<\/p>\n<p>Beskrivning:<\/p>\n<ul>\n<li> Dubbel sittplats p\u00e5 sv\u00e4ngen f\u00f6r \u00f6kad komfort<\/li>\n<li> 90-graders justerbart solskydd p\u00e5 sv\u00e4ngen ger m\u00e5ngsidig skugga<\/li>\n<li> Pulverlackerad metallram p\u00e5 Hollywood-sv\u00e4ngen f\u00f6rb\u00e4ttrar stabiliteten<\/li>\n<li> Sitsbr\u00e4da av tr\u00e4-plast-kompositmaterial f\u00f6r l\u00e5ngvarig anv\u00e4ndning<\/li>\n<li> Enkel montering<\/li>\n<\/ul>\n<p> Tekniska data:<\/p>\n<ul>\n<li> F\u00e4rg: Svart+Beige<\/li>\n<li> Material: Metall, Polyester, Plast<\/li>\n<li> Totala dimensioner: 142L x 112B x 162H cm<\/li>\n<li> Baldakinstorlek: 146B x 120T cm<\/li>\n<li> Sitsstorlek: 102B x 47T x 48H cm<\/li>\n<li> Ryggst\u00f6dsm\u00e5tt: 102L x 52B cm<\/li>\n<li> B\u00e4rkapacitet: 240 kg<\/li>\n<\/ul>\n<p>Leveransinneh\u00e5ll:<\/p>\n<ul>\n<li> 1 x Tr\u00e4dg\u00e5rdssvingssits<\/li>\n<li> 1 x Handbok<\/li>\n<\/ul>\n","protected":false},"excerpt":{"rendered":"<p>Upplev magin med TRUUSK 2-sits Hollywood-sv\u00e4ng. Tr\u00e4dg\u00e5rdssvingen f\u00f6r vuxna rymmer bekv\u00e4mt tv\u00e5 och \u00e4r perfekt f\u00f6r avkopplande konversationer eller lugna&#8230;<\/p>\n","protected":false},"featured_media":74914,"template":"","meta":[],"product_brand":[],"product_cat":[453,858,450],"product_tag":[],"class_list":{"0":"post-74923","1":"product","2":"type-product","3":"status-publish","4":"has-post-thumbnail","6":"product_cat-hollywood-gungor","7":"product_cat-tradgard-terrass","8":"product_cat-tradgardsmobler","10":"first","11":"instock","12":"sale","13":"taxable","14":"shipping-taxable","15":"purchasable","16":"product-type-simple"},"yoast_head":"<!-- This site is optimized with the Yoast SEO plugin v25.4 - https:\/\/yoast.com\/wordpress\/plugins\/seo\/ -->\n<title>TRUUSK Hollywood-sv\u00e4ng Med Justerbart Solskydd - 2-sits Tr\u00e4dg\u00e5rdssv\u00e4ng - V\u00e4derbest\u00e4ndig Sv\u00e4ngb\u00e4nk Belastbar Upp Till 240kg - F\u00f6r - TRUUSK - Hem, Tr\u00e4dg\u00e5rd &amp; Fritid<\/title>\n<meta name=\"robots\" content=\"index, follow, max-snippet:-1, max-image-preview:large, max-video-preview:-1\" \/>\n<link rel=\"canonical\" href=\"https:\/\/truusk.store\/sv\/produkt\/truusk-hollywood-svang-med-justerbart-solskydd-2-sits-tradgardssvang-vaderbestandig-svangbank-belastbar-upp-till-240kg-for\/\" \/>\n<meta property=\"og:locale\" content=\"sv_SE\" \/>\n<meta property=\"og:type\" content=\"article\" \/>\n<meta property=\"og:title\" content=\"TRUUSK Hollywood-sv\u00e4ng Med Justerbart Solskydd - 2-sits Tr\u00e4dg\u00e5rdssv\u00e4ng - V\u00e4derbest\u00e4ndig Sv\u00e4ngb\u00e4nk Belastbar Upp Till 240kg - F\u00f6r - TRUUSK - Hem, Tr\u00e4dg\u00e5rd &amp; Fritid\" \/>\n<meta property=\"og:description\" content=\"Upplev magin med TRUUSK 2-sits Hollywood-sv\u00e4ng. Tr\u00e4dg\u00e5rdssvingen f\u00f6r vuxna rymmer bekv\u00e4mt tv\u00e5 och \u00e4r perfekt f\u00f6r avkopplande konversationer eller lugna...\" \/>\n<meta property=\"og:url\" content=\"https:\/\/truusk.store\/sv\/produkt\/truusk-hollywood-svang-med-justerbart-solskydd-2-sits-tradgardssvang-vaderbestandig-svangbank-belastbar-upp-till-240kg-for\/\" \/>\n<meta property=\"og:site_name\" content=\"TRUUSK - Hem, Tr\u00e4dg\u00e5rd &amp; Fritid\" \/>\n<meta property=\"article:modified_time\" content=\"2026-03-12T07:41:19+00:00\" \/>\n<meta property=\"og:image\" content=\"https:\/\/i0.wp.com\/truusk.se\/wp-content\/uploads\/2025\/06\/hollywood-svang-med-justerbart-solskydd-2-sits-tradgardssvang-vaderbestandig-svangbank-belastbar-upp-till-240kg-tradgardsstol-for-tradgard-terrass-142-x-112-x-162cm-svart-1.webp?fit=2000%2C2000&ssl=1\" \/>\n\t<meta property=\"og:image:width\" content=\"2000\" \/>\n\t<meta property=\"og:image:height\" content=\"2000\" \/>\n\t<meta property=\"og:image:type\" content=\"image\/webp\" \/>\n<meta name=\"twitter:card\" content=\"summary_large_image\" \/>\n<meta name=\"twitter:label1\" content=\"Ber\u00e4knad l\u00e4stid\" \/>\n\t<meta name=\"twitter:data1\" content=\"1 minut\" \/>\n<!-- \/ Yoast SEO plugin. -->","yoast_head_json":{"title":"TRUUSK Hollywood-sv\u00e4ng Med Justerbart Solskydd - 2-sits Tr\u00e4dg\u00e5rdssv\u00e4ng - V\u00e4derbest\u00e4ndig Sv\u00e4ngb\u00e4nk Belastbar Upp Till 240kg - F\u00f6r - TRUUSK - Hem, Tr\u00e4dg\u00e5rd &amp; Fritid","robots":{"index":"index","follow":"follow","max-snippet":"max-snippet:-1","max-image-preview":"max-image-preview:large","max-video-preview":"max-video-preview:-1"},"canonical":"https:\/\/truusk.store\/sv\/produkt\/truusk-hollywood-svang-med-justerbart-solskydd-2-sits-tradgardssvang-vaderbestandig-svangbank-belastbar-upp-till-240kg-for\/","og_locale":"sv_SE","og_type":"article","og_title":"TRUUSK Hollywood-sv\u00e4ng Med Justerbart Solskydd - 2-sits Tr\u00e4dg\u00e5rdssv\u00e4ng - V\u00e4derbest\u00e4ndig Sv\u00e4ngb\u00e4nk Belastbar Upp Till 240kg - F\u00f6r - TRUUSK - Hem, Tr\u00e4dg\u00e5rd &amp; Fritid","og_description":"Upplev magin med TRUUSK 2-sits Hollywood-sv\u00e4ng. Tr\u00e4dg\u00e5rdssvingen f\u00f6r vuxna rymmer bekv\u00e4mt tv\u00e5 och \u00e4r perfekt f\u00f6r avkopplande konversationer eller lugna...","og_url":"https:\/\/truusk.store\/sv\/produkt\/truusk-hollywood-svang-med-justerbart-solskydd-2-sits-tradgardssvang-vaderbestandig-svangbank-belastbar-upp-till-240kg-for\/","og_site_name":"TRUUSK - Hem, Tr\u00e4dg\u00e5rd &amp; Fritid","article_modified_time":"2026-03-12T07:41:19+00:00","og_image":[{"width":2000,"height":2000,"url":"https:\/\/i0.wp.com\/truusk.se\/wp-content\/uploads\/2025\/06\/hollywood-svang-med-justerbart-solskydd-2-sits-tradgardssvang-vaderbestandig-svangbank-belastbar-upp-till-240kg-tradgardsstol-for-tradgard-terrass-142-x-112-x-162cm-svart-1.webp?fit=2000%2C2000&ssl=1","type":"image\/webp"}],"twitter_card":"summary_large_image","twitter_misc":{"Ber\u00e4knad l\u00e4stid":"1 minut"},"schema":{"@context":"https:\/\/schema.org","@graph":[{"@type":"WebPage","@id":"https:\/\/truusk.store\/sv\/produkt\/truusk-hollywood-svang-med-justerbart-solskydd-2-sits-tradgardssvang-vaderbestandig-svangbank-belastbar-upp-till-240kg-for\/","url":"https:\/\/truusk.store\/sv\/produkt\/truusk-hollywood-svang-med-justerbart-solskydd-2-sits-tradgardssvang-vaderbestandig-svangbank-belastbar-upp-till-240kg-for\/","name":"TRUUSK Hollywood-sv\u00e4ng Med Justerbart Solskydd - 2-sits Tr\u00e4dg\u00e5rdssv\u00e4ng - V\u00e4derbest\u00e4ndig Sv\u00e4ngb\u00e4nk Belastbar Upp Till 240kg - F\u00f6r - TRUUSK - Hem, Tr\u00e4dg\u00e5rd &amp; Fritid","isPartOf":{"@id":"https:\/\/truusk.store\/sv\/#website"},"primaryImageOfPage":{"@id":"https:\/\/truusk.store\/sv\/produkt\/truusk-hollywood-svang-med-justerbart-solskydd-2-sits-tradgardssvang-vaderbestandig-svangbank-belastbar-upp-till-240kg-for\/#primaryimage"},"image":{"@id":"https:\/\/truusk.store\/sv\/produkt\/truusk-hollywood-svang-med-justerbart-solskydd-2-sits-tradgardssvang-vaderbestandig-svangbank-belastbar-upp-till-240kg-for\/#primaryimage"},"thumbnailUrl":"https:\/\/i0.wp.com\/truusk.store\/wp-content\/uploads\/2025\/06\/hollywood-svang-med-justerbart-solskydd-2-sits-tradgardssvang-vaderbestandig-svangbank-belastbar-upp-till-240kg-tradgardsstol-for-tradgard-terrass-142-x-112-x-162cm-svart-1.webp?fit=2000%2C2000&ssl=1","datePublished":"2025-06-06T01:57:38+00:00","dateModified":"2026-03-12T07:41:19+00:00","breadcrumb":{"@id":"https:\/\/truusk.store\/sv\/produkt\/truusk-hollywood-svang-med-justerbart-solskydd-2-sits-tradgardssvang-vaderbestandig-svangbank-belastbar-upp-till-240kg-for\/#breadcrumb"},"inLanguage":"sv-SE","potentialAction":[{"@type":"ReadAction","target":["https:\/\/truusk.store\/sv\/produkt\/truusk-hollywood-svang-med-justerbart-solskydd-2-sits-tradgardssvang-vaderbestandig-svangbank-belastbar-upp-till-240kg-for\/"]}]},{"@type":"ImageObject","inLanguage":"sv-SE","@id":"https:\/\/truusk.store\/sv\/produkt\/truusk-hollywood-svang-med-justerbart-solskydd-2-sits-tradgardssvang-vaderbestandig-svangbank-belastbar-upp-till-240kg-for\/#primaryimage","url":"https:\/\/i0.wp.com\/truusk.store\/wp-content\/uploads\/2025\/06\/hollywood-svang-med-justerbart-solskydd-2-sits-tradgardssvang-vaderbestandig-svangbank-belastbar-upp-till-240kg-tradgardsstol-for-tradgard-terrass-142-x-112-x-162cm-svart-1.webp?fit=2000%2C2000&ssl=1","contentUrl":"https:\/\/i0.wp.com\/truusk.store\/wp-content\/uploads\/2025\/06\/hollywood-svang-med-justerbart-solskydd-2-sits-tradgardssvang-vaderbestandig-svangbank-belastbar-upp-till-240kg-tradgardsstol-for-tradgard-terrass-142-x-112-x-162cm-svart-1.webp?fit=2000%2C2000&ssl=1","width":2000,"height":2000},{"@type":"BreadcrumbList","@id":"https:\/\/truusk.store\/sv\/produkt\/truusk-hollywood-svang-med-justerbart-solskydd-2-sits-tradgardssvang-vaderbestandig-svangbank-belastbar-upp-till-240kg-for\/#breadcrumb","itemListElement":[{"@type":"ListItem","position":1,"name":"Home","item":"https:\/\/truusk.store\/sv\/"},{"@type":"ListItem","position":2,"name":"Shop","item":"https:\/\/truusk.store\/shop\/"},{"@type":"ListItem","position":3,"name":"TRUUSK Hollywood-sv\u00e4ng Med Justerbart Solskydd &#8211; 2-sits Tr\u00e4dg\u00e5rdssv\u00e4ng &#8211; V\u00e4derbest\u00e4ndig Sv\u00e4ngb\u00e4nk Belastbar Upp Till 240kg &#8211; F\u00f6r"}]},{"@type":"WebSite","@id":"https:\/\/truusk.store\/sv\/#website","url":"https:\/\/truusk.store\/sv\/","name":"TRUUSK - Hem, Tr\u00e4dg\u00e5rd & Fritid","description":"","publisher":{"@id":"https:\/\/truusk.store\/sv\/#organization"},"potentialAction":[{"@type":"SearchAction","target":{"@type":"EntryPoint","urlTemplate":"https:\/\/truusk.store\/sv\/?s={search_term_string}"},"query-input":{"@type":"PropertyValueSpecification","valueRequired":true,"valueName":"search_term_string"}}],"inLanguage":"sv-SE"},{"@type":"Organization","@id":"https:\/\/truusk.store\/sv\/#organization","name":"TRUUSK - Hem, Tr\u00e4dg\u00e5rd & Fritid","url":"https:\/\/truusk.store\/sv\/","logo":{"@type":"ImageObject","inLanguage":"sv-SE","@id":"https:\/\/truusk.store\/sv\/#\/schema\/logo\/image\/","url":"https:\/\/i0.wp.com\/truusk.store\/wp-content\/uploads\/2026\/03\/cropped-TRUUSK.png?fit=2032%2C917&ssl=1","contentUrl":"https:\/\/i0.wp.com\/truusk.store\/wp-content\/uploads\/2026\/03\/cropped-TRUUSK.png?fit=2032%2C917&ssl=1","width":2032,"height":917,"caption":"TRUUSK - Hem, Tr\u00e4dg\u00e5rd & Fritid"},"image":{"@id":"https:\/\/truusk.store\/sv\/#\/schema\/logo\/image\/"}}]}},"jetpack_sharing_enabled":true,"_links":{"self":[{"href":"https:\/\/truusk.store\/sv\/wp-json\/wp\/v2\/product\/74923","targetHints":{"allow":["GET"]}}],"collection":[{"href":"https:\/\/truusk.store\/sv\/wp-json\/wp\/v2\/product"}],"about":[{"href":"https:\/\/truusk.store\/sv\/wp-json\/wp\/v2\/types\/product"}],"wp:featuredmedia":[{"embeddable":true,"href":"https:\/\/truusk.store\/sv\/wp-json\/wp\/v2\/media\/74914"}],"wp:attachment":[{"href":"https:\/\/truusk.store\/sv\/wp-json\/wp\/v2\/media?parent=74923"}],"wp:term":[{"taxonomy":"product_brand","embeddable":true,"href":"https:\/\/truusk.store\/sv\/wp-json\/wp\/v2\/product_brand?post=74923"},{"taxonomy":"product_cat","embeddable":true,"href":"https:\/\/truusk.store\/sv\/wp-json\/wp\/v2\/product_cat?post=74923"},{"taxonomy":"product_tag","embeddable":true,"href":"https:\/\/truusk.store\/sv\/wp-json\/wp\/v2\/product_tag?post=74923"}],"curies":[{"name":"wp","href":"https:\/\/api.w.org\/{rel}","templated":true}]}}