{"id":74953,"date":"2025-06-06T03:00:49","date_gmt":"2025-06-06T02:00:49","guid":{"rendered":"https:\/\/truusk.store\/product\/tradgardsmobelset-for-4-personer-vaderbestandigt-balkongmobelset-med-2-sits-soffa-2-stolar-sittdynor-sidobord-utomhus-sittgrupp-terrassmobler-tradgardsset-for-tradgard-terrass-balkong-gra\/"},"modified":"2026-03-12T08:40:54","modified_gmt":"2026-03-12T07:40:54","slug":"truusk-tradgardsmobelset-for-4-personer-vaderbestandigt-2-sits-soffa-2-stolar-sittdynor-sidobord-utomhus-sittgrupp","status":"publish","type":"product","link":"https:\/\/truusk.store\/sv\/produkt\/truusk-tradgardsmobelset-for-4-personer-vaderbestandigt-2-sits-soffa-2-stolar-sittdynor-sidobord-utomhus-sittgrupp\/","title":{"rendered":"TRUUSK Tr\u00e4dg\u00e5rdsm\u00f6belset F\u00f6r 4 Personer &#8211; V\u00e4derbest\u00e4ndigt &#8211; 2-sits Soffa &#8211; 2 Stolar &#8211; Sittdynor &#8211; Sidobord &#8211; Utomhus Sittgrupp &#8211;"},"content":{"rendered":"<p>F\u00f6rvandla din tr\u00e4dg\u00e5rd till en oas av v\u00e4lbefinnande med TRUUSK Fyra-delars tr\u00e4dg\u00e5rdsm\u00f6belset! Setet inneh\u00e5ller tv\u00e5 f\u00e5t\u00f6ljer, en loveseat och ett soffbord, alla utrustade med t\u00e4ta, vertikala 3D-bomullskuddar f\u00f6r maximal komfort. Den eleganta, pulverlackerade metallramen och tr\u00e4-plastkomposit-ytorna p\u00e5 balkongm\u00f6blerna erbjuder en attraktiv och avkopplande atmosf\u00e4r. Kuddarna med dragkedja p\u00e5 balkongm\u00f6blerna \u00e4r l\u00e4tta att reng\u00f6ra.<\/p>\n<p>Beskrivning:<\/p>\n<ul>\n<li> Fyra-delars balkongm\u00f6belset perfekt f\u00f6r umg\u00e4nge med familj och v\u00e4nner<\/li>\n<li> Fiberstoff med tjocka kuddar ger utm\u00e4rkt komfort<\/li>\n<li> H\u00f6g densitet 3D-vertikal bomullsfyllning i balkonggruppen st\u00f6djer och lugnar ryggen<\/li>\n<li> Robust metallram med accenter av tr\u00e4-plastkomposit<\/li>\n<li> Pulverlackerad yta p\u00e5 tr\u00e4dg\u00e5rdsloungen f\u00f6rb\u00e4ttrar h\u00e5llbarhet och estetisk attraktion<\/li>\n<li> Kuddar och ryggst\u00f6d med dragkedja, l\u00e4tta att ta bort och reng\u00f6ra<\/li>\n<li> Monteringen kr\u00e4vs<\/li>\n<\/ul>\n<p> Tekniska data:<\/p>\n<ul>\n<li> F\u00e4rg: Gr\u00e5<\/li>\n<li> Material: Metall, Polyester, Plast<\/li>\n<li> Storlek p\u00e5 loveseat: 126L x 72B x 69,5H cm<\/li>\n<li> Storlek p\u00e5 f\u00e5t\u00f6ljen: 68L x 72B x 69,5H cm<\/li>\n<li> Bordstorlek: 110L x 56,5B x 34,5H cm<\/li>\n<li> Sitsstorlek: 101B x 58,5T cm (Loveseat), 58,5B x 58,5T cm (F\u00e5t\u00f6lj)<\/li>\n<li> Sitsens h\u00f6jd fr\u00e5n golvet: 31 cm<\/li>\n<li> Storlek p\u00e5 sittdyna: 59L x 58B x 10T cm<\/li>\n<li> Storlek p\u00e5 ryggkudde: 59L x 37B x 8,5T cm<\/li>\n<li> Armst\u00f6dsstorlek: 73L x 5B x 62H cm<\/li>\n<li> B\u00e4rkapacitet: 120 kg (Enkelplats), 30 kg (Bord)<\/li>\n<\/ul>\n<p>Leveransinneh\u00e5ll:<\/p>\n<ul>\n<li> 1 x Loveseat<\/li>\n<li> 2 x Stol<\/li>\n<li> 1 x Soffbord<\/li>\n<li> 8 x Kudde<\/li>\n<li> 1 x Handbok<\/li>\n<\/ul>\n","protected":false},"excerpt":{"rendered":"<p>F\u00f6rvandla din tr\u00e4dg\u00e5rd till en oas av v\u00e4lbefinnande med TRUUSK Fyra-delars tr\u00e4dg\u00e5rdsm\u00f6belset! Setet inneh\u00e5ller tv\u00e5 f\u00e5t\u00f6ljer, en loveseat och ett&#8230;<\/p>\n","protected":false},"featured_media":74944,"template":"","meta":[],"product_brand":[],"product_cat":[858,450,456],"product_tag":[],"class_list":{"0":"post-74953","1":"product","2":"type-product","3":"status-publish","4":"has-post-thumbnail","6":"product_cat-tradgard-terrass","7":"product_cat-tradgardsmobler","8":"product_cat-tradgardsmobler-set","10":"first","11":"instock","12":"sale","13":"taxable","14":"shipping-taxable","15":"purchasable","16":"product-type-simple"},"yoast_head":"<!-- This site is optimized with the Yoast SEO plugin v25.4 - https:\/\/yoast.com\/wordpress\/plugins\/seo\/ -->\n<title>TRUUSK Tr\u00e4dg\u00e5rdsm\u00f6belset F\u00f6r 4 Personer - V\u00e4derbest\u00e4ndigt - 2-sits Soffa - 2 Stolar - Sittdynor - Sidobord - Utomhus Sittgrupp - TRUUSK - Hem, Tr\u00e4dg\u00e5rd &amp; Fritid<\/title>\n<meta name=\"robots\" content=\"index, follow, max-snippet:-1, max-image-preview:large, max-video-preview:-1\" \/>\n<link rel=\"canonical\" href=\"https:\/\/truusk.store\/sv\/produkt\/truusk-tradgardsmobelset-for-4-personer-vaderbestandigt-2-sits-soffa-2-stolar-sittdynor-sidobord-utomhus-sittgrupp\/\" \/>\n<meta property=\"og:locale\" content=\"sv_SE\" \/>\n<meta property=\"og:type\" content=\"article\" \/>\n<meta property=\"og:title\" content=\"TRUUSK Tr\u00e4dg\u00e5rdsm\u00f6belset F\u00f6r 4 Personer - V\u00e4derbest\u00e4ndigt - 2-sits Soffa - 2 Stolar - Sittdynor - Sidobord - Utomhus Sittgrupp - TRUUSK - Hem, Tr\u00e4dg\u00e5rd &amp; Fritid\" \/>\n<meta property=\"og:description\" content=\"F\u00f6rvandla din tr\u00e4dg\u00e5rd till en oas av v\u00e4lbefinnande med TRUUSK Fyra-delars tr\u00e4dg\u00e5rdsm\u00f6belset! Setet inneh\u00e5ller tv\u00e5 f\u00e5t\u00f6ljer, en loveseat och ett...\" \/>\n<meta property=\"og:url\" content=\"https:\/\/truusk.store\/sv\/produkt\/truusk-tradgardsmobelset-for-4-personer-vaderbestandigt-2-sits-soffa-2-stolar-sittdynor-sidobord-utomhus-sittgrupp\/\" \/>\n<meta property=\"og:site_name\" content=\"TRUUSK - Hem, Tr\u00e4dg\u00e5rd &amp; Fritid\" \/>\n<meta property=\"article:modified_time\" content=\"2026-03-12T07:40:54+00:00\" \/>\n<meta property=\"og:image\" content=\"https:\/\/i0.wp.com\/truusk.se\/wp-content\/uploads\/2025\/06\/tradgardsmobelset-for-4-personer-vaderbestandigt-balkongmobelset-med-2-sits-soffa-2-stolar-sittdynor-sidobord-utomhus-sittgrupp-terrassmobler-tradgardsset-for-tradgard-terrass-balkong-gra-1.webp?fit=2000%2C2000&ssl=1\" \/>\n\t<meta property=\"og:image:width\" content=\"2000\" \/>\n\t<meta property=\"og:image:height\" content=\"2000\" \/>\n\t<meta property=\"og:image:type\" content=\"image\/webp\" \/>\n<meta name=\"twitter:card\" content=\"summary_large_image\" \/>\n<meta name=\"twitter:label1\" content=\"Ber\u00e4knad l\u00e4stid\" \/>\n\t<meta name=\"twitter:data1\" content=\"1 minut\" \/>\n<!-- \/ Yoast SEO plugin. -->","yoast_head_json":{"title":"TRUUSK Tr\u00e4dg\u00e5rdsm\u00f6belset F\u00f6r 4 Personer - V\u00e4derbest\u00e4ndigt - 2-sits Soffa - 2 Stolar - Sittdynor - Sidobord - Utomhus Sittgrupp - TRUUSK - Hem, Tr\u00e4dg\u00e5rd &amp; Fritid","robots":{"index":"index","follow":"follow","max-snippet":"max-snippet:-1","max-image-preview":"max-image-preview:large","max-video-preview":"max-video-preview:-1"},"canonical":"https:\/\/truusk.store\/sv\/produkt\/truusk-tradgardsmobelset-for-4-personer-vaderbestandigt-2-sits-soffa-2-stolar-sittdynor-sidobord-utomhus-sittgrupp\/","og_locale":"sv_SE","og_type":"article","og_title":"TRUUSK Tr\u00e4dg\u00e5rdsm\u00f6belset F\u00f6r 4 Personer - V\u00e4derbest\u00e4ndigt - 2-sits Soffa - 2 Stolar - Sittdynor - Sidobord - Utomhus Sittgrupp - TRUUSK - Hem, Tr\u00e4dg\u00e5rd &amp; Fritid","og_description":"F\u00f6rvandla din tr\u00e4dg\u00e5rd till en oas av v\u00e4lbefinnande med TRUUSK Fyra-delars tr\u00e4dg\u00e5rdsm\u00f6belset! Setet inneh\u00e5ller tv\u00e5 f\u00e5t\u00f6ljer, en loveseat och ett...","og_url":"https:\/\/truusk.store\/sv\/produkt\/truusk-tradgardsmobelset-for-4-personer-vaderbestandigt-2-sits-soffa-2-stolar-sittdynor-sidobord-utomhus-sittgrupp\/","og_site_name":"TRUUSK - Hem, Tr\u00e4dg\u00e5rd &amp; Fritid","article_modified_time":"2026-03-12T07:40:54+00:00","og_image":[{"width":2000,"height":2000,"url":"https:\/\/i0.wp.com\/truusk.se\/wp-content\/uploads\/2025\/06\/tradgardsmobelset-for-4-personer-vaderbestandigt-balkongmobelset-med-2-sits-soffa-2-stolar-sittdynor-sidobord-utomhus-sittgrupp-terrassmobler-tradgardsset-for-tradgard-terrass-balkong-gra-1.webp?fit=2000%2C2000&ssl=1","type":"image\/webp"}],"twitter_card":"summary_large_image","twitter_misc":{"Ber\u00e4knad l\u00e4stid":"1 minut"},"schema":{"@context":"https:\/\/schema.org","@graph":[{"@type":"WebPage","@id":"https:\/\/truusk.store\/sv\/produkt\/truusk-tradgardsmobelset-for-4-personer-vaderbestandigt-2-sits-soffa-2-stolar-sittdynor-sidobord-utomhus-sittgrupp\/","url":"https:\/\/truusk.store\/sv\/produkt\/truusk-tradgardsmobelset-for-4-personer-vaderbestandigt-2-sits-soffa-2-stolar-sittdynor-sidobord-utomhus-sittgrupp\/","name":"TRUUSK Tr\u00e4dg\u00e5rdsm\u00f6belset F\u00f6r 4 Personer - V\u00e4derbest\u00e4ndigt - 2-sits Soffa - 2 Stolar - Sittdynor - Sidobord - Utomhus Sittgrupp - TRUUSK - Hem, Tr\u00e4dg\u00e5rd &amp; Fritid","isPartOf":{"@id":"https:\/\/truusk.store\/sv\/#website"},"primaryImageOfPage":{"@id":"https:\/\/truusk.store\/sv\/produkt\/truusk-tradgardsmobelset-for-4-personer-vaderbestandigt-2-sits-soffa-2-stolar-sittdynor-sidobord-utomhus-sittgrupp\/#primaryimage"},"image":{"@id":"https:\/\/truusk.store\/sv\/produkt\/truusk-tradgardsmobelset-for-4-personer-vaderbestandigt-2-sits-soffa-2-stolar-sittdynor-sidobord-utomhus-sittgrupp\/#primaryimage"},"thumbnailUrl":"https:\/\/i0.wp.com\/truusk.store\/wp-content\/uploads\/2025\/06\/tradgardsmobelset-for-4-personer-vaderbestandigt-balkongmobelset-med-2-sits-soffa-2-stolar-sittdynor-sidobord-utomhus-sittgrupp-terrassmobler-tradgardsset-for-tradgard-terrass-balkong-gra-1.webp?fit=2000%2C2000&ssl=1","datePublished":"2025-06-06T02:00:49+00:00","dateModified":"2026-03-12T07:40:54+00:00","breadcrumb":{"@id":"https:\/\/truusk.store\/sv\/produkt\/truusk-tradgardsmobelset-for-4-personer-vaderbestandigt-2-sits-soffa-2-stolar-sittdynor-sidobord-utomhus-sittgrupp\/#breadcrumb"},"inLanguage":"sv-SE","potentialAction":[{"@type":"ReadAction","target":["https:\/\/truusk.store\/sv\/produkt\/truusk-tradgardsmobelset-for-4-personer-vaderbestandigt-2-sits-soffa-2-stolar-sittdynor-sidobord-utomhus-sittgrupp\/"]}]},{"@type":"ImageObject","inLanguage":"sv-SE","@id":"https:\/\/truusk.store\/sv\/produkt\/truusk-tradgardsmobelset-for-4-personer-vaderbestandigt-2-sits-soffa-2-stolar-sittdynor-sidobord-utomhus-sittgrupp\/#primaryimage","url":"https:\/\/i0.wp.com\/truusk.store\/wp-content\/uploads\/2025\/06\/tradgardsmobelset-for-4-personer-vaderbestandigt-balkongmobelset-med-2-sits-soffa-2-stolar-sittdynor-sidobord-utomhus-sittgrupp-terrassmobler-tradgardsset-for-tradgard-terrass-balkong-gra-1.webp?fit=2000%2C2000&ssl=1","contentUrl":"https:\/\/i0.wp.com\/truusk.store\/wp-content\/uploads\/2025\/06\/tradgardsmobelset-for-4-personer-vaderbestandigt-balkongmobelset-med-2-sits-soffa-2-stolar-sittdynor-sidobord-utomhus-sittgrupp-terrassmobler-tradgardsset-for-tradgard-terrass-balkong-gra-1.webp?fit=2000%2C2000&ssl=1","width":2000,"height":2000},{"@type":"BreadcrumbList","@id":"https:\/\/truusk.store\/sv\/produkt\/truusk-tradgardsmobelset-for-4-personer-vaderbestandigt-2-sits-soffa-2-stolar-sittdynor-sidobord-utomhus-sittgrupp\/#breadcrumb","itemListElement":[{"@type":"ListItem","position":1,"name":"Home","item":"https:\/\/truusk.store\/sv\/"},{"@type":"ListItem","position":2,"name":"Shop","item":"https:\/\/truusk.store\/shop\/"},{"@type":"ListItem","position":3,"name":"TRUUSK Tr\u00e4dg\u00e5rdsm\u00f6belset F\u00f6r 4 Personer &#8211; V\u00e4derbest\u00e4ndigt &#8211; 2-sits Soffa &#8211; 2 Stolar &#8211; Sittdynor &#8211; Sidobord &#8211; Utomhus Sittgrupp &#8211;"}]},{"@type":"WebSite","@id":"https:\/\/truusk.store\/sv\/#website","url":"https:\/\/truusk.store\/sv\/","name":"TRUUSK - Hem, Tr\u00e4dg\u00e5rd & Fritid","description":"","publisher":{"@id":"https:\/\/truusk.store\/sv\/#organization"},"potentialAction":[{"@type":"SearchAction","target":{"@type":"EntryPoint","urlTemplate":"https:\/\/truusk.store\/sv\/?s={search_term_string}"},"query-input":{"@type":"PropertyValueSpecification","valueRequired":true,"valueName":"search_term_string"}}],"inLanguage":"sv-SE"},{"@type":"Organization","@id":"https:\/\/truusk.store\/sv\/#organization","name":"TRUUSK - Hem, Tr\u00e4dg\u00e5rd & Fritid","url":"https:\/\/truusk.store\/sv\/","logo":{"@type":"ImageObject","inLanguage":"sv-SE","@id":"https:\/\/truusk.store\/sv\/#\/schema\/logo\/image\/","url":"https:\/\/i0.wp.com\/truusk.store\/wp-content\/uploads\/2026\/03\/cropped-TRUUSK.png?fit=2032%2C917&ssl=1","contentUrl":"https:\/\/i0.wp.com\/truusk.store\/wp-content\/uploads\/2026\/03\/cropped-TRUUSK.png?fit=2032%2C917&ssl=1","width":2032,"height":917,"caption":"TRUUSK - Hem, Tr\u00e4dg\u00e5rd & Fritid"},"image":{"@id":"https:\/\/truusk.store\/sv\/#\/schema\/logo\/image\/"}}]}},"jetpack_sharing_enabled":true,"_links":{"self":[{"href":"https:\/\/truusk.store\/sv\/wp-json\/wp\/v2\/product\/74953","targetHints":{"allow":["GET"]}}],"collection":[{"href":"https:\/\/truusk.store\/sv\/wp-json\/wp\/v2\/product"}],"about":[{"href":"https:\/\/truusk.store\/sv\/wp-json\/wp\/v2\/types\/product"}],"wp:featuredmedia":[{"embeddable":true,"href":"https:\/\/truusk.store\/sv\/wp-json\/wp\/v2\/media\/74944"}],"wp:attachment":[{"href":"https:\/\/truusk.store\/sv\/wp-json\/wp\/v2\/media?parent=74953"}],"wp:term":[{"taxonomy":"product_brand","embeddable":true,"href":"https:\/\/truusk.store\/sv\/wp-json\/wp\/v2\/product_brand?post=74953"},{"taxonomy":"product_cat","embeddable":true,"href":"https:\/\/truusk.store\/sv\/wp-json\/wp\/v2\/product_cat?post=74953"},{"taxonomy":"product_tag","embeddable":true,"href":"https:\/\/truusk.store\/sv\/wp-json\/wp\/v2\/product_tag?post=74953"}],"curies":[{"name":"wp","href":"https:\/\/api.w.org\/{rel}","templated":true}]}}