{"id":74973,"date":"2025-06-06T03:02:43","date_gmt":"2025-06-06T02:02:43","guid":{"rendered":"https:\/\/truusk.store\/product\/tradgardsbank-i-tra-2-sits-bank-med-rygg-och-armstod-trabank-i-hjulform-vaderbestandig-parkbank-med-en-belastningskapacitet-pa-240kg-balkongbank-for-balkong-terrass-tradgard-110-x-55-x-80-cm\/"},"modified":"2026-03-12T08:42:48","modified_gmt":"2026-03-12T07:42:48","slug":"truusk-tradgardsbank-i-tra-2-sits-bank-vaderbestandig-belastningskapacitet-pa-240kg-balkongbank-terrass-tradgard","status":"publish","type":"product","link":"https:\/\/truusk.store\/sv\/produkt\/truusk-tradgardsbank-i-tra-2-sits-bank-vaderbestandig-belastningskapacitet-pa-240kg-balkongbank-terrass-tradgard\/","title":{"rendered":"TRUUSK Tr\u00e4dg\u00e5rdsb\u00e4nk i Tr\u00e4 &#8211; 2-sits B\u00e4nk &#8211; V\u00e4derbest\u00e4ndig &#8211; Belastningskapacitet p\u00e5 240kg &#8211; Balkongb\u00e4nk &#8211; Terrass &#8211; Tr\u00e4dg\u00e5rd &#8211;"},"content":{"rendered":"<p>Upplev en perfekt kombination av stil och funktion med TRUUSK v\u00e4derbest\u00e4ndiga tr\u00e4dg\u00e5rdsb\u00e4nk. Denna unika 2-sits tr\u00e4tr\u00e4dg\u00e5rdsb\u00e4nk imponerar med sina rustika, stora hjulformade armst\u00f6d och den stabila konstruktionen av grantr\u00e4, ideal f\u00f6r att f\u00f6rb\u00e4ttra varje tr\u00e4dg\u00e5rd. Sitt ensam eller tillsammans p\u00e5 tr\u00e4b\u00e4nken, njut av samtal eller l\u00e5t den lugnande naturen p\u00e5verka dig.<\/p>\n<p>Beskrivning:<\/p>\n<ul>\n<li> Unik rustik design kombinerar traditionell tr\u00e4dg\u00e5rdstr\u00e4b\u00e4nk med armst\u00f6d i hjulform<\/li>\n<li> Tv\u00e5sitsig tr\u00e4dg\u00e5rdsb\u00e4nk, 110 cm bred, idealisk f\u00f6r par<\/li>\n<li> Konstruktion av massivt grantr\u00e4 garanterar h\u00e5llbarhet och tillf\u00f6rlitlighet<\/li>\n<li> Kolbr\u00e4nd, polerad och lackerad utseende av parkb\u00e4nken f\u00f6rb\u00e4ttrar h\u00e5llbarheten<\/li>\n<li> Enkel montering kr\u00e4vs<\/li>\n<\/ul>\n<p> Tekniska data:<\/p>\n<ul>\n<li> F\u00e4rg: Kolbr\u00e4nd<\/li>\n<li> Material: Grantr\u00e4<\/li>\n<li> Totala dimensioner: 110L x 55B x 80H cm<\/li>\n<li> Sitsstorlek: 102B x 42T cm<\/li>\n<li> Sitth\u00f6jd: 40 cm<\/li>\n<li> Ryggst\u00f6dsm\u00e5tt: 110L x 34B cm<\/li>\n<li> Hjulformade armst\u00f6d: \u00d854 x 3,8T x 60H cm<\/li>\n<li> B\u00e4rkapacitet: 240 kg<\/li>\n<\/ul>\n<p>Leveransinneh\u00e5ll:<\/p>\n<ul>\n<li> 1 x Tr\u00e4tr\u00e4dg\u00e5rdsb\u00e4nk<\/li>\n<li> 1 x Bruksanvisning<\/li>\n<\/ul>\n","protected":false},"excerpt":{"rendered":"<p>Upplev en perfekt kombination av stil och funktion med TRUUSK v\u00e4derbest\u00e4ndiga tr\u00e4dg\u00e5rdsb\u00e4nk. Denna unika 2-sits tr\u00e4tr\u00e4dg\u00e5rdsb\u00e4nk imponerar med sina rustika,&#8230;<\/p>\n","protected":false},"featured_media":74962,"template":"","meta":[],"product_brand":[],"product_cat":[858,454,450],"product_tag":[],"class_list":{"0":"post-74973","1":"product","2":"type-product","3":"status-publish","4":"has-post-thumbnail","6":"product_cat-tradgard-terrass","7":"product_cat-tradgardsbankar","8":"product_cat-tradgardsmobler","10":"first","11":"instock","12":"sale","13":"taxable","14":"shipping-taxable","15":"purchasable","16":"product-type-simple"},"yoast_head":"<!-- This site is optimized with the Yoast SEO plugin v25.4 - https:\/\/yoast.com\/wordpress\/plugins\/seo\/ -->\n<title>TRUUSK Tr\u00e4dg\u00e5rdsb\u00e4nk i Tr\u00e4 - 2-sits B\u00e4nk - V\u00e4derbest\u00e4ndig - Belastningskapacitet p\u00e5 240kg - Balkongb\u00e4nk - Terrass - Tr\u00e4dg\u00e5rd - TRUUSK - Hem, Tr\u00e4dg\u00e5rd &amp; Fritid<\/title>\n<meta name=\"robots\" content=\"index, follow, max-snippet:-1, max-image-preview:large, max-video-preview:-1\" \/>\n<link rel=\"canonical\" href=\"https:\/\/truusk.store\/sv\/produkt\/truusk-tradgardsbank-i-tra-2-sits-bank-vaderbestandig-belastningskapacitet-pa-240kg-balkongbank-terrass-tradgard\/\" \/>\n<meta property=\"og:locale\" content=\"sv_SE\" \/>\n<meta property=\"og:type\" content=\"article\" \/>\n<meta property=\"og:title\" content=\"TRUUSK Tr\u00e4dg\u00e5rdsb\u00e4nk i Tr\u00e4 - 2-sits B\u00e4nk - V\u00e4derbest\u00e4ndig - Belastningskapacitet p\u00e5 240kg - Balkongb\u00e4nk - Terrass - Tr\u00e4dg\u00e5rd - TRUUSK - Hem, Tr\u00e4dg\u00e5rd &amp; Fritid\" \/>\n<meta property=\"og:description\" content=\"Upplev en perfekt kombination av stil och funktion med TRUUSK v\u00e4derbest\u00e4ndiga tr\u00e4dg\u00e5rdsb\u00e4nk. Denna unika 2-sits tr\u00e4tr\u00e4dg\u00e5rdsb\u00e4nk imponerar med sina rustika,...\" \/>\n<meta property=\"og:url\" content=\"https:\/\/truusk.store\/sv\/produkt\/truusk-tradgardsbank-i-tra-2-sits-bank-vaderbestandig-belastningskapacitet-pa-240kg-balkongbank-terrass-tradgard\/\" \/>\n<meta property=\"og:site_name\" content=\"TRUUSK - Hem, Tr\u00e4dg\u00e5rd &amp; Fritid\" \/>\n<meta property=\"article:modified_time\" content=\"2026-03-12T07:42:48+00:00\" \/>\n<meta property=\"og:image\" content=\"https:\/\/i0.wp.com\/truusk.se\/wp-content\/uploads\/2025\/06\/tradgardsbank-i-tra-2-sits-bank-med-rygg-och-armstod-trabank-i-hjulform-vaderbestandig-parkbank-med-en-belastningskapacitet-pa-240kg-balkongbank-for-balkong-terrass-tradgard-110-x-55-x-80-cm-1.webp?fit=2000%2C2000&ssl=1\" \/>\n\t<meta property=\"og:image:width\" content=\"2000\" \/>\n\t<meta property=\"og:image:height\" content=\"2000\" \/>\n\t<meta property=\"og:image:type\" content=\"image\/webp\" \/>\n<meta name=\"twitter:card\" content=\"summary_large_image\" \/>\n<meta name=\"twitter:label1\" content=\"Ber\u00e4knad l\u00e4stid\" \/>\n\t<meta name=\"twitter:data1\" content=\"1 minut\" \/>\n<!-- \/ Yoast SEO plugin. -->","yoast_head_json":{"title":"TRUUSK Tr\u00e4dg\u00e5rdsb\u00e4nk i Tr\u00e4 - 2-sits B\u00e4nk - V\u00e4derbest\u00e4ndig - Belastningskapacitet p\u00e5 240kg - Balkongb\u00e4nk - Terrass - Tr\u00e4dg\u00e5rd - TRUUSK - Hem, Tr\u00e4dg\u00e5rd &amp; Fritid","robots":{"index":"index","follow":"follow","max-snippet":"max-snippet:-1","max-image-preview":"max-image-preview:large","max-video-preview":"max-video-preview:-1"},"canonical":"https:\/\/truusk.store\/sv\/produkt\/truusk-tradgardsbank-i-tra-2-sits-bank-vaderbestandig-belastningskapacitet-pa-240kg-balkongbank-terrass-tradgard\/","og_locale":"sv_SE","og_type":"article","og_title":"TRUUSK Tr\u00e4dg\u00e5rdsb\u00e4nk i Tr\u00e4 - 2-sits B\u00e4nk - V\u00e4derbest\u00e4ndig - Belastningskapacitet p\u00e5 240kg - Balkongb\u00e4nk - Terrass - Tr\u00e4dg\u00e5rd - TRUUSK - Hem, Tr\u00e4dg\u00e5rd &amp; Fritid","og_description":"Upplev en perfekt kombination av stil och funktion med TRUUSK v\u00e4derbest\u00e4ndiga tr\u00e4dg\u00e5rdsb\u00e4nk. Denna unika 2-sits tr\u00e4tr\u00e4dg\u00e5rdsb\u00e4nk imponerar med sina rustika,...","og_url":"https:\/\/truusk.store\/sv\/produkt\/truusk-tradgardsbank-i-tra-2-sits-bank-vaderbestandig-belastningskapacitet-pa-240kg-balkongbank-terrass-tradgard\/","og_site_name":"TRUUSK - Hem, Tr\u00e4dg\u00e5rd &amp; Fritid","article_modified_time":"2026-03-12T07:42:48+00:00","og_image":[{"width":2000,"height":2000,"url":"https:\/\/i0.wp.com\/truusk.se\/wp-content\/uploads\/2025\/06\/tradgardsbank-i-tra-2-sits-bank-med-rygg-och-armstod-trabank-i-hjulform-vaderbestandig-parkbank-med-en-belastningskapacitet-pa-240kg-balkongbank-for-balkong-terrass-tradgard-110-x-55-x-80-cm-1.webp?fit=2000%2C2000&ssl=1","type":"image\/webp"}],"twitter_card":"summary_large_image","twitter_misc":{"Ber\u00e4knad l\u00e4stid":"1 minut"},"schema":{"@context":"https:\/\/schema.org","@graph":[{"@type":"WebPage","@id":"https:\/\/truusk.store\/sv\/produkt\/truusk-tradgardsbank-i-tra-2-sits-bank-vaderbestandig-belastningskapacitet-pa-240kg-balkongbank-terrass-tradgard\/","url":"https:\/\/truusk.store\/sv\/produkt\/truusk-tradgardsbank-i-tra-2-sits-bank-vaderbestandig-belastningskapacitet-pa-240kg-balkongbank-terrass-tradgard\/","name":"TRUUSK Tr\u00e4dg\u00e5rdsb\u00e4nk i Tr\u00e4 - 2-sits B\u00e4nk - V\u00e4derbest\u00e4ndig - Belastningskapacitet p\u00e5 240kg - Balkongb\u00e4nk - Terrass - Tr\u00e4dg\u00e5rd - TRUUSK - Hem, Tr\u00e4dg\u00e5rd &amp; Fritid","isPartOf":{"@id":"https:\/\/truusk.store\/sv\/#website"},"primaryImageOfPage":{"@id":"https:\/\/truusk.store\/sv\/produkt\/truusk-tradgardsbank-i-tra-2-sits-bank-vaderbestandig-belastningskapacitet-pa-240kg-balkongbank-terrass-tradgard\/#primaryimage"},"image":{"@id":"https:\/\/truusk.store\/sv\/produkt\/truusk-tradgardsbank-i-tra-2-sits-bank-vaderbestandig-belastningskapacitet-pa-240kg-balkongbank-terrass-tradgard\/#primaryimage"},"thumbnailUrl":"https:\/\/i0.wp.com\/truusk.store\/wp-content\/uploads\/2025\/06\/tradgardsbank-i-tra-2-sits-bank-med-rygg-och-armstod-trabank-i-hjulform-vaderbestandig-parkbank-med-en-belastningskapacitet-pa-240kg-balkongbank-for-balkong-terrass-tradgard-110-x-55-x-80-cm-1.webp?fit=2000%2C2000&ssl=1","datePublished":"2025-06-06T02:02:43+00:00","dateModified":"2026-03-12T07:42:48+00:00","breadcrumb":{"@id":"https:\/\/truusk.store\/sv\/produkt\/truusk-tradgardsbank-i-tra-2-sits-bank-vaderbestandig-belastningskapacitet-pa-240kg-balkongbank-terrass-tradgard\/#breadcrumb"},"inLanguage":"sv-SE","potentialAction":[{"@type":"ReadAction","target":["https:\/\/truusk.store\/sv\/produkt\/truusk-tradgardsbank-i-tra-2-sits-bank-vaderbestandig-belastningskapacitet-pa-240kg-balkongbank-terrass-tradgard\/"]}]},{"@type":"ImageObject","inLanguage":"sv-SE","@id":"https:\/\/truusk.store\/sv\/produkt\/truusk-tradgardsbank-i-tra-2-sits-bank-vaderbestandig-belastningskapacitet-pa-240kg-balkongbank-terrass-tradgard\/#primaryimage","url":"https:\/\/i0.wp.com\/truusk.store\/wp-content\/uploads\/2025\/06\/tradgardsbank-i-tra-2-sits-bank-med-rygg-och-armstod-trabank-i-hjulform-vaderbestandig-parkbank-med-en-belastningskapacitet-pa-240kg-balkongbank-for-balkong-terrass-tradgard-110-x-55-x-80-cm-1.webp?fit=2000%2C2000&ssl=1","contentUrl":"https:\/\/i0.wp.com\/truusk.store\/wp-content\/uploads\/2025\/06\/tradgardsbank-i-tra-2-sits-bank-med-rygg-och-armstod-trabank-i-hjulform-vaderbestandig-parkbank-med-en-belastningskapacitet-pa-240kg-balkongbank-for-balkong-terrass-tradgard-110-x-55-x-80-cm-1.webp?fit=2000%2C2000&ssl=1","width":2000,"height":2000},{"@type":"BreadcrumbList","@id":"https:\/\/truusk.store\/sv\/produkt\/truusk-tradgardsbank-i-tra-2-sits-bank-vaderbestandig-belastningskapacitet-pa-240kg-balkongbank-terrass-tradgard\/#breadcrumb","itemListElement":[{"@type":"ListItem","position":1,"name":"Home","item":"https:\/\/truusk.store\/sv\/"},{"@type":"ListItem","position":2,"name":"Shop","item":"https:\/\/truusk.store\/shop\/"},{"@type":"ListItem","position":3,"name":"TRUUSK Tr\u00e4dg\u00e5rdsb\u00e4nk i Tr\u00e4 &#8211; 2-sits B\u00e4nk &#8211; V\u00e4derbest\u00e4ndig &#8211; Belastningskapacitet p\u00e5 240kg &#8211; Balkongb\u00e4nk &#8211; Terrass &#8211; Tr\u00e4dg\u00e5rd &#8211;"}]},{"@type":"WebSite","@id":"https:\/\/truusk.store\/sv\/#website","url":"https:\/\/truusk.store\/sv\/","name":"TRUUSK - Hem, Tr\u00e4dg\u00e5rd & Fritid","description":"","publisher":{"@id":"https:\/\/truusk.store\/sv\/#organization"},"potentialAction":[{"@type":"SearchAction","target":{"@type":"EntryPoint","urlTemplate":"https:\/\/truusk.store\/sv\/?s={search_term_string}"},"query-input":{"@type":"PropertyValueSpecification","valueRequired":true,"valueName":"search_term_string"}}],"inLanguage":"sv-SE"},{"@type":"Organization","@id":"https:\/\/truusk.store\/sv\/#organization","name":"TRUUSK - Hem, Tr\u00e4dg\u00e5rd & Fritid","url":"https:\/\/truusk.store\/sv\/","logo":{"@type":"ImageObject","inLanguage":"sv-SE","@id":"https:\/\/truusk.store\/sv\/#\/schema\/logo\/image\/","url":"https:\/\/i0.wp.com\/truusk.store\/wp-content\/uploads\/2026\/03\/cropped-TRUUSK.png?fit=2032%2C917&ssl=1","contentUrl":"https:\/\/i0.wp.com\/truusk.store\/wp-content\/uploads\/2026\/03\/cropped-TRUUSK.png?fit=2032%2C917&ssl=1","width":2032,"height":917,"caption":"TRUUSK - Hem, Tr\u00e4dg\u00e5rd & Fritid"},"image":{"@id":"https:\/\/truusk.store\/sv\/#\/schema\/logo\/image\/"}}]}},"jetpack_sharing_enabled":true,"_links":{"self":[{"href":"https:\/\/truusk.store\/sv\/wp-json\/wp\/v2\/product\/74973","targetHints":{"allow":["GET"]}}],"collection":[{"href":"https:\/\/truusk.store\/sv\/wp-json\/wp\/v2\/product"}],"about":[{"href":"https:\/\/truusk.store\/sv\/wp-json\/wp\/v2\/types\/product"}],"wp:featuredmedia":[{"embeddable":true,"href":"https:\/\/truusk.store\/sv\/wp-json\/wp\/v2\/media\/74962"}],"wp:attachment":[{"href":"https:\/\/truusk.store\/sv\/wp-json\/wp\/v2\/media?parent=74973"}],"wp:term":[{"taxonomy":"product_brand","embeddable":true,"href":"https:\/\/truusk.store\/sv\/wp-json\/wp\/v2\/product_brand?post=74973"},{"taxonomy":"product_cat","embeddable":true,"href":"https:\/\/truusk.store\/sv\/wp-json\/wp\/v2\/product_cat?post=74973"},{"taxonomy":"product_tag","embeddable":true,"href":"https:\/\/truusk.store\/sv\/wp-json\/wp\/v2\/product_tag?post=74973"}],"curies":[{"name":"wp","href":"https:\/\/api.w.org\/{rel}","templated":true}]}}