{"id":75023,"date":"2025-06-06T03:07:39","date_gmt":"2025-06-06T02:07:39","guid":{"rendered":"https:\/\/truusk.store\/product\/hopfallbar-stol-2-sitsig-campingstol-med-dryckeshallare-barvaska-utomhus-hopfallbar-stol-upp-till-250kg-belastning-robust-latt-vadderad-fiskestol-tradgardsstol-for-tradgard-camping-strand\/"},"modified":"2026-03-12T08:43:09","modified_gmt":"2026-03-12T07:43:09","slug":"truusk-hopfallbar-campingstol-2-sitsig-dryckeshallare-barvaska-upp-till-250kg-belastning-robust-latt-vadderad","status":"publish","type":"product","link":"https:\/\/truusk.store\/sv\/produkt\/truusk-hopfallbar-campingstol-2-sitsig-dryckeshallare-barvaska-upp-till-250kg-belastning-robust-latt-vadderad\/","title":{"rendered":"TRUUSK Hopf\u00e4llbar Campingstol 2-sitsig &#8211; Dryckesh\u00e5llare &#8211; B\u00e4rv\u00e4ska &#8211; Upp Till 250kg Belastning &#8211; Robust &#8211; L\u00e4tt Vadderad &#8211;"},"content":{"rendered":"<p>Upplev utomhuskomfort med TRUUSK hopf\u00e4llbara campingstol! Den hopf\u00e4llbara fiskestolen erbjuder tv\u00e5 vadderade s\u00e4ten med armst\u00f6d och dryckesh\u00e5llare f\u00f6r mer utrymme och avkoppling. Tillverkad av slitstarkt 210g\/m\u00b2 600D Oxford-tyg och en stabil metallram, \u00e4r denna hopf\u00e4llbara campingstol idealisk f\u00f6r stranden, tr\u00e4dg\u00e5rden eller camping.<\/p>\n<p>Beskrivning:<\/p>\n<ul>\n<li> Tv\u00e5 vadderade s\u00e4ten p\u00e5 den hopf\u00e4llbara campingstolen ger komfort och st\u00f6d n\u00e4r du sitter<\/li>\n<li> 210 g\/m\u00b2 600D Oxford-tyg \u00f6kar h\u00e5llbarheten p\u00e5 den hopf\u00e4llbara stolen<\/li>\n<li> Solid metallram p\u00e5 fiskestolen b\u00e4r upp till 250 kg f\u00f6r robust stabilitet<\/li>\n<li> Hopf\u00e4llbar design p\u00e5 campingstolen m\u00f6jligg\u00f6r enkel upps\u00e4ttning och kompakt f\u00f6rvaring<\/li>\n<li> L\u00e4ttviktig med en b\u00e4rv\u00e4ska f\u00f6r enkel transport<\/li>\n<li> M\u00e5ngsidigt anv\u00e4ndbar f\u00f6r fiske, tr\u00e4dg\u00e5rdsarbete eller avkoppling p\u00e5 balkongen<\/li>\n<li> Ingen montering kr\u00e4vs<\/li>\n<\/ul>\n<p> Tekniska data:<\/p>\n<ul>\n<li> F\u00e4rg: Khaki<\/li>\n<li> Material: Metall, Oxfordtyg<\/li>\n<li> Totala dimensioner: 134L x 50B x 92H cm<\/li>\n<li> Hopf\u00e4llda dimensioner: 90L x 23B x 17H cm<\/li>\n<li> Sits h\u00f6jd: 44 cm<\/li>\n<li> B\u00e4rkapacitet: 250 kg<\/li>\n<\/ul>\n<p>Leveransinneh\u00e5ll:<\/p>\n<ul>\n<li> 1 x Campingstol<\/li>\n<li> 1 x B\u00e4rv\u00e4ska<\/li>\n<li> 1 x Bruksanvisning<\/li>\n<\/ul>\n","protected":false},"excerpt":{"rendered":"<p>Upplev utomhuskomfort med TRUUSK hopf\u00e4llbara campingstol! Den hopf\u00e4llbara fiskestolen erbjuder tv\u00e5 vadderade s\u00e4ten med armst\u00f6d och dryckesh\u00e5llare f\u00f6r mer utrymme&#8230;<\/p>\n","protected":false},"featured_media":75014,"template":"","meta":[],"product_brand":[],"product_cat":[648,461,647],"product_tag":[],"class_list":{"0":"post-75023","1":"product","2":"type-product","3":"status-publish","4":"has-post-thumbnail","6":"product_cat-camping-tillbehor","7":"product_cat-camping-stolar","8":"product_cat-sport-fritid","10":"first","11":"instock","12":"sale","13":"taxable","14":"shipping-taxable","15":"purchasable","16":"product-type-simple"},"yoast_head":"<!-- This site is optimized with the Yoast SEO plugin v25.4 - https:\/\/yoast.com\/wordpress\/plugins\/seo\/ -->\n<title>TRUUSK Hopf\u00e4llbar Campingstol 2-sitsig - Dryckesh\u00e5llare - B\u00e4rv\u00e4ska - Upp Till 250kg Belastning - Robust - L\u00e4tt Vadderad - TRUUSK - Hem, Tr\u00e4dg\u00e5rd &amp; Fritid<\/title>\n<meta name=\"robots\" content=\"index, follow, max-snippet:-1, max-image-preview:large, max-video-preview:-1\" \/>\n<link rel=\"canonical\" href=\"https:\/\/truusk.store\/sv\/produkt\/truusk-hopfallbar-campingstol-2-sitsig-dryckeshallare-barvaska-upp-till-250kg-belastning-robust-latt-vadderad\/\" \/>\n<meta property=\"og:locale\" content=\"sv_SE\" \/>\n<meta property=\"og:type\" content=\"article\" \/>\n<meta property=\"og:title\" content=\"TRUUSK Hopf\u00e4llbar Campingstol 2-sitsig - Dryckesh\u00e5llare - B\u00e4rv\u00e4ska - Upp Till 250kg Belastning - Robust - L\u00e4tt Vadderad - TRUUSK - Hem, Tr\u00e4dg\u00e5rd &amp; Fritid\" \/>\n<meta property=\"og:description\" content=\"Upplev utomhuskomfort med TRUUSK hopf\u00e4llbara campingstol! Den hopf\u00e4llbara fiskestolen erbjuder tv\u00e5 vadderade s\u00e4ten med armst\u00f6d och dryckesh\u00e5llare f\u00f6r mer utrymme...\" \/>\n<meta property=\"og:url\" content=\"https:\/\/truusk.store\/sv\/produkt\/truusk-hopfallbar-campingstol-2-sitsig-dryckeshallare-barvaska-upp-till-250kg-belastning-robust-latt-vadderad\/\" \/>\n<meta property=\"og:site_name\" content=\"TRUUSK - Hem, Tr\u00e4dg\u00e5rd &amp; Fritid\" \/>\n<meta property=\"article:modified_time\" content=\"2026-03-12T07:43:09+00:00\" \/>\n<meta property=\"og:image\" content=\"https:\/\/i0.wp.com\/truusk.se\/wp-content\/uploads\/2025\/06\/hopfallbar-stol-2-sitsig-campingstol-med-dryckeshallare-barvaska-utomhus-hopfallbar-stol-upp-till-250kg-belastning-robust-latt-vadderad-fiskestol-tradgardsstol-for-tradgard-camping-strand-1.webp?fit=2000%2C2000&ssl=1\" \/>\n\t<meta property=\"og:image:width\" content=\"2000\" \/>\n\t<meta property=\"og:image:height\" content=\"2000\" \/>\n\t<meta property=\"og:image:type\" content=\"image\/webp\" \/>\n<meta name=\"twitter:card\" content=\"summary_large_image\" \/>\n<meta name=\"twitter:label1\" content=\"Ber\u00e4knad l\u00e4stid\" \/>\n\t<meta name=\"twitter:data1\" content=\"1 minut\" \/>\n<!-- \/ Yoast SEO plugin. -->","yoast_head_json":{"title":"TRUUSK Hopf\u00e4llbar Campingstol 2-sitsig - Dryckesh\u00e5llare - B\u00e4rv\u00e4ska - Upp Till 250kg Belastning - Robust - L\u00e4tt Vadderad - TRUUSK - Hem, Tr\u00e4dg\u00e5rd &amp; Fritid","robots":{"index":"index","follow":"follow","max-snippet":"max-snippet:-1","max-image-preview":"max-image-preview:large","max-video-preview":"max-video-preview:-1"},"canonical":"https:\/\/truusk.store\/sv\/produkt\/truusk-hopfallbar-campingstol-2-sitsig-dryckeshallare-barvaska-upp-till-250kg-belastning-robust-latt-vadderad\/","og_locale":"sv_SE","og_type":"article","og_title":"TRUUSK Hopf\u00e4llbar Campingstol 2-sitsig - Dryckesh\u00e5llare - B\u00e4rv\u00e4ska - Upp Till 250kg Belastning - Robust - L\u00e4tt Vadderad - TRUUSK - Hem, Tr\u00e4dg\u00e5rd &amp; Fritid","og_description":"Upplev utomhuskomfort med TRUUSK hopf\u00e4llbara campingstol! Den hopf\u00e4llbara fiskestolen erbjuder tv\u00e5 vadderade s\u00e4ten med armst\u00f6d och dryckesh\u00e5llare f\u00f6r mer utrymme...","og_url":"https:\/\/truusk.store\/sv\/produkt\/truusk-hopfallbar-campingstol-2-sitsig-dryckeshallare-barvaska-upp-till-250kg-belastning-robust-latt-vadderad\/","og_site_name":"TRUUSK - Hem, Tr\u00e4dg\u00e5rd &amp; Fritid","article_modified_time":"2026-03-12T07:43:09+00:00","og_image":[{"width":2000,"height":2000,"url":"https:\/\/i0.wp.com\/truusk.se\/wp-content\/uploads\/2025\/06\/hopfallbar-stol-2-sitsig-campingstol-med-dryckeshallare-barvaska-utomhus-hopfallbar-stol-upp-till-250kg-belastning-robust-latt-vadderad-fiskestol-tradgardsstol-for-tradgard-camping-strand-1.webp?fit=2000%2C2000&ssl=1","type":"image\/webp"}],"twitter_card":"summary_large_image","twitter_misc":{"Ber\u00e4knad l\u00e4stid":"1 minut"},"schema":{"@context":"https:\/\/schema.org","@graph":[{"@type":"WebPage","@id":"https:\/\/truusk.store\/sv\/produkt\/truusk-hopfallbar-campingstol-2-sitsig-dryckeshallare-barvaska-upp-till-250kg-belastning-robust-latt-vadderad\/","url":"https:\/\/truusk.store\/sv\/produkt\/truusk-hopfallbar-campingstol-2-sitsig-dryckeshallare-barvaska-upp-till-250kg-belastning-robust-latt-vadderad\/","name":"TRUUSK Hopf\u00e4llbar Campingstol 2-sitsig - Dryckesh\u00e5llare - B\u00e4rv\u00e4ska - Upp Till 250kg Belastning - Robust - L\u00e4tt Vadderad - TRUUSK - Hem, Tr\u00e4dg\u00e5rd &amp; Fritid","isPartOf":{"@id":"https:\/\/truusk.store\/sv\/#website"},"primaryImageOfPage":{"@id":"https:\/\/truusk.store\/sv\/produkt\/truusk-hopfallbar-campingstol-2-sitsig-dryckeshallare-barvaska-upp-till-250kg-belastning-robust-latt-vadderad\/#primaryimage"},"image":{"@id":"https:\/\/truusk.store\/sv\/produkt\/truusk-hopfallbar-campingstol-2-sitsig-dryckeshallare-barvaska-upp-till-250kg-belastning-robust-latt-vadderad\/#primaryimage"},"thumbnailUrl":"https:\/\/i0.wp.com\/truusk.store\/wp-content\/uploads\/2025\/06\/hopfallbar-stol-2-sitsig-campingstol-med-dryckeshallare-barvaska-utomhus-hopfallbar-stol-upp-till-250kg-belastning-robust-latt-vadderad-fiskestol-tradgardsstol-for-tradgard-camping-strand-1.webp?fit=2000%2C2000&ssl=1","datePublished":"2025-06-06T02:07:39+00:00","dateModified":"2026-03-12T07:43:09+00:00","breadcrumb":{"@id":"https:\/\/truusk.store\/sv\/produkt\/truusk-hopfallbar-campingstol-2-sitsig-dryckeshallare-barvaska-upp-till-250kg-belastning-robust-latt-vadderad\/#breadcrumb"},"inLanguage":"sv-SE","potentialAction":[{"@type":"ReadAction","target":["https:\/\/truusk.store\/sv\/produkt\/truusk-hopfallbar-campingstol-2-sitsig-dryckeshallare-barvaska-upp-till-250kg-belastning-robust-latt-vadderad\/"]}]},{"@type":"ImageObject","inLanguage":"sv-SE","@id":"https:\/\/truusk.store\/sv\/produkt\/truusk-hopfallbar-campingstol-2-sitsig-dryckeshallare-barvaska-upp-till-250kg-belastning-robust-latt-vadderad\/#primaryimage","url":"https:\/\/i0.wp.com\/truusk.store\/wp-content\/uploads\/2025\/06\/hopfallbar-stol-2-sitsig-campingstol-med-dryckeshallare-barvaska-utomhus-hopfallbar-stol-upp-till-250kg-belastning-robust-latt-vadderad-fiskestol-tradgardsstol-for-tradgard-camping-strand-1.webp?fit=2000%2C2000&ssl=1","contentUrl":"https:\/\/i0.wp.com\/truusk.store\/wp-content\/uploads\/2025\/06\/hopfallbar-stol-2-sitsig-campingstol-med-dryckeshallare-barvaska-utomhus-hopfallbar-stol-upp-till-250kg-belastning-robust-latt-vadderad-fiskestol-tradgardsstol-for-tradgard-camping-strand-1.webp?fit=2000%2C2000&ssl=1","width":2000,"height":2000},{"@type":"BreadcrumbList","@id":"https:\/\/truusk.store\/sv\/produkt\/truusk-hopfallbar-campingstol-2-sitsig-dryckeshallare-barvaska-upp-till-250kg-belastning-robust-latt-vadderad\/#breadcrumb","itemListElement":[{"@type":"ListItem","position":1,"name":"Home","item":"https:\/\/truusk.store\/sv\/"},{"@type":"ListItem","position":2,"name":"Shop","item":"https:\/\/truusk.store\/shop\/"},{"@type":"ListItem","position":3,"name":"TRUUSK Hopf\u00e4llbar Campingstol 2-sitsig &#8211; Dryckesh\u00e5llare &#8211; B\u00e4rv\u00e4ska &#8211; Upp Till 250kg Belastning &#8211; Robust &#8211; L\u00e4tt Vadderad &#8211;"}]},{"@type":"WebSite","@id":"https:\/\/truusk.store\/sv\/#website","url":"https:\/\/truusk.store\/sv\/","name":"TRUUSK - Hem, Tr\u00e4dg\u00e5rd & Fritid","description":"","publisher":{"@id":"https:\/\/truusk.store\/sv\/#organization"},"potentialAction":[{"@type":"SearchAction","target":{"@type":"EntryPoint","urlTemplate":"https:\/\/truusk.store\/sv\/?s={search_term_string}"},"query-input":{"@type":"PropertyValueSpecification","valueRequired":true,"valueName":"search_term_string"}}],"inLanguage":"sv-SE"},{"@type":"Organization","@id":"https:\/\/truusk.store\/sv\/#organization","name":"TRUUSK - Hem, Tr\u00e4dg\u00e5rd & Fritid","url":"https:\/\/truusk.store\/sv\/","logo":{"@type":"ImageObject","inLanguage":"sv-SE","@id":"https:\/\/truusk.store\/sv\/#\/schema\/logo\/image\/","url":"https:\/\/i0.wp.com\/truusk.store\/wp-content\/uploads\/2026\/03\/cropped-TRUUSK.png?fit=2032%2C917&ssl=1","contentUrl":"https:\/\/i0.wp.com\/truusk.store\/wp-content\/uploads\/2026\/03\/cropped-TRUUSK.png?fit=2032%2C917&ssl=1","width":2032,"height":917,"caption":"TRUUSK - Hem, Tr\u00e4dg\u00e5rd & Fritid"},"image":{"@id":"https:\/\/truusk.store\/sv\/#\/schema\/logo\/image\/"}}]}},"jetpack_sharing_enabled":true,"_links":{"self":[{"href":"https:\/\/truusk.store\/sv\/wp-json\/wp\/v2\/product\/75023","targetHints":{"allow":["GET"]}}],"collection":[{"href":"https:\/\/truusk.store\/sv\/wp-json\/wp\/v2\/product"}],"about":[{"href":"https:\/\/truusk.store\/sv\/wp-json\/wp\/v2\/types\/product"}],"wp:featuredmedia":[{"embeddable":true,"href":"https:\/\/truusk.store\/sv\/wp-json\/wp\/v2\/media\/75014"}],"wp:attachment":[{"href":"https:\/\/truusk.store\/sv\/wp-json\/wp\/v2\/media?parent=75023"}],"wp:term":[{"taxonomy":"product_brand","embeddable":true,"href":"https:\/\/truusk.store\/sv\/wp-json\/wp\/v2\/product_brand?post=75023"},{"taxonomy":"product_cat","embeddable":true,"href":"https:\/\/truusk.store\/sv\/wp-json\/wp\/v2\/product_cat?post=75023"},{"taxonomy":"product_tag","embeddable":true,"href":"https:\/\/truusk.store\/sv\/wp-json\/wp\/v2\/product_tag?post=75023"}],"curies":[{"name":"wp","href":"https:\/\/api.w.org\/{rel}","templated":true}]}}