{"id":75033,"date":"2025-06-06T03:08:40","date_gmt":"2025-06-06T02:08:40","guid":{"rendered":"https:\/\/truusk.store\/product\/solcellssensor-elektrisk-vindsensor-vaderstation-utomhussensor-vindvakt-solvakt-radiosensor-for-markiser-utomhusskuggor-ledarmmarkiser\/"},"modified":"2026-03-12T08:42:45","modified_gmt":"2026-03-12T07:42:45","slug":"truusk-solcellssensor-elektrisk-vindsensor-vaderstation-utomhussensor-vindvakt-solvakt-radiosensor-for-markiser","status":"publish","type":"product","link":"https:\/\/truusk.store\/sv\/produkt\/truusk-solcellssensor-elektrisk-vindsensor-vaderstation-utomhussensor-vindvakt-solvakt-radiosensor-for-markiser\/","title":{"rendered":"TRUUSK Solcellssensor Elektrisk Vindsensor &#8211; V\u00e4derstation Utomhussensor &#8211; Vindvakt Solvakt Radiosensor &#8211; F\u00f6r Markiser"},"content":{"rendered":"<p>Njut av oavbruten komfort utomhus med TRUUSK markis vind- och solsensor. Vid vind drar vindgivaren automatiskt tillbaka och vid sol \u00f6ppnar den f\u00f6r att ge svalka och skydd. St\u00e4ll in k\u00e4nsligheten f\u00f6r solsensorn f\u00f6r vind och sol enligt dina \u00f6nskem\u00e5l och kontrollera din milj\u00f6 utan anstr\u00e4ngning!<\/p>\n<p>Beskrivning:<\/p>\n<ul>\n<li> Vind- och solsensorn st\u00e4ller automatiskt in markissystemet f\u00f6r v\u00e4derf\u00f6r\u00e4ndringar<\/li>\n<li> Automatisk st\u00e4ngning vid stark vind skyddar markisens integritet<\/li>\n<li> Solsensorn \u00f6ppnar markisen igen n\u00e4r det \u00e4r soligt, vilket h\u00e5ller utomhusomr\u00e5det svalt och skuggigt<\/li>\n<li> Anpassa solsensorn med tre vind- och fyra solk\u00e4nslighetsinst\u00e4llningar<\/li>\n<li> L\u00e4mplig f\u00f6r elektriska markiser, TRUUSK SKU: X-840-226<\/li>\n<\/ul>\n<p> Tekniska specifikationer:<\/p>\n<ul>\n<li> F\u00e4rg: Vit<\/li>\n<li> Material: Plast<\/li>\n<li> Produktm\u00e5tt: 22L x 11B x 9H cm<\/li>\n<li> Nominell sp\u00e4nning: 230V, 50Hz<\/li>\n<li> Nominell effekt: 0,3W<\/li>\n<li> M\u00e4tbart vindomr\u00e5de: 1-40 km\/h<\/li>\n<li> M\u00e4tbar ljusintensitet: 1-60 KLx<\/li>\n<li> Certifiering: CE<\/li>\n<\/ul>\n<p>Leveransinneh\u00e5ll:<\/p>\n<ul>\n<li> 1 x Markis Vind-Sol Sensor<\/li>\n<li> 1 x Manual<\/li>\n<\/ul>\n","protected":false},"excerpt":{"rendered":"<p>Njut av oavbruten komfort utomhus med TRUUSK markis vind- och solsensor. Vid vind drar vindgivaren automatiskt tillbaka och vid sol&#8230;<\/p>\n","protected":false},"featured_media":75024,"template":"","meta":[],"product_brand":[],"product_cat":[867,963],"product_tag":[],"class_list":{"0":"post-75033","1":"product","2":"type-product","3":"status-publish","4":"has-post-thumbnail","6":"product_cat-byggmarknad","7":"product_cat-runt-om-huset","9":"first","10":"instock","11":"sale","12":"taxable","13":"shipping-taxable","14":"purchasable","15":"product-type-simple"},"yoast_head":"<!-- This site is optimized with the Yoast SEO plugin v25.4 - https:\/\/yoast.com\/wordpress\/plugins\/seo\/ -->\n<title>TRUUSK Solcellssensor Elektrisk Vindsensor - V\u00e4derstation Utomhussensor - Vindvakt Solvakt Radiosensor - F\u00f6r Markiser - TRUUSK - Hem, Tr\u00e4dg\u00e5rd &amp; Fritid<\/title>\n<meta name=\"robots\" content=\"index, follow, max-snippet:-1, max-image-preview:large, max-video-preview:-1\" \/>\n<link rel=\"canonical\" href=\"https:\/\/truusk.store\/sv\/produkt\/truusk-solcellssensor-elektrisk-vindsensor-vaderstation-utomhussensor-vindvakt-solvakt-radiosensor-for-markiser\/\" \/>\n<meta property=\"og:locale\" content=\"sv_SE\" \/>\n<meta property=\"og:type\" content=\"article\" \/>\n<meta property=\"og:title\" content=\"TRUUSK Solcellssensor Elektrisk Vindsensor - V\u00e4derstation Utomhussensor - Vindvakt Solvakt Radiosensor - F\u00f6r Markiser - TRUUSK - Hem, Tr\u00e4dg\u00e5rd &amp; Fritid\" \/>\n<meta property=\"og:description\" content=\"Njut av oavbruten komfort utomhus med TRUUSK markis vind- och solsensor. Vid vind drar vindgivaren automatiskt tillbaka och vid sol...\" \/>\n<meta property=\"og:url\" content=\"https:\/\/truusk.store\/sv\/produkt\/truusk-solcellssensor-elektrisk-vindsensor-vaderstation-utomhussensor-vindvakt-solvakt-radiosensor-for-markiser\/\" \/>\n<meta property=\"og:site_name\" content=\"TRUUSK - Hem, Tr\u00e4dg\u00e5rd &amp; Fritid\" \/>\n<meta property=\"article:modified_time\" content=\"2026-03-12T07:42:45+00:00\" \/>\n<meta property=\"og:image\" content=\"https:\/\/i0.wp.com\/truusk.se\/wp-content\/uploads\/2025\/06\/solcellssensor-elektrisk-vindsensor-vaderstation-utomhussensor-vindvakt-solvakt-radiosensor-for-markiser-utomhusskuggor-ledarmmarkiser-1.webp?fit=2000%2C2000&ssl=1\" \/>\n\t<meta property=\"og:image:width\" content=\"2000\" \/>\n\t<meta property=\"og:image:height\" content=\"2000\" \/>\n\t<meta property=\"og:image:type\" content=\"image\/webp\" \/>\n<meta name=\"twitter:card\" content=\"summary_large_image\" \/>\n<meta name=\"twitter:label1\" content=\"Ber\u00e4knad l\u00e4stid\" \/>\n\t<meta name=\"twitter:data1\" content=\"1 minut\" \/>\n<!-- \/ Yoast SEO plugin. -->","yoast_head_json":{"title":"TRUUSK Solcellssensor Elektrisk Vindsensor - V\u00e4derstation Utomhussensor - Vindvakt Solvakt Radiosensor - F\u00f6r Markiser - TRUUSK - Hem, Tr\u00e4dg\u00e5rd &amp; Fritid","robots":{"index":"index","follow":"follow","max-snippet":"max-snippet:-1","max-image-preview":"max-image-preview:large","max-video-preview":"max-video-preview:-1"},"canonical":"https:\/\/truusk.store\/sv\/produkt\/truusk-solcellssensor-elektrisk-vindsensor-vaderstation-utomhussensor-vindvakt-solvakt-radiosensor-for-markiser\/","og_locale":"sv_SE","og_type":"article","og_title":"TRUUSK Solcellssensor Elektrisk Vindsensor - V\u00e4derstation Utomhussensor - Vindvakt Solvakt Radiosensor - F\u00f6r Markiser - TRUUSK - Hem, Tr\u00e4dg\u00e5rd &amp; Fritid","og_description":"Njut av oavbruten komfort utomhus med TRUUSK markis vind- och solsensor. Vid vind drar vindgivaren automatiskt tillbaka och vid sol...","og_url":"https:\/\/truusk.store\/sv\/produkt\/truusk-solcellssensor-elektrisk-vindsensor-vaderstation-utomhussensor-vindvakt-solvakt-radiosensor-for-markiser\/","og_site_name":"TRUUSK - Hem, Tr\u00e4dg\u00e5rd &amp; Fritid","article_modified_time":"2026-03-12T07:42:45+00:00","og_image":[{"width":2000,"height":2000,"url":"https:\/\/i0.wp.com\/truusk.se\/wp-content\/uploads\/2025\/06\/solcellssensor-elektrisk-vindsensor-vaderstation-utomhussensor-vindvakt-solvakt-radiosensor-for-markiser-utomhusskuggor-ledarmmarkiser-1.webp?fit=2000%2C2000&ssl=1","type":"image\/webp"}],"twitter_card":"summary_large_image","twitter_misc":{"Ber\u00e4knad l\u00e4stid":"1 minut"},"schema":{"@context":"https:\/\/schema.org","@graph":[{"@type":"WebPage","@id":"https:\/\/truusk.store\/sv\/produkt\/truusk-solcellssensor-elektrisk-vindsensor-vaderstation-utomhussensor-vindvakt-solvakt-radiosensor-for-markiser\/","url":"https:\/\/truusk.store\/sv\/produkt\/truusk-solcellssensor-elektrisk-vindsensor-vaderstation-utomhussensor-vindvakt-solvakt-radiosensor-for-markiser\/","name":"TRUUSK Solcellssensor Elektrisk Vindsensor - V\u00e4derstation Utomhussensor - Vindvakt Solvakt Radiosensor - F\u00f6r Markiser - TRUUSK - Hem, Tr\u00e4dg\u00e5rd &amp; Fritid","isPartOf":{"@id":"https:\/\/truusk.store\/sv\/#website"},"primaryImageOfPage":{"@id":"https:\/\/truusk.store\/sv\/produkt\/truusk-solcellssensor-elektrisk-vindsensor-vaderstation-utomhussensor-vindvakt-solvakt-radiosensor-for-markiser\/#primaryimage"},"image":{"@id":"https:\/\/truusk.store\/sv\/produkt\/truusk-solcellssensor-elektrisk-vindsensor-vaderstation-utomhussensor-vindvakt-solvakt-radiosensor-for-markiser\/#primaryimage"},"thumbnailUrl":"https:\/\/i0.wp.com\/truusk.store\/wp-content\/uploads\/2025\/06\/solcellssensor-elektrisk-vindsensor-vaderstation-utomhussensor-vindvakt-solvakt-radiosensor-for-markiser-utomhusskuggor-ledarmmarkiser-1.webp?fit=2000%2C2000&ssl=1","datePublished":"2025-06-06T02:08:40+00:00","dateModified":"2026-03-12T07:42:45+00:00","breadcrumb":{"@id":"https:\/\/truusk.store\/sv\/produkt\/truusk-solcellssensor-elektrisk-vindsensor-vaderstation-utomhussensor-vindvakt-solvakt-radiosensor-for-markiser\/#breadcrumb"},"inLanguage":"sv-SE","potentialAction":[{"@type":"ReadAction","target":["https:\/\/truusk.store\/sv\/produkt\/truusk-solcellssensor-elektrisk-vindsensor-vaderstation-utomhussensor-vindvakt-solvakt-radiosensor-for-markiser\/"]}]},{"@type":"ImageObject","inLanguage":"sv-SE","@id":"https:\/\/truusk.store\/sv\/produkt\/truusk-solcellssensor-elektrisk-vindsensor-vaderstation-utomhussensor-vindvakt-solvakt-radiosensor-for-markiser\/#primaryimage","url":"https:\/\/i0.wp.com\/truusk.store\/wp-content\/uploads\/2025\/06\/solcellssensor-elektrisk-vindsensor-vaderstation-utomhussensor-vindvakt-solvakt-radiosensor-for-markiser-utomhusskuggor-ledarmmarkiser-1.webp?fit=2000%2C2000&ssl=1","contentUrl":"https:\/\/i0.wp.com\/truusk.store\/wp-content\/uploads\/2025\/06\/solcellssensor-elektrisk-vindsensor-vaderstation-utomhussensor-vindvakt-solvakt-radiosensor-for-markiser-utomhusskuggor-ledarmmarkiser-1.webp?fit=2000%2C2000&ssl=1","width":2000,"height":2000},{"@type":"BreadcrumbList","@id":"https:\/\/truusk.store\/sv\/produkt\/truusk-solcellssensor-elektrisk-vindsensor-vaderstation-utomhussensor-vindvakt-solvakt-radiosensor-for-markiser\/#breadcrumb","itemListElement":[{"@type":"ListItem","position":1,"name":"Home","item":"https:\/\/truusk.store\/sv\/"},{"@type":"ListItem","position":2,"name":"Shop","item":"https:\/\/truusk.store\/shop\/"},{"@type":"ListItem","position":3,"name":"TRUUSK Solcellssensor Elektrisk Vindsensor &#8211; V\u00e4derstation Utomhussensor &#8211; Vindvakt Solvakt Radiosensor &#8211; F\u00f6r Markiser"}]},{"@type":"WebSite","@id":"https:\/\/truusk.store\/sv\/#website","url":"https:\/\/truusk.store\/sv\/","name":"TRUUSK - Hem, Tr\u00e4dg\u00e5rd & Fritid","description":"","publisher":{"@id":"https:\/\/truusk.store\/sv\/#organization"},"potentialAction":[{"@type":"SearchAction","target":{"@type":"EntryPoint","urlTemplate":"https:\/\/truusk.store\/sv\/?s={search_term_string}"},"query-input":{"@type":"PropertyValueSpecification","valueRequired":true,"valueName":"search_term_string"}}],"inLanguage":"sv-SE"},{"@type":"Organization","@id":"https:\/\/truusk.store\/sv\/#organization","name":"TRUUSK - Hem, Tr\u00e4dg\u00e5rd & Fritid","url":"https:\/\/truusk.store\/sv\/","logo":{"@type":"ImageObject","inLanguage":"sv-SE","@id":"https:\/\/truusk.store\/sv\/#\/schema\/logo\/image\/","url":"https:\/\/i0.wp.com\/truusk.store\/wp-content\/uploads\/2026\/03\/cropped-TRUUSK.png?fit=2032%2C917&ssl=1","contentUrl":"https:\/\/i0.wp.com\/truusk.store\/wp-content\/uploads\/2026\/03\/cropped-TRUUSK.png?fit=2032%2C917&ssl=1","width":2032,"height":917,"caption":"TRUUSK - Hem, Tr\u00e4dg\u00e5rd & Fritid"},"image":{"@id":"https:\/\/truusk.store\/sv\/#\/schema\/logo\/image\/"}}]}},"jetpack_sharing_enabled":true,"_links":{"self":[{"href":"https:\/\/truusk.store\/sv\/wp-json\/wp\/v2\/product\/75033","targetHints":{"allow":["GET"]}}],"collection":[{"href":"https:\/\/truusk.store\/sv\/wp-json\/wp\/v2\/product"}],"about":[{"href":"https:\/\/truusk.store\/sv\/wp-json\/wp\/v2\/types\/product"}],"wp:featuredmedia":[{"embeddable":true,"href":"https:\/\/truusk.store\/sv\/wp-json\/wp\/v2\/media\/75024"}],"wp:attachment":[{"href":"https:\/\/truusk.store\/sv\/wp-json\/wp\/v2\/media?parent=75033"}],"wp:term":[{"taxonomy":"product_brand","embeddable":true,"href":"https:\/\/truusk.store\/sv\/wp-json\/wp\/v2\/product_brand?post=75033"},{"taxonomy":"product_cat","embeddable":true,"href":"https:\/\/truusk.store\/sv\/wp-json\/wp\/v2\/product_cat?post=75033"},{"taxonomy":"product_tag","embeddable":true,"href":"https:\/\/truusk.store\/sv\/wp-json\/wp\/v2\/product_tag?post=75033"}],"curies":[{"name":"wp","href":"https:\/\/api.w.org\/{rel}","templated":true}]}}