{"id":75073,"date":"2025-06-06T03:12:36","date_gmt":"2025-06-06T02:12:36","guid":{"rendered":"https:\/\/truusk.store\/product\/skoskap-med-3-luckor-skohylla-med-justerbar-skiljevagg-smal-skokommod-for-12-par-skor-47-x-26-x-120-cm-vit\/"},"modified":"2026-03-12T08:43:15","modified_gmt":"2026-03-12T07:43:15","slug":"truusk-skoskap-med-3-luckor-skohylla-med-justerbar-skiljevagg-smal-skokommod-for-12-par-skor-vit-47-x-26-x-120-cm","status":"publish","type":"product","link":"https:\/\/truusk.store\/sv\/produkt\/truusk-skoskap-med-3-luckor-skohylla-med-justerbar-skiljevagg-smal-skokommod-for-12-par-skor-vit-47-x-26-x-120-cm\/","title":{"rendered":"TRUUSK Skosk\u00e5p Med 3 Luckor &#8211; Skohylla Med Justerbar Skiljev\u00e4gg &#8211; Smal Skokommod F\u00f6r 12 Par Skor &#8211; Vit &#8211; 47 X 26 X 120 Cm"},"content":{"rendered":"<p>F\u00f6rvara dina skor stilfullt och prydligt i TRUUSK skosk\u00e5p. Det smala designen av skof\u00f6rvaringen med svarta, runda handtag och tre fack erbjuder plats f\u00f6r upp till 12 par skor. Idealisk f\u00f6r tr\u00e5nga utrymmen, kan l\u00e4tt anpassas tack vare justerbara hyllor. Det perfekta valet f\u00f6r ett elegant hem!<\/p>\n<p>Beskrivning:<\/p>\n<ul>\n<li> Tre f\u00e4llbara l\u00e5dor erbjuder plats f\u00f6r upp till 12 par skor<\/li>\n<li> Justerbara hyllor erbjuder tre niv\u00e5er f\u00f6r individuell f\u00f6rvaring<\/li>\n<li> Liten djup garanterar passform i smala utrymmen<\/li>\n<li> Melaminbelagd sp\u00e5nskiva av skosk\u00e5pet m\u00f6jligg\u00f6r enkel v\u00e5rd<\/li>\n<li> Tipp-s\u00e4ker design av skosk\u00e5pet f\u00f6rb\u00e4ttrar den totala stabiliteten<\/li>\n<li> Montering kr\u00e4vs<\/li>\n<\/ul>\n<p> Tekniska data:<\/p>\n<ul>\n<li> F\u00e4rg: Vit<\/li>\n<li> Material: Sp\u00e5nskiva<\/li>\n<li> Totala dimensioner: 47B x 26T x 120H cm<\/li>\n<li> Inre storlek p\u00e5 l\u00e5dan: 42,5B x 31,5T x 18H cm<\/li>\n<li> Maximal skokapacitet: 12 par<\/li>\n<li> B\u00e4rkapacitet: 19 kg (totalt), 3 kg (hylla), 10 kg (ovan)<\/li>\n<\/ul>\n<p>Leveransinneh\u00e5ll:<\/p>\n<ul>\n<li> 1 x Skosk\u00e5p<\/li>\n<li> 1 x Bruksanvisning<\/li>\n<\/ul>\n","protected":false},"excerpt":{"rendered":"<p>F\u00f6rvara dina skor stilfullt och prydligt i TRUUSK skosk\u00e5p. Det smala designen av skof\u00f6rvaringen med svarta, runda handtag och tre&#8230;<\/p>\n","protected":false},"featured_media":75064,"template":"","meta":[],"product_brand":[],"product_cat":[893,871,530],"product_tag":[],"class_list":{"0":"post-75073","1":"product","2":"type-product","3":"status-publish","4":"has-post-thumbnail","6":"product_cat-garderob-hall","7":"product_cat-hus-hem","8":"product_cat-skoskap","10":"first","11":"instock","12":"sale","13":"taxable","14":"shipping-taxable","15":"purchasable","16":"product-type-simple"},"yoast_head":"<!-- This site is optimized with the Yoast SEO plugin v25.4 - https:\/\/yoast.com\/wordpress\/plugins\/seo\/ -->\n<title>TRUUSK Skosk\u00e5p Med 3 Luckor - Skohylla Med Justerbar Skiljev\u00e4gg - Smal Skokommod F\u00f6r 12 Par Skor - Vit - 47 X 26 X 120 Cm - TRUUSK - Hem, Tr\u00e4dg\u00e5rd &amp; Fritid<\/title>\n<meta name=\"robots\" content=\"index, follow, max-snippet:-1, max-image-preview:large, max-video-preview:-1\" \/>\n<link rel=\"canonical\" href=\"https:\/\/truusk.store\/sv\/produkt\/truusk-skoskap-med-3-luckor-skohylla-med-justerbar-skiljevagg-smal-skokommod-for-12-par-skor-vit-47-x-26-x-120-cm\/\" \/>\n<meta property=\"og:locale\" content=\"sv_SE\" \/>\n<meta property=\"og:type\" content=\"article\" \/>\n<meta property=\"og:title\" content=\"TRUUSK Skosk\u00e5p Med 3 Luckor - Skohylla Med Justerbar Skiljev\u00e4gg - Smal Skokommod F\u00f6r 12 Par Skor - Vit - 47 X 26 X 120 Cm - TRUUSK - Hem, Tr\u00e4dg\u00e5rd &amp; Fritid\" \/>\n<meta property=\"og:description\" content=\"F\u00f6rvara dina skor stilfullt och prydligt i TRUUSK skosk\u00e5p. Det smala designen av skof\u00f6rvaringen med svarta, runda handtag och tre...\" \/>\n<meta property=\"og:url\" content=\"https:\/\/truusk.store\/sv\/produkt\/truusk-skoskap-med-3-luckor-skohylla-med-justerbar-skiljevagg-smal-skokommod-for-12-par-skor-vit-47-x-26-x-120-cm\/\" \/>\n<meta property=\"og:site_name\" content=\"TRUUSK - Hem, Tr\u00e4dg\u00e5rd &amp; Fritid\" \/>\n<meta property=\"article:modified_time\" content=\"2026-03-12T07:43:15+00:00\" \/>\n<meta property=\"og:image\" content=\"https:\/\/i0.wp.com\/truusk.se\/wp-content\/uploads\/2025\/06\/skoskap-med-3-luckor-skohylla-med-justerbar-skiljevagg-smal-skokommod-for-12-par-skor-47-x-26-x-120-cm-vit-1.webp?fit=2000%2C2000&ssl=1\" \/>\n\t<meta property=\"og:image:width\" content=\"2000\" \/>\n\t<meta property=\"og:image:height\" content=\"2000\" \/>\n\t<meta property=\"og:image:type\" content=\"image\/webp\" \/>\n<meta name=\"twitter:card\" content=\"summary_large_image\" \/>\n<meta name=\"twitter:label1\" content=\"Ber\u00e4knad l\u00e4stid\" \/>\n\t<meta name=\"twitter:data1\" content=\"1 minut\" \/>\n<!-- \/ Yoast SEO plugin. -->","yoast_head_json":{"title":"TRUUSK Skosk\u00e5p Med 3 Luckor - Skohylla Med Justerbar Skiljev\u00e4gg - Smal Skokommod F\u00f6r 12 Par Skor - Vit - 47 X 26 X 120 Cm - TRUUSK - Hem, Tr\u00e4dg\u00e5rd &amp; Fritid","robots":{"index":"index","follow":"follow","max-snippet":"max-snippet:-1","max-image-preview":"max-image-preview:large","max-video-preview":"max-video-preview:-1"},"canonical":"https:\/\/truusk.store\/sv\/produkt\/truusk-skoskap-med-3-luckor-skohylla-med-justerbar-skiljevagg-smal-skokommod-for-12-par-skor-vit-47-x-26-x-120-cm\/","og_locale":"sv_SE","og_type":"article","og_title":"TRUUSK Skosk\u00e5p Med 3 Luckor - Skohylla Med Justerbar Skiljev\u00e4gg - Smal Skokommod F\u00f6r 12 Par Skor - Vit - 47 X 26 X 120 Cm - TRUUSK - Hem, Tr\u00e4dg\u00e5rd &amp; Fritid","og_description":"F\u00f6rvara dina skor stilfullt och prydligt i TRUUSK skosk\u00e5p. Det smala designen av skof\u00f6rvaringen med svarta, runda handtag och tre...","og_url":"https:\/\/truusk.store\/sv\/produkt\/truusk-skoskap-med-3-luckor-skohylla-med-justerbar-skiljevagg-smal-skokommod-for-12-par-skor-vit-47-x-26-x-120-cm\/","og_site_name":"TRUUSK - Hem, Tr\u00e4dg\u00e5rd &amp; Fritid","article_modified_time":"2026-03-12T07:43:15+00:00","og_image":[{"width":2000,"height":2000,"url":"https:\/\/i0.wp.com\/truusk.se\/wp-content\/uploads\/2025\/06\/skoskap-med-3-luckor-skohylla-med-justerbar-skiljevagg-smal-skokommod-for-12-par-skor-47-x-26-x-120-cm-vit-1.webp?fit=2000%2C2000&ssl=1","type":"image\/webp"}],"twitter_card":"summary_large_image","twitter_misc":{"Ber\u00e4knad l\u00e4stid":"1 minut"},"schema":{"@context":"https:\/\/schema.org","@graph":[{"@type":"WebPage","@id":"https:\/\/truusk.store\/sv\/produkt\/truusk-skoskap-med-3-luckor-skohylla-med-justerbar-skiljevagg-smal-skokommod-for-12-par-skor-vit-47-x-26-x-120-cm\/","url":"https:\/\/truusk.store\/sv\/produkt\/truusk-skoskap-med-3-luckor-skohylla-med-justerbar-skiljevagg-smal-skokommod-for-12-par-skor-vit-47-x-26-x-120-cm\/","name":"TRUUSK Skosk\u00e5p Med 3 Luckor - Skohylla Med Justerbar Skiljev\u00e4gg - Smal Skokommod F\u00f6r 12 Par Skor - Vit - 47 X 26 X 120 Cm - TRUUSK - Hem, Tr\u00e4dg\u00e5rd &amp; Fritid","isPartOf":{"@id":"https:\/\/truusk.store\/sv\/#website"},"primaryImageOfPage":{"@id":"https:\/\/truusk.store\/sv\/produkt\/truusk-skoskap-med-3-luckor-skohylla-med-justerbar-skiljevagg-smal-skokommod-for-12-par-skor-vit-47-x-26-x-120-cm\/#primaryimage"},"image":{"@id":"https:\/\/truusk.store\/sv\/produkt\/truusk-skoskap-med-3-luckor-skohylla-med-justerbar-skiljevagg-smal-skokommod-for-12-par-skor-vit-47-x-26-x-120-cm\/#primaryimage"},"thumbnailUrl":"https:\/\/i0.wp.com\/truusk.store\/wp-content\/uploads\/2025\/06\/skoskap-med-3-luckor-skohylla-med-justerbar-skiljevagg-smal-skokommod-for-12-par-skor-47-x-26-x-120-cm-vit-1.webp?fit=2000%2C2000&ssl=1","datePublished":"2025-06-06T02:12:36+00:00","dateModified":"2026-03-12T07:43:15+00:00","breadcrumb":{"@id":"https:\/\/truusk.store\/sv\/produkt\/truusk-skoskap-med-3-luckor-skohylla-med-justerbar-skiljevagg-smal-skokommod-for-12-par-skor-vit-47-x-26-x-120-cm\/#breadcrumb"},"inLanguage":"sv-SE","potentialAction":[{"@type":"ReadAction","target":["https:\/\/truusk.store\/sv\/produkt\/truusk-skoskap-med-3-luckor-skohylla-med-justerbar-skiljevagg-smal-skokommod-for-12-par-skor-vit-47-x-26-x-120-cm\/"]}]},{"@type":"ImageObject","inLanguage":"sv-SE","@id":"https:\/\/truusk.store\/sv\/produkt\/truusk-skoskap-med-3-luckor-skohylla-med-justerbar-skiljevagg-smal-skokommod-for-12-par-skor-vit-47-x-26-x-120-cm\/#primaryimage","url":"https:\/\/i0.wp.com\/truusk.store\/wp-content\/uploads\/2025\/06\/skoskap-med-3-luckor-skohylla-med-justerbar-skiljevagg-smal-skokommod-for-12-par-skor-47-x-26-x-120-cm-vit-1.webp?fit=2000%2C2000&ssl=1","contentUrl":"https:\/\/i0.wp.com\/truusk.store\/wp-content\/uploads\/2025\/06\/skoskap-med-3-luckor-skohylla-med-justerbar-skiljevagg-smal-skokommod-for-12-par-skor-47-x-26-x-120-cm-vit-1.webp?fit=2000%2C2000&ssl=1","width":2000,"height":2000},{"@type":"BreadcrumbList","@id":"https:\/\/truusk.store\/sv\/produkt\/truusk-skoskap-med-3-luckor-skohylla-med-justerbar-skiljevagg-smal-skokommod-for-12-par-skor-vit-47-x-26-x-120-cm\/#breadcrumb","itemListElement":[{"@type":"ListItem","position":1,"name":"Home","item":"https:\/\/truusk.store\/sv\/"},{"@type":"ListItem","position":2,"name":"Shop","item":"https:\/\/truusk.store\/shop\/"},{"@type":"ListItem","position":3,"name":"TRUUSK Skosk\u00e5p Med 3 Luckor &#8211; Skohylla Med Justerbar Skiljev\u00e4gg &#8211; Smal Skokommod F\u00f6r 12 Par Skor &#8211; Vit &#8211; 47 X 26 X 120 Cm"}]},{"@type":"WebSite","@id":"https:\/\/truusk.store\/sv\/#website","url":"https:\/\/truusk.store\/sv\/","name":"TRUUSK - Hem, Tr\u00e4dg\u00e5rd & Fritid","description":"","publisher":{"@id":"https:\/\/truusk.store\/sv\/#organization"},"potentialAction":[{"@type":"SearchAction","target":{"@type":"EntryPoint","urlTemplate":"https:\/\/truusk.store\/sv\/?s={search_term_string}"},"query-input":{"@type":"PropertyValueSpecification","valueRequired":true,"valueName":"search_term_string"}}],"inLanguage":"sv-SE"},{"@type":"Organization","@id":"https:\/\/truusk.store\/sv\/#organization","name":"TRUUSK - Hem, Tr\u00e4dg\u00e5rd & Fritid","url":"https:\/\/truusk.store\/sv\/","logo":{"@type":"ImageObject","inLanguage":"sv-SE","@id":"https:\/\/truusk.store\/sv\/#\/schema\/logo\/image\/","url":"https:\/\/i0.wp.com\/truusk.store\/wp-content\/uploads\/2026\/03\/cropped-TRUUSK.png?fit=2032%2C917&ssl=1","contentUrl":"https:\/\/i0.wp.com\/truusk.store\/wp-content\/uploads\/2026\/03\/cropped-TRUUSK.png?fit=2032%2C917&ssl=1","width":2032,"height":917,"caption":"TRUUSK - Hem, Tr\u00e4dg\u00e5rd & Fritid"},"image":{"@id":"https:\/\/truusk.store\/sv\/#\/schema\/logo\/image\/"}}]}},"jetpack_sharing_enabled":true,"_links":{"self":[{"href":"https:\/\/truusk.store\/sv\/wp-json\/wp\/v2\/product\/75073","targetHints":{"allow":["GET"]}}],"collection":[{"href":"https:\/\/truusk.store\/sv\/wp-json\/wp\/v2\/product"}],"about":[{"href":"https:\/\/truusk.store\/sv\/wp-json\/wp\/v2\/types\/product"}],"wp:featuredmedia":[{"embeddable":true,"href":"https:\/\/truusk.store\/sv\/wp-json\/wp\/v2\/media\/75064"}],"wp:attachment":[{"href":"https:\/\/truusk.store\/sv\/wp-json\/wp\/v2\/media?parent=75073"}],"wp:term":[{"taxonomy":"product_brand","embeddable":true,"href":"https:\/\/truusk.store\/sv\/wp-json\/wp\/v2\/product_brand?post=75073"},{"taxonomy":"product_cat","embeddable":true,"href":"https:\/\/truusk.store\/sv\/wp-json\/wp\/v2\/product_cat?post=75073"},{"taxonomy":"product_tag","embeddable":true,"href":"https:\/\/truusk.store\/sv\/wp-json\/wp\/v2\/product_tag?post=75073"}],"curies":[{"name":"wp","href":"https:\/\/api.w.org\/{rel}","templated":true}]}}