{"id":75093,"date":"2025-06-06T03:14:46","date_gmt":"2025-06-06T02:14:46","guid":{"rendered":"https:\/\/truusk.store\/product\/klostrad-72-cm-kattorn-med-plyschbollar-sisalstammar-plattform-klospapper-flervanings-kattklostrad-klattertrad-for-medelstora-katter-kramvit\/"},"modified":"2026-03-12T09:38:28","modified_gmt":"2026-03-12T08:38:28","slug":"truusk-72-cm-katttrad-med-plyschbollar-sisalstammar-plattform-klospapper-for-medelstora-katter-kramvit","status":"publish","type":"product","link":"https:\/\/truusk.store\/sv\/produkt\/truusk-72-cm-katttrad-med-plyschbollar-sisalstammar-plattform-klospapper-for-medelstora-katter-kramvit\/","title":{"rendered":"TRUUSK 72 cm Katttr\u00e4d med Plyschbollar &#8211; Sisalstammar &#8211; Plattform &#8211; Kl\u00f6spapper &#8211; F\u00f6r Medelstora Katter &#8211; Kr\u00e4mvit"},"content":{"rendered":"<p>Tillfredsst\u00e4ll din katts naturliga instinkter p\u00e5 ett s\u00e4kert s\u00e4tt med detta kl\u00f6str\u00e4d fr\u00e5n TRUUSK! Kl\u00f6str\u00e4det \u00e4r f\u00f6rdelaktigt b\u00e5de f\u00f6r husdjuret och \u00e4garen, eftersom det erbjuder en plats d\u00e4r katterna kan utleva sin lust att kl\u00f6sa och kl\u00e4ttra, samtidigt som det skyddar dina mattor och hush\u00e5llsm\u00f6bler fr\u00e5n skador. Vila, leka, tr\u00e4na, dina katter kan spendera hela dagen p\u00e5 det, en bekv\u00e4m enhet f\u00f6r dina lurviga v\u00e4nner.<\/p>\n<p>Beskrivning:<\/p>\n<ul>\n<li> Den breda sittplattformen erbjuder en bekv\u00e4m plats f\u00f6r dina katter att koppla av<\/li>\n<li> Sisalstolparna tillfredsst\u00e4ller dina katters kl\u00f6slust och skyddar dina m\u00f6bler fr\u00e5n repor<\/li>\n<li> Det multiaktivitetskl\u00f6str\u00e4det \u00e4r tillverkat av h\u00f6gkvalitativ MDF-skiva av klass E1<\/li>\n<li> Det flerniv\u00e5designade kattr\u00e4det tillfredsst\u00e4ller ditt husdjurs kl\u00e4tterlust<\/li>\n<li> L\u00e4mplig f\u00f6r kattens vikt under 4,5 kg<\/li>\n<li> Det rekommenderas att v\u00e4lja kattkl\u00f6str\u00e4d enligt kattens typ<\/li>\n<li> Montering kr\u00e4vs<\/li>\n<\/ul>\n<p> Tekniska data:<\/p>\n<ul>\n<li> F\u00e4rg: Kr\u00e4mvit<\/li>\n<li> Material: MDF, plysch, sisal<\/li>\n<li> Totala m\u00e5tt: 40L x 35B x 72H cm<\/li>\n<li> Storlek p\u00e5 kl\u00f6spanel: 35L x 20B x 13H cm (b\u00f6jd)<\/li>\n<li> Storlek p\u00e5 bottenplattan: 40L x 35B cm<\/li>\n<li> Storlek p\u00e5 pelaren: \u00d86,6 cm<\/li>\n<li> Storlek p\u00e5 bollarna: \u00d85 x 15 cm<\/li>\n<li> Rekommenderad vikt: under 4,5 kg (husdjur)<\/li>\n<\/ul>\n<p>Leveransinneh\u00e5ll:<\/p>\n<ul>\n<li>1 x Kl\u00f6str\u00e4d<\/li>\n<li>1 x Instruktioner<\/li>\n<\/ul>\n","protected":false},"excerpt":{"rendered":"<p>Tillfredsst\u00e4ll din katts naturliga instinkter p\u00e5 ett s\u00e4kert s\u00e4tt med detta kl\u00f6str\u00e4d fr\u00e5n TRUUSK! Kl\u00f6str\u00e4det \u00e4r f\u00f6rdelaktigt b\u00e5de f\u00f6r husdjuret&#8230;<\/p>\n","protected":false},"featured_media":75084,"template":"","meta":[],"product_brand":[],"product_cat":[878,588,879],"product_tag":[],"class_list":{"0":"post-75093","1":"product","2":"type-product","3":"status-publish","4":"has-post-thumbnail","6":"product_cat-djurbehov","7":"product_cat-katttillbehor","8":"product_cat-klostrad","10":"first","11":"instock","12":"sale","13":"taxable","14":"shipping-taxable","15":"purchasable","16":"product-type-simple"},"yoast_head":"<!-- This site is optimized with the Yoast SEO plugin v25.4 - https:\/\/yoast.com\/wordpress\/plugins\/seo\/ -->\n<title>TRUUSK 72 cm Katttr\u00e4d med Plyschbollar - Sisalstammar - Plattform - Kl\u00f6spapper - F\u00f6r Medelstora Katter - Kr\u00e4mvit - TRUUSK - Hem, Tr\u00e4dg\u00e5rd &amp; Fritid<\/title>\n<meta name=\"robots\" content=\"index, follow, max-snippet:-1, max-image-preview:large, max-video-preview:-1\" \/>\n<link rel=\"canonical\" href=\"https:\/\/truusk.store\/sv\/produkt\/truusk-72-cm-katttrad-med-plyschbollar-sisalstammar-plattform-klospapper-for-medelstora-katter-kramvit\/\" \/>\n<meta property=\"og:locale\" content=\"sv_SE\" \/>\n<meta property=\"og:type\" content=\"article\" \/>\n<meta property=\"og:title\" content=\"TRUUSK 72 cm Katttr\u00e4d med Plyschbollar - Sisalstammar - Plattform - Kl\u00f6spapper - F\u00f6r Medelstora Katter - Kr\u00e4mvit - TRUUSK - Hem, Tr\u00e4dg\u00e5rd &amp; Fritid\" \/>\n<meta property=\"og:description\" content=\"Tillfredsst\u00e4ll din katts naturliga instinkter p\u00e5 ett s\u00e4kert s\u00e4tt med detta kl\u00f6str\u00e4d fr\u00e5n TRUUSK! Kl\u00f6str\u00e4det \u00e4r f\u00f6rdelaktigt b\u00e5de f\u00f6r husdjuret...\" \/>\n<meta property=\"og:url\" content=\"https:\/\/truusk.store\/sv\/produkt\/truusk-72-cm-katttrad-med-plyschbollar-sisalstammar-plattform-klospapper-for-medelstora-katter-kramvit\/\" \/>\n<meta property=\"og:site_name\" content=\"TRUUSK - Hem, Tr\u00e4dg\u00e5rd &amp; Fritid\" \/>\n<meta property=\"article:modified_time\" content=\"2026-03-12T08:38:28+00:00\" \/>\n<meta property=\"og:image\" content=\"https:\/\/i0.wp.com\/truusk.se\/wp-content\/uploads\/2025\/06\/klostrad-72-cm-kattorn-med-plyschbollar-sisalstammar-plattform-klospapper-flervanings-kattklostrad-klattertrad-for-medelstora-katter-kramvit-1.webp?fit=2000%2C2000&ssl=1\" \/>\n\t<meta property=\"og:image:width\" content=\"2000\" \/>\n\t<meta property=\"og:image:height\" content=\"2000\" \/>\n\t<meta property=\"og:image:type\" content=\"image\/webp\" \/>\n<meta name=\"twitter:card\" content=\"summary_large_image\" \/>\n<meta name=\"twitter:label1\" content=\"Ber\u00e4knad l\u00e4stid\" \/>\n\t<meta name=\"twitter:data1\" content=\"1 minut\" \/>\n<!-- \/ Yoast SEO plugin. -->","yoast_head_json":{"title":"TRUUSK 72 cm Katttr\u00e4d med Plyschbollar - Sisalstammar - Plattform - Kl\u00f6spapper - F\u00f6r Medelstora Katter - Kr\u00e4mvit - TRUUSK - Hem, Tr\u00e4dg\u00e5rd &amp; Fritid","robots":{"index":"index","follow":"follow","max-snippet":"max-snippet:-1","max-image-preview":"max-image-preview:large","max-video-preview":"max-video-preview:-1"},"canonical":"https:\/\/truusk.store\/sv\/produkt\/truusk-72-cm-katttrad-med-plyschbollar-sisalstammar-plattform-klospapper-for-medelstora-katter-kramvit\/","og_locale":"sv_SE","og_type":"article","og_title":"TRUUSK 72 cm Katttr\u00e4d med Plyschbollar - Sisalstammar - Plattform - Kl\u00f6spapper - F\u00f6r Medelstora Katter - Kr\u00e4mvit - TRUUSK - Hem, Tr\u00e4dg\u00e5rd &amp; Fritid","og_description":"Tillfredsst\u00e4ll din katts naturliga instinkter p\u00e5 ett s\u00e4kert s\u00e4tt med detta kl\u00f6str\u00e4d fr\u00e5n TRUUSK! Kl\u00f6str\u00e4det \u00e4r f\u00f6rdelaktigt b\u00e5de f\u00f6r husdjuret...","og_url":"https:\/\/truusk.store\/sv\/produkt\/truusk-72-cm-katttrad-med-plyschbollar-sisalstammar-plattform-klospapper-for-medelstora-katter-kramvit\/","og_site_name":"TRUUSK - Hem, Tr\u00e4dg\u00e5rd &amp; Fritid","article_modified_time":"2026-03-12T08:38:28+00:00","og_image":[{"width":2000,"height":2000,"url":"https:\/\/i0.wp.com\/truusk.se\/wp-content\/uploads\/2025\/06\/klostrad-72-cm-kattorn-med-plyschbollar-sisalstammar-plattform-klospapper-flervanings-kattklostrad-klattertrad-for-medelstora-katter-kramvit-1.webp?fit=2000%2C2000&ssl=1","type":"image\/webp"}],"twitter_card":"summary_large_image","twitter_misc":{"Ber\u00e4knad l\u00e4stid":"1 minut"},"schema":{"@context":"https:\/\/schema.org","@graph":[{"@type":"WebPage","@id":"https:\/\/truusk.store\/sv\/produkt\/truusk-72-cm-katttrad-med-plyschbollar-sisalstammar-plattform-klospapper-for-medelstora-katter-kramvit\/","url":"https:\/\/truusk.store\/sv\/produkt\/truusk-72-cm-katttrad-med-plyschbollar-sisalstammar-plattform-klospapper-for-medelstora-katter-kramvit\/","name":"TRUUSK 72 cm Katttr\u00e4d med Plyschbollar - Sisalstammar - Plattform - Kl\u00f6spapper - F\u00f6r Medelstora Katter - Kr\u00e4mvit - TRUUSK - Hem, Tr\u00e4dg\u00e5rd &amp; Fritid","isPartOf":{"@id":"https:\/\/truusk.store\/sv\/#website"},"primaryImageOfPage":{"@id":"https:\/\/truusk.store\/sv\/produkt\/truusk-72-cm-katttrad-med-plyschbollar-sisalstammar-plattform-klospapper-for-medelstora-katter-kramvit\/#primaryimage"},"image":{"@id":"https:\/\/truusk.store\/sv\/produkt\/truusk-72-cm-katttrad-med-plyschbollar-sisalstammar-plattform-klospapper-for-medelstora-katter-kramvit\/#primaryimage"},"thumbnailUrl":"https:\/\/i0.wp.com\/truusk.store\/wp-content\/uploads\/2025\/06\/klostrad-72-cm-kattorn-med-plyschbollar-sisalstammar-plattform-klospapper-flervanings-kattklostrad-klattertrad-for-medelstora-katter-kramvit-1.webp?fit=2000%2C2000&ssl=1","datePublished":"2025-06-06T02:14:46+00:00","dateModified":"2026-03-12T08:38:28+00:00","breadcrumb":{"@id":"https:\/\/truusk.store\/sv\/produkt\/truusk-72-cm-katttrad-med-plyschbollar-sisalstammar-plattform-klospapper-for-medelstora-katter-kramvit\/#breadcrumb"},"inLanguage":"sv-SE","potentialAction":[{"@type":"ReadAction","target":["https:\/\/truusk.store\/sv\/produkt\/truusk-72-cm-katttrad-med-plyschbollar-sisalstammar-plattform-klospapper-for-medelstora-katter-kramvit\/"]}]},{"@type":"ImageObject","inLanguage":"sv-SE","@id":"https:\/\/truusk.store\/sv\/produkt\/truusk-72-cm-katttrad-med-plyschbollar-sisalstammar-plattform-klospapper-for-medelstora-katter-kramvit\/#primaryimage","url":"https:\/\/i0.wp.com\/truusk.store\/wp-content\/uploads\/2025\/06\/klostrad-72-cm-kattorn-med-plyschbollar-sisalstammar-plattform-klospapper-flervanings-kattklostrad-klattertrad-for-medelstora-katter-kramvit-1.webp?fit=2000%2C2000&ssl=1","contentUrl":"https:\/\/i0.wp.com\/truusk.store\/wp-content\/uploads\/2025\/06\/klostrad-72-cm-kattorn-med-plyschbollar-sisalstammar-plattform-klospapper-flervanings-kattklostrad-klattertrad-for-medelstora-katter-kramvit-1.webp?fit=2000%2C2000&ssl=1","width":2000,"height":2000},{"@type":"BreadcrumbList","@id":"https:\/\/truusk.store\/sv\/produkt\/truusk-72-cm-katttrad-med-plyschbollar-sisalstammar-plattform-klospapper-for-medelstora-katter-kramvit\/#breadcrumb","itemListElement":[{"@type":"ListItem","position":1,"name":"Home","item":"https:\/\/truusk.store\/sv\/"},{"@type":"ListItem","position":2,"name":"Shop","item":"https:\/\/truusk.store\/shop\/"},{"@type":"ListItem","position":3,"name":"TRUUSK 72 cm Katttr\u00e4d med Plyschbollar &#8211; Sisalstammar &#8211; Plattform &#8211; Kl\u00f6spapper &#8211; F\u00f6r Medelstora Katter &#8211; Kr\u00e4mvit"}]},{"@type":"WebSite","@id":"https:\/\/truusk.store\/sv\/#website","url":"https:\/\/truusk.store\/sv\/","name":"TRUUSK - Hem, Tr\u00e4dg\u00e5rd & Fritid","description":"","publisher":{"@id":"https:\/\/truusk.store\/sv\/#organization"},"potentialAction":[{"@type":"SearchAction","target":{"@type":"EntryPoint","urlTemplate":"https:\/\/truusk.store\/sv\/?s={search_term_string}"},"query-input":{"@type":"PropertyValueSpecification","valueRequired":true,"valueName":"search_term_string"}}],"inLanguage":"sv-SE"},{"@type":"Organization","@id":"https:\/\/truusk.store\/sv\/#organization","name":"TRUUSK - Hem, Tr\u00e4dg\u00e5rd & Fritid","url":"https:\/\/truusk.store\/sv\/","logo":{"@type":"ImageObject","inLanguage":"sv-SE","@id":"https:\/\/truusk.store\/sv\/#\/schema\/logo\/image\/","url":"https:\/\/i0.wp.com\/truusk.store\/wp-content\/uploads\/2026\/03\/cropped-TRUUSK.png?fit=2032%2C917&ssl=1","contentUrl":"https:\/\/i0.wp.com\/truusk.store\/wp-content\/uploads\/2026\/03\/cropped-TRUUSK.png?fit=2032%2C917&ssl=1","width":2032,"height":917,"caption":"TRUUSK - Hem, Tr\u00e4dg\u00e5rd & Fritid"},"image":{"@id":"https:\/\/truusk.store\/sv\/#\/schema\/logo\/image\/"}}]}},"jetpack_sharing_enabled":true,"_links":{"self":[{"href":"https:\/\/truusk.store\/sv\/wp-json\/wp\/v2\/product\/75093","targetHints":{"allow":["GET"]}}],"collection":[{"href":"https:\/\/truusk.store\/sv\/wp-json\/wp\/v2\/product"}],"about":[{"href":"https:\/\/truusk.store\/sv\/wp-json\/wp\/v2\/types\/product"}],"wp:featuredmedia":[{"embeddable":true,"href":"https:\/\/truusk.store\/sv\/wp-json\/wp\/v2\/media\/75084"}],"wp:attachment":[{"href":"https:\/\/truusk.store\/sv\/wp-json\/wp\/v2\/media?parent=75093"}],"wp:term":[{"taxonomy":"product_brand","embeddable":true,"href":"https:\/\/truusk.store\/sv\/wp-json\/wp\/v2\/product_brand?post=75093"},{"taxonomy":"product_cat","embeddable":true,"href":"https:\/\/truusk.store\/sv\/wp-json\/wp\/v2\/product_cat?post=75093"},{"taxonomy":"product_tag","embeddable":true,"href":"https:\/\/truusk.store\/sv\/wp-json\/wp\/v2\/product_tag?post=75093"}],"curies":[{"name":"wp","href":"https:\/\/api.w.org\/{rel}","templated":true}]}}