{"id":75143,"date":"2025-06-06T03:19:46","date_gmt":"2025-06-06T02:19:46","guid":{"rendered":"https:\/\/truusk.store\/product\/sittbank-med-forvaring-stoppad-bank-med-corduroy-look-sittkista-med-stalbens-kistbank-for-vardagsrum-sovrum-hall-112-x-42-x-40-cm-beige\/"},"modified":"2026-03-12T08:42:51","modified_gmt":"2026-03-12T07:42:51","slug":"truusk-stoppad-sittbank-med-forvaring-corduroy-look-stalbens-for-vardagsrum-sovrum-hall-112-x-42-x-40-cm-beige","status":"publish","type":"product","link":"https:\/\/truusk.store\/sv\/produkt\/truusk-stoppad-sittbank-med-forvaring-corduroy-look-stalbens-for-vardagsrum-sovrum-hall-112-x-42-x-40-cm-beige\/","title":{"rendered":"TRUUSK Stoppad Sittb\u00e4nk Med F\u00f6rvaring &#8211; Corduroy-look &#8211; St\u00e5lbens &#8211; F\u00f6r Vardagsrum, Sovrum, Hall &#8211; 112 x 42 x 40 cm &#8211; Beige"},"content":{"rendered":"<p>Upplev charmen och m\u00e5ngsidigheten med TRUUSK Storage Ottoman, inramad i \u00e4delt manchestertyg, som b\u00e5de \u00e4r andningsbart och skonsamt mot huden. Med ett gener\u00f6st lagringsutrymme p\u00e5 84L bevarar den alla dina sovrumsbehov och f\u00f6rvandlas l\u00e4tt till en elegant f\u00f6nsterb\u00e4nk med f\u00f6rvaring eller en bekv\u00e4m f\u00f6rvaringssits f\u00f6r alla omr\u00e5den. Perfekt f\u00f6r det moderna livet med stilfull funktionalitet.<\/p>\n<p>Beskrivning:<\/p>\n<ul>\n<li> Den eleganta manchesterdesignen \u00f6kar ditt rums estetiska dragningskraft<\/li>\n<li> Andningsbart, hudv\u00e4nligt manchester och mjuk skumstoppning erbjuder bekv\u00e4mt sittande<\/li>\n<li> Slitstarkt material garanterar l\u00e5ngvarig anv\u00e4ndning<\/li>\n<li> Stort lagringsutrymme h\u00e5ller s\u00e4ngkl\u00e4der och tidningar snyggt<\/li>\n<li> Stabil st\u00e5lram b\u00e4r s\u00e4kert en betydande vikt<\/li>\n<li> Monteringen \u00e4r klar p\u00e5 bara 10 minuter<\/li>\n<li> Fungerar som fotpall, skob\u00e4nk eller stilfull extra sittplats<\/li>\n<\/ul>\n<p> Tekniska data:<\/p>\n<ul>\n<li> F\u00e4rg: Beige<\/li>\n<li> Material: Manchester (100% polyester), skum, st\u00e5l<\/li>\n<li> Totala dimensioner: 112B x 42T x 40H cm<\/li>\n<li> Lagringsstorlek: 105B x 35T x 23H cm, 84 L<\/li>\n<li> B\u00e4rkapacitet: 220 kg<\/li>\n<\/ul>\n<p>Leveransinneh\u00e5ll:<\/p>\n<ul>\n<li> 1 x F\u00f6rvaringspall<\/li>\n<li> 1 x Bruksanvisning<\/li>\n<\/ul>\n","protected":false},"excerpt":{"rendered":"<p>Upplev charmen och m\u00e5ngsidigheten med TRUUSK Storage Ottoman, inramad i \u00e4delt manchestertyg, som b\u00e5de \u00e4r andningsbart och skonsamt mot huden&#8230;.<\/p>\n","protected":false},"featured_media":75134,"template":"","meta":[],"product_brand":[],"product_cat":[893,871,992],"product_tag":[],"class_list":{"0":"post-75143","1":"product","2":"type-product","3":"status-publish","4":"has-post-thumbnail","6":"product_cat-garderob-hall","7":"product_cat-hus-hem","8":"product_cat-sittkistor","10":"first","11":"instock","12":"sale","13":"taxable","14":"shipping-taxable","15":"purchasable","16":"product-type-simple"},"yoast_head":"<!-- This site is optimized with the Yoast SEO plugin v25.4 - https:\/\/yoast.com\/wordpress\/plugins\/seo\/ -->\n<title>TRUUSK Stoppad Sittb\u00e4nk Med F\u00f6rvaring - Corduroy-look - St\u00e5lbens - F\u00f6r Vardagsrum, Sovrum, Hall - 112 x 42 x 40 cm - Beige - TRUUSK - Hem, Tr\u00e4dg\u00e5rd &amp; Fritid<\/title>\n<meta name=\"robots\" content=\"index, follow, max-snippet:-1, max-image-preview:large, max-video-preview:-1\" \/>\n<link rel=\"canonical\" href=\"https:\/\/truusk.store\/sv\/produkt\/truusk-stoppad-sittbank-med-forvaring-corduroy-look-stalbens-for-vardagsrum-sovrum-hall-112-x-42-x-40-cm-beige\/\" \/>\n<meta property=\"og:locale\" content=\"sv_SE\" \/>\n<meta property=\"og:type\" content=\"article\" \/>\n<meta property=\"og:title\" content=\"TRUUSK Stoppad Sittb\u00e4nk Med F\u00f6rvaring - Corduroy-look - St\u00e5lbens - F\u00f6r Vardagsrum, Sovrum, Hall - 112 x 42 x 40 cm - Beige - TRUUSK - Hem, Tr\u00e4dg\u00e5rd &amp; Fritid\" \/>\n<meta property=\"og:description\" content=\"Upplev charmen och m\u00e5ngsidigheten med TRUUSK Storage Ottoman, inramad i \u00e4delt manchestertyg, som b\u00e5de \u00e4r andningsbart och skonsamt mot huden....\" \/>\n<meta property=\"og:url\" content=\"https:\/\/truusk.store\/sv\/produkt\/truusk-stoppad-sittbank-med-forvaring-corduroy-look-stalbens-for-vardagsrum-sovrum-hall-112-x-42-x-40-cm-beige\/\" \/>\n<meta property=\"og:site_name\" content=\"TRUUSK - Hem, Tr\u00e4dg\u00e5rd &amp; Fritid\" \/>\n<meta property=\"article:modified_time\" content=\"2026-03-12T07:42:51+00:00\" \/>\n<meta property=\"og:image\" content=\"https:\/\/i0.wp.com\/truusk.se\/wp-content\/uploads\/2025\/06\/sittbank-med-forvaring-stoppad-bank-med-corduroy-look-sittkista-med-stalbens-kistbank-for-vardagsrum-sovrum-hall-112-x-42-x-40-cm-beige-1.webp?fit=2000%2C2000&ssl=1\" \/>\n\t<meta property=\"og:image:width\" content=\"2000\" \/>\n\t<meta property=\"og:image:height\" content=\"2000\" \/>\n\t<meta property=\"og:image:type\" content=\"image\/webp\" \/>\n<meta name=\"twitter:card\" content=\"summary_large_image\" \/>\n<meta name=\"twitter:label1\" content=\"Ber\u00e4knad l\u00e4stid\" \/>\n\t<meta name=\"twitter:data1\" content=\"1 minut\" \/>\n<!-- \/ Yoast SEO plugin. -->","yoast_head_json":{"title":"TRUUSK Stoppad Sittb\u00e4nk Med F\u00f6rvaring - Corduroy-look - St\u00e5lbens - F\u00f6r Vardagsrum, Sovrum, Hall - 112 x 42 x 40 cm - Beige - TRUUSK - Hem, Tr\u00e4dg\u00e5rd &amp; Fritid","robots":{"index":"index","follow":"follow","max-snippet":"max-snippet:-1","max-image-preview":"max-image-preview:large","max-video-preview":"max-video-preview:-1"},"canonical":"https:\/\/truusk.store\/sv\/produkt\/truusk-stoppad-sittbank-med-forvaring-corduroy-look-stalbens-for-vardagsrum-sovrum-hall-112-x-42-x-40-cm-beige\/","og_locale":"sv_SE","og_type":"article","og_title":"TRUUSK Stoppad Sittb\u00e4nk Med F\u00f6rvaring - Corduroy-look - St\u00e5lbens - F\u00f6r Vardagsrum, Sovrum, Hall - 112 x 42 x 40 cm - Beige - TRUUSK - Hem, Tr\u00e4dg\u00e5rd &amp; Fritid","og_description":"Upplev charmen och m\u00e5ngsidigheten med TRUUSK Storage Ottoman, inramad i \u00e4delt manchestertyg, som b\u00e5de \u00e4r andningsbart och skonsamt mot huden....","og_url":"https:\/\/truusk.store\/sv\/produkt\/truusk-stoppad-sittbank-med-forvaring-corduroy-look-stalbens-for-vardagsrum-sovrum-hall-112-x-42-x-40-cm-beige\/","og_site_name":"TRUUSK - Hem, Tr\u00e4dg\u00e5rd &amp; Fritid","article_modified_time":"2026-03-12T07:42:51+00:00","og_image":[{"width":2000,"height":2000,"url":"https:\/\/i0.wp.com\/truusk.se\/wp-content\/uploads\/2025\/06\/sittbank-med-forvaring-stoppad-bank-med-corduroy-look-sittkista-med-stalbens-kistbank-for-vardagsrum-sovrum-hall-112-x-42-x-40-cm-beige-1.webp?fit=2000%2C2000&ssl=1","type":"image\/webp"}],"twitter_card":"summary_large_image","twitter_misc":{"Ber\u00e4knad l\u00e4stid":"1 minut"},"schema":{"@context":"https:\/\/schema.org","@graph":[{"@type":"WebPage","@id":"https:\/\/truusk.store\/sv\/produkt\/truusk-stoppad-sittbank-med-forvaring-corduroy-look-stalbens-for-vardagsrum-sovrum-hall-112-x-42-x-40-cm-beige\/","url":"https:\/\/truusk.store\/sv\/produkt\/truusk-stoppad-sittbank-med-forvaring-corduroy-look-stalbens-for-vardagsrum-sovrum-hall-112-x-42-x-40-cm-beige\/","name":"TRUUSK Stoppad Sittb\u00e4nk Med F\u00f6rvaring - Corduroy-look - St\u00e5lbens - F\u00f6r Vardagsrum, Sovrum, Hall - 112 x 42 x 40 cm - Beige - TRUUSK - Hem, Tr\u00e4dg\u00e5rd &amp; Fritid","isPartOf":{"@id":"https:\/\/truusk.store\/sv\/#website"},"primaryImageOfPage":{"@id":"https:\/\/truusk.store\/sv\/produkt\/truusk-stoppad-sittbank-med-forvaring-corduroy-look-stalbens-for-vardagsrum-sovrum-hall-112-x-42-x-40-cm-beige\/#primaryimage"},"image":{"@id":"https:\/\/truusk.store\/sv\/produkt\/truusk-stoppad-sittbank-med-forvaring-corduroy-look-stalbens-for-vardagsrum-sovrum-hall-112-x-42-x-40-cm-beige\/#primaryimage"},"thumbnailUrl":"https:\/\/i0.wp.com\/truusk.store\/wp-content\/uploads\/2025\/06\/sittbank-med-forvaring-stoppad-bank-med-corduroy-look-sittkista-med-stalbens-kistbank-for-vardagsrum-sovrum-hall-112-x-42-x-40-cm-beige-1.webp?fit=2000%2C2000&ssl=1","datePublished":"2025-06-06T02:19:46+00:00","dateModified":"2026-03-12T07:42:51+00:00","breadcrumb":{"@id":"https:\/\/truusk.store\/sv\/produkt\/truusk-stoppad-sittbank-med-forvaring-corduroy-look-stalbens-for-vardagsrum-sovrum-hall-112-x-42-x-40-cm-beige\/#breadcrumb"},"inLanguage":"sv-SE","potentialAction":[{"@type":"ReadAction","target":["https:\/\/truusk.store\/sv\/produkt\/truusk-stoppad-sittbank-med-forvaring-corduroy-look-stalbens-for-vardagsrum-sovrum-hall-112-x-42-x-40-cm-beige\/"]}]},{"@type":"ImageObject","inLanguage":"sv-SE","@id":"https:\/\/truusk.store\/sv\/produkt\/truusk-stoppad-sittbank-med-forvaring-corduroy-look-stalbens-for-vardagsrum-sovrum-hall-112-x-42-x-40-cm-beige\/#primaryimage","url":"https:\/\/i0.wp.com\/truusk.store\/wp-content\/uploads\/2025\/06\/sittbank-med-forvaring-stoppad-bank-med-corduroy-look-sittkista-med-stalbens-kistbank-for-vardagsrum-sovrum-hall-112-x-42-x-40-cm-beige-1.webp?fit=2000%2C2000&ssl=1","contentUrl":"https:\/\/i0.wp.com\/truusk.store\/wp-content\/uploads\/2025\/06\/sittbank-med-forvaring-stoppad-bank-med-corduroy-look-sittkista-med-stalbens-kistbank-for-vardagsrum-sovrum-hall-112-x-42-x-40-cm-beige-1.webp?fit=2000%2C2000&ssl=1","width":2000,"height":2000},{"@type":"BreadcrumbList","@id":"https:\/\/truusk.store\/sv\/produkt\/truusk-stoppad-sittbank-med-forvaring-corduroy-look-stalbens-for-vardagsrum-sovrum-hall-112-x-42-x-40-cm-beige\/#breadcrumb","itemListElement":[{"@type":"ListItem","position":1,"name":"Home","item":"https:\/\/truusk.store\/sv\/"},{"@type":"ListItem","position":2,"name":"Shop","item":"https:\/\/truusk.store\/shop\/"},{"@type":"ListItem","position":3,"name":"TRUUSK Stoppad Sittb\u00e4nk Med F\u00f6rvaring &#8211; Corduroy-look &#8211; St\u00e5lbens &#8211; F\u00f6r Vardagsrum, Sovrum, Hall &#8211; 112 x 42 x 40 cm &#8211; Beige"}]},{"@type":"WebSite","@id":"https:\/\/truusk.store\/sv\/#website","url":"https:\/\/truusk.store\/sv\/","name":"TRUUSK - Hem, Tr\u00e4dg\u00e5rd & Fritid","description":"","publisher":{"@id":"https:\/\/truusk.store\/sv\/#organization"},"potentialAction":[{"@type":"SearchAction","target":{"@type":"EntryPoint","urlTemplate":"https:\/\/truusk.store\/sv\/?s={search_term_string}"},"query-input":{"@type":"PropertyValueSpecification","valueRequired":true,"valueName":"search_term_string"}}],"inLanguage":"sv-SE"},{"@type":"Organization","@id":"https:\/\/truusk.store\/sv\/#organization","name":"TRUUSK - Hem, Tr\u00e4dg\u00e5rd & Fritid","url":"https:\/\/truusk.store\/sv\/","logo":{"@type":"ImageObject","inLanguage":"sv-SE","@id":"https:\/\/truusk.store\/sv\/#\/schema\/logo\/image\/","url":"https:\/\/i0.wp.com\/truusk.store\/wp-content\/uploads\/2026\/03\/cropped-TRUUSK.png?fit=2032%2C917&ssl=1","contentUrl":"https:\/\/i0.wp.com\/truusk.store\/wp-content\/uploads\/2026\/03\/cropped-TRUUSK.png?fit=2032%2C917&ssl=1","width":2032,"height":917,"caption":"TRUUSK - Hem, Tr\u00e4dg\u00e5rd & Fritid"},"image":{"@id":"https:\/\/truusk.store\/sv\/#\/schema\/logo\/image\/"}}]}},"jetpack_sharing_enabled":true,"_links":{"self":[{"href":"https:\/\/truusk.store\/sv\/wp-json\/wp\/v2\/product\/75143","targetHints":{"allow":["GET"]}}],"collection":[{"href":"https:\/\/truusk.store\/sv\/wp-json\/wp\/v2\/product"}],"about":[{"href":"https:\/\/truusk.store\/sv\/wp-json\/wp\/v2\/types\/product"}],"wp:featuredmedia":[{"embeddable":true,"href":"https:\/\/truusk.store\/sv\/wp-json\/wp\/v2\/media\/75134"}],"wp:attachment":[{"href":"https:\/\/truusk.store\/sv\/wp-json\/wp\/v2\/media?parent=75143"}],"wp:term":[{"taxonomy":"product_brand","embeddable":true,"href":"https:\/\/truusk.store\/sv\/wp-json\/wp\/v2\/product_brand?post=75143"},{"taxonomy":"product_cat","embeddable":true,"href":"https:\/\/truusk.store\/sv\/wp-json\/wp\/v2\/product_cat?post=75143"},{"taxonomy":"product_tag","embeddable":true,"href":"https:\/\/truusk.store\/sv\/wp-json\/wp\/v2\/product_tag?post=75143"}],"curies":[{"name":"wp","href":"https:\/\/api.w.org\/{rel}","templated":true}]}}