{"id":75164,"date":"2025-06-06T03:21:55","date_gmt":"2025-06-06T02:21:55","guid":{"rendered":"https:\/\/truusk.store\/product\/hopfallbar-stol-campingstol-med-sidoficka-barvaska-vadderad-utomhus-hopfallbar-stol-upp-till-120kg-belastning-robust-latt-fiskestol-tradgardsstol-for-tradgard-camping-strand\/"},"modified":"2026-03-12T08:42:51","modified_gmt":"2026-03-12T07:42:51","slug":"truusk-hopfallbar-campingstol-med-sidoficka-barvaska-vadderad-upp-till-120kg-robust-latt-for-tradgard-camping","status":"publish","type":"product","link":"https:\/\/truusk.store\/sv\/produkt\/truusk-hopfallbar-campingstol-med-sidoficka-barvaska-vadderad-upp-till-120kg-robust-latt-for-tradgard-camping\/","title":{"rendered":"TRUUSK Hopf\u00e4llbar Campingstol &#8211; Med Sidoficka &#8211; B\u00e4rv\u00e4ska &#8211; Vadderad &#8211; Upp Till 120kg &#8211; Robust &#8211; L\u00e4tt &#8211; F\u00f6r Tr\u00e4dg\u00e5rd, Camping,"},"content":{"rendered":"<p>Upplev komforten med TRUUSKs hopf\u00e4llbara campingstol med lyxigt konstl\u00e4der och extra mjuk stoppning. Den robusta, lackerade metallramen p\u00e5 den hopf\u00e4llbara fiskestolen motst\u00e5r rost och slitage, och halkfria fotdynor ger en s\u00e4ker st\u00e5ndpunkt. L\u00e4mplig som en l\u00e4tt camping- eller picknickstol, erbjuder den hopf\u00e4llbara campingstolen praktiska sidofickor och viks l\u00e4tt till en kompakt storlek. Idealisk f\u00f6r alla utomhusaktiviteter.<\/p>\n<p>Beskrivning:<\/p>\n<ul>\n<li> Konstl\u00e4der\u00f6verdraget med f\u00f6rst\u00e4rkt stoppning ger f\u00f6rb\u00e4ttrad sittkomfort<\/li>\n<li> Den lackerade metallramen p\u00e5 campingstolen \u00e4r rostbest\u00e4ndig, t\u00e5lig mot sprickor och garanterar stabilitet<\/li>\n<li> Halkfria fotdynor p\u00e5 campingstolen ger extra st\u00f6d och s\u00e4kerhet<\/li>\n<li> Sidofickorna p\u00e5 den hopf\u00e4llbara campingstolen h\u00e5ller viktiga f\u00f6rem\u00e5l inom r\u00e4ckh\u00e5ll<\/li>\n<li> Kan l\u00e4tt vikas ihop och transporteras i den medf\u00f6ljande b\u00e4rv\u00e4skan<\/li>\n<\/ul>\n<p> Tekniska data:<\/p>\n<ul>\n<li> F\u00e4rg: M\u00f6rkgr\u00e5<\/li>\n<li> Material: Konstl\u00e4der, Metall<\/li>\n<li> Totala dimensioner: 90L x 63B x 100H cm<\/li>\n<li> Vikta dimensioner: 107L x 26B x 28H cm<\/li>\n<li> Sittm\u00e5tt: 53B x 53T x 45H cm<\/li>\n<li> Ryggst\u00f6dsm\u00e5tt: 70B x 55H cm<\/li>\n<li> Armst\u00f6dsh\u00f6jd: 73 cm<\/li>\n<li> B\u00e4rkapacitet: 120 kg<\/li>\n<\/ul>\n<p>Leveransinneh\u00e5ll:<\/p>\n<ul>\n<li> 1 x Campingstol<\/li>\n<li> 1 x B\u00e4rp\u00e5se<\/li>\n<li> 1 x Bruksanvisning<\/li>\n<\/ul>\n","protected":false},"excerpt":{"rendered":"<p>Upplev komforten med TRUUSKs hopf\u00e4llbara campingstol med lyxigt konstl\u00e4der och extra mjuk stoppning. Den robusta, lackerade metallramen p\u00e5 den hopf\u00e4llbara&#8230;<\/p>\n","protected":false},"featured_media":75154,"template":"","meta":[],"product_brand":[],"product_cat":[648,461,647],"product_tag":[],"class_list":{"0":"post-75164","1":"product","2":"type-product","3":"status-publish","4":"has-post-thumbnail","6":"product_cat-camping-tillbehor","7":"product_cat-camping-stolar","8":"product_cat-sport-fritid","10":"first","11":"instock","12":"sale","13":"taxable","14":"shipping-taxable","15":"purchasable","16":"product-type-simple"},"yoast_head":"<!-- This site is optimized with the Yoast SEO plugin v25.4 - https:\/\/yoast.com\/wordpress\/plugins\/seo\/ -->\n<title>TRUUSK Hopf\u00e4llbar Campingstol - Med Sidoficka - B\u00e4rv\u00e4ska - Vadderad - Upp Till 120kg - Robust - L\u00e4tt - F\u00f6r Tr\u00e4dg\u00e5rd, Camping, - TRUUSK - Hem, Tr\u00e4dg\u00e5rd &amp; Fritid<\/title>\n<meta name=\"robots\" content=\"index, follow, max-snippet:-1, max-image-preview:large, max-video-preview:-1\" \/>\n<link rel=\"canonical\" href=\"https:\/\/truusk.store\/sv\/produkt\/truusk-hopfallbar-campingstol-med-sidoficka-barvaska-vadderad-upp-till-120kg-robust-latt-for-tradgard-camping\/\" \/>\n<meta property=\"og:locale\" content=\"sv_SE\" \/>\n<meta property=\"og:type\" content=\"article\" \/>\n<meta property=\"og:title\" content=\"TRUUSK Hopf\u00e4llbar Campingstol - Med Sidoficka - B\u00e4rv\u00e4ska - Vadderad - Upp Till 120kg - Robust - L\u00e4tt - F\u00f6r Tr\u00e4dg\u00e5rd, Camping, - TRUUSK - Hem, Tr\u00e4dg\u00e5rd &amp; Fritid\" \/>\n<meta property=\"og:description\" content=\"Upplev komforten med TRUUSKs hopf\u00e4llbara campingstol med lyxigt konstl\u00e4der och extra mjuk stoppning. Den robusta, lackerade metallramen p\u00e5 den hopf\u00e4llbara...\" \/>\n<meta property=\"og:url\" content=\"https:\/\/truusk.store\/sv\/produkt\/truusk-hopfallbar-campingstol-med-sidoficka-barvaska-vadderad-upp-till-120kg-robust-latt-for-tradgard-camping\/\" \/>\n<meta property=\"og:site_name\" content=\"TRUUSK - Hem, Tr\u00e4dg\u00e5rd &amp; Fritid\" \/>\n<meta property=\"article:modified_time\" content=\"2026-03-12T07:42:51+00:00\" \/>\n<meta property=\"og:image\" content=\"https:\/\/i0.wp.com\/truusk.se\/wp-content\/uploads\/2025\/06\/hopfallbar-stol-campingstol-med-sidoficka-barvaska-vadderad-utomhus-hopfallbar-stol-upp-till-120kg-belastning-robust-latt-fiskestol-tradgardsstol-for-tradgard-camping-strand-1.webp?fit=2000%2C2000&ssl=1\" \/>\n\t<meta property=\"og:image:width\" content=\"2000\" \/>\n\t<meta property=\"og:image:height\" content=\"2000\" \/>\n\t<meta property=\"og:image:type\" content=\"image\/webp\" \/>\n<meta name=\"twitter:card\" content=\"summary_large_image\" \/>\n<meta name=\"twitter:label1\" content=\"Ber\u00e4knad l\u00e4stid\" \/>\n\t<meta name=\"twitter:data1\" content=\"1 minut\" \/>\n<!-- \/ Yoast SEO plugin. -->","yoast_head_json":{"title":"TRUUSK Hopf\u00e4llbar Campingstol - Med Sidoficka - B\u00e4rv\u00e4ska - Vadderad - Upp Till 120kg - Robust - L\u00e4tt - F\u00f6r Tr\u00e4dg\u00e5rd, Camping, - TRUUSK - Hem, Tr\u00e4dg\u00e5rd &amp; Fritid","robots":{"index":"index","follow":"follow","max-snippet":"max-snippet:-1","max-image-preview":"max-image-preview:large","max-video-preview":"max-video-preview:-1"},"canonical":"https:\/\/truusk.store\/sv\/produkt\/truusk-hopfallbar-campingstol-med-sidoficka-barvaska-vadderad-upp-till-120kg-robust-latt-for-tradgard-camping\/","og_locale":"sv_SE","og_type":"article","og_title":"TRUUSK Hopf\u00e4llbar Campingstol - Med Sidoficka - B\u00e4rv\u00e4ska - Vadderad - Upp Till 120kg - Robust - L\u00e4tt - F\u00f6r Tr\u00e4dg\u00e5rd, Camping, - TRUUSK - Hem, Tr\u00e4dg\u00e5rd &amp; Fritid","og_description":"Upplev komforten med TRUUSKs hopf\u00e4llbara campingstol med lyxigt konstl\u00e4der och extra mjuk stoppning. Den robusta, lackerade metallramen p\u00e5 den hopf\u00e4llbara...","og_url":"https:\/\/truusk.store\/sv\/produkt\/truusk-hopfallbar-campingstol-med-sidoficka-barvaska-vadderad-upp-till-120kg-robust-latt-for-tradgard-camping\/","og_site_name":"TRUUSK - Hem, Tr\u00e4dg\u00e5rd &amp; Fritid","article_modified_time":"2026-03-12T07:42:51+00:00","og_image":[{"width":2000,"height":2000,"url":"https:\/\/i0.wp.com\/truusk.se\/wp-content\/uploads\/2025\/06\/hopfallbar-stol-campingstol-med-sidoficka-barvaska-vadderad-utomhus-hopfallbar-stol-upp-till-120kg-belastning-robust-latt-fiskestol-tradgardsstol-for-tradgard-camping-strand-1.webp?fit=2000%2C2000&ssl=1","type":"image\/webp"}],"twitter_card":"summary_large_image","twitter_misc":{"Ber\u00e4knad l\u00e4stid":"1 minut"},"schema":{"@context":"https:\/\/schema.org","@graph":[{"@type":"WebPage","@id":"https:\/\/truusk.store\/sv\/produkt\/truusk-hopfallbar-campingstol-med-sidoficka-barvaska-vadderad-upp-till-120kg-robust-latt-for-tradgard-camping\/","url":"https:\/\/truusk.store\/sv\/produkt\/truusk-hopfallbar-campingstol-med-sidoficka-barvaska-vadderad-upp-till-120kg-robust-latt-for-tradgard-camping\/","name":"TRUUSK Hopf\u00e4llbar Campingstol - Med Sidoficka - B\u00e4rv\u00e4ska - Vadderad - Upp Till 120kg - Robust - L\u00e4tt - F\u00f6r Tr\u00e4dg\u00e5rd, Camping, - TRUUSK - Hem, Tr\u00e4dg\u00e5rd &amp; Fritid","isPartOf":{"@id":"https:\/\/truusk.store\/sv\/#website"},"primaryImageOfPage":{"@id":"https:\/\/truusk.store\/sv\/produkt\/truusk-hopfallbar-campingstol-med-sidoficka-barvaska-vadderad-upp-till-120kg-robust-latt-for-tradgard-camping\/#primaryimage"},"image":{"@id":"https:\/\/truusk.store\/sv\/produkt\/truusk-hopfallbar-campingstol-med-sidoficka-barvaska-vadderad-upp-till-120kg-robust-latt-for-tradgard-camping\/#primaryimage"},"thumbnailUrl":"https:\/\/i0.wp.com\/truusk.store\/wp-content\/uploads\/2025\/06\/hopfallbar-stol-campingstol-med-sidoficka-barvaska-vadderad-utomhus-hopfallbar-stol-upp-till-120kg-belastning-robust-latt-fiskestol-tradgardsstol-for-tradgard-camping-strand-1.webp?fit=2000%2C2000&ssl=1","datePublished":"2025-06-06T02:21:55+00:00","dateModified":"2026-03-12T07:42:51+00:00","breadcrumb":{"@id":"https:\/\/truusk.store\/sv\/produkt\/truusk-hopfallbar-campingstol-med-sidoficka-barvaska-vadderad-upp-till-120kg-robust-latt-for-tradgard-camping\/#breadcrumb"},"inLanguage":"sv-SE","potentialAction":[{"@type":"ReadAction","target":["https:\/\/truusk.store\/sv\/produkt\/truusk-hopfallbar-campingstol-med-sidoficka-barvaska-vadderad-upp-till-120kg-robust-latt-for-tradgard-camping\/"]}]},{"@type":"ImageObject","inLanguage":"sv-SE","@id":"https:\/\/truusk.store\/sv\/produkt\/truusk-hopfallbar-campingstol-med-sidoficka-barvaska-vadderad-upp-till-120kg-robust-latt-for-tradgard-camping\/#primaryimage","url":"https:\/\/i0.wp.com\/truusk.store\/wp-content\/uploads\/2025\/06\/hopfallbar-stol-campingstol-med-sidoficka-barvaska-vadderad-utomhus-hopfallbar-stol-upp-till-120kg-belastning-robust-latt-fiskestol-tradgardsstol-for-tradgard-camping-strand-1.webp?fit=2000%2C2000&ssl=1","contentUrl":"https:\/\/i0.wp.com\/truusk.store\/wp-content\/uploads\/2025\/06\/hopfallbar-stol-campingstol-med-sidoficka-barvaska-vadderad-utomhus-hopfallbar-stol-upp-till-120kg-belastning-robust-latt-fiskestol-tradgardsstol-for-tradgard-camping-strand-1.webp?fit=2000%2C2000&ssl=1","width":2000,"height":2000},{"@type":"BreadcrumbList","@id":"https:\/\/truusk.store\/sv\/produkt\/truusk-hopfallbar-campingstol-med-sidoficka-barvaska-vadderad-upp-till-120kg-robust-latt-for-tradgard-camping\/#breadcrumb","itemListElement":[{"@type":"ListItem","position":1,"name":"Home","item":"https:\/\/truusk.store\/sv\/"},{"@type":"ListItem","position":2,"name":"Shop","item":"https:\/\/truusk.store\/shop\/"},{"@type":"ListItem","position":3,"name":"TRUUSK Hopf\u00e4llbar Campingstol &#8211; Med Sidoficka &#8211; B\u00e4rv\u00e4ska &#8211; Vadderad &#8211; Upp Till 120kg &#8211; Robust &#8211; L\u00e4tt &#8211; F\u00f6r Tr\u00e4dg\u00e5rd, Camping,"}]},{"@type":"WebSite","@id":"https:\/\/truusk.store\/sv\/#website","url":"https:\/\/truusk.store\/sv\/","name":"TRUUSK - Hem, Tr\u00e4dg\u00e5rd & Fritid","description":"","publisher":{"@id":"https:\/\/truusk.store\/sv\/#organization"},"potentialAction":[{"@type":"SearchAction","target":{"@type":"EntryPoint","urlTemplate":"https:\/\/truusk.store\/sv\/?s={search_term_string}"},"query-input":{"@type":"PropertyValueSpecification","valueRequired":true,"valueName":"search_term_string"}}],"inLanguage":"sv-SE"},{"@type":"Organization","@id":"https:\/\/truusk.store\/sv\/#organization","name":"TRUUSK - Hem, Tr\u00e4dg\u00e5rd & Fritid","url":"https:\/\/truusk.store\/sv\/","logo":{"@type":"ImageObject","inLanguage":"sv-SE","@id":"https:\/\/truusk.store\/sv\/#\/schema\/logo\/image\/","url":"https:\/\/i0.wp.com\/truusk.store\/wp-content\/uploads\/2026\/03\/cropped-TRUUSK.png?fit=2032%2C917&ssl=1","contentUrl":"https:\/\/i0.wp.com\/truusk.store\/wp-content\/uploads\/2026\/03\/cropped-TRUUSK.png?fit=2032%2C917&ssl=1","width":2032,"height":917,"caption":"TRUUSK - Hem, Tr\u00e4dg\u00e5rd & Fritid"},"image":{"@id":"https:\/\/truusk.store\/sv\/#\/schema\/logo\/image\/"}}]}},"jetpack_sharing_enabled":true,"_links":{"self":[{"href":"https:\/\/truusk.store\/sv\/wp-json\/wp\/v2\/product\/75164","targetHints":{"allow":["GET"]}}],"collection":[{"href":"https:\/\/truusk.store\/sv\/wp-json\/wp\/v2\/product"}],"about":[{"href":"https:\/\/truusk.store\/sv\/wp-json\/wp\/v2\/types\/product"}],"wp:featuredmedia":[{"embeddable":true,"href":"https:\/\/truusk.store\/sv\/wp-json\/wp\/v2\/media\/75154"}],"wp:attachment":[{"href":"https:\/\/truusk.store\/sv\/wp-json\/wp\/v2\/media?parent=75164"}],"wp:term":[{"taxonomy":"product_brand","embeddable":true,"href":"https:\/\/truusk.store\/sv\/wp-json\/wp\/v2\/product_brand?post=75164"},{"taxonomy":"product_cat","embeddable":true,"href":"https:\/\/truusk.store\/sv\/wp-json\/wp\/v2\/product_cat?post=75164"},{"taxonomy":"product_tag","embeddable":true,"href":"https:\/\/truusk.store\/sv\/wp-json\/wp\/v2\/product_tag?post=75164"}],"curies":[{"name":"wp","href":"https:\/\/api.w.org\/{rel}","templated":true}]}}