{"id":7520,"date":"2024-02-13T08:54:21","date_gmt":"2024-02-13T07:54:21","guid":{"rendered":"https:\/\/truusk.store\/product\/rottingkatthus-med-kuddar-kattsovplats-kattgrotta-med-upphojda-fotter-brun-52-x-58-cm\/"},"modified":"2026-03-12T08:55:35","modified_gmt":"2026-03-12T07:55:35","slug":"truusk-rottingskattmobel-med-kuddar-kattsovrumsplats-kattgrotta-upphojda-fotter-brun-52-x-58-cm","status":"publish","type":"product","link":"https:\/\/truusk.store\/sv\/produkt\/truusk-rottingskattmobel-med-kuddar-kattsovrumsplats-kattgrotta-upphojda-fotter-brun-52-x-58-cm\/","title":{"rendered":"TRUUSK Rottingskattm\u00f6bel med kuddar &#8211; Kattsovrumsplats &#8211; Kattgrotta &#8211; Upph\u00f6jda f\u00f6tter &#8211; Brun &#8211; 52 x 58 cm"},"content":{"rendered":"<p>Denna moderna kattgrotta erbjuder din katt en bekv\u00e4m tillflyktsort f\u00f6r att k\u00e4nna sig trygg och s\u00e4ker. En mjuk kudde av linne och polyester ger extra komfort. Metallramen \u00e4r robust och s\u00e4ker och kan h\u00e5lla upp till 10 kg. Ge din lurviga v\u00e4n en elegant katts\u00e4ng d\u00e4r han kan sova, koppla av och leka!<\/p>\n<h3>Beskrivning:<\/h3>\n<ul>\n<li>Rottingkorg ger en klassisk stil till ditt hem. Modern design passar alla heminredningar<\/li>\n<li>Metalltr\u00e5dskonstruktion och PE-\u00f6verdrag g\u00f6r den stabil och h\u00e5llbar<\/li>\n<li><\/li>\n<li>Den upph\u00f6jda designen till\u00e5ter luft att cirkulera under<\/li>\n<li>Stativfot f\u00f6r stabilitet<\/li>\n<\/ul>\n<h3>Teknisk data:<\/h3>\n<ul>\n<li>Material: PE-rotting, metalltr\u00e5d, polyester, PP-bomull<\/li>\n<li>Totalm\u00e5tt: 52 x H58 cm<\/li>\n<li>M\u00e5tt: 38 cm<\/li>\n<li>Mattstorlek: 50 cm<\/li>\n<li>F\u00e4rg brun<\/li>\n<li>Lastkapacitet: 10 kg<\/li>\n<\/ul>\n<h3>Leveransens omfattning:<\/h3>\n<ul>\n<li>1 x Cat Cave<\/li>\n<li>1 x Instruktioner<\/li>\n<\/ul>\n","protected":false},"excerpt":{"rendered":"<p>Denna moderna kattgrotta erbjuder din katt en bekv\u00e4m tillflyktsort f\u00f6r att k\u00e4nna sig trygg och s\u00e4ker. En mjuk kudde av&#8230;<\/p>\n","protected":false},"featured_media":7521,"template":"","meta":[],"product_brand":[],"product_cat":[573,590,588],"product_tag":[],"class_list":{"0":"post-7520","1":"product","2":"type-product","3":"status-publish","4":"has-post-thumbnail","6":"product_cat-husdjursmaterial","7":"product_cat-kattgrottor-kattsangar","8":"product_cat-katttillbehor","10":"first","11":"instock","12":"sale","13":"taxable","14":"shipping-taxable","15":"purchasable","16":"product-type-simple"},"yoast_head":"<!-- This site is optimized with the Yoast SEO plugin v25.4 - https:\/\/yoast.com\/wordpress\/plugins\/seo\/ -->\n<title>TRUUSK Rottingskattm\u00f6bel med kuddar - Kattsovrumsplats - Kattgrotta - Upph\u00f6jda f\u00f6tter - Brun - 52 x 58 cm - TRUUSK - Hem, Tr\u00e4dg\u00e5rd &amp; Fritid<\/title>\n<meta name=\"robots\" content=\"index, follow, max-snippet:-1, max-image-preview:large, max-video-preview:-1\" \/>\n<link rel=\"canonical\" href=\"https:\/\/truusk.store\/sv\/produkt\/truusk-rottingskattmobel-med-kuddar-kattsovrumsplats-kattgrotta-upphojda-fotter-brun-52-x-58-cm\/\" \/>\n<meta property=\"og:locale\" content=\"sv_SE\" \/>\n<meta property=\"og:type\" content=\"article\" \/>\n<meta property=\"og:title\" content=\"TRUUSK Rottingskattm\u00f6bel med kuddar - Kattsovrumsplats - Kattgrotta - Upph\u00f6jda f\u00f6tter - Brun - 52 x 58 cm - TRUUSK - Hem, Tr\u00e4dg\u00e5rd &amp; Fritid\" \/>\n<meta property=\"og:description\" content=\"Denna moderna kattgrotta erbjuder din katt en bekv\u00e4m tillflyktsort f\u00f6r att k\u00e4nna sig trygg och s\u00e4ker. En mjuk kudde av...\" \/>\n<meta property=\"og:url\" content=\"https:\/\/truusk.store\/sv\/produkt\/truusk-rottingskattmobel-med-kuddar-kattsovrumsplats-kattgrotta-upphojda-fotter-brun-52-x-58-cm\/\" \/>\n<meta property=\"og:site_name\" content=\"TRUUSK - Hem, Tr\u00e4dg\u00e5rd &amp; Fritid\" \/>\n<meta property=\"article:modified_time\" content=\"2026-03-12T07:55:35+00:00\" \/>\n<meta property=\"og:image\" content=\"https:\/\/i0.wp.com\/truusk.se\/wp-content\/uploads\/2024\/02\/rottingkatthus-med-kuddar-kattsovplats-kattgrotta-med-upphojda-fotter-brun-52-x-58-cm.webp?fit=800%2C800&ssl=1\" \/>\n\t<meta property=\"og:image:width\" content=\"800\" \/>\n\t<meta property=\"og:image:height\" content=\"800\" \/>\n\t<meta property=\"og:image:type\" content=\"image\/webp\" \/>\n<meta name=\"twitter:card\" content=\"summary_large_image\" \/>\n<meta name=\"twitter:label1\" content=\"Ber\u00e4knad l\u00e4stid\" \/>\n\t<meta name=\"twitter:data1\" content=\"1 minut\" \/>\n<!-- \/ Yoast SEO plugin. -->","yoast_head_json":{"title":"TRUUSK Rottingskattm\u00f6bel med kuddar - Kattsovrumsplats - Kattgrotta - Upph\u00f6jda f\u00f6tter - Brun - 52 x 58 cm - TRUUSK - Hem, Tr\u00e4dg\u00e5rd &amp; Fritid","robots":{"index":"index","follow":"follow","max-snippet":"max-snippet:-1","max-image-preview":"max-image-preview:large","max-video-preview":"max-video-preview:-1"},"canonical":"https:\/\/truusk.store\/sv\/produkt\/truusk-rottingskattmobel-med-kuddar-kattsovrumsplats-kattgrotta-upphojda-fotter-brun-52-x-58-cm\/","og_locale":"sv_SE","og_type":"article","og_title":"TRUUSK Rottingskattm\u00f6bel med kuddar - Kattsovrumsplats - Kattgrotta - Upph\u00f6jda f\u00f6tter - Brun - 52 x 58 cm - TRUUSK - Hem, Tr\u00e4dg\u00e5rd &amp; Fritid","og_description":"Denna moderna kattgrotta erbjuder din katt en bekv\u00e4m tillflyktsort f\u00f6r att k\u00e4nna sig trygg och s\u00e4ker. En mjuk kudde av...","og_url":"https:\/\/truusk.store\/sv\/produkt\/truusk-rottingskattmobel-med-kuddar-kattsovrumsplats-kattgrotta-upphojda-fotter-brun-52-x-58-cm\/","og_site_name":"TRUUSK - Hem, Tr\u00e4dg\u00e5rd &amp; Fritid","article_modified_time":"2026-03-12T07:55:35+00:00","og_image":[{"width":800,"height":800,"url":"https:\/\/i0.wp.com\/truusk.se\/wp-content\/uploads\/2024\/02\/rottingkatthus-med-kuddar-kattsovplats-kattgrotta-med-upphojda-fotter-brun-52-x-58-cm.webp?fit=800%2C800&ssl=1","type":"image\/webp"}],"twitter_card":"summary_large_image","twitter_misc":{"Ber\u00e4knad l\u00e4stid":"1 minut"},"schema":{"@context":"https:\/\/schema.org","@graph":[{"@type":"WebPage","@id":"https:\/\/truusk.store\/sv\/produkt\/truusk-rottingskattmobel-med-kuddar-kattsovrumsplats-kattgrotta-upphojda-fotter-brun-52-x-58-cm\/","url":"https:\/\/truusk.store\/sv\/produkt\/truusk-rottingskattmobel-med-kuddar-kattsovrumsplats-kattgrotta-upphojda-fotter-brun-52-x-58-cm\/","name":"TRUUSK Rottingskattm\u00f6bel med kuddar - Kattsovrumsplats - Kattgrotta - Upph\u00f6jda f\u00f6tter - Brun - 52 x 58 cm - TRUUSK - Hem, Tr\u00e4dg\u00e5rd &amp; Fritid","isPartOf":{"@id":"https:\/\/truusk.store\/sv\/#website"},"primaryImageOfPage":{"@id":"https:\/\/truusk.store\/sv\/produkt\/truusk-rottingskattmobel-med-kuddar-kattsovrumsplats-kattgrotta-upphojda-fotter-brun-52-x-58-cm\/#primaryimage"},"image":{"@id":"https:\/\/truusk.store\/sv\/produkt\/truusk-rottingskattmobel-med-kuddar-kattsovrumsplats-kattgrotta-upphojda-fotter-brun-52-x-58-cm\/#primaryimage"},"thumbnailUrl":"https:\/\/i0.wp.com\/truusk.store\/wp-content\/uploads\/2024\/02\/rottingkatthus-med-kuddar-kattsovplats-kattgrotta-med-upphojda-fotter-brun-52-x-58-cm.webp?fit=800%2C800&ssl=1","datePublished":"2024-02-13T07:54:21+00:00","dateModified":"2026-03-12T07:55:35+00:00","breadcrumb":{"@id":"https:\/\/truusk.store\/sv\/produkt\/truusk-rottingskattmobel-med-kuddar-kattsovrumsplats-kattgrotta-upphojda-fotter-brun-52-x-58-cm\/#breadcrumb"},"inLanguage":"sv-SE","potentialAction":[{"@type":"ReadAction","target":["https:\/\/truusk.store\/sv\/produkt\/truusk-rottingskattmobel-med-kuddar-kattsovrumsplats-kattgrotta-upphojda-fotter-brun-52-x-58-cm\/"]}]},{"@type":"ImageObject","inLanguage":"sv-SE","@id":"https:\/\/truusk.store\/sv\/produkt\/truusk-rottingskattmobel-med-kuddar-kattsovrumsplats-kattgrotta-upphojda-fotter-brun-52-x-58-cm\/#primaryimage","url":"https:\/\/i0.wp.com\/truusk.store\/wp-content\/uploads\/2024\/02\/rottingkatthus-med-kuddar-kattsovplats-kattgrotta-med-upphojda-fotter-brun-52-x-58-cm.webp?fit=800%2C800&ssl=1","contentUrl":"https:\/\/i0.wp.com\/truusk.store\/wp-content\/uploads\/2024\/02\/rottingkatthus-med-kuddar-kattsovplats-kattgrotta-med-upphojda-fotter-brun-52-x-58-cm.webp?fit=800%2C800&ssl=1","width":800,"height":800,"caption":"Rottingkatthus Med Kuddar, Kattsovplats, Kattgrotta Med Upph\u00f6jda F\u00f6tter, Brun, 52 X 58 Cm 1"},{"@type":"BreadcrumbList","@id":"https:\/\/truusk.store\/sv\/produkt\/truusk-rottingskattmobel-med-kuddar-kattsovrumsplats-kattgrotta-upphojda-fotter-brun-52-x-58-cm\/#breadcrumb","itemListElement":[{"@type":"ListItem","position":1,"name":"Home","item":"https:\/\/truusk.store\/sv\/"},{"@type":"ListItem","position":2,"name":"Shop","item":"https:\/\/truusk.store\/shop\/"},{"@type":"ListItem","position":3,"name":"TRUUSK Rottingskattm\u00f6bel med kuddar &#8211; Kattsovrumsplats &#8211; Kattgrotta &#8211; Upph\u00f6jda f\u00f6tter &#8211; Brun &#8211; 52 x 58 cm"}]},{"@type":"WebSite","@id":"https:\/\/truusk.store\/sv\/#website","url":"https:\/\/truusk.store\/sv\/","name":"TRUUSK - Hem, Tr\u00e4dg\u00e5rd & Fritid","description":"","publisher":{"@id":"https:\/\/truusk.store\/sv\/#organization"},"potentialAction":[{"@type":"SearchAction","target":{"@type":"EntryPoint","urlTemplate":"https:\/\/truusk.store\/sv\/?s={search_term_string}"},"query-input":{"@type":"PropertyValueSpecification","valueRequired":true,"valueName":"search_term_string"}}],"inLanguage":"sv-SE"},{"@type":"Organization","@id":"https:\/\/truusk.store\/sv\/#organization","name":"TRUUSK - Hem, Tr\u00e4dg\u00e5rd & Fritid","url":"https:\/\/truusk.store\/sv\/","logo":{"@type":"ImageObject","inLanguage":"sv-SE","@id":"https:\/\/truusk.store\/sv\/#\/schema\/logo\/image\/","url":"https:\/\/i0.wp.com\/truusk.store\/wp-content\/uploads\/2026\/03\/cropped-TRUUSK.png?fit=2032%2C917&ssl=1","contentUrl":"https:\/\/i0.wp.com\/truusk.store\/wp-content\/uploads\/2026\/03\/cropped-TRUUSK.png?fit=2032%2C917&ssl=1","width":2032,"height":917,"caption":"TRUUSK - Hem, Tr\u00e4dg\u00e5rd & Fritid"},"image":{"@id":"https:\/\/truusk.store\/sv\/#\/schema\/logo\/image\/"}}]}},"jetpack_sharing_enabled":true,"_links":{"self":[{"href":"https:\/\/truusk.store\/sv\/wp-json\/wp\/v2\/product\/7520","targetHints":{"allow":["GET"]}}],"collection":[{"href":"https:\/\/truusk.store\/sv\/wp-json\/wp\/v2\/product"}],"about":[{"href":"https:\/\/truusk.store\/sv\/wp-json\/wp\/v2\/types\/product"}],"wp:featuredmedia":[{"embeddable":true,"href":"https:\/\/truusk.store\/sv\/wp-json\/wp\/v2\/media\/7521"}],"wp:attachment":[{"href":"https:\/\/truusk.store\/sv\/wp-json\/wp\/v2\/media?parent=7520"}],"wp:term":[{"taxonomy":"product_brand","embeddable":true,"href":"https:\/\/truusk.store\/sv\/wp-json\/wp\/v2\/product_brand?post=7520"},{"taxonomy":"product_cat","embeddable":true,"href":"https:\/\/truusk.store\/sv\/wp-json\/wp\/v2\/product_cat?post=7520"},{"taxonomy":"product_tag","embeddable":true,"href":"https:\/\/truusk.store\/sv\/wp-json\/wp\/v2\/product_tag?post=7520"}],"curies":[{"name":"wp","href":"https:\/\/api.w.org\/{rel}","templated":true}]}}