{"id":75203,"date":"2025-06-06T03:25:48","date_gmt":"2025-06-06T02:25:48","guid":{"rendered":"https:\/\/truusk.store\/product\/elektrisk-motorcykel-for-barn-med-24v-350w-motor-8-16-kmh-hastighetslage-12-tum-luftdack-elektrisk-motorcykel-med-musikstralkastare-moto-cross-for-barn-8-12-ar-rosa\/"},"modified":"2026-03-12T09:41:37","modified_gmt":"2026-03-12T08:41:37","slug":"truusk-elektrisk-motorcykel-for-barn-24v-350w-motor-8-16-kmh-hastighetslage-12-tum-luftdack-musikstralkastare-moto","status":"publish","type":"product","link":"https:\/\/truusk.store\/sv\/produkt\/truusk-elektrisk-motorcykel-for-barn-24v-350w-motor-8-16-kmh-hastighetslage-12-tum-luftdack-musikstralkastare-moto\/","title":{"rendered":"TRUUSK Elektrisk Motorcykel f\u00f6r Barn &#8211; 24V 350W Motor &#8211; 8-16 KMH Hastighetsl\u00e4ge &#8211; 12 Tum Luftd\u00e4ck &#8211; Musikstr\u00e5lkastare &#8211; Moto"},"content":{"rendered":"<p>Upplev utomhus\u00e4ventyr som aldrig f\u00f6rr! TRUUSKs elektriska motorcykel f\u00f6r barn mellan 8 och 12 \u00e5r imponerar med en kraftfull 24V-motor och tv\u00e5 justerbara hastigheter (8 och 16 km\/h). Upp till 30 minuters k\u00f6rning p\u00e5 alla terr\u00e4nger tack vare robust metallram, st\u00f6td\u00e4mpande hjul och manuell gasreglage. Inbyggd musik i barnmotorcykeln ger extra k\u00f6rn\u00f6je. T\u00e4nd ditt barns fantasi och skapa of\u00f6rgl\u00f6mliga minnen!<\/p>\n<p>Beskrivning:<\/p>\n<ul>\n<li> Manuell gasreglering med justerbar hastighet och mekanisk broms, f\u00f6r exakt kontroll<\/li>\n<li> Kraftfull 24V-motor med tv\u00e5 justerbara hastigheter, ger upp till 30 minuters k\u00f6rning<\/li>\n<li> Inbyggd musik, startljud och ljus, f\u00f6r en autentisk k\u00f6rupplevelse<\/li>\n<li> 12&#8243; pneumatiska gummibakhjul p\u00e5 E-motorcykeln med st\u00f6td\u00e4mpning, f\u00f6r en mjuk k\u00f6rning<\/li>\n<li> Tillverkad med en stereoskopiskt f\u00f6rst\u00e4rkt st\u00e5lram, f\u00f6r \u00f6kad h\u00e5llbarhet<\/li>\n<li> F\u00e4llbart fotst\u00f6d och bekv\u00e4mt s\u00e4te p\u00e5 barnens crossmotorcykel, f\u00f6r extra komfort<\/li>\n<li> Maximal belastning 65 kg, montering kr\u00e4vs<\/li>\n<\/ul>\n<p> Tekniska data:<\/p>\n<ul>\n<li> F\u00e4rg: Rosa<\/li>\n<li> Material: Plast, Metall<\/li>\n<li> M\u00e5tt: 119L x 64B x 76,5H cm<\/li>\n<li> Avst\u00e5nd fr\u00e5n marken: 50H cm<\/li>\n<li> S\u00e4te: 48,5L x 16,5B cm<\/li>\n<li> Laddningstid: 8-12 timmar<\/li>\n<li> Batteri: 12V 10AH<\/li>\n<li> Motor: 24V 350W<\/li>\n<li> Drifttid: 30 minuter<\/li>\n<li> Hastighet: 8-16 km\/h<\/li>\n<li> Hjuldiameter: 30,5 cm<\/li>\n<li> Belastningskapacitet: 65 kg<\/li>\n<li> Rekommenderad \u00e5lder: 8-12 \u00e5r<\/li>\n<li> Obs: \u00d6vervaka alltid dina barn under k\u00f6rning<\/li>\n<\/ul>\n<p>Leveransinneh\u00e5ll:<\/p>\n<ul>\n<li> 1 x Elektrisk motorcykel<\/li>\n<li> 1 x Instruktioner<\/li>\n<\/ul>\n","protected":false},"excerpt":{"rendered":"<p>Upplev utomhus\u00e4ventyr som aldrig f\u00f6rr! TRUUSKs elektriska motorcykel f\u00f6r barn mellan 8 och 12 \u00e5r imponerar med en kraftfull 24V-motor&#8230;<\/p>\n","protected":false},"featured_media":75194,"template":"","meta":[],"product_brand":[],"product_cat":[880,610,925],"product_tag":[],"class_list":{"0":"post-75203","1":"product","2":"type-product","3":"status-publish","4":"has-post-thumbnail","6":"product_cat-baby-barn-2","7":"product_cat-barnfordon","8":"product_cat-barns-elektriska-fordon","10":"first","11":"instock","12":"sale","13":"taxable","14":"shipping-taxable","15":"purchasable","16":"product-type-simple"},"yoast_head":"<!-- This site is optimized with the Yoast SEO plugin v25.4 - https:\/\/yoast.com\/wordpress\/plugins\/seo\/ -->\n<title>TRUUSK Elektrisk Motorcykel f\u00f6r Barn - 24V 350W Motor - 8-16 KMH Hastighetsl\u00e4ge - 12 Tum Luftd\u00e4ck - Musikstr\u00e5lkastare - Moto - TRUUSK - Hem, Tr\u00e4dg\u00e5rd &amp; Fritid<\/title>\n<meta name=\"robots\" content=\"index, follow, max-snippet:-1, max-image-preview:large, max-video-preview:-1\" \/>\n<link rel=\"canonical\" href=\"https:\/\/truusk.store\/sv\/produkt\/truusk-elektrisk-motorcykel-for-barn-24v-350w-motor-8-16-kmh-hastighetslage-12-tum-luftdack-musikstralkastare-moto\/\" \/>\n<meta property=\"og:locale\" content=\"sv_SE\" \/>\n<meta property=\"og:type\" content=\"article\" \/>\n<meta property=\"og:title\" content=\"TRUUSK Elektrisk Motorcykel f\u00f6r Barn - 24V 350W Motor - 8-16 KMH Hastighetsl\u00e4ge - 12 Tum Luftd\u00e4ck - Musikstr\u00e5lkastare - Moto - TRUUSK - Hem, Tr\u00e4dg\u00e5rd &amp; Fritid\" \/>\n<meta property=\"og:description\" content=\"Upplev utomhus\u00e4ventyr som aldrig f\u00f6rr! TRUUSKs elektriska motorcykel f\u00f6r barn mellan 8 och 12 \u00e5r imponerar med en kraftfull 24V-motor...\" \/>\n<meta property=\"og:url\" content=\"https:\/\/truusk.store\/sv\/produkt\/truusk-elektrisk-motorcykel-for-barn-24v-350w-motor-8-16-kmh-hastighetslage-12-tum-luftdack-musikstralkastare-moto\/\" \/>\n<meta property=\"og:site_name\" content=\"TRUUSK - Hem, Tr\u00e4dg\u00e5rd &amp; Fritid\" \/>\n<meta property=\"article:modified_time\" content=\"2026-03-12T08:41:37+00:00\" \/>\n<meta property=\"og:image\" content=\"https:\/\/i0.wp.com\/truusk.se\/wp-content\/uploads\/2025\/06\/elektrisk-motorcykel-for-barn-med-24v-350w-motor-8-16-kmh-hastighetslage-12-tum-luftdack-elektrisk-motorcykel-med-musikstralkastare-moto-cross-for-barn-8-12-ar-rosa-1.webp?fit=2000%2C2000&ssl=1\" \/>\n\t<meta property=\"og:image:width\" content=\"2000\" \/>\n\t<meta property=\"og:image:height\" content=\"2000\" \/>\n\t<meta property=\"og:image:type\" content=\"image\/webp\" \/>\n<meta name=\"twitter:card\" content=\"summary_large_image\" \/>\n<meta name=\"twitter:label1\" content=\"Ber\u00e4knad l\u00e4stid\" \/>\n\t<meta name=\"twitter:data1\" content=\"1 minut\" \/>\n<!-- \/ Yoast SEO plugin. -->","yoast_head_json":{"title":"TRUUSK Elektrisk Motorcykel f\u00f6r Barn - 24V 350W Motor - 8-16 KMH Hastighetsl\u00e4ge - 12 Tum Luftd\u00e4ck - Musikstr\u00e5lkastare - Moto - TRUUSK - Hem, Tr\u00e4dg\u00e5rd &amp; Fritid","robots":{"index":"index","follow":"follow","max-snippet":"max-snippet:-1","max-image-preview":"max-image-preview:large","max-video-preview":"max-video-preview:-1"},"canonical":"https:\/\/truusk.store\/sv\/produkt\/truusk-elektrisk-motorcykel-for-barn-24v-350w-motor-8-16-kmh-hastighetslage-12-tum-luftdack-musikstralkastare-moto\/","og_locale":"sv_SE","og_type":"article","og_title":"TRUUSK Elektrisk Motorcykel f\u00f6r Barn - 24V 350W Motor - 8-16 KMH Hastighetsl\u00e4ge - 12 Tum Luftd\u00e4ck - Musikstr\u00e5lkastare - Moto - TRUUSK - Hem, Tr\u00e4dg\u00e5rd &amp; Fritid","og_description":"Upplev utomhus\u00e4ventyr som aldrig f\u00f6rr! TRUUSKs elektriska motorcykel f\u00f6r barn mellan 8 och 12 \u00e5r imponerar med en kraftfull 24V-motor...","og_url":"https:\/\/truusk.store\/sv\/produkt\/truusk-elektrisk-motorcykel-for-barn-24v-350w-motor-8-16-kmh-hastighetslage-12-tum-luftdack-musikstralkastare-moto\/","og_site_name":"TRUUSK - Hem, Tr\u00e4dg\u00e5rd &amp; Fritid","article_modified_time":"2026-03-12T08:41:37+00:00","og_image":[{"width":2000,"height":2000,"url":"https:\/\/i0.wp.com\/truusk.se\/wp-content\/uploads\/2025\/06\/elektrisk-motorcykel-for-barn-med-24v-350w-motor-8-16-kmh-hastighetslage-12-tum-luftdack-elektrisk-motorcykel-med-musikstralkastare-moto-cross-for-barn-8-12-ar-rosa-1.webp?fit=2000%2C2000&ssl=1","type":"image\/webp"}],"twitter_card":"summary_large_image","twitter_misc":{"Ber\u00e4knad l\u00e4stid":"1 minut"},"schema":{"@context":"https:\/\/schema.org","@graph":[{"@type":"WebPage","@id":"https:\/\/truusk.store\/sv\/produkt\/truusk-elektrisk-motorcykel-for-barn-24v-350w-motor-8-16-kmh-hastighetslage-12-tum-luftdack-musikstralkastare-moto\/","url":"https:\/\/truusk.store\/sv\/produkt\/truusk-elektrisk-motorcykel-for-barn-24v-350w-motor-8-16-kmh-hastighetslage-12-tum-luftdack-musikstralkastare-moto\/","name":"TRUUSK Elektrisk Motorcykel f\u00f6r Barn - 24V 350W Motor - 8-16 KMH Hastighetsl\u00e4ge - 12 Tum Luftd\u00e4ck - Musikstr\u00e5lkastare - Moto - TRUUSK - Hem, Tr\u00e4dg\u00e5rd &amp; Fritid","isPartOf":{"@id":"https:\/\/truusk.store\/sv\/#website"},"primaryImageOfPage":{"@id":"https:\/\/truusk.store\/sv\/produkt\/truusk-elektrisk-motorcykel-for-barn-24v-350w-motor-8-16-kmh-hastighetslage-12-tum-luftdack-musikstralkastare-moto\/#primaryimage"},"image":{"@id":"https:\/\/truusk.store\/sv\/produkt\/truusk-elektrisk-motorcykel-for-barn-24v-350w-motor-8-16-kmh-hastighetslage-12-tum-luftdack-musikstralkastare-moto\/#primaryimage"},"thumbnailUrl":"https:\/\/i0.wp.com\/truusk.store\/wp-content\/uploads\/2025\/06\/elektrisk-motorcykel-for-barn-med-24v-350w-motor-8-16-kmh-hastighetslage-12-tum-luftdack-elektrisk-motorcykel-med-musikstralkastare-moto-cross-for-barn-8-12-ar-rosa-1.webp?fit=2000%2C2000&ssl=1","datePublished":"2025-06-06T02:25:48+00:00","dateModified":"2026-03-12T08:41:37+00:00","breadcrumb":{"@id":"https:\/\/truusk.store\/sv\/produkt\/truusk-elektrisk-motorcykel-for-barn-24v-350w-motor-8-16-kmh-hastighetslage-12-tum-luftdack-musikstralkastare-moto\/#breadcrumb"},"inLanguage":"sv-SE","potentialAction":[{"@type":"ReadAction","target":["https:\/\/truusk.store\/sv\/produkt\/truusk-elektrisk-motorcykel-for-barn-24v-350w-motor-8-16-kmh-hastighetslage-12-tum-luftdack-musikstralkastare-moto\/"]}]},{"@type":"ImageObject","inLanguage":"sv-SE","@id":"https:\/\/truusk.store\/sv\/produkt\/truusk-elektrisk-motorcykel-for-barn-24v-350w-motor-8-16-kmh-hastighetslage-12-tum-luftdack-musikstralkastare-moto\/#primaryimage","url":"https:\/\/i0.wp.com\/truusk.store\/wp-content\/uploads\/2025\/06\/elektrisk-motorcykel-for-barn-med-24v-350w-motor-8-16-kmh-hastighetslage-12-tum-luftdack-elektrisk-motorcykel-med-musikstralkastare-moto-cross-for-barn-8-12-ar-rosa-1.webp?fit=2000%2C2000&ssl=1","contentUrl":"https:\/\/i0.wp.com\/truusk.store\/wp-content\/uploads\/2025\/06\/elektrisk-motorcykel-for-barn-med-24v-350w-motor-8-16-kmh-hastighetslage-12-tum-luftdack-elektrisk-motorcykel-med-musikstralkastare-moto-cross-for-barn-8-12-ar-rosa-1.webp?fit=2000%2C2000&ssl=1","width":2000,"height":2000},{"@type":"BreadcrumbList","@id":"https:\/\/truusk.store\/sv\/produkt\/truusk-elektrisk-motorcykel-for-barn-24v-350w-motor-8-16-kmh-hastighetslage-12-tum-luftdack-musikstralkastare-moto\/#breadcrumb","itemListElement":[{"@type":"ListItem","position":1,"name":"Home","item":"https:\/\/truusk.store\/sv\/"},{"@type":"ListItem","position":2,"name":"Shop","item":"https:\/\/truusk.store\/shop\/"},{"@type":"ListItem","position":3,"name":"TRUUSK Elektrisk Motorcykel f\u00f6r Barn &#8211; 24V 350W Motor &#8211; 8-16 KMH Hastighetsl\u00e4ge &#8211; 12 Tum Luftd\u00e4ck &#8211; Musikstr\u00e5lkastare &#8211; Moto"}]},{"@type":"WebSite","@id":"https:\/\/truusk.store\/sv\/#website","url":"https:\/\/truusk.store\/sv\/","name":"TRUUSK - Hem, Tr\u00e4dg\u00e5rd & Fritid","description":"","publisher":{"@id":"https:\/\/truusk.store\/sv\/#organization"},"potentialAction":[{"@type":"SearchAction","target":{"@type":"EntryPoint","urlTemplate":"https:\/\/truusk.store\/sv\/?s={search_term_string}"},"query-input":{"@type":"PropertyValueSpecification","valueRequired":true,"valueName":"search_term_string"}}],"inLanguage":"sv-SE"},{"@type":"Organization","@id":"https:\/\/truusk.store\/sv\/#organization","name":"TRUUSK - Hem, Tr\u00e4dg\u00e5rd & Fritid","url":"https:\/\/truusk.store\/sv\/","logo":{"@type":"ImageObject","inLanguage":"sv-SE","@id":"https:\/\/truusk.store\/sv\/#\/schema\/logo\/image\/","url":"https:\/\/i0.wp.com\/truusk.store\/wp-content\/uploads\/2026\/03\/cropped-TRUUSK.png?fit=2032%2C917&ssl=1","contentUrl":"https:\/\/i0.wp.com\/truusk.store\/wp-content\/uploads\/2026\/03\/cropped-TRUUSK.png?fit=2032%2C917&ssl=1","width":2032,"height":917,"caption":"TRUUSK - Hem, Tr\u00e4dg\u00e5rd & Fritid"},"image":{"@id":"https:\/\/truusk.store\/sv\/#\/schema\/logo\/image\/"}}]}},"jetpack_sharing_enabled":true,"_links":{"self":[{"href":"https:\/\/truusk.store\/sv\/wp-json\/wp\/v2\/product\/75203","targetHints":{"allow":["GET"]}}],"collection":[{"href":"https:\/\/truusk.store\/sv\/wp-json\/wp\/v2\/product"}],"about":[{"href":"https:\/\/truusk.store\/sv\/wp-json\/wp\/v2\/types\/product"}],"wp:featuredmedia":[{"embeddable":true,"href":"https:\/\/truusk.store\/sv\/wp-json\/wp\/v2\/media\/75194"}],"wp:attachment":[{"href":"https:\/\/truusk.store\/sv\/wp-json\/wp\/v2\/media?parent=75203"}],"wp:term":[{"taxonomy":"product_brand","embeddable":true,"href":"https:\/\/truusk.store\/sv\/wp-json\/wp\/v2\/product_brand?post=75203"},{"taxonomy":"product_cat","embeddable":true,"href":"https:\/\/truusk.store\/sv\/wp-json\/wp\/v2\/product_cat?post=75203"},{"taxonomy":"product_tag","embeddable":true,"href":"https:\/\/truusk.store\/sv\/wp-json\/wp\/v2\/product_tag?post=75203"}],"curies":[{"name":"wp","href":"https:\/\/api.w.org\/{rel}","templated":true}]}}