{"id":75223,"date":"2025-06-06T03:27:44","date_gmt":"2025-06-06T02:27:44","guid":{"rendered":"https:\/\/truusk.store\/product\/hopfallbar-stol-2-sits-campingstol-med-kylvaskor-barvaska-utomhus-fallstol-upp-till-250kg-belastning-robust-latt-vadderad-fiskestol-tradgardsstol-for-tradgard-camping-strand\/"},"modified":"2026-03-12T08:43:07","modified_gmt":"2026-03-12T07:43:07","slug":"truusk-hopfallbar-campingstol-2-sits-med-kylvaskor-barvaska-upp-till-250kg-belastning-robust-latt-vadderad-fiskestol","status":"publish","type":"product","link":"https:\/\/truusk.store\/sv\/produkt\/truusk-hopfallbar-campingstol-2-sits-med-kylvaskor-barvaska-upp-till-250kg-belastning-robust-latt-vadderad-fiskestol\/","title":{"rendered":"TRUUSK Hopf\u00e4llbar Campingstol &#8211; 2-sits Med Kylv\u00e4skor &#8211; B\u00e4rv\u00e4ska &#8211; Upp Till 250kg Belastning &#8211; Robust &#8211; L\u00e4tt Vadderad &#8211; Fiskestol"},"content":{"rendered":"<p>Upplev naturens sk\u00f6nhet med TRUUSK hopf\u00e4llbar campingstol f\u00f6r tv\u00e5 personer. Den hopf\u00e4llbara fiskestolen erbjuder en plyschig, stor sittplats och \u00e4r tillverkad av slitstark 600D Oxford-tyg. Med tv\u00e5 kylv\u00e4skor h\u00e5lls dina drycker kalla, och tack vare dess hopf\u00e4llbarhet och b\u00e4rp\u00e5se \u00e4r den hopf\u00e4llbara campingstolen l\u00e4tt att transportera. Perfekt f\u00f6r alla picknick eller camping!<\/p>\n<p>Beskrivning:<\/p>\n<ul>\n<li> L\u00e5ng design av campingstolen ger bekv\u00e4mt utrymme f\u00f6r tv\u00e5 vuxna att koppla av tillsammans<\/li>\n<li> Vadderad, \u00f6verdimensionerad hopf\u00e4llbar stol erbjuder extra utrymme och \u00f6kad komfort<\/li>\n<li> Campingstolen \u00e4r tillverkad av 600D Oxford-tyg och lackerat metall f\u00f6r h\u00e5llbarhet<\/li>\n<li> B\u00e4r upp till 250 kg, l\u00e4mplig f\u00f6r robust anv\u00e4ndning<\/li>\n<li> Har tv\u00e5 kylv\u00e4skor f\u00f6r att njuta av kylda drycker utomhus<\/li>\n<li> L\u00e4tt hopf\u00e4llbar och inkluderar en b\u00e4rp\u00e5se f\u00f6r bekv\u00e4m transport<\/li>\n<\/ul>\n<p> Tekniska data:<\/p>\n<ul>\n<li> F\u00e4rg: Svart<\/li>\n<li> Material: Metall, 600D Oxford-tyg<\/li>\n<li> Totala dimensioner: 145L x 60B x 92H cm<\/li>\n<li> Hopf\u00e4llda dimensioner: 95L x 24B x 24H cm<\/li>\n<li> Sittm\u00e5tt: 107L x 51B x 44H cm<\/li>\n<li> Ryggm\u00e5tt: 110B x 51H cm<\/li>\n<li> B\u00e4rkapacitet: 250 kg<\/li>\n<\/ul>\n<p>Leveransinneh\u00e5ll:<\/p>\n<ul>\n<li> 1 x Hopf\u00e4llbar campingstol<\/li>\n<li> 1 x B\u00e4rp\u00e5se<\/li>\n<li> 1 x Bruksanvisning<\/li>\n<\/ul>\n","protected":false},"excerpt":{"rendered":"<p>Upplev naturens sk\u00f6nhet med TRUUSK hopf\u00e4llbar campingstol f\u00f6r tv\u00e5 personer. Den hopf\u00e4llbara fiskestolen erbjuder en plyschig, stor sittplats och \u00e4r&#8230;<\/p>\n","protected":false},"featured_media":75214,"template":"","meta":[],"product_brand":[],"product_cat":[648,461,647],"product_tag":[],"class_list":{"0":"post-75223","1":"product","2":"type-product","3":"status-publish","4":"has-post-thumbnail","6":"product_cat-camping-tillbehor","7":"product_cat-camping-stolar","8":"product_cat-sport-fritid","10":"first","11":"instock","12":"sale","13":"taxable","14":"shipping-taxable","15":"purchasable","16":"product-type-simple"},"yoast_head":"<!-- This site is optimized with the Yoast SEO plugin v25.4 - https:\/\/yoast.com\/wordpress\/plugins\/seo\/ -->\n<title>TRUUSK Hopf\u00e4llbar Campingstol - 2-sits Med Kylv\u00e4skor - B\u00e4rv\u00e4ska - Upp Till 250kg Belastning - Robust - L\u00e4tt Vadderad - Fiskestol - TRUUSK - Hem, Tr\u00e4dg\u00e5rd &amp; Fritid<\/title>\n<meta name=\"robots\" content=\"index, follow, max-snippet:-1, max-image-preview:large, max-video-preview:-1\" \/>\n<link rel=\"canonical\" href=\"https:\/\/truusk.store\/sv\/produkt\/truusk-hopfallbar-campingstol-2-sits-med-kylvaskor-barvaska-upp-till-250kg-belastning-robust-latt-vadderad-fiskestol\/\" \/>\n<meta property=\"og:locale\" content=\"sv_SE\" \/>\n<meta property=\"og:type\" content=\"article\" \/>\n<meta property=\"og:title\" content=\"TRUUSK Hopf\u00e4llbar Campingstol - 2-sits Med Kylv\u00e4skor - B\u00e4rv\u00e4ska - Upp Till 250kg Belastning - Robust - L\u00e4tt Vadderad - Fiskestol - TRUUSK - Hem, Tr\u00e4dg\u00e5rd &amp; Fritid\" \/>\n<meta property=\"og:description\" content=\"Upplev naturens sk\u00f6nhet med TRUUSK hopf\u00e4llbar campingstol f\u00f6r tv\u00e5 personer. Den hopf\u00e4llbara fiskestolen erbjuder en plyschig, stor sittplats och \u00e4r...\" \/>\n<meta property=\"og:url\" content=\"https:\/\/truusk.store\/sv\/produkt\/truusk-hopfallbar-campingstol-2-sits-med-kylvaskor-barvaska-upp-till-250kg-belastning-robust-latt-vadderad-fiskestol\/\" \/>\n<meta property=\"og:site_name\" content=\"TRUUSK - Hem, Tr\u00e4dg\u00e5rd &amp; Fritid\" \/>\n<meta property=\"article:modified_time\" content=\"2026-03-12T07:43:07+00:00\" \/>\n<meta property=\"og:image\" content=\"https:\/\/i0.wp.com\/truusk.se\/wp-content\/uploads\/2025\/06\/hopfallbar-stol-2-sits-campingstol-med-kylvaskor-barvaska-utomhus-fallstol-upp-till-250kg-belastning-robust-latt-vadderad-fiskestol-tradgardsstol-for-tradgard-camping-strand-1.webp?fit=2000%2C2000&ssl=1\" \/>\n\t<meta property=\"og:image:width\" content=\"2000\" \/>\n\t<meta property=\"og:image:height\" content=\"2000\" \/>\n\t<meta property=\"og:image:type\" content=\"image\/webp\" \/>\n<meta name=\"twitter:card\" content=\"summary_large_image\" \/>\n<meta name=\"twitter:label1\" content=\"Ber\u00e4knad l\u00e4stid\" \/>\n\t<meta name=\"twitter:data1\" content=\"1 minut\" \/>\n<!-- \/ Yoast SEO plugin. -->","yoast_head_json":{"title":"TRUUSK Hopf\u00e4llbar Campingstol - 2-sits Med Kylv\u00e4skor - B\u00e4rv\u00e4ska - Upp Till 250kg Belastning - Robust - L\u00e4tt Vadderad - Fiskestol - TRUUSK - Hem, Tr\u00e4dg\u00e5rd &amp; Fritid","robots":{"index":"index","follow":"follow","max-snippet":"max-snippet:-1","max-image-preview":"max-image-preview:large","max-video-preview":"max-video-preview:-1"},"canonical":"https:\/\/truusk.store\/sv\/produkt\/truusk-hopfallbar-campingstol-2-sits-med-kylvaskor-barvaska-upp-till-250kg-belastning-robust-latt-vadderad-fiskestol\/","og_locale":"sv_SE","og_type":"article","og_title":"TRUUSK Hopf\u00e4llbar Campingstol - 2-sits Med Kylv\u00e4skor - B\u00e4rv\u00e4ska - Upp Till 250kg Belastning - Robust - L\u00e4tt Vadderad - Fiskestol - TRUUSK - Hem, Tr\u00e4dg\u00e5rd &amp; Fritid","og_description":"Upplev naturens sk\u00f6nhet med TRUUSK hopf\u00e4llbar campingstol f\u00f6r tv\u00e5 personer. Den hopf\u00e4llbara fiskestolen erbjuder en plyschig, stor sittplats och \u00e4r...","og_url":"https:\/\/truusk.store\/sv\/produkt\/truusk-hopfallbar-campingstol-2-sits-med-kylvaskor-barvaska-upp-till-250kg-belastning-robust-latt-vadderad-fiskestol\/","og_site_name":"TRUUSK - Hem, Tr\u00e4dg\u00e5rd &amp; Fritid","article_modified_time":"2026-03-12T07:43:07+00:00","og_image":[{"width":2000,"height":2000,"url":"https:\/\/i0.wp.com\/truusk.se\/wp-content\/uploads\/2025\/06\/hopfallbar-stol-2-sits-campingstol-med-kylvaskor-barvaska-utomhus-fallstol-upp-till-250kg-belastning-robust-latt-vadderad-fiskestol-tradgardsstol-for-tradgard-camping-strand-1.webp?fit=2000%2C2000&ssl=1","type":"image\/webp"}],"twitter_card":"summary_large_image","twitter_misc":{"Ber\u00e4knad l\u00e4stid":"1 minut"},"schema":{"@context":"https:\/\/schema.org","@graph":[{"@type":"WebPage","@id":"https:\/\/truusk.store\/sv\/produkt\/truusk-hopfallbar-campingstol-2-sits-med-kylvaskor-barvaska-upp-till-250kg-belastning-robust-latt-vadderad-fiskestol\/","url":"https:\/\/truusk.store\/sv\/produkt\/truusk-hopfallbar-campingstol-2-sits-med-kylvaskor-barvaska-upp-till-250kg-belastning-robust-latt-vadderad-fiskestol\/","name":"TRUUSK Hopf\u00e4llbar Campingstol - 2-sits Med Kylv\u00e4skor - B\u00e4rv\u00e4ska - Upp Till 250kg Belastning - Robust - L\u00e4tt Vadderad - Fiskestol - TRUUSK - Hem, Tr\u00e4dg\u00e5rd &amp; Fritid","isPartOf":{"@id":"https:\/\/truusk.store\/sv\/#website"},"primaryImageOfPage":{"@id":"https:\/\/truusk.store\/sv\/produkt\/truusk-hopfallbar-campingstol-2-sits-med-kylvaskor-barvaska-upp-till-250kg-belastning-robust-latt-vadderad-fiskestol\/#primaryimage"},"image":{"@id":"https:\/\/truusk.store\/sv\/produkt\/truusk-hopfallbar-campingstol-2-sits-med-kylvaskor-barvaska-upp-till-250kg-belastning-robust-latt-vadderad-fiskestol\/#primaryimage"},"thumbnailUrl":"https:\/\/i0.wp.com\/truusk.store\/wp-content\/uploads\/2025\/06\/hopfallbar-stol-2-sits-campingstol-med-kylvaskor-barvaska-utomhus-fallstol-upp-till-250kg-belastning-robust-latt-vadderad-fiskestol-tradgardsstol-for-tradgard-camping-strand-1.webp?fit=2000%2C2000&ssl=1","datePublished":"2025-06-06T02:27:44+00:00","dateModified":"2026-03-12T07:43:07+00:00","breadcrumb":{"@id":"https:\/\/truusk.store\/sv\/produkt\/truusk-hopfallbar-campingstol-2-sits-med-kylvaskor-barvaska-upp-till-250kg-belastning-robust-latt-vadderad-fiskestol\/#breadcrumb"},"inLanguage":"sv-SE","potentialAction":[{"@type":"ReadAction","target":["https:\/\/truusk.store\/sv\/produkt\/truusk-hopfallbar-campingstol-2-sits-med-kylvaskor-barvaska-upp-till-250kg-belastning-robust-latt-vadderad-fiskestol\/"]}]},{"@type":"ImageObject","inLanguage":"sv-SE","@id":"https:\/\/truusk.store\/sv\/produkt\/truusk-hopfallbar-campingstol-2-sits-med-kylvaskor-barvaska-upp-till-250kg-belastning-robust-latt-vadderad-fiskestol\/#primaryimage","url":"https:\/\/i0.wp.com\/truusk.store\/wp-content\/uploads\/2025\/06\/hopfallbar-stol-2-sits-campingstol-med-kylvaskor-barvaska-utomhus-fallstol-upp-till-250kg-belastning-robust-latt-vadderad-fiskestol-tradgardsstol-for-tradgard-camping-strand-1.webp?fit=2000%2C2000&ssl=1","contentUrl":"https:\/\/i0.wp.com\/truusk.store\/wp-content\/uploads\/2025\/06\/hopfallbar-stol-2-sits-campingstol-med-kylvaskor-barvaska-utomhus-fallstol-upp-till-250kg-belastning-robust-latt-vadderad-fiskestol-tradgardsstol-for-tradgard-camping-strand-1.webp?fit=2000%2C2000&ssl=1","width":2000,"height":2000},{"@type":"BreadcrumbList","@id":"https:\/\/truusk.store\/sv\/produkt\/truusk-hopfallbar-campingstol-2-sits-med-kylvaskor-barvaska-upp-till-250kg-belastning-robust-latt-vadderad-fiskestol\/#breadcrumb","itemListElement":[{"@type":"ListItem","position":1,"name":"Home","item":"https:\/\/truusk.store\/sv\/"},{"@type":"ListItem","position":2,"name":"Shop","item":"https:\/\/truusk.store\/shop\/"},{"@type":"ListItem","position":3,"name":"TRUUSK Hopf\u00e4llbar Campingstol &#8211; 2-sits Med Kylv\u00e4skor &#8211; B\u00e4rv\u00e4ska &#8211; Upp Till 250kg Belastning &#8211; Robust &#8211; L\u00e4tt Vadderad &#8211; Fiskestol"}]},{"@type":"WebSite","@id":"https:\/\/truusk.store\/sv\/#website","url":"https:\/\/truusk.store\/sv\/","name":"TRUUSK - Hem, Tr\u00e4dg\u00e5rd & Fritid","description":"","publisher":{"@id":"https:\/\/truusk.store\/sv\/#organization"},"potentialAction":[{"@type":"SearchAction","target":{"@type":"EntryPoint","urlTemplate":"https:\/\/truusk.store\/sv\/?s={search_term_string}"},"query-input":{"@type":"PropertyValueSpecification","valueRequired":true,"valueName":"search_term_string"}}],"inLanguage":"sv-SE"},{"@type":"Organization","@id":"https:\/\/truusk.store\/sv\/#organization","name":"TRUUSK - Hem, Tr\u00e4dg\u00e5rd & Fritid","url":"https:\/\/truusk.store\/sv\/","logo":{"@type":"ImageObject","inLanguage":"sv-SE","@id":"https:\/\/truusk.store\/sv\/#\/schema\/logo\/image\/","url":"https:\/\/i0.wp.com\/truusk.store\/wp-content\/uploads\/2026\/03\/cropped-TRUUSK.png?fit=2032%2C917&ssl=1","contentUrl":"https:\/\/i0.wp.com\/truusk.store\/wp-content\/uploads\/2026\/03\/cropped-TRUUSK.png?fit=2032%2C917&ssl=1","width":2032,"height":917,"caption":"TRUUSK - Hem, Tr\u00e4dg\u00e5rd & Fritid"},"image":{"@id":"https:\/\/truusk.store\/sv\/#\/schema\/logo\/image\/"}}]}},"jetpack_sharing_enabled":true,"_links":{"self":[{"href":"https:\/\/truusk.store\/sv\/wp-json\/wp\/v2\/product\/75223","targetHints":{"allow":["GET"]}}],"collection":[{"href":"https:\/\/truusk.store\/sv\/wp-json\/wp\/v2\/product"}],"about":[{"href":"https:\/\/truusk.store\/sv\/wp-json\/wp\/v2\/types\/product"}],"wp:featuredmedia":[{"embeddable":true,"href":"https:\/\/truusk.store\/sv\/wp-json\/wp\/v2\/media\/75214"}],"wp:attachment":[{"href":"https:\/\/truusk.store\/sv\/wp-json\/wp\/v2\/media?parent=75223"}],"wp:term":[{"taxonomy":"product_brand","embeddable":true,"href":"https:\/\/truusk.store\/sv\/wp-json\/wp\/v2\/product_brand?post=75223"},{"taxonomy":"product_cat","embeddable":true,"href":"https:\/\/truusk.store\/sv\/wp-json\/wp\/v2\/product_cat?post=75223"},{"taxonomy":"product_tag","embeddable":true,"href":"https:\/\/truusk.store\/sv\/wp-json\/wp\/v2\/product_tag?post=75223"}],"curies":[{"name":"wp","href":"https:\/\/api.w.org\/{rel}","templated":true}]}}