{"id":75285,"date":"2025-06-06T03:33:51","date_gmt":"2025-06-06T02:33:51","guid":{"rendered":"https:\/\/truusk.store\/product\/polyrattan-tradgardsmobelset-utomhus-lounge-balkongmobler-for-2-personer-3-delad-sittgrupp-med-2-stapelbara-stolar-bord-vaderbestandig-tradgardslounge-for-tradgard-terrass-balkong-gra\/"},"modified":"2026-03-12T08:40:59","modified_gmt":"2026-03-12T07:40:59","slug":"truusk-polyrattan-lounge-balkongmobel-3-delad-set-for-2-personer-vaderbestandig-tradgardslounge-gra","status":"publish","type":"product","link":"https:\/\/truusk.store\/sv\/produkt\/truusk-polyrattan-lounge-balkongmobel-3-delad-set-for-2-personer-vaderbestandig-tradgardslounge-gra\/","title":{"rendered":"TRUUSK Polyrattan Lounge Balkongm\u00f6bel &#8211; 3-delad Set f\u00f6r 2 Personer &#8211; V\u00e4derbest\u00e4ndig Tr\u00e4dg\u00e5rdslounge &#8211; Gr\u00e5"},"content":{"rendered":"<p>Upplev tjusningen med att \u00e4ta utomhus med TRUUSK Polyrattan tr\u00e4dg\u00e5rdsm\u00f6belset. Detta terrassm\u00f6belset f\u00f6r tr\u00e4dg\u00e5rden presenterar sig i en handv\u00e4vd rep-rattandesign, som \u00e4r b\u00e5de vacker och bekv\u00e4m och passar f\u00f6r olika utomhusomr\u00e5den. Tack vare de stapelbara stolarna och den ergonomiskt formade ryggst\u00f6det \u00e4r det l\u00e4tt att f\u00f6rvara och erbjuder optimal komfort. Med det kompakta utomhusbordet passar det perfekt i varje mysigt tr\u00e4dg\u00e5rdsh\u00f6rn eller p\u00e5 varje terrass.<\/p>\n<p>Beskrivning:<\/p>\n<ul>\n<li> Handfl\u00e4tad rattandesign f\u00f6r balkongloungen f\u00f6rb\u00e4ttrar b\u00e5de komfort och estetik<\/li>\n<li> Stapelbara stolar f\u00f6r balkongm\u00f6bler sparar v\u00e4rdefullt utrymme n\u00e4r de inte anv\u00e4nds<\/li>\n<li> Den b\u00f6jda ryggst\u00f6det st\u00f6der och slappnar av hela kroppen<\/li>\n<li> Pulverlackerade st\u00e5lkarmar erbjuder rostbest\u00e4ndighet och stabilitet<\/li>\n<li> Fotdynor p\u00e5 ramarna \u00f6kar h\u00e5llbarheten p\u00e5 bistro-setet och skyddar golvet<\/li>\n<li> Kompakt kaffebord t\u00e4cker grundl\u00e4ggande utomhusbehov<\/li>\n<li> L\u00e4mplig f\u00f6r tr\u00e4dg\u00e5rd, balkong och vintertr\u00e4dg\u00e5rd<\/li>\n<li> Montering kr\u00e4vs inom en timme av en person<\/li>\n<\/ul>\n<p> Tekniska data:<\/p>\n<ul>\n<li> F\u00e4rg: M\u00f6rkgr\u00e5+Gr\u00e5<\/li>\n<li> Material: St\u00e5l, Polyester<\/li>\n<li> Stolm\u00e5tt: 46L x 60B x 80H cm<\/li>\n<li> Bordm\u00e5tt: \u00d848 x60H cm<\/li>\n<li> Sitsstorlek: 44B x 43T cm<\/li>\n<li> Sitth\u00f6jd: 43 cm<\/li>\n<li> Ryggst\u00f6d: 24L x 43B cm<\/li>\n<li> B\u00e4rkapacitet: 120 kg (stol), 30 kg (bord)<\/li>\n<\/ul>\n<p>Leveransinneh\u00e5ll:<\/p>\n<ul>\n<li> 1 x Bord<\/li>\n<li> 2 x Stol<\/li>\n<li> 1 x Handbok<\/li>\n<\/ul>\n","protected":false},"excerpt":{"rendered":"<p>Upplev tjusningen med att \u00e4ta utomhus med TRUUSK Polyrattan tr\u00e4dg\u00e5rdsm\u00f6belset. Detta terrassm\u00f6belset f\u00f6r tr\u00e4dg\u00e5rden presenterar sig i en handv\u00e4vd rep-rattandesign,&#8230;<\/p>\n","protected":false},"featured_media":75274,"template":"","meta":[],"product_brand":[],"product_cat":[858,450,456],"product_tag":[],"class_list":{"0":"post-75285","1":"product","2":"type-product","3":"status-publish","4":"has-post-thumbnail","6":"product_cat-tradgard-terrass","7":"product_cat-tradgardsmobler","8":"product_cat-tradgardsmobler-set","10":"first","11":"instock","12":"sale","13":"taxable","14":"shipping-taxable","15":"purchasable","16":"product-type-simple"},"yoast_head":"<!-- This site is optimized with the Yoast SEO plugin v25.4 - https:\/\/yoast.com\/wordpress\/plugins\/seo\/ -->\n<title>TRUUSK Polyrattan Lounge Balkongm\u00f6bel - 3-delad Set f\u00f6r 2 Personer - V\u00e4derbest\u00e4ndig Tr\u00e4dg\u00e5rdslounge - Gr\u00e5 - TRUUSK - Hem, Tr\u00e4dg\u00e5rd &amp; Fritid<\/title>\n<meta name=\"robots\" content=\"index, follow, max-snippet:-1, max-image-preview:large, max-video-preview:-1\" \/>\n<link rel=\"canonical\" href=\"https:\/\/truusk.store\/sv\/produkt\/truusk-polyrattan-lounge-balkongmobel-3-delad-set-for-2-personer-vaderbestandig-tradgardslounge-gra\/\" \/>\n<meta property=\"og:locale\" content=\"sv_SE\" \/>\n<meta property=\"og:type\" content=\"article\" \/>\n<meta property=\"og:title\" content=\"TRUUSK Polyrattan Lounge Balkongm\u00f6bel - 3-delad Set f\u00f6r 2 Personer - V\u00e4derbest\u00e4ndig Tr\u00e4dg\u00e5rdslounge - Gr\u00e5 - TRUUSK - Hem, Tr\u00e4dg\u00e5rd &amp; Fritid\" \/>\n<meta property=\"og:description\" content=\"Upplev tjusningen med att \u00e4ta utomhus med TRUUSK Polyrattan tr\u00e4dg\u00e5rdsm\u00f6belset. Detta terrassm\u00f6belset f\u00f6r tr\u00e4dg\u00e5rden presenterar sig i en handv\u00e4vd rep-rattandesign,...\" \/>\n<meta property=\"og:url\" content=\"https:\/\/truusk.store\/sv\/produkt\/truusk-polyrattan-lounge-balkongmobel-3-delad-set-for-2-personer-vaderbestandig-tradgardslounge-gra\/\" \/>\n<meta property=\"og:site_name\" content=\"TRUUSK - Hem, Tr\u00e4dg\u00e5rd &amp; Fritid\" \/>\n<meta property=\"article:modified_time\" content=\"2026-03-12T07:40:59+00:00\" \/>\n<meta property=\"og:image\" content=\"https:\/\/i0.wp.com\/truusk.se\/wp-content\/uploads\/2025\/06\/polyrattan-tradgardsmobelset-utomhus-lounge-balkongmobler-for-2-personer-3-delad-sittgrupp-med-2-stapelbara-stolar-bord-vaderbestandig-tradgardslounge-for-tradgard-terrass-balkong-gra-1.webp?fit=2000%2C2000&ssl=1\" \/>\n\t<meta property=\"og:image:width\" content=\"2000\" \/>\n\t<meta property=\"og:image:height\" content=\"2000\" \/>\n\t<meta property=\"og:image:type\" content=\"image\/webp\" \/>\n<meta name=\"twitter:card\" content=\"summary_large_image\" \/>\n<meta name=\"twitter:label1\" content=\"Ber\u00e4knad l\u00e4stid\" \/>\n\t<meta name=\"twitter:data1\" content=\"1 minut\" \/>\n<!-- \/ Yoast SEO plugin. -->","yoast_head_json":{"title":"TRUUSK Polyrattan Lounge Balkongm\u00f6bel - 3-delad Set f\u00f6r 2 Personer - V\u00e4derbest\u00e4ndig Tr\u00e4dg\u00e5rdslounge - Gr\u00e5 - TRUUSK - Hem, Tr\u00e4dg\u00e5rd &amp; Fritid","robots":{"index":"index","follow":"follow","max-snippet":"max-snippet:-1","max-image-preview":"max-image-preview:large","max-video-preview":"max-video-preview:-1"},"canonical":"https:\/\/truusk.store\/sv\/produkt\/truusk-polyrattan-lounge-balkongmobel-3-delad-set-for-2-personer-vaderbestandig-tradgardslounge-gra\/","og_locale":"sv_SE","og_type":"article","og_title":"TRUUSK Polyrattan Lounge Balkongm\u00f6bel - 3-delad Set f\u00f6r 2 Personer - V\u00e4derbest\u00e4ndig Tr\u00e4dg\u00e5rdslounge - Gr\u00e5 - TRUUSK - Hem, Tr\u00e4dg\u00e5rd &amp; Fritid","og_description":"Upplev tjusningen med att \u00e4ta utomhus med TRUUSK Polyrattan tr\u00e4dg\u00e5rdsm\u00f6belset. Detta terrassm\u00f6belset f\u00f6r tr\u00e4dg\u00e5rden presenterar sig i en handv\u00e4vd rep-rattandesign,...","og_url":"https:\/\/truusk.store\/sv\/produkt\/truusk-polyrattan-lounge-balkongmobel-3-delad-set-for-2-personer-vaderbestandig-tradgardslounge-gra\/","og_site_name":"TRUUSK - Hem, Tr\u00e4dg\u00e5rd &amp; Fritid","article_modified_time":"2026-03-12T07:40:59+00:00","og_image":[{"width":2000,"height":2000,"url":"https:\/\/i0.wp.com\/truusk.se\/wp-content\/uploads\/2025\/06\/polyrattan-tradgardsmobelset-utomhus-lounge-balkongmobler-for-2-personer-3-delad-sittgrupp-med-2-stapelbara-stolar-bord-vaderbestandig-tradgardslounge-for-tradgard-terrass-balkong-gra-1.webp?fit=2000%2C2000&ssl=1","type":"image\/webp"}],"twitter_card":"summary_large_image","twitter_misc":{"Ber\u00e4knad l\u00e4stid":"1 minut"},"schema":{"@context":"https:\/\/schema.org","@graph":[{"@type":"WebPage","@id":"https:\/\/truusk.store\/sv\/produkt\/truusk-polyrattan-lounge-balkongmobel-3-delad-set-for-2-personer-vaderbestandig-tradgardslounge-gra\/","url":"https:\/\/truusk.store\/sv\/produkt\/truusk-polyrattan-lounge-balkongmobel-3-delad-set-for-2-personer-vaderbestandig-tradgardslounge-gra\/","name":"TRUUSK Polyrattan Lounge Balkongm\u00f6bel - 3-delad Set f\u00f6r 2 Personer - V\u00e4derbest\u00e4ndig Tr\u00e4dg\u00e5rdslounge - Gr\u00e5 - TRUUSK - Hem, Tr\u00e4dg\u00e5rd &amp; Fritid","isPartOf":{"@id":"https:\/\/truusk.store\/sv\/#website"},"primaryImageOfPage":{"@id":"https:\/\/truusk.store\/sv\/produkt\/truusk-polyrattan-lounge-balkongmobel-3-delad-set-for-2-personer-vaderbestandig-tradgardslounge-gra\/#primaryimage"},"image":{"@id":"https:\/\/truusk.store\/sv\/produkt\/truusk-polyrattan-lounge-balkongmobel-3-delad-set-for-2-personer-vaderbestandig-tradgardslounge-gra\/#primaryimage"},"thumbnailUrl":"https:\/\/i0.wp.com\/truusk.store\/wp-content\/uploads\/2025\/06\/polyrattan-tradgardsmobelset-utomhus-lounge-balkongmobler-for-2-personer-3-delad-sittgrupp-med-2-stapelbara-stolar-bord-vaderbestandig-tradgardslounge-for-tradgard-terrass-balkong-gra-1.webp?fit=2000%2C2000&ssl=1","datePublished":"2025-06-06T02:33:51+00:00","dateModified":"2026-03-12T07:40:59+00:00","breadcrumb":{"@id":"https:\/\/truusk.store\/sv\/produkt\/truusk-polyrattan-lounge-balkongmobel-3-delad-set-for-2-personer-vaderbestandig-tradgardslounge-gra\/#breadcrumb"},"inLanguage":"sv-SE","potentialAction":[{"@type":"ReadAction","target":["https:\/\/truusk.store\/sv\/produkt\/truusk-polyrattan-lounge-balkongmobel-3-delad-set-for-2-personer-vaderbestandig-tradgardslounge-gra\/"]}]},{"@type":"ImageObject","inLanguage":"sv-SE","@id":"https:\/\/truusk.store\/sv\/produkt\/truusk-polyrattan-lounge-balkongmobel-3-delad-set-for-2-personer-vaderbestandig-tradgardslounge-gra\/#primaryimage","url":"https:\/\/i0.wp.com\/truusk.store\/wp-content\/uploads\/2025\/06\/polyrattan-tradgardsmobelset-utomhus-lounge-balkongmobler-for-2-personer-3-delad-sittgrupp-med-2-stapelbara-stolar-bord-vaderbestandig-tradgardslounge-for-tradgard-terrass-balkong-gra-1.webp?fit=2000%2C2000&ssl=1","contentUrl":"https:\/\/i0.wp.com\/truusk.store\/wp-content\/uploads\/2025\/06\/polyrattan-tradgardsmobelset-utomhus-lounge-balkongmobler-for-2-personer-3-delad-sittgrupp-med-2-stapelbara-stolar-bord-vaderbestandig-tradgardslounge-for-tradgard-terrass-balkong-gra-1.webp?fit=2000%2C2000&ssl=1","width":2000,"height":2000},{"@type":"BreadcrumbList","@id":"https:\/\/truusk.store\/sv\/produkt\/truusk-polyrattan-lounge-balkongmobel-3-delad-set-for-2-personer-vaderbestandig-tradgardslounge-gra\/#breadcrumb","itemListElement":[{"@type":"ListItem","position":1,"name":"Home","item":"https:\/\/truusk.store\/sv\/"},{"@type":"ListItem","position":2,"name":"Shop","item":"https:\/\/truusk.store\/shop\/"},{"@type":"ListItem","position":3,"name":"TRUUSK Polyrattan Lounge Balkongm\u00f6bel &#8211; 3-delad Set f\u00f6r 2 Personer &#8211; V\u00e4derbest\u00e4ndig Tr\u00e4dg\u00e5rdslounge &#8211; Gr\u00e5"}]},{"@type":"WebSite","@id":"https:\/\/truusk.store\/sv\/#website","url":"https:\/\/truusk.store\/sv\/","name":"TRUUSK - Hem, Tr\u00e4dg\u00e5rd & Fritid","description":"","publisher":{"@id":"https:\/\/truusk.store\/sv\/#organization"},"potentialAction":[{"@type":"SearchAction","target":{"@type":"EntryPoint","urlTemplate":"https:\/\/truusk.store\/sv\/?s={search_term_string}"},"query-input":{"@type":"PropertyValueSpecification","valueRequired":true,"valueName":"search_term_string"}}],"inLanguage":"sv-SE"},{"@type":"Organization","@id":"https:\/\/truusk.store\/sv\/#organization","name":"TRUUSK - Hem, Tr\u00e4dg\u00e5rd & Fritid","url":"https:\/\/truusk.store\/sv\/","logo":{"@type":"ImageObject","inLanguage":"sv-SE","@id":"https:\/\/truusk.store\/sv\/#\/schema\/logo\/image\/","url":"https:\/\/i0.wp.com\/truusk.store\/wp-content\/uploads\/2026\/03\/cropped-TRUUSK.png?fit=2032%2C917&ssl=1","contentUrl":"https:\/\/i0.wp.com\/truusk.store\/wp-content\/uploads\/2026\/03\/cropped-TRUUSK.png?fit=2032%2C917&ssl=1","width":2032,"height":917,"caption":"TRUUSK - Hem, Tr\u00e4dg\u00e5rd & Fritid"},"image":{"@id":"https:\/\/truusk.store\/sv\/#\/schema\/logo\/image\/"}}]}},"jetpack_sharing_enabled":true,"_links":{"self":[{"href":"https:\/\/truusk.store\/sv\/wp-json\/wp\/v2\/product\/75285","targetHints":{"allow":["GET"]}}],"collection":[{"href":"https:\/\/truusk.store\/sv\/wp-json\/wp\/v2\/product"}],"about":[{"href":"https:\/\/truusk.store\/sv\/wp-json\/wp\/v2\/types\/product"}],"wp:featuredmedia":[{"embeddable":true,"href":"https:\/\/truusk.store\/sv\/wp-json\/wp\/v2\/media\/75274"}],"wp:attachment":[{"href":"https:\/\/truusk.store\/sv\/wp-json\/wp\/v2\/media?parent=75285"}],"wp:term":[{"taxonomy":"product_brand","embeddable":true,"href":"https:\/\/truusk.store\/sv\/wp-json\/wp\/v2\/product_brand?post=75285"},{"taxonomy":"product_cat","embeddable":true,"href":"https:\/\/truusk.store\/sv\/wp-json\/wp\/v2\/product_cat?post=75285"},{"taxonomy":"product_tag","embeddable":true,"href":"https:\/\/truusk.store\/sv\/wp-json\/wp\/v2\/product_tag?post=75285"}],"curies":[{"name":"wp","href":"https:\/\/api.w.org\/{rel}","templated":true}]}}